{"id":4633,"date":"2021-08-25T12:19:36","date_gmt":"2021-08-25T10:19:36","guid":{"rendered":"https:\/\/www.kaduk-bauelemente.de\/leistungen\/terrassendaecher-aus-holz-winsen-luhe\/"},"modified":"2021-08-25T12:19:36","modified_gmt":"2021-08-25T10:19:36","slug":"terrassendaecher-aus-holz-winsen-luhe","status":"publish","type":"page","link":"https:\/\/www.kaduk-bauelemente.de\/leistungen\/terrassendaecher-aus-holz-winsen-luhe\/","title":{"rendered":"Terrassend\u00e4cher aus Holz &#8211; Winsen Luhe"},"content":{"rendered":"<h3>Terrassend\u00e4cher aus Holz &#8211; eine gute Investition<\/h3>\n<p>Als erfahrenes Fachunternehmen \u00fcberzeugen uns auch Terrassend\u00e4cher aus Holz. Nat\u00fcrliches Material ist fraglos ein Merkmal f\u00fcr einen besonderen Stil. Den Vergleich zu Anfertigungen aus Stahl oder Alu muss ein Terrassendach aus Holz nicht scheuen. Angefertigt werden die \u00dcberdachungen aus Fichte. Eine exzellente Verleimungsqualit\u00e4t ist sichergestellt. Verarbeitet werden Stegdoppelplatten aus Plexiglas. Terrassend\u00e4cher aus Holz bieten Ihnen ein gro\u00dfes Ma\u00df an Komfort und Schutz.<\/p>\n<p>Terrassend\u00e4cher geben einem Wohn- oder Gesch\u00e4ftshaus einen ganz au\u00dfergew\u00f6hnlichen Charme. Unter Terrassend\u00e4chern sitzt man sicher und komfortabel und kann auch bei nassem Wetter eine sch\u00f6ne Zeit an der frischen Luft verbringen. Terrassend\u00e4cher sch\u00fctzen vor schlechtem Wetter und laden daher zum unbeschwertem Aufenthalt ein. Alle Produkte aus unserem Katalog sind platzsparend und sehr stabil. Terrassend\u00e4cher aus Holz bieten au\u00dferdem immer auch ein gro\u00dfes Ma\u00df an Komfort und Sicherheit. <\/p>\n<h3>Wir informieren Sie \u00fcber Terrassend\u00e4cher aus Holz!<\/h3>\n<p>Terrassend\u00e4cher sind auf keinen Fall nur ein simpler Wetterschutz. Sie werden erleben, dass Terrassend\u00e4cher ein Hauptkriterium f\u00fcr die intensivere Nutzung der Gartenanlage sind. Wir d\u00fcrfen Ihnen schon vorab sagen, dass Sie bis in den Sp\u00e4therbst hinein viel Spa\u00df an Ihrer Terrasse haben werden. Terrassend\u00e4cher erh\u00f6hen einfach die Lebensqualit\u00e4t. Und au\u00dferdem werden auch Ihre M\u00f6bel optimal vor belastenden Wetterbedingungen gesch\u00fctzt. Je nach Gr\u00f6\u00dfe und Beschaffenheit der zu \u00fcberdachenden Bereiche sind unterschiedliche Terrassend\u00e4cher aus Holz erh\u00e4ltlich. Und je nach pers\u00f6nlichem Geschmack darf unter diversen Konstruktionen gew\u00e4hlt werden. In unserem Ausstellungsraum zeigen wir Ihnen montags bis freitags zwischen 9.00 und 18.00 Uhr sowie samstags zwischen 9:00 und 13:00 Uhr eine gro\u00dfe Anzahl von L\u00f6sungsm\u00f6glichkeiten.<\/p>\n","protected":false},"excerpt":{"rendered":"<p>Terrassend\u00e4cher aus Holz &#8211; eine gute Investition Als erfahrenes Fachunternehmen \u00fcberzeugen uns auch Terrassend\u00e4cher aus Holz. Nat\u00fcrliches Material ist fraglos ein Merkmal f\u00fcr einen besonderen Stil. Den Vergleich zu Anfertigungen aus Stahl oder Alu muss ein Terrassendach aus Holz nicht scheuen. Angefertigt werden die \u00dcberdachungen aus Fichte. Eine exzellente Verleimungsqualit\u00e4t ist sichergestellt. Verarbeitet werden Stegdoppelplatten [&hellip;]<\/p>\n","protected":false},"author":1,"featured_media":0,"parent":0,"menu_order":0,"comment_status":"closed","ping_status":"closed","template":"","meta":{"footnotes":""},"class_list":["post-4633","page","type-page","status-publish","hentry"],"meta_box":{"popseo_subtitel":"Kaduk Bauelemente ist Ihr Spezialist f\u00fcr Terrassend\u00e4cher aus Holz in Winsen Luhe","popseo_subtitel2":"Terrassend\u00e4cher aus Holz - eine vorteilhafte Sache!","popseo_lasttitel":"Terrassend\u00e4cher aus Holz: Wir beantworten Ihre Fragen!","popseo_region":"Winsen Luhe","popseo_sachwort":"Terrassend\u00e4cher aus Holz","popseo_noupdate":"","popseo_einleitungstext":"<p>Die Firma Dirk Kaduk Bauelemente ist Ihr erfahrener und qualifizierter Fachbetrieb f\u00fcr Sicherheit und Sonnenschutz im Norden. Mit unserem Firmenstandort in Adendorf bei L\u00fcneburg decken wir ein geografisch gro\u00dfes Gebiet ab. Bei uns bekommen Sie qualitativ hochwertige Bauelemente in erstaunlich gro\u00dfer Auswahl. Zu unserem Produktsortiment z\u00e4hlen u.a. T\u00fcren, Fenster, Au\u00dfenjalousien, Rolltore, Terrassend\u00e4cher, Markisen, Rolll\u00e4den und Carports. Nat\u00fcrlich erledigen wir auch alle damit verbundenen Montage- und Reparaturarbeiten f\u00fcr Sie. Auf unserer Homepage finden Sie unser komplettes Dienstleistungs- und Produktportfolio detailliert beschrieben. Fachgerecht und kompetent beraten wir Sie \u00fcber Ihre M\u00f6glichkeiten und f\u00fchren alle anfallenden Arbeiten gewissenhaft und mit Sachverstand aus - so wie Sie es von einem spezialisierten Fachbetrieb erwarten k\u00f6nnen.<\/p>","popseo_schlusstext":"<p>Gerne informieren wir Sie n\u00e4her \u00fcber unser Produkt- und Leistungsprogramm. Wir nennen Ihnen mit Vergn\u00fcgen auch einige Projekte, die Ihnen einen Einblick in unsere Arbeit geben.<br \/>\nWir sind f\u00fcr Sie da. Rufen Sie uns doch einfach einmal an oder senden Sie uns eine schnelle E-Mail. Wir freuen uns auf den Kontakt zu Ihnen.<\/p>","popseo_stadttext":"<h3>Unser Leistungsprogramm f\u00fcr Kunden aus Winsen (Luhe)<\/h3>\n<p>Winsen (Luhe) ist eine Stadt aus der Metropolregion Hamburg. Die Kreisstadt des Landkreises Harburg hat 32.000 Anwohner und streckt sich \u00fcber eine Fl\u00e4che von 109 qkm. Winsen (Luhe) ist sehr gut gelegen. In die norddeutsche Metropole Hamburg sind es nur gut 30 km, L\u00fcneburg erreicht man schon nach rund 20 Kilometern. Winsen (Luhe) besteht in der heutigen Struktur seit dem Jahre 1972. Seinerzeit wurden 13 selbstst\u00e4ndige Orte zur Gesamtgemeinde Winsen (Luhe) zusammengef\u00fchrt.  <\/p>\n<p>Durch unsere Vertriebst\u00e4tigkeit haben wir uns einen sehr guten \u00dcberblick \u00fcber die Stadtarchitektur der St\u00e4dte und Gemeinden unseres Einzugsbereiches machen k\u00f6nnen. Nat\u00fcrlich geh\u00f6rt auch Winsen (Luhe) zu unserem unmittelbaren Wirkungskreis. Wir freuen uns darauf, mit Ihnen in Kontakt zu treten. <\/p>\n<h3>Ein paar Hintergrundinformationen zu Winsen (Luhe)<\/h3>\n<p>Obwohl Winsen (Luhe) zweifelsfrei als eine Pendlerstadt gelten darf, ist das mittelstandsgepr\u00e4gte Wirtschaftsleben \u00fcberraschend. Zahllose Firmen unter anderem aus den Bereichen Maschinenbau, Pharma, Logistik und Bauwesen haben sich in Winsen (Luhe) angesiedelt. Wer von den B\u00fcrgern aus Winsen (Luhe) nicht in einer Firma seiner Heimatstadt arbeitet, pendelt in aller Regel nach Hamburg. Mit dem Auto f\u00e4hrt man \u00fcber die Autobahn A39 nach Winsen (Luhe). Die Schnellstra\u00dfe ist mit der A7 und der A1 verbunden. Wer die Eisenbahn vorzieht, erreicht Winsen (Luhe) \u00fcber die Streckenverbindung Hannover-Hamburg. Dar\u00fcber hinaus bietet der Metronom eine viel genutzte Regionallinie an. <\/p>\n<h3>Winsen (Luhe) \u2013 Stadt mit Herz<\/h3>\n<p>Menschen, die das etwas \u00fcberschaubarere Leben in einer kleinen Gemeinde der Unruhe einer Gro\u00dfstadt vorziehen, finden in Winsen (Luhe) wunderbare Bedingungen vor. Die Infrastruktur in Winsen (Luhe) haut hin! Sehr gute Shoppingm\u00f6glichkeiten, ein \u00fcppiges Sport- und Freizeitangebot und eine herrliche Umgebung sind Pluspunkte, die Winsen (Luhe) auf der Habenseite verbuchen kann. Auch Familien sch\u00e4tzen die Stadt: S\u00e4mtliche Schularten und eine befriedigende Anzahl an Kitas stehen in Winsen (Luhe) zur Verf\u00fcgung. <\/p>\n<h4>Privat- und Gesch\u00e4ftskunden aus Winsen (Luhe) sch\u00e4tzen unsere Leistungen!<\/h4>\n<p>Klasse, dass Sie uns hier auf dieser Website entdeckt haben. Wenn Sie eine erfahrene Fachfirma ben\u00f6tigen, sind Sie bei uns richtig. Sie m\u00f6chten mehr \u00fcber uns erfahren? F\u00fcr R\u00fcckfragen stehen wir Ihnen jederzeit zur Verf\u00fcgung. Auf den Kontakt zu Ihnen freuen wir uns.<\/p>","popseo_zusatztext":"<h3>Tradition und Erfahrung zeichnen unseren Fachbetrieb aus<\/h3>\n<p>Vertrauen Sie bei Sicherheit und Sonnenschutz auf jeden Fall auf die fachspezifische Leistung vom Fachbetrieb. Nur ein Fachbetrieb kennt die Tricks und Tipps, wie man zu einem \u00fcberzeugenden Ergebnis kommt. Um sich mit Fug und Recht als Fachbetrieb bezeichnen zu d\u00fcrfen, bedarf es einer qualifizierten Ausbildung der Mitarbeiter und einer jahrelangen Fachkenntnis.  <\/p>\n<p>Unsere Firma empfiehlt sich als Ihr sachkundiger Fachbetrieb f\u00fcr Sicherheit und Sonnenschutz. Setzen Sie auf Qualit\u00e4t und schenken Sie unserem Fachbetrieb Ihr Vertrauen. Wir bieten Ihnen u.a. hervorragende Rolll\u00e4den und Markisen und legen h\u00f6chsten Wert auf einen indivduellen Service. Schon seit vielen Jahren sind wir fachkundiger Fachbetrieb f\u00fcr Terrassend\u00e4cher, Au\u00dfenjalousien, Rolll\u00e4den im Raum L\u00fcneburg. Es ist uns ein Anliegen, dass Sie lange Jahre viel Freude an Ihrem Sicht und Sonnenschutz haben. Von einem Fachbetrieb d\u00fcrfen Sie ohne Frage eine fehlerfreie Top-Leistung erwarten.<\/p>\n<h3>Ein Fachbetrieb wei\u00df Rat!<\/h3>\n<p>Als Fachbetrieb darf sich eine Firma bezeichnen, deren Mitarbeiter \u00fcber dokumentierte Qualifikationen verf\u00fcgen. Dies ist unter anderem eine entsprechende Ausbildung oder ein Meisterbrief. Auch zeichnet eine langj\u00e4hrige praktische Erfahrung einen Fachbetrieb aus. Bereits seit vielen Jahren konzentrieren wir uns als spezialisiertes Unternehmen auf Sicherheit und Sonnenschutz von Geb\u00e4uden. In diesen langen Jahren haben wir uns die Bezeichnung Fachbetrieb redlich erarbeitet. Wir benutzen lediglich hochwertige Produkte. Hierbei achten wir immer auf ein angemessenes Preis-Leistungsverh\u00e4ltnis. Unser Versprechen als Fachbetrieb: Wir bieten Ihnen 1a-Qualit\u00e4t zu einem sehr guten Preis.<\/p>","popseo_links":"<a href=\"https:\/\/www.kaduk-bauelemente.de\/leistungen\/garagen-hanstedt\/\">Garagen Hanstedt<\/a>, <a href=\"https:\/\/www.kaduk-bauelemente.de\/leistungen\/terrassendaecher-aus-aluminium-adendorf\/\">Terrassend\u00e4cher aus Aluminium Adendorf<\/a>, <a href=\"https:\/\/www.kaduk-bauelemente.de\/leistungen\/terrassendaecher-aus-holz-seevetal-rosengarten\/\">Terrassend\u00e4cher aus Holz Seevetal Rosengarten<\/a>, <a href=\"https:\/\/www.kaduk-bauelemente.de\/leistungen\/garagen-bergedorf-wentorf\/\">Garagen Bergedorf Wentorf<\/a>, <a href=\"https:\/\/www.kaduk-bauelemente.de\/leistungen\/tueren-jesteburg\/\">T\u00fcren Jesteburg<\/a>, <a href=\"https:\/\/www.kaduk-bauelemente.de\/leistungen\/fenster-reinbek-glinde\/\">Fenster Reinbek Glinde<\/a>, <a href=\"https:\/\/www.kaduk-bauelemente.de\/leistungen\/zaeune-reppenstedt\/\">Z\u00e4une Reppenstedt<\/a>, <a href=\"https:\/\/www.kaduk-bauelemente.de\/leistungen\/markisen-tostedt-sittensen\/\">Markisen Tostedt Sittensen<\/a>, <a href=\"https:\/\/www.kaduk-bauelemente.de\/leistungen\/zaeune-lueneburg\/\">Z\u00e4une L\u00fcneburg<\/a>, <a href=\"https:\/\/www.kaduk-bauelemente.de\/leistungen\/garagen-boizenburg\/\">Garagen Boizenburg<\/a>, <a href=\"https:\/\/www.kaduk-bauelemente.de\/leistungen\/garagen-jesteburg\/\">Garagen Jesteburg<\/a>, <a href=\"https:\/\/www.kaduk-bauelemente.de\/leistungen\/zaeune-bispingen\/\">Z\u00e4une Bispingen<\/a>, <a href=\"https:\/\/www.kaduk-bauelemente.de\/leistungen\/garagen-harburg\/\">Garagen Harburg<\/a>, <a href=\"https:\/\/www.kaduk-bauelemente.de\/leistungen\/holzfenster-jesteburg\/\">Holzfenster Jesteburg<\/a>, <a href=\"https:\/\/www.kaduk-bauelemente.de\/leistungen\/holzfenster-boizenburg\/\">Holzfenster Boizenburg<\/a>, <a href=\"https:\/\/www.kaduk-bauelemente.de\/leistungen\/markisen-winsen-luhe\/\">Markisen Winsen Luhe<\/a>, <a href=\"https:\/\/www.kaduk-bauelemente.de\/leistungen\/sektionaltore-seevetal-rosengarten\/\">Sektionaltore Seevetal Rosengarten<\/a>, <a href=\"https:\/\/www.kaduk-bauelemente.de\/leistungen\/garagentore-lueneburg\/\">Garagentore L\u00fcneburg<\/a>, <a href=\"https:\/\/www.kaduk-bauelemente.de\/leistungen\/zaunbau-boizenburg\/\">Zaunbau Boizenburg<\/a>, <a href=\"https:\/\/www.kaduk-bauelemente.de\/leistungen\/zaeune-winsen-luhe\/\">Z\u00e4une Winsen Luhe<\/a>, <a href=\"https:\/\/www.kaduk-bauelemente.de\/leistungen\/kunststofffenster-jesteburg\/\">Kunststofffenster Jesteburg<\/a>, <a href=\"https:\/\/www.kaduk-bauelemente.de\/leistungen\/terrassenueberdachungen-aus-aluminium-lueneburg\/\">Terrassen\u00fcberdachungen aus Aluminium L\u00fcneburg<\/a>, <a href=\"https:\/\/www.kaduk-bauelemente.de\/leistungen\/zaeune-geesthacht\/\">Z\u00e4une Geesthacht<\/a>, <a href=\"https:\/\/www.kaduk-bauelemente.de\/leistungen\/rolllaeden-lueneburg\/\">Rolll\u00e4den L\u00fcneburg<\/a>, <a href=\"https:\/\/www.kaduk-bauelemente.de\/leistungen\/terrassenueberdachungen-aus-aluminium-herzogtum-lauenburg\/\">Terrassen\u00fcberdachungen aus Aluminium Herzogtum Lauenburg<\/a>, <a href=\"https:\/\/www.kaduk-bauelemente.de\/leistungen\/rolltore-amt-neuhaus\/\">Rolltore Amt Neuhaus<\/a>, <a href=\"https:\/\/www.kaduk-bauelemente.de\/leistungen\/rolltore-salzhausen\/\">Rolltore Salzhausen<\/a>, <a href=\"https:\/\/www.kaduk-bauelemente.de\/leistungen\/garagen-salzhausen\/\">Garagen Salzhausen<\/a>"},"_links":{"self":[{"href":"https:\/\/www.kaduk-bauelemente.de\/leistungen\/wp-json\/wp\/v2\/pages\/4633","targetHints":{"allow":["GET"]}}],"collection":[{"href":"https:\/\/www.kaduk-bauelemente.de\/leistungen\/wp-json\/wp\/v2\/pages"}],"about":[{"href":"https:\/\/www.kaduk-bauelemente.de\/leistungen\/wp-json\/wp\/v2\/types\/page"}],"author":[{"embeddable":true,"href":"https:\/\/www.kaduk-bauelemente.de\/leistungen\/wp-json\/wp\/v2\/users\/1"}],"replies":[{"embeddable":true,"href":"https:\/\/www.kaduk-bauelemente.de\/leistungen\/wp-json\/wp\/v2\/comments?post=4633"}],"version-history":[{"count":0,"href":"https:\/\/www.kaduk-bauelemente.de\/leistungen\/wp-json\/wp\/v2\/pages\/4633\/revisions"}],"wp:attachment":[{"href":"https:\/\/www.kaduk-bauelemente.de\/leistungen\/wp-json\/wp\/v2\/media?parent=4633"}],"curies":[{"name":"wp","href":"https:\/\/api.w.org\/{rel}","templated":true}]}}