{"id":4632,"date":"2021-08-25T12:19:36","date_gmt":"2021-08-25T10:19:36","guid":{"rendered":"https:\/\/www.kaduk-bauelemente.de\/leistungen\/terrassendaecher-aus-holz-uelzen\/"},"modified":"2021-08-25T12:19:36","modified_gmt":"2021-08-25T10:19:36","slug":"terrassendaecher-aus-holz-uelzen","status":"publish","type":"page","link":"https:\/\/www.kaduk-bauelemente.de\/leistungen\/terrassendaecher-aus-holz-uelzen\/","title":{"rendered":"Terrassend\u00e4cher aus Holz &#8211; Uelzen"},"content":{"rendered":"<h3>Wir beraten Sie \u00fcber Terrassend\u00e4cher aus Holz!<\/h3>\n<p>Als erfahrenes Fachunternehmen \u00fcberzeugen uns immer wieder auch Terrassend\u00e4cher aus Holz. Nat\u00fcrliches Material ist grunds\u00e4tzlich ein Merkmal f\u00fcr einen individuellen Stil. Den Vergleich zu Ausf\u00fchrungen aus Alu oder Stahl muss ein Terrassendach aus Holz nicht f\u00fcrchten. Hergestellt werden die \u00dcberdachungen aus Fichtenholz. Eine hohe Verleimungsqualit\u00e4t ist sichergestellt. Verarbeitet werden Stegdoppelplatten aus Plexiglas. Terrassend\u00e4cher aus Holz bieten ein gehobenes Ma\u00df an Luxus und Schutz.<\/p>\n<p>Terrassend\u00e4cher bescheren einem Wohn- oder Gesch\u00e4ftshaus einen ganz au\u00dfergew\u00f6hnlichen Charme. Unter Terrassend\u00e4chern sitzt man gesch\u00fctzt und komfortabel und kann auch bei Regenwetter eine sch\u00f6ne Zeit an der frischen Luft verbringen. Terrassend\u00e4cher sch\u00fctzen vor schlechtem Wetter und laden einfach zum Verweilen ein. Alle Produkte aus unserem Katalog sind raumsparend und sehr strapazierf\u00e4hig. Terrassend\u00e4cher aus Holz bieten au\u00dferdem immer auch ein gro\u00dfes Ma\u00df an Luxus und Schutz. <\/p>\n<h3>Terrassend\u00e4cher aus Holz f\u00fcr Ihre Immobilie<\/h3>\n<p>Terrassend\u00e4cher sind keineswegs nur ein simpler Regenschutz. Sie werden merken, dass Terrassend\u00e4cher ein Hauptkriterium f\u00fcr die h\u00e4ufigere Nutzung der Gartenanlage sind. Wir k\u00f6nnen Ihnen schon heute sagen, dass Sie bis in den Herbst hinein sehr viel Spa\u00df an Ihrer Terrasse haben werden. Terrassend\u00e4cher erh\u00f6hen schlichtweg die Zufriedenheit. Und au\u00dferdem werden auch Ihre Gartenm\u00f6bel ausgezeichnet vor schlechten Wetterverh\u00e4ltnissen gesch\u00fctzt. Je nach Gr\u00f6\u00dfe und Zustand der zu \u00fcberdachenden Bereiche sind verschiedene Terrassend\u00e4cher aus Holz vorhanden. Und je nach pers\u00f6nlichem Geschmack kann unter verschiedenen Ausf\u00fchrungen gew\u00e4hlt werden. In unserem Ausstellungsraum zeigen wir Ihnen von Montag bis Freitag zwischen 9.00 und 18.00 Uhr sowie samstags zwischen 9:00 und 13:00 Uhr eine Menge Umsetzungsm\u00f6glichkeiten.<\/p>\n","protected":false},"excerpt":{"rendered":"<p>Wir beraten Sie \u00fcber Terrassend\u00e4cher aus Holz! Als erfahrenes Fachunternehmen \u00fcberzeugen uns immer wieder auch Terrassend\u00e4cher aus Holz. Nat\u00fcrliches Material ist grunds\u00e4tzlich ein Merkmal f\u00fcr einen individuellen Stil. Den Vergleich zu Ausf\u00fchrungen aus Alu oder Stahl muss ein Terrassendach aus Holz nicht f\u00fcrchten. Hergestellt werden die \u00dcberdachungen aus Fichtenholz. Eine hohe Verleimungsqualit\u00e4t ist sichergestellt. Verarbeitet [&hellip;]<\/p>\n","protected":false},"author":1,"featured_media":0,"parent":0,"menu_order":0,"comment_status":"closed","ping_status":"closed","template":"","meta":{"footnotes":""},"class_list":["post-4632","page","type-page","status-publish","hentry"],"meta_box":{"popseo_subtitel":"Wir sind Ihr erfahrener Fachbetrieb f\u00fcr Terrassend\u00e4cher aus Holz im Raum Uelzen","popseo_subtitel2":"Terrassend\u00e4cher aus Holz - setzen Sie auf hochwertige L\u00f6sungen","popseo_lasttitel":"Terrassend\u00e4cher aus Holz: Sie haben Fragen? Dann melden Sie sich bei uns","popseo_region":"Uelzen","popseo_sachwort":"Terrassend\u00e4cher aus Holz","popseo_noupdate":"","popseo_einleitungstext":"<p>Sie wollen Ihre Gesch\u00e4fts- oder Wohnimmobilie mit modernen Bauelementen ausstatten lassen und m\u00f6chten sich \u00fcber unser Produkt- und Leistungsangebot informieren? Klasse, dann sind Sie auf dieser Seite goldrichtig. Unser Produktsortiment umfasst zum Beispiel Rolltore, Terrassend\u00e4cher, Markisen, T\u00fcren, Au\u00dfenjalousien, Fenster, Carports und Rolll\u00e4den. Als auf Sicherheit und Sonnenschutz fokussiertes Fachunternehmen \u00fcbernehmen wir sehr gerne auch Reparatur- und Montagearbeiten. Erfahren Sie auf dieser und den nachfolgenden Seiten mehr \u00fcber unser Unternehmen und dessen Angebot. \u00dcber Ihr Interesse freuen wir uns sehr.<\/p>","popseo_schlusstext":"<p>Auf Wunsch informieren wir Sie n\u00e4her \u00fcber unser Produkt- und T\u00e4tigkeitsspektrum. Wir pr\u00e4sentieren Ihnen mit Vergn\u00fcgen auch einige Referenzen, die Ihnen einen Einblick in unsere Unternehmenst\u00e4tigkeit geben.<br \/>\nVertrauen Sie auf das Urteil eines erfahrenen Fachbetriebes. Rufen Sie uns doch rasch einmal an oder senden Sie uns eine kurze E-Mail. Wir freuen uns auf Ihre Kontaktaufnahme.<\/p>","popseo_stadttext":"<h3>Wir freuen uns \u00fcber Anfragen aus Uelzen<\/h3>\n<p>Durch unsere Vertriebst\u00e4tigkeit haben wir uns einen sehr guten \u00dcberblick \u00fcber die Architektur der St\u00e4dte und Gemeinden unseres Einzugsbereiches erarbeiten k\u00f6nnen. Nat\u00fcrlich geh\u00f6rt auch Uelzen zu unserem unmittelbaren Vertriebsgebiet. Wir freuen uns darauf, mit Ihnen ins Gespr\u00e4ch zu treten. <\/p>\n<h3>Einige interessante Informationen \u00fcber Uelzen<\/h3>\n<p>Uelzen ist die Kreisstadt des nieders\u00e4chsischen Kreises Uelzen. In Summe leben 33.000 Einwohner in der zur Metropolregion Hamburg z\u00e4hlenden Stadt. Das Stadtgebiet umfasst eine Fl\u00e4che von ungef\u00e4hr 135 Quadratkilometer. St\u00e4dte in der n\u00e4heren Umgebung sind u.a. Bad Beversen, Ebstorf und Rosche. Geographisch befindet sich Uelzen am am s\u00fcdlichen Rand der L\u00fcneburger Heide. Die Stadt ist zwischen gro\u00dfen Naturparks wundersch\u00f6n gelegen. Neben der L\u00fcneburger Heide ist auch das Naturreservat Elbufer-Drawehn sowie das Naturschutzgebiet Nieders\u00e4chsische Elbtalaue von Uelzen aus schnell zu erreichen. Uelzen selbst liegt an der Ilmenau. Uelzen hat viele angenehm gelegene Wohnquartier. Die Stadt ist ein attraktiver Platz zum Wohnen und Arbeiten. Wer das eher \u00fcberschaubare Leben in einer kleineren Stadt bevorzugt, gleichwohl jedoch nicht auf die Vorteile der Gro\u00dfstadt verzichten m\u00f6chte, ist in Uelzen exakt richtig. <\/p>\n<h3>Uelzen hat Charme!<\/h3>\n<p>Die Stadt Uelzen gliedert sich in insgesamt 18 Ortsteile. Die Stadtarchitektur von Uelzen wird gepr\u00e4gt von zahlreichen Fachwerkgeb\u00e4uden, die dem Ort einen unbedingt als m\u00e4rchenhaft zu bezeichnenden Charme verleihen. Auch historische Bauwerke im Stil der Backsteingotik pr\u00e4gen die \u00e4u\u00dfere Erscheinung von Uelzen. Das Erkennungszeichen der Stadt ist das sogenannte \"Goldene Schiff\". Die Plastik befindet sich an der St. Marien-Kirche zu Uelzen. Wahrscheinlich stammt die Skulptur aus der Hansezeit. F\u00fcr Kunstliebhaber ist Uelzen nahezu eine Pilgerst\u00e4tte. Der K\u00fcnstler Friedensreich Hundertwasser gestaltete unmittelbar vor seinem Tod im Jahre 2000 den st\u00e4dtischen Bahnhof. Das auffallende Geb\u00e4ude tr\u00e4gt den Namen Hundertwasserbahnhof Uelzen.<\/p>\n<p>Die \u00d6konomie von Uelzen ist mittelstandsgepr\u00e4gt. Hauptfelder sind der Lebensmittelsektor und Unternehmen aus dem Dienstleistungsgewerbe. Die Wirtschaftsf\u00f6rderung der Stadt Uelzen muss als exzellent benannt werden. Um den Zuzug zus\u00e4tzlicher Firmen werben sich die Verantwortlichen im Rathaus erkennbar. Die wichtigsten Arbeitgeber in Uelzen sind die Nordzucker AG sowie die Uelzena AG. Der Konzern Nestl\u00e9 Schoeller betreibt in Uelzen ein Werk mit etwa 500 Besch\u00e4ftigten. <\/p>\n<h4>Privat- und Gesch\u00e4ftskunden aus Uelzen sch\u00e4tzen unsere Leistungen!<\/h4>\n<p>Sie leben in Uelzen und interessieren sich f\u00fcr unser Angebot. Prima, dass Sie uns hier auf dieser Website entdeckt haben. F\u00fcr R\u00fcckfragen sind wir jederzeit f\u00fcr Sie da. Unser engagiertes Team freut sich auf Sie.<\/p>","popseo_zusatztext":"<h3>Wir sind Fachbetrieb f\u00fcr Sicht- und Sonnenschutz<\/h3>\n<p>Setzen Sie in Sachen Sicherheit und Sonnenschutz auf jeden Fall auf die fachspezifische Leistung vom Fachbetrieb. Nur ein Fachbetrieb kennt die Alternativen, wie man zu einem sachgerechten Ergebnis kommt. Um sich mit Fug und Recht als Fachbetrieb zu titulieren, braucht man eine gute Ausbildung der Mitarbeiter und eine jahrelange Fachkenntnis.  <\/p>\n<p>Unser Fachbetrieb empfiehlt sich als Ihr sachkundiger Fachbetrieb f\u00fcr Sonnenschutz und Sicherheit. Setzen Sie auf Qualit\u00e4t und schenken Sie unserem Fachbetrieb Ihr Vertrauen. Wir bieten Ihnen u.a. schicke Markisen und Rolll\u00e4den und legen allerh\u00f6chsten Wert auf einen perfekten Service. Schon seit vielen Jahren sind wir spezialisierter Fachbetrieb f\u00fcr Terrassend\u00e4cher, Au\u00dfenjalousien, Rolll\u00e4den im Raum L\u00fcneburg. Es ist unser Bestreben, dass Sie viele Jahre viel Freude an Ihrem Sicht und Sonnenschutz haben. Von einem Fachbetrieb d\u00fcrfen Sie selbstverst\u00e4ndlich eine fehlerfreie Top-Leistung erwarten.<\/p>\n<h3>Dirk Kaduk Bauelemente \u2013 Ihr Fachbetrieb f\u00fcr Sicherheit und Sonnenschutz<\/h3>\n<p>Als Fachbetrieb darf sich ein Unternehmen bezeichnen, deren Angestellte \u00fcber nachweisbare Qualifikationen verf\u00fcgen. Dies ist u.a. eine entsprechende Ausbildung oder ein Meisterbrief. Au\u00dferdem zeichnet eine intensive praktische Erfahrung einen Fachbetrieb aus. Bereits seit vielen Jahren konzentrieren wir uns als spezialisiertes Unternehmen auf Sonnenschutz und Sicherheit von Wohn- und Gesch\u00e4ftsgeb\u00e4uden. In diesen langen Jahren haben wir uns die Bezeichnung Fachbetrieb redlich verdient. Wir verarbeiten ausnahmslos hochwertige Artikel. Hierbei achten wir immer auf ein sehr gutes Preis-Leistungsverh\u00e4ltnis. Unser Selbstverst\u00e4ndnis als Fachbetrieb: Wir bieten Ihnen 1a-Qualit\u00e4t zu einem sehr guten Preis.<\/p>","popseo_links":"<a href=\"https:\/\/www.kaduk-bauelemente.de\/leistungen\/raffstores-reinbek-glinde\/\">Raffstores Reinbek Glinde<\/a>, <a href=\"https:\/\/www.kaduk-bauelemente.de\/leistungen\/rollladen-schwarzenbek\/\">Rollladen Schwarzenbek<\/a>, <a href=\"https:\/\/www.kaduk-bauelemente.de\/leistungen\/raffstores-boizenburg\/\">Raffstores Boizenburg<\/a>, <a href=\"https:\/\/www.kaduk-bauelemente.de\/leistungen\/rollladen-harburg\/\">Rollladen Harburg<\/a>, <a href=\"https:\/\/www.kaduk-bauelemente.de\/leistungen\/holzfenster-jesteburg\/\">Holzfenster Jesteburg<\/a>, <a href=\"https:\/\/www.kaduk-bauelemente.de\/leistungen\/terrassendaecher-aus-holz-bispingen\/\">Terrassend\u00e4cher aus Holz Bispingen<\/a>, <a href=\"https:\/\/www.kaduk-bauelemente.de\/leistungen\/fenster-schwarzenbek\/\">Fenster Schwarzenbek<\/a>, <a href=\"https:\/\/www.kaduk-bauelemente.de\/leistungen\/carports-reinbek-glinde\/\">Carports Reinbek Glinde<\/a>, <a href=\"https:\/\/www.kaduk-bauelemente.de\/leistungen\/haustueren-harburg\/\">Haust\u00fcren Harburg<\/a>, <a href=\"https:\/\/www.kaduk-bauelemente.de\/leistungen\/fenster-buchholz\/\">Fenster Buchholz<\/a>, <a href=\"https:\/\/www.kaduk-bauelemente.de\/leistungen\/rollladen-adendorf\/\">Rollladen Adendorf<\/a>, <a href=\"https:\/\/www.kaduk-bauelemente.de\/leistungen\/haustueren-uelzen\/\">Haust\u00fcren Uelzen<\/a>, <a href=\"https:\/\/www.kaduk-bauelemente.de\/leistungen\/fliegengitter-winsen-luhe\/\">Fliegengitter Winsen Luhe<\/a>, <a href=\"https:\/\/www.kaduk-bauelemente.de\/leistungen\/fenster-buechen\/\">Fenster B\u00fcchen<\/a>, <a href=\"https:\/\/www.kaduk-bauelemente.de\/leistungen\/markisen-buchholz\/\">Markisen Buchholz<\/a>, <a href=\"https:\/\/www.kaduk-bauelemente.de\/leistungen\/markisen-reinbek-glinde\/\">Markisen Reinbek Glinde<\/a>, <a href=\"https:\/\/www.kaduk-bauelemente.de\/leistungen\/zaunbau-ebstorf\/\">Zaunbau Ebstorf<\/a>, <a href=\"https:\/\/www.kaduk-bauelemente.de\/leistungen\/tueren-harburg\/\">T\u00fcren Harburg<\/a>, <a href=\"https:\/\/www.kaduk-bauelemente.de\/leistungen\/holzfenster-reinbek-glinde\/\">Holzfenster Reinbek Glinde<\/a>, <a href=\"https:\/\/www.kaduk-bauelemente.de\/leistungen\/zaeune-harburg\/\">Z\u00e4une Harburg<\/a>, <a href=\"https:\/\/www.kaduk-bauelemente.de\/leistungen\/terrassendaecher-aus-aluminium-reinbek-glinde\/\">Terrassend\u00e4cher aus Aluminium Reinbek Glinde<\/a>, <a href=\"https:\/\/www.kaduk-bauelemente.de\/leistungen\/insektenschutz-winsen-luhe\/\">Insektenschutz Winsen Luhe<\/a>, <a href=\"https:\/\/www.kaduk-bauelemente.de\/leistungen\/carports-salzhausen\/\">Carports Salzhausen<\/a>, <a href=\"https:\/\/www.kaduk-bauelemente.de\/leistungen\/raffstores-hanstedt\/\">Raffstores Hanstedt<\/a>, <a href=\"https:\/\/www.kaduk-bauelemente.de\/leistungen\/fliegengitter-stelle\/\">Fliegengitter Stelle<\/a>, <a href=\"https:\/\/www.kaduk-bauelemente.de\/leistungen\/sektionaltore-bad-bevensen\/\">Sektionaltore Bad Bevensen<\/a>, <a href=\"https:\/\/www.kaduk-bauelemente.de\/leistungen\/fliegengitter-bienenbuettel\/\">Fliegengitter Bienenb\u00fcttel<\/a>, <a href=\"https:\/\/www.kaduk-bauelemente.de\/leistungen\/tueren-bad-bevensen\/\">T\u00fcren Bad Bevensen<\/a>"},"_links":{"self":[{"href":"https:\/\/www.kaduk-bauelemente.de\/leistungen\/wp-json\/wp\/v2\/pages\/4632","targetHints":{"allow":["GET"]}}],"collection":[{"href":"https:\/\/www.kaduk-bauelemente.de\/leistungen\/wp-json\/wp\/v2\/pages"}],"about":[{"href":"https:\/\/www.kaduk-bauelemente.de\/leistungen\/wp-json\/wp\/v2\/types\/page"}],"author":[{"embeddable":true,"href":"https:\/\/www.kaduk-bauelemente.de\/leistungen\/wp-json\/wp\/v2\/users\/1"}],"replies":[{"embeddable":true,"href":"https:\/\/www.kaduk-bauelemente.de\/leistungen\/wp-json\/wp\/v2\/comments?post=4632"}],"version-history":[{"count":0,"href":"https:\/\/www.kaduk-bauelemente.de\/leistungen\/wp-json\/wp\/v2\/pages\/4632\/revisions"}],"wp:attachment":[{"href":"https:\/\/www.kaduk-bauelemente.de\/leistungen\/wp-json\/wp\/v2\/media?parent=4632"}],"curies":[{"name":"wp","href":"https:\/\/api.w.org\/{rel}","templated":true}]}}