{"id":4631,"date":"2021-08-25T12:19:36","date_gmt":"2021-08-25T10:19:36","guid":{"rendered":"https:\/\/www.kaduk-bauelemente.de\/leistungen\/terrassendaecher-aus-holz-tostedt-sittensen\/"},"modified":"2021-08-25T12:19:36","modified_gmt":"2021-08-25T10:19:36","slug":"terrassendaecher-aus-holz-tostedt-sittensen","status":"publish","type":"page","link":"https:\/\/www.kaduk-bauelemente.de\/leistungen\/terrassendaecher-aus-holz-tostedt-sittensen\/","title":{"rendered":"Terrassend\u00e4cher aus Holz &#8211; Tostedt Sittensen"},"content":{"rendered":"<h3>Sch\u00f6ne Terrassend\u00e4cher aus Holz erh\u00f6hen den Wohnwert Ihrer Immobilie<\/h3>\n<p>Als routiniertes Fachunternehmen begeistern uns auch Terrassend\u00e4cher aus Holz. Nat\u00fcrliches Material ist ohne Frage ein Zeichen f\u00fcr einen individuellen Stil. Den Vergleich zu Konstruktionen aus Stahl oder Alu muss ein Terrassendach aus Holz nicht f\u00fcrchten. Angefertigt werden die \u00dcberdachungen aus Fichtenholz. Eine exzellente Verleimungsqualit\u00e4t ist selbstverst\u00e4ndlich gegeben. Verarbeitet werden Stegdoppelplatten aus Plexiglas. Terrassend\u00e4cher aus Holz bieten Ihnen ein sehr hohes Ma\u00df an Komfort und Sicherheit.<\/p>\n<p>Terrassend\u00e4cher bescheren einem Haus einen sehr besonderen Charme. Unter Terrassend\u00e4chern sitzt man sicher und gem\u00fctlich und kann auch bei nassem Wetter eine angenehme Zeit drau\u00dfen verbringen. Terrassend\u00e4cher sch\u00fctzen vor Regenwetter und laden einfach zum unbeschwertem Aufenthalt ein. S\u00e4mtliche Produkte aus unserem Sortiment sind platzsparend und sehr strapazierf\u00e4hig. Terrassend\u00e4cher aus Holz bieten au\u00dferdem immer auch ein gro\u00dfes Ma\u00df an Gem\u00fctlichkeit und Sicherheit. <\/p>\n<h3>Sie interessieren sich f\u00fcr Terrassend\u00e4cher aus Holz? Dann besuchen Sie unsere Ausstellung!<\/h3>\n<p>Terrassend\u00e4cher sind l\u00e4ngst nicht nur ein einfacher Wetterschutz. Sie werden sehen, dass Terrassend\u00e4cher ein Hauptkriterium f\u00fcr die h\u00e4ufigere Nutzung des Gartens sind. Wir k\u00f6nnen Ihnen schon jetzt sagen, dass Sie bis in den Herbst hinein viel Freude an Ihrer Terrasse haben werden. Terrassend\u00e4cher erh\u00f6hen schlichtweg die Lebensqualit\u00e4t. Und au\u00dferdem werden auch Ihre Gartenm\u00f6bel ausgezeichnet vor belastenden Wettereinfl\u00fcssen gesch\u00fctzt. Je nach Ausma\u00df und Zustand der zu \u00fcberdachenden Au\u00dfenbereiche sind unterschiedliche Terrassend\u00e4cher aus Holz vorhanden. Und je nach pers\u00f6nlichem Geschmack kann unter mehreren Konstruktionen gew\u00e4hlt werden. In unserer Ausstellung zeigen wir Ihnen von Montag bis Freitag in der Zeit von 9.00 und 18.00 Uhr sowie am Samstag in der Zeit von 9:00 und 13:00 Uhr eine Reihe von Umsetzungsm\u00f6glichkeiten.<\/p>\n","protected":false},"excerpt":{"rendered":"<p>Sch\u00f6ne Terrassend\u00e4cher aus Holz erh\u00f6hen den Wohnwert Ihrer Immobilie Als routiniertes Fachunternehmen begeistern uns auch Terrassend\u00e4cher aus Holz. Nat\u00fcrliches Material ist ohne Frage ein Zeichen f\u00fcr einen individuellen Stil. Den Vergleich zu Konstruktionen aus Stahl oder Alu muss ein Terrassendach aus Holz nicht f\u00fcrchten. Angefertigt werden die \u00dcberdachungen aus Fichtenholz. Eine exzellente Verleimungsqualit\u00e4t ist selbstverst\u00e4ndlich [&hellip;]<\/p>\n","protected":false},"author":1,"featured_media":0,"parent":0,"menu_order":0,"comment_status":"closed","ping_status":"closed","template":"","meta":{"footnotes":""},"class_list":["post-4631","page","type-page","status-publish","hentry"],"meta_box":{"popseo_subtitel":"Kaduk Bauelemente ist Ihr Partner f\u00fcr Terrassend\u00e4cher aus Holz in Tostedt Sittensen","popseo_subtitel2":"Terrassend\u00e4cher aus Holz - setzen Sie auf hochwertige L\u00f6sungen","popseo_lasttitel":"Terrassend\u00e4cher aus Holz: Unsere Mitarbeiter beantworten gerne Ihre Fragen","popseo_region":"Tostedt Sittensen","popseo_sachwort":"Terrassend\u00e4cher aus Holz","popseo_noupdate":"","popseo_einleitungstext":"<p>Wenn es um Sicherheit und Sonnenschutz geht, sind Sie bei der Firma Kaduk exakt an der richtigen Adresse. Seit Unternehmensgr\u00fcndung sind wir Ihre lokalen Spezialisten f\u00fcr qualitativ hochwertige Bauelemente. Zu unserem Produktangebot z\u00e4hlen zum Beispiel Rolltore, Markisen, Terrassend\u00e4cher, T\u00fcren, Au\u00dfenjalousien, Fenster, Rolll\u00e4den und Carports. Wir \u00fcbernehmen Montage- und Reparaturarbeiten und zeigen Ihnen, wie Sie Ihre Immobilie mit modernen Bauelementen ausr\u00fcsten k\u00f6nnen. Im Folgenden haben wir einige erste Informationen f\u00fcr Sie notiert.<\/p>","popseo_schlusstext":"<p>Sie ben\u00f6tigen einen Profi f\u00fcr hochwertige Sicherheits- und Sonnenschutzl\u00f6sungen. Dann melden Sie sich am besten noch heute bei uns. Wir freuen uns auf das Gespr\u00e4ch mit Ihnen. Wenn es um Bauelemente geht, sind wir Ihr verl\u00e4sslicher Handwerks- und Handelspartner. Wir stehen f\u00fcr hochwertige Produkte und eine einwandfrei ausgef\u00fchrte Arbeit nach dem immer neuesten Stand der Technik.<\/p>","popseo_stadttext":"<h3>Wir freuen uns \u00fcber zufriedene Kunden aus Sittensen und Tostedt<\/h3>\n<p>Durch unsere Vertriebst\u00e4tigkeit haben wir uns einen ausgezeichneten \u00dcberblick \u00fcber die Stadtarchitektur der Gemeinden und St\u00e4dte unseres Einzugsbereiches erarbeiten k\u00f6nnen. Nat\u00fcrlich geh\u00f6ren auch Tostedt und Sittensen zu unserem unmittelbaren Gesch\u00e4ftsgebiet. Wir freuen uns darauf, mit Ihnen ins Gespr\u00e4ch zu kommen. <\/p>\n<h3>Wissenswertes \u00fcber Tostedt und Sittensen<\/h3>\n<p>Wer in Tostedt lebt, wohnt in einem eher l\u00e4ndlichen Umfeld, ohne auf die Vorteile der nahen Gro\u00dfstadt Hamburg zu verzichten. Die Hansestadt ist nur wenige Kilometer entfernt. Als Wohnort bietet Tostedt gute Gr\u00fcnde f\u00fcr die rund 13.000 Anwohner. Tostedt begeistert durch seine attraktiven Wohnviertel. Wer gerne im Gr\u00fcnen lebt, jedoch urbanes Treiben sch\u00e4tzt, ist in Tostedt gut aufgehoben. Eine hervorragend entwickelte Infrastruktur mit abwechslungsreichen Einkaufsm\u00f6glichkeiten sowie  vielen Freizeit- und Sportm\u00f6glichkeiten, verleihen Tostedt eine sehr gute Wohn- und Lebensqualit\u00e4t. <\/p>\n<h3>Wir kennen uns aus in der Region!<\/h3>\n<p>Gerade einmal 20 Kilometer von Tostedt entfernt liegt der Ort Sittensen. Das St\u00e4dtchen geh\u00f6rt organisatorisch zum Landkreis Harburg. In Sittensen leben aktuell zirka 5.600 Menschen auf einem Gesamtareal von zirka 18 Quadratkilometern. Auch Sittensen gef\u00e4llt durch eine sch\u00f6ne Lage: Geografisch liegt Sittensen in der Zevener Geest, einem Landstrich am Elbe-Weser-Dreieck zwischen Bremen und Hamburg. <\/p>\n<p>Die liebenswerte Gemeinde ist Verwaltungssitz der Samtgemeinde Sittensen, einer Vereinigung von neun kleineren Orten, n\u00e4mlich Hamersen, Kalbe, Gro\u00df und Klein Meckelsen, Sittensen, Lengenbostel, Tiste, Vierden und Wohnste. Die Samtgemeinde z\u00e4hlt in Summe rund 11.000 B\u00fcrger und erstreckt sich \u00fcber eine Fl\u00e4che von etwas mehr als 138 Quadratkilometern. Als Wohnort verbindet Sittensen st\u00e4dtisches Leben mit dem Wohnen in der Provinz auf exemplarische Weise. Die beiden norddeutschen Metropolen Bremen und Hamburg sind von Sittensen aus in weniger als 45 Minuten erreichbar. <\/p>\n<h4>Unsere Leistung f\u00fcr qualit\u00e4tsbewusste Kunden aus Sittensen und Tostedt<\/h4>\n<p>Sie interessieren sich f\u00fcr unser Angebot und sind hier im World Wide Web auf unsere Homepage gesto\u00dfen? Dar\u00fcber freuen wir uns sehr. Gerne pr\u00e4sentieren wir Ihnen unser komplettes Leistungsspektrum und beantworten Ihre Fragen. Auf Ihre Anfragen freuen wir uns.<\/p>","popseo_zusatztext":"<h3>Wir sind Fachbetrieb f\u00fcr Sicht- und Sonnenschutz<\/h3>\n<p>Setzen Sie bei Sicherheit und Sonnenschutz unbedingt auf die fachspezifische Leistung vom Fachbetrieb. Nur ein Fachbetrieb kennt die Tipps und Tricks, wie man zu einem sachgerechten Ergebnis kommt. Um sich mit Fug und Recht als Fachbetrieb zu titulieren, braucht man eine gute Ausbildung der Mitarbeiter und eine jahrelange Erfahrung.  <\/p>\n<p>Unsere Firma empfiehlt sich als Ihr erfahrener Fachbetrieb f\u00fcr Sicherheit und Sonnenschutz. Setzen Sie auf Qualit\u00e4t und schenken Sie unserem Fachbetrieb Ihr Vertrauen. Wir bieten Ihnen unter anderem hochqualitative Markisen und Rolll\u00e4den und legen allerh\u00f6chsten Wert auf einen sehr guten Service. Schon seit vielen Jahren sind wir spezialisierter Fachbetrieb f\u00fcr Rolll\u00e4den, Markisen, Terrassend\u00e4cher und Au\u00dfenjalousien im Raum L\u00fcneburg. Es ist uns ein Anliegen, dass Sie lange viel Freude an Ihrem Sicht und Sonnenschutz haben. Von einem Fachbetrieb d\u00fcrfen Sie ohne Wenn und Aber eine absolute Top-Leistung erwarten.<\/p>\n<h3>Auf einen Fachbetrieb ist Verlass<\/h3>\n<p>Als Fachbetrieb darf sich ein Unternehmen bezeichnen, deren Mitarbeiter \u00fcber nachweisbare Qualifikationen verf\u00fcgen. Dies ist u.a. eine entsprechende Ausbildung oder ein Meisterbrief. Au\u00dferdem zeichnet eine intensive praktische Erfahrung einen Fachbetrieb aus. Schon seit vielen Jahren konzentrieren wir uns als spezialisiertes Unternehmen auf Sonnenschutz und Sicherheit von H\u00e4usern. In diesen langen Jahren haben wir uns das Attribut Fachbetrieb fraglos verdient. Wir verwenden ausnahmslos hochwertige Materialien. Dabei achten wir immer auf ein faires Preis-Leistungsverh\u00e4ltnis. Unser Versprechen als Fachbetrieb: Wir bieten Ihnen hervorragende Qualit\u00e4t zu einem erstaunlichen Preis.<\/p>","popseo_links":"<a href=\"https:\/\/www.kaduk-bauelemente.de\/leistungen\/rolltore-stelle\/\">Rolltore Stelle<\/a>, <a href=\"https:\/\/www.kaduk-bauelemente.de\/leistungen\/fliegengitter-tostedt-sittensen\/\">Fliegengitter Tostedt Sittensen<\/a>, <a href=\"https:\/\/www.kaduk-bauelemente.de\/leistungen\/fenster-harburg\/\">Fenster Harburg<\/a>, <a href=\"https:\/\/www.kaduk-bauelemente.de\/leistungen\/raffstores-ebstorf\/\">Raffstores Ebstorf<\/a>, <a href=\"https:\/\/www.kaduk-bauelemente.de\/leistungen\/rolllaeden-boizenburg\/\">Rolll\u00e4den Boizenburg<\/a>, <a href=\"https:\/\/www.kaduk-bauelemente.de\/leistungen\/rollladen-maschen\/\">Rollladen Maschen<\/a>, <a href=\"https:\/\/www.kaduk-bauelemente.de\/leistungen\/fenster-maschen\/\">Fenster Maschen<\/a>, <a href=\"https:\/\/www.kaduk-bauelemente.de\/leistungen\/markisen-bergedorf-wentorf\/\">Markisen Bergedorf Wentorf<\/a>, <a href=\"https:\/\/www.kaduk-bauelemente.de\/leistungen\/terrassenueberdachungen-aus-holz-bardowick\/\">Terrassen\u00fcberdachungen aus Holz Bardowick<\/a>, <a href=\"https:\/\/www.kaduk-bauelemente.de\/leistungen\/tueren-buechen\/\">T\u00fcren B\u00fcchen<\/a>, <a href=\"https:\/\/www.kaduk-bauelemente.de\/leistungen\/markisen-harburg\/\">Markisen Harburg<\/a>, <a href=\"https:\/\/www.kaduk-bauelemente.de\/leistungen\/raffstores-geesthacht\/\">Raffstores Geesthacht<\/a>, <a href=\"https:\/\/www.kaduk-bauelemente.de\/leistungen\/tueren-boizenburg\/\">T\u00fcren Boizenburg<\/a>, <a href=\"https:\/\/www.kaduk-bauelemente.de\/leistungen\/terrassenueberdachungen-aus-holz-reinbek-glinde\/\">Terrassen\u00fcberdachungen aus Holz Reinbek Glinde<\/a>, <a href=\"https:\/\/www.kaduk-bauelemente.de\/leistungen\/zaunbau-lueneburg\/\">Zaunbau L\u00fcneburg<\/a>, <a href=\"https:\/\/www.kaduk-bauelemente.de\/leistungen\/terrassenueberdachungen-aus-aluminium-ebstorf\/\">Terrassen\u00fcberdachungen aus Aluminium Ebstorf<\/a>, <a href=\"https:\/\/www.kaduk-bauelemente.de\/leistungen\/terrassenueberdachungen-aus-aluminium-adendorf\/\">Terrassen\u00fcberdachungen aus Aluminium Adendorf<\/a>, <a href=\"https:\/\/www.kaduk-bauelemente.de\/leistungen\/sektionaltore-uelzen\/\">Sektionaltore Uelzen<\/a>, <a href=\"https:\/\/www.kaduk-bauelemente.de\/leistungen\/haustueren-salzhausen\/\">Haust\u00fcren Salzhausen<\/a>, <a href=\"https:\/\/www.kaduk-bauelemente.de\/leistungen\/markisen-bad-bevensen\/\">Markisen Bad Bevensen<\/a>, <a href=\"https:\/\/www.kaduk-bauelemente.de\/leistungen\/terrassenueberdachungen-aus-holz-bienenbuettel\/\">Terrassen\u00fcberdachungen aus Holz Bienenb\u00fcttel<\/a>, <a href=\"https:\/\/www.kaduk-bauelemente.de\/leistungen\/garagentore-buechen\/\">Garagentore B\u00fcchen<\/a>, <a href=\"https:\/\/www.kaduk-bauelemente.de\/leistungen\/rolltore-uelzen\/\">Rolltore Uelzen<\/a>, <a href=\"https:\/\/www.kaduk-bauelemente.de\/leistungen\/sektionaltore-herzogtum-lauenburg\/\">Sektionaltore Herzogtum Lauenburg<\/a>, <a href=\"https:\/\/www.kaduk-bauelemente.de\/leistungen\/fenster-stelle\/\">Fenster Stelle<\/a>, <a href=\"https:\/\/www.kaduk-bauelemente.de\/leistungen\/terrassendaecher-aus-aluminium-salzhausen\/\">Terrassend\u00e4cher aus Aluminium Salzhausen<\/a>, <a href=\"https:\/\/www.kaduk-bauelemente.de\/leistungen\/terrassendaecher-aus-holz-jesteburg\/\">Terrassend\u00e4cher aus Holz Jesteburg<\/a>, <a href=\"https:\/\/www.kaduk-bauelemente.de\/leistungen\/aussenjalousien-ebstorf\/\">Au\u00dfenjalousien Ebstorf<\/a>"},"_links":{"self":[{"href":"https:\/\/www.kaduk-bauelemente.de\/leistungen\/wp-json\/wp\/v2\/pages\/4631","targetHints":{"allow":["GET"]}}],"collection":[{"href":"https:\/\/www.kaduk-bauelemente.de\/leistungen\/wp-json\/wp\/v2\/pages"}],"about":[{"href":"https:\/\/www.kaduk-bauelemente.de\/leistungen\/wp-json\/wp\/v2\/types\/page"}],"author":[{"embeddable":true,"href":"https:\/\/www.kaduk-bauelemente.de\/leistungen\/wp-json\/wp\/v2\/users\/1"}],"replies":[{"embeddable":true,"href":"https:\/\/www.kaduk-bauelemente.de\/leistungen\/wp-json\/wp\/v2\/comments?post=4631"}],"version-history":[{"count":0,"href":"https:\/\/www.kaduk-bauelemente.de\/leistungen\/wp-json\/wp\/v2\/pages\/4631\/revisions"}],"wp:attachment":[{"href":"https:\/\/www.kaduk-bauelemente.de\/leistungen\/wp-json\/wp\/v2\/media?parent=4631"}],"curies":[{"name":"wp","href":"https:\/\/api.w.org\/{rel}","templated":true}]}}