{"id":4628,"date":"2021-08-25T12:19:25","date_gmt":"2021-08-25T10:19:25","guid":{"rendered":"https:\/\/www.kaduk-bauelemente.de\/leistungen\/terrassendaecher-aus-holz-schwarzenbek\/"},"modified":"2021-08-25T12:19:25","modified_gmt":"2021-08-25T10:19:25","slug":"terrassendaecher-aus-holz-schwarzenbek","status":"publish","type":"page","link":"https:\/\/www.kaduk-bauelemente.de\/leistungen\/terrassendaecher-aus-holz-schwarzenbek\/","title":{"rendered":"Terrassend\u00e4cher aus Holz &#8211; Schwarzenbek"},"content":{"rendered":"<h3>Terrassend\u00e4cher aus Holz &#8211; eine gute Investition<\/h3>\n<p>Als erfahrenes Unternehmen \u00fcberzeugen uns auch Terrassend\u00e4cher aus Holz. Naturbelassenes Material ist ohne Frage ein Zeichen f\u00fcr einen individuellen Geschmack. Den Vergleich zu Konstruktionen aus Stahl oder Alu muss ein Terrassendach aus Holz nicht scheuen. Angefertigt werden die \u00dcberdachungen aus Fichte. Eine bestm\u00f6gliche Verleimungsqualit\u00e4t ist selbstverst\u00e4ndlich gegeben. Verarbeitet werden Stegdoppelplatten aus Plexiglas. Terrassend\u00e4cher aus Holz bieten Ihnen ein sehr hohes Ma\u00df an Behaglichkeit und Sicherheit.<\/p>\n<p>Terrassend\u00e4cher bescheren einem Wohnhaus einen sehr besonderen Charme. Unter Terrassend\u00e4chern sitzt man sicher und bequem und kann sogar bei nassem Wetter eine sch\u00f6ne Zeit drau\u00dfen verbringen. Terrassend\u00e4cher sch\u00fctzen vor Wetter und Wind und laden daher zum unbeschwertem Aufenthalt ein. Alle Produkte aus unserem Sortiment sind platzsparend und sehr stabil. Terrassend\u00e4cher aus Holz bieten dar\u00fcber hinaus immer auch ein sehr hohes Ma\u00df an Luxus und Sicherheit. <\/p>\n<h3>Terrassend\u00e4cher aus Holz f\u00fcr Ihre Immobilie<\/h3>\n<p>Terrassend\u00e4cher sind l\u00e4ngst nicht nur ein einfacher Wetterschutz. Sie werden sehen, dass Terrassend\u00e4cher ein Hauptgrund f\u00fcr die h\u00e4ufigere Nutzung des Gartens sind. Wir d\u00fcrfen Ihnen schon heute sagen, dass Sie bis in den Sp\u00e4therbst hinein sehr viel Freude an Ihrer Terrasse haben werden. Terrassend\u00e4cher erh\u00f6hen schlichtweg den Wohlf\u00fchlfaktor. Und au\u00dferdem werden auch Ihre Gartenm\u00f6bel ausgezeichnet vor negativen Wettereinfl\u00fcssen gesch\u00fctzt. Je nach Ausma\u00df und Gestalt der zu \u00fcberdachenden Au\u00dfenfl\u00e4chen sind verschiedene Terrassend\u00e4cher aus Holz vorhanden. Und je nach pers\u00f6nlichem Geschmack darf unter verschiedenen Konstruktionen ausgew\u00e4hlt werden. In unserem Ausstellungsraum zeigen wir Ihnen von Montag bis Freitag in der Zeit von 9.00 und 18.00 Uhr sowie samstags zwischen 9:00 und 13:00 Uhr eine Menge Umsetzungsm\u00f6glichkeiten.<\/p>\n","protected":false},"excerpt":{"rendered":"<p>Terrassend\u00e4cher aus Holz &#8211; eine gute Investition Als erfahrenes Unternehmen \u00fcberzeugen uns auch Terrassend\u00e4cher aus Holz. Naturbelassenes Material ist ohne Frage ein Zeichen f\u00fcr einen individuellen Geschmack. Den Vergleich zu Konstruktionen aus Stahl oder Alu muss ein Terrassendach aus Holz nicht scheuen. Angefertigt werden die \u00dcberdachungen aus Fichte. Eine bestm\u00f6gliche Verleimungsqualit\u00e4t ist selbstverst\u00e4ndlich gegeben. Verarbeitet [&hellip;]<\/p>\n","protected":false},"author":1,"featured_media":0,"parent":0,"menu_order":0,"comment_status":"closed","ping_status":"closed","template":"","meta":{"footnotes":""},"class_list":["post-4628","page","type-page","status-publish","hentry"],"meta_box":{"popseo_subtitel":"Wir sind Ihr erfahrener Experte f\u00fcr Terrassend\u00e4cher aus Holz im Raum Schwarzenbek","popseo_subtitel2":"Terrassend\u00e4cher aus Holz - setzen Sie auf hochwertige L\u00f6sungen","popseo_lasttitel":"Terrassend\u00e4cher aus Holz: Wir beantworten Ihre Fragen!","popseo_region":"Schwarzenbek","popseo_sachwort":"Terrassend\u00e4cher aus Holz","popseo_noupdate":"","popseo_einleitungstext":"<p>Sie wollen Ihre Immobilie mit zeitgem\u00e4\u00dfen Bauelementen ausstatten lassen und m\u00f6chten sich \u00fcber unser Produkt- und Leistungsangebot informieren? Wunderbar, dann sind Sie auf dieser Seite an der richtigen Adresse. Unser Produktsortiment umfasst beispielsweise Terrassend\u00e4cher, Markisen, Rolltore, Au\u00dfenjalousien, Fenster, T\u00fcren, Carports und Rolll\u00e4den. Als auf Sicherheit und Sonnenschutz spezialisiertes Unternehmen \u00fcbernehmen wir vor allem auch Montage- und Reparaturarbeiten. Erfahren Sie auf dieser und den nachfolgenden Seiten mehr \u00fcber uns und unser Angebot. \u00dcber Ihr Interesse freuen wir uns sehr.<\/p>","popseo_schlusstext":"<p>Sie ben\u00f6tigen einen Fachpartner f\u00fcr moderne Sonnenschutz- und Sicherheitsl\u00f6sungen. Dann melden Sie sich am besten noch heute bei uns. Wir freuen uns auf das Gespr\u00e4ch mit Ihnen. Wenn es um Bauelemente geht, sind wir Ihr qualifizierter Handwerks- und Handelspartner. Wir garantieren hochwertige Produkte und eine einwandfrei durchgef\u00fchrte Arbeit nach dem immer aktuellsten Stand der Technik.<\/p>","popseo_stadttext":"<h3>Unser Produktsortiment f\u00fcr Kunden aus Schwarzenbek<\/h3>\n<p>Unser Einzugsgebiet umfasst auch Schwarzenbek. Durch unsere Gesch\u00e4ftst\u00e4tigkeit haben wir uns einen guten \u00dcberblick \u00fcber die Stadtarchitektur der St\u00e4dte und Gemeinden unseres Vertriebsgebietes machen k\u00f6nnen. Wir f\u00fchlen uns der Region verpflichtet und freuen uns dar\u00fcber, auch einen Anteil zur guten Infrastruktur der Stadt Schwarzenbek beizusteuern zu d\u00fcrfen.  <\/p>\n<h3>Einige interessante Informationen \u00fcber Schwarzenbek<\/h3>\n<p>Die Gemeinde Schwarzenbek geh\u00f6rt verwaltungstechnisch zum schleswig-holsteinischen Landkreis Herzogtum Lauenburg. In Schwarzenbek leben ungef\u00e4hr 15.000 B\u00fcrger auf einer Gesamtfl\u00e4che von gut 11 qkm. Schwarzenbek fungiert als Sitz des Amtes Schwarzenbek-Land. Schwarzenbek \u00fcberzeugt insbesondere durch seine ansprechenden Wohnquartiere. Die Einzelhausbebauung dominiert in der lauenburgischen Kleinstadt ganz augenf\u00e4llig. Mehrgeschossige Wohngeb\u00e4ude sind in Schwarzenbek erkennbar in der Minderheit.<\/p>\n<p>Die geringe Entfernung zur Gro\u00dfstadt Hamburg ist ein entscheidender Standortfaktor der Gemeinde. Kaum mehr als in etwa 35 km liegt die gr\u00f6\u00dfte Stadt Norddeutschlands von Schwarzenbek entfernt. F\u00fcr die Wohnstatt Schwarzenbek eine ideale Situation: Wer in Hamburg arbeitet, hat es nicht weit bis zur Wohnst\u00e4tte Schwarzenbek. Das zumeist idyllische Leben auf dem Lande verbindet sich auf optimale Weise mit den vielf\u00e4ltigen Angeboten der Gro\u00dfstadt.<br \/>\nEine gute Infrastruktur macht das Leben in Schwarzenbek speziell f\u00fcr junge Familien interessant. Die Stadt ist Mitglied im Hamburger Verkehrsverbund (HVV). Mit der Bahn erreicht man Schwarzenbek \u00fcber die Strecke Hamburg-Berlin. Zum Hamburger Hauptbahnhof ben\u00f6tigt man ca. 20 Minuten. <\/p>\n<h3>Schwarzenbek - lebenswert und attraktiv<\/h3>\n<p>Die Stadt Schwarzenbek wurde vor einiger Zeit mit dem sogenannten Europapreis ausgezeichnet. Die Auszeichnung wird St\u00e4dten und Gemeinden verliehen, die sich sich besonders intensiv f\u00fcr die Verbreitung des europ\u00e4ischen Einigungsgedankens stark gemacht haben. Schwarzenbek tr\u00e4gt die Bezeichnung \u201eEuropastadt\u201c mit Stolz.<br \/>\nAufgrund der exponierten Lage im Kreis Herzogtum Lauenburg wird Schwarzenbek bisweilen auch \u201eStadt der Mitte\u201c genannt. Schwarzenbek war nebenbei eine der ersten Gemeinden in Norddeutschland, die auf den Ortsschildern den Namen auch auf Plattdeutsch vermerkt haben. Eine tolle Idee, die zwischenzeitlich viele Nachahmer gefunden hat. <\/p>\n<h4>Hohe Qualit\u00e4t f\u00fcr Kunden aus Schwarzenbek<\/h4>\n<p>Gerne werden wir auch f\u00fcr Sie im Raum Schwarzenbek t\u00e4tig. D\u00fcrfen wir Sie detailliert informieren? Rufen Sie uns an oder senden Sie uns eine Mail. Wir freuen uns, wenn wir ihnen helfen k\u00f6nnen! Das qualifizierte Team unseres Unternehmens arbeitet \u201eHand in Hand\u201c, dabei stets zielorientiert und sorgsam.<\/p>","popseo_zusatztext":"<h3>G\u00fcnstig und preiswert \u2013 f\u00fcr uns selbstverst\u00e4ndlich<\/h3>\n<p>Bauelemente m\u00fcssen hohen Anforderungen gerecht werden. Trotzdem darf es g\u00fcnstig und preiswert sein. Das muss durchaus kein Widerspruch sein. <\/p>\n<p>Als Fachunternehmen f\u00fcr Sonnenschutz- und Sicherheitsl\u00f6sungen verwenden wir nur hochwertige Produkte. Nichtsdestotrotz achten wir grunds\u00e4tzlich auf ein passendes Preis-Leistungsverh\u00e4ltnis. Wir m\u00f6chten Ihnen Qualit\u00e4t bieten, die zugleich auch g\u00fcnstig und preiswert ist. Geben Sie Ihrem Zuhause g\u00fcnstig und preiswert das besondere Mehr an Qualit\u00e4t. Markisen und Rolll\u00e4den oder andere Sonnenschutzl\u00f6sungen sehen nicht nur schmuck aus, sie leisten auch einen bedeutsamen Anteil zur W\u00e4rmed\u00e4mmung.  <\/p>\n<h3>G\u00fcnstig und preiswert \u2013 trotzdem individuell und schick<\/h3>\n<p>D\u00fcrfen wir Sie informieren, wie Sie g\u00fcnstig und preiswert einen perfekten Sonnenschutz f\u00fcr Ihr Heim verwirklichen? Toll, dann warten Sie bitte nicht und nehmen am besten gleich heute noch Verbindung mit uns auf. Ein kurzer Anruf oder eine schnelle Mail gen\u00fcgen. Gerne beraten Sie unsere perfekt ausgebildeten Experten \u00fcber die unterschiedlichen M\u00f6glichkeiten, wie Sie Ihr Haus g\u00fcnstig und preiswert mit Rolll\u00e4den und Markisen oder anderen Sonnenschutzprodukten ausstatten. Wir freuen uns auf den Austausch mit Ihnen. <\/p>\n<h4>Hochwertige Arbeit g\u00fcnstig und preiswert<\/h4>\n<p>Setzen Sie beim Thema Sonnenschutz und Sicherheit auf den Profi. Nur ein Spezialbetrieb kennt die verschiedenen M\u00f6glichkeiten, wie Sie g\u00fcnstig und preiswert, zugleich qualitativ hochwertig einen tadellosen Sonnenschutz verwirklichen. Qualit\u00e4tsbewusst, g\u00fcnstig und preiswert: Wir empfehlen uns als spezialisiertes Unternehmen im n\u00f6rdlichen Raum. Unsere jahrelange Erfahrung zeichnet uns aus.<\/p>","popseo_links":"<a href=\"https:\/\/www.kaduk-bauelemente.de\/leistungen\/fenster-schwarzenbek\/\">Fenster Schwarzenbek<\/a>, <a href=\"https:\/\/www.kaduk-bauelemente.de\/leistungen\/fenster-stelle\/\">Fenster Stelle<\/a>, <a href=\"https:\/\/www.kaduk-bauelemente.de\/leistungen\/rolllaeden-hanstedt\/\">Rolll\u00e4den Hanstedt<\/a>, <a href=\"https:\/\/www.kaduk-bauelemente.de\/leistungen\/kunststofffenster-reinbek-glinde\/\">Kunststofffenster Reinbek Glinde<\/a>, <a href=\"https:\/\/www.kaduk-bauelemente.de\/leistungen\/terrassendaecher-aus-aluminium-salzhausen\/\">Terrassend\u00e4cher aus Aluminium Salzhausen<\/a>, <a href=\"https:\/\/www.kaduk-bauelemente.de\/leistungen\/insektenschutz-bienenbuettel\/\">Insektenschutz Bienenb\u00fcttel<\/a>, <a href=\"https:\/\/www.kaduk-bauelemente.de\/leistungen\/rollladen-bad-bevensen\/\">Rollladen Bad Bevensen<\/a>, <a href=\"https:\/\/www.kaduk-bauelemente.de\/leistungen\/aussenjalousien-reinbek-glinde\/\">Au\u00dfenjalousien Reinbek Glinde<\/a>, <a href=\"https:\/\/www.kaduk-bauelemente.de\/leistungen\/aussenjalousien-salzhausen\/\">Au\u00dfenjalousien Salzhausen<\/a>, <a href=\"https:\/\/www.kaduk-bauelemente.de\/leistungen\/fliegengitter-amelinghausen\/\">Fliegengitter Amelinghausen<\/a>, <a href=\"https:\/\/www.kaduk-bauelemente.de\/leistungen\/insektenschutz-bergedorf-wentorf\/\">Insektenschutz Bergedorf Wentorf<\/a>, <a href=\"https:\/\/www.kaduk-bauelemente.de\/leistungen\/rollladen-lueneburg\/\">Rollladen L\u00fcneburg<\/a>, <a href=\"https:\/\/www.kaduk-bauelemente.de\/leistungen\/raffstores-seevetal-rosengarten\/\">Raffstores Seevetal Rosengarten<\/a>, <a href=\"https:\/\/www.kaduk-bauelemente.de\/leistungen\/holzfenster-seevetal-rosengarten\/\">Holzfenster Seevetal Rosengarten<\/a>, <a href=\"https:\/\/www.kaduk-bauelemente.de\/leistungen\/fenster-maschen\/\">Fenster Maschen<\/a>, <a href=\"https:\/\/www.kaduk-bauelemente.de\/leistungen\/garagen-uelzen\/\">Garagen Uelzen<\/a>, <a href=\"https:\/\/www.kaduk-bauelemente.de\/leistungen\/fenster-tostedt-sittensen\/\">Fenster Tostedt Sittensen<\/a>, <a href=\"https:\/\/www.kaduk-bauelemente.de\/leistungen\/carports-bergedorf-wentorf\/\">Carports Bergedorf Wentorf<\/a>, <a href=\"https:\/\/www.kaduk-bauelemente.de\/leistungen\/haustueren-bispingen\/\">Haust\u00fcren Bispingen<\/a>, <a href=\"https:\/\/www.kaduk-bauelemente.de\/leistungen\/rolllaeden-bardowick\/\">Rolll\u00e4den Bardowick<\/a>, <a href=\"https:\/\/www.kaduk-bauelemente.de\/leistungen\/garagentore-bad-bevensen\/\">Garagentore Bad Bevensen<\/a>, <a href=\"https:\/\/www.kaduk-bauelemente.de\/leistungen\/garagen-bienenbuettel\/\">Garagen Bienenb\u00fcttel<\/a>, <a href=\"https:\/\/www.kaduk-bauelemente.de\/leistungen\/garagen-buchholz\/\">Garagen Buchholz<\/a>, <a href=\"https:\/\/www.kaduk-bauelemente.de\/leistungen\/zaeune-winsen-luhe\/\">Z\u00e4une Winsen Luhe<\/a>, <a href=\"https:\/\/www.kaduk-bauelemente.de\/leistungen\/fenster-adendorf\/\">Fenster Adendorf<\/a>, <a href=\"https:\/\/www.kaduk-bauelemente.de\/leistungen\/markisen-amelinghausen\/\">Markisen Amelinghausen<\/a>, <a href=\"https:\/\/www.kaduk-bauelemente.de\/leistungen\/raffstores-jesteburg\/\">Raffstores Jesteburg<\/a>, <a href=\"https:\/\/www.kaduk-bauelemente.de\/leistungen\/rolltore-amelinghausen\/\">Rolltore Amelinghausen<\/a>"},"_links":{"self":[{"href":"https:\/\/www.kaduk-bauelemente.de\/leistungen\/wp-json\/wp\/v2\/pages\/4628","targetHints":{"allow":["GET"]}}],"collection":[{"href":"https:\/\/www.kaduk-bauelemente.de\/leistungen\/wp-json\/wp\/v2\/pages"}],"about":[{"href":"https:\/\/www.kaduk-bauelemente.de\/leistungen\/wp-json\/wp\/v2\/types\/page"}],"author":[{"embeddable":true,"href":"https:\/\/www.kaduk-bauelemente.de\/leistungen\/wp-json\/wp\/v2\/users\/1"}],"replies":[{"embeddable":true,"href":"https:\/\/www.kaduk-bauelemente.de\/leistungen\/wp-json\/wp\/v2\/comments?post=4628"}],"version-history":[{"count":0,"href":"https:\/\/www.kaduk-bauelemente.de\/leistungen\/wp-json\/wp\/v2\/pages\/4628\/revisions"}],"wp:attachment":[{"href":"https:\/\/www.kaduk-bauelemente.de\/leistungen\/wp-json\/wp\/v2\/media?parent=4628"}],"curies":[{"name":"wp","href":"https:\/\/api.w.org\/{rel}","templated":true}]}}