{"id":4625,"date":"2021-08-25T12:19:25","date_gmt":"2021-08-25T10:19:25","guid":{"rendered":"https:\/\/www.kaduk-bauelemente.de\/leistungen\/terrassendaecher-aus-holz-reinbek-glinde\/"},"modified":"2021-08-25T12:19:25","modified_gmt":"2021-08-25T10:19:25","slug":"terrassendaecher-aus-holz-reinbek-glinde","status":"publish","type":"page","link":"https:\/\/www.kaduk-bauelemente.de\/leistungen\/terrassendaecher-aus-holz-reinbek-glinde\/","title":{"rendered":"Terrassend\u00e4cher aus Holz &#8211; Reinbek Glinde"},"content":{"rendered":"<h3>Terrassend\u00e4cher aus Holz &#8211; eine gute Investition<\/h3>\n<p>Als erfahrenes Fachgesch\u00e4ft \u00fcberzeugen uns immer wieder auch Terrassend\u00e4cher aus Holz. Naturbelassenes Material ist ganz sicher ein Ausdruck f\u00fcr einen individuellen Stil. Den Vergleich zu Anfertigungen aus Stahl oder Alu muss ein Terrassendach aus Holz nicht scheuen. Gefertigt werden die \u00dcberdachungen aus Fichte. Eine exzellente Verleimungsqualit\u00e4t ist garantiert. Verarbeitet werden Stegdoppelplatten aus Plexiglas. Terrassend\u00e4cher aus Holz bieten Ihnen ein gro\u00dfes Ma\u00df an Behaglichkeit und Schutz.<\/p>\n<p>Terrassend\u00e4cher verleihen einem Wohn- oder Gesch\u00e4ftshaus einen sehr au\u00dfergew\u00f6hnlichen Charme. Unter Terrassend\u00e4chern sitzt man sicher und gem\u00fctlich und kann auch bei N\u00e4sse eine tolle Zeit an der frischen Luft verbringen. Terrassend\u00e4cher sch\u00fctzen vor Regenwetter und laden daher zum unbeschwertem Aufenthalt ein. S\u00e4mtliche Produkte aus unserem Sortiment sind raumsparend und sehr belastbar. Terrassend\u00e4cher aus Holz bieten au\u00dferdem immer auch ein sehr hohes Ma\u00df an Komfort und Schutz. <\/p>\n<h3>Sch\u00f6ne Terrassend\u00e4cher aus Holz sind immer eine gute Idee!<\/h3>\n<p>Terrassend\u00e4cher sind auf keinen Fall nur ein einfacher Wetterschutz. Sie werden erleben, dass Terrassend\u00e4cher ein Hauptkriterium f\u00fcr die ausgiebigere Nutzung des Gartens sind. Wir d\u00fcrfen Ihnen schon an dieser Stelle zusagen, dass Sie bis in den Herbst hinein viel Freude an Ihrer Terrasse haben werden. Terrassend\u00e4cher erh\u00f6hen schlichtweg das Wohlbefinden. Und au\u00dferdem werden auch Ihre Gartenm\u00f6bel optimal vor belastenden Wetterverh\u00e4ltnissen bewahrt. Je nach Gr\u00f6\u00dfe und Gestalt der zu \u00fcberdachenden Au\u00dfenfl\u00e4chen sind unterschiedliche Terrassend\u00e4cher aus Holz erh\u00e4ltlich. Und je nach individuellem Geschmack darf unter mehreren Konstruktionen gew\u00e4hlt werden. In unserem Ausstellungsraum zeigen wir Ihnen von Montag bis Freitag zwischen 9.00 und 18.00 Uhr sowie samstags zwischen 9:00 und 13:00 Uhr eine gro\u00dfe Anzahl von L\u00f6sungsm\u00f6glichkeiten.<\/p>\n","protected":false},"excerpt":{"rendered":"<p>Terrassend\u00e4cher aus Holz &#8211; eine gute Investition Als erfahrenes Fachgesch\u00e4ft \u00fcberzeugen uns immer wieder auch Terrassend\u00e4cher aus Holz. Naturbelassenes Material ist ganz sicher ein Ausdruck f\u00fcr einen individuellen Stil. Den Vergleich zu Anfertigungen aus Stahl oder Alu muss ein Terrassendach aus Holz nicht scheuen. Gefertigt werden die \u00dcberdachungen aus Fichte. Eine exzellente Verleimungsqualit\u00e4t ist garantiert. [&hellip;]<\/p>\n","protected":false},"author":1,"featured_media":0,"parent":0,"menu_order":0,"comment_status":"closed","ping_status":"closed","template":"","meta":{"footnotes":""},"class_list":["post-4625","page","type-page","status-publish","hentry"],"meta_box":{"popseo_subtitel":"Wir sind Ihr erfahrener Fachbetrieb f\u00fcr Terrassend\u00e4cher aus Holz in Reinbek Glinde","popseo_subtitel2":"Terrassend\u00e4cher aus Holz - wir helfen Ihnen gerne!","popseo_lasttitel":"Terrassend\u00e4cher aus Holz: Gerne beantworten wir Ihre Fragen!","popseo_region":"Reinbek Glinde","popseo_sachwort":"Terrassend\u00e4cher aus Holz","popseo_noupdate":"","popseo_einleitungstext":"<p>Wenn es um Sicherheit und Sonnenschutz geht, sind Sie bei der Firma Kaduk exakt an der richtigen Adresse. Seit Unternehmensgr\u00fcndung sind wir Ihr lokaler Fachbetrieb f\u00fcr hochwertige Bauelemente. Zu unserem Produktsortiment z\u00e4hlen beispielsweise Markisen, Rolltore, Terrassend\u00e4cher, T\u00fcren, Au\u00dfenjalousien, Fenster, Rolll\u00e4den und Carports. Wir \u00fcbernehmen Reparatur- und Montagearbeiten und zeigen Ihnen M\u00f6glichkeiten auf, wie Sie Ihre Immobilie mit modernen Bauelementen ausstatten k\u00f6nnen. Nachfolgend haben wir erste Informationen f\u00fcr Sie zusammengetragen.<\/p>","popseo_schlusstext":"<p>Sie suchen einen Profi f\u00fcr hochwertige Sicherheits- und Sonnenschutzl\u00f6sungen. Dann melden Sie sich am besten noch heute bei uns. Wir freuen uns auf das Gespr\u00e4ch mit Ihnen. Wenn es um Bauelemente geht, sind wir Ihr erfahrener Handwerks- und Handelspartner. Wir bieten Ihnen hochwertige Produkte und eine sachkundig ausgef\u00fchrte Arbeit nach dem jeweils derzeitigen Stand der Technik.<\/p>","popseo_stadttext":"<h3>Wir arbeiten gerne f\u00fcr Kunden aus Reinbek und Glinde<\/h3>\n<p>Wir betreuen Kunden aus dem Raum Reinbek und Glinde. Durch unsere Vertriebst\u00e4tigkeit haben wir uns einen sehr guten \u00dcberblick \u00fcber die Architektur der St\u00e4dte und Gemeinden unseres Einzugsbereiches machen k\u00f6nnen. Selbstverst\u00e4ndlich z\u00e4hlt auch Reinbek zu unserem unmittelbaren Wirkungskreis. Wir freuen uns darauf, mit Ihnen in Kontakt zu treten. <\/p>\n<h3>Einige Informationen zu den St\u00e4dten Reinbek und Glinde<\/h3>\n<p>Die kleine Schleswig-Holsteinische Stadt Reinbek ist eine Gemeinde im Landkreis Stormarn. Momentan z\u00e4hlt Reinbek \u00fcber 26.000 Menschen. Die Gemeinde Reinbek erstreckt sich \u00fcber eine Fl\u00e4che von ungef\u00e4hr 31 Quadratkilometer. Reinbek z\u00e4hlt zur Metropolregion Hamburg und liegt gut 20 km \u00f6stlich der Freien und Hansestadt Hamburg. Die Stadt Reinbek geh\u00f6rt \u00fcber die S21 zum Hamburger Verkehrsverbund. Der kurze Fahrweg von h\u00f6chstens 25 Minuten macht Reinbek vor allem reizvoll f\u00fcr Arbeitnehmer, die nach Hamburg pendeln m\u00fcssen. Wer seinen Arbeitgeber in Hamburg hat, genie\u00dft mit Reinbek eine optimale Kombination: Das hektische Leben der Metropole findet in der idyllischen Wohnumgebung von Reinbek sein Gegenst\u00fcck. <\/p>\n<p>Glinde ist eine Stadt im S\u00fcden des n\u00f6rdlichsten Bundeslandes, in der Metropolregion Hamburg, in etwa 20 Kilometer s\u00fcd\u00f6stlich vom Hamburger Stadtkern entfernt. Aufgrund der besonders gut ausgebauten Infrastruktur hat sich Glinde zu einem optimalen Wohnort entwickelt, obwohl etwa die H\u00e4lfte der Stadtfl\u00e4che von Glinde landwirtschaftlich genutzt wird oder aus Park- oder Wasserfl\u00e4chen besteht. Rund 33 Prozent des Gemeindeareals stehen in Glinde f\u00fcr Wohnzwecke bereit.  <\/p>\n<h3>Reinbek und Glinde haben Charme!<\/h3>\n<p>Die Architektur Reinbeks besteht \u00fcberwiegend aus vielen Einfamilienh\u00e4usern, welche ihren Bewohnern einen hohen Wohnkomfort garantieren. Reinbek zeichnet sich neben der hohen Wohnqualit\u00e4t aber auch durch seine gro\u00dfe Wirtschaftsleistung aus. Wer auf den Individualverkehr setzt, findet in Reinbek gute Bedingungen: Die Autobahnen A24 und A1 sowie die Bundesstra\u00dfe B5 befinden sich in der N\u00e4he von Reinbek. Auf der Landstra\u00dfe gelangt man \u00fcber Neusch\u00f6nningstedt nach Reinbek. <\/p>\n<h4>Wir f\u00fcr Sie in Reinbek und Glinde!<\/h4>\n<p>Prima, dass Sie diese Website gefunden haben. Wenn Sie eine erfahrene Fachfirma suchen, sind Sie bei uns richtig. Sie m\u00f6chten mehr \u00fcber uns wissen? F\u00fcr R\u00fcckfragen stehen wir Ihnen jederzeit zur Verf\u00fcgung. Auf den Kontakt zu Ihnen freuen wir uns.<\/p>","popseo_zusatztext":"<h3>Kaduk Bauelemente \u2013 Ihr Fachbetrieb f\u00fcr Sicht- und Sonnenschutz<\/h3>\n<p>Vertrauen Sie in Sachen Sonnenschutz und Sicherheit unbedingt auf die fachspezifische Leistung vom Fachbetrieb. Nur ein Fachbetrieb kennt die Tricks und Tipps, wie man zu einem sehr guten Ergebnis kommt. Um sich mit Fug und Recht als Fachbetrieb bezeichnen zu d\u00fcrfen, braucht es eine qualifizierte Ausbildung der Mitarbeiter und eine langj\u00e4hrige Berufserfahrung.  <\/p>\n<p>Unsere Firma empfiehlt sich als Ihr sachkundiger Fachbetrieb f\u00fcr Sicherheit und Sonnenschutz. Kommen Sie zum Ziel und schenken Sie unserem Fachbetrieb Ihr Vertrauen. Wir bieten Ihnen beispielsweise schicke Rolll\u00e4den und Markisen und legen allerh\u00f6chsten Wert auf einen perfekten Service. Schon seit vielen Jahren sind wir spezialisierter Fachbetrieb f\u00fcr Terrassend\u00e4cher, Markisen, Rolll\u00e4den und Au\u00dfenjalousien im Raum L\u00fcneburg. Es ist unser Bestreben, dass Sie lange Jahre viel Freude an Ihrem Sicht und Sonnenschutz haben. Von einem Fachbetrieb d\u00fcrfen Sie nat\u00fcrlich eine fehlerfreie Top-Leistung erwarten.<\/p>\n<h3>Dirk Kaduk Bauelemente \u2013 Ihr Fachbetrieb f\u00fcr Sicherheit und Sonnenschutz<\/h3>\n<p>Als Fachbetrieb darf sich ein Unternehmen bezeichnen, deren Mitarbeiter \u00fcber nachweisbare Qualifikationen verf\u00fcgen. Dies ist u.a. eine entsprechende Berufsausbildung oder ein Meisterbrief. Des Weiteren zeichnet eine intensive praktische Erfahrung einen Fachbetrieb aus. Schon seit vielen Jahren konzentrieren wir uns als spezialisiertes Unternehmen auf Sonnenschutz und Sicherheit von Geb\u00e4uden. In diesen vielen Jahren haben wir uns das Attribut Fachbetrieb fraglos erarbeitet. Wir verwenden ausnahmslos hochwertige Materialien. Hierbei achten wir stets auf ein faires Preis-Leistungsverh\u00e4ltnis. Unser Selbstverst\u00e4ndnis als Fachbetrieb: Wir bieten Ihnen 1a-Leistung zu einem sehr guten Preis.<\/p>","popseo_links":"<a href=\"https:\/\/www.kaduk-bauelemente.de\/leistungen\/terrassendaecher-aus-aluminium-jesteburg\/\">Terrassend\u00e4cher aus Aluminium Jesteburg<\/a>, <a href=\"https:\/\/www.kaduk-bauelemente.de\/leistungen\/garagen-amelinghausen\/\">Garagen Amelinghausen<\/a>, <a href=\"https:\/\/www.kaduk-bauelemente.de\/leistungen\/sektionaltore-uelzen\/\">Sektionaltore Uelzen<\/a>, <a href=\"https:\/\/www.kaduk-bauelemente.de\/leistungen\/terrassenueberdachungen-aus-aluminium-jesteburg\/\">Terrassen\u00fcberdachungen aus Aluminium Jesteburg<\/a>, <a href=\"https:\/\/www.kaduk-bauelemente.de\/leistungen\/fenster-seevetal-rosengarten\/\">Fenster Seevetal Rosengarten<\/a>, <a href=\"https:\/\/www.kaduk-bauelemente.de\/leistungen\/zaeune-maschen\/\">Z\u00e4une Maschen<\/a>, <a href=\"https:\/\/www.kaduk-bauelemente.de\/leistungen\/zaunbau-bardowick\/\">Zaunbau Bardowick<\/a>, <a href=\"https:\/\/www.kaduk-bauelemente.de\/leistungen\/rolllaeden-boizenburg\/\">Rolll\u00e4den Boizenburg<\/a>, <a href=\"https:\/\/www.kaduk-bauelemente.de\/leistungen\/kunststofffenster-buechen\/\">Kunststofffenster B\u00fcchen<\/a>, <a href=\"https:\/\/www.kaduk-bauelemente.de\/leistungen\/holzfenster-boizenburg\/\">Holzfenster Boizenburg<\/a>, <a href=\"https:\/\/www.kaduk-bauelemente.de\/leistungen\/sektionaltore-seevetal-rosengarten\/\">Sektionaltore Seevetal Rosengarten<\/a>, <a href=\"https:\/\/www.kaduk-bauelemente.de\/leistungen\/zaunbau-tostedt-sittensen\/\">Zaunbau Tostedt Sittensen<\/a>, <a href=\"https:\/\/www.kaduk-bauelemente.de\/leistungen\/tueren-winsen-luhe\/\">T\u00fcren Winsen Luhe<\/a>, <a href=\"https:\/\/www.kaduk-bauelemente.de\/leistungen\/holzfenster-amelinghausen\/\">Holzfenster Amelinghausen<\/a>, <a href=\"https:\/\/www.kaduk-bauelemente.de\/leistungen\/kunststofffenster-schwarzenbek\/\">Kunststofffenster Schwarzenbek<\/a>, <a href=\"https:\/\/www.kaduk-bauelemente.de\/leistungen\/tueren-harburg\/\">T\u00fcren Harburg<\/a>, <a href=\"https:\/\/www.kaduk-bauelemente.de\/leistungen\/rollladen-ebstorf\/\">Rollladen Ebstorf<\/a>, <a href=\"https:\/\/www.kaduk-bauelemente.de\/leistungen\/terrassendaecher-aus-aluminium-bienenbuettel\/\">Terrassend\u00e4cher aus Aluminium Bienenb\u00fcttel<\/a>, <a href=\"https:\/\/www.kaduk-bauelemente.de\/leistungen\/haustueren-buchholz\/\">Haust\u00fcren Buchholz<\/a>, <a href=\"https:\/\/www.kaduk-bauelemente.de\/leistungen\/raffstores-hanstedt\/\">Raffstores Hanstedt<\/a>, <a href=\"https:\/\/www.kaduk-bauelemente.de\/leistungen\/raffstores-uelzen\/\">Raffstores Uelzen<\/a>, <a href=\"https:\/\/www.kaduk-bauelemente.de\/leistungen\/zaeune-hanstedt\/\">Z\u00e4une Hanstedt<\/a>, <a href=\"https:\/\/www.kaduk-bauelemente.de\/leistungen\/rollladen-bienenbuettel\/\">Rollladen Bienenb\u00fcttel<\/a>, <a href=\"https:\/\/www.kaduk-bauelemente.de\/leistungen\/garagen-reinbek-glinde\/\">Garagen Reinbek Glinde<\/a>, <a href=\"https:\/\/www.kaduk-bauelemente.de\/leistungen\/holzfenster-bienenbuettel\/\">Holzfenster Bienenb\u00fcttel<\/a>, <a href=\"https:\/\/www.kaduk-bauelemente.de\/leistungen\/carports-bad-bevensen\/\">Carports Bad Bevensen<\/a>, <a href=\"https:\/\/www.kaduk-bauelemente.de\/leistungen\/rollladen-bardowick\/\">Rollladen Bardowick<\/a>, <a href=\"https:\/\/www.kaduk-bauelemente.de\/leistungen\/insektenschutz-herzogtum-lauenburg\/\">Insektenschutz Herzogtum Lauenburg<\/a>"},"_links":{"self":[{"href":"https:\/\/www.kaduk-bauelemente.de\/leistungen\/wp-json\/wp\/v2\/pages\/4625","targetHints":{"allow":["GET"]}}],"collection":[{"href":"https:\/\/www.kaduk-bauelemente.de\/leistungen\/wp-json\/wp\/v2\/pages"}],"about":[{"href":"https:\/\/www.kaduk-bauelemente.de\/leistungen\/wp-json\/wp\/v2\/types\/page"}],"author":[{"embeddable":true,"href":"https:\/\/www.kaduk-bauelemente.de\/leistungen\/wp-json\/wp\/v2\/users\/1"}],"replies":[{"embeddable":true,"href":"https:\/\/www.kaduk-bauelemente.de\/leistungen\/wp-json\/wp\/v2\/comments?post=4625"}],"version-history":[{"count":0,"href":"https:\/\/www.kaduk-bauelemente.de\/leistungen\/wp-json\/wp\/v2\/pages\/4625\/revisions"}],"wp:attachment":[{"href":"https:\/\/www.kaduk-bauelemente.de\/leistungen\/wp-json\/wp\/v2\/media?parent=4625"}],"curies":[{"name":"wp","href":"https:\/\/api.w.org\/{rel}","templated":true}]}}