{"id":4618,"date":"2021-08-25T12:19:25","date_gmt":"2021-08-25T10:19:25","guid":{"rendered":"https:\/\/www.kaduk-bauelemente.de\/leistungen\/terrassendaecher-aus-holz-geesthacht\/"},"modified":"2021-08-25T12:19:25","modified_gmt":"2021-08-25T10:19:25","slug":"terrassendaecher-aus-holz-geesthacht","status":"publish","type":"page","link":"https:\/\/www.kaduk-bauelemente.de\/leistungen\/terrassendaecher-aus-holz-geesthacht\/","title":{"rendered":"Terrassend\u00e4cher aus Holz &#8211; Geesthacht"},"content":{"rendered":"<h3>Terrassend\u00e4cher aus Holz sind auch optisch ein Highlight!<\/h3>\n<p>Als erfahrenes Fachunternehmen \u00fcberzeugen uns immer wieder auch Terrassend\u00e4cher aus Holz. Nat\u00fcrliches Material ist ganz sicher ein Zeichen f\u00fcr einen individuellen Stil. Den Vergleich zu Ausf\u00fchrungen aus Stahl oder Alu muss ein Terrassendach aus Holz nicht f\u00fcrchten. Hergestellt werden die \u00dcberdachungen aus Fichtenholz. Eine bestm\u00f6gliche Verleimungsqualit\u00e4t ist selbstverst\u00e4ndlich gegeben. Verarbeitet werden Stegdoppelplatten aus Plexiglas. Terrassend\u00e4cher aus Holz bieten Ihnen ein gro\u00dfes Ma\u00df an Behaglichkeit und Sicherheit.<\/p>\n<p>Terrassend\u00e4cher geben einem Wohnhaus einen ganz au\u00dfergew\u00f6hnlichen Charme. Unter Terrassend\u00e4chern sitzt man gesch\u00fctzt und bequem und kann selbst bei nassem Wetter eine angenehme Zeit an der frischen Luft verbringen. Terrassend\u00e4cher sch\u00fctzen vor Regenwetter und laden einfach zum Verweilen ein. Alle Produkte aus unserem Sortiment sind raumsparend und sehr belastbar. Terrassend\u00e4cher aus Holz bieten dar\u00fcber hinaus immer auch ein sehr hohes Ma\u00df an Gem\u00fctlichkeit und Sicherheit. <\/p>\n<h3>Wir informieren Sie \u00fcber Terrassend\u00e4cher aus Holz!<\/h3>\n<p>Terrassend\u00e4cher sind mitnichten nur ein simpler Wetterschutz. Sie werden sehen, dass Terrassend\u00e4cher ein Grund f\u00fcr die h\u00e4ufigere Nutzung der Gartenanlage sind. Wir d\u00fcrfen Ihnen schon vorab versprechen, dass Sie bis in den Herbst hinein sehr viel Freude an Ihrer Terrasse haben werden. Terrassend\u00e4cher erh\u00f6hen einfach die Wohnqualit\u00e4t. Und au\u00dferdem werden auch Ihre M\u00f6bel optimal vor negativen Wetterverh\u00e4ltnissen bewahrt. Je nach Gr\u00f6\u00dfe und Gestalt der zu \u00fcberdachenden Au\u00dfenbereiche sind unterschiedliche Terrassend\u00e4cher aus Holz erh\u00e4ltlich. Und je nach individuellem Geschmack darf unter diversen Konstruktionen gew\u00e4hlt werden. In unserer Ausstellung zeigen wir Ihnen von Montag bis Freitag in der Zeit von 9.00 und 18.00 Uhr sowie am Samstag in der Zeit von 9:00 und 13:00 Uhr eine stattliche Anzahl von Umsetzungsm\u00f6glichkeiten.<\/p>\n","protected":false},"excerpt":{"rendered":"<p>Terrassend\u00e4cher aus Holz sind auch optisch ein Highlight! Als erfahrenes Fachunternehmen \u00fcberzeugen uns immer wieder auch Terrassend\u00e4cher aus Holz. Nat\u00fcrliches Material ist ganz sicher ein Zeichen f\u00fcr einen individuellen Stil. Den Vergleich zu Ausf\u00fchrungen aus Stahl oder Alu muss ein Terrassendach aus Holz nicht f\u00fcrchten. Hergestellt werden die \u00dcberdachungen aus Fichtenholz. Eine bestm\u00f6gliche Verleimungsqualit\u00e4t ist [&hellip;]<\/p>\n","protected":false},"author":1,"featured_media":0,"parent":0,"menu_order":0,"comment_status":"closed","ping_status":"closed","template":"","meta":{"footnotes":""},"class_list":["post-4618","page","type-page","status-publish","hentry"],"meta_box":{"popseo_subtitel":"Wir sind Ihr Fachbetrieb f\u00fcr Terrassend\u00e4cher aus Holz im Raum Geesthacht","popseo_subtitel2":"Terrassend\u00e4cher aus Holz - unsere Experten informieren Sie gerne","popseo_lasttitel":"Terrassend\u00e4cher aus Holz: Unsere Mitarbeiter beantworten gerne Ihre Fragen","popseo_region":"Geesthacht","popseo_sachwort":"Terrassend\u00e4cher aus Holz","popseo_noupdate":"","popseo_einleitungstext":"<p>Die Firma Kaduk ist Ihr erfahrener und qualifizierter Fachbetrieb f\u00fcr Sicherheit und Sonnenschutz im Norden. Mit unserem Firmensitz in Adendorf bei L\u00fcneburg decken wir ein geografisch gro\u00dfes Gebiet ab. Bei uns erhalten Sie erstklassige Bauelemente in erstaunlich gro\u00dfer Auswahl. Zu unserem Produktsortiment z\u00e4hlen u.a. Fenster, T\u00fcren, Au\u00dfenjalousien, Rolltore, Markisen, Terrassend\u00e4cher, Carports und Rolll\u00e4den. Nat\u00fcrlich erledigen wir auch Reparatur- und Montagearbeiten f\u00fcr Sie. Auf unserer Website finden Sie unser komplettes Dienstleistungs- und Produktportfolio ausf\u00fchrlich beschrieben. Fachgerecht und kompetent beraten wir Sie \u00fcber Ihre M\u00f6glichkeiten und f\u00fchren s\u00e4mtliche Arbeiten mit Sachverstand und gewissenhaft aus - so wie Sie es von einem spezialisierten Fachbetrieb erwarten k\u00f6nnen.<\/p>","popseo_schlusstext":"<p>Gerne informieren wir Sie n\u00e4her \u00fcber unser Produkt- und Leistungsprogramm. Wir zeigen Ihnen mit Vergn\u00fcgen auch einige Referenzprojekte, die Ihnen einen Einblick in unsere Unternehmenst\u00e4tigkeit geben.<br \/>\nWir sind f\u00fcr Sie da. Rufen Sie uns doch rasch einmal an oder schreiben Sie uns eine schnelle E-Mail. Wir freuen uns auf Ihre Kontaktaufnahme.<\/p>","popseo_stadttext":"<h3>Zu Ihren Diensten in Geesthacht<\/h3>\n<p>Wir betreuen Kunden aus Geesthacht und Umgebung. Durch unsere Vertriebst\u00e4tigkeit haben wir uns einen ausgezeichneten \u00dcberblick \u00fcber die Stadtarchitektur der Gemeinden und St\u00e4dte unseres Einzugsbereiches machen k\u00f6nnen. Nat\u00fcrlich geh\u00f6rt auch Ihre Region zu unserem unmittelbaren Gesch\u00e4ftsgebiet. Wir freuen uns darauf, mit Ihnen in Kontakt zu treten. <\/p>\n<h3>Einige Informationen zur Stadt Geesthacht<\/h3>\n<p>Im S\u00fcdosten von Hamburg, direkt am Ufer der Elbe findet man Geesthacht, die gr\u00f6\u00dfte Stadt des Kreises Herzogtum Lauenburg in Schleswig-Holstein. Geesthacht geh\u00f6rt bereits zu der Metropolregion Hamburg. Zur City von Hamburg sind es ungef\u00e4hr 30 Kilometer, bis zum n\u00e4chstgelegenen Stadtteil Hamburg-Bergedorf knapp 12 km.<br \/>\nInnovationen und Fortschritt pr\u00e4gen den Ort Geesthacht. Typisch hierf\u00fcr sind das Pumpspeicherwerk, der Forschungsreaktor Geesthacht und das Kernkraftwerk Kr\u00fcmmel. Sie machen Geesthacht zu dem gr\u00f6\u00dften Nuklear- und Energiestandort in Norddeutschland. Kein Wunder, dass Geesthacht mit in etwa 50 Mio EUR R\u00fccklagen den 1. Rang unter den verm\u00f6gendsten St\u00e4dten in Schleswig-Holstein einnimmt. Ma\u00dfgebend sind hier allerdings die Zahlungen des AKW.<\/p>\n<p>Die Stadt Geesthacht erreicht man mit dem Auto aus s\u00fcdlicher Richtung \u00fcber die Bundesstra\u00dfe 404. \u00dcber diese Bundesstra\u00dfe hat man auch Anschluss an die A25, \u00fcber die man auf direktem Wege nach Hamburg kommt. Parallel zur Bundesautobahn verl\u00e4uft die Bundesstra\u00dfe B5, die geradewegs von Hamburg-Bergedorf durch die Innenstadt von Geesthacht f\u00fchrt und in Lauenburg endet.<br \/>\nAuch mit \u00f6ffentlichen Verkehrsmitteln kann man, dank der Vernetzung mit dem HVV, Geesthacht problemlos erreichen. Aufgrund der direkten Nachbarschaft zum Stadtgebiet von Hamburg bringt Sie der Metrobus des HVV bequem, innerhalb von 20 Minuten nach Hamburg.<\/p>\n<h4>Privat- und Gesch\u00e4ftskunden aus Geesthacht sch\u00e4tzen unsere Leistungen!<\/h4>\n<p>Klasse, dass Sie diese Seite gefunden haben. Wenn Sie eine erfahrene Fachfirma suchen, sind Sie bei uns an der richtigen Adresse. Sie m\u00f6chten mehr \u00fcber uns erfahren? F\u00fcr R\u00fcckfragen stehen wir Ihnen jederzeit zur Verf\u00fcgung. Auf Ihre Anfragen freuen wir uns.<\/p>","popseo_zusatztext":"<h3>Tradition und Erfahrung zeichnen unseren Fachbetrieb aus<\/h3>\n<p>Vertrauen Sie bei Sicherheit und Sonnenschutz unbedingt auf die sachspezifische Leistung vom Fachbetrieb. Nur ein Fachbetrieb kennt die Tricks und Tipps, wie man zu einem \u00fcberzeugenden Ergebnis kommt. Um sich mit Fug und Recht als Fachbetrieb zu titulieren, braucht es eine anerkannte Ausbildung der Mitarbeiter und eine jahrelange Fachkenntnis.  <\/p>\n<p>Unsere Unternehmung empfiehlt sich als Ihr qualifizierter Fachbetrieb f\u00fcr Sicherheit und Sonnenschutz. Setzen Sie auf Qualit\u00e4t und schenken Sie unserem Fachbetrieb Ihr Vertrauen. Wir bieten Ihnen z.B. hervorragende Markisen und Rolll\u00e4den und legen h\u00f6chsten Wert auf einen indivduellen Service. Schon seit vielen Jahren sind wir erfahrener Fachbetrieb f\u00fcr Terrassend\u00e4cher, Au\u00dfenjalousien, Rolll\u00e4den im Raum L\u00fcneburg. Es ist unser Bestreben, dass Sie dauerhaft viel Freude an Ihrem Sicht und Sonnenschutz haben. Von einem Fachbetrieb d\u00fcrfen Sie zu Recht eine absolute Top-Leistung erwarten.<\/p>\n<h3>Auf einen Fachbetrieb ist Verlass<\/h3>\n<p>Als Fachbetrieb darf sich eine Unternehmung bezeichnen, deren Mitarbeiter \u00fcber dokumentierte Qualifikationen verf\u00fcgen. Dies ist z.B. eine entsprechende Berufsausbildung oder ein Meisterbrief. Auch zeichnet eine intensive praktische Erfahrung einen Fachbetrieb aus. Bereits seit vielen Jahren konzentrieren wir uns als spezialisiertes Unternehmen auf Sicherheit und Sonnenschutz von Wohn- und Gesch\u00e4ftsh\u00e4usern. In diesen vielen Jahren haben wir uns die Bezeichnung Fachbetrieb bestimmt verdient. Wir verwenden uneingeschr\u00e4nkt qualitativ beste Artikel. Dabei achten wir immer auf ein perfektes Preis-Leistungsverh\u00e4ltnis. Unser Motto als Fachbetrieb: Wir bieten Ihnen 1a-Leistung zu einem 1a- Preis.<\/p>","popseo_links":"<a href=\"https:\/\/www.kaduk-bauelemente.de\/leistungen\/terrassendaecher-aus-aluminium-lueneburg\/\">Terrassend\u00e4cher aus Aluminium L\u00fcneburg<\/a>, <a href=\"https:\/\/www.kaduk-bauelemente.de\/leistungen\/terrassendaecher-aus-holz-bienenbuettel\/\">Terrassend\u00e4cher aus Holz Bienenb\u00fcttel<\/a>, <a href=\"https:\/\/www.kaduk-bauelemente.de\/leistungen\/terrassenueberdachungen-aus-holz-reinbek-glinde\/\">Terrassen\u00fcberdachungen aus Holz Reinbek Glinde<\/a>, <a href=\"https:\/\/www.kaduk-bauelemente.de\/leistungen\/kunststofffenster-maschen\/\">Kunststofffenster Maschen<\/a>, <a href=\"https:\/\/www.kaduk-bauelemente.de\/leistungen\/rolllaeden-lueneburg\/\">Rolll\u00e4den L\u00fcneburg<\/a>, <a href=\"https:\/\/www.kaduk-bauelemente.de\/leistungen\/carports-lueneburg\/\">Carports L\u00fcneburg<\/a>, <a href=\"https:\/\/www.kaduk-bauelemente.de\/leistungen\/terrassendaecher-aus-holz-hanstedt\/\">Terrassend\u00e4cher aus Holz Hanstedt<\/a>, <a href=\"https:\/\/www.kaduk-bauelemente.de\/leistungen\/tueren-herzogtum-lauenburg\/\">T\u00fcren Herzogtum Lauenburg<\/a>, <a href=\"https:\/\/www.kaduk-bauelemente.de\/leistungen\/tueren-jesteburg\/\">T\u00fcren Jesteburg<\/a>, <a href=\"https:\/\/www.kaduk-bauelemente.de\/leistungen\/insektenschutz-salzhausen\/\">Insektenschutz Salzhausen<\/a>, <a href=\"https:\/\/www.kaduk-bauelemente.de\/leistungen\/terrassenueberdachungen-aus-aluminium-buchholz\/\">Terrassen\u00fcberdachungen aus Aluminium Buchholz<\/a>, <a href=\"https:\/\/www.kaduk-bauelemente.de\/leistungen\/terrassenueberdachungen-aus-holz-buchholz\/\">Terrassen\u00fcberdachungen aus Holz Buchholz<\/a>, <a href=\"https:\/\/www.kaduk-bauelemente.de\/leistungen\/fliegengitter-geesthacht\/\">Fliegengitter Geesthacht<\/a>, <a href=\"https:\/\/www.kaduk-bauelemente.de\/leistungen\/rolllaeden-herzogtum-lauenburg\/\">Rolll\u00e4den Herzogtum Lauenburg<\/a>, <a href=\"https:\/\/www.kaduk-bauelemente.de\/leistungen\/terrassenueberdachungen-aus-holz-bergedorf-wentorf\/\">Terrassen\u00fcberdachungen aus Holz Bergedorf Wentorf<\/a>, <a href=\"https:\/\/www.kaduk-bauelemente.de\/leistungen\/terrassendaecher-aus-holz-geesthacht\/\">Terrassend\u00e4cher aus Holz Geesthacht<\/a>, <a href=\"https:\/\/www.kaduk-bauelemente.de\/leistungen\/rolltore-lueneburg\/\">Rolltore L\u00fcneburg<\/a>, <a href=\"https:\/\/www.kaduk-bauelemente.de\/leistungen\/fliegengitter-bergedorf-wentorf\/\">Fliegengitter Bergedorf Wentorf<\/a>, <a href=\"https:\/\/www.kaduk-bauelemente.de\/leistungen\/sektionaltore-reppenstedt\/\">Sektionaltore Reppenstedt<\/a>, <a href=\"https:\/\/www.kaduk-bauelemente.de\/leistungen\/haustueren-bispingen\/\">Haust\u00fcren Bispingen<\/a>, <a href=\"https:\/\/www.kaduk-bauelemente.de\/leistungen\/raffstores-bardowick\/\">Raffstores Bardowick<\/a>, <a href=\"https:\/\/www.kaduk-bauelemente.de\/leistungen\/terrassenueberdachungen-aus-holz-jesteburg\/\">Terrassen\u00fcberdachungen aus Holz Jesteburg<\/a>, <a href=\"https:\/\/www.kaduk-bauelemente.de\/leistungen\/garagen-seevetal-rosengarten\/\">Garagen Seevetal Rosengarten<\/a>, <a href=\"https:\/\/www.kaduk-bauelemente.de\/leistungen\/insektenschutz-winsen-luhe\/\">Insektenschutz Winsen Luhe<\/a>, <a href=\"https:\/\/www.kaduk-bauelemente.de\/leistungen\/carports-buechen\/\">Carports B\u00fcchen<\/a>, <a href=\"https:\/\/www.kaduk-bauelemente.de\/leistungen\/sektionaltore-herzogtum-lauenburg\/\">Sektionaltore Herzogtum Lauenburg<\/a>, <a href=\"https:\/\/www.kaduk-bauelemente.de\/leistungen\/zaunbau-tostedt-sittensen\/\">Zaunbau Tostedt Sittensen<\/a>, <a href=\"https:\/\/www.kaduk-bauelemente.de\/leistungen\/rollladen-harburg\/\">Rollladen Harburg<\/a>"},"_links":{"self":[{"href":"https:\/\/www.kaduk-bauelemente.de\/leistungen\/wp-json\/wp\/v2\/pages\/4618","targetHints":{"allow":["GET"]}}],"collection":[{"href":"https:\/\/www.kaduk-bauelemente.de\/leistungen\/wp-json\/wp\/v2\/pages"}],"about":[{"href":"https:\/\/www.kaduk-bauelemente.de\/leistungen\/wp-json\/wp\/v2\/types\/page"}],"author":[{"embeddable":true,"href":"https:\/\/www.kaduk-bauelemente.de\/leistungen\/wp-json\/wp\/v2\/users\/1"}],"replies":[{"embeddable":true,"href":"https:\/\/www.kaduk-bauelemente.de\/leistungen\/wp-json\/wp\/v2\/comments?post=4618"}],"version-history":[{"count":0,"href":"https:\/\/www.kaduk-bauelemente.de\/leistungen\/wp-json\/wp\/v2\/pages\/4618\/revisions"}],"wp:attachment":[{"href":"https:\/\/www.kaduk-bauelemente.de\/leistungen\/wp-json\/wp\/v2\/media?parent=4618"}],"curies":[{"name":"wp","href":"https:\/\/api.w.org\/{rel}","templated":true}]}}