{"id":4616,"date":"2021-08-25T12:19:25","date_gmt":"2021-08-25T10:19:25","guid":{"rendered":"https:\/\/www.kaduk-bauelemente.de\/leistungen\/terrassendaecher-aus-holz-buechen\/"},"modified":"2021-08-25T12:19:25","modified_gmt":"2021-08-25T10:19:25","slug":"terrassendaecher-aus-holz-buechen","status":"publish","type":"page","link":"https:\/\/www.kaduk-bauelemente.de\/leistungen\/terrassendaecher-aus-holz-buechen\/","title":{"rendered":"Terrassend\u00e4cher aus Holz &#8211; B\u00fcchen"},"content":{"rendered":"<h3>D\u00fcrfen wir Ihre Fragen \u00fcber Terrassend\u00e4cher aus Holz beantworten?<\/h3>\n<p>Als erfahrenes Fachgesch\u00e4ft \u00fcberzeugen uns immer wieder auch Terrassend\u00e4cher aus Holz. Naturbelassenes Material ist ganz sicher ein Ausdruck f\u00fcr einen individuellen Geschmack. Den Vergleich zu Konstruktionen aus Alu oder Stahl muss ein Terrassendach aus Holz nicht f\u00fcrchten. Gefertigt werden die \u00dcberdachungen aus Fichte. Eine hervorragende Verleimungsqualit\u00e4t ist sichergestellt. Verarbeitet werden Stegdoppelplatten aus Plexiglas. Terrassend\u00e4cher aus Holz bieten Ihnen ein hohes Ma\u00df an Gem\u00fctlichkeit und Sicherheit.<\/p>\n<p>Terrassend\u00e4cher bescheren einem Wohnhaus einen sehr besonderen Charme. Unter Terrassend\u00e4chern sitzt man sicher und gem\u00fctlich und kann selbst bei Regenwetter eine sch\u00f6ne Zeit im Freien verbringen. Terrassend\u00e4cher sch\u00fctzen vor Wetter und Wind und laden einfach zum unbeschwertem Aufenthalt ein. S\u00e4mtliche Produkte aus unserem Katalog sind raumsparend und sehr belastbar. Terrassend\u00e4cher aus Holz bieten au\u00dferdem immer auch ein gro\u00dfes Ma\u00df an Komfort und Sicherheit. <\/p>\n<h3>Terrassend\u00e4cher aus Holz f\u00fcr Ihre Immobilie<\/h3>\n<p>Terrassend\u00e4cher sind nie nur ein simpler Regenschutz. Sie werden erleben, dass Terrassend\u00e4cher ein Hauptgrund f\u00fcr die h\u00e4ufigere Nutzung des Gartens sind. Wir k\u00f6nnen Ihnen schon an dieser Stelle garantieren, dass Sie bis in den Sp\u00e4therbst hinein sehr viel Spa\u00df an Ihrer Terrasse haben werden. Terrassend\u00e4cher erh\u00f6hen einfach die Zufriedenheit. Und ganz nebenbei werden auch Ihre Gartenm\u00f6bel ausgezeichnet vor negativen Wettereinfl\u00fcssen gesch\u00fctzt. Je nach Ausma\u00df und Gestalt der zu \u00fcberdachenden Bereiche sind verschiedene Terrassend\u00e4cher aus Holz erh\u00e4ltlich. Und je nach pers\u00f6nlichem Geschmack darf unter unterschiedlichen Konstruktionen ausgew\u00e4hlt werden. In unserer Ausstellung zeigen wir Ihnen von Montag bis Freitag in der Zeit von 9.00 und 18.00 Uhr sowie samstags zwischen 9:00 und 13:00 Uhr eine gro\u00dfe Anzahl von L\u00f6sungsm\u00f6glichkeiten.<\/p>\n","protected":false},"excerpt":{"rendered":"<p>D\u00fcrfen wir Ihre Fragen \u00fcber Terrassend\u00e4cher aus Holz beantworten? Als erfahrenes Fachgesch\u00e4ft \u00fcberzeugen uns immer wieder auch Terrassend\u00e4cher aus Holz. Naturbelassenes Material ist ganz sicher ein Ausdruck f\u00fcr einen individuellen Geschmack. Den Vergleich zu Konstruktionen aus Alu oder Stahl muss ein Terrassendach aus Holz nicht f\u00fcrchten. Gefertigt werden die \u00dcberdachungen aus Fichte. Eine hervorragende Verleimungsqualit\u00e4t [&hellip;]<\/p>\n","protected":false},"author":1,"featured_media":0,"parent":0,"menu_order":0,"comment_status":"closed","ping_status":"closed","template":"","meta":{"footnotes":""},"class_list":["post-4616","page","type-page","status-publish","hentry"],"meta_box":{"popseo_subtitel":"Wir sind Ihr erfahrener Fachbetrieb f\u00fcr Terrassend\u00e4cher aus Holz in B\u00fcchen","popseo_subtitel2":"Terrassend\u00e4cher aus Holz - wir helfen Ihnen gerne!","popseo_lasttitel":"Terrassend\u00e4cher aus Holz: F\u00fcr weitere Informationen sprechen Sie uns bitte an","popseo_region":"B\u00fcchen","popseo_sachwort":"Terrassend\u00e4cher aus Holz","popseo_noupdate":"","popseo_einleitungstext":"<p>Wenn Sie mehr wissen m\u00f6chten, informieren wir Sie n\u00e4her \u00fcber unser Produkt- und T\u00e4tigkeitsspektrum. Wir zeigen Ihnen mit Vergn\u00fcgen auch einige Referenzprojekte, die Ihnen einen Einblick in unsere Unternehmenst\u00e4tigkeit geben.<br \/>\nSetzen Sie auf die Expertise eines erfahrenen Fachbetriebes. Rufen Sie uns doch rasch einmal an oder schicken Sie uns eine kurze E-Mail. Wir freuen uns auf Ihre Kontaktaufnahme.<\/p>","popseo_schlusstext":"<p>Wenn Sie mehr wissen m\u00f6chten, informieren wir Sie n\u00e4her \u00fcber unser Produkt- und T\u00e4tigkeitsspektrum. Wir zeigen Ihnen mit Vergn\u00fcgen auch einige Referenzprojekte, die Ihnen einen Einblick in unsere Arbeit geben.<br \/>\nWir sind f\u00fcr Sie da. Rufen Sie uns doch rasch einmal an oder schreiben Sie uns eine schnelle E-Mail. Wir freuen uns auf Sie.<\/p>","popseo_stadttext":"<h3>Unser Leistungskatalog f\u00fcr Kunden aus B\u00fcchen<\/h3>\n<p>Durch unsere Gesch\u00e4ftst\u00e4tigkeit haben wir uns einen ausgezeichneten \u00dcberblick \u00fcber die Architektur der Gemeinden und St\u00e4dte unseres Einzugsbereiches erarbeiten k\u00f6nnen. Selbstverst\u00e4ndlich geh\u00f6rt auch B\u00fcchen zu unserem unmittelbaren Gesch\u00e4ftsgebiet. Wir freuen uns darauf, mit Ihnen in Kontakt zu treten. <\/p>\n<h3>Interessante Fakten zu B\u00fcchen<\/h3>\n<p>B\u00fcchen befindet sich im M\u00fcndungsbereich des Elbe-L\u00fcbeck-Kanals im Kreis Herzogtum-Lauenburg im s\u00fcdlichen Schleswig-Holstein. In Summe 5.700 B\u00fcrger wohnen in B\u00fcchen auf einer Gesamtfl\u00e4che von 16 qkm. Die Entfernung zwischen B\u00fcchen und der Hansestadt Hamburg bel\u00e4uft sich auf ca. 40 Kilometer. Viele Pendler wohnen in der Gemeinde B\u00fcchen. Wer seine Arbeitsstelle in Hamburg hat, das private Lebensumfeld jedoch lieber ein weniger beschaulicher hat, wei\u00df die Vorteile der Stadt B\u00fcchen zu sch\u00e4tzen.<\/p>\n<p>B\u00fcchen ist ein Halt auf den Bahnlinien L\u00fcbeck-L\u00fcneburg und Hamburg-Berlin. Wer die Zeit der beiden deutschen Staaten miterlebt hat, erinnert sich sicherlich noch an die intensiven Passkontrollen im Bahnhof von B\u00fcchen. Bis 1990 lag B\u00fcchen im unmittelbaren Grenzgebiet zwischen der ehemaligen Bundesrepublik und der damaligen DDR. Wer mit dem PKW f\u00e4hrt, erreicht die Stadt B\u00fcchen zum Beispiel \u00fcber die Autobahn A24. Die Abfahrt B\u00fcchen befindet sich knapp acht Kilometer vom Ortskern entfernt.<\/p>\n<h3>Reizvolles B\u00fcchen!<\/h3>\n<p>Die heutige Gemeinde B\u00fcchen ist eine Verbindung verschiedener kleinerer Orte. Dem namensgebenden B\u00fcchen selbst gemeindete man in den 1930ern die Orte N\u00fcssau und P\u00f6trau ein. Das Amt B\u00fcchen z\u00e4hlt insgesamt 15 Gemeinden. Durch die Nachbarschaft zur Gro\u00dfstadt Hamburg hat sich in B\u00fcchen ein erstaunlich bewegtes Wirtschaftsleben etabliert. Der Wirtschaftsstandort ist exzellent gelegen und bietet Firmen hervorragende Konditionen. <\/p>\n<p>Sehr gesch\u00e4tzt wird B\u00fcchen von Naturfreunden wegen seines guten Naherholungswertes. In B\u00fcchen startet man gerne zu langen Exkursionen durch den Naturpark Lauenburgische Seen. Speziell f\u00fcr Familien ist B\u00fcchen geeignet. Die ruhige Lage sowie eine sehr gute Infrastruktur zeichnen die Stadt aus. Alle Schulformen sind vorhanden und auch das \u00f6rtliche Jugendzentrum erfreut sich regem Zuspruch. <\/p>\n<h4>Unsere Leistung f\u00fcr qualit\u00e4tsbewusste Kunden aus B\u00fcchen<\/h4>\n<p>Wir finden es super, dass Sie unsere Internetseite gefunden haben. Unsere Erfahrung und die Qualit\u00e4t von Material und Ausf\u00fchrung garantiert Ihnen ein sehr gutes Preis-Leistungsverh\u00e4ltnis. Sie m\u00f6chten mehr \u00fcber uns erfahren? F\u00fcr R\u00fcckfragen stehen wir Ihnen jederzeit zur Verf\u00fcgung. Unser freundliches Team freut sich auf Sie.<\/p>","popseo_zusatztext":"<h3>Kaduk Bauelemente ist Ihr Fachbetrieb f\u00fcr Sonnen- und Sichtschutz<\/h3>\n<p>Setzen Sie bei Sonnenschutz und Sicherheit auf alle F\u00e4lle auf die fachliche Leistung vom Fachbetrieb. Nur ein Fachbetrieb kennt die Alternativen, wie man zu einem hervorragenden Ergebnis kommt. Um sich mit Fug und Recht als Fachbetrieb bezeichnen zu d\u00fcrfen, braucht es eine qualifizierte Ausbildung der Mitarbeiter und eine langj\u00e4hrige Erfahrung.  <\/p>\n<p>Unsere Firma empfiehlt sich als Ihr fachkundiger Fachbetrieb f\u00fcr Sicherheit und Sonnenschutz. Setzen Sie auf Qualit\u00e4t und schenken Sie unserem Fachbetrieb Ihr Vertrauen. Wir bieten Ihnen beispielsweise hochwertige Markisen und Rolll\u00e4den und legen allergr\u00f6\u00dften Wert auf einen perfekten Service. Schon seit vielen Jahren sind wir spezialisierter Fachbetrieb f\u00fcr Terrassend\u00e4cher, Au\u00dfenjalousien, Rolll\u00e4den im Raum L\u00fcneburg. Es ist uns wichtig, dass Sie \u00fcber lange Zeit viel Freude an Ihrem Sicht und Sonnenschutz haben. Von einem Fachbetrieb d\u00fcrfen Sie ohne Frage eine absolute Top-Leistung erwarten.<\/p>\n<h3>Sicht- und Sonnenschutz\u2013 ein Thema f\u00fcr den Fachbetrieb<\/h3>\n<p>Als Fachbetrieb darf sich eine Unternehmung bezeichnen, deren Mitarbeiter \u00fcber dokumentierte Qualifikationen verf\u00fcgen. Dies ist zum Beispiel eine entsprechende Ausbildung oder ein Meisterbrief. Dar\u00fcber hinaus zeichnet eine langj\u00e4hrige praktische Erfahrung einen Fachbetrieb aus. Schon seit vielen Jahren konzentrieren wir uns als spezialisiertes Unternehmen auf Sicherheit und Sonnenschutz von Wohn- und Gesch\u00e4ftsh\u00e4usern. In diesen langen Jahren haben wir uns die Bezeichnung Fachbetrieb ganz bestimmt erarbeitet. Wir nutzen nur qualitativ beste Materialien. Dabei achten wir immer auf ein perfektes Preis-Leistungsverh\u00e4ltnis. Unser Selbstverst\u00e4ndnis als Fachbetrieb: Wir bieten Ihnen beste Qualit\u00e4t zu einem 1a- Preis.<\/p>","popseo_links":"<a href=\"https:\/\/www.kaduk-bauelemente.de\/leistungen\/rolllaeden-ebstorf\/\">Rolll\u00e4den Ebstorf<\/a>, <a href=\"https:\/\/www.kaduk-bauelemente.de\/leistungen\/kunststofffenster-hanstedt\/\">Kunststofffenster Hanstedt<\/a>, <a href=\"https:\/\/www.kaduk-bauelemente.de\/leistungen\/holzfenster-winsen-luhe\/\">Holzfenster Winsen Luhe<\/a>, <a href=\"https:\/\/www.kaduk-bauelemente.de\/leistungen\/tueren-hanstedt\/\">T\u00fcren Hanstedt<\/a>, <a href=\"https:\/\/www.kaduk-bauelemente.de\/leistungen\/carports-boizenburg\/\">Carports Boizenburg<\/a>, <a href=\"https:\/\/www.kaduk-bauelemente.de\/leistungen\/zaunbau-bad-bevensen\/\">Zaunbau Bad Bevensen<\/a>, <a href=\"https:\/\/www.kaduk-bauelemente.de\/leistungen\/rolltore-salzhausen\/\">Rolltore Salzhausen<\/a>, <a href=\"https:\/\/www.kaduk-bauelemente.de\/leistungen\/kunststofffenster-amt-neuhaus\/\">Kunststofffenster Amt Neuhaus<\/a>, <a href=\"https:\/\/www.kaduk-bauelemente.de\/leistungen\/terrassendaecher-aus-aluminium-bardowick\/\">Terrassend\u00e4cher aus Aluminium Bardowick<\/a>, <a href=\"https:\/\/www.kaduk-bauelemente.de\/leistungen\/garagentore-geesthacht\/\">Garagentore Geesthacht<\/a>, <a href=\"https:\/\/www.kaduk-bauelemente.de\/leistungen\/holzfenster-buechen\/\">Holzfenster B\u00fcchen<\/a>, <a href=\"https:\/\/www.kaduk-bauelemente.de\/leistungen\/insektenschutz-reinbek-glinde\/\">Insektenschutz Reinbek Glinde<\/a>, <a href=\"https:\/\/www.kaduk-bauelemente.de\/leistungen\/terrassendaecher-aus-holz-bispingen\/\">Terrassend\u00e4cher aus Holz Bispingen<\/a>, <a href=\"https:\/\/www.kaduk-bauelemente.de\/leistungen\/garagen-stelle\/\">Garagen Stelle<\/a>, <a href=\"https:\/\/www.kaduk-bauelemente.de\/leistungen\/zaunbau-stelle\/\">Zaunbau Stelle<\/a>, <a href=\"https:\/\/www.kaduk-bauelemente.de\/leistungen\/terrassendaecher-aus-holz-tostedt-sittensen\/\">Terrassend\u00e4cher aus Holz Tostedt Sittensen<\/a>, <a href=\"https:\/\/www.kaduk-bauelemente.de\/leistungen\/insektenschutz-schwarzenbek\/\">Insektenschutz Schwarzenbek<\/a>, <a href=\"https:\/\/www.kaduk-bauelemente.de\/leistungen\/terrassenueberdachungen-aus-aluminium-schwarzenbek\/\">Terrassen\u00fcberdachungen aus Aluminium Schwarzenbek<\/a>, <a href=\"https:\/\/www.kaduk-bauelemente.de\/leistungen\/rolltore-amelinghausen\/\">Rolltore Amelinghausen<\/a>, <a href=\"https:\/\/www.kaduk-bauelemente.de\/leistungen\/garagen-amt-neuhaus\/\">Garagen Amt Neuhaus<\/a>, <a href=\"https:\/\/www.kaduk-bauelemente.de\/leistungen\/rolltore-boizenburg\/\">Rolltore Boizenburg<\/a>, <a href=\"https:\/\/www.kaduk-bauelemente.de\/leistungen\/zaunbau-jesteburg\/\">Zaunbau Jesteburg<\/a>, <a href=\"https:\/\/www.kaduk-bauelemente.de\/leistungen\/carports-harburg\/\">Carports Harburg<\/a>, <a href=\"https:\/\/www.kaduk-bauelemente.de\/leistungen\/kunststofffenster-winsen-luhe\/\">Kunststofffenster Winsen Luhe<\/a>, <a href=\"https:\/\/www.kaduk-bauelemente.de\/leistungen\/sektionaltore-reppenstedt\/\">Sektionaltore Reppenstedt<\/a>, <a href=\"https:\/\/www.kaduk-bauelemente.de\/leistungen\/zaunbau-geesthacht\/\">Zaunbau Geesthacht<\/a>, <a href=\"https:\/\/www.kaduk-bauelemente.de\/leistungen\/tueren-tostedt-sittensen\/\">T\u00fcren Tostedt Sittensen<\/a>, <a href=\"https:\/\/www.kaduk-bauelemente.de\/leistungen\/terrassendaecher-aus-holz-amelinghausen\/\">Terrassend\u00e4cher aus Holz Amelinghausen<\/a>"},"_links":{"self":[{"href":"https:\/\/www.kaduk-bauelemente.de\/leistungen\/wp-json\/wp\/v2\/pages\/4616","targetHints":{"allow":["GET"]}}],"collection":[{"href":"https:\/\/www.kaduk-bauelemente.de\/leistungen\/wp-json\/wp\/v2\/pages"}],"about":[{"href":"https:\/\/www.kaduk-bauelemente.de\/leistungen\/wp-json\/wp\/v2\/types\/page"}],"author":[{"embeddable":true,"href":"https:\/\/www.kaduk-bauelemente.de\/leistungen\/wp-json\/wp\/v2\/users\/1"}],"replies":[{"embeddable":true,"href":"https:\/\/www.kaduk-bauelemente.de\/leistungen\/wp-json\/wp\/v2\/comments?post=4616"}],"version-history":[{"count":0,"href":"https:\/\/www.kaduk-bauelemente.de\/leistungen\/wp-json\/wp\/v2\/pages\/4616\/revisions"}],"wp:attachment":[{"href":"https:\/\/www.kaduk-bauelemente.de\/leistungen\/wp-json\/wp\/v2\/media?parent=4616"}],"curies":[{"name":"wp","href":"https:\/\/api.w.org\/{rel}","templated":true}]}}