{"id":4614,"date":"2021-08-25T12:19:25","date_gmt":"2021-08-25T10:19:25","guid":{"rendered":"https:\/\/www.kaduk-bauelemente.de\/leistungen\/terrassendaecher-aus-holz-boizenburg\/"},"modified":"2021-08-25T12:19:25","modified_gmt":"2021-08-25T10:19:25","slug":"terrassendaecher-aus-holz-boizenburg","status":"publish","type":"page","link":"https:\/\/www.kaduk-bauelemente.de\/leistungen\/terrassendaecher-aus-holz-boizenburg\/","title":{"rendered":"Terrassend\u00e4cher aus Holz &#8211; Boizenburg"},"content":{"rendered":"<h3>Terrassend\u00e4cher aus Holz sind auch optisch ein Highlight!<\/h3>\n<p>Als routiniertes Fachgesch\u00e4ft begeistern uns auch Terrassend\u00e4cher aus Holz. Naturbelassenes Material ist ohne Frage ein Merkmal f\u00fcr einen individuellen Geschmack. Den Vergleich zu Anfertigungen aus Alu oder Stahl muss ein Terrassendach aus Holz nicht f\u00fcrchten. Hergestellt werden die \u00dcberdachungen aus Fichtenholz. Eine bestm\u00f6gliche Verleimungsqualit\u00e4t ist sichergestellt. Verarbeitet werden Stegdoppelplatten aus Plexiglas. Terrassend\u00e4cher aus Holz bieten ein gro\u00dfes Ma\u00df an Komfort und Sicherheit.<\/p>\n<p>Terrassend\u00e4cher verleihen einem Wohn- oder Gesch\u00e4ftshaus einen sehr au\u00dfergew\u00f6hnlichen Charme. Unter Terrassend\u00e4chern sitzt man sicher und gem\u00fctlich und kann auch bei Regen eine tolle Zeit an der frischen Luft verbringen. Terrassend\u00e4cher sch\u00fctzen vor Wetter und Wind und laden daher zum unbeschwertem Aufenthalt ein. S\u00e4mtliche Produkte aus unserem Katalog sind platzsparend und sehr strapazierf\u00e4hig. Terrassend\u00e4cher aus Holz bieten dar\u00fcber hinaus immer auch ein sehr hohes Ma\u00df an Luxus und Sicherheit. <\/p>\n<h3>Terrassend\u00e4cher aus Holz f\u00fcr Ihre Immobilie<\/h3>\n<p>Terrassend\u00e4cher sind l\u00e4ngst nicht nur ein einfacher Regenschutz. Sie werden sehen, dass Terrassend\u00e4cher ein Grund f\u00fcr die h\u00e4ufigere Nutzung des Gartens sind. Wir k\u00f6nnen Ihnen schon an dieser Stelle versprechen, dass Sie bis in den Sp\u00e4therbst hinein sehr viel Freude an Ihrer Terrasse haben werden. Terrassend\u00e4cher erh\u00f6hen schlichtweg die Wohnqualit\u00e4t. Und au\u00dferdem werden auch Ihre M\u00f6bel optimal vor schlechten Wetterverh\u00e4ltnissen bewahrt. Je nach Gr\u00f6\u00dfe und Zustand der zu \u00fcberdachenden Fl\u00e4chen sind unterschiedliche Terrassend\u00e4cher aus Holz erh\u00e4ltlich. Und je nach jeweiligem Geschmack kann unter verschiedenen Ausf\u00fchrungen ausgew\u00e4hlt werden. In unserem Ausstellungsraum zeigen wir Ihnen montags bis freitags zwischen 9.00 und 18.00 Uhr sowie samstags zwischen 9:00 und 13:00 Uhr eine Menge L\u00f6sungsalternativen.<\/p>\n","protected":false},"excerpt":{"rendered":"<p>Terrassend\u00e4cher aus Holz sind auch optisch ein Highlight! Als routiniertes Fachgesch\u00e4ft begeistern uns auch Terrassend\u00e4cher aus Holz. Naturbelassenes Material ist ohne Frage ein Merkmal f\u00fcr einen individuellen Geschmack. Den Vergleich zu Anfertigungen aus Alu oder Stahl muss ein Terrassendach aus Holz nicht f\u00fcrchten. Hergestellt werden die \u00dcberdachungen aus Fichtenholz. Eine bestm\u00f6gliche Verleimungsqualit\u00e4t ist sichergestellt. Verarbeitet [&hellip;]<\/p>\n","protected":false},"author":1,"featured_media":0,"parent":0,"menu_order":0,"comment_status":"closed","ping_status":"closed","template":"","meta":{"footnotes":""},"class_list":["post-4614","page","type-page","status-publish","hentry"],"meta_box":{"popseo_subtitel":"Wir sind Ihr Partner f\u00fcr Terrassend\u00e4cher aus Holz in Boizenburg","popseo_subtitel2":"Terrassend\u00e4cher aus Holz - wir helfen Ihnen gerne!","popseo_lasttitel":"Terrassend\u00e4cher aus Holz: F\u00fcr weitere Informationen sprechen Sie uns bitte an","popseo_region":"Boizenburg","popseo_sachwort":"Terrassend\u00e4cher aus Holz","popseo_noupdate":"","popseo_einleitungstext":"<p>Wenn Sie mehr wissen m\u00f6chten, informieren wir Sie n\u00e4her \u00fcber unsere Produkte und unser Aufgabengebiet. Wir pr\u00e4sentieren Ihnen mit Vergn\u00fcgen auch einige Projekte, die Ihnen einen Einblick in unsere T\u00e4tigkeit geben.<br \/>\nWir sind f\u00fcr Sie da. Rufen Sie uns doch einfach einmal an oder schreiben Sie uns eine schnelle E-Mail. Wir freuen uns auf den Kontakt zu Ihnen.<\/p>","popseo_schlusstext":"<p>Sie haben eine Frage zu unserem Produkt- und Leistungskatalog? Auf Wunsch informieren wir Sie gerne n\u00e4her \u00fcber unser gesamtes Themengebiet. Mit Vergn\u00fcgen nennen wir Ihnen einige Referenzprojekte, die Ihnen einen Einblick in unsere T\u00e4tigkeit geben. Rufen Sie uns doch einfach einmal an oder senden Sie uns eine E-Mail. Unser freundliches Team arbeitet fachkundig und immer kundenorientiert. Bitte w\u00e4hlen Sie: <\/p>\n<p>04131 \u2013 40 81 45<\/p>","popseo_stadttext":"<h3>Leben und Wohnen in Boizenburg<\/h3>\n<p>Unser Gesch\u00e4ftsbereich umfasst auch Boizenburg. Durch unsere Gesch\u00e4ftst\u00e4tigkeit haben wir uns einen sehr guten \u00dcberblick \u00fcber die Stadtarchitektur der St\u00e4dte und Gemeinden unseres Vertriebsgebietes machen k\u00f6nnen. Wir f\u00fchlen uns der Region verpflichtet und sind stolz darauf, auch einen Anteil zur ausgezeichneten Infrastruktur der Gemeinde Boizenburg beisteuern zu d\u00fcrfen.  <\/p>\n<h3>Lebensmittelpunkt Boizenburg<\/h3>\n<p>Die Stadt Boizenburg befindet sich im Landkreis Ludwigslust-Parchim in Mecklenburg-Vorpommern. In Boizenburg leben ungef\u00e4hr 10.000 Menschen auf einer Fl\u00e4che von 47 Quadratkilometer. Der Name Boizenburg leitet sich ab vom Fluss Boitze. Dieser flie\u00dft direkt durch das Gemeindegebiet. Etwas bekannter d\u00fcrfte jedoch sein, dass Boizenburg an der Elbe liegt. Boizenburg unterteilt sich in insgesamt f\u00fcnf Ortsteile. Dies sind Bahlenburg, Gehrum, Bahlen, Gothmann und Heide. <\/p>\n<p>Boizenburg ist eine verh\u00e4ltnism\u00e4\u00dfig alte Stadt. Erstmalig erw\u00e4hnt wurde die Region schon anno 1171. W\u00e4hrend der DDR-Diktatur war Boizenburg zu gro\u00dfen Teilen abgeschieden. Die damalige Deutsch-Deutsche-Grenze f\u00fchrte unmittelbar entlang des Stadtgebietes von Boizenburg. Zu dieser Zeit war Boizenburg Sperrzone. B\u00fcrger und G\u00e4ste der Stadt brauchten zu dieser Zeit einen beh\u00f6rdlichen Durchgangsschein. Eine Minderung der pers\u00f6nlichen Freiheit, die heute zum Gl\u00fcck nur noch schwer vorstellbar ist. <\/p>\n<h3>Wir kennen uns aus in Boizenburg<\/h3>\n<p>Nach der Vereinigung der zwei deutschen Staaten bl\u00fchte Boizenburg massiv auf. Der historische Stadtkern wurde modernisiert. Auch der kleine Elbhafen wurde umfangreich erneuert. Aktuell ist Boizenburg eine h\u00fcbsch gelegene Kleinstadt, die ihren Einwohnern ein gutes Umfeld bietet. Die Innenstadt von Boizenburg wird von einer mittelalterlichen Wallanlage dominiert. Zahllose Fachwerkh\u00e4user runden das Stadtbild ab. Besonders un\u00fcbersehbar ist auch das Rathaus Boizenburg - das h\u00fcbsche Fachwerkhaus wurde im Jahre 1711 errichtet. Au\u00dferdem pr\u00e4gt insbesondere die Sankt Marien Kirche das Erscheinungsbild der mecklenburgischen Stadt.<\/p>\n<p>Die Wirtschaft von Boizenburg ist gepr\u00e4gt von mittelst\u00e4ndischen Unternehmen. Rund 50 Hektar Gewerbegrund steht in Boizenburg zur Verf\u00fcgung. Eine weitere Ausdehnung ist in Planung. F\u00fcr junge Familien ist Boizenburg als Wohnort von Interesse. Das Kultur- und Sportangebot wirbt durch seine Vielfalt. Schulische Einrichtungen jeglicher Coleur und Kindertagesst\u00e4tten sind in befriedigender Zahl vorhanden.  <\/p>\n<h4>Wir f\u00fcr Sie in Boizenburg!<\/h4>\n<p>Klasse, dass Sie uns hier auf dieser Website entdeckt haben. Wenn Sie eine erfahrene Fachfirma suchen, sind Sie bei uns richtig. Sie m\u00f6chten mehr \u00fcber uns wissen? F\u00fcr R\u00fcckfragen stehen wir Ihnen jederzeit zur Verf\u00fcgung. Unser freundliches Team freut sich auf Sie.<\/p>","popseo_zusatztext":"<h3>G\u00fcnstig und preiswert \u2013 testen Sie uns!<\/h3>\n<p>Bauelemente m\u00fcssen hohen Anforderungen standhalten. Nichtsdestrotrotz darf es g\u00fcnstig und preiswert sein. Das muss generell kein Gegensatz sein. <\/p>\n<p>Als Fachbetrieb f\u00fcr Sonnenschutz und Sicherheit verwenden wir ausschlie\u00dflich ausgezeichnete Erzeugnisse. Trotzdem schauen wir stets auf ein angemessenes Preis-Leistungsverh\u00e4ltnis. Wir m\u00f6chten Ihnen Qualit\u00e4t bieten, die trotzdem auch g\u00fcnstig und preiswert ist. Geben Sie Ihrem Zuhause g\u00fcnstig und preiswert das besondere Plus an Qualit\u00e4t. Rolll\u00e4den und Markisen oder andere Sonnenschutzl\u00f6sungen sehen nicht nur schick aus, sie leisten auch einen bedeutsamen Anteil zur W\u00e4rmed\u00e4mmung.  <\/p>\n<h3>G\u00fcnstig und preiswert \u2013 trotzdem individuell und schick<\/h3>\n<p>D\u00fcrfen wir Sie beraten, wie Sie g\u00fcnstig und preiswert einen perfekten Sonnenschutz f\u00fcr Ihr Zuhause realisieren? Super, dann warten Sie bitte nicht und nehmen am besten gleich heute noch Verbindung mit uns auf. Ein kurzer Telefonanruf oder eine kurze E-Mail gen\u00fcgen. Mit Vergn\u00fcgen beraten Sie unsere perfekt ausgebildeten Fachleute \u00fcber die diversen Optionen, wie Sie Ihr Heim g\u00fcnstig und preiswert mit Rolll\u00e4den und Markisen oder anderen Sonnenschutzprodukten versehen. Wir freuen uns auf das Gespr\u00e4ch mit Ihnen. <\/p>\n<h4>Hochwertige Arbeit g\u00fcnstig und preiswert<\/h4>\n<p>Setzen Sie beim Thema Sonnenschutz und Sicherheit auf den Spezialisten. Nur ein Spezialbetrieb kennt die diversen Optionen, wie Sie g\u00fcnstig und preiswert, gleichzeitig qualitativ spitze einen perfekten Sonnenschutz erreichen. Qualit\u00e4tsbewusst, g\u00fcnstig und preiswert: Wir empfehlen uns als spezialisiertes Fachunternehmen im norddeutschen Gebiet. Unsere jahrelange Erfahrung zeichnet uns aus.<\/p>","popseo_links":"<a href=\"https:\/\/www.kaduk-bauelemente.de\/leistungen\/garagentore-reppenstedt\/\">Garagentore Reppenstedt<\/a>, <a href=\"https:\/\/www.kaduk-bauelemente.de\/leistungen\/terrassenueberdachungen-aus-holz-schwarzenbek\/\">Terrassen\u00fcberdachungen aus Holz Schwarzenbek<\/a>, <a href=\"https:\/\/www.kaduk-bauelemente.de\/leistungen\/raffstores-bispingen\/\">Raffstores Bispingen<\/a>, <a href=\"https:\/\/www.kaduk-bauelemente.de\/leistungen\/zaeune-lueneburg\/\">Z\u00e4une L\u00fcneburg<\/a>, <a href=\"https:\/\/www.kaduk-bauelemente.de\/leistungen\/kunststofffenster-bienenbuettel\/\">Kunststofffenster Bienenb\u00fcttel<\/a>, <a href=\"https:\/\/www.kaduk-bauelemente.de\/leistungen\/carports-seevetal-rosengarten\/\">Carports Seevetal Rosengarten<\/a>, <a href=\"https:\/\/www.kaduk-bauelemente.de\/leistungen\/terrassendaecher-aus-aluminium-ebstorf\/\">Terrassend\u00e4cher aus Aluminium Ebstorf<\/a>, <a href=\"https:\/\/www.kaduk-bauelemente.de\/leistungen\/terrassenueberdachungen-aus-aluminium-reppenstedt\/\">Terrassen\u00fcberdachungen aus Aluminium Reppenstedt<\/a>, <a href=\"https:\/\/www.kaduk-bauelemente.de\/leistungen\/tueren-reinbek-glinde\/\">T\u00fcren Reinbek Glinde<\/a>, <a href=\"https:\/\/www.kaduk-bauelemente.de\/leistungen\/tueren-bad-bevensen\/\">T\u00fcren Bad Bevensen<\/a>, <a href=\"https:\/\/www.kaduk-bauelemente.de\/leistungen\/garagentore-maschen\/\">Garagentore Maschen<\/a>, <a href=\"https:\/\/www.kaduk-bauelemente.de\/leistungen\/markisen-bardowick\/\">Markisen Bardowick<\/a>, <a href=\"https:\/\/www.kaduk-bauelemente.de\/leistungen\/markisen-amt-neuhaus\/\">Markisen Amt Neuhaus<\/a>, <a href=\"https:\/\/www.kaduk-bauelemente.de\/leistungen\/garagentore-uelzen\/\">Garagentore Uelzen<\/a>, <a href=\"https:\/\/www.kaduk-bauelemente.de\/leistungen\/garagentore-salzhausen\/\">Garagentore Salzhausen<\/a>, <a href=\"https:\/\/www.kaduk-bauelemente.de\/leistungen\/rolltore-geesthacht\/\">Rolltore Geesthacht<\/a>, <a href=\"https:\/\/www.kaduk-bauelemente.de\/leistungen\/garagen-harburg\/\">Garagen Harburg<\/a>, <a href=\"https:\/\/www.kaduk-bauelemente.de\/leistungen\/rolltore-amt-neuhaus\/\">Rolltore Amt Neuhaus<\/a>, <a href=\"https:\/\/www.kaduk-bauelemente.de\/leistungen\/holzfenster-hanstedt\/\">Holzfenster Hanstedt<\/a>, <a href=\"https:\/\/www.kaduk-bauelemente.de\/leistungen\/rolltore-adendorf\/\">Rolltore Adendorf<\/a>, <a href=\"https:\/\/www.kaduk-bauelemente.de\/leistungen\/rolllaeden-schwarzenbek\/\">Rolll\u00e4den Schwarzenbek<\/a>, <a href=\"https:\/\/www.kaduk-bauelemente.de\/leistungen\/markisen-bispingen\/\">Markisen Bispingen<\/a>, <a href=\"https:\/\/www.kaduk-bauelemente.de\/leistungen\/holzfenster-bispingen\/\">Holzfenster Bispingen<\/a>, <a href=\"https:\/\/www.kaduk-bauelemente.de\/leistungen\/carports-uelzen\/\">Carports Uelzen<\/a>, <a href=\"https:\/\/www.kaduk-bauelemente.de\/leistungen\/garagen-bispingen\/\">Garagen Bispingen<\/a>, <a href=\"https:\/\/www.kaduk-bauelemente.de\/leistungen\/rolltore-salzhausen\/\">Rolltore Salzhausen<\/a>, <a href=\"https:\/\/www.kaduk-bauelemente.de\/leistungen\/sektionaltore-amt-neuhaus\/\">Sektionaltore Amt Neuhaus<\/a>, <a href=\"https:\/\/www.kaduk-bauelemente.de\/leistungen\/terrassendaecher-aus-aluminium-bienenbuettel\/\">Terrassend\u00e4cher aus Aluminium Bienenb\u00fcttel<\/a>"},"_links":{"self":[{"href":"https:\/\/www.kaduk-bauelemente.de\/leistungen\/wp-json\/wp\/v2\/pages\/4614","targetHints":{"allow":["GET"]}}],"collection":[{"href":"https:\/\/www.kaduk-bauelemente.de\/leistungen\/wp-json\/wp\/v2\/pages"}],"about":[{"href":"https:\/\/www.kaduk-bauelemente.de\/leistungen\/wp-json\/wp\/v2\/types\/page"}],"author":[{"embeddable":true,"href":"https:\/\/www.kaduk-bauelemente.de\/leistungen\/wp-json\/wp\/v2\/users\/1"}],"replies":[{"embeddable":true,"href":"https:\/\/www.kaduk-bauelemente.de\/leistungen\/wp-json\/wp\/v2\/comments?post=4614"}],"version-history":[{"count":0,"href":"https:\/\/www.kaduk-bauelemente.de\/leistungen\/wp-json\/wp\/v2\/pages\/4614\/revisions"}],"wp:attachment":[{"href":"https:\/\/www.kaduk-bauelemente.de\/leistungen\/wp-json\/wp\/v2\/media?parent=4614"}],"curies":[{"name":"wp","href":"https:\/\/api.w.org\/{rel}","templated":true}]}}