{"id":4612,"date":"2021-08-25T12:19:25","date_gmt":"2021-08-25T10:19:25","guid":{"rendered":"https:\/\/www.kaduk-bauelemente.de\/leistungen\/terrassendaecher-aus-holz-bienenbuettel\/"},"modified":"2021-08-25T12:19:25","modified_gmt":"2021-08-25T10:19:25","slug":"terrassendaecher-aus-holz-bienenbuettel","status":"publish","type":"page","link":"https:\/\/www.kaduk-bauelemente.de\/leistungen\/terrassendaecher-aus-holz-bienenbuettel\/","title":{"rendered":"Terrassend\u00e4cher aus Holz &#8211; Bienenb\u00fcttel"},"content":{"rendered":"<h3>Terrassend\u00e4cher aus Holz &#8211; eine gute Investition<\/h3>\n<p>Als erfahrenes Unternehmen \u00fcberzeugen uns auch Terrassend\u00e4cher aus Holz. Nat\u00fcrliches Material ist fraglos ein Merkmal f\u00fcr einen individuellen Stil. Den Vergleich zu Anfertigungen aus Stahl oder Alu muss ein Terrassendach aus Holz nicht f\u00fcrchten. Angefertigt werden die \u00dcberdachungen aus Fichte. Eine hervorragende Verleimungsqualit\u00e4t ist sichergestellt. Verarbeitet werden Stegdoppelplatten aus Plexiglas. Terrassend\u00e4cher aus Holz bieten ein sehr hohes Ma\u00df an Luxus und Schutz.<\/p>\n<p>Terrassend\u00e4cher bescheren einem Haus einen ganz au\u00dfergew\u00f6hnlichen Charme. Unter Terrassend\u00e4chern sitzt man sicher und bequem und kann selbst bei nassem Wetter eine angenehme Zeit drau\u00dfen verbringen. Terrassend\u00e4cher sch\u00fctzen vor Wetter und Wind und laden daher zum Verweilen ein. S\u00e4mtliche Produkte aus unserem Katalog sind raumsparend und sehr stabil. Terrassend\u00e4cher aus Holz bieten dar\u00fcber hinaus immer auch ein sehr hohes Ma\u00df an Luxus und Sicherheit. <\/p>\n<h3>Sch\u00f6ne Terrassend\u00e4cher aus Holz sind immer eine gute Idee!<\/h3>\n<p>Terrassend\u00e4cher sind keineswegs nur ein simpler Regenschutz. Sie werden merken, dass Terrassend\u00e4cher ein Hauptkriterium f\u00fcr die h\u00e4ufigere Nutzung der Gartenanlage sind. Wir k\u00f6nnen Ihnen schon an dieser Stelle versprechen, dass Sie bis in den Herbst hinein sehr viel Freude an Ihrer Terrasse haben werden. Terrassend\u00e4cher erh\u00f6hen schlichtweg die Lebensqualit\u00e4t. Und ganz nebenbei werden auch Ihre M\u00f6bel ausgezeichnet vor sch\u00e4dlichen Wetterbedingungen gesch\u00fctzt. Je nach Ausma\u00df und Gestalt der zu \u00fcberdachenden Bereiche sind verschiedene Terrassend\u00e4cher aus Holz auf Lager. Und je nach pers\u00f6nlichem Geschmack kann unter diversen Ausf\u00fchrungen ausgew\u00e4hlt werden. In unserem Ausstellungsraum pr\u00e4sentieren wir Ihnen montags bis freitags zwischen 9.00 und 18.00 Uhr sowie samstags zwischen 9:00 und 13:00 Uhr eine Reihe von Umsetzungsm\u00f6glichkeiten.<\/p>\n","protected":false},"excerpt":{"rendered":"<p>Terrassend\u00e4cher aus Holz &#8211; eine gute Investition Als erfahrenes Unternehmen \u00fcberzeugen uns auch Terrassend\u00e4cher aus Holz. Nat\u00fcrliches Material ist fraglos ein Merkmal f\u00fcr einen individuellen Stil. Den Vergleich zu Anfertigungen aus Stahl oder Alu muss ein Terrassendach aus Holz nicht f\u00fcrchten. Angefertigt werden die \u00dcberdachungen aus Fichte. Eine hervorragende Verleimungsqualit\u00e4t ist sichergestellt. Verarbeitet werden Stegdoppelplatten [&hellip;]<\/p>\n","protected":false},"author":1,"featured_media":0,"parent":0,"menu_order":0,"comment_status":"closed","ping_status":"closed","template":"","meta":{"footnotes":""},"class_list":["post-4612","page","type-page","status-publish","hentry"],"meta_box":{"popseo_subtitel":"Kaduk Bauelemente ist Ihr Fachunternehmen f\u00fcr Terrassend\u00e4cher aus Holz in Bienenb\u00fcttel","popseo_subtitel2":"Terrassend\u00e4cher aus Holz - wir beraten Sie gerne!","popseo_lasttitel":"Terrassend\u00e4cher aus Holz: F\u00fcr weitere Informationen sprechen Sie uns bitte an","popseo_region":"Bienenb\u00fcttel","popseo_sachwort":"Terrassend\u00e4cher aus Holz","popseo_noupdate":"","popseo_einleitungstext":"<p>Wenn es um Sonnenschutz und Sicherheit geht, sind Sie bei der Firma Dirk Kaduk Bauelemte genau an der richtigen Adresse. Seit Unternehmensgr\u00fcndung sind wir Ihre lokalen Experten f\u00fcr hochwertige Bauelemente. Zu unserem Produktsortiment geh\u00f6ren beispielsweise Terrassend\u00e4cher, Markisen, Rolltore, Au\u00dfenjalousien, Fenster, T\u00fcren, Carports und Rolll\u00e4den. Unsere Fachleute \u00fcbernehmen Montage- und Reparaturarbeiten und zeigen Ihnen M\u00f6glichkeiten auf, wie Sie Ihr Gesch\u00e4fts- oder Wohnhaus mit modernen Bauelementen ausstatten k\u00f6nnen. Nachfolgend haben wir einige erste Informationen f\u00fcr Sie zusammengestellt.<\/p>","popseo_schlusstext":"<p>Gerne informieren wir Sie n\u00e4her \u00fcber unsere Produkte und unser Aufgabengebiet. Wir zeigen Ihnen mit Vergn\u00fcgen auch ein paar Referenzprojekte, die Ihnen einen Einblick in unsere Unternehmenst\u00e4tigkeit geben.<br \/>\nVertrauen Sie den Spezialisten der Firma Kaduk. Rufen Sie uns doch rasch einmal an oder schreiben Sie uns eine kurze E-Mail. Wir freuen uns auf den Kontakt zu Ihnen.<\/p>","popseo_stadttext":"<h3>Unser Leistungsprogramm f\u00fcr Kunden aus Bienenb\u00fcttel<\/h3>\n<p>Bienenb\u00fcttel ist eine Einheitsgemeinde am \u00f6stlichen Rand der L\u00fcneburger Heide. Juristisch geh\u00f6rt die Gemeinde zum Landkreis Uelzen. Bienenb\u00fcttel hat knapp 7.000 registrierte Einwohner und erstreckt sich \u00fcber ein Areal von knapp 99 qkm. Man erreicht man den Ort mit der Eisenbahn auf der Strecke Hamburg-Hannover und mit dem Auto \u00fcber die Bundesstra\u00dfe 4.<\/p>\n<p>Durch unsere Vertriebst\u00e4tigkeit haben wir uns einen guten \u00dcberblick \u00fcber die Architektur der St\u00e4dte und Gemeinden unseres Einzugsbereiches erarbeiten k\u00f6nnen. Sie kommen aus Bienenb\u00fcttel und sind hier im Internet auf unsere Website gesto\u00dfen? Das finden wir toll. Gerne pr\u00e4sentieren wir Ihnen unser gesamtes Leistungsspektrum und beantworten Ihre Fragen. Wir freuen uns darauf, mit Ihnen in Kontakt zu treten. <\/p>\n<h3>Ein paar Fakten \u00fcber Bienenb\u00fcttel<\/h3>\n<p>Bienenb\u00fcttel kann auch als Pendlergemeinde bezeichnet werden. Sehr viele Einwohner arbeiten in der Metropole Hamburg, in Uelzen oder L\u00fcneburg, m\u00f6gen jedoch Bienenb\u00fcttel als Wohnstatt und Lebensmittelpunkt. Der sympathische nieders\u00e4chsische Ort ist eine moderne und vitale Gemeinde mit einer ansprechenden Baustruktur und attraktiven Wohnquartieren. Naturfreunde sch\u00e4tzen besonders die nahegelegenen Naherholungsgebiete der L\u00fcneburger Heide. Die zahlreichen Naturschutzgebiete laden zu ausgiebigen Wandertouren ein.<\/p>\n<h4>Privat- und Gesch\u00e4ftskunden aus Bienenb\u00fcttel sch\u00e4tzen unsere Leistungen!<\/h4>\n<p>Sie wohnen in Bienenb\u00fcttel oder Umgebung und interessieren sich f\u00fcr unser Leistungsangebot. Toll, das Sie unsere Internetseite entdeckt haben. F\u00fcr R\u00fcckfragen stehen wir Ihnen jederzeit zur Verf\u00fcgung. Unser engagiertes Team freut sich auf Sie.<\/p>","popseo_zusatztext":"<h3>Qualit\u00e4t kann auch g\u00fcnstig und preiswert sein<\/h3>\n<p>Bauelemente m\u00fcssen h\u00f6chsten Anspr\u00fcchen standhalten. Nichtsdestrotrotz mu\u00df es g\u00fcnstig und preiswert sein. Das muss generell kein Gegensatz sein. <\/p>\n<p>Als Fachunternehmen f\u00fcr Sonnenschutz und Sicherheit verwenden wir nur ausgezeichnete Erzeugnisse. Trotzdem achten wir immer auf ein gutes Preis-Leistungsverh\u00e4ltnis. Wir m\u00f6chten Ihnen Qualit\u00e4t anbieten, die zugleich auch g\u00fcnstig und preiswert ist. Verleihen Sie Ihrem Zuhause g\u00fcnstig und preiswert das besondere Plus an Qualit\u00e4t. Rolll\u00e4den und Markisen oder andere Sonnenschutzl\u00f6sungen sehen nicht nur hervorragend aus, sie leisten auch einen wichtigen Anteil zur W\u00e4rmed\u00e4mmung.  <\/p>\n<h3>G\u00fcnstig und preiswert \u2013 unsere Leistung \u00fcberzeugt<\/h3>\n<p>D\u00fcrfen wir Sie informieren, wie Sie g\u00fcnstig und preiswert einen perfekten Sonnenschutz f\u00fcr Ihr Heim umsetzen? Super, dann z\u00f6gern Sie bitte nicht und nehmen am besten gleich heute noch Kontakt mit uns auf. Ein kurzer Telefonanruf oder auch eine kurze eMail gen\u00fcgen. Gerne beraten Sie unsere perfekt ausgebildeten Fachleute \u00fcber die verschiedenen M\u00f6glichkeiten, wie Sie Ihr Haus g\u00fcnstig und preiswert mit Markisen und Rolll\u00e4den oder anderen Sonnenschutzprodukten versehen. Wir freuen uns auf das Gespr\u00e4ch mit Ihnen. <\/p>\n<h4>Top-Qualit\u00e4t g\u00fcnstig und preiswert<\/h4>\n<p>Vertrauen Sie beim Thema Sonnenschutz und Sicherheit auf den Profi. Nur ein Fachbetrieb kennt die verschiedenen M\u00f6glichkeiten, wie Sie g\u00fcnstig und preiswert, zugleich qualitativ hochwertig einen tadellosen Sonnenschutz verwirklichen. Qualit\u00e4tsbewusst, g\u00fcnstig und preiswert: Wir empfehlen uns als spezialisiertes Fachunternehmen im norddeutschen Raum. Unsere langj\u00e4hrige Erfahrung spricht f\u00fcr uns.<\/p>","popseo_links":"<a href=\"https:\/\/www.kaduk-bauelemente.de\/leistungen\/raffstores-reinbek-glinde\/\">Raffstores Reinbek Glinde<\/a>, <a href=\"https:\/\/www.kaduk-bauelemente.de\/leistungen\/holzfenster-geesthacht\/\">Holzfenster Geesthacht<\/a>, <a href=\"https:\/\/www.kaduk-bauelemente.de\/leistungen\/kunststofffenster-boizenburg\/\">Kunststofffenster Boizenburg<\/a>, <a href=\"https:\/\/www.kaduk-bauelemente.de\/leistungen\/aussenjalousien-seevetal-rosengarten\/\">Au\u00dfenjalousien Seevetal Rosengarten<\/a>, <a href=\"https:\/\/www.kaduk-bauelemente.de\/leistungen\/markisen-bad-bevensen\/\">Markisen Bad Bevensen<\/a>, <a href=\"https:\/\/www.kaduk-bauelemente.de\/leistungen\/terrassenueberdachungen-aus-aluminium-buchholz\/\">Terrassen\u00fcberdachungen aus Aluminium Buchholz<\/a>, <a href=\"https:\/\/www.kaduk-bauelemente.de\/leistungen\/insektenschutz-amelinghausen\/\">Insektenschutz Amelinghausen<\/a>, <a href=\"https:\/\/www.kaduk-bauelemente.de\/leistungen\/tueren-herzogtum-lauenburg\/\">T\u00fcren Herzogtum Lauenburg<\/a>, <a href=\"https:\/\/www.kaduk-bauelemente.de\/leistungen\/kunststofffenster-uelzen\/\">Kunststofffenster Uelzen<\/a>, <a href=\"https:\/\/www.kaduk-bauelemente.de\/leistungen\/insektenschutz-seevetal-rosengarten\/\">Insektenschutz Seevetal Rosengarten<\/a>, <a href=\"https:\/\/www.kaduk-bauelemente.de\/leistungen\/zaunbau-ebstorf\/\">Zaunbau Ebstorf<\/a>, <a href=\"https:\/\/www.kaduk-bauelemente.de\/leistungen\/fliegengitter-bad-bevensen\/\">Fliegengitter Bad Bevensen<\/a>, <a href=\"https:\/\/www.kaduk-bauelemente.de\/leistungen\/rollladen-reinbek-glinde\/\">Rollladen Reinbek Glinde<\/a>, <a href=\"https:\/\/www.kaduk-bauelemente.de\/leistungen\/kunststofffenster-seevetal-rosengarten\/\">Kunststofffenster Seevetal Rosengarten<\/a>, <a href=\"https:\/\/www.kaduk-bauelemente.de\/leistungen\/garagentore-schwarzenbek\/\">Garagentore Schwarzenbek<\/a>, <a href=\"https:\/\/www.kaduk-bauelemente.de\/leistungen\/aussenjalousien-hanstedt\/\">Au\u00dfenjalousien Hanstedt<\/a>, <a href=\"https:\/\/www.kaduk-bauelemente.de\/leistungen\/rolltore-lueneburg\/\">Rolltore L\u00fcneburg<\/a>, <a href=\"https:\/\/www.kaduk-bauelemente.de\/leistungen\/rolltore-reppenstedt\/\">Rolltore Reppenstedt<\/a>, <a href=\"https:\/\/www.kaduk-bauelemente.de\/leistungen\/fenster-hanstedt\/\">Fenster Hanstedt<\/a>, <a href=\"https:\/\/www.kaduk-bauelemente.de\/leistungen\/rolllaeden-reinbek-glinde\/\">Rolll\u00e4den Reinbek Glinde<\/a>, <a href=\"https:\/\/www.kaduk-bauelemente.de\/leistungen\/rollladen-seevetal-rosengarten\/\">Rollladen Seevetal Rosengarten<\/a>, <a href=\"https:\/\/www.kaduk-bauelemente.de\/leistungen\/tueren-seevetal-rosengarten\/\">T\u00fcren Seevetal Rosengarten<\/a>, <a href=\"https:\/\/www.kaduk-bauelemente.de\/leistungen\/zaeune-amelinghausen\/\">Z\u00e4une Amelinghausen<\/a>, <a href=\"https:\/\/www.kaduk-bauelemente.de\/leistungen\/terrassendaecher-aus-aluminium-reinbek-glinde\/\">Terrassend\u00e4cher aus Aluminium Reinbek Glinde<\/a>, <a href=\"https:\/\/www.kaduk-bauelemente.de\/leistungen\/fliegengitter-amt-neuhaus\/\">Fliegengitter Amt Neuhaus<\/a>, <a href=\"https:\/\/www.kaduk-bauelemente.de\/leistungen\/garagen-bienenbuettel\/\">Garagen Bienenb\u00fcttel<\/a>, <a href=\"https:\/\/www.kaduk-bauelemente.de\/leistungen\/kunststofffenster-herzogtum-lauenburg\/\">Kunststofffenster Herzogtum Lauenburg<\/a>, <a href=\"https:\/\/www.kaduk-bauelemente.de\/leistungen\/carports-adendorf\/\">Carports Adendorf<\/a>"},"_links":{"self":[{"href":"https:\/\/www.kaduk-bauelemente.de\/leistungen\/wp-json\/wp\/v2\/pages\/4612","targetHints":{"allow":["GET"]}}],"collection":[{"href":"https:\/\/www.kaduk-bauelemente.de\/leistungen\/wp-json\/wp\/v2\/pages"}],"about":[{"href":"https:\/\/www.kaduk-bauelemente.de\/leistungen\/wp-json\/wp\/v2\/types\/page"}],"author":[{"embeddable":true,"href":"https:\/\/www.kaduk-bauelemente.de\/leistungen\/wp-json\/wp\/v2\/users\/1"}],"replies":[{"embeddable":true,"href":"https:\/\/www.kaduk-bauelemente.de\/leistungen\/wp-json\/wp\/v2\/comments?post=4612"}],"version-history":[{"count":0,"href":"https:\/\/www.kaduk-bauelemente.de\/leistungen\/wp-json\/wp\/v2\/pages\/4612\/revisions"}],"wp:attachment":[{"href":"https:\/\/www.kaduk-bauelemente.de\/leistungen\/wp-json\/wp\/v2\/media?parent=4612"}],"curies":[{"name":"wp","href":"https:\/\/api.w.org\/{rel}","templated":true}]}}