{"id":4611,"date":"2021-08-25T12:19:25","date_gmt":"2021-08-25T10:19:25","guid":{"rendered":"https:\/\/www.kaduk-bauelemente.de\/leistungen\/terrassendaecher-aus-holz-bergedorf-wentorf\/"},"modified":"2021-08-25T12:19:25","modified_gmt":"2021-08-25T10:19:25","slug":"terrassendaecher-aus-holz-bergedorf-wentorf","status":"publish","type":"page","link":"https:\/\/www.kaduk-bauelemente.de\/leistungen\/terrassendaecher-aus-holz-bergedorf-wentorf\/","title":{"rendered":"Terrassend\u00e4cher aus Holz &#8211; Bergedorf Wentorf"},"content":{"rendered":"<h3>D\u00fcrfen wir Ihre Fragen \u00fcber Terrassend\u00e4cher aus Holz beantworten?<\/h3>\n<p>Als erfahrenes Fachunternehmen begeistern uns auch Terrassend\u00e4cher aus Holz. Nat\u00fcrliches Material ist grunds\u00e4tzlich ein Zeichen f\u00fcr einen individuellen Geschmack. Den Vergleich zu Ausf\u00fchrungen aus Alu oder Stahl muss ein Terrassendach aus Holz nicht scheuen. Hergestellt werden die \u00dcberdachungen aus Fichte. Eine bestm\u00f6gliche Verleimungsqualit\u00e4t ist selbstverst\u00e4ndlich gegeben. Verarbeitet werden Stegdoppelplatten aus Plexiglas. Terrassend\u00e4cher aus Holz bieten ein sehr hohes Ma\u00df an Luxus und Schutz.<\/p>\n<p>Terrassend\u00e4cher geben einem Wohn- oder Gesch\u00e4ftshaus einen ganz au\u00dfergew\u00f6hnlichen Charme. Unter Terrassend\u00e4chern sitzt man gesch\u00fctzt und bequem und kann sogar bei Regen eine sch\u00f6ne Zeit an der frischen Luft verbringen. Terrassend\u00e4cher sch\u00fctzen vor Wind und Wetter und laden daher zum Verweilen ein. Alle Produkte aus unserem Sortiment sind platzsparend und sehr stabil. Terrassend\u00e4cher aus Holz bieten au\u00dferdem immer auch ein sehr hohes Ma\u00df an Gem\u00fctlichkeit und Schutz. <\/p>\n<h3>Terrassend\u00e4cher aus Holz f\u00fcr Ihre Immobilie<\/h3>\n<p>Terrassend\u00e4cher sind nie nur ein simpler Regenschutz. Sie werden merken, dass Terrassend\u00e4cher ein Grund f\u00fcr die intensivere Nutzung des Gartens sind. Wir d\u00fcrfen Ihnen schon an dieser Stelle versprechen, dass Sie bis in den Herbst hinein viel Spa\u00df an Ihrer Terrasse haben werden. Terrassend\u00e4cher erh\u00f6hen schlichtweg den Wohlf\u00fchlfaktor. Und ganz nebenbei werden auch Ihre Gartenm\u00f6bel optimal vor schlechten Wetterbedingungen gesch\u00fctzt. Je nach Ausma\u00df und Zustand der zu \u00fcberdachenden Au\u00dfenfl\u00e4chen sind unterschiedliche Terrassend\u00e4cher aus Holz erh\u00e4ltlich. Und je nach pers\u00f6nlichem Geschmack kann unter unterschiedlichen Konstruktionen ausgew\u00e4hlt werden. In unserem Ausstellungsraum pr\u00e4sentieren wir Ihnen von Montag bis Freitag in der Zeit von 9.00 und 18.00 Uhr sowie am Samstag in der Zeit von 9:00 und 13:00 Uhr eine Menge L\u00f6sungsm\u00f6glichkeiten.<\/p>\n","protected":false},"excerpt":{"rendered":"<p>D\u00fcrfen wir Ihre Fragen \u00fcber Terrassend\u00e4cher aus Holz beantworten? Als erfahrenes Fachunternehmen begeistern uns auch Terrassend\u00e4cher aus Holz. Nat\u00fcrliches Material ist grunds\u00e4tzlich ein Zeichen f\u00fcr einen individuellen Geschmack. Den Vergleich zu Ausf\u00fchrungen aus Alu oder Stahl muss ein Terrassendach aus Holz nicht scheuen. Hergestellt werden die \u00dcberdachungen aus Fichte. Eine bestm\u00f6gliche Verleimungsqualit\u00e4t ist selbstverst\u00e4ndlich gegeben. [&hellip;]<\/p>\n","protected":false},"author":1,"featured_media":0,"parent":0,"menu_order":0,"comment_status":"closed","ping_status":"closed","template":"","meta":{"footnotes":""},"class_list":["post-4611","page","type-page","status-publish","hentry"],"meta_box":{"popseo_subtitel":"Wir sind Ihr erfahrener Fachbetrieb f\u00fcr Terrassend\u00e4cher aus Holz im Raum Bergedorf Wentorf","popseo_subtitel2":"Terrassend\u00e4cher aus Holz - wir beraten Sie gerne!","popseo_lasttitel":"Terrassend\u00e4cher aus Holz: Treten Sie in Kontakt mit uns!","popseo_region":"Bergedorf Wentorf","popseo_sachwort":"Terrassend\u00e4cher aus Holz","popseo_noupdate":"","popseo_einleitungstext":"<p>Wenn es um Sicherheit und Sonnenschutz geht, sind Sie bei der Firma Kaduk genau an der richtigen Adresse. Seit Firmengr\u00fcndung sind wir Ihre lokalen Spezialisten f\u00fcr hochwertige Bauelemente. Zu unserem Produktangebot z\u00e4hlen beispielsweise Markisen, Terrassend\u00e4cher, Rolltore, Fenster, Au\u00dfenjalousien, T\u00fcren, Rolll\u00e4den und Carports. Unsere Fachleute erledigen Montage- und Reparaturarbeiten und zeigen Ihnen Wege auf, wie Sie Ihre Wohn- oder Gesch\u00e4ftsgeb\u00e4ude mit zeitgem\u00e4\u00dfen Bauelementen ausstatten k\u00f6nnen. Nachfolgend haben wir erste Informationen f\u00fcr Sie zusammengestellt.<\/p>","popseo_schlusstext":"<p>Gerne informieren wir Sie n\u00e4her \u00fcber unsere Produkte und unser Aufgabengebiet. Wir nennen Ihnen mit Vergn\u00fcgen auch ein paar Projekte, die Ihnen einen Einblick in unsere Arbeit geben.<br \/>\nSchenken Sie uns Ihr Vertrauen. Rufen Sie uns doch rasch einmal an oder schicken Sie uns eine schnelle E-Mail. Wir freuen uns auf den Kontakt zu Ihnen.<\/p>","popseo_stadttext":"<h3>Unser Einzugsbereich umfasst auch Wentorf und Bergedorf<\/h3>\n<p>Durch unsere Vertriebst\u00e4tigkeit haben wir uns einen guten \u00dcberblick \u00fcber die Architektur der St\u00e4dte und Gemeinden unseres Einzugsbereiches erarbeiten k\u00f6nnen. Selbstverst\u00e4ndlich z\u00e4hlen auch Bergedorf und Wentorf zu unserem unmittelbaren Vertriebsgebiet. Wir freuen uns darauf, mit Ihnen in Kontakt zu kommen. <\/p>\n<h3>Einige Details \u00fcber Bergedorf und Wentorf:<h3>\n<p>Ehemals selbst\u00e4ndig z\u00e4hlt Bergedorf heute zur Freien und Hansestadt Hamburg. Der Stadtteil liegt am s\u00fcd\u00f6stlichen Stadtrand und grenzt an die schleswig-holsteinischen Orte Reinbek und Wentorf. In Bergedorf wohnen ca. 42.000 Menschen auf einer Fl\u00e4che von 11 qkm. Obwohl Bergedorf schon seit dem 01. 01. 1938 keine Autonomie mehr besitzt, hat sich der Stadtteil trotzdem eine gewisse Originalit\u00e4t bewahrt. Fast ist man geneigt zu sagen, Bergedorf w\u00e4re eine Art Stadt in der Stadt. Zum Bezirk Bergedorf geh\u00f6ren zusammen 14 Stadtteile. Die gr\u00f6\u00dften Stadtteile sind: Allerm\u00f6he, Moorfleet, Lohbr\u00fcgge, Billwerder, Neuallerm\u00f6he, Curslack, Altengamme, Ochsenwerder, Kirchwerder und Neuengamme. Oft hinzu gez\u00e4hlt wird auch Wentorf. Das ist allerdings nicht ganz richtig, da Wentorf zum schleswig-holsteinischen Landkreis Herzogtum Lauenburg z\u00e4hlt.  <\/p>\n<p>In Bergedorf zu leben hei\u00dft, die Vorz\u00fcge der Gro\u00dfstadt zu genie\u00dfen ohne im gleichen Atemzug auf kleinst\u00e4dtischen Charme zu verzichten. Die Wohngebiete von Bergedorf sind gekennzeichnet von Einzel- oder Mehrfamilienhausbebauung. Gr\u00f6\u00dfere Hochh\u00e4user entdeckt man in Bergedorf vorwiegend in der N\u00e4he des Stadtzentrums. Die Infrastruktur kann sich sehen lassen: Im Zentrum von Bergedorf finden sich gute Shoppingm\u00f6glichkeiten. <\/p>\n<h3>Bergedorf und Wentorf - hier l\u00e4sst es sich leben<\/h3>\n<p>Ob in den Einkaufspassagen oder in der Fu\u00dfg\u00e4ngerzone: In Bergedorf l\u00e4sst es sich fraglos wunderbar bummeln. Und wer sp\u00e4ter Lust und Laune auf etwas Entspannung hat, macht Station in einem der zahlreichen gem\u00fctlichen Caf\u00e9s und Restaurants. Bergedorf ist an den HVV angeschlossen. Mit der S-Bahnlinie S2 erreicht man den Hamburg Hauptbahnhof in weniger als 25 Minuten. Auch mit dem Auto kommt man sehr gut nach Bergedorf: \u00dcber die Bundesstra\u00dfen 5 und 207 kommt man direkt in den Stadtteil. Die Bev\u00f6lkerung von Bergedorf sch\u00e4tzt besonders den bunten Mix ihres Stadtteils. Eine wachstumsorientierte Wirtschaft, die nahegelegenen Naturgebiete sowie die gro\u00dfz\u00fcgigen Freizeit- und Kulturangebote machen Bergedorf zu einem Quartier mit besonders hoher Lebensqualit\u00e4t.<\/p>\n<p>Auch Wentorf grenzt unmittelbar an Bergedorf, die \u00dcberg\u00e4nge sind fast flie\u00dfend. Als sch\u00f6nes Wohnquartier ist Wentorf besonders bei Berufspendlern beliebt. Eine gute Infrastruktur, die N\u00e4he zur Stadt sowie eine ausgezeichnete Anbindung zeichnen Wentorf aus. <\/p>\n<h4>Unsere Leistung f\u00fcr qualit\u00e4tsbewusste Kunden aus Bergedorf und Wentorf<\/h4>\n<p>Wir finden es prima, dass Sie unsere Internetseite entdeckt haben. Ob Wentorf oder Bergedorf: Privat- und Gesch\u00e4ftskunden profitieren von einem sehr guten Preis-Leistungs-Verh\u00e4ltnis. Sie m\u00f6chten mehr \u00fcber uns wissen? F\u00fcr R\u00fcckfragen stehen wir Ihnen jederzeit zur Verf\u00fcgung. Auf Ihre Anfragen freuen wir uns.<\/p>","popseo_zusatztext":"<h3>Wir k\u00f6nnen g\u00fcnstig und preiswert<\/h3>\n<p>Bauelemente m\u00fcssen h\u00f6chsten Erwartungen gerecht werden. Gleichwohl soll es g\u00fcnstig und preiswert sein. Das muss absolut kein Widerspruch sein. <\/p>\n<p>Als Fachbetrieb f\u00fcr Sonnenschutz und Sicherheit verarbeiten wir ausschlie\u00dflich hochwertige Produkte. Nichtsdestotrotz schauen wir stets auf ein gutes Preis-Leistungsverh\u00e4ltnis. Wir m\u00f6chten Ihnen Spitzenqualit\u00e4t anbieten, die trotzdem auch g\u00fcnstig und preiswert ist. Geben Sie Ihrem Heim g\u00fcnstig und preiswert das gewisse Mehr an Qualit\u00e4t. Markisen und Rolll\u00e4den oder andere Sonnenschutzl\u00f6sungen sehen nicht nur h\u00fcbsch aus, sie leisten auch einen bedeutsamen Anteil zur W\u00e4rmed\u00e4mmung.  <\/p>\n<h3>G\u00fcnstig und preiswert \u2013 es muss wirklich nicht immer teuer sein<\/h3>\n<p>D\u00fcrfen wir Sie beraten, wie Sie g\u00fcnstig und preiswert einen optimalen Sonnenschutz f\u00fcr Ihr Haus realisieren? Klasse, dann z\u00f6gern Sie bitte nicht und nehmen am besten sofort heute noch Verbindung mit uns auf. Ein kurzer Anruf oder auch eine schnelle Email gen\u00fcgen. Gern informieren Sie unsere perfekt ausgebildeten Profis \u00fcber die diversen Optionen, wie Sie Ihr Haus g\u00fcnstig und preiswert mit Markisen und Rolll\u00e4den oder anderen Sonnenschutzprodukten ausstatten. Wir freuen uns auf das Gespr\u00e4ch mit Ihnen. <\/p>\n<h4>Hochwertige Arbeit g\u00fcnstig und preiswert<\/h4>\n<p>Setzen Sie beim Thema Sonnenschutz und Sicherheit auf den Profi. Nur ein Spezialbetrieb kennt die verschiedenen Optionen, wie Sie g\u00fcnstig und preiswert, trotzdem qualitativ spitze einen perfekten Sonnenschutz erreichen. Qualit\u00e4tsbewusst, g\u00fcnstig und preiswert: Wir empfehlen uns als spezialisiertes Unternehmen im norddeutschen Raum. Unsere gro\u00dfe Erfahrung spricht f\u00fcr uns.<\/p>","popseo_links":"<a href=\"https:\/\/www.kaduk-bauelemente.de\/leistungen\/markisen-hanstedt\/\">Markisen Hanstedt<\/a>, <a href=\"https:\/\/www.kaduk-bauelemente.de\/leistungen\/carports-bardowick\/\">Carports Bardowick<\/a>, <a href=\"https:\/\/www.kaduk-bauelemente.de\/leistungen\/markisen-adendorf\/\">Markisen Adendorf<\/a>, <a href=\"https:\/\/www.kaduk-bauelemente.de\/leistungen\/holzfenster-schwarzenbek\/\">Holzfenster Schwarzenbek<\/a>, <a href=\"https:\/\/www.kaduk-bauelemente.de\/leistungen\/tueren-harburg\/\">T\u00fcren Harburg<\/a>, <a href=\"https:\/\/www.kaduk-bauelemente.de\/leistungen\/garagen-salzhausen\/\">Garagen Salzhausen<\/a>, <a href=\"https:\/\/www.kaduk-bauelemente.de\/leistungen\/carports-bienenbuettel\/\">Carports Bienenb\u00fcttel<\/a>, <a href=\"https:\/\/www.kaduk-bauelemente.de\/leistungen\/fliegengitter-tostedt-sittensen\/\">Fliegengitter Tostedt Sittensen<\/a>, <a href=\"https:\/\/www.kaduk-bauelemente.de\/leistungen\/fenster-seevetal-rosengarten\/\">Fenster Seevetal Rosengarten<\/a>, <a href=\"https:\/\/www.kaduk-bauelemente.de\/leistungen\/rolllaeden-buchholz\/\">Rolll\u00e4den Buchholz<\/a>, <a href=\"https:\/\/www.kaduk-bauelemente.de\/leistungen\/markisen-bienenbuettel\/\">Markisen Bienenb\u00fcttel<\/a>, <a href=\"https:\/\/www.kaduk-bauelemente.de\/leistungen\/rolltore-reppenstedt\/\">Rolltore Reppenstedt<\/a>, <a href=\"https:\/\/www.kaduk-bauelemente.de\/leistungen\/rolllaeden-bispingen\/\">Rolll\u00e4den Bispingen<\/a>, <a href=\"https:\/\/www.kaduk-bauelemente.de\/leistungen\/raffstores-reinbek-glinde\/\">Raffstores Reinbek Glinde<\/a>, <a href=\"https:\/\/www.kaduk-bauelemente.de\/leistungen\/rolltore-harburg\/\">Rolltore Harburg<\/a>, <a href=\"https:\/\/www.kaduk-bauelemente.de\/leistungen\/aussenjalousien-tostedt-sittensen\/\">Au\u00dfenjalousien Tostedt Sittensen<\/a>, <a href=\"https:\/\/www.kaduk-bauelemente.de\/leistungen\/kunststofffenster-amt-neuhaus\/\">Kunststofffenster Amt Neuhaus<\/a>, <a href=\"https:\/\/www.kaduk-bauelemente.de\/leistungen\/terrassendaecher-aus-holz-buchholz\/\">Terrassend\u00e4cher aus Holz Buchholz<\/a>, <a href=\"https:\/\/www.kaduk-bauelemente.de\/leistungen\/rollladen-winsen-luhe\/\">Rollladen Winsen Luhe<\/a>, <a href=\"https:\/\/www.kaduk-bauelemente.de\/leistungen\/terrassendaecher-aus-holz-reinbek-glinde\/\">Terrassend\u00e4cher aus Holz Reinbek Glinde<\/a>, <a href=\"https:\/\/www.kaduk-bauelemente.de\/leistungen\/terrassenueberdachungen-aus-aluminium-stelle\/\">Terrassen\u00fcberdachungen aus Aluminium Stelle<\/a>, <a href=\"https:\/\/www.kaduk-bauelemente.de\/leistungen\/raffstores-herzogtum-lauenburg\/\">Raffstores Herzogtum Lauenburg<\/a>, <a href=\"https:\/\/www.kaduk-bauelemente.de\/leistungen\/haustueren-reppenstedt\/\">Haust\u00fcren Reppenstedt<\/a>, <a href=\"https:\/\/www.kaduk-bauelemente.de\/leistungen\/garagentore-amelinghausen\/\">Garagentore Amelinghausen<\/a>, <a href=\"https:\/\/www.kaduk-bauelemente.de\/leistungen\/rolllaeden-stelle\/\">Rolll\u00e4den Stelle<\/a>, <a href=\"https:\/\/www.kaduk-bauelemente.de\/leistungen\/holzfenster-bienenbuettel\/\">Holzfenster Bienenb\u00fcttel<\/a>, <a href=\"https:\/\/www.kaduk-bauelemente.de\/leistungen\/sektionaltore-geesthacht\/\">Sektionaltore Geesthacht<\/a>, <a href=\"https:\/\/www.kaduk-bauelemente.de\/leistungen\/haustueren-buechen\/\">Haust\u00fcren B\u00fcchen<\/a>"},"_links":{"self":[{"href":"https:\/\/www.kaduk-bauelemente.de\/leistungen\/wp-json\/wp\/v2\/pages\/4611","targetHints":{"allow":["GET"]}}],"collection":[{"href":"https:\/\/www.kaduk-bauelemente.de\/leistungen\/wp-json\/wp\/v2\/pages"}],"about":[{"href":"https:\/\/www.kaduk-bauelemente.de\/leistungen\/wp-json\/wp\/v2\/types\/page"}],"author":[{"embeddable":true,"href":"https:\/\/www.kaduk-bauelemente.de\/leistungen\/wp-json\/wp\/v2\/users\/1"}],"replies":[{"embeddable":true,"href":"https:\/\/www.kaduk-bauelemente.de\/leistungen\/wp-json\/wp\/v2\/comments?post=4611"}],"version-history":[{"count":0,"href":"https:\/\/www.kaduk-bauelemente.de\/leistungen\/wp-json\/wp\/v2\/pages\/4611\/revisions"}],"wp:attachment":[{"href":"https:\/\/www.kaduk-bauelemente.de\/leistungen\/wp-json\/wp\/v2\/media?parent=4611"}],"curies":[{"name":"wp","href":"https:\/\/api.w.org\/{rel}","templated":true}]}}