{"id":4604,"date":"2021-08-25T12:19:25","date_gmt":"2021-08-25T10:19:25","guid":{"rendered":"https:\/\/www.kaduk-bauelemente.de\/leistungen\/terrassendaecher-aus-aluminium-uelzen\/"},"modified":"2021-08-25T12:19:25","modified_gmt":"2021-08-25T10:19:25","slug":"terrassendaecher-aus-aluminium-uelzen","status":"publish","type":"page","link":"https:\/\/www.kaduk-bauelemente.de\/leistungen\/terrassendaecher-aus-aluminium-uelzen\/","title":{"rendered":"Terrassend\u00e4cher aus Aluminium &#8211; Uelzen"},"content":{"rendered":"<h3>Terrassend\u00e4cher aus Aluminium sind auch optisch ein Highlight!<\/h3>\n<p>Terrassend\u00e4cher bescheren einem Wohn- oder Gesch\u00e4ftshaus einen sehr au\u00dfergew\u00f6hnlichen Charme. Unter Terrassend\u00e4chern sitzt man gesch\u00fctzt und gem\u00fctlich und kann sogar bei nassem Wetter eine tolle Zeit drau\u00dfen verbringen. Terrassend\u00e4cher sch\u00fctzen vor Wind und Wetter und laden einfach zum Verweilen ein. Geben Sie Ihrem Haus ein Mehr an Wohnkomfort und vertrauen Sie auf Terrassend\u00e4cher vom Experten. Als erfahrenes Fachgesch\u00e4ft begeistern uns insbesodere auch Terrassend\u00e4cher aus Alu. Die \u00dcberdachungen sind raumsparend und ausgesprochen stabil. Terrassend\u00e4cher aus Aluminium bieten au\u00dferdem immer auch ein hohes Ma\u00df an Behaglichkeit und Schutz. <\/p>\n<h3>Sch\u00f6ne Terrassend\u00e4cher aus Aluminium sind immer eine gute Idee!<\/h3>\n<p>Terrassend\u00e4cher sind nie nur ein simpler Wetterschutz. Sie werden sehen, dass Terrassend\u00e4cher ein Hauptgrund f\u00fcr die intensivere Nutzung der Gartenanlage sind. Wir k\u00f6nnen Ihnen schon an dieser Stelle garantieren, dass Sie bis in den Herbst hinein sehr viel Spa\u00df an Ihrer Terrasse haben werden. Terrassend\u00e4cher erh\u00f6hen schlichtweg den Wohlf\u00fchlfaktor. Und au\u00dferdem werden auch Ihre Gartenm\u00f6bel optimal vor negativen Witterungseinfl\u00fcssen gesch\u00fctzt. <\/p>\n<p>Je nach Gr\u00f6\u00dfe und Zustand der zu \u00fcberdachenden Au\u00dfenfl\u00e4chen sind verschiedene Terrassend\u00e4cher aus Aluminium auf Lager. Und je nach pers\u00f6nlichem Geschmack kann unter unterschiedlichen Konstruktionen ausgew\u00e4hlt werden. In unserem Ausstellungsraum zeigen wir Ihnen montags bis freitags zwischen 9.00 und 18.00 Uhr sowie am Samstag in der Zeit von 9:00 und 13:00 Uhr viele sch\u00f6ne L\u00f6sungsm\u00f6glichkeiten.<\/p>\n","protected":false},"excerpt":{"rendered":"<p>Terrassend\u00e4cher aus Aluminium sind auch optisch ein Highlight! Terrassend\u00e4cher bescheren einem Wohn- oder Gesch\u00e4ftshaus einen sehr au\u00dfergew\u00f6hnlichen Charme. Unter Terrassend\u00e4chern sitzt man gesch\u00fctzt und gem\u00fctlich und kann sogar bei nassem Wetter eine tolle Zeit drau\u00dfen verbringen. Terrassend\u00e4cher sch\u00fctzen vor Wind und Wetter und laden einfach zum Verweilen ein. Geben Sie Ihrem Haus ein Mehr an [&hellip;]<\/p>\n","protected":false},"author":1,"featured_media":0,"parent":0,"menu_order":0,"comment_status":"closed","ping_status":"closed","template":"","meta":{"footnotes":""},"class_list":["post-4604","page","type-page","status-publish","hentry"],"meta_box":{"popseo_subtitel":"Wir sind Ihr Fachanbieter f\u00fcr Terrassend\u00e4cher aus Aluminium im Raum Uelzen","popseo_subtitel2":"Terrassend\u00e4cher aus Aluminium - wir helfen Ihnen gerne!","popseo_lasttitel":"Terrassend\u00e4cher aus Aluminium: D\u00fcrfen wir Ihre Fragen beantworten?","popseo_region":"Uelzen","popseo_sachwort":"Terrassend\u00e4cher aus Aluminium","popseo_noupdate":"","popseo_einleitungstext":"<p>Auf Wunsch informieren wir Sie n\u00e4her \u00fcber unser Produkt- und T\u00e4tigkeitsspektrum. Wir zeigen Ihnen mit Vergn\u00fcgen auch ein paar Referenzprojekte, die Ihnen einen Einblick in unsere Arbeit geben.<br \/>\nSetzen Sie auf die Expertise eines erfahrenen Fachbetriebes. Rufen Sie uns doch einfach einmal an oder senden Sie uns eine schnelle E-Mail. Wir freuen uns auf Sie.<\/p>","popseo_schlusstext":"<p>Sehr gerne informieren wir Sie n\u00e4her \u00fcber unser Produkt- und T\u00e4tigkeitsspektrum. Wir zeigen Ihnen mit Vergn\u00fcgen auch einige Referenzprojekte, die Ihnen einen Einblick in unsere T\u00e4tigkeit geben.<br \/>\nWir sind f\u00fcr Sie da. Rufen Sie uns doch einfach einmal an oder schreiben Sie uns eine kurze E-Mail. Wir freuen uns auf Sie.<\/p>","popseo_stadttext":"<h3>Unsere Produkte und Dienstleistungen auch f\u00fcr Kunden aus Uelzen<\/h3>\n<p>Durch unsere Gesch\u00e4ftst\u00e4tigkeit haben wir uns einen ausgezeichneten \u00dcberblick \u00fcber die Stadtarchitektur der St\u00e4dte und Gemeinden unseres Einzugsbereiches erarbeiten k\u00f6nnen. Nat\u00fcrlich z\u00e4hlt auch die Stadt Uelzen zu unserem unmittelbaren Gesch\u00e4ftsgebiet. Wir freuen uns darauf, mit Ihnen ins Gespr\u00e4ch zu kommen. <\/p>\n<h3>Ein paar Fakten \u00fcber Uelzen<\/h3>\n<p>Uelzen ist die Kreisstadt des nieders\u00e4chsischen Landkreises Uelzen. In Summe leben 33.000 Einwohner in der zur Metropolregion Hamburg z\u00e4hlenden Stadt. Das Gemeindegebiet umfasst eine Gesamtfl\u00e4che von ungef\u00e4hr 135 km\u00b2. St\u00e4dte in der n\u00e4heren Umgebung sind u.a. Bad Beversen, Ebstorf und Rosche. Geographisch liegt Uelzen am am s\u00fcdlichen Rand der L\u00fcneburger Heide. Die Stadt ist zwischen weitl\u00e4ufigen Naturparks wunderbar gelegen. Neben der L\u00fcneburger Heide ist auch Naturschutzgebiet Elbufer-Drawehn und das Naturschutzgebiet Nieders\u00e4chsische Elbtalaue von Uelzen aus rasch zu erreichen. Uelzen selbst liegt an der Ilmenau. Uelzen besitzt zahlreiche nett gelegene Wohnquartier. Die Stadt ist ein idealer Platz zum Leben und Arbeiten. Wer das eher \u00fcberschaubare Leben in einer kleineren Stadt lieber mag, gleichwohl jedoch nicht auf die Vorz\u00fcge der Metropole verzichten will, trifft es in Uelzen genau richtig. <\/p>\n<h3>Wir kennen uns aus in Uelzen<\/h3>\n<p>Die Stadt Uelzen unterteilt sich in insgesamt 18 Gemeindeteile. Die Stadtarchitektur von Uelzen wird dominiert von zahlreichen Fachwerkh\u00e4usern, die dem Ort einen durchaus als m\u00e4rchenhaft zu bezeichnenden Charme verleihen. Auch historische Geb\u00e4ude im Stil der Backsteingotik pr\u00e4gen das Stadtbild von Uelzen. Das Erkennungszeichen der Stadt ist das sogenannte \"Goldene Schiff\". Die Plastik befindet sich an der St. Marien-Kirche zu Uelzen. Wahrscheinlich stammt die Plastik aus der Hansezeit. F\u00fcr Kunstfreunde ist Uelzen eine Art Pilgerst\u00e4tte. Der Ausnahmek\u00fcnstler Friedensreich Hundertwasser erschuf unmittelbar vor seinem Tod im Jahre 2000 den st\u00e4dtischen Bahnhof. Das ausgefallene Bauwerk tr\u00e4gt die Bezeichnung Hundertwasserbahnhof Uelzen.<\/p>\n<p>Das Wirtschaftsleben von Uelzen ist mittelstandsgepr\u00e4gt. Hauptfelder sind der Lebensmittelsektor sowie Unternehmen aus dem Dienstleistungsgewerbe. Die Wirtschaftsf\u00f6rderung der Stadt Uelzen muss als herausragend benannt werden. Um den Zuzug neuer Firmen bem\u00fchen sich sich die Stadtverantwortlichen erkennbar. Die gr\u00f6\u00dften Arbeitgeber in Uelzen sind die Nordzucker AG sowie die Uelzena AG. Der Konzern Nestl\u00e9 Schoeller f\u00fchrt in Uelzen ein Werk mit etwa 500 Besch\u00e4ftigten. <\/p>\n<h4>Hohe Qualit\u00e4t f\u00fcr Kunden aus Uelzen<\/h4>\n<p>Sie leben in Uelzen und interessieren sich f\u00fcr unser Angebot. Klasse, dass Sie diese Seite gefunden haben. F\u00fcr R\u00fcckfragen sind wir jederzeit f\u00fcr Sie da. Auf Ihre Anfragen freuen wir uns.<\/p>","popseo_zusatztext":"<h3>Wir sind Fachbetrieb f\u00fcr Sicht- und Sonnenschutz<\/h3>\n<p>Setzen Sie bei Sicherheit und Sonnenschutz auf alle F\u00e4lle auf die sachspezifische Leistung vom Fachbetrieb. Nur ein Fachbetrieb wei\u00df von den M\u00f6glichkeiten, wie man zu einem \u00fcberzeugenden Ergebnis kommt. Um sich mit Fug und Recht Fachbetrieb nennen zu k\u00f6nnen, bedarf es einer qualifizierten Ausbildung der Mitarbeiter und einer jahrelangen Erfahrung.  <\/p>\n<p>Unser Fachbetrieb empfiehlt sich als Ihr sachkundiger Fachbetrieb f\u00fcr Sonnenschutz und Sicherheit. Kommen Sie zum Ziel und schenken Sie unserem Fachbetrieb Ihr Vertrauen. Wir bieten Ihnen unter anderem hochqualitative Rolll\u00e4den und Markisen und legen allerh\u00f6chsten Wert auf einen perfekten Service. Schon seit vielen Jahren sind wir spezialisierter Fachbetrieb f\u00fcr Markisen, Terrassend\u00e4cher, Rolll\u00e4den und Au\u00dfenjalousien im Raum L\u00fcneburg. Es ist uns ein Anliegen, dass Sie \u00fcber lange Zeit viel Freude an Ihrem Sicht und Sonnenschutz haben. Von einem Fachbetrieb d\u00fcrfen Sie selbstverst\u00e4ndlich eine fehlerfreie Top-Leistung erwarten.<\/p>\n<h3>Sicht- und Sonnenschutz\u2013 ein Thema f\u00fcr den Fachbetrieb<\/h3>\n<p>Als Fachbetrieb darf sich eine Firma bezeichnen, deren Angestellte \u00fcber dokumentierte Qualifikationen verf\u00fcgen. Dies ist unter anderem eine entsprechende Berufsausbildung oder ein Meisterbrief. Dar\u00fcber hinaus zeichnet eine intensive praktische Erfahrung einen Fachbetrieb aus. Bereits seit vielen Jahren konzentrieren wir uns als spezialisiertes Unternehmen auf Sonnenschutz und Sicherheit von Immobilien. In diesen vielen Jahren haben wir uns die Bezeichnung Fachbetrieb bestimmt erarbeitet. Wir nutzen ausnahmslos hochwertige Artikel. Hierbei achten wir immer auf ein sehr gutes Preis-Leistungsverh\u00e4ltnis. Unser Credo als Fachbetrieb: Wir bieten Ihnen hervorragende Qualit\u00e4t zu einem fairen Preis.<\/p>","popseo_links":"<a href=\"https:\/\/www.kaduk-bauelemente.de\/leistungen\/terrassendaecher-aus-holz-uelzen\/\">Terrassend\u00e4cher aus Holz Uelzen<\/a>, <a href=\"https:\/\/www.kaduk-bauelemente.de\/leistungen\/raffstores-buchholz\/\">Raffstores Buchholz<\/a>, <a href=\"https:\/\/www.kaduk-bauelemente.de\/leistungen\/zaunbau-bardowick\/\">Zaunbau Bardowick<\/a>, <a href=\"https:\/\/www.kaduk-bauelemente.de\/leistungen\/holzfenster-jesteburg\/\">Holzfenster Jesteburg<\/a>, <a href=\"https:\/\/www.kaduk-bauelemente.de\/leistungen\/markisen-reppenstedt\/\">Markisen Reppenstedt<\/a>, <a href=\"https:\/\/www.kaduk-bauelemente.de\/leistungen\/fenster-buchholz\/\">Fenster Buchholz<\/a>, <a href=\"https:\/\/www.kaduk-bauelemente.de\/leistungen\/zaunbau-amelinghausen\/\">Zaunbau Amelinghausen<\/a>, <a href=\"https:\/\/www.kaduk-bauelemente.de\/leistungen\/rollladen-harburg\/\">Rollladen Harburg<\/a>, <a href=\"https:\/\/www.kaduk-bauelemente.de\/leistungen\/fliegengitter-bad-bevensen\/\">Fliegengitter Bad Bevensen<\/a>, <a href=\"https:\/\/www.kaduk-bauelemente.de\/leistungen\/rolltore-boizenburg\/\">Rolltore Boizenburg<\/a>, <a href=\"https:\/\/www.kaduk-bauelemente.de\/leistungen\/insektenschutz-bad-bevensen\/\">Insektenschutz Bad Bevensen<\/a>, <a href=\"https:\/\/www.kaduk-bauelemente.de\/leistungen\/fenster-salzhausen\/\">Fenster Salzhausen<\/a>, <a href=\"https:\/\/www.kaduk-bauelemente.de\/leistungen\/zaeune-lueneburg\/\">Z\u00e4une L\u00fcneburg<\/a>, <a href=\"https:\/\/www.kaduk-bauelemente.de\/leistungen\/fliegengitter-ebstorf\/\">Fliegengitter Ebstorf<\/a>, <a href=\"https:\/\/www.kaduk-bauelemente.de\/leistungen\/garagentore-boizenburg\/\">Garagentore Boizenburg<\/a>, <a href=\"https:\/\/www.kaduk-bauelemente.de\/leistungen\/tueren-seevetal-rosengarten\/\">T\u00fcren Seevetal Rosengarten<\/a>, <a href=\"https:\/\/www.kaduk-bauelemente.de\/leistungen\/garagen-schwarzenbek\/\">Garagen Schwarzenbek<\/a>, <a href=\"https:\/\/www.kaduk-bauelemente.de\/leistungen\/sektionaltore-buechen\/\">Sektionaltore B\u00fcchen<\/a>, <a href=\"https:\/\/www.kaduk-bauelemente.de\/leistungen\/garagentore-stelle\/\">Garagentore Stelle<\/a>, <a href=\"https:\/\/www.kaduk-bauelemente.de\/leistungen\/sektionaltore-schwarzenbek\/\">Sektionaltore Schwarzenbek<\/a>, <a href=\"https:\/\/www.kaduk-bauelemente.de\/leistungen\/zaunbau-bergedorf-wentorf\/\">Zaunbau Bergedorf Wentorf<\/a>, <a href=\"https:\/\/www.kaduk-bauelemente.de\/leistungen\/garagentore-hanstedt\/\">Garagentore Hanstedt<\/a>, <a href=\"https:\/\/www.kaduk-bauelemente.de\/leistungen\/raffstores-lueneburg\/\">Raffstores L\u00fcneburg<\/a>, <a href=\"https:\/\/www.kaduk-bauelemente.de\/leistungen\/zaeune-bienenbuettel\/\">Z\u00e4une Bienenb\u00fcttel<\/a>, <a href=\"https:\/\/www.kaduk-bauelemente.de\/leistungen\/holzfenster-tostedt-sittensen\/\">Holzfenster Tostedt Sittensen<\/a>, <a href=\"https:\/\/www.kaduk-bauelemente.de\/leistungen\/terrassendaecher-aus-holz-harburg\/\">Terrassend\u00e4cher aus Holz Harburg<\/a>, <a href=\"https:\/\/www.kaduk-bauelemente.de\/leistungen\/terrassenueberdachungen-aus-holz-bad-bevensen\/\">Terrassen\u00fcberdachungen aus Holz Bad Bevensen<\/a>, <a href=\"https:\/\/www.kaduk-bauelemente.de\/leistungen\/terrassendaecher-aus-holz-boizenburg\/\">Terrassend\u00e4cher aus Holz Boizenburg<\/a>"},"_links":{"self":[{"href":"https:\/\/www.kaduk-bauelemente.de\/leistungen\/wp-json\/wp\/v2\/pages\/4604","targetHints":{"allow":["GET"]}}],"collection":[{"href":"https:\/\/www.kaduk-bauelemente.de\/leistungen\/wp-json\/wp\/v2\/pages"}],"about":[{"href":"https:\/\/www.kaduk-bauelemente.de\/leistungen\/wp-json\/wp\/v2\/types\/page"}],"author":[{"embeddable":true,"href":"https:\/\/www.kaduk-bauelemente.de\/leistungen\/wp-json\/wp\/v2\/users\/1"}],"replies":[{"embeddable":true,"href":"https:\/\/www.kaduk-bauelemente.de\/leistungen\/wp-json\/wp\/v2\/comments?post=4604"}],"version-history":[{"count":0,"href":"https:\/\/www.kaduk-bauelemente.de\/leistungen\/wp-json\/wp\/v2\/pages\/4604\/revisions"}],"wp:attachment":[{"href":"https:\/\/www.kaduk-bauelemente.de\/leistungen\/wp-json\/wp\/v2\/media?parent=4604"}],"curies":[{"name":"wp","href":"https:\/\/api.w.org\/{rel}","templated":true}]}}