{"id":4595,"date":"2021-08-25T12:19:25","date_gmt":"2021-08-25T10:19:25","guid":{"rendered":"https:\/\/www.kaduk-bauelemente.de\/leistungen\/terrassendaecher-aus-aluminium-lueneburg\/"},"modified":"2021-08-25T12:19:25","modified_gmt":"2021-08-25T10:19:25","slug":"terrassendaecher-aus-aluminium-lueneburg","status":"publish","type":"page","link":"https:\/\/www.kaduk-bauelemente.de\/leistungen\/terrassendaecher-aus-aluminium-lueneburg\/","title":{"rendered":"Terrassend\u00e4cher aus Aluminium &#8211; L\u00fcneburg"},"content":{"rendered":"<h3>Terrassend\u00e4cher aus Aluminium &#8211; eine gute Investition<\/h3>\n<p>Terrassend\u00e4cher geben einem Wohn- oder Gesch\u00e4ftshaus einen ganz besonderen Charme. Unter Terrassend\u00e4chern sitzt man sicher und gem\u00fctlich und kann selbst bei N\u00e4sse eine sch\u00f6ne Zeit an der frischen Luft verbringen. Terrassend\u00e4cher sch\u00fctzen vor Regenwetter und laden daher zum unbeschwertem Aufenthalt ein. Geben Sie Ihrem Heim ein Mehr an Komfort und vertrauen Sie auf Terrassend\u00e4cher vom Experten. Als routiniertes Fachunternehmen \u00fcberzeugen uns speziell auch Terrassend\u00e4cher aus Alu. Die \u00dcberdachungen sind raumsparend und ausgesprochen stabil. Terrassend\u00e4cher aus Aluminium bieten au\u00dferdem immer auch ein gro\u00dfes Ma\u00df an Behaglichkeit und Sicherheit. <\/p>\n<h3>Sie interessieren sich f\u00fcr Terrassend\u00e4cher aus Aluminium? Dann besuchen Sie unsere Ausstellung!<\/h3>\n<p>Terrassend\u00e4cher sind mitnichten nur ein einfacher Wetterschutz. Sie werden merken, dass Terrassend\u00e4cher ein Hauptkriterium f\u00fcr die h\u00e4ufigere Nutzung der Gartenanlage sind. Wir k\u00f6nnen Ihnen schon an dieser Stelle garantieren, dass Sie bis in den Sp\u00e4therbst hinein viel Spa\u00df an Ihrer Terrasse haben werden. Terrassend\u00e4cher erh\u00f6hen schlichtweg die Zufriedenheit. Und ganz nebenbei werden auch Ihre M\u00f6bel optimal vor sch\u00e4dlichen Wettereinfl\u00fcssen gesch\u00fctzt. <\/p>\n<p>Je nach Ausma\u00df und Beschaffenheit der zu \u00fcberdachenden Bereiche sind unterschiedliche Terrassend\u00e4cher aus Aluminium auf Lager. Und je nach individuellem Geschmack kann unter verschiedenen Konstruktionen ausgew\u00e4hlt werden. In unserer Ausstellung zeigen wir Ihnen von Montag bis Freitag in der Zeit von 9.00 und 18.00 Uhr sowie am Samstag in der Zeit von 9:00 und 13:00 Uhr eine stattliche Anzahl von sch\u00f6ne Umsetzungsm\u00f6glichkeiten.<\/p>\n","protected":false},"excerpt":{"rendered":"<p>Terrassend\u00e4cher aus Aluminium &#8211; eine gute Investition Terrassend\u00e4cher geben einem Wohn- oder Gesch\u00e4ftshaus einen ganz besonderen Charme. Unter Terrassend\u00e4chern sitzt man sicher und gem\u00fctlich und kann selbst bei N\u00e4sse eine sch\u00f6ne Zeit an der frischen Luft verbringen. Terrassend\u00e4cher sch\u00fctzen vor Regenwetter und laden daher zum unbeschwertem Aufenthalt ein. Geben Sie Ihrem Heim ein Mehr an [&hellip;]<\/p>\n","protected":false},"author":1,"featured_media":0,"parent":0,"menu_order":0,"comment_status":"closed","ping_status":"closed","template":"","meta":{"footnotes":""},"class_list":["post-4595","page","type-page","status-publish","hentry"],"meta_box":{"popseo_subtitel":"Wir sind Ihr Fachunternehmen f\u00fcr Terrassend\u00e4cher aus Aluminium im Raum L\u00fcneburg","popseo_subtitel2":"Terrassend\u00e4cher aus Aluminium - wir haben die richtige L\u00f6sung f\u00fcr Sie","popseo_lasttitel":"Terrassend\u00e4cher aus Aluminium: Sie haben Fragen? Dann melden Sie sich bei uns","popseo_region":"L\u00fcneburg","popseo_sachwort":"Terrassend\u00e4cher aus Aluminium","popseo_noupdate":"","popseo_einleitungstext":"<p>Die Firma Kaduk ist Ihr qualifizierter und erfahrener Fachbetrieb f\u00fcr Sonnenschutz und Sicherheit im Norden. Mit unserem Unternehmenssitz in Adendorf bei L\u00fcneburg decken wir ein geografisch gro\u00dfes Gebiet ab. Bei uns finden Sie erstklassige Bauelemente in erstaunlich gro\u00dfer Auswahl. Zu unserem Produktsortiment geh\u00f6ren unter anderem T\u00fcren, Fenster, Au\u00dfenjalousien, Markisen, Rolltore, Terrassend\u00e4cher, Carports und Rolll\u00e4den. Nat\u00fcrlich erledigen wir auch alle damit verbundenen Montage- und Reparaturarbeiten f\u00fcr Sie. Auf unserer Website finden Sie unser gesamtes Dienstleistungs- und Produktportfolio ausf\u00fchrlich beschrieben. Kompetent und sachgerecht beraten wir Sie \u00fcber Ihre M\u00f6glichkeiten und f\u00fchren s\u00e4mtliche Arbeiten mit Sachverstand und gewissenhaft aus - so wie Sie es von einem spezialisierten Fachbetrieb erwarten d\u00fcrfen.<\/p>","popseo_schlusstext":"<p>Gerne informieren wir Sie n\u00e4her \u00fcber unser Produkt- und T\u00e4tigkeitsspektrum. Wir zeigen Ihnen mit Vergn\u00fcgen auch einige Referenzen, die Ihnen einen Einblick in unsere Arbeit geben.<br \/>\nSetzen Sie auf die Expertise eines erfahrenen Fachbetriebes. Rufen Sie uns doch rasch einmal an oder schreiben Sie uns eine schnelle E-Mail. Wir freuen uns auf Sie.<\/p>","popseo_stadttext":"<h3>Wir freuen uns \u00fcber Anfragen aus L\u00fcneburg und Bleckede<\/h3>\n<p>Wir betreuen Kunden aus L\u00fcneburg und Bleckede. Durch unsere Gesch\u00e4ftst\u00e4tigkeit haben wir uns einen sehr guten \u00dcberblick \u00fcber die Stadtarchitektur der St\u00e4dte und Gemeinden unseres Einzugsbereiches erarbeiten k\u00f6nnen. Nat\u00fcrlich geh\u00f6rt auch Ihre Region zu unserem unmittelbaren Vertriebsgebiet. Wir freuen uns darauf, mit Ihnen in Kontakt zu kommen. <\/p>\n<h3>Interessante Fakten zu L\u00fcneburg und Bleckede<\/h3>\n<p>In der nur 40 km s\u00fcdlich von Freien und Hansestadt Hamburg gelegenen Stadt L\u00fcneburg leben ca. 70.000 Anwohner. Die Stadt streckt sich \u00fcber eine Fl\u00e4che von 70 qkm. L\u00fcneburg ist Kreisstadt des Kreises L\u00fcneburg und z\u00e4hlt zur Metropolregion Hamburg. Was viele nicht wissen: L\u00fcneburg ist eine historische Hansestadt. Malerisch an der Ilmenau gelegen, erfreut sich L\u00fcneburg gro\u00dfer Beliebtheit bei Tagesbesuchern und Touristen. Die rund 300.000 \u00dcbernachtungen, welche das nieders\u00e4chsische Landesamt f\u00fcr Statistik registriert hat, sprechen eine ganz klare Sprache. Insbesondere sehenswert ist das Zentrum von L\u00fcneburg. Viele historische Gem\u00e4uer verleihen der Stadt einen ganz und gar einmaligen Charme. Bei einem Bummel durch die Altstadt von L\u00fcneburg sollte man insbesondere die Kirche St. Nicolai im Wasserviertel, das Stadtschloss am Markt sowie den Stintmarkt am L\u00fcneburger Hafen besuchen. Wer ein wenig Zeit \u00fcbrig hat, macht Station in einem der zahllosen h\u00fcbschen Caf\u00e9s am Marktplatz und l\u00e4sst einfach die herrliche Stimmung von L\u00fcneburg auf sich wirken. Die zahlreichen Fachwerkgeb\u00e4ude geben dem st\u00e4dtischen Ensemble eine v\u00f6llig unverwechselbare Aura. Die beschauliche Universit\u00e4tsstadt ist bekannt f\u00fcr die Salzgewinnung. In L\u00fcneburg liegt ein ein alter Salzstock. Dort wurde \u00fcber viele Generationen in gro\u00dfem Stile Salz gef\u00f6rdert. Das Deutsche Salzmuseum L\u00fcneburg erinnert heute an diesen bedeutenden Teil der Stadtchronik. Dar\u00fcber hinaus ist der Stint eine beliebte kulinarische K\u00f6stlichkeit. Dem kleinen Fisch begegnet man in L\u00fcneburg fast an jeder Ecke. Bei einem Besuch der nieders\u00e4chsischen Mittelstadt sollte man ein Stint-Essen auf keinen Fall auslassen.      <\/p>\n<p>L\u00fcneburg befindet sich an der Bundesautobahn A39. Auch \u00fcber die Bundesstra\u00dfen B4, B209 und B216 gelangt man rasch und sicher in die nieders\u00e4chsische Mittelstadt. Auch das Umland \u2013 z.B. Bienenb\u00fcttel, Scharnebeck, Amelinghausen, Egestorf, Hanstedt, Fleestedt und Salzhausen - ist gut angebunden. Wer mit der Eisenbahn nach L\u00fcneburg fahren m\u00f6chte, kann dies \u00fcber die Bahnstrecke Hamburg-Hannover tun. Des Weiteren existiert eine Regionalbahnverbindung durch den Verkehrsbetrieb Metronom. Die Reisezeit zwischen Hamburg und L\u00fcneburg betr\u00e4gt nur zirka 30 Minuten. <\/p>\n<h3>L\u00fcneburg und Bleckede: Attraktive Lebensmittelpunkte!<\/h3>\n<p>Die Stadt Bleckede befindet sich im nieders\u00e4chsischen Landkreis L\u00fcneburg. Bleckede hat nicht ganz 10.000 Einwohner. Das Stadtareal erstreckt sich \u00fcber eine Fl\u00e4che von rund 139 qkm. In unmittelbarer N\u00e4he finden sich die Ortschaften Amt Neuhaus, Dahlenburg, Vastorf und Thomasburg. Zu Bleckede z\u00e4hlen insgesamt 15 Ortsteile. Die hervorragende Lage unmittelbar an der Elbe macht Bleckede attraktiv f\u00fcr Tagesbesucher und Touristen. Speziell auf zwei R\u00e4dern lohnt sich ein Ausflug nach Bleckede. Der Elbradweg und der Mecklenburgische Seen-Radweg laden zum ausgedehnten Radfahren ein. Kennzeichnend f\u00fcr Bleckede sind die zahllosen Fachwerkbauten. Per pedes l\u00e4sst sich die bestaunenswerte Architektur besonders gut bewundern. Entsprechend stolz sind die Stadtv\u00e4ter von Bleckede darauf, dass der Ort Teil der Deutschen Fachwerkstra\u00dfe ist. Besonders sch\u00f6n ist der Hafen von Bleckede. Bis heute machen viele Frachtschiffe hier Halt. Besucher sch\u00e4tzen ebenso den F\u00e4hrverkehr auf der Elbe. Eine touristische Besonderheit: Der altehrw\u00fcrdige Raddampfer Kaiser-Wilhelm legt regelm\u00e4\u00dfig in Bleckede an. Gut geignet ist der Hafen auch f\u00fcr die Sportschifffahrt. Die zahllosen Sportbootliegepl\u00e4tze zeigen die Anziehungskraft des Hafen besonders gut. Bleckede ist bekannt f\u00fcr seine herrliche Umgebung. Neben der bereits genannten Deutschen Fachwerkstra\u00dfe f\u00fchrt auch die Deutsche Storchenstra\u00dfe durch Bleckede. Das innerst\u00e4dtisch zu bewundernde Storchennest ist eine ganz besondere Attraktion. Aus Richtung L\u00fcneburg kommend, kann man \u00fcbrigens auch mit einer historischen Eisenbahn nach Bleckede fahren. Die Fahrt mit dem sogenannten Heide-Elbe-Express ist ein Geheimtipp f\u00fcr Ausfl\u00fcgler in der Region.<\/p>\n<h4>Hohe Qualit\u00e4t f\u00fcr Kunden aus L\u00fcneburg und Bleckede<\/h4>\n<p>Toll, dass Sie uns hier auf dieser Website entdeckt haben. Wenn Sie ein Fachunternehmen ben\u00f6tigen, sind Sie bei uns an der richtigen Adresse. Sie m\u00f6chten mehr \u00fcber uns erfahren? F\u00fcr R\u00fcckfragen stehen wir Ihnen jederzeit zur Verf\u00fcgung. Auf Ihre Anfragen freuen wir uns.<\/p>","popseo_zusatztext":"<h3>G\u00fcnstig und preiswert \u2013 unser Leistung f\u00fcr Sie<\/h3>\n<p>Bauelemente m\u00fcssen gehobenen Erwartungen standhalten. Nichtsdestrotrotz darf es g\u00fcnstig und preiswert sein. Das muss absolut kein Widerspruch sein. <\/p>\n<p>Als Fachbetrieb f\u00fcr Sonnenschutz- und Sicherheitssysteme verwenden wir nur qualitativ hochwertige Erzeugnisse. Nichtsdestotrotz schauen wir grunds\u00e4tzlich auf ein angemessenes Preis-Leistungsverh\u00e4ltnis. Wir m\u00f6chten Ihnen Qualit\u00e4t bieten, die zugleich auch g\u00fcnstig und preiswert ist. Geben Sie Ihrem Heim g\u00fcnstig und preiswert das gewisse Plus an Qualit\u00e4t. Markisen und Rolll\u00e4den oder andere Sonnenschutzl\u00f6sungen sehen nicht nur h\u00fcbsch aus, sie leisten auch einen bedeutsamen Beitrag zur W\u00e4rmed\u00e4mmung.  <\/p>\n<h3>G\u00fcnstig und preiswert ohne Abstriche bei der Qualit\u00e4t<\/h3>\n<p>D\u00fcrfen wir Sie informieren, wie Sie g\u00fcnstig und preiswert einen perfekten Sonnenschutz f\u00fcr Ihr Heim verwirklichen? Toll, dann warten Sie bitte nicht und nehmen am besten sofort heute noch Kontakt mit uns auf. Ein kurzer Telefonanruf oder eine kurze E-Mail gen\u00fcgen. Gern beraten Sie unsere gut ausgebildeten Experten \u00fcber die diversen M\u00f6glichkeiten, wie Sie Ihr Heim g\u00fcnstig und preiswert mit Rolll\u00e4den und Markisen oder anderen Sonnenschutzprodukten versehen. Wir freuen uns auf den Austausch mit Ihnen. <\/p>\n<h4>Top-Qualit\u00e4t g\u00fcnstig und preiswert<\/h4>\n<p>Z\u00e4hlen Sie beim Thema Sonnenschutz und Sicherheit auf den Experten. Nur ein Fachbetrieb kennt die diversen M\u00f6glichkeiten, wie Sie g\u00fcnstig und preiswert, trotzdem qualitativ hochwertig einen optimalen Sonnenschutz verwirklichen. Qualit\u00e4tsbewusst, g\u00fcnstig und preiswert: Wir empfehlen uns als spezialisiertes Unternehmen im Norden. Unsere gro\u00dfe Erfahrung zeichnet uns aus.<\/p>","popseo_links":"<a href=\"https:\/\/www.kaduk-bauelemente.de\/leistungen\/holzfenster-seevetal-rosengarten\/\">Holzfenster Seevetal Rosengarten<\/a>, <a href=\"https:\/\/www.kaduk-bauelemente.de\/leistungen\/zaunbau-buechen\/\">Zaunbau B\u00fcchen<\/a>, <a href=\"https:\/\/www.kaduk-bauelemente.de\/leistungen\/raffstores-salzhausen\/\">Raffstores Salzhausen<\/a>, <a href=\"https:\/\/www.kaduk-bauelemente.de\/leistungen\/terrassenueberdachungen-aus-holz-bardowick\/\">Terrassen\u00fcberdachungen aus Holz Bardowick<\/a>, <a href=\"https:\/\/www.kaduk-bauelemente.de\/leistungen\/rolllaeden-bienenbuettel\/\">Rolll\u00e4den Bienenb\u00fcttel<\/a>, <a href=\"https:\/\/www.kaduk-bauelemente.de\/leistungen\/rolllaeden-bad-bevensen\/\">Rolll\u00e4den Bad Bevensen<\/a>, <a href=\"https:\/\/www.kaduk-bauelemente.de\/leistungen\/markisen-uelzen\/\">Markisen Uelzen<\/a>, <a href=\"https:\/\/www.kaduk-bauelemente.de\/leistungen\/sektionaltore-buchholz\/\">Sektionaltore Buchholz<\/a>, <a href=\"https:\/\/www.kaduk-bauelemente.de\/leistungen\/fliegengitter-tostedt-sittensen\/\">Fliegengitter Tostedt Sittensen<\/a>, <a href=\"https:\/\/www.kaduk-bauelemente.de\/leistungen\/carports-reppenstedt\/\">Carports Reppenstedt<\/a>, <a href=\"https:\/\/www.kaduk-bauelemente.de\/leistungen\/tueren-harburg\/\">T\u00fcren Harburg<\/a>, <a href=\"https:\/\/www.kaduk-bauelemente.de\/leistungen\/fenster-reinbek-glinde\/\">Fenster Reinbek Glinde<\/a>, <a href=\"https:\/\/www.kaduk-bauelemente.de\/leistungen\/haustueren-adendorf\/\">Haust\u00fcren Adendorf<\/a>, <a href=\"https:\/\/www.kaduk-bauelemente.de\/leistungen\/holzfenster-adendorf\/\">Holzfenster Adendorf<\/a>, <a href=\"https:\/\/www.kaduk-bauelemente.de\/leistungen\/raffstores-seevetal-rosengarten\/\">Raffstores Seevetal Rosengarten<\/a>, <a href=\"https:\/\/www.kaduk-bauelemente.de\/leistungen\/insektenschutz-salzhausen\/\">Insektenschutz Salzhausen<\/a>, <a href=\"https:\/\/www.kaduk-bauelemente.de\/leistungen\/carports-winsen-luhe\/\">Carports Winsen Luhe<\/a>, <a href=\"https:\/\/www.kaduk-bauelemente.de\/leistungen\/carports-bispingen\/\">Carports Bispingen<\/a>, <a href=\"https:\/\/www.kaduk-bauelemente.de\/leistungen\/terrassendaecher-aus-aluminium-buechen\/\">Terrassend\u00e4cher aus Aluminium B\u00fcchen<\/a>, <a href=\"https:\/\/www.kaduk-bauelemente.de\/leistungen\/fenster-amelinghausen\/\">Fenster Amelinghausen<\/a>, <a href=\"https:\/\/www.kaduk-bauelemente.de\/leistungen\/fliegengitter-maschen\/\">Fliegengitter Maschen<\/a>, <a href=\"https:\/\/www.kaduk-bauelemente.de\/leistungen\/holzfenster-bienenbuettel\/\">Holzfenster Bienenb\u00fcttel<\/a>, <a href=\"https:\/\/www.kaduk-bauelemente.de\/leistungen\/rolllaeden-bergedorf-wentorf\/\">Rolll\u00e4den Bergedorf Wentorf<\/a>, <a href=\"https:\/\/www.kaduk-bauelemente.de\/leistungen\/carports-boizenburg\/\">Carports Boizenburg<\/a>, <a href=\"https:\/\/www.kaduk-bauelemente.de\/leistungen\/rolllaeden-reppenstedt\/\">Rolll\u00e4den Reppenstedt<\/a>, <a href=\"https:\/\/www.kaduk-bauelemente.de\/leistungen\/rolllaeden-lueneburg\/\">Rolll\u00e4den L\u00fcneburg<\/a>, <a href=\"https:\/\/www.kaduk-bauelemente.de\/leistungen\/fliegengitter-hanstedt\/\">Fliegengitter Hanstedt<\/a>, <a href=\"https:\/\/www.kaduk-bauelemente.de\/leistungen\/kunststofffenster-bad-bevensen\/\">Kunststofffenster Bad Bevensen<\/a>"},"_links":{"self":[{"href":"https:\/\/www.kaduk-bauelemente.de\/leistungen\/wp-json\/wp\/v2\/pages\/4595","targetHints":{"allow":["GET"]}}],"collection":[{"href":"https:\/\/www.kaduk-bauelemente.de\/leistungen\/wp-json\/wp\/v2\/pages"}],"about":[{"href":"https:\/\/www.kaduk-bauelemente.de\/leistungen\/wp-json\/wp\/v2\/types\/page"}],"author":[{"embeddable":true,"href":"https:\/\/www.kaduk-bauelemente.de\/leistungen\/wp-json\/wp\/v2\/users\/1"}],"replies":[{"embeddable":true,"href":"https:\/\/www.kaduk-bauelemente.de\/leistungen\/wp-json\/wp\/v2\/comments?post=4595"}],"version-history":[{"count":0,"href":"https:\/\/www.kaduk-bauelemente.de\/leistungen\/wp-json\/wp\/v2\/pages\/4595\/revisions"}],"wp:attachment":[{"href":"https:\/\/www.kaduk-bauelemente.de\/leistungen\/wp-json\/wp\/v2\/media?parent=4595"}],"curies":[{"name":"wp","href":"https:\/\/api.w.org\/{rel}","templated":true}]}}