{"id":4587,"date":"2021-08-25T12:19:25","date_gmt":"2021-08-25T10:19:25","guid":{"rendered":"https:\/\/www.kaduk-bauelemente.de\/leistungen\/terrassendaecher-aus-aluminium-buchholz\/"},"modified":"2021-08-25T12:19:25","modified_gmt":"2021-08-25T10:19:25","slug":"terrassendaecher-aus-aluminium-buchholz","status":"publish","type":"page","link":"https:\/\/www.kaduk-bauelemente.de\/leistungen\/terrassendaecher-aus-aluminium-buchholz\/","title":{"rendered":"Terrassend\u00e4cher aus Aluminium &#8211; Buchholz"},"content":{"rendered":"<h3>Terrassend\u00e4cher aus Aluminium sind auch optisch ein Highlight!<\/h3>\n<p>Terrassend\u00e4cher geben einem Wohnhaus einen sehr besonderen Charme. Unter Terrassend\u00e4chern sitzt man sicher und bequem und kann selbst bei N\u00e4sse eine tolle Zeit drau\u00dfen verbringen. Terrassend\u00e4cher sch\u00fctzen vor schlechtem Wetter und laden einfach zum Verweilen ein. Bescheren Sie Ihrem Anwesen ein Mehr an Komfort und vertrauen Sie auf Terrassend\u00e4cher vom Fachbetrieb. Als erfahrenes Unternehmen \u00fcberzeugen uns vorwiegend auch Terrassend\u00e4cher aus Aluminium. Die \u00dcberdachungen sind raumsparend und ausgesprochen stabil. Terrassend\u00e4cher aus Aluminium bieten au\u00dferdem immer auch ein gro\u00dfes Ma\u00df an Luxus und Sicherheit. <\/p>\n<h3>Sie interessieren sich f\u00fcr Terrassend\u00e4cher aus Aluminium? Dann besuchen Sie unsere Ausstellung!<\/h3>\n<p>Terrassend\u00e4cher sind nie nur ein simpler Wetterschutz. Sie werden sehen, dass Terrassend\u00e4cher ein Hauptgrund f\u00fcr die h\u00e4ufigere Nutzung des Gartens sind. Wir d\u00fcrfen Ihnen schon an dieser Stelle sagen, dass Sie bis in den Sp\u00e4therbst hinein sehr viel Spa\u00df an Ihrer Terrasse haben werden. Terrassend\u00e4cher erh\u00f6hen schlichtweg das Wohlbefinden. Und ganz nebenbei werden auch Ihre Gartenm\u00f6bel ideal vor belastenden Witterungseinfl\u00fcssen gesch\u00fctzt. <\/p>\n<p>Je nach Gr\u00f6\u00dfe und Gestalt der zu \u00fcberdachenden Au\u00dfenfl\u00e4chen sind verschiedene Terrassend\u00e4cher aus Aluminium lieferbar. Und je nach pers\u00f6nlichem Geschmack kann unter diversen Konstruktionen ausgew\u00e4hlt werden. In unserer Ausstellung pr\u00e4sentieren wir Ihnen von Montag bis Freitag zwischen 9.00 und 18.00 Uhr sowie am Samstag in der Zeit von 9:00 und 13:00 Uhr zahllose sch\u00f6ne Umsetzungsm\u00f6glichkeiten.<\/p>\n","protected":false},"excerpt":{"rendered":"<p>Terrassend\u00e4cher aus Aluminium sind auch optisch ein Highlight! Terrassend\u00e4cher geben einem Wohnhaus einen sehr besonderen Charme. Unter Terrassend\u00e4chern sitzt man sicher und bequem und kann selbst bei N\u00e4sse eine tolle Zeit drau\u00dfen verbringen. Terrassend\u00e4cher sch\u00fctzen vor schlechtem Wetter und laden einfach zum Verweilen ein. Bescheren Sie Ihrem Anwesen ein Mehr an Komfort und vertrauen Sie [&hellip;]<\/p>\n","protected":false},"author":1,"featured_media":0,"parent":0,"menu_order":0,"comment_status":"closed","ping_status":"closed","template":"","meta":{"footnotes":""},"class_list":["post-4587","page","type-page","status-publish","hentry"],"meta_box":{"popseo_subtitel":"Kaduk Bauelemente ist Ihr erfahrener Fachbetrieb f\u00fcr Terrassend\u00e4cher aus Aluminium in Buchholz","popseo_subtitel2":"Terrassend\u00e4cher aus Aluminium - von den Spezialisten unserer Firma","popseo_lasttitel":"Terrassend\u00e4cher aus Aluminium: Unsere Mitarbeiter beantworten gerne Ihre Fragen","popseo_region":"Buchholz","popseo_sachwort":"Terrassend\u00e4cher aus Aluminium","popseo_noupdate":"","popseo_einleitungstext":"<p>Wenn es um Sonnenschutz und Sicherheit geht, sind Sie bei der Firma Kaduk genau an der richtigen Adresse. Seit Firmengr\u00fcndung sind wir Ihr lokaler Fachbetrieb f\u00fcr hochwertige Bauelemente. Zu unserem Produktsortiment z\u00e4hlen zum Beispiel Terrassend\u00e4cher, Markisen, Rolltore, Au\u00dfenjalousien, T\u00fcren, Fenster, Carports und Rolll\u00e4den. Unsere Fachleute \u00fcbernehmen Montage- und Reparaturarbeiten und zeigen Ihnen Wege auf, wie Sie Ihr Gesch\u00e4fts- oder Wohnhaus mit zeitgem\u00e4\u00dfen Bauelementen ausstatten k\u00f6nnen. Nachfolgend haben wir erste Informationen f\u00fcr Sie zusammengetragen.<\/p>","popseo_schlusstext":"<p>Auf Wunsch informieren wir Sie n\u00e4her \u00fcber unsere Produkte und unser Aufgabenfeld. Wir zeigen Ihnen mit Vergn\u00fcgen auch ein paar Referenzprojekte, die Ihnen einen Einblick in unsere Firment\u00e4tigkeit geben.<br \/>\nWir sind f\u00fcr Sie da. Rufen Sie uns doch einfach einmal an oder schreiben Sie uns eine kurze E-Mail. Wir freuen uns auf den Kontakt zu Ihnen.<\/p>","popseo_stadttext":"<h3>Unser Produktsortiment f\u00fcr Kunden aus Buchholz i.d. Nordheide<\/h3>\n<p>Buchholz geh\u00f6rt zum nieders\u00e4chsischen Landkreis Harburg und befindet sich in der Nordheide. Um Verwechslungen mit anderen St\u00e4dten zu vermeiden, tr\u00e4gt die Stadt Buchholz von Amts wegen die Namenserweiterung \"Buchholz in der Nordheide\". Durch unsere Vertriebst\u00e4tigkeit haben wir uns einen ausgezeichneten \u00dcberblick \u00fcber die Architektur der Gemeinden und St\u00e4dte unseres Einzugsbereiches erarbeiten k\u00f6nnen. Selbstverst\u00e4ndlich z\u00e4hlt auch Buchholz i.d. Nordheide zu unserem unmittelbaren Wirkungskreis. Wir freuen uns darauf, mit Ihnen in Kontakt zu kommen. <\/p>\n<h3>Gute Gr\u00fcnde sprechen f\u00fcr den Wohnort Buchholz i.d. Nordheide<\/h3>\n<p>Buchholz ist eine zentral gelegene Stadt. Bis in die Gro\u00dfstadt Hamburg sind es nur 20 Kilometer. Entsprechend viele Berufspendler leben in Buchholz. Wer seine Arbeitsst\u00e4tte in Hamburg hat, dennoch eine eher weniger hektische Wohnlage pr\u00e4feriert, hat es in Buchholz prima getroffen. Der nette und angenehme Ort bietet ein besonders attraktives Lebensumfeld. <\/p>\n<p>Alles in allem leben ca. 37.000 B\u00fcrger in Buchholz. Stadt und Umkreis erstrecken sich \u00fcber eine Fl\u00e4che von etwa 75 qkm. Buchholz teilt sich auf in insgesamt sechs Stadtteile. Eine kleine Besonderheit von Buchholz: Jeder Ortsteil hat einen eigenen B\u00fcrgermeister.<\/p>\n<h3>Buchholz hat Charme!<\/h3>\n<p>Trotz der r\u00e4umlichen N\u00e4he zur Metropole Hamburg, verf\u00fcgt Buchholz \u00fcber ein umtriebiges Wirtschaftsleben, das sich \u00fcber drei Gewerbegebiete erstreckt. Gro\u00dfe Einzelh\u00e4ndler wie beispielsweise M\u00f6bel Kraft oder Media Markt f\u00fchren in Buchholz Filialen. Dominiert wird das Wirtschaftsleben von Buchholz weitgehend von mittelst\u00e4ndischen Betrieben aus den Gesch\u00e4ftsbereichen Gro\u00dfhandel und Dienstleistung. Au\u00dferdem finden sich in Buchholz viele Autoh\u00e4ndler. \u00dcber die Auffahrt Dibbersen ist Buchholz an die Autobahn A1 angeschlossen. Das Buchholzer Dreieck stellt au\u00dferdem eine Autobahnverbindung mit der A7 her. Des Weiteren erreicht man Buchholz mit dem Wagen auch einfach \u00fcber die Bundesstra\u00dfe 75. Wer mit dem Zug nach Buchholz reist, nutzt die Bahnlinie Hamburg-Bremen. Der Verkehrsbetrieb Metronom f\u00e4hrt Buchholz mit der Expresslinie Hamburg-Bremen und \u00fcber eine Nahverkehrsstrecke an.  <\/p>\n<h4>Privat- und Gesch\u00e4ftskunden aus Buchholz i.d. Nordheide sch\u00e4tzen unsere Leistungen!<\/h4>\n<p>Wir finden es klasse, dass Sie unsere Internetseite entdeckt haben. Unsere Erfahrung und die Qualit\u00e4t von Material und Ausf\u00fchrung garantiert Ihnen ein sehr gutes Preis-Leistungsverh\u00e4ltnis. Sie m\u00f6chten mehr \u00fcber uns erfahren? F\u00fcr R\u00fcckfragen stehen wir Ihnen jederzeit zur Verf\u00fcgung. Auf Ihre Anfragen freuen wir uns.<\/p>","popseo_zusatztext":"<h3>G\u00fcnstig und preiswert ohne Abstriche bei der Qualit\u00e4t<\/h3>\n<p>Bauelemente m\u00fcssen gehobenen Anforderungen standhalten. Nichtsdestrotrotz soll es g\u00fcnstig und preiswert sein. Das muss absolut kein Gegensatz sein. <\/p>\n<p>Als Fachbetrieb f\u00fcr Sonnenschutz und Sicherheit verarbeiten wir nur hochwertige Produkte. Nichtsdestotrotz achten wir grunds\u00e4tzlich auf ein angemessenes Preis-Leistungsverh\u00e4ltnis. Wir m\u00f6chten Ihnen Spitzenqualit\u00e4t anbieten, die zugleich auch g\u00fcnstig und preiswert ist. Geben Sie Ihrem Heim g\u00fcnstig und preiswert das gewisse Mehr an Qualit\u00e4t. Markisen und Rolll\u00e4den oder andere Sonnenschutzl\u00f6sungen sehen nicht nur hervorragend aus, sie leisten auch einen bedeutsamen Anteil zur W\u00e4rmed\u00e4mmung.  <\/p>\n<h3>G\u00fcnstig und preiswert \u2013 trotzdem individuell und schick<\/h3>\n<p>D\u00fcrfen wir Sie beraten, wie Sie g\u00fcnstig und preiswert einen optimalen Sonnenschutz f\u00fcr Ihr Zuhause umsetzen? Super, dann z\u00f6gern Sie bitte nicht und nehmen am besten sofort heute noch Kontakt mit uns auf. Ein kurzer Anruf oder eine kurze Mail gen\u00fcgen. Gerne informieren Sie unsere gut ausgebildeten Profis \u00fcber die unterschiedlichen M\u00f6glichkeiten, wie Sie Ihr Zuhause g\u00fcnstig und preiswert mit Rolll\u00e4den und Markisen oder anderen Sonnenschutzprodukten versehen. Wir freuen uns auf das Gespr\u00e4ch mit Ihnen. <\/p>\n<h4>Top-Qualit\u00e4t g\u00fcnstig und preiswert<\/h4>\n<p>Setzen Sie beim Thema Sonnenschutz und Sicherheit auf den Profi. Nur ein Fachbetrieb kennt die diversen M\u00f6glichkeiten, wie Sie g\u00fcnstig und preiswert, gleichzeitig qualitativ hochwertig einen perfekten Sonnenschutz erreichen. Qualit\u00e4tsbewusst, g\u00fcnstig und preiswert: Wir empfehlen uns als spezialisiertes Fachunternehmen im n\u00f6rdlichen Raum. Unsere gro\u00dfe Erfahrung spricht f\u00fcr uns.<\/p>","popseo_links":"<a href=\"https:\/\/www.kaduk-bauelemente.de\/leistungen\/raffstores-buechen\/\">Raffstores B\u00fcchen<\/a>, <a href=\"https:\/\/www.kaduk-bauelemente.de\/leistungen\/kunststofffenster-amt-neuhaus\/\">Kunststofffenster Amt Neuhaus<\/a>, <a href=\"https:\/\/www.kaduk-bauelemente.de\/leistungen\/terrassendaecher-aus-holz-harburg\/\">Terrassend\u00e4cher aus Holz Harburg<\/a>, <a href=\"https:\/\/www.kaduk-bauelemente.de\/leistungen\/rolllaeden-ebstorf\/\">Rolll\u00e4den Ebstorf<\/a>, <a href=\"https:\/\/www.kaduk-bauelemente.de\/leistungen\/kunststofffenster-amelinghausen\/\">Kunststofffenster Amelinghausen<\/a>, <a href=\"https:\/\/www.kaduk-bauelemente.de\/leistungen\/rollladen-tostedt-sittensen\/\">Rollladen Tostedt Sittensen<\/a>, <a href=\"https:\/\/www.kaduk-bauelemente.de\/leistungen\/haustueren-lueneburg\/\">Haust\u00fcren L\u00fcneburg<\/a>, <a href=\"https:\/\/www.kaduk-bauelemente.de\/leistungen\/fenster-boizenburg\/\">Fenster Boizenburg<\/a>, <a href=\"https:\/\/www.kaduk-bauelemente.de\/leistungen\/sektionaltore-herzogtum-lauenburg\/\">Sektionaltore Herzogtum Lauenburg<\/a>, <a href=\"https:\/\/www.kaduk-bauelemente.de\/leistungen\/garagen-buechen\/\">Garagen B\u00fcchen<\/a>, <a href=\"https:\/\/www.kaduk-bauelemente.de\/leistungen\/terrassenueberdachungen-aus-aluminium-hanstedt\/\">Terrassen\u00fcberdachungen aus Aluminium Hanstedt<\/a>, <a href=\"https:\/\/www.kaduk-bauelemente.de\/leistungen\/rolltore-adendorf\/\">Rolltore Adendorf<\/a>, <a href=\"https:\/\/www.kaduk-bauelemente.de\/leistungen\/terrassenueberdachungen-aus-aluminium-seevetal-rosengarten\/\">Terrassen\u00fcberdachungen aus Aluminium Seevetal Rosengarten<\/a>, <a href=\"https:\/\/www.kaduk-bauelemente.de\/leistungen\/holzfenster-boizenburg\/\">Holzfenster Boizenburg<\/a>, <a href=\"https:\/\/www.kaduk-bauelemente.de\/leistungen\/raffstores-lueneburg\/\">Raffstores L\u00fcneburg<\/a>, <a href=\"https:\/\/www.kaduk-bauelemente.de\/leistungen\/garagen-maschen\/\">Garagen Maschen<\/a>, <a href=\"https:\/\/www.kaduk-bauelemente.de\/leistungen\/tueren-tostedt-sittensen\/\">T\u00fcren Tostedt Sittensen<\/a>, <a href=\"https:\/\/www.kaduk-bauelemente.de\/leistungen\/holzfenster-buechen\/\">Holzfenster B\u00fcchen<\/a>, <a href=\"https:\/\/www.kaduk-bauelemente.de\/leistungen\/zaunbau-amt-neuhaus\/\">Zaunbau Amt Neuhaus<\/a>, <a href=\"https:\/\/www.kaduk-bauelemente.de\/leistungen\/rollladen-harburg\/\">Rollladen Harburg<\/a>, <a href=\"https:\/\/www.kaduk-bauelemente.de\/leistungen\/terrassendaecher-aus-aluminium-buechen\/\">Terrassend\u00e4cher aus Aluminium B\u00fcchen<\/a>, <a href=\"https:\/\/www.kaduk-bauelemente.de\/leistungen\/zaeune-salzhausen\/\">Z\u00e4une Salzhausen<\/a>, <a href=\"https:\/\/www.kaduk-bauelemente.de\/leistungen\/holzfenster-bergedorf-wentorf\/\">Holzfenster Bergedorf Wentorf<\/a>, <a href=\"https:\/\/www.kaduk-bauelemente.de\/leistungen\/tueren-ebstorf\/\">T\u00fcren Ebstorf<\/a>, <a href=\"https:\/\/www.kaduk-bauelemente.de\/leistungen\/terrassenueberdachungen-aus-holz-bad-bevensen\/\">Terrassen\u00fcberdachungen aus Holz Bad Bevensen<\/a>, <a href=\"https:\/\/www.kaduk-bauelemente.de\/leistungen\/rolltore-reppenstedt\/\">Rolltore Reppenstedt<\/a>, <a href=\"https:\/\/www.kaduk-bauelemente.de\/leistungen\/fliegengitter-reppenstedt\/\">Fliegengitter Reppenstedt<\/a>, <a href=\"https:\/\/www.kaduk-bauelemente.de\/leistungen\/rolltore-uelzen\/\">Rolltore Uelzen<\/a>"},"_links":{"self":[{"href":"https:\/\/www.kaduk-bauelemente.de\/leistungen\/wp-json\/wp\/v2\/pages\/4587","targetHints":{"allow":["GET"]}}],"collection":[{"href":"https:\/\/www.kaduk-bauelemente.de\/leistungen\/wp-json\/wp\/v2\/pages"}],"about":[{"href":"https:\/\/www.kaduk-bauelemente.de\/leistungen\/wp-json\/wp\/v2\/types\/page"}],"author":[{"embeddable":true,"href":"https:\/\/www.kaduk-bauelemente.de\/leistungen\/wp-json\/wp\/v2\/users\/1"}],"replies":[{"embeddable":true,"href":"https:\/\/www.kaduk-bauelemente.de\/leistungen\/wp-json\/wp\/v2\/comments?post=4587"}],"version-history":[{"count":0,"href":"https:\/\/www.kaduk-bauelemente.de\/leistungen\/wp-json\/wp\/v2\/pages\/4587\/revisions"}],"wp:attachment":[{"href":"https:\/\/www.kaduk-bauelemente.de\/leistungen\/wp-json\/wp\/v2\/media?parent=4587"}],"curies":[{"name":"wp","href":"https:\/\/api.w.org\/{rel}","templated":true}]}}