{"id":4586,"date":"2021-08-25T12:19:25","date_gmt":"2021-08-25T10:19:25","guid":{"rendered":"https:\/\/www.kaduk-bauelemente.de\/leistungen\/terrassendaecher-aus-aluminium-boizenburg\/"},"modified":"2021-08-25T12:19:25","modified_gmt":"2021-08-25T10:19:25","slug":"terrassendaecher-aus-aluminium-boizenburg","status":"publish","type":"page","link":"https:\/\/www.kaduk-bauelemente.de\/leistungen\/terrassendaecher-aus-aluminium-boizenburg\/","title":{"rendered":"Terrassend\u00e4cher aus Aluminium &#8211; Boizenburg"},"content":{"rendered":"<h3>Terrassend\u00e4cher aus Aluminium &#8211; eine gute Investition<\/h3>\n<p>Terrassend\u00e4cher verleihen einem Wohnhaus einen ganz besonderen Charme. Unter Terrassend\u00e4chern sitzt man gesch\u00fctzt und bequem und kann sogar bei Regenwetter eine sch\u00f6ne Zeit an der frischen Luft verbringen. Terrassend\u00e4cher sch\u00fctzen vor Wind und Wetter und laden einfach zum Verweilen ein. Bescheren Sie Ihrem Heim ein Mehr an Qualit\u00e4t und vertrauen Sie auf Terrassend\u00e4cher vom Fachbetrieb. Als erfahrenes Fachunternehmen \u00fcberzeugen uns haupts\u00e4chlich auch Terrassend\u00e4cher aus Alu. Die \u00dcberdachungen sind platzsparend und ausgesprochen strapazierf\u00e4hig. Terrassend\u00e4cher aus Alu bieten au\u00dferdem immer auch ein sehr hohes Ma\u00df an Gem\u00fctlichkeit und Schutz. <\/p>\n<h3>Sch\u00f6ne Terrassend\u00e4cher aus Aluminium sind immer eine gute Idee!<\/h3>\n<p>Terrassend\u00e4cher sind keineswegs nur ein simpler Wetterschutz. Sie werden merken, dass Terrassend\u00e4cher ein Grund f\u00fcr die ausgiebigere Nutzung des Gartens sind. Wir k\u00f6nnen Ihnen schon heute garantieren, dass Sie bis in den Herbst hinein sehr viel Spa\u00df an Ihrer Terrasse haben werden. Terrassend\u00e4cher erh\u00f6hen schlichtweg die Wohnqualit\u00e4t. Und ganz nebenbei werden auch Ihre M\u00f6bel optimal vor belastenden Witterungseinfl\u00fcssen gesch\u00fctzt. <\/p>\n<p>Je nach Gr\u00f6\u00dfe und Zustand der zu \u00fcberdachenden Au\u00dfenfl\u00e4chen sind verschiedene Terrassend\u00e4cher aus Aluminium erh\u00e4ltlich. Und je nach pers\u00f6nlichem Geschmack kann unter diversen Konstruktionen gew\u00e4hlt werden. In unserer Ausstellung pr\u00e4sentieren wir Ihnen montags bis freitags zwischen 9.00 und 18.00 Uhr sowie samstags zwischen 9:00 und 13:00 Uhr zahlreiche sch\u00f6ne L\u00f6sungsalternativen.<\/p>\n","protected":false},"excerpt":{"rendered":"<p>Terrassend\u00e4cher aus Aluminium &#8211; eine gute Investition Terrassend\u00e4cher verleihen einem Wohnhaus einen ganz besonderen Charme. Unter Terrassend\u00e4chern sitzt man gesch\u00fctzt und bequem und kann sogar bei Regenwetter eine sch\u00f6ne Zeit an der frischen Luft verbringen. Terrassend\u00e4cher sch\u00fctzen vor Wind und Wetter und laden einfach zum Verweilen ein. Bescheren Sie Ihrem Heim ein Mehr an Qualit\u00e4t [&hellip;]<\/p>\n","protected":false},"author":1,"featured_media":0,"parent":0,"menu_order":0,"comment_status":"closed","ping_status":"closed","template":"","meta":{"footnotes":""},"class_list":["post-4586","page","type-page","status-publish","hentry"],"meta_box":{"popseo_subtitel":"Wir sind Ihr erfahrener Fachbetrieb f\u00fcr Terrassend\u00e4cher aus Aluminium in Boizenburg","popseo_subtitel2":"Terrassend\u00e4cher aus Aluminium vom Fachbetrieb","popseo_lasttitel":"Terrassend\u00e4cher aus Aluminium: F\u00fcr weitere Informationen sprechen Sie uns bitte an","popseo_region":"Boizenburg","popseo_sachwort":"Terrassend\u00e4cher aus Aluminium","popseo_noupdate":"","popseo_einleitungstext":"<p>Die Firma Dirk Kaduk Bauelemente ist Ihr qualifizierter und erfahrener Fachbetrieb f\u00fcr Sicherheit und Sonnenschutz im Norden. Mit unserem Unternehmenssitz in Adendorf bei L\u00fcneburg decken wir ein fl\u00e4chenm\u00e4\u00dfig gro\u00dfes Gebiet ab. Bei uns finden Sie hochwertige Bauelemente in erstaunlich gro\u00dfer Auswahl. Zu unserem Produktsortiment z\u00e4hlen u.a. Fenster, T\u00fcren, Au\u00dfenjalousien, Markisen, Rolltore, Terrassend\u00e4cher, Rolll\u00e4den und Carports. Selbstverst\u00e4ndlich erledigen wir auch Reparatur- und Montagearbeiten f\u00fcr Sie. Auf unserer Homepage finden Sie unser gesamtes Produkt- und Dienstleistungsangebot detailliert beschrieben. Kompetent und sachgerecht beraten wir Sie \u00fcber Ihre M\u00f6glichkeiten und f\u00fchren alle anfallenden Arbeiten gewissenhaft und mit Sachverstand aus - so wie Sie es von einem kompetenten Fachbetrieb erwarten d\u00fcrfen.<\/p>","popseo_schlusstext":"<p>Sehr gerne informieren wir Sie n\u00e4her \u00fcber unser Produkt- und T\u00e4tigkeitsspektrum. Wir zeigen Ihnen mit Vergn\u00fcgen auch einige Referenzen, die Ihnen einen Einblick in unsere Arbeit geben.<br \/>\nSchenken Sie uns Ihr Vertrauen. Rufen Sie uns doch einfach einmal an oder schicken Sie uns eine schnelle E-Mail. Wir freuen uns auf den Kontakt zu Ihnen.<\/p>","popseo_stadttext":"<h3>Unser Vertriebsgebiet umfasst auch Boizenburg<\/h3>\n<p>Unser Einzugsgebiet umfasst auch Boizenburg. Durch unsere Gesch\u00e4ftst\u00e4tigkeit haben wir uns einen guten \u00dcberblick \u00fcber die Architektur der St\u00e4dte und Gemeinden unseres Vertriebsgebietes machen k\u00f6nnen. Wir f\u00fchlen uns der Region verpflichtet und sind stolz darauf, auch einen Teil zur guten Infrastruktur der Gemeinde Boizenburg beisteuern zu k\u00f6nnen.  <\/p>\n<h3>Gute Gr\u00fcnde sprechen f\u00fcr den Wohnort Boizenburg<\/h3>\n<p>Die Stadt Boizenburg liegt im Landkreis Ludwigslust-Parchim in Mecklenburg-Vorpommern. In Boizenburg leben ca. 10.000 Menschen auf einer Fl\u00e4che von 47 qkm. Die Ortsbezeichnung Boizenburg leitet sich ab vom Fluss Boitze. Dieser flie\u00dft direkt durch das Stadtgebiet. Allgemein bekannter d\u00fcrfte allerdings sein, dass Boizenburg an der Elbe liegt. Boizenburg unterteilt sich in insgesamt f\u00fcnf Stadtteile. Dies sind Gehrum, Bahlen, Bahlenburg, Heide und Gothmann. <\/p>\n<p>Boizenburg ist eine vergleichsweise alte Stadt. Das erste Mal erw\u00e4hnt wurde der Ort bereits anno 1171. W\u00e4hrend der DDR-Zeit war Boizenburg zu gro\u00dfen Teilen abgeschieden. Die einstmalige Deutsch-Deutsche-Grenze lief direkt entlang des Ortsgebietes von Boizenburg. Damals war Boizenburg Sperrzone. B\u00fcrger und G\u00e4ste der Stadt ben\u00f6tigten in damaliger Zeit einen beh\u00f6rdlichen Durchgangsschein. Eine Begrenzung der pers\u00f6nlichen Freiheit, die in unserer Zeit Gott sei Dank kaum noch nachvollziehbar ist. <\/p>\n<h3>Boizenburg hat Charme!<\/h3>\n<p>Nach der Vereinigung der zwei deutschen Staaten bl\u00fchte Boizenburg massiv auf. Der alte Stadtkern wurde grundsaniert. Auch der kleine Elbhafen wurde umfangreich neu gestaltet. Heute ist Boizenburg eine wunderbar gelegene Kleinstadt, die ihren Einwohnern ein sehr gutes Lebensumfeld bietet. Der innerst\u00e4dtische Bereich von Boizenburg wird von einer mittelalterlichen Wallanlage beherrscht. Zahllose Fachwerkh\u00e4user runden das Stadtbild ab. Besonders ins Auge stechend ist auch das Rathaus Boizenburg - das liebreizende Fachwerkhaus wurde im Jahre 1711 errichtet. Dar\u00fcber hinaus pr\u00e4gt besonders die St. Marien Kirche die Silouette der mecklenburgischen Ortschaft.<\/p>\n<p>Die Wirtschaft von Boizenburg ist gepr\u00e4gt von mittelst\u00e4ndischen Firmen. Rund 50 Hektar Gewerbefl\u00e4che steht in Boizenburg zur Verf\u00fcgung. Eine weitere Ausdehnung ist in Planung. F\u00fcr junge Familien ist Boizenburg als Wohnort von Interesse. Das Kultur- und Sportangebot \u00fcberrascht durch seine Vielfalt. Schulische Einrichtungen jeder Art und Kinderhorts sind in befriedigender Anzahl vorhanden.  <\/p>\n<h4>Hohe Qualit\u00e4t f\u00fcr Kunden aus Boizenburg<\/h4>\n<p>Toll, dass Sie diese Seite gefunden haben. Wenn Sie eine erfahrene Fachfirma ben\u00f6tigen, sind Sie bei uns genau richtig. Sie m\u00f6chten mehr \u00fcber uns wissen? F\u00fcr R\u00fcckfragen stehen wir Ihnen jederzeit zur Verf\u00fcgung. Auf den Kontakt zu Ihnen freuen wir uns.<\/p>","popseo_zusatztext":"<h3>Kaduk Bauelemente ist Ihr Fachbetrieb f\u00fcr Sonnen- und Sichtschutz<\/h3>\n<p>Vertrauen Sie bei Sonnenschutz und Sicherheit unbedingt auf die fachliche Leistung vom Fachbetrieb. Nur ein Fachbetrieb wei\u00df von den M\u00f6glichkeiten, wie man zu einem \u00fcberzeugenden Ergebnis kommt. Um sich mit Fug und Recht als Fachbetrieb bezeichnen zu d\u00fcrfen, braucht es eine qualifizierte Ausbildung der Mitarbeiter und eine langj\u00e4hrige Erfahrung.  <\/p>\n<p>Unsere Firma empfiehlt sich als Ihr kompetenter Fachbetrieb f\u00fcr Sicherheit und Sonnenschutz. Kommen Sie zum Ziel und schenken Sie unserem Fachbetrieb Ihr Vertrauen. Wir bieten Ihnen z.B. schicke Rolll\u00e4den und Markisen und legen allergr\u00f6\u00dften Wert auf einen indivduellen Service. Schon seit vielen Jahren sind wir spezialisierter Fachbetrieb f\u00fcr Terrassend\u00e4cher, Markisen, Rolll\u00e4den und Au\u00dfenjalousien im Raum L\u00fcneburg. Es ist unser Bestreben, dass Sie dauerhaft viel Freude an Ihrem Sicht und Sonnenschutz haben. Von einem Fachbetrieb d\u00fcrfen Sie ohne Wenn und Aber eine fehlerfreie Top-Leistung erwarten.<\/p>\n<h3>Sicht- und Sonnenschutz\u2013 ein Thema f\u00fcr den Fachbetrieb<\/h3>\n<p>Als Fachbetrieb darf sich eine Firma bezeichnen, deren Angestellte \u00fcber nachweisbare Qualifikationen verf\u00fcgen. Dies ist unter anderem eine entsprechende Ausbildung oder ein Meisterbrief. Au\u00dferdem zeichnet eine langj\u00e4hrige praktische Erfahrung einen Fachbetrieb aus. Schon seit vielen Jahren konzentrieren wir uns als spezialisiertes Unternehmen auf Sicherheit und Sonnenschutz von Immobilien. In diesen langen Jahren haben wir uns die Bezeichnung Fachbetrieb bestimmt erarbeitet. Wir verarbeiten lediglich qualitativ hochwertige Produkte. Dabei achten wir stets auf ein angemessenes Preis-Leistungsverh\u00e4ltnis. Unser Motto als Fachbetrieb: Wir bieten Ihnen 1a-Leistung zu einem konkurrenzlosem Preis.<\/p>","popseo_links":"<a href=\"https:\/\/www.kaduk-bauelemente.de\/leistungen\/holzfenster-reppenstedt\/\">Holzfenster Reppenstedt<\/a>, <a href=\"https:\/\/www.kaduk-bauelemente.de\/leistungen\/terrassendaecher-aus-aluminium-bad-bevensen\/\">Terrassend\u00e4cher aus Aluminium Bad Bevensen<\/a>, <a href=\"https:\/\/www.kaduk-bauelemente.de\/leistungen\/zaeune-uelzen\/\">Z\u00e4une Uelzen<\/a>, <a href=\"https:\/\/www.kaduk-bauelemente.de\/leistungen\/holzfenster-seevetal-rosengarten\/\">Holzfenster Seevetal Rosengarten<\/a>, <a href=\"https:\/\/www.kaduk-bauelemente.de\/leistungen\/sektionaltore-reppenstedt\/\">Sektionaltore Reppenstedt<\/a>, <a href=\"https:\/\/www.kaduk-bauelemente.de\/leistungen\/zaunbau-boizenburg\/\">Zaunbau Boizenburg<\/a>, <a href=\"https:\/\/www.kaduk-bauelemente.de\/leistungen\/fliegengitter-reinbek-glinde\/\">Fliegengitter Reinbek Glinde<\/a>, <a href=\"https:\/\/www.kaduk-bauelemente.de\/leistungen\/terrassendaecher-aus-holz-uelzen\/\">Terrassend\u00e4cher aus Holz Uelzen<\/a>, <a href=\"https:\/\/www.kaduk-bauelemente.de\/leistungen\/terrassendaecher-aus-holz-herzogtum-lauenburg\/\">Terrassend\u00e4cher aus Holz Herzogtum Lauenburg<\/a>, <a href=\"https:\/\/www.kaduk-bauelemente.de\/leistungen\/garagentore-bardowick\/\">Garagentore Bardowick<\/a>, <a href=\"https:\/\/www.kaduk-bauelemente.de\/leistungen\/holzfenster-amelinghausen\/\">Holzfenster Amelinghausen<\/a>, <a href=\"https:\/\/www.kaduk-bauelemente.de\/leistungen\/rollladen-amelinghausen\/\">Rollladen Amelinghausen<\/a>, <a href=\"https:\/\/www.kaduk-bauelemente.de\/leistungen\/markisen-buchholz\/\">Markisen Buchholz<\/a>, <a href=\"https:\/\/www.kaduk-bauelemente.de\/leistungen\/terrassendaecher-aus-aluminium-tostedt-sittensen\/\">Terrassend\u00e4cher aus Aluminium Tostedt Sittensen<\/a>, <a href=\"https:\/\/www.kaduk-bauelemente.de\/leistungen\/kunststofffenster-salzhausen\/\">Kunststofffenster Salzhausen<\/a>, <a href=\"https:\/\/www.kaduk-bauelemente.de\/leistungen\/haustueren-winsen-luhe\/\">Haust\u00fcren Winsen Luhe<\/a>, <a href=\"https:\/\/www.kaduk-bauelemente.de\/leistungen\/garagen-lueneburg\/\">Garagen L\u00fcneburg<\/a>, <a href=\"https:\/\/www.kaduk-bauelemente.de\/leistungen\/haustueren-schwarzenbek\/\">Haust\u00fcren Schwarzenbek<\/a>, <a href=\"https:\/\/www.kaduk-bauelemente.de\/leistungen\/sektionaltore-winsen-luhe\/\">Sektionaltore Winsen Luhe<\/a>, <a href=\"https:\/\/www.kaduk-bauelemente.de\/leistungen\/markisen-tostedt-sittensen\/\">Markisen Tostedt Sittensen<\/a>, <a href=\"https:\/\/www.kaduk-bauelemente.de\/leistungen\/rolltore-amelinghausen\/\">Rolltore Amelinghausen<\/a>, <a href=\"https:\/\/www.kaduk-bauelemente.de\/leistungen\/terrassendaecher-aus-aluminium-buechen\/\">Terrassend\u00e4cher aus Aluminium B\u00fcchen<\/a>, <a href=\"https:\/\/www.kaduk-bauelemente.de\/leistungen\/rollladen-ebstorf\/\">Rollladen Ebstorf<\/a>, <a href=\"https:\/\/www.kaduk-bauelemente.de\/leistungen\/carports-schwarzenbek\/\">Carports Schwarzenbek<\/a>, <a href=\"https:\/\/www.kaduk-bauelemente.de\/leistungen\/carports-buchholz\/\">Carports Buchholz<\/a>, <a href=\"https:\/\/www.kaduk-bauelemente.de\/leistungen\/sektionaltore-ebstorf\/\">Sektionaltore Ebstorf<\/a>, <a href=\"https:\/\/www.kaduk-bauelemente.de\/leistungen\/rolltore-ebstorf\/\">Rolltore Ebstorf<\/a>, <a href=\"https:\/\/www.kaduk-bauelemente.de\/leistungen\/insektenschutz-herzogtum-lauenburg\/\">Insektenschutz Herzogtum Lauenburg<\/a>"},"_links":{"self":[{"href":"https:\/\/www.kaduk-bauelemente.de\/leistungen\/wp-json\/wp\/v2\/pages\/4586","targetHints":{"allow":["GET"]}}],"collection":[{"href":"https:\/\/www.kaduk-bauelemente.de\/leistungen\/wp-json\/wp\/v2\/pages"}],"about":[{"href":"https:\/\/www.kaduk-bauelemente.de\/leistungen\/wp-json\/wp\/v2\/types\/page"}],"author":[{"embeddable":true,"href":"https:\/\/www.kaduk-bauelemente.de\/leistungen\/wp-json\/wp\/v2\/users\/1"}],"replies":[{"embeddable":true,"href":"https:\/\/www.kaduk-bauelemente.de\/leistungen\/wp-json\/wp\/v2\/comments?post=4586"}],"version-history":[{"count":0,"href":"https:\/\/www.kaduk-bauelemente.de\/leistungen\/wp-json\/wp\/v2\/pages\/4586\/revisions"}],"wp:attachment":[{"href":"https:\/\/www.kaduk-bauelemente.de\/leistungen\/wp-json\/wp\/v2\/media?parent=4586"}],"curies":[{"name":"wp","href":"https:\/\/api.w.org\/{rel}","templated":true}]}}