{"id":4580,"date":"2021-08-25T12:19:25","date_gmt":"2021-08-25T10:19:25","guid":{"rendered":"https:\/\/www.kaduk-bauelemente.de\/leistungen\/terrassendaecher-aus-aluminium-amt-neuhaus\/"},"modified":"2021-08-25T12:19:25","modified_gmt":"2021-08-25T10:19:25","slug":"terrassendaecher-aus-aluminium-amt-neuhaus","status":"publish","type":"page","link":"https:\/\/www.kaduk-bauelemente.de\/leistungen\/terrassendaecher-aus-aluminium-amt-neuhaus\/","title":{"rendered":"Terrassend\u00e4cher aus Aluminium &#8211; Amt Neuhaus"},"content":{"rendered":"<h3>D\u00fcrfen wir Ihre Fragen \u00fcber Terrassend\u00e4cher aus Aluminium beantworten?<\/h3>\n<p>Terrassend\u00e4cher geben einem Haus einen sehr besonderen Charme. Unter Terrassend\u00e4chern sitzt man gesch\u00fctzt und komfortabel und kann auch bei nassem Wetter eine tolle Zeit im Freien verbringen. Terrassend\u00e4cher sch\u00fctzen vor Wetter und Wind und laden einfach zum unbeschwertem Aufenthalt ein. Geben Sie Ihrem Anwesen ein Mehr an Wohnqualit\u00e4t und vertrauen Sie auf Terrassend\u00e4cher vom Spezialisten. Als routiniertes Unternehmen begeistern uns vorwiegend auch Terrassend\u00e4cher aus Alu. Die \u00dcberdachungen sind raumsparend und ausgesprochen belastbar. Terrassend\u00e4cher aus Aluminium bieten dar\u00fcber hinaus immer auch ein gro\u00dfes Ma\u00df an Luxus und Schutz. <\/p>\n<h3>Wir informieren Sie \u00fcber Terrassend\u00e4cher aus Aluminium!<\/h3>\n<p>Terrassend\u00e4cher sind keineswegs nur ein einfacher Regenschutz. Sie werden erleben, dass Terrassend\u00e4cher ein Grund f\u00fcr die ausgiebigere Nutzung des Gartens sind. Wir k\u00f6nnen Ihnen schon an dieser Stelle versprechen, dass Sie bis in den Sp\u00e4therbst hinein sehr viel Freude an Ihrer Terrasse haben werden. Terrassend\u00e4cher erh\u00f6hen einfach das Wohlbefinden. Und au\u00dferdem werden auch Ihre M\u00f6bel optimal vor belastenden Witterungseinfl\u00fcssen gesch\u00fctzt. <\/p>\n<p>Je nach Ausma\u00df und Beschaffenheit der zu \u00fcberdachenden Au\u00dfenbereiche sind verschiedene Terrassend\u00e4cher aus Aluminium erh\u00e4ltlich. Und je nach jeweiligem Geschmack kann unter verschiedenen Konstruktionen ausgew\u00e4hlt werden. In unserer Ausstellung zeigen wir Ihnen von Montag bis Freitag in der Zeit von 9.00 und 18.00 Uhr sowie am Samstag in der Zeit von 9:00 und 13:00 Uhr zahllose sch\u00f6ne Umsetzungsm\u00f6glichkeiten.<\/p>\n","protected":false},"excerpt":{"rendered":"<p>D\u00fcrfen wir Ihre Fragen \u00fcber Terrassend\u00e4cher aus Aluminium beantworten? Terrassend\u00e4cher geben einem Haus einen sehr besonderen Charme. Unter Terrassend\u00e4chern sitzt man gesch\u00fctzt und komfortabel und kann auch bei nassem Wetter eine tolle Zeit im Freien verbringen. Terrassend\u00e4cher sch\u00fctzen vor Wetter und Wind und laden einfach zum unbeschwertem Aufenthalt ein. Geben Sie Ihrem Anwesen ein Mehr [&hellip;]<\/p>\n","protected":false},"author":1,"featured_media":0,"parent":0,"menu_order":0,"comment_status":"closed","ping_status":"closed","template":"","meta":{"footnotes":""},"class_list":["post-4580","page","type-page","status-publish","hentry"],"meta_box":{"popseo_subtitel":"Kaduk Bauelemente ist Ihr erfahrener Experte f\u00fcr Terrassend\u00e4cher aus Aluminium im Raum Amt Neuhaus","popseo_subtitel2":"Terrassend\u00e4cher aus Aluminium - wir helfen Ihnen gerne!","popseo_lasttitel":"Terrassend\u00e4cher aus Aluminium: Unsere Experten beantworten Ihre Fragen","popseo_region":"Amt Neuhaus","popseo_sachwort":"Terrassend\u00e4cher aus Aluminium","popseo_noupdate":"","popseo_einleitungstext":"<p>Auf Wunsch informieren wir Sie n\u00e4her \u00fcber unsere Produkte und unser Aufgabenfeld. Wir zeigen Ihnen mit Vergn\u00fcgen auch ein paar Projekte, die Ihnen einen Einblick in unsere Arbeit geben.<br \/>\nWir sind f\u00fcr Sie da. Rufen Sie uns doch einfach einmal an oder schreiben Sie uns eine kurze E-Mail. Wir freuen uns auf Sie.<\/p>","popseo_schlusstext":"<p>Gerne informieren wir Sie n\u00e4her \u00fcber unser Produkt- und Leistungsprogramm. Wir zeigen Ihnen mit Vergn\u00fcgen auch ein paar Referenzprojekte, die Ihnen einen Einblick in unsere T\u00e4tigkeit geben.<br \/>\nSchenken Sie uns Ihr Vertrauen. Rufen Sie uns doch rasch einmal an oder schreiben Sie uns eine schnelle E-Mail. Wir freuen uns auf Ihre Kontaktaufnahme.<\/p>","popseo_stadttext":"<h3>Leben und Wohnen im Amt Neuhaus<\/h3>\n<p>Durch unsere Gesch\u00e4ftst\u00e4tigkeit haben wir uns einen sehr guten \u00dcberblick \u00fcber die Stadtarchitektur der Gemeinden und St\u00e4dte unseres Einzugsbereiches erarbeiten k\u00f6nnen. Selbstverst\u00e4ndlich z\u00e4hlt auch das Amt Neuhaus zu unserem unmittelbaren Vertriebsgebiet. Sie kommen aus Haar, Dellien, Neuhaus, Kaar\u00dfen, Stapel, Sumte oder Tripkau und sind hier im World Wide Web auf unsere Website gesto\u00dfen? Das finden wir toll. Gerne pr\u00e4sentieren wir Ihnen unser gesamtes Leistungsspektrum und beantworten Ihre Fragen. Wir freuen uns darauf, mit Ihnen ins Gespr\u00e4ch zu treten. <\/p>\n<h2>Einige Informationen \u00fcber das Amt Neuhaus:<\/h2>\n<p>Das Amt Neuhaus geh\u00f6rt juristisch zum Kreis L\u00fcneburg. In Summe leben etwas weniger als 5.000 registrierte Einwohner in der Region. Gut und gerne 237 qkm umfasst das gesamte Gebiet. Das Amt Neuhaus \u00fcberzeugt durch eine gute Infrastruktur und ist verkehrstechnisch hervorragend angebunden. Wegen der hervorragenden Lage ist das Amt Neuhaus speziell bei Pendlern wohlgelitten. Sowohl L\u00fcneburg, Hannover als auch Hamburg sind schnell erreicht. Das gesamte Areal des Amtes zeichnet sich durch eine wirklich wunderbare Wohn- und Lebensqualit\u00e4t aus. Die insbesondere als Wohnstatt beliebte Ortschaften sind vor allem auch f\u00fcr junge Familien mit Kindern die erste Wahl. Das Amt Neuhaus verbindet durch seine Lage auf eine gute Art und Weise urbanes Leben mit dem eher \u00fcbersichtlichen Flair eines Au\u00dfenbezirkes. F\u00fcr die Gr\u00f6\u00dfe des Amtes erstaunlich viele Freizeit- und Sportm\u00f6glichkeiten und eine landschaftlich wunderbare Umgebung zeichnen die Region aus. Die Bebauungsausstruktur im Amt Neuhaus wird dominiert von einer ansprechenden Einzelhausbebauung. <\/p>\n<h4>Hohe Qualit\u00e4t f\u00fcr Kunden aus dem Amt Neuhaus<\/h4>\n<p>Sie kommen aus Dellien, Haar, Kaar\u00dfen, Neuhaus, Stapel, Sumte oder Tripkau, interessieren sich f\u00fcr unser Leistungsangebot und sind hier im World Wide Web auf unsere Homepage gesto\u00dfen? Dar\u00fcber freuen wir uns sehr. Sehr gerne pr\u00e4sentieren wir Ihnen unser komplettes Angebotsspektrum und beantworten Ihre Fragen. Unser engagiertes Team freut sich auf Sie.<\/p>","popseo_zusatztext":"<h3>Wir sind Fachbetrieb f\u00fcr Sicht- und Sonnenschutz<\/h3>\n<p>Setzen Sie in Sachen Sonnenschutz und Sicherheit auf jeden Fall auf die fachliche Leistung vom Fachbetrieb. Nur ein Fachbetrieb kennt die Alternativen, wie man zu einem \u00fcberzeugenden Ergebnis kommt. Um sich mit Fug und Recht als Fachbetrieb bezeichnen zu d\u00fcrfen, braucht man eine gute Ausbildung der Mitarbeiter und eine jahrelange Fachkenntnis.  <\/p>\n<p>Unsere Unternehmung empfiehlt sich als Ihr kompetenter Fachbetrieb f\u00fcr Sonnenschutz und Sicherheit. Setzen Sie auf Qualit\u00e4t und schenken Sie unserem Fachbetrieb Ihr Vertrauen. Wir bieten Ihnen z.B. qualitativ ausgezeichnete Rolll\u00e4den und Markisen und legen massiv Wert auf einen 1a- Service. Schon seit vielen Jahren sind wir qualifizierter Fachbetrieb f\u00fcr Terrassend\u00e4cher, Markisen, Rolll\u00e4den und Au\u00dfenjalousien im Raum L\u00fcneburg. Es ist uns wichtig, dass Sie viele Jahre viel Freude an Ihrem Sicht und Sonnenschutz haben. Von einem Fachbetrieb d\u00fcrfen Sie nat\u00fcrlich eine fehlerfreie Top-Leistung erwarten.<\/p>\n<h3>Dirk Kaduk Bauelemente \u2013 Ihr Fachbetrieb f\u00fcr Sicherheit und Sonnenschutz<\/h3>\n<p>Als Fachbetrieb darf sich eine Unternehmung bezeichnen, deren Angestellte \u00fcber dokumentierte Qualifikationen verf\u00fcgen. Dies ist z.B. eine entsprechende Berufsausbildung oder ein Meisterbrief. Des Weiteren zeichnet eine intensive praktische Erfahrung einen Fachbetrieb aus. Schon seit vielen Jahren konzentrieren wir uns als spezialisiertes Unternehmen auf Sonnenschutz und Sicherheit von H\u00e4usern. In diesen vielen Jahren haben wir uns die Bezeichnung Fachbetrieb sicherlich verdient. Wir verarbeiten nur qualitativ beste Artikel. Hierbei achten wir stets auf ein faires Preis-Leistungsverh\u00e4ltnis. Unser Motto als Fachbetrieb: Wir bieten Ihnen 1a-Leistung zu einem fairen Preis.<\/p>","popseo_links":"<a href=\"https:\/\/www.kaduk-bauelemente.de\/leistungen\/fliegengitter-hanstedt\/\">Fliegengitter Hanstedt<\/a>, <a href=\"https:\/\/www.kaduk-bauelemente.de\/leistungen\/insektenschutz-bienenbuettel\/\">Insektenschutz Bienenb\u00fcttel<\/a>, <a href=\"https:\/\/www.kaduk-bauelemente.de\/leistungen\/aussenjalousien-amelinghausen\/\">Au\u00dfenjalousien Amelinghausen<\/a>, <a href=\"https:\/\/www.kaduk-bauelemente.de\/leistungen\/rolllaeden-bispingen\/\">Rolll\u00e4den Bispingen<\/a>, <a href=\"https:\/\/www.kaduk-bauelemente.de\/leistungen\/zaeune-bienenbuettel\/\">Z\u00e4une Bienenb\u00fcttel<\/a>, <a href=\"https:\/\/www.kaduk-bauelemente.de\/leistungen\/terrassendaecher-aus-holz-reppenstedt\/\">Terrassend\u00e4cher aus Holz Reppenstedt<\/a>, <a href=\"https:\/\/www.kaduk-bauelemente.de\/leistungen\/rolltore-winsen-luhe\/\">Rolltore Winsen Luhe<\/a>, <a href=\"https:\/\/www.kaduk-bauelemente.de\/leistungen\/kunststofffenster-buchholz\/\">Kunststofffenster Buchholz<\/a>, <a href=\"https:\/\/www.kaduk-bauelemente.de\/leistungen\/raffstores-amelinghausen\/\">Raffstores Amelinghausen<\/a>, <a href=\"https:\/\/www.kaduk-bauelemente.de\/leistungen\/rolllaeden-reinbek-glinde\/\">Rolll\u00e4den Reinbek Glinde<\/a>, <a href=\"https:\/\/www.kaduk-bauelemente.de\/leistungen\/zaeune-bergedorf-wentorf\/\">Z\u00e4une Bergedorf Wentorf<\/a>, <a href=\"https:\/\/www.kaduk-bauelemente.de\/leistungen\/terrassenueberdachungen-aus-holz-geesthacht\/\">Terrassen\u00fcberdachungen aus Holz Geesthacht<\/a>, <a href=\"https:\/\/www.kaduk-bauelemente.de\/leistungen\/raffstores-uelzen\/\">Raffstores Uelzen<\/a>, <a href=\"https:\/\/www.kaduk-bauelemente.de\/leistungen\/holzfenster-seevetal-rosengarten\/\">Holzfenster Seevetal Rosengarten<\/a>, <a href=\"https:\/\/www.kaduk-bauelemente.de\/leistungen\/kunststofffenster-uelzen\/\">Kunststofffenster Uelzen<\/a>, <a href=\"https:\/\/www.kaduk-bauelemente.de\/leistungen\/sektionaltore-adendorf\/\">Sektionaltore Adendorf<\/a>, <a href=\"https:\/\/www.kaduk-bauelemente.de\/leistungen\/holzfenster-reinbek-glinde\/\">Holzfenster Reinbek Glinde<\/a>, <a href=\"https:\/\/www.kaduk-bauelemente.de\/leistungen\/garagentore-jesteburg\/\">Garagentore Jesteburg<\/a>, <a href=\"https:\/\/www.kaduk-bauelemente.de\/leistungen\/sektionaltore-buchholz\/\">Sektionaltore Buchholz<\/a>, <a href=\"https:\/\/www.kaduk-bauelemente.de\/leistungen\/rolltore-bispingen\/\">Rolltore Bispingen<\/a>, <a href=\"https:\/\/www.kaduk-bauelemente.de\/leistungen\/sektionaltore-seevetal-rosengarten\/\">Sektionaltore Seevetal Rosengarten<\/a>, <a href=\"https:\/\/www.kaduk-bauelemente.de\/leistungen\/garagentore-reppenstedt\/\">Garagentore Reppenstedt<\/a>, <a href=\"https:\/\/www.kaduk-bauelemente.de\/leistungen\/terrassendaecher-aus-aluminium-lueneburg\/\">Terrassend\u00e4cher aus Aluminium L\u00fcneburg<\/a>, <a href=\"https:\/\/www.kaduk-bauelemente.de\/leistungen\/terrassendaecher-aus-holz-bienenbuettel\/\">Terrassend\u00e4cher aus Holz Bienenb\u00fcttel<\/a>, <a href=\"https:\/\/www.kaduk-bauelemente.de\/leistungen\/haustueren-buchholz\/\">Haust\u00fcren Buchholz<\/a>, <a href=\"https:\/\/www.kaduk-bauelemente.de\/leistungen\/terrassendaecher-aus-aluminium-bardowick\/\">Terrassend\u00e4cher aus Aluminium Bardowick<\/a>, <a href=\"https:\/\/www.kaduk-bauelemente.de\/leistungen\/garagen-adendorf\/\">Garagen Adendorf<\/a>, <a href=\"https:\/\/www.kaduk-bauelemente.de\/leistungen\/garagen-herzogtum-lauenburg\/\">Garagen Herzogtum Lauenburg<\/a>"},"_links":{"self":[{"href":"https:\/\/www.kaduk-bauelemente.de\/leistungen\/wp-json\/wp\/v2\/pages\/4580","targetHints":{"allow":["GET"]}}],"collection":[{"href":"https:\/\/www.kaduk-bauelemente.de\/leistungen\/wp-json\/wp\/v2\/pages"}],"about":[{"href":"https:\/\/www.kaduk-bauelemente.de\/leistungen\/wp-json\/wp\/v2\/types\/page"}],"author":[{"embeddable":true,"href":"https:\/\/www.kaduk-bauelemente.de\/leistungen\/wp-json\/wp\/v2\/users\/1"}],"replies":[{"embeddable":true,"href":"https:\/\/www.kaduk-bauelemente.de\/leistungen\/wp-json\/wp\/v2\/comments?post=4580"}],"version-history":[{"count":0,"href":"https:\/\/www.kaduk-bauelemente.de\/leistungen\/wp-json\/wp\/v2\/pages\/4580\/revisions"}],"wp:attachment":[{"href":"https:\/\/www.kaduk-bauelemente.de\/leistungen\/wp-json\/wp\/v2\/media?parent=4580"}],"curies":[{"name":"wp","href":"https:\/\/api.w.org\/{rel}","templated":true}]}}