{"id":4578,"date":"2021-08-25T12:19:25","date_gmt":"2021-08-25T10:19:25","guid":{"rendered":"https:\/\/www.kaduk-bauelemente.de\/leistungen\/terrassendaecher-aus-aluminium-adendorf\/"},"modified":"2021-08-25T12:19:25","modified_gmt":"2021-08-25T10:19:25","slug":"terrassendaecher-aus-aluminium-adendorf","status":"publish","type":"page","link":"https:\/\/www.kaduk-bauelemente.de\/leistungen\/terrassendaecher-aus-aluminium-adendorf\/","title":{"rendered":"Terrassend\u00e4cher aus Aluminium &#8211; Adendorf"},"content":{"rendered":"<h3>Terrassend\u00e4cher aus Aluminium \u2013 nutzbringend und attraktiv!<\/h3>\n<p>Terrassend\u00e4cher geben einem Wohnhaus einen sehr au\u00dfergew\u00f6hnlichen Charme. Unter Terrassend\u00e4chern sitzt man gesch\u00fctzt und gem\u00fctlich und kann sogar bei nassem Wetter eine angenehme Zeit im Freien verbringen. Terrassend\u00e4cher sch\u00fctzen vor Regen und laden einfach zum unbeschwertem Aufenthalt ein. Verleihen Sie Ihrem Haus ein Mehr an Wohnkomfort und vertrauen Sie auf Terrassend\u00e4cher vom Fachbetrieb. Als erfahrenes Unternehmen \u00fcberzeugen uns haupts\u00e4chlich auch Terrassend\u00e4cher aus Aluminium. Die \u00dcberdachungen sind raumsparend und ausgesprochen strapazierf\u00e4hig. Terrassend\u00e4cher aus Aluminium bieten au\u00dferdem immer auch ein hohes Ma\u00df an Behaglichkeit und Schutz. <\/p>\n<h3>Wir informieren Sie \u00fcber Terrassend\u00e4cher aus Aluminium!<\/h3>\n<p>Terrassend\u00e4cher sind keineswegs nur ein simpler Regenschutz. Sie werden erleben, dass Terrassend\u00e4cher ein Hauptgrund f\u00fcr die ausgiebigere Nutzung der Gartenanlage sind. Wir d\u00fcrfen Ihnen schon an dieser Stelle garantieren, dass Sie bis in den Sp\u00e4therbst hinein sehr viel Spa\u00df an Ihrer Terrasse haben werden. Terrassend\u00e4cher erh\u00f6hen einfach den Wohlf\u00fchlfaktor. Und au\u00dferdem werden auch Ihre Gartenm\u00f6bel ausgezeichnet vor schlechten Wetterbedingungen gesch\u00fctzt. <\/p>\n<p>Je nach Ausma\u00df und Beschaffenheit der zu \u00fcberdachenden Bereiche sind unterschiedliche Terrassend\u00e4cher aus Aluminium lieferbar. Und je nach pers\u00f6nlichem Geschmack kann unter verschiedenen Ausf\u00fchrungen ausgew\u00e4hlt werden. In unserem Ausstellungsraum zeigen wir Ihnen von Montag bis Freitag in der Zeit von 9.00 und 18.00 Uhr sowie am Samstag in der Zeit von 9:00 und 13:00 Uhr eine Menge sch\u00f6ne L\u00f6sungsalternativen.<\/p>\n","protected":false},"excerpt":{"rendered":"<p>Terrassend\u00e4cher aus Aluminium \u2013 nutzbringend und attraktiv! Terrassend\u00e4cher geben einem Wohnhaus einen sehr au\u00dfergew\u00f6hnlichen Charme. Unter Terrassend\u00e4chern sitzt man gesch\u00fctzt und gem\u00fctlich und kann sogar bei nassem Wetter eine angenehme Zeit im Freien verbringen. Terrassend\u00e4cher sch\u00fctzen vor Regen und laden einfach zum unbeschwertem Aufenthalt ein. Verleihen Sie Ihrem Haus ein Mehr an Wohnkomfort und vertrauen [&hellip;]<\/p>\n","protected":false},"author":1,"featured_media":0,"parent":0,"menu_order":0,"comment_status":"closed","ping_status":"closed","template":"","meta":{"footnotes":""},"class_list":["post-4578","page","type-page","status-publish","hentry"],"meta_box":{"popseo_subtitel":"Wir sind Ihr Partner f\u00fcr Terrassend\u00e4cher aus Aluminium in Adendorf","popseo_subtitel2":"Terrassend\u00e4cher aus Aluminium - unsere Fachleute beraten Sie","popseo_lasttitel":"Terrassend\u00e4cher aus Aluminium: Sie haben Fragen? Dann melden Sie sich bei uns","popseo_region":"Adendorf","popseo_sachwort":"Terrassend\u00e4cher aus Aluminium","popseo_noupdate":"","popseo_einleitungstext":"<p>Wenn es um Sicherheit und Sonnenschutz geht, sind Sie bei der Firma Kaduk genau an der richtigen Adresse. Seit Unternehmensgr\u00fcndung sind wir Ihr lokaler Fachbetrieb f\u00fcr hochwertige Bauelemente. Zu unserem Produktsortiment geh\u00f6ren unter anderem Markisen, Rolltore, Terrassend\u00e4cher, Au\u00dfenjalousien, Fenster, T\u00fcren, Carports und Rolll\u00e4den. Unsere Fachleute erledigen Montage- und Reparaturarbeiten und zeigen Ihnen M\u00f6glichkeiten auf, wie Sie Ihre Immobilie mit zeitgem\u00e4\u00dfen Bauelementen ausr\u00fcsten k\u00f6nnen. Auf diesen Seiten haben wir erste Informationen f\u00fcr Sie notiert.<\/p>","popseo_schlusstext":"<p>Sie ben\u00f6tigen einen Fachpartner f\u00fcr moderne Sonnenschutz- und Sicherheitsl\u00f6sungen. Dann rufen Sie uns bitte rasch an. Wir freuen uns auf das Gespr\u00e4ch mit Ihnen. Wenn es um Bauelemente geht, sind wir Ihr erfahrener Handwerks- und Handelspartner. Wir stehen f\u00fcr hochwertige Produkte und eine fachkundig ausgef\u00fchrte Arbeit nach dem stets aktuellsten Stand der Technik.<\/p>","popseo_stadttext":"<h3>Unser Produktsortiment f\u00fcr Kunden aus Adendorf<\/h3>\n<p>Unser Gesch\u00e4ftsbereich umfasst auch Adendorf. Durch unsere Gesch\u00e4ftst\u00e4tigkeit haben wir uns einen sehr guten \u00dcberblick \u00fcber die Stadtarchitektur der St\u00e4dte und Gemeinden unseres Vertriebsgebietes erarbeiten k\u00f6nnen. Wir f\u00fchlen uns der Region verpflichtet und sind stolz darauf, auch einen Teil zur ausgezeichneten Infrastruktur der Gemeinde beizusteuern zu k\u00f6nnen.  <\/p>\n<h3>Lebensmittelpunkt Adendorf<\/h3><br \/>\nAdendorf befindet sich rund vier Kilometer von L\u00fcneburg entfernt zwischen dem Elbe-Seitenkanal und der Illmenau. Etwas weniger als 11.000 Einwohner wohnen in Aldendorf auf einer Fl\u00e4che von ca. 16 qkm. Die Wirtschaft der Gemeinde wird gepr\u00e4gt von kleinen und mittelst\u00e4ndischen Betrieben aus den Gesch\u00e4ftsbereichen Handwerk und Dienstleistung. Erreichbar ist der Ort mit dem Auto \u00fcber die B209. Aldendorf verf\u00fcgt au\u00dferdem \u00fcber eine Anschlussstelle an die Bundesautobahn 39. Der \u00f6ffentliche Personennahverkehr wird \u00fcber eine Reihe von Buslinien sichergestellt. Das Umfeld ist ideal f\u00fcr Ausfl\u00fcge ins Gr\u00fcne. Die Bebauungsstruktur in der Region ist \u00fcberwiegend gepr\u00e4gt von einer h\u00fcbschen Einzelhausbebauung. Vor allem junge Familien sch\u00e4tzen das beschauliche Leben in Adendorf.<br \/>\n<h4>Unsere Leistung f\u00fcr qualit\u00e4tsbewusste Kunden aus Adendorf<\/h4>\n<p>Sie leben in Adendorf und interessieren sich f\u00fcr unser Angebot. Prima, das Sie unsere Internetseite entdeckt haben. F\u00fcr R\u00fcckfragen sind wir jederzeit f\u00fcr Sie da. Auf den Kontakt zu Ihnen freuen wir uns.<\/p>","popseo_zusatztext":"<h3>G\u00fcnstig und preiswert \u2013 darauf d\u00fcrfen Sie setzen<\/h3>\n<p>Bauelemente m\u00fcssen h\u00f6chsten Erwartungen gerecht werden. Nichtsdestrotrotz darf es g\u00fcnstig und preiswert sein. Das muss absolut kein Gegensatz sein. <\/p>\n<p>Als Fachbetrieb f\u00fcr Sonnenschutz und Sicherheit verwenden wir ausschlie\u00dflich hochwertige Erzeugnisse. Gleichwohl achten wir immer auf ein angemessenes Preis-Leistungsverh\u00e4ltnis. Wir m\u00f6chten Ihnen Spitzenqualit\u00e4t bieten, die trotzdem auch g\u00fcnstig und preiswert ist. Verleihen Sie Ihrem Heim g\u00fcnstig und preiswert das besondere Mehr an Qualit\u00e4t. Markisen und Rolll\u00e4den oder andere Sonnenschutzl\u00f6sungen sehen nicht nur schick aus, sie leisten auch einen bedeutenden Beitrag zur W\u00e4rmed\u00e4mmung.  <\/p>\n<h3>G\u00fcnstig und preiswert \u2013 trotzdem individuell und schick<\/h3>\n<p>D\u00fcrfen wir Sie beraten, wie Sie g\u00fcnstig und preiswert einen optimalen Sonnenschutz f\u00fcr Ihr Zuhause realisieren? Klasse, dann warten Sie bitte nicht und nehmen am besten gleich heute noch Verbindung mit uns auf. Ein kurzer Telefonanruf oder eine kurze Email gen\u00fcgen. Mit Vergn\u00fcgen beraten Sie unsere gut geschulten Fachleute \u00fcber die diversen M\u00f6glichkeiten, wie Sie Ihr Haus g\u00fcnstig und preiswert mit Markisen und Rolll\u00e4den oder anderen Sonnenschutzprodukten ausstatten. Wir freuen uns auf den Austausch mit Ihnen. <\/p>\n<h4>Top-Qualit\u00e4t g\u00fcnstig und preiswert<\/h4>\n<p>Vertrauen Sie beim Thema Sonnenschutz und Sicherheit auf den Experten. Nur ein Spezialbetrieb kennt die unterschiedlichen Optionen, wie Sie g\u00fcnstig und preiswert, trotzdem qualitativ h\u00f6herwertig einen tadellosen Sonnenschutz erreichen. Qualit\u00e4tsbewusst, g\u00fcnstig und preiswert: Wir empfehlen uns als spezialisiertes Fachunternehmen im norddeutschen Gebiet. Unsere gro\u00dfe Erfahrung zeichnet uns aus.<\/p>","popseo_links":"<a href=\"https:\/\/www.kaduk-bauelemente.de\/leistungen\/tueren-stelle\/\">T\u00fcren Stelle<\/a>, <a href=\"https:\/\/www.kaduk-bauelemente.de\/leistungen\/fenster-bienenbuettel\/\">Fenster Bienenb\u00fcttel<\/a>, <a href=\"https:\/\/www.kaduk-bauelemente.de\/leistungen\/terrassenueberdachungen-aus-holz-reinbek-glinde\/\">Terrassen\u00fcberdachungen aus Holz Reinbek Glinde<\/a>, <a href=\"https:\/\/www.kaduk-bauelemente.de\/leistungen\/tueren-buchholz\/\">T\u00fcren Buchholz<\/a>, <a href=\"https:\/\/www.kaduk-bauelemente.de\/leistungen\/holzfenster-schwarzenbek\/\">Holzfenster Schwarzenbek<\/a>, <a href=\"https:\/\/www.kaduk-bauelemente.de\/leistungen\/terrassenueberdachungen-aus-aluminium-bergedorf-wentorf\/\">Terrassen\u00fcberdachungen aus Aluminium Bergedorf Wentorf<\/a>, <a href=\"https:\/\/www.kaduk-bauelemente.de\/leistungen\/aussenjalousien-boizenburg\/\">Au\u00dfenjalousien Boizenburg<\/a>, <a href=\"https:\/\/www.kaduk-bauelemente.de\/leistungen\/zaunbau-bad-bevensen\/\">Zaunbau Bad Bevensen<\/a>, <a href=\"https:\/\/www.kaduk-bauelemente.de\/leistungen\/markisen-reppenstedt\/\">Markisen Reppenstedt<\/a>, <a href=\"https:\/\/www.kaduk-bauelemente.de\/leistungen\/terrassendaecher-aus-aluminium-buchholz\/\">Terrassend\u00e4cher aus Aluminium Buchholz<\/a>, <a href=\"https:\/\/www.kaduk-bauelemente.de\/leistungen\/rolllaeden-buchholz\/\">Rolll\u00e4den Buchholz<\/a>, <a href=\"https:\/\/www.kaduk-bauelemente.de\/leistungen\/garagen-bergedorf-wentorf\/\">Garagen Bergedorf Wentorf<\/a>, <a href=\"https:\/\/www.kaduk-bauelemente.de\/leistungen\/rolltore-lueneburg\/\">Rolltore L\u00fcneburg<\/a>, <a href=\"https:\/\/www.kaduk-bauelemente.de\/leistungen\/terrassenueberdachungen-aus-holz-harburg\/\">Terrassen\u00fcberdachungen aus Holz Harburg<\/a>, <a href=\"https:\/\/www.kaduk-bauelemente.de\/leistungen\/rolltore-adendorf\/\">Rolltore Adendorf<\/a>, <a href=\"https:\/\/www.kaduk-bauelemente.de\/leistungen\/garagentore-bienenbuettel\/\">Garagentore Bienenb\u00fcttel<\/a>, <a href=\"https:\/\/www.kaduk-bauelemente.de\/leistungen\/carports-amelinghausen\/\">Carports Amelinghausen<\/a>, <a href=\"https:\/\/www.kaduk-bauelemente.de\/leistungen\/zaeune-adendorf\/\">Z\u00e4une Adendorf<\/a>, <a href=\"https:\/\/www.kaduk-bauelemente.de\/leistungen\/aussenjalousien-maschen\/\">Au\u00dfenjalousien Maschen<\/a>, <a href=\"https:\/\/www.kaduk-bauelemente.de\/leistungen\/sektionaltore-reinbek-glinde\/\">Sektionaltore Reinbek Glinde<\/a>, <a href=\"https:\/\/www.kaduk-bauelemente.de\/leistungen\/terrassendaecher-aus-aluminium-herzogtum-lauenburg\/\">Terrassend\u00e4cher aus Aluminium Herzogtum Lauenburg<\/a>, <a href=\"https:\/\/www.kaduk-bauelemente.de\/leistungen\/garagentore-salzhausen\/\">Garagentore Salzhausen<\/a>, <a href=\"https:\/\/www.kaduk-bauelemente.de\/leistungen\/rollladen-amt-neuhaus\/\">Rollladen Amt Neuhaus<\/a>, <a href=\"https:\/\/www.kaduk-bauelemente.de\/leistungen\/raffstores-harburg\/\">Raffstores Harburg<\/a>, <a href=\"https:\/\/www.kaduk-bauelemente.de\/leistungen\/rollladen-maschen\/\">Rollladen Maschen<\/a>, <a href=\"https:\/\/www.kaduk-bauelemente.de\/leistungen\/haustueren-buechen\/\">Haust\u00fcren B\u00fcchen<\/a>, <a href=\"https:\/\/www.kaduk-bauelemente.de\/leistungen\/terrassendaecher-aus-aluminium-boizenburg\/\">Terrassend\u00e4cher aus Aluminium Boizenburg<\/a>, <a href=\"https:\/\/www.kaduk-bauelemente.de\/leistungen\/rolltore-bispingen\/\">Rolltore Bispingen<\/a>"},"_links":{"self":[{"href":"https:\/\/www.kaduk-bauelemente.de\/leistungen\/wp-json\/wp\/v2\/pages\/4578","targetHints":{"allow":["GET"]}}],"collection":[{"href":"https:\/\/www.kaduk-bauelemente.de\/leistungen\/wp-json\/wp\/v2\/pages"}],"about":[{"href":"https:\/\/www.kaduk-bauelemente.de\/leistungen\/wp-json\/wp\/v2\/types\/page"}],"author":[{"embeddable":true,"href":"https:\/\/www.kaduk-bauelemente.de\/leistungen\/wp-json\/wp\/v2\/users\/1"}],"replies":[{"embeddable":true,"href":"https:\/\/www.kaduk-bauelemente.de\/leistungen\/wp-json\/wp\/v2\/comments?post=4578"}],"version-history":[{"count":0,"href":"https:\/\/www.kaduk-bauelemente.de\/leistungen\/wp-json\/wp\/v2\/pages\/4578\/revisions"}],"wp:attachment":[{"href":"https:\/\/www.kaduk-bauelemente.de\/leistungen\/wp-json\/wp\/v2\/media?parent=4578"}],"curies":[{"name":"wp","href":"https:\/\/api.w.org\/{rel}","templated":true}]}}