{"id":4576,"date":"2021-08-25T12:19:25","date_gmt":"2021-08-25T10:19:25","guid":{"rendered":"https:\/\/www.kaduk-bauelemente.de\/leistungen\/sektionaltore-uelzen\/"},"modified":"2021-08-25T12:19:25","modified_gmt":"2021-08-25T10:19:25","slug":"sektionaltore-uelzen","status":"publish","type":"page","link":"https:\/\/www.kaduk-bauelemente.de\/leistungen\/sektionaltore-uelzen\/","title":{"rendered":"Sektionaltore &#8211; Uelzen"},"content":{"rendered":"<h3>Wir informieren Sie \u00fcber Sektionaltore<\/h3>\n<p>Eine Garage ist ein sicherer Unterstand f\u00fcr Ihr Fahrzeug. Leichtl\u00e4ufige Garagentore mit automatischer F\u00fchrung geh\u00f6ren inzwischen zur Standardausr\u00fcstung von Wohn- und Gesch\u00e4ftsimmobilien. Zu den meistnachgefragtesten Toren geh\u00f6ren fraglos Modelle mit Deckenlaufsystem und Fernbedienung. In unserem Angebot finden sich sowohl praktische Sektionaltore als auch Rolltore.<\/p>\n<p>Ein Sektionaltor erf\u00fcllt auch gehobene Anspr\u00fcche an die Sicherheit und begeistert au\u00dferdem durch eine exzellente Verarbeitung und Bedienbarkeit. Das Tor besteht aus breiten, durch Scharniere gekoppelte Einzelelemente, die sich beim \u00d6ffnen platzoptimiert unter das Garagendach schieben. Diese Elemente werden auch als Sektionen benannt \u2013 daher der Name. Mit einem zur architektonischen Gestaltung der Immobilie passenden Sektionaltor f\u00fcgen Sie Ihrem Gesch\u00e4fts- oder Wohnhaus ein gestalterisches Highlight hinzu. <\/p>\n<h3>Ein Sektionaltor ist immer eine richtige Entscheidung<\/h3>\n<p>W\u00e4hlen Sie einfach nach Ihren individuellen Vorlieben unter unterschiedlichen Farben, Oberfl\u00e4chen und Materialien. Jedes Sektionaltor ist ist im Lauf ger\u00e4uscharm, ann\u00e4hernd wartungsfrei und maximal gesch\u00fctzt vor Rost und Feuchtigkeit. Nat\u00fcrlich werden bei der Produktion ausschlie\u00dflich hochwertigste Materialien genutzt. \u00c4u\u00dferlich angenehm elegant und schlicht gestaltet, verbirgt sich im Inneren der Garage eine ausgefeilte technische L\u00f6sung. Funktionalit\u00e4t und Sicherheit gehen beim Sektionaltor eine gewinnbringende Verbindung ein. Sektionaltore begeistern au\u00dferdem durch eine ausgezeichnete W\u00e4rmed\u00e4mmung.<\/p>\n","protected":false},"excerpt":{"rendered":"<p>Wir informieren Sie \u00fcber Sektionaltore Eine Garage ist ein sicherer Unterstand f\u00fcr Ihr Fahrzeug. Leichtl\u00e4ufige Garagentore mit automatischer F\u00fchrung geh\u00f6ren inzwischen zur Standardausr\u00fcstung von Wohn- und Gesch\u00e4ftsimmobilien. Zu den meistnachgefragtesten Toren geh\u00f6ren fraglos Modelle mit Deckenlaufsystem und Fernbedienung. In unserem Angebot finden sich sowohl praktische Sektionaltore als auch Rolltore. Ein Sektionaltor erf\u00fcllt auch gehobene Anspr\u00fcche [&hellip;]<\/p>\n","protected":false},"author":1,"featured_media":0,"parent":0,"menu_order":0,"comment_status":"closed","ping_status":"closed","template":"","meta":{"footnotes":""},"class_list":["post-4576","page","type-page","status-publish","hentry"],"meta_box":{"popseo_subtitel":"Wir sind Ihr Fachunternehmen f\u00fcr Sektionaltore in Uelzen","popseo_subtitel2":"Sektionaltore - unsere Experten informieren Sie gerne","popseo_lasttitel":"Sektionaltore: Wir beantworten Ihre Fragen!","popseo_region":"Uelzen","popseo_sachwort":"Sektionaltore","popseo_noupdate":"","popseo_einleitungstext":"<p>Die Firma Dirk Kaduk Bauelemente ist Ihr qualifizierter und erfahrener Fachbetrieb f\u00fcr Sicherheit und Sonnenschutz im Norden. Mit unserem Unternehmenssitz in Adendorf bei L\u00fcneburg decken wir ein fl\u00e4chenm\u00e4\u00dfig gro\u00dfes Gebiet ab. Bei uns bekommen Sie erstklassige Bauelemente in gro\u00dfer Auswahl. Zu unserem Produktangebot z\u00e4hlen u.a. T\u00fcren, Fenster, Au\u00dfenjalousien, Rolltore, Terrassend\u00e4cher, Markisen, Carports und Rolll\u00e4den. Nat\u00fcrlich erledigen wir auch alle damit verbundenen Montage- und Reparaturarbeiten f\u00fcr Sie. Auf unserer Internetseite finden Sie unser gesamtes Produkt- und Dienstleistungsangebot ausf\u00fchrlich beschrieben. Kompetent und sachgerecht beraten wir Sie \u00fcber Ihre M\u00f6glichkeiten und f\u00fchren alle anfallenden Arbeiten mit Sachverstand und gewissenhaft aus - so wie Sie es von einem spezialisierten Fachbetrieb erwarten k\u00f6nnen.<\/p>","popseo_schlusstext":"<p>Sehr gerne informieren wir Sie n\u00e4her \u00fcber unsere Produkte und unser Aufgabengebiet. Wir nennen Ihnen mit Vergn\u00fcgen auch einige Referenzprojekte, die Ihnen einen Einblick in unsere T\u00e4tigkeit geben.<br \/>\nVertrauen Sie auf das Urteil eines erfahrenen Fachbetriebes. Rufen Sie uns doch rasch einmal an oder schreiben Sie uns eine schnelle E-Mail. Wir freuen uns auf den Kontakt zu Ihnen.<\/p>","popseo_stadttext":"<h3>Wir arbeiten gerne f\u00fcr Kunden aus Uelzen<\/h3>\n<p>Durch unsere Vertriebst\u00e4tigkeit haben wir uns einen guten \u00dcberblick \u00fcber die Architektur der St\u00e4dte und Gemeinden unseres Einzugsbereiches erarbeiten k\u00f6nnen. Selbstverst\u00e4ndlich geh\u00f6rt auch Uelzen zu unserem unmittelbaren Vertriebsgebiet. Wir freuen uns darauf, mit Ihnen ins Gespr\u00e4ch zu treten. <\/p>\n<h3>Einige Details zu Uelzen<\/h3>\n<p>Uelzen ist die Kreisstadt des nieders\u00e4chsischen Landkreises Uelzen. Alles in allem leben 33.000 Einwohner in der zur Metropolregion Hamburg geh\u00f6renden Stadt. Das Gemeindegebiet umfasst eine Fl\u00e4che von in etwa 135 Quadratkilometer. St\u00e4dte in der n\u00e4heren Umgebung sind unter anderem Rosche, Ebstorf und Bad Beversen. Geographisch befindet sich Uelzen am am s\u00fcdlichen Zipfel der L\u00fcneburger Heide. Die Stadt ist zwischen ausladenden Naturschutzgebieten herrlich gelegen. Neben der L\u00fcneburger Heide ist auch das Naturreservat Elbufer-Drawehn und das Schutzgebiet Nieders\u00e4chsische Elbtalaue von Uelzen aus nach nur kurzer Fahrtzeit zu erreichen. Uelzen selbst ist an der Ilmenau gelegen. Uelzen verf\u00fcgt \u00fcber zahllose h\u00fcbsch gelegene Wohnquartiere. Die Stadt ist ein idealer Ort zum Leben und Arbeiten. Wer das eher \u00fcbersichtliche Leben in einer kleineren Stadt bevorzugt, gleichzeitig jedoch nicht auf die Annehmlichkeiten der Gro\u00dfstadt verzichten will, ist in Uelzen exakt richtig. <\/p>\n<h3>Wir kennen uns aus in Uelzen<\/h3>\n<p>Die Stadt Uelzen unterteilt sich in insgesamt 18 Ortsteile. Die st\u00e4dtische Architektur von Uelzen wird gepr\u00e4gt von zahlreichen Fachwerkh\u00e4usern, die dem Ort einen durchaus als m\u00e4rchenhaft zu bezeichnenden Charme verleihen. Auch historische Bauwerke im Stil der Backsteingotik pr\u00e4gen das Stadtbild von Uelzen. Das Erkennungszeichen der Stadt ist das sogenannte \"Goldene Schiff\". Die Skulptur findet sich an der St. Marien-Kirche zu Uelzen. Wahrscheinlich stammt die Plastik aus der Zeit der Hanse. F\u00fcr Kunstfreunde ist Uelzen nahezu eine Pilgerst\u00e4tte. Der Ausnahmek\u00fcnstler Friedensreich Hundertwasser gestaltete direkt vor seinem Tod im Jahre 2000 den st\u00e4dtischen Bahnhof. Das ins Auge fallende Bauwerk tr\u00e4gt die Bezeichnung Hundertwasserbahnhof Uelzen.<\/p>\n<p>Die Wirtschaft von Uelzen ist mittelst\u00e4ndisch orientiert. Hauptbereiche sind der Lebensmittelsektor sowie Betriebe aus dem Dienstleistungsgewerbe. Die Wirtschaftsf\u00f6rderung der Stadt Uelzen muss als exzellent benannt werden. Um den Zuzug zus\u00e4tzlicher Betriebe werben sich die Verantwortlichen im Rathaus erkennbar. Die bedeutendsten Arbeitgeber in Uelzen sind die Nordzucker AG sowie die Uelzena AG. Der Konzern Nestl\u00e9 Schoeller betreibt in Uelzen ein Werk mit cirka 500 Besch\u00e4ftigten. <\/p>\n<h4>Wir f\u00fcr Sie in Uelzen!<\/h4>\n<p>Sie wohnen in Uelzen und interessieren sich f\u00fcr unser Leistungsangebot. Prima, dass Sie diese Seite gefunden haben. F\u00fcr R\u00fcckfragen sind wir jederzeit f\u00fcr Sie da. Unser engagiertes Team freut sich auf Sie.<\/p>","popseo_zusatztext":"<h3>In Sachen Sicht- und Sonnenschutz sind wir Ihr qualifizierter Fachbetrieb<\/h3>\n<p>Vertrauen Sie bei Sonnenschutz und Sicherheit auf alle F\u00e4lle auf die fachspezifische Leistung vom Fachbetrieb. Nur ein Fachbetrieb kennt die Alternativen, wie man zu einem hervorragenden Ergebnis kommt. Um sich mit Fug und Recht Fachbetrieb nennen zu d\u00fcrfen, braucht es eine qualifizierte Ausbildung der Mitarbeiter und eine langj\u00e4hrige Fachkenntnis.  <\/p>\n<p>Unser Fachbetrieb empfiehlt sich als Ihr fachkundiger Fachbetrieb f\u00fcr Sicherheit und Sonnenschutz. Kommen Sie zum Ziel und schenken Sie unserem Fachbetrieb Ihr Vertrauen. Wir bieten Ihnen beispielsweise hervorragende Rolll\u00e4den und Markisen und legen besonders Wert auf einen sehr guten Service. Schon seit vielen Jahren sind wir spezialisierter Fachbetrieb f\u00fcr Rolll\u00e4den, Markisen, Terrassend\u00e4cher und Au\u00dfenjalousien im Raum L\u00fcneburg. Es ist unser Bestreben, dass Sie lange Jahre viel Freude an Ihrem Sicht und Sonnenschutz haben. Von einem Fachbetrieb d\u00fcrfen Sie selbstverst\u00e4ndlich eine fehlerfreie Top-Leistung erwarten.<\/p>\n<h3>Ein Fachbetrieb wei\u00df Rat!<\/h3>\n<p>Als Fachbetrieb darf sich eine Firma bezeichnen, deren Mitarbeiter \u00fcber nachweisbare Qualifikationen verf\u00fcgen. Dies ist z.B. eine entsprechende Berufsausbildung oder ein Meisterbrief. Au\u00dferdem zeichnet eine langj\u00e4hrige praktische Erfahrung einen Fachbetrieb aus. Bereits seit vielen Jahren konzentrieren wir uns als spezialisiertes Unternehmen auf Sicherheit und Sonnenschutz von Wohn- und Gesch\u00e4ftsgeb\u00e4uden. In diesen vielen Jahren haben wir uns die Bezeichnung Fachbetrieb fraglos erarbeitet. Wir benutzen uneingeschr\u00e4nkt hervorragende Artikel. Dabei achten wir immer auf ein ausgewogenes Preis-Leistungsverh\u00e4ltnis. Unser Motto als Fachbetrieb: Wir bieten Ihnen Top-Leistung zu einem erstaunlichen Preis.<\/p>","popseo_links":"<a href=\"https:\/\/www.kaduk-bauelemente.de\/leistungen\/holzfenster-reinbek-glinde\/\">Holzfenster Reinbek Glinde<\/a>, <a href=\"https:\/\/www.kaduk-bauelemente.de\/leistungen\/garagen-adendorf\/\">Garagen Adendorf<\/a>, <a href=\"https:\/\/www.kaduk-bauelemente.de\/leistungen\/carports-hanstedt\/\">Carports Hanstedt<\/a>, <a href=\"https:\/\/www.kaduk-bauelemente.de\/leistungen\/fenster-amelinghausen\/\">Fenster Amelinghausen<\/a>, <a href=\"https:\/\/www.kaduk-bauelemente.de\/leistungen\/terrassendaecher-aus-aluminium-winsen-luhe\/\">Terrassend\u00e4cher aus Aluminium Winsen Luhe<\/a>, <a href=\"https:\/\/www.kaduk-bauelemente.de\/leistungen\/terrassendaecher-aus-aluminium-seevetal-rosengarten\/\">Terrassend\u00e4cher aus Aluminium Seevetal Rosengarten<\/a>, <a href=\"https:\/\/www.kaduk-bauelemente.de\/leistungen\/markisen-bispingen\/\">Markisen Bispingen<\/a>, <a href=\"https:\/\/www.kaduk-bauelemente.de\/leistungen\/fenster-salzhausen\/\">Fenster Salzhausen<\/a>, <a href=\"https:\/\/www.kaduk-bauelemente.de\/leistungen\/garagentore-harburg\/\">Garagentore Harburg<\/a>, <a href=\"https:\/\/www.kaduk-bauelemente.de\/leistungen\/aussenjalousien-amelinghausen\/\">Au\u00dfenjalousien Amelinghausen<\/a>, <a href=\"https:\/\/www.kaduk-bauelemente.de\/leistungen\/rollladen-bergedorf-wentorf\/\">Rollladen Bergedorf Wentorf<\/a>, <a href=\"https:\/\/www.kaduk-bauelemente.de\/leistungen\/raffstores-adendorf\/\">Raffstores Adendorf<\/a>, <a href=\"https:\/\/www.kaduk-bauelemente.de\/leistungen\/tueren-harburg\/\">T\u00fcren Harburg<\/a>, <a href=\"https:\/\/www.kaduk-bauelemente.de\/leistungen\/terrassenueberdachungen-aus-holz-tostedt-sittensen\/\">Terrassen\u00fcberdachungen aus Holz Tostedt Sittensen<\/a>, <a href=\"https:\/\/www.kaduk-bauelemente.de\/leistungen\/zaeune-bienenbuettel\/\">Z\u00e4une Bienenb\u00fcttel<\/a>, <a href=\"https:\/\/www.kaduk-bauelemente.de\/leistungen\/insektenschutz-amelinghausen\/\">Insektenschutz Amelinghausen<\/a>, <a href=\"https:\/\/www.kaduk-bauelemente.de\/leistungen\/raffstores-ebstorf\/\">Raffstores Ebstorf<\/a>, <a href=\"https:\/\/www.kaduk-bauelemente.de\/leistungen\/terrassenueberdachungen-aus-aluminium-jesteburg\/\">Terrassen\u00fcberdachungen aus Aluminium Jesteburg<\/a>, <a href=\"https:\/\/www.kaduk-bauelemente.de\/leistungen\/markisen-amt-neuhaus\/\">Markisen Amt Neuhaus<\/a>, <a href=\"https:\/\/www.kaduk-bauelemente.de\/leistungen\/fliegengitter-adendorf\/\">Fliegengitter Adendorf<\/a>, <a href=\"https:\/\/www.kaduk-bauelemente.de\/leistungen\/holzfenster-herzogtum-lauenburg\/\">Holzfenster Herzogtum Lauenburg<\/a>, <a href=\"https:\/\/www.kaduk-bauelemente.de\/leistungen\/garagentore-herzogtum-lauenburg\/\">Garagentore Herzogtum Lauenburg<\/a>, <a href=\"https:\/\/www.kaduk-bauelemente.de\/leistungen\/fliegengitter-bardowick\/\">Fliegengitter Bardowick<\/a>, <a href=\"https:\/\/www.kaduk-bauelemente.de\/leistungen\/garagen-amt-neuhaus\/\">Garagen Amt Neuhaus<\/a>, <a href=\"https:\/\/www.kaduk-bauelemente.de\/leistungen\/zaunbau-bergedorf-wentorf\/\">Zaunbau Bergedorf Wentorf<\/a>, <a href=\"https:\/\/www.kaduk-bauelemente.de\/leistungen\/kunststofffenster-geesthacht\/\">Kunststofffenster Geesthacht<\/a>"},"_links":{"self":[{"href":"https:\/\/www.kaduk-bauelemente.de\/leistungen\/wp-json\/wp\/v2\/pages\/4576","targetHints":{"allow":["GET"]}}],"collection":[{"href":"https:\/\/www.kaduk-bauelemente.de\/leistungen\/wp-json\/wp\/v2\/pages"}],"about":[{"href":"https:\/\/www.kaduk-bauelemente.de\/leistungen\/wp-json\/wp\/v2\/types\/page"}],"author":[{"embeddable":true,"href":"https:\/\/www.kaduk-bauelemente.de\/leistungen\/wp-json\/wp\/v2\/users\/1"}],"replies":[{"embeddable":true,"href":"https:\/\/www.kaduk-bauelemente.de\/leistungen\/wp-json\/wp\/v2\/comments?post=4576"}],"version-history":[{"count":0,"href":"https:\/\/www.kaduk-bauelemente.de\/leistungen\/wp-json\/wp\/v2\/pages\/4576\/revisions"}],"wp:attachment":[{"href":"https:\/\/www.kaduk-bauelemente.de\/leistungen\/wp-json\/wp\/v2\/media?parent=4576"}],"curies":[{"name":"wp","href":"https:\/\/api.w.org\/{rel}","templated":true}]}}