{"id":4571,"date":"2021-08-25T12:19:25","date_gmt":"2021-08-25T10:19:25","guid":{"rendered":"https:\/\/www.kaduk-bauelemente.de\/leistungen\/sektionaltore-salzhausen\/"},"modified":"2021-08-25T12:19:25","modified_gmt":"2021-08-25T10:19:25","slug":"sektionaltore-salzhausen","status":"publish","type":"page","link":"https:\/\/www.kaduk-bauelemente.de\/leistungen\/sektionaltore-salzhausen\/","title":{"rendered":"Sektionaltore &#8211; Salzhausen"},"content":{"rendered":"<h3>Wir beantworten Ihre Fragen zu Sektionaltoren<\/h3>\n<p>Eine Garage ist ein gesch\u00fctzter Unterstand f\u00fcr Ihr Auto. Leichtl\u00e4ufige Garagentore mit automatischer F\u00fchrung z\u00e4hlen heute zum festen Repertoire von Wohn- und Gesch\u00e4ftsimmobilien. Zu den am h\u00e4ufigsten nachgefragten Produkten geh\u00f6ren unzweifelhaft Modelle mit Fernbedienung und Deckenlaufsystem. In unserem Produktangebot finden sich sowohl Rolltore als auch praktische Sektionaltore.<\/p>\n<p>Ein Sektionaltor erf\u00fcllt selbst h\u00f6chste Anspr\u00fcche an die Sicherheit und begeistert dar\u00fcber hinaus durch eine sehr gute Bedienbarkeit und Verarbeitung. Das Tor besteht aus breiten, durch Scharniere verbundene Einzelelemente, die sich beim \u00d6ffnen platzoptimiert unter das Dach der Garage schieben. Diese Einzelelemente werden auch als Sektionen bezeichnet \u2013 daher der Name. Mit einem zur Gestaltung der Immobilie passenden Sektionaltor f\u00fcgen Sie Ihrem Gesch\u00e4fts- oder Wohnhaus ein gestalterisches Highlight hinzu. <\/p>\n<h3>Unsere Sektionaltore werden Sie \u00fcberzeugen<\/h3>\n<p>W\u00e4hlen Sie ganz nach Ihren pers\u00f6nlichen Vorstellungen unter unterschiedlichen Oberfl\u00e4chen, Farben und Materialien. Alle Sektionaltore sind ist im Lauf ger\u00e4uscharm, ann\u00e4hernd wartungsfrei und maximal gesch\u00fctzt vor Rost und Feuchtigkeit. Selbstverst\u00e4ndlich werden bei der Produktion nur beste Materialien verwendet. \u00c4u\u00dferlich wunderbar schlicht und elegant gestaltet, verbirgt sich im Inneren der Garage eine raffinierte technische L\u00f6sung. Funktionalit\u00e4t und Sicherheit gehen beim Sektionaltor eine nutzbringende Verbindung ein. Sektionaltore \u00fcberzeugen au\u00dferdem durch eine ausgezeichnete W\u00e4rmed\u00e4mmung.<\/p>\n","protected":false},"excerpt":{"rendered":"<p>Wir beantworten Ihre Fragen zu Sektionaltoren Eine Garage ist ein gesch\u00fctzter Unterstand f\u00fcr Ihr Auto. Leichtl\u00e4ufige Garagentore mit automatischer F\u00fchrung z\u00e4hlen heute zum festen Repertoire von Wohn- und Gesch\u00e4ftsimmobilien. Zu den am h\u00e4ufigsten nachgefragten Produkten geh\u00f6ren unzweifelhaft Modelle mit Fernbedienung und Deckenlaufsystem. In unserem Produktangebot finden sich sowohl Rolltore als auch praktische Sektionaltore. Ein Sektionaltor [&hellip;]<\/p>\n","protected":false},"author":1,"featured_media":0,"parent":0,"menu_order":0,"comment_status":"closed","ping_status":"closed","template":"","meta":{"footnotes":""},"class_list":["post-4571","page","type-page","status-publish","hentry"],"meta_box":{"popseo_subtitel":"Wir sind Ihr Fachanbieter f\u00fcr Sektionaltore im Raum Salzhausen","popseo_subtitel2":"Sektionaltore - wir haben die richtige L\u00f6sung f\u00fcr Sie","popseo_lasttitel":"Sektionaltore: Wir informieren Sie gerne auch pers\u00f6nlich!","popseo_region":"Salzhausen","popseo_sachwort":"Sektionaltore","popseo_noupdate":"","popseo_einleitungstext":"<p>Auf Wunsch informieren wir Sie n\u00e4her \u00fcber unser Produkt- und Leistungsprogramm. Wir pr\u00e4sentieren Ihnen mit Vergn\u00fcgen auch einige Projekte, die Ihnen einen Einblick in unsere Arbeit geben.<br \/>\nVertrauen Sie auf das Urteil eines erfahrenen Fachbetriebes. Rufen Sie uns doch einfach einmal an oder senden Sie uns eine schnelle E-Mail. Wir freuen uns auf Sie.<\/p>","popseo_schlusstext":"<p>Gerne informieren wir Sie n\u00e4her \u00fcber unsere Produkte und unser Aufgabengebiet. Wir nennen Ihnen mit Vergn\u00fcgen auch einige Projekte, die Ihnen einen Einblick in unsere Firment\u00e4tigkeit geben.<br \/>\nVertrauen Sie den Spezialisten der Firma Kaduk. Rufen Sie uns doch einfach einmal an oder schicken Sie uns eine schnelle E-Mail. Wir freuen uns auf Ihre Kontaktaufnahme.<\/p>","popseo_stadttext":"<h3>Wir freuen uns \u00fcber zufriedene Kunden aus Salzhausen<\/h3>\n<p>Sie kommen aus Salzhausen und sind hier im World Wide Web auf unsere Homepage gesto\u00dfen? Das finden wir klasse. Gerne pr\u00e4sentieren wir Ihnen unser komplettes Leistungsspektrum und beantworten Ihre Fragen. Durch unsere Gesch\u00e4ftst\u00e4tigkeit haben wir uns einen sehr guten \u00dcberblick \u00fcber die Architektur der St\u00e4dte und Gemeinden unseres Einzugsbereiches erarbeiten k\u00f6nnen. Selbstverst\u00e4ndlich geh\u00f6rt auch Salhausen zu unserem unmittelbaren Vertriebsgebiet. Wir freuen uns darauf, mit Ihnen ins Gespr\u00e4ch zu kommen. <\/p>\n<h3>Ein paar Hintergrundinformationen zu Salzhausen<\/h3>\n<p>Zirka 5.000 Menschen leben in Salzhausen auf einer Fl\u00e4che von 34 Quadratkilometern. Der besonders als Wohnstatt begehrte Ort gilt als echte Pendlerstadt. Von Salzhausen f\u00e4hrt man ins nahegelegene Hamburg in lediglich 35 Minuten. Das regionale Mittelzentrum L\u00fcneburg ist lediglich 20 Kilometer entfernt. Salzhausen ist Teil der Metropolregion Hamburg und geh\u00f6rt formell zum Kreis Harburg.<\/p>\n<p>Der beschauliche kleine Ort ist Sitz der Samtgemeinde Salzhausen, einer Vereinigung von acht Mitgliedsgemeinden und 13 kleineren Ortschaften. Die Samtgemeinde Salzhausen z\u00e4hlt in Summe etwa 14.000 Einwohner und erstreckt sich \u00fcber eine Fl\u00e4che von etwas mehr als 148 qkm. Einige der bekanntesten Ortschaften sind Eyendorf, Garlsdorf, G\u00f6denstorf, Garstedt, Luhm\u00fchlen und Toppenstedt. Salzhausen wie auch die \u00fcbrigen Orte der Samtgemeinde sind besonders familiengerechte Wohnst\u00e4tten. Salzhausen gef\u00e4llt durch eine sehr bukolische Anmutung. Ausgedehnte landwirtschaftlich genutze Fl\u00e4chen und Naherholungsgebiete laden zur Erholung ein.<\/p>\n<h4>Wir f\u00fcr Sie in Salzhausen!<\/h4>\n<p>Das Leben in Salzhausen, Eyendorf, Garlsdorf, G\u00f6denstorf, Garstedt, Luhm\u00fchlen und Toppenstedt ist beschaulich. Alle Orte der Samtgemeinde Salzhausen verf\u00fcgen \u00fcber sch\u00f6ne Wohnviertel, die vor allem von einer angenehmen Einzelhausbebauung gepr\u00e4gt sind. Sie interessieren sich f\u00fcr unser Leistungsangebot und haben deshalb unsere Website besucht? Das freut uns sehr. Unser freundliches Team nimmt gerne Ihren Anruf entgegen oder beantwortet Ihre E-Mail.<\/p>","popseo_zusatztext":"<h3>Kaduk Bauelemente ist Ihr Fachbetrieb in Sachen Sicht- und Sonnenschutz<\/h3>\n<p>Vertrauen Sie bei Sicherheit und Sonnenschutz unbedingt auf die fachliche Leistung vom Fachbetrieb. Nur ein Fachbetrieb kennt die Tipps und Tricks, wie man zu einem fachgerechten Ergebnis kommt. Um sich mit Fug und Recht als Fachbetrieb bezeichnen zu d\u00fcrfen, braucht man eine gute Ausbildung der Mitarbeiter und eine jahrelange Erfahrung.  <\/p>\n<p>Unsere Firma empfiehlt sich als Ihr sachkundiger Fachbetrieb f\u00fcr Sicherheit und Sonnenschutz. Kommen Sie zum Ziel und schenken Sie unserem Fachbetrieb Ihr Vertrauen. Wir bieten Ihnen beispielsweise hochqualitative Markisen und Rolll\u00e4den und legen allerh\u00f6chsten Wert auf einen sehr guten Service. Schon seit vielen Jahren sind wir sachkundiger Fachbetrieb f\u00fcr Terrassend\u00e4cher, Au\u00dfenjalousien, Rolll\u00e4den im Raum L\u00fcneburg. Es ist uns ein Anliegen, dass Sie lange viel Freude an Ihrem Sicht und Sonnenschutz haben. Von einem Fachbetrieb d\u00fcrfen Sie zu Recht eine absolute Top-Leistung erwarten.<\/p>\n<h3>Ein Fachbetrieb wei\u00df Rat!<\/h3>\n<p>Als Fachbetrieb darf sich eine Firma bezeichnen, deren Angestellte \u00fcber nachweisbare Qualifikationen verf\u00fcgen. Dies ist unter anderem eine entsprechende Berufsausbildung oder ein Meisterbrief. Auch zeichnet eine intensive praktische Erfahrung einen Fachbetrieb aus. Bereits seit vielen Jahren konzentrieren wir uns als spezialisiertes Unternehmen auf Sicherheit und Sonnenschutz von Wohn- und Gesch\u00e4ftsh\u00e4usern. In diesen vielen Jahren haben wir uns die Bezeichnung Fachbetrieb sicher erarbeitet. Wir nutzen nur qualitativ hochwertige Produkte. Hierbei achten wir immer auf ein angemessenes Preis-Leistungsverh\u00e4ltnis. Unsere \u00dcberzeugung als Fachbetrieb: Wir bieten Ihnen 1a-Leistung zu einem fairen Preis.<\/p>","popseo_links":"<a href=\"https:\/\/www.kaduk-bauelemente.de\/leistungen\/terrassendaecher-aus-aluminium-stelle\/\">Terrassend\u00e4cher aus Aluminium Stelle<\/a>, <a href=\"https:\/\/www.kaduk-bauelemente.de\/leistungen\/terrassendaecher-aus-aluminium-harburg\/\">Terrassend\u00e4cher aus Aluminium Harburg<\/a>, <a href=\"https:\/\/www.kaduk-bauelemente.de\/leistungen\/garagen-bad-bevensen\/\">Garagen Bad Bevensen<\/a>, <a href=\"https:\/\/www.kaduk-bauelemente.de\/leistungen\/zaeune-tostedt-sittensen\/\">Z\u00e4une Tostedt Sittensen<\/a>, <a href=\"https:\/\/www.kaduk-bauelemente.de\/leistungen\/terrassenueberdachungen-aus-holz-salzhausen\/\">Terrassen\u00fcberdachungen aus Holz Salzhausen<\/a>, <a href=\"https:\/\/www.kaduk-bauelemente.de\/leistungen\/insektenschutz-maschen\/\">Insektenschutz Maschen<\/a>, <a href=\"https:\/\/www.kaduk-bauelemente.de\/leistungen\/zaunbau-harburg\/\">Zaunbau Harburg<\/a>, <a href=\"https:\/\/www.kaduk-bauelemente.de\/leistungen\/kunststofffenster-tostedt-sittensen\/\">Kunststofffenster Tostedt Sittensen<\/a>, <a href=\"https:\/\/www.kaduk-bauelemente.de\/leistungen\/tueren-salzhausen\/\">T\u00fcren Salzhausen<\/a>, <a href=\"https:\/\/www.kaduk-bauelemente.de\/leistungen\/raffstores-bispingen\/\">Raffstores Bispingen<\/a>, <a href=\"https:\/\/www.kaduk-bauelemente.de\/leistungen\/holzfenster-bad-bevensen\/\">Holzfenster Bad Bevensen<\/a>, <a href=\"https:\/\/www.kaduk-bauelemente.de\/leistungen\/fenster-adendorf\/\">Fenster Adendorf<\/a>, <a href=\"https:\/\/www.kaduk-bauelemente.de\/leistungen\/tueren-geesthacht\/\">T\u00fcren Geesthacht<\/a>, <a href=\"https:\/\/www.kaduk-bauelemente.de\/leistungen\/rolllaeden-jesteburg\/\">Rolll\u00e4den Jesteburg<\/a>, <a href=\"https:\/\/www.kaduk-bauelemente.de\/leistungen\/insektenschutz-winsen-luhe\/\">Insektenschutz Winsen Luhe<\/a>, <a href=\"https:\/\/www.kaduk-bauelemente.de\/leistungen\/markisen-bispingen\/\">Markisen Bispingen<\/a>, <a href=\"https:\/\/www.kaduk-bauelemente.de\/leistungen\/rollladen-bad-bevensen\/\">Rollladen Bad Bevensen<\/a>, <a href=\"https:\/\/www.kaduk-bauelemente.de\/leistungen\/zaeune-reinbek-glinde\/\">Z\u00e4une Reinbek Glinde<\/a>, <a href=\"https:\/\/www.kaduk-bauelemente.de\/leistungen\/rolltore-jesteburg\/\">Rolltore Jesteburg<\/a>, <a href=\"https:\/\/www.kaduk-bauelemente.de\/leistungen\/markisen-salzhausen\/\">Markisen Salzhausen<\/a>, <a href=\"https:\/\/www.kaduk-bauelemente.de\/leistungen\/zaeune-buechen\/\">Z\u00e4une B\u00fcchen<\/a>, <a href=\"https:\/\/www.kaduk-bauelemente.de\/leistungen\/zaeune-amt-neuhaus\/\">Z\u00e4une Amt Neuhaus<\/a>, <a href=\"https:\/\/www.kaduk-bauelemente.de\/leistungen\/rollladen-bienenbuettel\/\">Rollladen Bienenb\u00fcttel<\/a>, <a href=\"https:\/\/www.kaduk-bauelemente.de\/leistungen\/fenster-reppenstedt\/\">Fenster Reppenstedt<\/a>, <a href=\"https:\/\/www.kaduk-bauelemente.de\/leistungen\/insektenschutz-boizenburg\/\">Insektenschutz Boizenburg<\/a>, <a href=\"https:\/\/www.kaduk-bauelemente.de\/leistungen\/tueren-stelle\/\">T\u00fcren Stelle<\/a>"},"_links":{"self":[{"href":"https:\/\/www.kaduk-bauelemente.de\/leistungen\/wp-json\/wp\/v2\/pages\/4571","targetHints":{"allow":["GET"]}}],"collection":[{"href":"https:\/\/www.kaduk-bauelemente.de\/leistungen\/wp-json\/wp\/v2\/pages"}],"about":[{"href":"https:\/\/www.kaduk-bauelemente.de\/leistungen\/wp-json\/wp\/v2\/types\/page"}],"author":[{"embeddable":true,"href":"https:\/\/www.kaduk-bauelemente.de\/leistungen\/wp-json\/wp\/v2\/users\/1"}],"replies":[{"embeddable":true,"href":"https:\/\/www.kaduk-bauelemente.de\/leistungen\/wp-json\/wp\/v2\/comments?post=4571"}],"version-history":[{"count":0,"href":"https:\/\/www.kaduk-bauelemente.de\/leistungen\/wp-json\/wp\/v2\/pages\/4571\/revisions"}],"wp:attachment":[{"href":"https:\/\/www.kaduk-bauelemente.de\/leistungen\/wp-json\/wp\/v2\/media?parent=4571"}],"curies":[{"name":"wp","href":"https:\/\/api.w.org\/{rel}","templated":true}]}}