{"id":4567,"date":"2021-08-25T12:19:25","date_gmt":"2021-08-25T10:19:25","guid":{"rendered":"https:\/\/www.kaduk-bauelemente.de\/leistungen\/sektionaltore-lueneburg\/"},"modified":"2021-08-25T12:19:25","modified_gmt":"2021-08-25T10:19:25","slug":"sektionaltore-lueneburg","status":"publish","type":"page","link":"https:\/\/www.kaduk-bauelemente.de\/leistungen\/sektionaltore-lueneburg\/","title":{"rendered":"Sektionaltore &#8211; L\u00fcneburg"},"content":{"rendered":"<h3>Unser Kundenservice informiert Sie \u00fcber Sektionaltore<\/h3>\n<p>Eine Garage ist ein sicherer Unterstand f\u00fcr Ihr Fahrzeug. Leichtg\u00e4ngige Garagentore mit automatisierter F\u00fchrung z\u00e4hlen heutzutage zum Standardrepertoire von Wohn- und Gesch\u00e4ftsh\u00e4usern. Zu den meistnachgefragtesten Toren z\u00e4hlen fraglos Modelle mit Fernbedienung und Deckenlaufsystem. In unserem Angebot finden sich sowohl Rolltore als auch praktische Sektionaltore.<\/p>\n<p>Ein Sektionaltor erf\u00fcllt selbst gehobene Sicherheitsanspr\u00fcche und \u00fcberzeugt \u00fcberdies durch eine hervorragende Verarbeitung und Bedienbarkeit. Das Tor besteht aus gr\u00f6\u00dferen, \u00fcber Scharniere gekoppelte Einzelelemente, die sich beim \u00d6ffnen einfach unter das Dach schieben. Diese Einzelelemente werden auch als Sektionen bezeichnet \u2013 daher der Name. Mit einem zur architektonischen Gestaltung der Immobilie passenden Sektionaltor f\u00fcgen Sie Ihrem Wohn- oder Gesch\u00e4ftshaus ein gestalterisches Highlight hinzu. <\/p>\n<h3>Unsere Sektionaltore werden Sie \u00fcberzeugen<\/h3>\n<p>W\u00e4hlen Sie ganz nach Ihren pers\u00f6nlichen Vorlieben unter unterschiedlichen Farben, Oberfl\u00e4chen und Materialien. Alle Sektionaltore sind ist im Lauf ger\u00e4uscharm, ann\u00e4hernd wartungsfrei und optimal gesch\u00fctzt vor Feuchtigkeit und Rost. Selbstverst\u00e4ndlich werden bei der Produktion ausschlie\u00dflich beste Materialien verwendet. \u00c4u\u00dferlich angenehm schlicht und elegant designt, verbirgt sich im Inneren der Garage eine ausgefeilte technische L\u00f6sung. Funktionalit\u00e4t und Sicherheit gehen beim Sektionaltor eine gewinnbringende Verbindung ein. Sektionaltore \u00fcberzeugen au\u00dferdem durch eine hervorragende W\u00e4rmed\u00e4mmung.<\/p>\n","protected":false},"excerpt":{"rendered":"<p>Unser Kundenservice informiert Sie \u00fcber Sektionaltore Eine Garage ist ein sicherer Unterstand f\u00fcr Ihr Fahrzeug. Leichtg\u00e4ngige Garagentore mit automatisierter F\u00fchrung z\u00e4hlen heutzutage zum Standardrepertoire von Wohn- und Gesch\u00e4ftsh\u00e4usern. Zu den meistnachgefragtesten Toren z\u00e4hlen fraglos Modelle mit Fernbedienung und Deckenlaufsystem. In unserem Angebot finden sich sowohl Rolltore als auch praktische Sektionaltore. Ein Sektionaltor erf\u00fcllt selbst gehobene [&hellip;]<\/p>\n","protected":false},"author":1,"featured_media":0,"parent":0,"menu_order":0,"comment_status":"closed","ping_status":"closed","template":"","meta":{"footnotes":""},"class_list":["post-4567","page","type-page","status-publish","hentry"],"meta_box":{"popseo_subtitel":"Wir sind Ihr Fachbetrieb f\u00fcr Sektionaltore im Raum L\u00fcneburg","popseo_subtitel2":"Sektionaltore - unsere Spezialisten kennen sich aus","popseo_lasttitel":"Sektionaltore: Gerne beantworten wir Ihre Fragen!","popseo_region":"L\u00fcneburg","popseo_sachwort":"Sektionaltore","popseo_noupdate":"","popseo_einleitungstext":"<p>Die Firma Dirk Kaduk Bauelemente ist Ihr erfahrener und qualifizierter Fachbetrieb f\u00fcr Sicherheit und Sonnenschutz im Norden. Mit unserem Unternehmensstandort in Adendorf bei L\u00fcneburg decken wir ein fl\u00e4chenm\u00e4\u00dfig gro\u00dfes Gebiet ab. Bei uns erhalten Sie qualitativ hochwertige Bauelemente in erstaunlich gro\u00dfer Auswahl. Zu unserem Produktsortiment geh\u00f6ren unter anderem Au\u00dfenjalousien, Fenster, T\u00fcren, Terrassend\u00e4cher, Markisen, Rolltore, Carports und Rolll\u00e4den. Nat\u00fcrlich erledigen wir auch alle damit verbundenen Montage- und Reparaturarbeiten f\u00fcr Sie. Auf unserer Website finden Sie unser komplettes Dienstleistungs- und Produktportfolio detailliert beschrieben. Fachgerecht und kompetent beraten wir Sie \u00fcber Ihre M\u00f6glichkeiten und f\u00fchren s\u00e4mtliche Arbeiten gewissenhaft und mit Sachverstand aus - so wie Sie es von einem kompetenten Fachbetrieb erwarten k\u00f6nnen.<\/p>","popseo_schlusstext":"<p>Auf Wunsch informieren wir Sie n\u00e4her \u00fcber unser Produkt- und T\u00e4tigkeitsspektrum. Wir nennen Ihnen mit Vergn\u00fcgen auch einige Projekte, die Ihnen einen Einblick in unsere Arbeit geben.<br \/>\nSchenken Sie uns Ihr Vertrauen. Rufen Sie uns doch rasch einmal an oder schreiben Sie uns eine schnelle E-Mail. Wir freuen uns auf Sie.<\/p>","popseo_stadttext":"<h3>Wir sind Ihr Partner auch in L\u00fcneburg und Bleckede<\/h3>\n<p>Wir werden f\u00fcr Kunden aus L\u00fcneburg und Bleckede aktiv. Durch unsere Gesch\u00e4ftst\u00e4tigkeit haben wir uns einen guten \u00dcberblick \u00fcber die Architektur der Gemeinden und St\u00e4dte unseres Einzugsbereiches erarbeiten k\u00f6nnen. Selbstverst\u00e4ndlich geh\u00f6rt auch Ihre Region zu unserem unmittelbaren Vertriebsgebiet. Wir freuen uns darauf, mit Ihnen in Kontakt zu kommen. <\/p>\n<h3>Einige interessante Informationen \u00fcber L\u00fcneburg und Bleckede<\/h3>\n<p>In der gerade einmal 40 Kilometer s\u00fcdlich von der Metropole Hamburg gelegenen Stadt L\u00fcneburg leben zirka 70.000 B\u00fcrger. Die Stadt erstreckt sich \u00fcber eine Gesamtfl\u00e4che von 70 Quadratkilometer. L\u00fcneburg ist Kreisstadt des Landkreises L\u00fcneburg und z\u00e4hlt zur Metropolregion Hamburg. Was viele nicht wissen: L\u00fcneburg ist eine alte Hansestadt. Idyllisch an der Ilmenau gelegen, erfreut sich L\u00fcneburg massiver Popularit\u00e4t bei Tagesbesuchern und Touristen. Die knapp 300.000 \u00dcbernachtungen, welche das nieders\u00e4chsische Landesamt f\u00fcr Statistik registriert hat, sprechen eine ganz klare Sprache. Insbesondere sehenswert ist der zentrumsnahe Bereich von L\u00fcneburg. Ungez\u00e4hlte geschichtstr\u00e4chtige Bauwerke verleihen der Stadt einen absolut unverwechselbaren Charme. Bei einem Gang durch die Altstadt von L\u00fcneburg sollte man auf alle F\u00e4lle die Kirche St. Nicolai im Wasserviertel, das Stadtschloss am Markt sowie den Stintmarkt am L\u00fcneburger Hafen besuchen. Wer ein wenig Zeit \u00fcbrig hat, macht Halt in einem der zahllosen h\u00fcbschen Caf\u00e9s am Marktplatz und l\u00e4sst einfach die herrliche Stimmung von L\u00fcneburg auf sich wirken. Die zahlreichen Fachwerkgeb\u00e4ude verleihen dem st\u00e4dtischen Ensemble eine v\u00f6llig einmalige Aura. Die beschauliche Universit\u00e4tsstadt ist ber\u00fchmt f\u00fcr die Salzgewinnung. In L\u00fcneburg befindet sich ein ein alter Salzstock. Dort wurde \u00fcber viele Generationen in gro\u00dfem Stile Salz abgebaut. Das Deutsche Salzmuseum L\u00fcneburg erz\u00e4hlt heute von diesem bedeutenden Teil der Stadtchronik. Au\u00dferdem ist der Stint eine beliebte kulinarische Spezialit\u00e4t. Dem kleinen Fisch begegnet man in L\u00fcneburg fast auf Schritt und Tritt. Bei einem Besuch der nieders\u00e4chsischen Kreisstadt sollte man ein Stint-Essen auf keinen Fall vers\u00e4umen.      <\/p>\n<p>L\u00fcneburg liegt an der Autobahn A39. Auch \u00fcber die Bundesstra\u00dfen B4, B209 und B216 gelangt man rasch und sicher in die nieders\u00e4chsische Stadt. Auch das Umland \u2013 u.a. Bienenb\u00fcttel, Scharnebeck, Amelinghausen, Egestorf, Hanstedt, Fleestedt und Salzhausen - ist gut angebunden. Wer mit der Bahn nach L\u00fcneburg reisen m\u00f6chte, kann dies \u00fcber die Streckenverbindung Hamburg-Hannover tun. Dar\u00fcber hinaus besteht eine Nahverkehrsverbindung durch den Verkehrsbetrieb Metronom. Die Reisedauer zwischen Hamburg und L\u00fcneburg betr\u00e4gt lediglich 30 Minuten. <\/p>\n<h3>L\u00fcneburg und Bleckede: Hohe Wohnqualit\u00e4t, beste Infrastruktur!<\/h3>\n<p>Die Stadt Bleckede befindet sich im nieders\u00e4chsischen Landkreis L\u00fcneburg. Bleckede hat ungef\u00e4hr 10.000 Einwohner. Das Stadtareal streckt sich \u00fcber eine Fl\u00e4che von \u00fcber 139 km\u00b2. In unmittelbarer N\u00e4he liegen die Gemeinden Dahlenburg, Thomasburg, Amt Neuhaus und Vastorf. Zu Bleckede z\u00e4hlen alles in allem 15 Ortsteile. Die ausgezeichnete Lage direkt an der Elbe macht Bleckede interessant f\u00fcr Tagesbesucher und Touristen. Speziell auf zwei R\u00e4dern lohnt sich eine Exkursion nach Bleckede. Der Elbradweg sowie der Mecklenburgische Seen-Radweg laden zum erholsamen Radeln ein. Bezeichnend f\u00fcr Bleckede sind die zahlreichen Fachwerkh\u00e4user. Per pedes l\u00e4sst sich die bestaunenswerte Architektur besonders gut bewundern. Entsprechend stolz sind die Stadtverantwortlichen von Bleckede darauf, dass die Stadt Teil der Deutschen Fachwerkstra\u00dfe ist. Pittoresk ist der Hafen von Bleckede. Bis zum heutigen Tage machen viele Frachter hier Station. Besucher sch\u00e4tzen au\u00dferdem den F\u00e4hrverkehr auf der Elbe. Ein touristischer Clou: Der alte Raddampfer Kaiser-Wilhelm legt periodisch in Bleckede an. Gut geignet ist der Hafen auch f\u00fcr die Sportschifffahrt. Die zahllosen Sportbootliegepl\u00e4tze zeigen die Anziehungskraft des Hafen eindrucksvoll. Bleckede ist bekannt f\u00fcr seine wunderbare Umgebung. Neben der schon erw\u00e4hnten Deutschen Fachwerkstra\u00dfe f\u00fchrt ebenfalls die Deutsche Storchenstra\u00dfe durch Bleckede. Das innerst\u00e4dtisch zu bestaunende Storchennest ist eine ganz besondere Sehensw\u00fcrdigkeit. Aus Richtung L\u00fcneburg kommend, kann man auch auch mit einer historischen Eisenbahn nach Bleckede reisen. Die Fahrt mit dem sog. Heide-Elbe-Express ist ein Ausflugstipp f\u00fcr Ausfl\u00fcgler in der Region.<\/p>\n<h4>Hohe Qualit\u00e4t f\u00fcr Kunden aus L\u00fcneburg und Bleckede<\/h4>\n<p>Prima, dass Sie diese Seite gefunden haben. Wenn Sie eine erfahrene Fachfirma suchen, sind Sie bei uns richtig. Sie m\u00f6chten mehr \u00fcber uns erfahren? F\u00fcr R\u00fcckfragen stehen wir Ihnen jederzeit zur Verf\u00fcgung. Auf Ihre Anfragen freuen wir uns.<\/p>","popseo_zusatztext":"<h3>In Sachen Sicht- und Sonnenschutz sind wir Ihr qualifizierter Fachbetrieb<\/h3>\n<p>Vertrauen Sie in Sachen Sicherheit und Sonnenschutz auf jeden Fall auf die fachspezifische Leistung vom Fachbetrieb. Nur ein Fachbetrieb kennt die Tipps und Tricks, wie man zu einem hervorragenden Ergebnis kommt. Um sich mit Fug und Recht Fachbetrieb nennen zu k\u00f6nnen, braucht man eine gute Ausbildung der Mitarbeiter und eine jahrelange Fachkenntnis.  <\/p>\n<p>Unser Unternehmen empfiehlt sich als Ihr erfahrener Fachbetrieb f\u00fcr Sicherheit und Sonnenschutz. Erreichen Sie Ihr Ziel und schenken Sie unserem Fachbetrieb Ihr Vertrauen. Wir bieten Ihnen u.a. hochqualitative Markisen und Rolll\u00e4den und legen besonders Wert auf einen perfekten Service. Schon seit vielen Jahren sind wir erfahrener Fachbetrieb f\u00fcr Terrassend\u00e4cher, Markisen, Rolll\u00e4den und Au\u00dfenjalousien im Raum L\u00fcneburg. Es ist uns wichtig, dass Sie viele Jahre viel Freude an Ihrem Sicht und Sonnenschutz haben. Von einem Fachbetrieb d\u00fcrfen Sie selbstverst\u00e4ndlich eine fehlerfreie Top-Leistung erwarten.<\/p>\n<h3>Auf einen Fachbetrieb ist Verlass<\/h3>\n<p>Als Fachbetrieb darf sich eine Unternehmung bezeichnen, deren Mitarbeiter \u00fcber nachweisbare Qualifikationen verf\u00fcgen. Dies ist z.B. eine entsprechende Ausbildung oder ein Meisterbrief. Des Weiteren zeichnet eine intensive praktische Erfahrung einen Fachbetrieb aus. Schon seit vielen Jahren konzentrieren wir uns als spezialisiertes Unternehmen auf Sonnenschutz und Sicherheit von Wohn- und Gesch\u00e4ftsgeb\u00e4uden. In diesen vielen Jahren haben wir uns das Attribut Fachbetrieb ganz bestimmt erarbeitet. Wir verarbeiten nur hochwertige Materialien. Dabei achten wir stets auf ein ausgewogenes Preis-Leistungsverh\u00e4ltnis. Unsere \u00dcberzeugung als Fachbetrieb: Wir bieten Ihnen Top-Leistung zu einem fairen Preis.<\/p>","popseo_links":"<a href=\"https:\/\/www.kaduk-bauelemente.de\/leistungen\/garagentore-winsen-luhe\/\">Garagentore Winsen Luhe<\/a>, <a href=\"https:\/\/www.kaduk-bauelemente.de\/leistungen\/zaunbau-bienenbuettel\/\">Zaunbau Bienenb\u00fcttel<\/a>, <a href=\"https:\/\/www.kaduk-bauelemente.de\/leistungen\/markisen-bergedorf-wentorf\/\">Markisen Bergedorf Wentorf<\/a>, <a href=\"https:\/\/www.kaduk-bauelemente.de\/leistungen\/markisen-harburg\/\">Markisen Harburg<\/a>, <a href=\"https:\/\/www.kaduk-bauelemente.de\/leistungen\/fenster-stelle\/\">Fenster Stelle<\/a>, <a href=\"https:\/\/www.kaduk-bauelemente.de\/leistungen\/markisen-buchholz\/\">Markisen Buchholz<\/a>, <a href=\"https:\/\/www.kaduk-bauelemente.de\/leistungen\/garagen-reinbek-glinde\/\">Garagen Reinbek Glinde<\/a>, <a href=\"https:\/\/www.kaduk-bauelemente.de\/leistungen\/zaeune-buechen\/\">Z\u00e4une B\u00fcchen<\/a>, <a href=\"https:\/\/www.kaduk-bauelemente.de\/leistungen\/fliegengitter-jesteburg\/\">Fliegengitter Jesteburg<\/a>, <a href=\"https:\/\/www.kaduk-bauelemente.de\/leistungen\/rolllaeden-bardowick\/\">Rolll\u00e4den Bardowick<\/a>, <a href=\"https:\/\/www.kaduk-bauelemente.de\/leistungen\/fliegengitter-bienenbuettel\/\">Fliegengitter Bienenb\u00fcttel<\/a>, <a href=\"https:\/\/www.kaduk-bauelemente.de\/leistungen\/fliegengitter-herzogtum-lauenburg\/\">Fliegengitter Herzogtum Lauenburg<\/a>, <a href=\"https:\/\/www.kaduk-bauelemente.de\/leistungen\/rollladen-boizenburg\/\">Rollladen Boizenburg<\/a>, <a href=\"https:\/\/www.kaduk-bauelemente.de\/leistungen\/garagen-buechen\/\">Garagen B\u00fcchen<\/a>, <a href=\"https:\/\/www.kaduk-bauelemente.de\/leistungen\/rolltore-herzogtum-lauenburg\/\">Rolltore Herzogtum Lauenburg<\/a>, <a href=\"https:\/\/www.kaduk-bauelemente.de\/leistungen\/insektenschutz-lueneburg\/\">Insektenschutz L\u00fcneburg<\/a>, <a href=\"https:\/\/www.kaduk-bauelemente.de\/leistungen\/kunststofffenster-ebstorf\/\">Kunststofffenster Ebstorf<\/a>, <a href=\"https:\/\/www.kaduk-bauelemente.de\/leistungen\/fenster-amelinghausen\/\">Fenster Amelinghausen<\/a>, <a href=\"https:\/\/www.kaduk-bauelemente.de\/leistungen\/garagentore-geesthacht\/\">Garagentore Geesthacht<\/a>, <a href=\"https:\/\/www.kaduk-bauelemente.de\/leistungen\/kunststofffenster-geesthacht\/\">Kunststofffenster Geesthacht<\/a>, <a href=\"https:\/\/www.kaduk-bauelemente.de\/leistungen\/rollladen-maschen\/\">Rollladen Maschen<\/a>, <a href=\"https:\/\/www.kaduk-bauelemente.de\/leistungen\/rollladen-adendorf\/\">Rollladen Adendorf<\/a>, <a href=\"https:\/\/www.kaduk-bauelemente.de\/leistungen\/tueren-reppenstedt\/\">T\u00fcren Reppenstedt<\/a>, <a href=\"https:\/\/www.kaduk-bauelemente.de\/leistungen\/terrassenueberdachungen-aus-holz-adendorf\/\">Terrassen\u00fcberdachungen aus Holz Adendorf<\/a>, <a href=\"https:\/\/www.kaduk-bauelemente.de\/leistungen\/carports-geesthacht\/\">Carports Geesthacht<\/a>, <a href=\"https:\/\/www.kaduk-bauelemente.de\/leistungen\/fenster-buchholz\/\">Fenster Buchholz<\/a>"},"_links":{"self":[{"href":"https:\/\/www.kaduk-bauelemente.de\/leistungen\/wp-json\/wp\/v2\/pages\/4567","targetHints":{"allow":["GET"]}}],"collection":[{"href":"https:\/\/www.kaduk-bauelemente.de\/leistungen\/wp-json\/wp\/v2\/pages"}],"about":[{"href":"https:\/\/www.kaduk-bauelemente.de\/leistungen\/wp-json\/wp\/v2\/types\/page"}],"author":[{"embeddable":true,"href":"https:\/\/www.kaduk-bauelemente.de\/leistungen\/wp-json\/wp\/v2\/users\/1"}],"replies":[{"embeddable":true,"href":"https:\/\/www.kaduk-bauelemente.de\/leistungen\/wp-json\/wp\/v2\/comments?post=4567"}],"version-history":[{"count":0,"href":"https:\/\/www.kaduk-bauelemente.de\/leistungen\/wp-json\/wp\/v2\/pages\/4567\/revisions"}],"wp:attachment":[{"href":"https:\/\/www.kaduk-bauelemente.de\/leistungen\/wp-json\/wp\/v2\/media?parent=4567"}],"curies":[{"name":"wp","href":"https:\/\/api.w.org\/{rel}","templated":true}]}}