{"id":4564,"date":"2021-08-25T12:19:25","date_gmt":"2021-08-25T10:19:25","guid":{"rendered":"https:\/\/www.kaduk-bauelemente.de\/leistungen\/sektionaltore-harburg\/"},"modified":"2021-08-25T12:19:25","modified_gmt":"2021-08-25T10:19:25","slug":"sektionaltore-harburg","status":"publish","type":"page","link":"https:\/\/www.kaduk-bauelemente.de\/leistungen\/sektionaltore-harburg\/","title":{"rendered":"Sektionaltore &#8211; Harburg"},"content":{"rendered":"<h3>Unser Kundenservice informiert Sie \u00fcber Sektionaltore<\/h3>\n<p>Eine Garage ist ein sicherer Unterstand f\u00fcr Ihr Fahrzeug. Leichtg\u00e4ngige Garagentore mit automatisierter F\u00fchrung geh\u00f6ren mittlerweile zur Standardausr\u00fcstung von Wohn- und Gesch\u00e4ftsh\u00e4usern. Zu den am h\u00e4ufigsten nachgefragten Garagentoren z\u00e4hlen fraglos Modelle mit Deckenlaufsystem und Fernbedienung. In unserem Produktsortiment finden sich sowohl praktische Sektionaltore als auch Rolltore.<\/p>\n<p>Ein Sektionaltor erf\u00fcllt selbst gehobene Sicherheitsanspr\u00fcche und \u00fcberzeugt \u00fcberdies durch eine sehr gute Verarbeitung und Bedienbarkeit. Das Tor besteht aus breiten, durch Scharniere gekoppelte Einzelelemente, die sich beim \u00d6ffnen platzsparend unter das Dach der Garage schieben. Diese Einzelelemente werden auch als Sektionen benannt \u2013 daher der Name. Mit einem zur Architektur der Immobilie passenden Sektionaltor f\u00fcgen Sie Ihrem Wohn- oder Gesch\u00e4ftshaus ein gestalterisches Highlight hinzu. <\/p>\n<h3>Sektionaltore \u2013 praktisch und auch optisch ansprechend<\/h3>\n<p>W\u00e4hlen Sie einfach nach Ihren individuellen Vorstellungen unter unterschiedlichen Oberfl\u00e4chen, Farben und Materialien. Jedes Sektionaltor ist ist im Lauf ger\u00e4uscharm, nahezu wartungsfrei und optimal gesch\u00fctzt vor Feuchtigkeit und Rost. Selbstverst\u00e4ndlich werden bei der Herstellung ausschlie\u00dflich beste Materialien genutzt. \u00c4u\u00dferlich angenehm elegant und schlicht gestaltet, verbirgt sich im Inneren der Garage eine raffinierte technische L\u00f6sung. Funktionalit\u00e4t und Sicherheit gehen beim Sektionaltor eine gewinnbringende Verbindung ein. Sektionaltore \u00fcberzeugen auch durch eine hervorragende W\u00e4rmed\u00e4mmung.<\/p>\n","protected":false},"excerpt":{"rendered":"<p>Unser Kundenservice informiert Sie \u00fcber Sektionaltore Eine Garage ist ein sicherer Unterstand f\u00fcr Ihr Fahrzeug. Leichtg\u00e4ngige Garagentore mit automatisierter F\u00fchrung geh\u00f6ren mittlerweile zur Standardausr\u00fcstung von Wohn- und Gesch\u00e4ftsh\u00e4usern. Zu den am h\u00e4ufigsten nachgefragten Garagentoren z\u00e4hlen fraglos Modelle mit Deckenlaufsystem und Fernbedienung. In unserem Produktsortiment finden sich sowohl praktische Sektionaltore als auch Rolltore. Ein Sektionaltor erf\u00fcllt [&hellip;]<\/p>\n","protected":false},"author":1,"featured_media":0,"parent":0,"menu_order":0,"comment_status":"closed","ping_status":"closed","template":"","meta":{"footnotes":""},"class_list":["post-4564","page","type-page","status-publish","hentry"],"meta_box":{"popseo_subtitel":"Kaduk Bauelemente ist Ihr Spezialist f\u00fcr Sektionaltore im Raum Harburg","popseo_subtitel2":"Sektionaltore - unsere Spezialisten kennen sich aus","popseo_lasttitel":"Sektionaltore: F\u00fcr weitere Informationen sprechen Sie uns bitte an","popseo_region":"Harburg","popseo_sachwort":"Sektionaltore","popseo_noupdate":"","popseo_einleitungstext":"<p>Wenn es um Sonnenschutz und Sicherheit geht, sind Sie bei der Firma Dirk Kaduk Bauelemte genau an der richtigen Adresse. Seit Firmengr\u00fcndung sind wir Ihre lokalen Spezialisten f\u00fcr hochwertige Bauelemente. Zu unserem Produktsortiment z\u00e4hlen beispielsweise Rolltore, Terrassend\u00e4cher, Markisen, T\u00fcren, Au\u00dfenjalousien, Fenster, Carports und Rolll\u00e4den. Unsere Fachleute erledigen Reparatur- und Montagearbeiten und zeigen Ihnen Wege auf, wie Sie Ihre Wohn- oder Gesch\u00e4ftsgeb\u00e4ude mit zeitgem\u00e4\u00dfen Bauelementen ausstatten k\u00f6nnen. Auf diesen Seiten haben wir erste Informationen f\u00fcr Sie notiert.<\/p>","popseo_schlusstext":"<p>Sehr gerne informieren wir Sie n\u00e4her \u00fcber unsere Produkte und unser Aufgabengebiet. Wir pr\u00e4sentieren Ihnen mit Vergn\u00fcgen auch einige Referenzen, die Ihnen einen Einblick in unsere Firment\u00e4tigkeit geben.<br \/>\nDie Fachleute der Firma Kaduk sind gerne f\u00fcr Sie im Einsatz. Rufen Sie uns doch einfach einmal an oder schreiben Sie uns eine kurze E-Mail. Wir freuen uns auf Ihre Kontaktaufnahme.<\/p>","popseo_stadttext":"<h3>Leben und Wohnen in Harburg<\/h2>\n<p>Durch unsere Vertriebst\u00e4tigkeit haben wir uns einen ausgezeichneten \u00dcberblick \u00fcber die Architektur der St\u00e4dte und Gemeinden unseres Einzugsbereiches machen k\u00f6nnen. Selbstverst\u00e4ndlich z\u00e4hlt auch Harburg zu unserem unmittelbaren Gesch\u00e4ftsgebiet. Wir freuen uns darauf, mit Ihnen in Kontakt zu kommen. <\/p>\n<h3>Einige Informationen zum Stadtteil Harburg<\/h3>\n<p>Harburg ist ein Stadtteil der Hansestadt Hamburg. Harburg war einstmals eigenst\u00e4ndig. 1927 erfolgte zun\u00e4chst die Vereinigung mit Wilhelmsburg zur ehedem 110.000 Anwohner z\u00e4hlenden Stadt Harburg-Wilhelmsburg. Zehn Jahre danach gliederte die Verwaltung final dieses neu gebildete Gro\u00dfstadtkonstrukt dem Hamburger Staat zu. Harburg verlor damit seine Selbst\u00e4ndigkeit. Anno 1951 entstand auch der Verwaltungsbezirk Harburg. Harburg ist an der S\u00fcderelbe gelegen. Der Stadtteil grenzt an Hamburg-Wilhemlsburg und Hamburg-Neuland sowie an die nieders\u00e4chsischen Landkreise Harburg und Stade.  <\/p>\n<h3>Wir arbeiten gerne in Harburg<\/h3>\n<p>Besonders der Ausbau des Binnenhafens Mitte des 19. Jahrhunderts war f\u00fcr das Wachstum von Harburg entscheidend. Die kautschuk- und \u00f6lverarbeitende Schwerindustrie sorgte in Harburg f\u00fcr eine konstante Weiterentwicklung. Ab den 1960er Jahren zog sich die Hafenindustrie weitgehend aus Harburg zur\u00fcck. Immer mehr Geb\u00e4ude und Industriegebiete lagen brach. Der Strukturwandel wirkte sich stark auf das Leben im Stadtteil Harburg aus. <\/p>\n<p>In den letzten Dekaden hat sich Harburg erkennbar entwickelt und sich insbesondere als Wohngegend einen Namen erworben. Die Infrastruktur von Harburg ist ausgezeichnet: Das Zentrum hat sich zu einem Shoppingeldorado entwickelt. Allein drei gro\u00dfe Einkaufszentren sind in Harburg vor Ort. Der Stadtteil verf\u00fcgt ferner \u00fcber zahlreiche ruhige und reizvoll gelegene Wohngebiete. Ein weiterer Pluspunkt: Mit der S-Bahn ben\u00f6tigt man nur gut 15 Minuten bis zum Hamburger Hauptbahnhof. In den letzten Jahren wurden eine Reihe von Neubauprojekte in Harburg begonnen. Besonders der hafennahe Bereich um die Schlossinsel Harburg und das Gebiet um den Veritaskai wurden st\u00e4dtebaulich modernisiert. Harburg ist f\u00fcr sein Bildungsangebot begehrt. Die Technische Universit\u00e4t Hamburg-Harburg, die K\u00fchne School of Logistics und das Northern Institut of Technology besitzen einen ausgezeichneten Ruf. <\/p>\n<h4>Hohe Qualit\u00e4t f\u00fcr Kunden aus Harburg<\/h4>\n<p>Sie interessieren sich f\u00fcr unser Angebot und sind hier im World Wide Web auf unsere Homepage gesto\u00dfen? Dar\u00fcber freuen wir uns sehr. Gerne pr\u00e4sentieren wir Ihnen unser komplettes Leistungsspektrum und beantworten Ihre Fragen. Auf Ihre Anfragen freuen wir uns.<\/p>","popseo_zusatztext":"<h3>Qualit\u00e4t kann auch g\u00fcnstig und preiswert sein<\/h3>\n<p>Bauelemente m\u00fcssen gehobenen Anforderungen gerecht werden. Gleichwohl darf es g\u00fcnstig und preiswert sein. Das muss durchaus kein Widerspruch sein. <\/p>\n<p>Als Fachbetrieb f\u00fcr Sonnenschutz- und Sicherheitssysteme verwenden wir nur ausgezeichnete Erzeugnisse. Gleichwohl schauen wir stets auf ein gutes Preis-Leistungsverh\u00e4ltnis. Wir m\u00f6chten Ihnen Qualit\u00e4t anbieten, die gleichzeitig auch g\u00fcnstig und preiswert ist. Geben Sie Ihrem Haus g\u00fcnstig und preiswert das besondere Mehr an Qualit\u00e4t. Markisen und Rolll\u00e4den oder andere Sonnenschutzl\u00f6sungen sehen nicht nur schmuck aus, sie leisten auch einen bedeutsamen Anteil zur W\u00e4rmed\u00e4mmung.  <\/p>\n<h3>G\u00fcnstig und preiswert \u2013 unsere Leistung \u00fcberzeugt<\/h3>\n<p>D\u00fcrfen wir Sie informieren, wie Sie g\u00fcnstig und preiswert einen perfekten Sonnenschutz f\u00fcr Ihr Heim umsetzen? Toll, dann warten Sie bitte nicht und nehmen am besten sofort heute noch Kontakt mit uns auf. Ein kurzer Anruf oder eine schnelle Email gen\u00fcgen. Sehr gerne informieren Sie unsere gut ausgebildeten Profis \u00fcber die unterschiedlichen Optionen, wie Sie Ihr Heim g\u00fcnstig und preiswert mit Rolll\u00e4den und Markisen oder anderen Sonnenschutzprodukten ausstatten. Wir freuen uns auf den Austausch mit Ihnen. <\/p>\n<h4>Hochwertige Arbeit g\u00fcnstig und preiswert<\/h4>\n<p>Z\u00e4hlen Sie beim Thema Sonnenschutz und Sicherheit auf den Fachmann. Nur ein Spezialbetrieb kennt die verschiedenen M\u00f6glichkeiten, wie Sie g\u00fcnstig und preiswert, zugleich qualitativ hochwertig einen tadellosen Sonnenschutz verwirklichen. Qualit\u00e4tsbewusst, g\u00fcnstig und preiswert: Wir empfehlen uns als spezialisiertes Fachunternehmen im norddeutschen Raum. Unsere gro\u00dfe Erfahrung spricht f\u00fcr uns.<\/p>","popseo_links":"<a href=\"https:\/\/www.kaduk-bauelemente.de\/leistungen\/haustueren-bergedorf-wentorf\/\">Haust\u00fcren Bergedorf Wentorf<\/a>, <a href=\"https:\/\/www.kaduk-bauelemente.de\/leistungen\/terrassendaecher-aus-holz-harburg\/\">Terrassend\u00e4cher aus Holz Harburg<\/a>, <a href=\"https:\/\/www.kaduk-bauelemente.de\/leistungen\/tueren-herzogtum-lauenburg\/\">T\u00fcren Herzogtum Lauenburg<\/a>, <a href=\"https:\/\/www.kaduk-bauelemente.de\/leistungen\/zaeune-uelzen\/\">Z\u00e4une Uelzen<\/a>, <a href=\"https:\/\/www.kaduk-bauelemente.de\/leistungen\/garagentore-amt-neuhaus\/\">Garagentore Amt Neuhaus<\/a>, <a href=\"https:\/\/www.kaduk-bauelemente.de\/leistungen\/carports-salzhausen\/\">Carports Salzhausen<\/a>, <a href=\"https:\/\/www.kaduk-bauelemente.de\/leistungen\/insektenschutz-hanstedt\/\">Insektenschutz Hanstedt<\/a>, <a href=\"https:\/\/www.kaduk-bauelemente.de\/leistungen\/markisen-hanstedt\/\">Markisen Hanstedt<\/a>, <a href=\"https:\/\/www.kaduk-bauelemente.de\/leistungen\/raffstores-buchholz\/\">Raffstores Buchholz<\/a>, <a href=\"https:\/\/www.kaduk-bauelemente.de\/leistungen\/terrassenueberdachungen-aus-holz-boizenburg\/\">Terrassen\u00fcberdachungen aus Holz Boizenburg<\/a>, <a href=\"https:\/\/www.kaduk-bauelemente.de\/leistungen\/zaunbau-bardowick\/\">Zaunbau Bardowick<\/a>, <a href=\"https:\/\/www.kaduk-bauelemente.de\/leistungen\/kunststofffenster-hanstedt\/\">Kunststofffenster Hanstedt<\/a>, <a href=\"https:\/\/www.kaduk-bauelemente.de\/leistungen\/markisen-bergedorf-wentorf\/\">Markisen Bergedorf Wentorf<\/a>, <a href=\"https:\/\/www.kaduk-bauelemente.de\/leistungen\/markisen-amt-neuhaus\/\">Markisen Amt Neuhaus<\/a>, <a href=\"https:\/\/www.kaduk-bauelemente.de\/leistungen\/holzfenster-amelinghausen\/\">Holzfenster Amelinghausen<\/a>, <a href=\"https:\/\/www.kaduk-bauelemente.de\/leistungen\/carports-bienenbuettel\/\">Carports Bienenb\u00fcttel<\/a>, <a href=\"https:\/\/www.kaduk-bauelemente.de\/leistungen\/zaunbau-bergedorf-wentorf\/\">Zaunbau Bergedorf Wentorf<\/a>, <a href=\"https:\/\/www.kaduk-bauelemente.de\/leistungen\/raffstores-hanstedt\/\">Raffstores Hanstedt<\/a>, <a href=\"https:\/\/www.kaduk-bauelemente.de\/leistungen\/rollladen-salzhausen\/\">Rollladen Salzhausen<\/a>, <a href=\"https:\/\/www.kaduk-bauelemente.de\/leistungen\/raffstores-amelinghausen\/\">Raffstores Amelinghausen<\/a>, <a href=\"https:\/\/www.kaduk-bauelemente.de\/leistungen\/raffstores-bienenbuettel\/\">Raffstores Bienenb\u00fcttel<\/a>, <a href=\"https:\/\/www.kaduk-bauelemente.de\/leistungen\/terrassendaecher-aus-holz-bardowick\/\">Terrassend\u00e4cher aus Holz Bardowick<\/a>, <a href=\"https:\/\/www.kaduk-bauelemente.de\/leistungen\/zaeune-bienenbuettel\/\">Z\u00e4une Bienenb\u00fcttel<\/a>, <a href=\"https:\/\/www.kaduk-bauelemente.de\/leistungen\/rollladen-geesthacht\/\">Rollladen Geesthacht<\/a>, <a href=\"https:\/\/www.kaduk-bauelemente.de\/leistungen\/terrassenueberdachungen-aus-aluminium-reinbek-glinde\/\">Terrassen\u00fcberdachungen aus Aluminium Reinbek Glinde<\/a>, <a href=\"https:\/\/www.kaduk-bauelemente.de\/leistungen\/rollladen-bad-bevensen\/\">Rollladen Bad Bevensen<\/a>"},"_links":{"self":[{"href":"https:\/\/www.kaduk-bauelemente.de\/leistungen\/wp-json\/wp\/v2\/pages\/4564","targetHints":{"allow":["GET"]}}],"collection":[{"href":"https:\/\/www.kaduk-bauelemente.de\/leistungen\/wp-json\/wp\/v2\/pages"}],"about":[{"href":"https:\/\/www.kaduk-bauelemente.de\/leistungen\/wp-json\/wp\/v2\/types\/page"}],"author":[{"embeddable":true,"href":"https:\/\/www.kaduk-bauelemente.de\/leistungen\/wp-json\/wp\/v2\/users\/1"}],"replies":[{"embeddable":true,"href":"https:\/\/www.kaduk-bauelemente.de\/leistungen\/wp-json\/wp\/v2\/comments?post=4564"}],"version-history":[{"count":0,"href":"https:\/\/www.kaduk-bauelemente.de\/leistungen\/wp-json\/wp\/v2\/pages\/4564\/revisions"}],"wp:attachment":[{"href":"https:\/\/www.kaduk-bauelemente.de\/leistungen\/wp-json\/wp\/v2\/media?parent=4564"}],"curies":[{"name":"wp","href":"https:\/\/api.w.org\/{rel}","templated":true}]}}