{"id":4555,"date":"2021-08-25T12:19:25","date_gmt":"2021-08-25T10:19:25","guid":{"rendered":"https:\/\/www.kaduk-bauelemente.de\/leistungen\/sektionaltore-bergedorf-wentorf\/"},"modified":"2021-08-25T12:19:25","modified_gmt":"2021-08-25T10:19:25","slug":"sektionaltore-bergedorf-wentorf","status":"publish","type":"page","link":"https:\/\/www.kaduk-bauelemente.de\/leistungen\/sektionaltore-bergedorf-wentorf\/","title":{"rendered":"Sektionaltore &#8211; Bergedorf Wentorf"},"content":{"rendered":"<h3>Sektionaltore &#8211; wir beraten Sie gerne<\/h3>\n<p>Eine Garage ist ein gesch\u00fctzter Unterstand f\u00fcr Ihr Fahrzeug. Leichtl\u00e4ufige Garagentore mit automatischer F\u00fchrung geh\u00f6ren heutzutage zum festen Repertoire von Wohn- und Gesch\u00e4ftsimmobilien. Zu den am h\u00e4ufigsten nachgefragten Garagentoren geh\u00f6ren unzweifelhaft Modelle mit Deckenlaufsystem und Fernbedienung. In unserem Angebot finden sich sowohl Rolltore als auch praktische Sektionaltore.<\/p>\n<p>Ein Sektionaltor erf\u00fcllt auch gehobene Anspr\u00fcche an die Sicherheit und \u00fcberzeugt \u00fcberdies durch eine exzellente Verarbeitung und Bedienbarkeit. Das Tor besteht aus breiten, durch Scharniere verbundene Einzelelemente, die sich beim \u00d6ffnen platzsparend unter das Dach schieben. Diese Einzelelemente werden auch als Sektionen bezeichnet \u2013 daher der Name. Mit einem zur Gestaltung der Immobilie passenden Sektionaltor f\u00fcgen Sie Ihrem Wohn- oder Gesch\u00e4ftshaus ein gestalterisches Highlight hinzu. <\/p>\n<h3>Ein Sektionaltor ist immer eine richtige Entscheidung<\/h3>\n<p>W\u00e4hlen Sie einfach nach Ihren pers\u00f6nlichen Vorlieben unter unterschiedlichen Farben, Oberfl\u00e4chen und Materialien. Alle Sektionaltore sind ist im Lauf ger\u00e4uscharm, fast wartungsfrei und maximal gesch\u00fctzt vor Rost und Feuchtigkeit. Selbstverst\u00e4ndlich werden bei der Produktion ausschlie\u00dflich hochwertigste Materialien genutzt. \u00c4u\u00dferlich ansprechend elegant und schlicht designt, verbirgt sich im Inneren der Garage eine raffinierte technische L\u00f6sung. Sicherheit und Funktionalit\u00e4t gehen beim Sektionaltor eine gewinnbringende Verbindung ein. Sektionaltore \u00fcberzeugen au\u00dferdem durch eine ausgezeichnete W\u00e4rmed\u00e4mmung.<\/p>\n","protected":false},"excerpt":{"rendered":"<p>Sektionaltore &#8211; wir beraten Sie gerne Eine Garage ist ein gesch\u00fctzter Unterstand f\u00fcr Ihr Fahrzeug. Leichtl\u00e4ufige Garagentore mit automatischer F\u00fchrung geh\u00f6ren heutzutage zum festen Repertoire von Wohn- und Gesch\u00e4ftsimmobilien. Zu den am h\u00e4ufigsten nachgefragten Garagentoren geh\u00f6ren unzweifelhaft Modelle mit Deckenlaufsystem und Fernbedienung. In unserem Angebot finden sich sowohl Rolltore als auch praktische Sektionaltore. Ein Sektionaltor [&hellip;]<\/p>\n","protected":false},"author":1,"featured_media":0,"parent":0,"menu_order":0,"comment_status":"closed","ping_status":"closed","template":"","meta":{"footnotes":""},"class_list":["post-4555","page","type-page","status-publish","hentry"],"meta_box":{"popseo_subtitel":"Kaduk Bauelemente ist Ihr Fachanbieter f\u00fcr Sektionaltore im Raum Bergedorf Wentorf","popseo_subtitel2":"Sektionaltore - die Beratung \u00fcbernimmt der Fachbetrieb","popseo_lasttitel":"Sektionaltore: Wir beantworten Ihre Fragen!","popseo_region":"Bergedorf Wentorf","popseo_sachwort":"Sektionaltore","popseo_noupdate":"","popseo_einleitungstext":"<p>Wenn es um Sicherheit und Sonnenschutz geht, sind Sie bei der Firma Kaduk genau an der richtigen Adresse. Seit Firmengr\u00fcndung sind wir Ihre lokalen Spezialisten f\u00fcr hochwertige Bauelemente. Zu unserem Produktangebot geh\u00f6ren unter anderem Rolltore, Terrassend\u00e4cher, Markisen, T\u00fcren, Fenster, Au\u00dfenjalousien, Carports und Rolll\u00e4den. Wir \u00fcbernehmen Reparatur- und Montagearbeiten und zeigen Ihnen Wege auf, wie Sie Ihre Wohn- oder Gesch\u00e4ftsgeb\u00e4ude mit modernen Bauelementen ausr\u00fcsten k\u00f6nnen. Auf diesen Seiten haben wir einige erste Informationen f\u00fcr Sie notiert.<\/p>","popseo_schlusstext":"<p>Wenn Sie einen qualifizierten Fachbetrieb f\u00fcr hochwertige Sonnenschutz- und Sicherheitsprodukte suchen, sind Sie bei uns an der richtigen Adresse. Sie m\u00f6chten mehr \u00fcber uns erfahren? Als auf Bauelemente spezialisierte Fachfirma sind wir f\u00fcr Ihr Vorhaben der perfekte Dienstleister und freuen uns \u00fcber Ihre Anfrage, egal ob durch Anruf oder E-Mail. Worauf Sie neben unserer fachlichen Expertise setzen d\u00fcrfen: Unser Team arbeitet absolut zuverl\u00e4ssig und wird mit Elan und Schwung f\u00fcr Sie t\u00e4tig. Wir freuen uns auf Sie!<\/p>","popseo_stadttext":"<h3>Unser Einzugsbereich umfasst auch Bergedorf und Wentorf<\/h3>\n<p>Durch unsere Gesch\u00e4ftst\u00e4tigkeit haben wir uns einen ausgezeichneten \u00dcberblick \u00fcber die Architektur der St\u00e4dte und Gemeinden unseres Einzugsbereiches erarbeiten k\u00f6nnen. Selbstverst\u00e4ndlich geh\u00f6ren auch Bergedorf und Wentorf zu unserem unmittelbaren Gesch\u00e4ftsgebiet. Wir freuen uns darauf, mit Ihnen in Kontakt zu treten. <\/p>\n<h3>Einige Details \u00fcber Bergedorf und Wentorf:<h3>\n<p>Einstmals selbst\u00e4ndig z\u00e4hlt Bergedorf heute zur Freien und Hansestadt Hamburg. Der Stadtteil liegt am s\u00fcd\u00f6stlichen Stadtrand und grenzt an die schleswig-holsteinischen St\u00e4dte Reinbek und Wentorf. In Bergedorf wohnen etwa 42.000 B\u00fcrger auf einer Fl\u00e4che von 11 Quadratkilometern. Auch wenn Bergedorf bereits seit dem 01. Januar 1938 keine Selbst\u00e4ndigkeit mehr besitzt, hat sich der Stadtteil doch eine gewisse Individualit\u00e4t bewahrt. Beinahe m\u00f6chte man sagen, Bergedorf w\u00e4re eine Art Stadt in der Stadt. Zum Verwaltungsbezirk Bergedorf geh\u00f6ren insgesamt 14 Stadtteile. Die gr\u00f6\u00dften Ortsteile sind: Moorfleet, Allerm\u00f6he, Lohbr\u00fcgge, Billwerder, Neuallerm\u00f6he, Altengamme, Curslack, Neuengamme, Kirchwerder und Ochsenwerder. H\u00e4ufig hinzu gez\u00e4hlt wird auch Wentorf. Das ist allerdings nicht v\u00f6llig korrekt, da Wentorf zum schleswig-holsteinischen Landkreis Herzogtum Lauenburg z\u00e4hlt.  <\/p>\n<p>In Bergedorf zu wohnen bedeutet, die Vorz\u00fcge der Metropole zu genie\u00dfen ohne gleichzeitig auf kleinst\u00e4dtischen Charme zu verzichten. Die Wohngebiete von Bergedorf sind gepr\u00e4gt von Einzel- oder Mehrfamilienhausbebauung. Gr\u00f6\u00dfere Hochh\u00e4user findet man in Bergedorf vor allem in der N\u00e4he des Zentrums. Die Infrastruktur ist hervorragend: Im Ortskern von Bergedorf finden sich sehr gute Shoppingm\u00f6glichkeiten. <\/p>\n<h3>Attraktiv und stadtnah: Bergedorf und Wentorf!<\/h3>\n<p>Ob in den Passagen oder in der Fu\u00dfg\u00e4ngerzone: In Bergedorf l\u00e4sst es sich tats\u00e4chlich wunderbar bummeln. Und wer danach Lust und Laune auf ein wenig Entspannung hat, macht Halt in einem der zahlreichen gem\u00fctlichen Restaurants und Caf\u00e9s. Bergedorf ist an den HVV angeschlossen. Mit der S-Bahnlinie S2 erreicht man den Hauptbahnhof in weniger als 25 Minuten. Auch mit dem PKW kommt man sehr gut nach Bergedorf: \u00dcber die Bundesstra\u00dfen 207 und 5 kommt man auf direktem Wege in den Stadtteil. Die Bev\u00f6lkerung von Bergedorf sch\u00e4tzt besonders den bunten Mix ihres Stadtteils. Eine kraftvolle Wirtschaft, die nahen Naturgebiete sowie die guten Kultur- und Freizeitangebote machen Bergedorf zu einem Wohnort mit besonders hoher Lebensqualit\u00e4t.<\/p>\n<p>Auch Wentorf grenzt direkt an Bergedorf, die \u00dcberg\u00e4nge sind nahezu flie\u00dfend. Als typisches Wohnquartier ist Wentorf insbesondere bei Berufspendlern beliebt. Eine sehr gute Infrastruktur, die N\u00e4he zur Metropole sowie eine sehr gute Anbindung zeichnen Wentorf aus. <\/p>\n<h4>Privat- und Gesch\u00e4ftskunden aus Bergedorf und Wentorf sch\u00e4tzen unsere Leistungen!<\/h4>\n<p>Wir finden es super, dass Sie unsere Internetseite gefunden haben. Ob Wentorf oder Bergedorf: Unsere Erfahrung und die Qualit\u00e4t von Material und Ausf\u00fchrung garantiert Ihnen ein sehr gutes Preis-Leistungsverh\u00e4ltnis. Sie m\u00f6chten mehr \u00fcber uns erfahren? F\u00fcr R\u00fcckfragen stehen wir Ihnen jederzeit zur Verf\u00fcgung. Unser engagiertes Team freut sich auf Sie.<\/p>","popseo_zusatztext":"<h3>Kaduk Bauelemente \u2013 Ihr Fachbetrieb f\u00fcr Sicht- und Sonnenschutz<\/h3>\n<p>Setzen Sie in Sachen Sicherheit und Sonnenschutz unbedingt auf die fachspezifische Leistung vom Fachbetrieb. Nur ein Fachbetrieb kennt die Tipps und Tricks, wie man zu einem sachgerechten Ergebnis kommt. Um sich mit Fug und Recht als Fachbetrieb zu titulieren, bedarf es einer qualifizierten Ausbildung der Mitarbeiter und einer jahrelangen Berufserfahrung.  <\/p>\n<p>Unser Unternehmen empfiehlt sich als Ihr erfahrener Fachbetrieb f\u00fcr Sonnenschutz und Sicherheit. Erreichen Sie Ihr Ziel und schenken Sie unserem Fachbetrieb Ihr Vertrauen. Wir bieten Ihnen unter anderem hochwertige Markisen und Rolll\u00e4den und legen h\u00f6chsten Wert auf einen ausgezeichneten Service. Schon seit vielen Jahren sind wir sachkundiger Fachbetrieb f\u00fcr Markisen, Terrassend\u00e4cher, Rolll\u00e4den und Au\u00dfenjalousien im Raum L\u00fcneburg. Es ist uns wichtig, dass Sie dauerhaft viel Freude an Ihrem Sicht und Sonnenschutz haben. Von einem Fachbetrieb d\u00fcrfen Sie selbstverst\u00e4ndlich eine absolute Top-Leistung erwarten.<\/p>\n<h3>Dirk Kaduk Bauelemente \u2013 Ihr Fachbetrieb f\u00fcr Sicherheit und Sonnenschutz<\/h3>\n<p>Als Fachbetrieb darf sich eine Firma bezeichnen, deren Mitarbeiter \u00fcber nachweisbare Qualifikationen verf\u00fcgen. Dies ist zum Beispiel eine entsprechende Ausbildung oder ein Meisterbrief. Des Weiteren zeichnet eine intensive praktische Erfahrung einen Fachbetrieb aus. Bereits seit vielen Jahren konzentrieren wir uns als spezialisiertes Unternehmen auf Sicherheit und Sonnenschutz von H\u00e4usern. In diesen vielen Jahren haben wir uns das Attribut Fachbetrieb sicher verdient. Wir nutzen nur hochwertige Artikel. Hierbei achten wir immer auf ein sehr gutes Preis-Leistungsverh\u00e4ltnis. Unsere \u00dcberzeugung als Fachbetrieb: Wir bieten Ihnen 1a-Leistung zu einem 1a- Preis.<\/p>","popseo_links":"<a href=\"https:\/\/www.kaduk-bauelemente.de\/leistungen\/tueren-uelzen\/\">T\u00fcren Uelzen<\/a>, <a href=\"https:\/\/www.kaduk-bauelemente.de\/leistungen\/garagentore-lueneburg\/\">Garagentore L\u00fcneburg<\/a>, <a href=\"https:\/\/www.kaduk-bauelemente.de\/leistungen\/zaunbau-uelzen\/\">Zaunbau Uelzen<\/a>, <a href=\"https:\/\/www.kaduk-bauelemente.de\/leistungen\/raffstores-lueneburg\/\">Raffstores L\u00fcneburg<\/a>, <a href=\"https:\/\/www.kaduk-bauelemente.de\/leistungen\/markisen-adendorf\/\">Markisen Adendorf<\/a>, <a href=\"https:\/\/www.kaduk-bauelemente.de\/leistungen\/kunststofffenster-harburg\/\">Kunststofffenster Harburg<\/a>, <a href=\"https:\/\/www.kaduk-bauelemente.de\/leistungen\/terrassenueberdachungen-aus-aluminium-bardowick\/\">Terrassen\u00fcberdachungen aus Aluminium Bardowick<\/a>, <a href=\"https:\/\/www.kaduk-bauelemente.de\/leistungen\/zaunbau-boizenburg\/\">Zaunbau Boizenburg<\/a>, <a href=\"https:\/\/www.kaduk-bauelemente.de\/leistungen\/garagen-maschen\/\">Garagen Maschen<\/a>, <a href=\"https:\/\/www.kaduk-bauelemente.de\/leistungen\/aussenjalousien-uelzen\/\">Au\u00dfenjalousien Uelzen<\/a>, <a href=\"https:\/\/www.kaduk-bauelemente.de\/leistungen\/terrassenueberdachungen-aus-holz-buchholz\/\">Terrassen\u00fcberdachungen aus Holz Buchholz<\/a>, <a href=\"https:\/\/www.kaduk-bauelemente.de\/leistungen\/terrassenueberdachungen-aus-holz-bispingen\/\">Terrassen\u00fcberdachungen aus Holz Bispingen<\/a>, <a href=\"https:\/\/www.kaduk-bauelemente.de\/leistungen\/aussenjalousien-geesthacht\/\">Au\u00dfenjalousien Geesthacht<\/a>, <a href=\"https:\/\/www.kaduk-bauelemente.de\/leistungen\/rolltore-amelinghausen\/\">Rolltore Amelinghausen<\/a>, <a href=\"https:\/\/www.kaduk-bauelemente.de\/leistungen\/holzfenster-winsen-luhe\/\">Holzfenster Winsen Luhe<\/a>, <a href=\"https:\/\/www.kaduk-bauelemente.de\/leistungen\/holzfenster-bienenbuettel\/\">Holzfenster Bienenb\u00fcttel<\/a>, <a href=\"https:\/\/www.kaduk-bauelemente.de\/leistungen\/raffstores-ebstorf\/\">Raffstores Ebstorf<\/a>, <a href=\"https:\/\/www.kaduk-bauelemente.de\/leistungen\/insektenschutz-jesteburg\/\">Insektenschutz Jesteburg<\/a>, <a href=\"https:\/\/www.kaduk-bauelemente.de\/leistungen\/holzfenster-adendorf\/\">Holzfenster Adendorf<\/a>, <a href=\"https:\/\/www.kaduk-bauelemente.de\/leistungen\/aussenjalousien-bardowick\/\">Au\u00dfenjalousien Bardowick<\/a>, <a href=\"https:\/\/www.kaduk-bauelemente.de\/leistungen\/markisen-amt-neuhaus\/\">Markisen Amt Neuhaus<\/a>, <a href=\"https:\/\/www.kaduk-bauelemente.de\/leistungen\/insektenschutz-bispingen\/\">Insektenschutz Bispingen<\/a>, <a href=\"https:\/\/www.kaduk-bauelemente.de\/leistungen\/holzfenster-bergedorf-wentorf\/\">Holzfenster Bergedorf Wentorf<\/a>, <a href=\"https:\/\/www.kaduk-bauelemente.de\/leistungen\/rolltore-seevetal-rosengarten\/\">Rolltore Seevetal Rosengarten<\/a>, <a href=\"https:\/\/www.kaduk-bauelemente.de\/leistungen\/rolllaeden-reppenstedt\/\">Rolll\u00e4den Reppenstedt<\/a>, <a href=\"https:\/\/www.kaduk-bauelemente.de\/leistungen\/raffstores-jesteburg\/\">Raffstores Jesteburg<\/a>"},"_links":{"self":[{"href":"https:\/\/www.kaduk-bauelemente.de\/leistungen\/wp-json\/wp\/v2\/pages\/4555","targetHints":{"allow":["GET"]}}],"collection":[{"href":"https:\/\/www.kaduk-bauelemente.de\/leistungen\/wp-json\/wp\/v2\/pages"}],"about":[{"href":"https:\/\/www.kaduk-bauelemente.de\/leistungen\/wp-json\/wp\/v2\/types\/page"}],"author":[{"embeddable":true,"href":"https:\/\/www.kaduk-bauelemente.de\/leistungen\/wp-json\/wp\/v2\/users\/1"}],"replies":[{"embeddable":true,"href":"https:\/\/www.kaduk-bauelemente.de\/leistungen\/wp-json\/wp\/v2\/comments?post=4555"}],"version-history":[{"count":0,"href":"https:\/\/www.kaduk-bauelemente.de\/leistungen\/wp-json\/wp\/v2\/pages\/4555\/revisions"}],"wp:attachment":[{"href":"https:\/\/www.kaduk-bauelemente.de\/leistungen\/wp-json\/wp\/v2\/media?parent=4555"}],"curies":[{"name":"wp","href":"https:\/\/api.w.org\/{rel}","templated":true}]}}