{"id":4550,"date":"2021-08-25T12:19:25","date_gmt":"2021-08-25T10:19:25","guid":{"rendered":"https:\/\/www.kaduk-bauelemente.de\/leistungen\/sektionaltore-adendorf\/"},"modified":"2021-08-25T12:19:25","modified_gmt":"2021-08-25T10:19:25","slug":"sektionaltore-adendorf","status":"publish","type":"page","link":"https:\/\/www.kaduk-bauelemente.de\/leistungen\/sektionaltore-adendorf\/","title":{"rendered":"Sektionaltore &#8211; Adendorf"},"content":{"rendered":"<h3>Sektionaltore &#8211; wir beraten Sie gerne<\/h3>\n<p>Eine Garage ist ein gesch\u00fctzter Unterstand f\u00fcr Ihr Auto. Leichtl\u00e4ufige Garagentore mit automatisierter F\u00fchrung z\u00e4hlen mittlerweile zum Standardrepertoire von Wohn- und Gesch\u00e4ftsimmobilien. Zu den meistnachgefragtesten Garagentoren geh\u00f6ren ohne Zweifel Modelle mit Fernbedienung und Deckenlaufsystem. In unserem Produktsortiment finden sich sowohl Rolltore als auch praktische Sektionaltore.<\/p>\n<p>Ein Sektionaltor erf\u00fcllt selbst h\u00f6chste Sicherheitsanspr\u00fcche und \u00fcberzeugt dar\u00fcber hinaus durch eine sehr gute Verarbeitung und Bedienbarkeit. Das Tor besteht aus gr\u00f6\u00dferen, \u00fcber Scharniere verbundene Einzelelemente, die sich beim \u00d6ffnen einfach unter das Garagendach schieben. Diese Elemente werden auch als Sektionen bezeichnet \u2013 daher der Name. Mit einem zur Gestaltung der Immobilie passenden Sektionaltor f\u00fcgen Sie Ihrem Wohn- oder Gesch\u00e4ftshaus ein gestalterisches Highlight hinzu. <\/p>\n<h3>Kaduk Bauelemente f\u00fchrt stabile Sektionaltore<\/h3>\n<p>W\u00e4hlen Sie einfach nach Ihren pers\u00f6nlichen Vorlieben unter unterschiedlichen Farben, Oberfl\u00e4chen und Materialien. Jedes Sektionaltor ist ist im Lauf ger\u00e4uscharm, beinahe wartungsfrei und maximal gesch\u00fctzt vor Feuchtigkeit und Rost. Selbstverst\u00e4ndlich werden bei der Produktion nur hochwertigste Materialien genutzt. \u00c4u\u00dferlich wunderbar elegant und schlicht gestaltet, verbirgt sich im Inneren der Garage eine raffinierte technische L\u00f6sung. Sicherheit und Funktionalit\u00e4t gehen beim Sektionaltor eine gewinnbringende Verbindung ein. Sektionaltore \u00fcberzeugen dar\u00fcber hinaus durch eine sehr gute W\u00e4rmed\u00e4mmung.<\/p>\n","protected":false},"excerpt":{"rendered":"<p>Sektionaltore &#8211; wir beraten Sie gerne Eine Garage ist ein gesch\u00fctzter Unterstand f\u00fcr Ihr Auto. Leichtl\u00e4ufige Garagentore mit automatisierter F\u00fchrung z\u00e4hlen mittlerweile zum Standardrepertoire von Wohn- und Gesch\u00e4ftsimmobilien. Zu den meistnachgefragtesten Garagentoren geh\u00f6ren ohne Zweifel Modelle mit Fernbedienung und Deckenlaufsystem. In unserem Produktsortiment finden sich sowohl Rolltore als auch praktische Sektionaltore. Ein Sektionaltor erf\u00fcllt selbst [&hellip;]<\/p>\n","protected":false},"author":1,"featured_media":0,"parent":0,"menu_order":0,"comment_status":"closed","ping_status":"closed","template":"","meta":{"footnotes":""},"class_list":["post-4550","page","type-page","status-publish","hentry"],"meta_box":{"popseo_subtitel":"Wir sind Ihr Fachunternehmen f\u00fcr Sektionaltore im Raum Adendorf","popseo_subtitel2":"Sektionaltore - sicher und attraktiv","popseo_lasttitel":"Sektionaltore: Gerne beantworten wir Ihre Fragen!","popseo_region":"Adendorf","popseo_sachwort":"Sektionaltore","popseo_noupdate":"","popseo_einleitungstext":"<p>Wenn es um Sonnenschutz und Sicherheit geht, sind Sie bei der Firma Kaduk genau an der richtigen Adresse. Seit Unternehmensgr\u00fcndung sind wir Ihr lokaler Fachbetrieb f\u00fcr qualitativ hochwertige Bauelemente. Zu unserem Produktsortiment z\u00e4hlen unter anderem Rolltore, Terrassend\u00e4cher, Markisen, Au\u00dfenjalousien, T\u00fcren, Fenster, Carports und Rolll\u00e4den. Wir \u00fcbernehmen Reparatur- und Montagearbeiten und zeigen Ihnen, wie Sie Ihre Wohn- oder Gesch\u00e4ftsgeb\u00e4ude mit modernen Bauelementen ausstatten k\u00f6nnen. Im Folgenden haben wir einige erste Informationen f\u00fcr Sie notiert.<\/p>","popseo_schlusstext":"<p>Wir stellen uns h\u00f6chsten Anspr\u00fcchen und freuen uns \u00fcber die Zufriedenheit der Immobilienbesitzer. Know-how, Zuverl\u00e4ssigkeit und Fachkompetenz sorgen f\u00fcr erfolgreich realisierte Sicherheits- und Sonnenschutzprojekte zum Vorteil unserer Auftraggeber. Die Zufriedenheit unserer Kunden steht f\u00fcr uns immer im Vordergrund}. Unsere Experten freuen sich \u00fcber Ihre Kontaktaufnahme, egal ob per Anruf oder E-Mail.<\/p>","popseo_stadttext":"<h3>Unser Einzugsbereich umfasst auch Adendorf<\/h3>\n<p>Unser Einzugsgebiet umfasst auch Adendorf. Durch unsere T\u00e4tigkeit haben wir uns einen sehr guten \u00dcberblick \u00fcber die Architektur der Gemeinden und St\u00e4dte unseres Vertriebsgebietes machen k\u00f6nnen. Wir f\u00fchlen uns der Region verpflichtet und freuen uns dar\u00fcber, auch unseren Anteil zur ausgezeichneten Infrastruktur der Gemeinde beizusteuern zu d\u00fcrfen.  <\/p>\n<h3>Wissenswertes \u00fcber Adendorf<\/h3><br \/>\nAdendorf befindet sich rund vier Kilometer von L\u00fcneburg entfernt zwischen dem Elbe-Seitenkanal und der Illmenau. Etwas weniger als 11.000 Menschen wohnen in Aldendorf auf einer Fl\u00e4che von rund 16 km\u00b2. Die Wirtschaft der Gemeinde wird dominiert von kleinen und mittelst\u00e4ndischen Firmen aus den Bereichen Dienstleistung und Handwerk. Den charmanten kleinen Ort erreicht man mit dem Auto \u00fcber die Bundesstra\u00dfe 209. Aldendorf verf\u00fcgt au\u00dferdem \u00fcber eine Anschlussstelle an die Bundesautobahn 39. Der Personennahverkehr wird \u00fcber verschiedene Busverbindungen sichergestellt. Das Umland lockt zu Exkursionen ins Gr\u00fcne. Die Baustruktur in der Region ist \u00fcberwiegend gepr\u00e4gt von einer angenehmen Einzelhausbebauung. Insbesondere junge Familien sch\u00e4tzen das beschauliche Leben in Adendorf.<br \/>\n<h4>Unsere Leistung f\u00fcr qualit\u00e4tsbewusste Kunden aus Adendorf<\/h4>\n<p>Sie wohnen in Adendorf und interessieren sich f\u00fcr unser Angebot. Toll, dass Sie uns hier auf dieser Website entdeckt haben. F\u00fcr R\u00fcckfragen sind wir jederzeit f\u00fcr Sie da. Auf Ihre Anfragen freuen wir uns.<\/p>","popseo_zusatztext":"<h3>Kaduk Bauelemente \u2013 Ihr Fachbetrieb f\u00fcr Sicht- und Sonnenschutz<\/h3>\n<p>Setzen Sie bei Sicherheit und Sonnenschutz unbedingt auf die sachliche Leistung vom Fachbetrieb. Nur ein Fachbetrieb kennt die Tricks und Tipps, wie man zu einem sachgerechten Ergebnis kommt. Um sich mit Fug und Recht Fachbetrieb nennen zu d\u00fcrfen, braucht es eine qualifizierte Ausbildung der Mitarbeiter und eine langj\u00e4hrige Berufserfahrung.  <\/p>\n<p>Unser Betrieb empfiehlt sich als Ihr fachkundiger Fachbetrieb f\u00fcr Sonnenschutz und Sicherheit. Erreichen Sie Ihr Ziel und schenken Sie unserem Fachbetrieb Ihr Vertrauen. Wir bieten Ihnen unter anderem hochqualitative Rolll\u00e4den und Markisen und legen allerh\u00f6chsten Wert auf einen sehr guten Service. Schon seit vielen Jahren sind wir qualifizierter Fachbetrieb f\u00fcr Rolll\u00e4den, Markisen, Terrassend\u00e4cher und Au\u00dfenjalousien im Raum L\u00fcneburg. Es ist uns ein Anliegen, dass Sie lange viel Freude an Ihrem Sicht und Sonnenschutz haben. Von einem Fachbetrieb d\u00fcrfen Sie selbstverst\u00e4ndlich eine fehlerfreie Top-Leistung erwarten.<\/p>\n<h3>Dirk Kaduk Bauelemente \u2013 Ihr Fachbetrieb f\u00fcr Sicherheit und Sonnenschutz<\/h3>\n<p>Als Fachbetrieb darf sich eine Firma bezeichnen, deren Angestellte \u00fcber dokumentierte Qualifikationen verf\u00fcgen. Dies ist zum Beispiel eine entsprechende Berufsausbildung oder ein Meisterbrief. Auch zeichnet eine langj\u00e4hrige praktische Erfahrung einen Fachbetrieb aus. Schon seit vielen Jahren konzentrieren wir uns als spezialisiertes Unternehmen auf Sonnenschutz und Sicherheit von H\u00e4usern. In diesen vielen Jahren haben wir uns das Attribut Fachbetrieb sicherlich verdient. Wir verarbeiten ausschlie\u00dflich qualitativ hochwertige Artikel. Dabei achten wir stets auf ein angemessenes Preis-Leistungsverh\u00e4ltnis. Unser Versprechen als Fachbetrieb: Wir bieten Ihnen 1a-Leistung zu einem sehr guten Preis.<\/p>","popseo_links":"<a href=\"https:\/\/www.kaduk-bauelemente.de\/leistungen\/aussenjalousien-tostedt-sittensen\/\">Au\u00dfenjalousien Tostedt Sittensen<\/a>, <a href=\"https:\/\/www.kaduk-bauelemente.de\/leistungen\/garagen-reinbek-glinde\/\">Garagen Reinbek Glinde<\/a>, <a href=\"https:\/\/www.kaduk-bauelemente.de\/leistungen\/markisen-bad-bevensen\/\">Markisen Bad Bevensen<\/a>, <a href=\"https:\/\/www.kaduk-bauelemente.de\/leistungen\/garagentore-buechen\/\">Garagentore B\u00fcchen<\/a>, <a href=\"https:\/\/www.kaduk-bauelemente.de\/leistungen\/terrassendaecher-aus-aluminium-harburg\/\">Terrassend\u00e4cher aus Aluminium Harburg<\/a>, <a href=\"https:\/\/www.kaduk-bauelemente.de\/leistungen\/holzfenster-buchholz\/\">Holzfenster Buchholz<\/a>, <a href=\"https:\/\/www.kaduk-bauelemente.de\/leistungen\/fenster-geesthacht\/\">Fenster Geesthacht<\/a>, <a href=\"https:\/\/www.kaduk-bauelemente.de\/leistungen\/raffstores-bardowick\/\">Raffstores Bardowick<\/a>, <a href=\"https:\/\/www.kaduk-bauelemente.de\/leistungen\/rolllaeden-maschen\/\">Rolll\u00e4den Maschen<\/a>, <a href=\"https:\/\/www.kaduk-bauelemente.de\/leistungen\/fliegengitter-bad-bevensen\/\">Fliegengitter Bad Bevensen<\/a>, <a href=\"https:\/\/www.kaduk-bauelemente.de\/leistungen\/zaeune-seevetal-rosengarten\/\">Z\u00e4une Seevetal Rosengarten<\/a>, <a href=\"https:\/\/www.kaduk-bauelemente.de\/leistungen\/rollladen-jesteburg\/\">Rollladen Jesteburg<\/a>, <a href=\"https:\/\/www.kaduk-bauelemente.de\/leistungen\/tueren-harburg\/\">T\u00fcren Harburg<\/a>, <a href=\"https:\/\/www.kaduk-bauelemente.de\/leistungen\/kunststofffenster-bad-bevensen\/\">Kunststofffenster Bad Bevensen<\/a>, <a href=\"https:\/\/www.kaduk-bauelemente.de\/leistungen\/haustueren-bardowick\/\">Haust\u00fcren Bardowick<\/a>, <a href=\"https:\/\/www.kaduk-bauelemente.de\/leistungen\/terrassenueberdachungen-aus-holz-schwarzenbek\/\">Terrassen\u00fcberdachungen aus Holz Schwarzenbek<\/a>, <a href=\"https:\/\/www.kaduk-bauelemente.de\/leistungen\/fliegengitter-tostedt-sittensen\/\">Fliegengitter Tostedt Sittensen<\/a>, <a href=\"https:\/\/www.kaduk-bauelemente.de\/leistungen\/garagentore-boizenburg\/\">Garagentore Boizenburg<\/a>, <a href=\"https:\/\/www.kaduk-bauelemente.de\/leistungen\/kunststofffenster-amt-neuhaus\/\">Kunststofffenster Amt Neuhaus<\/a>, <a href=\"https:\/\/www.kaduk-bauelemente.de\/leistungen\/zaeune-salzhausen\/\">Z\u00e4une Salzhausen<\/a>, <a href=\"https:\/\/www.kaduk-bauelemente.de\/leistungen\/carports-amelinghausen\/\">Carports Amelinghausen<\/a>, <a href=\"https:\/\/www.kaduk-bauelemente.de\/leistungen\/zaeune-amt-neuhaus\/\">Z\u00e4une Amt Neuhaus<\/a>, <a href=\"https:\/\/www.kaduk-bauelemente.de\/leistungen\/zaunbau-hanstedt\/\">Zaunbau Hanstedt<\/a>, <a href=\"https:\/\/www.kaduk-bauelemente.de\/leistungen\/rolltore-reinbek-glinde\/\">Rolltore Reinbek Glinde<\/a>, <a href=\"https:\/\/www.kaduk-bauelemente.de\/leistungen\/garagen-bad-bevensen\/\">Garagen Bad Bevensen<\/a>, <a href=\"https:\/\/www.kaduk-bauelemente.de\/leistungen\/carports-geesthacht\/\">Carports Geesthacht<\/a>"},"_links":{"self":[{"href":"https:\/\/www.kaduk-bauelemente.de\/leistungen\/wp-json\/wp\/v2\/pages\/4550","targetHints":{"allow":["GET"]}}],"collection":[{"href":"https:\/\/www.kaduk-bauelemente.de\/leistungen\/wp-json\/wp\/v2\/pages"}],"about":[{"href":"https:\/\/www.kaduk-bauelemente.de\/leistungen\/wp-json\/wp\/v2\/types\/page"}],"author":[{"embeddable":true,"href":"https:\/\/www.kaduk-bauelemente.de\/leistungen\/wp-json\/wp\/v2\/users\/1"}],"replies":[{"embeddable":true,"href":"https:\/\/www.kaduk-bauelemente.de\/leistungen\/wp-json\/wp\/v2\/comments?post=4550"}],"version-history":[{"count":0,"href":"https:\/\/www.kaduk-bauelemente.de\/leistungen\/wp-json\/wp\/v2\/pages\/4550\/revisions"}],"wp:attachment":[{"href":"https:\/\/www.kaduk-bauelemente.de\/leistungen\/wp-json\/wp\/v2\/media?parent=4550"}],"curies":[{"name":"wp","href":"https:\/\/api.w.org\/{rel}","templated":true}]}}