{"id":4541,"date":"2021-08-25T12:19:25","date_gmt":"2021-08-25T10:19:25","guid":{"rendered":"https:\/\/www.kaduk-bauelemente.de\/leistungen\/rolltore-reinbek-glinde\/"},"modified":"2021-08-25T12:19:25","modified_gmt":"2021-08-25T10:19:25","slug":"rolltore-reinbek-glinde","status":"publish","type":"page","link":"https:\/\/www.kaduk-bauelemente.de\/leistungen\/rolltore-reinbek-glinde\/","title":{"rendered":"Rolltore &#8211; Reinbek Glinde"},"content":{"rendered":"<h3>Wir beantworten Ihre Fragen zu Rolltoren<\/h3>\n<p>Rolltore funktionieren nach einem einfachen Prinzip: Die jeweiligen Einzelelemente sind bewegbar und k\u00f6nnen entweder manuell oder automatisch hoch- und runtergefahren werden. Fachgerecht montiert, bieten Rolltore einen einwandfreien und einbruchshemmenden Verschluss f\u00fcr eine Garage oder einen Nutzrauml. F\u00fcr welche Art von Rolltor Sie sich letztendlich entscheiden: Die Park- und Nutzfl\u00e4che in der Garage oder dem betreffenden Nutzraum wird auf jeden Fall optimal genutzt. Um Ihnen ein individuelles Angebot f\u00fcr geeignete Rolltore ausarbeiten zu k\u00f6nnen, begutachten wir Ihre Garage dazu auch direkt vor Ort. <\/p>\n<h3>Rolltore \u2013 sicher, haltbar und von hoher Qualit\u00e4t!<\/h3>\n<p>Die Fachleute unserer Handwerksfirma unterbreiten Ihnen gerne unterschiedliche Vorschl\u00e4ge. Ihre Vorstellungen und W\u00fcnsche stehen dabei grunds\u00e4tzlich an erster Stelle. In unserer Ausstellung zeigen wir Ihnen montags bis freitags zwischen 9.00 und 18.00 Uhr sowie samstags zwischen 9:00 und 13:00 Uhr eine gro\u00dfe Anzahl von L\u00f6sungsalternativen.<br \/>\nNat\u00fcrlich sind wir auch in Sachen Instandsetzung, Wartung und Reparatur Ihre erste Adresse.<\/p>\n","protected":false},"excerpt":{"rendered":"<p>Wir beantworten Ihre Fragen zu Rolltoren Rolltore funktionieren nach einem einfachen Prinzip: Die jeweiligen Einzelelemente sind bewegbar und k\u00f6nnen entweder manuell oder automatisch hoch- und runtergefahren werden. Fachgerecht montiert, bieten Rolltore einen einwandfreien und einbruchshemmenden Verschluss f\u00fcr eine Garage oder einen Nutzrauml. F\u00fcr welche Art von Rolltor Sie sich letztendlich entscheiden: Die Park- und Nutzfl\u00e4che [&hellip;]<\/p>\n","protected":false},"author":1,"featured_media":0,"parent":0,"menu_order":0,"comment_status":"closed","ping_status":"closed","template":"","meta":{"footnotes":""},"class_list":["post-4541","page","type-page","status-publish","hentry"],"meta_box":{"popseo_subtitel":"Wir sind Ihr erfahrener Fachbetrieb f\u00fcr Rolltore in Reinbek Glinde","popseo_subtitel2":"Rolltore - setzen Sie auf unsere Expertise","popseo_lasttitel":"Rolltore: Unsere Experten beantworten Ihre Fragen","popseo_region":"Reinbek Glinde","popseo_sachwort":"Rolltore","popseo_noupdate":"","popseo_einleitungstext":"<p>Wenn es um Sonnenschutz und Sicherheit geht, sind Sie bei der Firma Dirk Kaduk Bauelemte genau an der richtigen Adresse. Seit Firmengr\u00fcndung sind wir Ihr lokaler Fachbetrieb f\u00fcr hochwertige Bauelemente. Zu unserem Produktangebot z\u00e4hlen zum Beispiel Markisen, Terrassend\u00e4cher, Rolltore, Fenster, Au\u00dfenjalousien, T\u00fcren, Rolll\u00e4den und Carports. Wir erledigen Montage- und Reparaturarbeiten und zeigen Ihnen M\u00f6glichkeiten auf, wie Sie Ihr Gesch\u00e4fts- oder Wohnhaus mit modernen Bauelementen ausr\u00fcsten k\u00f6nnen. Auf diesen Seiten haben wir einige erste Informationen f\u00fcr Sie zusammengetragen.<\/p>","popseo_schlusstext":"<p>Sie ben\u00f6tigen einen Experten f\u00fcr moderne Sonnenschutz- und Sicherheitsl\u00f6sungen. Dann kontaktieren Sie uns bitte schnell. Wir freuen uns auf das Gespr\u00e4ch mit Ihnen. Wenn es um Bauelemente geht, sind wir Ihr qualifizierter Handwerks- und Handelspartner. Wir garantieren hochwertige Produkte und eine einwandfrei durchgef\u00fchrte Arbeit nach dem stets neuesten Stand der Technik.<\/p>","popseo_stadttext":"<h3>Unser Leistungsprogramm f\u00fcr Kunden aus Reinbek und Glinde<\/h3>\n<p>Wir betreuen Kunden aus dem Raum Reinbek und Glinde. Durch unsere Vertriebst\u00e4tigkeit haben wir uns einen sehr guten \u00dcberblick \u00fcber die Stadtarchitektur der St\u00e4dte und Gemeinden unseres Einzugsbereiches machen k\u00f6nnen. Nat\u00fcrlich geh\u00f6rt auch Reinbek zu unserem unmittelbaren Wirkungskreis. Wir freuen uns darauf, mit Ihnen ins Gespr\u00e4ch zu treten. <\/p>\n<h3>Einige Details zu Reinbek und Glinde<\/h3>\n<p>Die schleswig-holsteinische Stadt Reinbek befindet sich im Kreis Stormarn. Aktuell z\u00e4hlt Reinbek gut 26.000 Anwohner. Das Stadtgebiet hat ein Ausdehnungsgebiet von gut 31 Quadratkilometer. Reinbek rechnet man zur Metropolregion Hamburg und liegt ungef\u00e4hr 20 Kilometer \u00f6stlich der Freien und Hansestadt Hamburg. Die Stadt Reinbek ist an die Hamburger S-Bahn-Linie S21 angeschlossen. Der g\u00fcnstige Fahrweg von kaum mehr als 25 Minuten macht Reinbek in erster Line attraktiv f\u00fcr Pendler nach Hamburg. Wer seinen Arbeitsplatz in Gro\u00dfstadt Hamburg hat, genie\u00dft mit dem Wohnort Reinbek das Beste aus zwei Welten: Das bunte Treiben der Gro\u00dfstadt findet in der ruhigen Wohnumgebung von Reinbek seinen Gegenpol. <\/p>\n<p>Glinde ist eine Stadt im S\u00fcden Schleswig-Holsteins, in der Metropolregion Hamburg, \u00fcber 20 Kilometer s\u00fcd\u00f6stlich vom Hamburger Stadtkern entfernt. Aufgrund der ausgezeichneten Infrastruktur hat sich Glinde zu einem hervorragenden Wohn- und Lebensmittelpunkt entwickelt, obwohl inzwischen weit \u00fcber die H\u00e4lfte des Stadtgebietes von Glinde landwirtschaftlich genutzt wird oder aus Park- oder Wasserfl\u00e4chen besteht. Rund 33 Prozent der gesamten Stadtfl\u00e4che stehen in Glinde f\u00fcr den Wohnungsbau und f\u00fcr die gewerbliche Nutzung bereit.  <\/p>\n<h3>Reizvolle Gemeinden Reinbek und Glinde!<\/h3>\n<p>Die Stadtstruktur Reinbeks besteht mehrheitlich aus zahlreichen Einfamilienh\u00e4usern, welche ihren Besitzern einen sehr hohen Lebenskomfort gew\u00e4hrleisten. Reinbek zeichnet sich neben der hohen Wohnqualit\u00e4t auch durch seine gro\u00dfe wirtschaftliche Produktivit\u00e4t aus. Wer das Auto bevorzugt, findet in Reinbek ebenfalls gute Bedingungen: Die Autobahnen A24 und A1 sowie die Bundesstra\u00dfe B5 liegen nur unweit von Reinbek. Auf der Landstra\u00dfe gelangt man \u00fcber Neusch\u00f6nningstedt nach Reinbek. <\/p>\n<h4>Unsere Leistung f\u00fcr qualit\u00e4tsbewusste Kunden aus Reinbek und Glinde<\/h4>\n<p>Prima, dass Sie uns hier auf dieser Website entdeckt haben. Wenn Sie eine erfahrene Fachfirma ben\u00f6tigen, sind Sie bei uns an der richtigen Adresse. Sie m\u00f6chten mehr \u00fcber uns erfahren? F\u00fcr R\u00fcckfragen stehen wir Ihnen jederzeit zur Verf\u00fcgung. Auf Ihre Anfragen freuen wir uns.<\/p>","popseo_zusatztext":"<h3>G\u00fcnstig und preiswert \u2013 Leistung vom Fachbetrieb<\/h3>\n<p>Bauelemente m\u00fcssen h\u00f6chsten Erwartungen standhalten. Gleichwohl soll es g\u00fcnstig und preiswert sein. Das muss absolut kein Widerspruch sein. <\/p>\n<p>Als Fachbetrieb f\u00fcr Sonnenschutz und Sicherheit verwenden wir ausnahmslos ausgezeichnete Erzeugnisse. Nichtsdestotrotz achten wir immer auf ein angemessenes Preis-Leistungsverh\u00e4ltnis. Wir m\u00f6chten Ihnen Spitzenqualit\u00e4t anbieten, die gleichzeitig auch g\u00fcnstig und preiswert ist. Geben Sie Ihrem Zuhause g\u00fcnstig und preiswert das besondere Plus an Qualit\u00e4t. Rolll\u00e4den und Markisen oder andere Sonnenschutzl\u00f6sungen sehen nicht nur schmuck aus, sie leisten auch einen bedeutsamen Anteil zur W\u00e4rmed\u00e4mmung.  <\/p>\n<h3>G\u00fcnstig und preiswert \u2013 trotzdem individuell und schick<\/h3>\n<p>D\u00fcrfen wir Sie informieren, wie Sie g\u00fcnstig und preiswert einen optimalen Sonnenschutz f\u00fcr Ihr Haus verwirklichen? Klasse, dann z\u00f6gern Sie bitte nicht und nehmen am besten sofort heute noch Kontakt mit uns auf. Ein kurzer Telefonanruf oder auch eine schnelle E-Mail gen\u00fcgen. Gerne informieren Sie unsere perfekt ausgebildeten Mitarbeiter \u00fcber die verschiedenen M\u00f6glichkeiten, wie Sie Ihr Zuhause g\u00fcnstig und preiswert mit Markisen und Rolll\u00e4den oder anderen Sonnenschutzprodukten ausstatten. Wir freuen uns auf das Gespr\u00e4ch mit Ihnen. <\/p>\n<h4>Top-Qualit\u00e4t g\u00fcnstig und preiswert<\/h4>\n<p>Z\u00e4hlen Sie beim Thema Sonnenschutz und Sicherheit auf den Spezialisten. Nur ein Fachbetrieb kennt die unterschiedlichen M\u00f6glichkeiten, wie Sie g\u00fcnstig und preiswert, trotzdem qualitativ spitze einen perfekten Sonnenschutz erreichen. Qualit\u00e4tsbewusst, g\u00fcnstig und preiswert: Wir empfehlen uns als spezialisiertes Fachunternehmen im Norden. Unsere langj\u00e4hrige Erfahrung spricht f\u00fcr uns.<\/p>","popseo_links":"<a href=\"https:\/\/www.kaduk-bauelemente.de\/leistungen\/fenster-amelinghausen\/\">Fenster Amelinghausen<\/a>, <a href=\"https:\/\/www.kaduk-bauelemente.de\/leistungen\/tueren-buechen\/\">T\u00fcren B\u00fcchen<\/a>, <a href=\"https:\/\/www.kaduk-bauelemente.de\/leistungen\/sektionaltore-stelle\/\">Sektionaltore Stelle<\/a>, <a href=\"https:\/\/www.kaduk-bauelemente.de\/leistungen\/tueren-adendorf\/\">T\u00fcren Adendorf<\/a>, <a href=\"https:\/\/www.kaduk-bauelemente.de\/leistungen\/terrassendaecher-aus-aluminium-jesteburg\/\">Terrassend\u00e4cher aus Aluminium Jesteburg<\/a>, <a href=\"https:\/\/www.kaduk-bauelemente.de\/leistungen\/terrassendaecher-aus-holz-salzhausen\/\">Terrassend\u00e4cher aus Holz Salzhausen<\/a>, <a href=\"https:\/\/www.kaduk-bauelemente.de\/leistungen\/holzfenster-winsen-luhe\/\">Holzfenster Winsen Luhe<\/a>, <a href=\"https:\/\/www.kaduk-bauelemente.de\/leistungen\/insektenschutz-adendorf\/\">Insektenschutz Adendorf<\/a>, <a href=\"https:\/\/www.kaduk-bauelemente.de\/leistungen\/terrassenueberdachungen-aus-holz-amelinghausen\/\">Terrassen\u00fcberdachungen aus Holz Amelinghausen<\/a>, <a href=\"https:\/\/www.kaduk-bauelemente.de\/leistungen\/terrassenueberdachungen-aus-aluminium-uelzen\/\">Terrassen\u00fcberdachungen aus Aluminium Uelzen<\/a>, <a href=\"https:\/\/www.kaduk-bauelemente.de\/leistungen\/terrassenueberdachungen-aus-aluminium-bardowick\/\">Terrassen\u00fcberdachungen aus Aluminium Bardowick<\/a>, <a href=\"https:\/\/www.kaduk-bauelemente.de\/leistungen\/garagentore-herzogtum-lauenburg\/\">Garagentore Herzogtum Lauenburg<\/a>, <a href=\"https:\/\/www.kaduk-bauelemente.de\/leistungen\/kunststofffenster-herzogtum-lauenburg\/\">Kunststofffenster Herzogtum Lauenburg<\/a>, <a href=\"https:\/\/www.kaduk-bauelemente.de\/leistungen\/tueren-amelinghausen\/\">T\u00fcren Amelinghausen<\/a>, <a href=\"https:\/\/www.kaduk-bauelemente.de\/leistungen\/rollladen-bardowick\/\">Rollladen Bardowick<\/a>, <a href=\"https:\/\/www.kaduk-bauelemente.de\/leistungen\/rollladen-lueneburg\/\">Rollladen L\u00fcneburg<\/a>, <a href=\"https:\/\/www.kaduk-bauelemente.de\/leistungen\/terrassendaecher-aus-holz-buchholz\/\">Terrassend\u00e4cher aus Holz Buchholz<\/a>, <a href=\"https:\/\/www.kaduk-bauelemente.de\/leistungen\/fliegengitter-maschen\/\">Fliegengitter Maschen<\/a>, <a href=\"https:\/\/www.kaduk-bauelemente.de\/leistungen\/terrassendaecher-aus-aluminium-amelinghausen\/\">Terrassend\u00e4cher aus Aluminium Amelinghausen<\/a>, <a href=\"https:\/\/www.kaduk-bauelemente.de\/leistungen\/raffstores-winsen-luhe\/\">Raffstores Winsen Luhe<\/a>, <a href=\"https:\/\/www.kaduk-bauelemente.de\/leistungen\/insektenschutz-bienenbuettel\/\">Insektenschutz Bienenb\u00fcttel<\/a>, <a href=\"https:\/\/www.kaduk-bauelemente.de\/leistungen\/terrassendaecher-aus-aluminium-reppenstedt\/\">Terrassend\u00e4cher aus Aluminium Reppenstedt<\/a>, <a href=\"https:\/\/www.kaduk-bauelemente.de\/leistungen\/raffstores-reinbek-glinde\/\">Raffstores Reinbek Glinde<\/a>, <a href=\"https:\/\/www.kaduk-bauelemente.de\/leistungen\/haustueren-winsen-luhe\/\">Haust\u00fcren Winsen Luhe<\/a>, <a href=\"https:\/\/www.kaduk-bauelemente.de\/leistungen\/markisen-harburg\/\">Markisen Harburg<\/a>, <a href=\"https:\/\/www.kaduk-bauelemente.de\/leistungen\/garagen-lueneburg\/\">Garagen L\u00fcneburg<\/a>"},"_links":{"self":[{"href":"https:\/\/www.kaduk-bauelemente.de\/leistungen\/wp-json\/wp\/v2\/pages\/4541","targetHints":{"allow":["GET"]}}],"collection":[{"href":"https:\/\/www.kaduk-bauelemente.de\/leistungen\/wp-json\/wp\/v2\/pages"}],"about":[{"href":"https:\/\/www.kaduk-bauelemente.de\/leistungen\/wp-json\/wp\/v2\/types\/page"}],"author":[{"embeddable":true,"href":"https:\/\/www.kaduk-bauelemente.de\/leistungen\/wp-json\/wp\/v2\/users\/1"}],"replies":[{"embeddable":true,"href":"https:\/\/www.kaduk-bauelemente.de\/leistungen\/wp-json\/wp\/v2\/comments?post=4541"}],"version-history":[{"count":0,"href":"https:\/\/www.kaduk-bauelemente.de\/leistungen\/wp-json\/wp\/v2\/pages\/4541\/revisions"}],"wp:attachment":[{"href":"https:\/\/www.kaduk-bauelemente.de\/leistungen\/wp-json\/wp\/v2\/media?parent=4541"}],"curies":[{"name":"wp","href":"https:\/\/api.w.org\/{rel}","templated":true}]}}