{"id":4540,"date":"2021-08-25T12:19:25","date_gmt":"2021-08-25T10:19:25","guid":{"rendered":"https:\/\/www.kaduk-bauelemente.de\/leistungen\/rolltore-maschen\/"},"modified":"2021-08-25T12:19:25","modified_gmt":"2021-08-25T10:19:25","slug":"rolltore-maschen","status":"publish","type":"page","link":"https:\/\/www.kaduk-bauelemente.de\/leistungen\/rolltore-maschen\/","title":{"rendered":"Rolltore &#8211; Maschen"},"content":{"rendered":"<h3>Rolltore &#8211; wir beraten Sie gerne<\/h3>\n<p>Rolltore arbeiten nach einem sehr simplen Prinzip: Die einzelnen Einzelelemente sind bewegbar und k\u00f6nnen entweder manuell oder auf Knopfdruck hoch- und runtergefahren werden. Durch den Fachmann installiert, bieten Rolltore einen einwandfreien und sicheren Verschluss f\u00fcr eine Garage oder einen Nutzrauml. F\u00fcr welches Modell vom Rolltor Sie sich letztendlich entscheiden: Die Nutz- und Parkfl\u00e4che in der Garage oder dem betreffenden Nutzraum wird garantiert bestens genutzt. Um Ihnen ein ma\u00dfgeschneidertes Angebot f\u00fcr geeignete Rolltore ausarbeiten zu k\u00f6nnen, besichtigen wir Ihre Garage dazu auch direkt vor Ort. <\/p>\n<h3>Rolltore in gro\u00dfer Auswahl!<\/h3>\n<p>Die Fachleute der Firma Dirk Kaduk Bauelemente machen Ihnen gerne unterschiedliche Empfehlungen. Ihre W\u00fcnsche und Vorstellungen stehen dabei stets an erster Stelle. In unserer Ausstellung zeigen wir Ihnen von Montag bis Freitag in der Zeit von 9.00 und 18.00 Uhr sowie samstags zwischen 9:00 und 13:00 Uhr zahllose L\u00f6sungsalternativen.<br \/>\nNat\u00fcrlich sind wir auch in Sachen Instandsetzung, Wartung und Reparatur Ihr Ansprechpartner.<\/p>\n","protected":false},"excerpt":{"rendered":"<p>Rolltore &#8211; wir beraten Sie gerne Rolltore arbeiten nach einem sehr simplen Prinzip: Die einzelnen Einzelelemente sind bewegbar und k\u00f6nnen entweder manuell oder auf Knopfdruck hoch- und runtergefahren werden. Durch den Fachmann installiert, bieten Rolltore einen einwandfreien und sicheren Verschluss f\u00fcr eine Garage oder einen Nutzrauml. F\u00fcr welches Modell vom Rolltor Sie sich letztendlich entscheiden: [&hellip;]<\/p>\n","protected":false},"author":1,"featured_media":0,"parent":0,"menu_order":0,"comment_status":"closed","ping_status":"closed","template":"","meta":{"footnotes":""},"class_list":["post-4540","page","type-page","status-publish","hentry"],"meta_box":{"popseo_subtitel":"Kaduk Bauelemente ist Ihr erfahrener Experte f\u00fcr Rolltore im Raum Maschen","popseo_subtitel2":"Rolltore - unsere Experten informieren Sie gerne","popseo_lasttitel":"Rolltore: Treten Sie in Kontakt mit uns!","popseo_region":"Maschen","popseo_sachwort":"Rolltore","popseo_noupdate":"","popseo_einleitungstext":"<p>Wenn es um Sicherheit und Sonnenschutz geht, sind Sie bei der Firma Dirk Kaduk Bauelemte genau an der richtigen Adresse. Seit Firmengr\u00fcndung sind wir Ihre lokalen Spezialisten f\u00fcr hochwertige Bauelemente. Zu unserem Produktangebot z\u00e4hlen zum Beispiel Rolltore, Terrassend\u00e4cher, Markisen, Au\u00dfenjalousien, T\u00fcren, Fenster, Rolll\u00e4den und Carports. Wir \u00fcbernehmen Reparatur- und Montagearbeiten und zeigen Ihnen, wie Sie Ihre Wohn- oder Gesch\u00e4ftsgeb\u00e4ude mit modernen Bauelementen ausr\u00fcsten k\u00f6nnen. Im Folgenden haben wir erste Informationen f\u00fcr Sie notiert.<\/p>","popseo_schlusstext":"<p>Gerne informieren wir Sie n\u00e4her \u00fcber unsere Produkte und unser Aufgabenfeld. Wir nennen Ihnen mit Vergn\u00fcgen auch einige Projekte, die Ihnen einen Einblick in unsere Unternehmenst\u00e4tigkeit geben.<br \/>\nVertrauen Sie auf das Urteil eines erfahrenen Fachbetriebes. Rufen Sie uns doch einfach einmal an oder senden Sie uns eine schnelle E-Mail. Wir freuen uns auf den Kontakt zu Ihnen.<\/p>","popseo_stadttext":"<h3>Unser Produktsortiment f\u00fcr Kunden aus Maschen<\/h2>\n<p>Unser Gesch\u00e4ftsbereich umfasst auch Maschen. Durch unsere Gesch\u00e4ftst\u00e4tigkeit haben wir uns einen ausgezeichneten \u00dcberblick \u00fcber die Stadtarchitektur der Gemeinden und St\u00e4dte unseres Vertriebsgebietes machen k\u00f6nnen. Wir f\u00fchlen uns der Region verpflichtet und sind stolz darauf, auch unseren Anteil zur ausgezeichneten Infrastruktur der Gemeinde beizusteuern zu k\u00f6nnen.  <\/p>\n<h3>Lebensmittelpunkt Maschen<\/h3>\n<p>In der zum Landkreis Harburg geh\u00f6renden Gemeinde Maschen leben in Summe ca. 9.000 Anwohner. Direkt an Hamburg angrenzend, z\u00e4hlt Maschen zum sog. \u201eSpeckg\u00fcrtel\u201c der Elbmetropole. Die Bev\u00f6lkerungsdichte ist durchaus niedrig zu nennen, was den Ort zu einer bevorzugten Wohngegend macht. Maschen ist f\u00fcr Berufspendler sehr gut geeignet. Wer seine Arbeit in der Hansestadt Hamburg hat, genie\u00dft das durchaus entspannte Leben in der Peripherie. Maschen verf\u00fcgt \u00fcber zahlreiche idyllische Wohnviertel, die von einer angenehmen Einzelhausbebauung gepr\u00e4gt sind. Einige sch\u00f6ne Quartiere machen Maschen f\u00fcr viele Menschen besonders anziehend. Leben in einem fast d\u00f6rflichen Umfeld, dabei die Metropole direkt vor der T\u00fcr \u2013 ein Lebensentwurf, der f\u00fcr viele Menschen interessant ist. Eine ganze Reihe W\u00e4lder und Wiesen verleihen dem Ort einen streckenweise fast bukolischen Charakter. <\/p>\n<h4>Wir f\u00fcr Sie in Maschen!<\/h4>\n<p>Sehr gerne \u00fcbernehmen wir auch Arbeiten in Maschen und Umgebung. D\u00fcrfen wir Sie detailliert informieren? Sie erreichen uns telefonisch oder senden Sie uns eine Email. Wir freuen uns auf Sie! Hand in Hand arbeitet das perfekt eingespielte Team unseres Fachbetriebes \u2013 zielorientiert und immer fachlich versiert.<\/p>","popseo_zusatztext":"<h3>G\u00fcnstig und preiswert \u2013 trotzdem perfekte Qualit\u00e4t<\/h3>\n<p>Bauelemente m\u00fcssen h\u00f6chsten Anforderungen gerecht werden. Trotzdem darf es g\u00fcnstig und preiswert sein. Das muss generell kein Gegensatz sein. <\/p>\n<p>Als Fachbetrieb f\u00fcr Sonnenschutz- und Sicherheitsl\u00f6sungen verwenden wir ausnahmslos ausgezeichnete Erzeugnisse. Trotzdem schauen wir stets auf ein passendes Preis-Leistungsverh\u00e4ltnis. Wir m\u00f6chten Ihnen Qualit\u00e4t anbieten, die gleichzeitig auch g\u00fcnstig und preiswert ist. Geben Sie Ihrem Haus g\u00fcnstig und preiswert das gewisse Plus an Qualit\u00e4t. Markisen und Rolll\u00e4den oder andere Sonnenschutzl\u00f6sungen sehen nicht nur hervorragend aus, sie leisten auch einen bedeutenden Beitrag zur W\u00e4rmed\u00e4mmung.  <\/p>\n<h3>G\u00fcnstig und preiswert \u2013 trotzdem individuell und schick<\/h3>\n<p>D\u00fcrfen wir Sie informieren, wie Sie g\u00fcnstig und preiswert einen optimalen Sonnenschutz f\u00fcr Ihr Zuhause umsetzen? Prima, dann warten Sie bitte nicht und nehmen am besten sofort heute noch Verbindung mit uns auf. Ein kurzer Anruf oder auch eine kurze Email gen\u00fcgen. Sehr gerne beraten Sie unsere gut ausgebildeten Profis \u00fcber die verschiedenen M\u00f6glichkeiten, wie Sie Ihr Haus g\u00fcnstig und preiswert mit Markisen und Rolll\u00e4den oder anderen Sonnenschutzprodukten versehen. Wir freuen uns auf das Gespr\u00e4ch mit Ihnen. <\/p>\n<h4>G\u00fcnstig und preiswert \u2013 manchmal macht auch der Preis den Unterschied<\/h4>\n<p>Setzen Sie beim Thema Sonnenschutz und Sicherheit auf den Fachmann. Nur ein Spezialbetrieb kennt die unterschiedlichen Optionen, wie Sie g\u00fcnstig und preiswert, gleichzeitig qualitativ h\u00f6herwertig einen optimalen Sonnenschutz erreichen. Qualit\u00e4tsbewusst, g\u00fcnstig und preiswert: Wir empfehlen uns als spezialisiertes Fachunternehmen im n\u00f6rdlichen Raum. Unsere gro\u00dfe Erfahrung spricht f\u00fcr uns.<\/p>","popseo_links":"<a href=\"https:\/\/www.kaduk-bauelemente.de\/leistungen\/aussenjalousien-winsen-luhe\/\">Au\u00dfenjalousien Winsen Luhe<\/a>, <a href=\"https:\/\/www.kaduk-bauelemente.de\/leistungen\/rolllaeden-tostedt-sittensen\/\">Rolll\u00e4den Tostedt Sittensen<\/a>, <a href=\"https:\/\/www.kaduk-bauelemente.de\/leistungen\/zaeune-lueneburg\/\">Z\u00e4une L\u00fcneburg<\/a>, <a href=\"https:\/\/www.kaduk-bauelemente.de\/leistungen\/kunststofffenster-jesteburg\/\">Kunststofffenster Jesteburg<\/a>, <a href=\"https:\/\/www.kaduk-bauelemente.de\/leistungen\/holzfenster-buchholz\/\">Holzfenster Buchholz<\/a>, <a href=\"https:\/\/www.kaduk-bauelemente.de\/leistungen\/terrassendaecher-aus-holz-herzogtum-lauenburg\/\">Terrassend\u00e4cher aus Holz Herzogtum Lauenburg<\/a>, <a href=\"https:\/\/www.kaduk-bauelemente.de\/leistungen\/holzfenster-bienenbuettel\/\">Holzfenster Bienenb\u00fcttel<\/a>, <a href=\"https:\/\/www.kaduk-bauelemente.de\/leistungen\/fliegengitter-adendorf\/\">Fliegengitter Adendorf<\/a>, <a href=\"https:\/\/www.kaduk-bauelemente.de\/leistungen\/markisen-maschen\/\">Markisen Maschen<\/a>, <a href=\"https:\/\/www.kaduk-bauelemente.de\/leistungen\/garagentore-uelzen\/\">Garagentore Uelzen<\/a>, <a href=\"https:\/\/www.kaduk-bauelemente.de\/leistungen\/rollladen-winsen-luhe\/\">Rollladen Winsen Luhe<\/a>, <a href=\"https:\/\/www.kaduk-bauelemente.de\/leistungen\/terrassendaecher-aus-aluminium-bergedorf-wentorf\/\">Terrassend\u00e4cher aus Aluminium Bergedorf Wentorf<\/a>, <a href=\"https:\/\/www.kaduk-bauelemente.de\/leistungen\/fenster-lueneburg\/\">Fenster L\u00fcneburg<\/a>, <a href=\"https:\/\/www.kaduk-bauelemente.de\/leistungen\/terrassendaecher-aus-holz-geesthacht\/\">Terrassend\u00e4cher aus Holz Geesthacht<\/a>, <a href=\"https:\/\/www.kaduk-bauelemente.de\/leistungen\/garagentore-herzogtum-lauenburg\/\">Garagentore Herzogtum Lauenburg<\/a>, <a href=\"https:\/\/www.kaduk-bauelemente.de\/leistungen\/terrassendaecher-aus-holz-bispingen\/\">Terrassend\u00e4cher aus Holz Bispingen<\/a>, <a href=\"https:\/\/www.kaduk-bauelemente.de\/leistungen\/terrassendaecher-aus-aluminium-bispingen\/\">Terrassend\u00e4cher aus Aluminium Bispingen<\/a>, <a href=\"https:\/\/www.kaduk-bauelemente.de\/leistungen\/kunststofffenster-bardowick\/\">Kunststofffenster Bardowick<\/a>, <a href=\"https:\/\/www.kaduk-bauelemente.de\/leistungen\/rollladen-amt-neuhaus\/\">Rollladen Amt Neuhaus<\/a>, <a href=\"https:\/\/www.kaduk-bauelemente.de\/leistungen\/garagentore-salzhausen\/\">Garagentore Salzhausen<\/a>, <a href=\"https:\/\/www.kaduk-bauelemente.de\/leistungen\/zaeune-herzogtum-lauenburg\/\">Z\u00e4une Herzogtum Lauenburg<\/a>, <a href=\"https:\/\/www.kaduk-bauelemente.de\/leistungen\/insektenschutz-amelinghausen\/\">Insektenschutz Amelinghausen<\/a>, <a href=\"https:\/\/www.kaduk-bauelemente.de\/leistungen\/sektionaltore-buchholz\/\">Sektionaltore Buchholz<\/a>, <a href=\"https:\/\/www.kaduk-bauelemente.de\/leistungen\/zaunbau-bispingen\/\">Zaunbau Bispingen<\/a>, <a href=\"https:\/\/www.kaduk-bauelemente.de\/leistungen\/rolllaeden-salzhausen\/\">Rolll\u00e4den Salzhausen<\/a>, <a href=\"https:\/\/www.kaduk-bauelemente.de\/leistungen\/haustueren-ebstorf\/\">Haust\u00fcren Ebstorf<\/a>"},"_links":{"self":[{"href":"https:\/\/www.kaduk-bauelemente.de\/leistungen\/wp-json\/wp\/v2\/pages\/4540","targetHints":{"allow":["GET"]}}],"collection":[{"href":"https:\/\/www.kaduk-bauelemente.de\/leistungen\/wp-json\/wp\/v2\/pages"}],"about":[{"href":"https:\/\/www.kaduk-bauelemente.de\/leistungen\/wp-json\/wp\/v2\/types\/page"}],"author":[{"embeddable":true,"href":"https:\/\/www.kaduk-bauelemente.de\/leistungen\/wp-json\/wp\/v2\/users\/1"}],"replies":[{"embeddable":true,"href":"https:\/\/www.kaduk-bauelemente.de\/leistungen\/wp-json\/wp\/v2\/comments?post=4540"}],"version-history":[{"count":0,"href":"https:\/\/www.kaduk-bauelemente.de\/leistungen\/wp-json\/wp\/v2\/pages\/4540\/revisions"}],"wp:attachment":[{"href":"https:\/\/www.kaduk-bauelemente.de\/leistungen\/wp-json\/wp\/v2\/media?parent=4540"}],"curies":[{"name":"wp","href":"https:\/\/api.w.org\/{rel}","templated":true}]}}