{"id":4539,"date":"2021-08-25T12:19:25","date_gmt":"2021-08-25T10:19:25","guid":{"rendered":"https:\/\/www.kaduk-bauelemente.de\/leistungen\/rolltore-lueneburg\/"},"modified":"2021-08-25T12:19:25","modified_gmt":"2021-08-25T10:19:25","slug":"rolltore-lueneburg","status":"publish","type":"page","link":"https:\/\/www.kaduk-bauelemente.de\/leistungen\/rolltore-lueneburg\/","title":{"rendered":"Rolltore &#8211; L\u00fcneburg"},"content":{"rendered":"<h3>Wir informieren Sie \u00fcber Rolltore<\/h3>\n<p>Rolltore funktionieren nach einem einfachen Prinzip: Die jeweiligen Einzelelemente sind bewegbar und k\u00f6nnen entweder per Hand oder auf Knopfdruck runter- und hochgefahren werden. Fachgerecht installiert, bieten Rolltore einen perfekten und einbruchshemmenden Verschluss f\u00fcr eine Garage oder einen Nutzrauml. F\u00fcr welche Art von Rolltor Sie sich letzten Endes entscheiden: Die Park- und Nutzfl\u00e4che in der Garage oder dem Abstellraum wird immer optimal genutzt. Um Ihnen ein ma\u00dfgeschneidertes Angebot f\u00fcr geeignete Rolltore unterbreiten zu k\u00f6nnen, besichtigen wir Ihre Garage auch direkt vor Ort. <\/p>\n<h3>Rolltore \u2013 sicher, haltbar und von hoher Qualit\u00e4t!<\/h3>\n<p>Die Spezialisten unseres Handwerksbetriebs machen Ihnen gerne unterschiedliche Empfehlungen. Ihre Vorstellungen und W\u00fcnsche stehen hierbei immer an erster Stelle. In unserer Ausstellung pr\u00e4sentieren wir Ihnen montags bis freitags zwischen 9.00 und 18.00 Uhr sowie am Samstag in der Zeit von 9:00 und 13:00 Uhr zahlreiche Umsetzungsm\u00f6glichkeiten.<br \/>\nNat\u00fcrlich sind wir auch in Sachen Instandsetzung, Reparatur und Wartung Ihr kompetenter Partner.<\/p>\n","protected":false},"excerpt":{"rendered":"<p>Wir informieren Sie \u00fcber Rolltore Rolltore funktionieren nach einem einfachen Prinzip: Die jeweiligen Einzelelemente sind bewegbar und k\u00f6nnen entweder per Hand oder auf Knopfdruck runter- und hochgefahren werden. Fachgerecht installiert, bieten Rolltore einen perfekten und einbruchshemmenden Verschluss f\u00fcr eine Garage oder einen Nutzrauml. F\u00fcr welche Art von Rolltor Sie sich letzten Endes entscheiden: Die Park- [&hellip;]<\/p>\n","protected":false},"author":1,"featured_media":0,"parent":0,"menu_order":0,"comment_status":"closed","ping_status":"closed","template":"","meta":{"footnotes":""},"class_list":["post-4539","page","type-page","status-publish","hentry"],"meta_box":{"popseo_subtitel":"Wir sind Ihr Fachunternehmen f\u00fcr Rolltore in L\u00fcneburg","popseo_subtitel2":"Rolltore - attraktiv und hochwertig","popseo_lasttitel":"Rolltore: Treten Sie in Kontakt mit uns!","popseo_region":"L\u00fcneburg","popseo_sachwort":"Rolltore","popseo_noupdate":"","popseo_einleitungstext":"<p>Wenn es um Sicherheit und Sonnenschutz geht, sind Sie bei der Firma Kaduk genau an der richtigen Adresse. Seit Unternehmensgr\u00fcndung sind wir Ihre lokalen Spezialisten f\u00fcr hochwertige Bauelemente. Zu unserem Produktangebot geh\u00f6ren beispielsweise Rolltore, Markisen, Terrassend\u00e4cher, Fenster, T\u00fcren, Au\u00dfenjalousien, Carports und Rolll\u00e4den. Unsere Fachleute erledigen Reparatur- und Montagearbeiten und zeigen Ihnen M\u00f6glichkeiten auf, wie Sie Ihre Immobilie mit modernen Bauelementen ausr\u00fcsten k\u00f6nnen. Nachfolgend haben wir erste Informationen f\u00fcr Sie zusammengetragen.<\/p>","popseo_schlusstext":"<p>Sie suchen einen Experten f\u00fcr hochwertige Sicherheits- und Sonnenschutzl\u00f6sungen. Dann kontaktieren Sie uns bitte schnell. Wir freuen uns auf Ihren Anruf oder Ihre E-Mail. Wenn es um Bauelemente geht, sind wir Ihr erfahrener Handwerks- und Handelspartner. Wir bieten Ihnen hochwertige Produkte und eine professionell durchgef\u00fchrte Arbeit nach dem immer neuesten Stand der Technik.<\/p>","popseo_stadttext":"<h3>Unser Einzugsbereich umfasst auch L\u00fcneburg und Bleckede<\/h3>\n<p>Wir werden f\u00fcr Kunden aus L\u00fcneburg und Bleckede aktiv. Durch unsere Gesch\u00e4ftst\u00e4tigkeit haben wir uns einen guten \u00dcberblick \u00fcber die Stadtarchitektur der St\u00e4dte und Gemeinden unseres Einzugsbereiches machen k\u00f6nnen. Selbstverst\u00e4ndlich z\u00e4hlt auch Ihre Region zu unserem unmittelbaren Vertriebsgebiet. Wir freuen uns darauf, mit Ihnen ins Gespr\u00e4ch zu treten. <\/p>\n<h3>Lebensmittelpunkt L\u00fcneburg und Bleckede<\/h3>\n<p>In der zirka 40 km s\u00fcdlich von Freien und Hansestadt Hamburg gelegenen Stadt L\u00fcneburg leben etwa 70.000 Anwohner. Das Stadtgebiet erstreckt sich \u00fcber eine Fl\u00e4che von 70 Quadratkilometer. L\u00fcneburg ist Kreisstadt des Landkreises L\u00fcneburg und geh\u00f6rt zur Metropolregion Hamburg. Was viele nicht wissen: L\u00fcneburg ist eine alte Hansestadt. Wunderh\u00fcbsch an der Ilmenau gelegen, erfreut sich L\u00fcneburg gr\u00f6\u00dfter Beliebtheit bei Tagesbesuchern und Touristen. Die knapp 300.000 \u00dcbernachtungen, die das nieders\u00e4chsische Landesamt f\u00fcr Statistik festgestellt hat, sprechen eine sehr eindeutige Sprache. Insbesondere besuchenswert ist die Innenstadt von L\u00fcneburg. Ungez\u00e4hlte geschichtstr\u00e4chtige H\u00e4user verleihen der Stadt einen absolut au\u00dfergew\u00f6hnlichen Charme. Bei einem Gang durch die Altstadt von L\u00fcneburg sollte man auf jeden Fall die Kirche St. Nicolai im Wasserviertel, das Stadtschloss am Markt sowie den Stintmarkt am L\u00fcneburger Hafen besuchen. Wer ein wenig Zeit \u00fcbrig hat, macht Halt in einem der zahlreichen ge\u00fcml\u00fctlichen Caf\u00e9s am Marktplatz und l\u00e4sst einfach die herrliche Stimmung von L\u00fcneburg auf sich wirken. Die vielen Fachwerkgeb\u00e4ude verleihen dem st\u00e4dtischen Ensemble eine g\u00e4nzlich einmalige Aura. Die beschauliche Universit\u00e4tsstadt ist ber\u00fchmt f\u00fcr die Salzgewinnung. In L\u00fcneburg befindet sich ein ein alter Salzstock. Dort wurde \u00fcber Jahrhunderte in gro\u00dfem Stile Salz gewonnen. Das Deutsche Salzmuseum L\u00fcneburg erz\u00e4hlt heute von diesem historischen Teil der Stadtgeschichte. Au\u00dferdem ist der Stint eine bekannte kulinarische Spezialit\u00e4t. Dem kleinen Fisch begegnet man in L\u00fcneburg fast pausenlos. Bei einem Besuch der nieders\u00e4chsischen Stadt sollte man ein Stint-Essen auf keinen Fall verpassen.      <\/p>\n<p>L\u00fcneburg liegt an der Schnellstra\u00dfe A39. Auch \u00fcber die Bundesstra\u00dfen B4, B209 und B216 gelangt man rasch und bequem in die nieders\u00e4chsische Mittelstadt. Auch das Umland \u2013 u.a. Egestorf, Fleestedt, Hanstedt, Salzhausen, Bienenb\u00fcttel, Scharnebeck und Amelinghausen - ist gut angebunden. Wer mit der Bahn nach L\u00fcneburg reisen m\u00f6chte, kann dies \u00fcber die Bahnverbindung Hamburg-Hannover tun. Auch gibt es eine Regionalverbindung durch den Verkehrsbetrieb Metronom. Die Reisedauer zwischen Hamburg und L\u00fcneburg betr\u00e4gt gerade einmal 30 Minuten. <\/p>\n<h3>L\u00fcneburg und Bleckede: Perfekt f\u00fcr junge Familien<\/h3>\n<p>Die Stadt Bleckede befindet sich im nieders\u00e4chsischen Landkreis L\u00fcneburg. Bleckede z\u00e4hlt knapp unter 10.000 Einwohner. Das Stadtareal streckt sich \u00fcber eine Fl\u00e4che von ungef\u00e4hr 139 Quadratkilometer. In direkter N\u00e4he finden sich die Orte Thomasburg, Dahlenburg, Vastorf und Amt Neuhaus. Zu Bleckede geh\u00f6ren insgesamt 15 Gemeindeteile. Die wunderbare Lage direkt an der Elbe macht Bleckede interessant f\u00fcr Tagesbesucher und Touristen. Speziell mit dem Fahrrad lohnt sich eine Exkursion in Richtung Bleckede. Der Elbradweg und der Mecklenburgische Seen-Radweg laden zum entspannten Radeln ein. Bezeichnend f\u00fcr Bleckede sind die zahlreichen Fachwerkbauten. Per pedes l\u00e4sst sich die eindrucksvolle Architektur besonders gut bewundern. Entsprechend stolz sind die B\u00fcrgervertreter von Bleckede darauf, dass die Stadt Mitglied der Deutschen Fachwerkstra\u00dfe ist. Malerisch ist der Hafen von Bleckede. Bis zum heutigen Tage machen viele Frachter hier Halt. Besucher sch\u00e4tzen ebenso den F\u00e4hrverkehr auf der Elbe. Eine touristische Besonderheit: Der alte Raddampfer Kaiser-Wilhelm legt in steter Folge in Bleckede an. Gut geignet ist der Hafen auch f\u00fcr die Sportschifffahrt. Die vielen Sportbootliegepl\u00e4tze veranschaulichen die Anziehungskraft des Hafen besonders gut. Bleckede ist bekannt f\u00fcr seine reizvolle Umgebung. Neben der schon erw\u00e4hnten Deutschen Fachwerkstra\u00dfe f\u00fchrt auch die Deutsche Storchenstra\u00dfe durch Bleckede. Das innerst\u00e4dtisch zu beobachtende Storchennest ist eine ganz besondere Sehensw\u00fcrdigkeit. Aus Richtung L\u00fcneburg kommend, kann man dar\u00fcber hinaus auch mit einer historischen Eisenbahn nach Bleckede reisen. Die Fahrt mit dem sog. Heide-Elbe-Express ist ein Ausflugstipp f\u00fcr Besucher der Region.<\/p>\n<h4>Hohe Qualit\u00e4t f\u00fcr Kunden aus L\u00fcneburg und Bleckede<\/h4>\n<p>Prima, dass Sie uns hier auf dieser Website entdeckt haben. Wenn Sie eine erfahrene Fachfirma suchen, sind Sie bei uns an der richtigen Adresse. Sie m\u00f6chten mehr \u00fcber uns erfahren? F\u00fcr R\u00fcckfragen stehen wir Ihnen jederzeit zur Verf\u00fcgung. Auf den Kontakt zu Ihnen freuen wir uns.<\/p>","popseo_zusatztext":"<h3>Kaduk Bauelemente ist Ihr Fachbetrieb f\u00fcr Sonnen- und Sichtschutz<\/h3>\n<p>Vertrauen Sie in Sachen Sicherheit und Sonnenschutz auf jeden Fall auf die sachliche Leistung vom Fachbetrieb. Nur ein Fachbetrieb kennt die Priorit\u00e4ten, wie man zu einem fachgerechten Ergebnis kommt. Um sich mit Fug und Recht als Fachbetrieb zu titulieren, braucht es eine qualifizierte Ausbildung der Mitarbeiter und eine langj\u00e4hrige Fachkenntnis.  <\/p>\n<p>Unser Fachbetrieb empfiehlt sich als Ihr sachkundiger Fachbetrieb f\u00fcr Sonnenschutz und Sicherheit. Erreichen Sie Ihr Ziel und schenken Sie unserem Fachbetrieb Ihr Vertrauen. Wir bieten Ihnen u.a. hochwertige Rolll\u00e4den und Markisen und legen allergr\u00f6\u00dften Wert auf einen ausgezeichneten Service. Schon seit vielen Jahren sind wir spezialisierter Fachbetrieb f\u00fcr Markisen, Terrassend\u00e4cher, Rolll\u00e4den und Au\u00dfenjalousien im Raum L\u00fcneburg. Es ist uns wichtig, dass Sie dauerhaft viel Freude an Ihrem Sicht und Sonnenschutz haben. Von einem Fachbetrieb d\u00fcrfen Sie zu Recht eine fehlerfreie Top-Leistung erwarten.<\/p>\n<h3>Sicht- und Sonnenschutz\u2013 ein Thema f\u00fcr den Fachbetrieb<\/h3>\n<p>Als Fachbetrieb darf sich eine Unternehmung bezeichnen, deren Mitarbeiter \u00fcber nachweisbare Qualifikationen verf\u00fcgen. Dies ist z.B. eine entsprechende Ausbildung oder ein Meisterbrief. Au\u00dferdem zeichnet eine langj\u00e4hrige praktische Erfahrung einen Fachbetrieb aus. Bereits seit vielen Jahren konzentrieren wir uns als spezialisiertes Unternehmen auf Sicherheit und Sonnenschutz von Immobilien. In diesen vielen Jahren haben wir uns die Bezeichnung Fachbetrieb bestimmt verdient. Wir verarbeiten ausnahmslos hochwertige Produkte. Hierbei achten wir immer auf ein ausgewogenes Preis-Leistungsverh\u00e4ltnis. Unser Selbstverst\u00e4ndnis als Fachbetrieb: Wir bieten Ihnen hervorragende Qualit\u00e4t zu einem erstaunlichen Preis.<\/p>","popseo_links":"<a href=\"https:\/\/www.kaduk-bauelemente.de\/leistungen\/kunststofffenster-boizenburg\/\">Kunststofffenster Boizenburg<\/a>, <a href=\"https:\/\/www.kaduk-bauelemente.de\/leistungen\/tueren-bardowick\/\">T\u00fcren Bardowick<\/a>, <a href=\"https:\/\/www.kaduk-bauelemente.de\/leistungen\/insektenschutz-maschen\/\">Insektenschutz Maschen<\/a>, <a href=\"https:\/\/www.kaduk-bauelemente.de\/leistungen\/sektionaltore-amt-neuhaus\/\">Sektionaltore Amt Neuhaus<\/a>, <a href=\"https:\/\/www.kaduk-bauelemente.de\/leistungen\/rollladen-harburg\/\">Rollladen Harburg<\/a>, <a href=\"https:\/\/www.kaduk-bauelemente.de\/leistungen\/carports-bispingen\/\">Carports Bispingen<\/a>, <a href=\"https:\/\/www.kaduk-bauelemente.de\/leistungen\/garagentore-geesthacht\/\">Garagentore Geesthacht<\/a>, <a href=\"https:\/\/www.kaduk-bauelemente.de\/leistungen\/zaunbau-reppenstedt\/\">Zaunbau Reppenstedt<\/a>, <a href=\"https:\/\/www.kaduk-bauelemente.de\/leistungen\/holzfenster-tostedt-sittensen\/\">Holzfenster Tostedt Sittensen<\/a>, <a href=\"https:\/\/www.kaduk-bauelemente.de\/leistungen\/zaunbau-tostedt-sittensen\/\">Zaunbau Tostedt Sittensen<\/a>, <a href=\"https:\/\/www.kaduk-bauelemente.de\/leistungen\/terrassendaecher-aus-holz-reinbek-glinde\/\">Terrassend\u00e4cher aus Holz Reinbek Glinde<\/a>, <a href=\"https:\/\/www.kaduk-bauelemente.de\/leistungen\/sektionaltore-amelinghausen\/\">Sektionaltore Amelinghausen<\/a>, <a href=\"https:\/\/www.kaduk-bauelemente.de\/leistungen\/insektenschutz-salzhausen\/\">Insektenschutz Salzhausen<\/a>, <a href=\"https:\/\/www.kaduk-bauelemente.de\/leistungen\/aussenjalousien-bardowick\/\">Au\u00dfenjalousien Bardowick<\/a>, <a href=\"https:\/\/www.kaduk-bauelemente.de\/leistungen\/terrassenueberdachungen-aus-aluminium-maschen\/\">Terrassen\u00fcberdachungen aus Aluminium Maschen<\/a>, <a href=\"https:\/\/www.kaduk-bauelemente.de\/leistungen\/holzfenster-buechen\/\">Holzfenster B\u00fcchen<\/a>, <a href=\"https:\/\/www.kaduk-bauelemente.de\/leistungen\/rollladen-maschen\/\">Rollladen Maschen<\/a>, <a href=\"https:\/\/www.kaduk-bauelemente.de\/leistungen\/terrassendaecher-aus-holz-seevetal-rosengarten\/\">Terrassend\u00e4cher aus Holz Seevetal Rosengarten<\/a>, <a href=\"https:\/\/www.kaduk-bauelemente.de\/leistungen\/terrassendaecher-aus-holz-buechen\/\">Terrassend\u00e4cher aus Holz B\u00fcchen<\/a>, <a href=\"https:\/\/www.kaduk-bauelemente.de\/leistungen\/terrassendaecher-aus-aluminium-maschen\/\">Terrassend\u00e4cher aus Aluminium Maschen<\/a>, <a href=\"https:\/\/www.kaduk-bauelemente.de\/leistungen\/fliegengitter-boizenburg\/\">Fliegengitter Boizenburg<\/a>, <a href=\"https:\/\/www.kaduk-bauelemente.de\/leistungen\/insektenschutz-geesthacht\/\">Insektenschutz Geesthacht<\/a>, <a href=\"https:\/\/www.kaduk-bauelemente.de\/leistungen\/rolllaeden-winsen-luhe\/\">Rolll\u00e4den Winsen Luhe<\/a>, <a href=\"https:\/\/www.kaduk-bauelemente.de\/leistungen\/garagentore-tostedt-sittensen\/\">Garagentore Tostedt Sittensen<\/a>, <a href=\"https:\/\/www.kaduk-bauelemente.de\/leistungen\/garagen-geesthacht\/\">Garagen Geesthacht<\/a>, <a href=\"https:\/\/www.kaduk-bauelemente.de\/leistungen\/rolllaeden-boizenburg\/\">Rolll\u00e4den Boizenburg<\/a>"},"_links":{"self":[{"href":"https:\/\/www.kaduk-bauelemente.de\/leistungen\/wp-json\/wp\/v2\/pages\/4539","targetHints":{"allow":["GET"]}}],"collection":[{"href":"https:\/\/www.kaduk-bauelemente.de\/leistungen\/wp-json\/wp\/v2\/pages"}],"about":[{"href":"https:\/\/www.kaduk-bauelemente.de\/leistungen\/wp-json\/wp\/v2\/types\/page"}],"author":[{"embeddable":true,"href":"https:\/\/www.kaduk-bauelemente.de\/leistungen\/wp-json\/wp\/v2\/users\/1"}],"replies":[{"embeddable":true,"href":"https:\/\/www.kaduk-bauelemente.de\/leistungen\/wp-json\/wp\/v2\/comments?post=4539"}],"version-history":[{"count":0,"href":"https:\/\/www.kaduk-bauelemente.de\/leistungen\/wp-json\/wp\/v2\/pages\/4539\/revisions"}],"wp:attachment":[{"href":"https:\/\/www.kaduk-bauelemente.de\/leistungen\/wp-json\/wp\/v2\/media?parent=4539"}],"curies":[{"name":"wp","href":"https:\/\/api.w.org\/{rel}","templated":true}]}}