{"id":4533,"date":"2021-08-25T12:19:25","date_gmt":"2021-08-25T10:19:25","guid":{"rendered":"https:\/\/www.kaduk-bauelemente.de\/leistungen\/rolltore-ebstorf\/"},"modified":"2021-08-25T12:19:25","modified_gmt":"2021-08-25T10:19:25","slug":"rolltore-ebstorf","status":"publish","type":"page","link":"https:\/\/www.kaduk-bauelemente.de\/leistungen\/rolltore-ebstorf\/","title":{"rendered":"Rolltore &#8211; Ebstorf"},"content":{"rendered":"<h3>Wir informieren Sie \u00fcber Rolltore<\/h3>\n<p>Die Arbeitsweise von Rolltoren ist relativ einfach: Die jeweiligen Elemente sind bewegbar und k\u00f6nnen entweder mechanisch oder auf Knopfdruck runter- und hochgefahren werden. Fachgerecht installiert, bieten Rolltore einen einwandfreien und sicheren Verschluss f\u00fcr eine Garage oder einen Abstellraum. F\u00fcr welches Modell vom Rolltor Sie sich letztlich entscheiden: Die Park- und Nutzfl\u00e4che in der Garage oder dem betreffenden Nutzraum wird immer optimal genutzt. Um Ihnen ein passendes Angebot f\u00fcr geeignete Rolltore ausarbeiten zu k\u00f6nnen, begutachten wir Ihre Garage dazu auch direkt vor Ort. <\/p>\n<h3>Rolltore vom Fachbetrieb<\/h3>\n<p>Die Spezialisten unseres Handwerksbetriebs unterbreiten Ihnen gerne unterschiedliche Empfehlungen. Ihre Vorstellungen und W\u00fcnsche stehen dabei grunds\u00e4tzlich an erster Stelle. In unserer Ausstellung pr\u00e4sentieren wir Ihnen von Montag bis Freitag in der Zeit von 9.00 und 18.00 Uhr sowie samstags zwischen 9:00 und 13:00 Uhr eine Menge L\u00f6sungsm\u00f6glichkeiten.<br \/>\nNat\u00fcrlich sind wir auch in Sachen Reparatur, Instandsetzung und Wartung Ihr kompetenter Partner.<\/p>\n","protected":false},"excerpt":{"rendered":"<p>Wir informieren Sie \u00fcber Rolltore Die Arbeitsweise von Rolltoren ist relativ einfach: Die jeweiligen Elemente sind bewegbar und k\u00f6nnen entweder mechanisch oder auf Knopfdruck runter- und hochgefahren werden. Fachgerecht installiert, bieten Rolltore einen einwandfreien und sicheren Verschluss f\u00fcr eine Garage oder einen Abstellraum. F\u00fcr welches Modell vom Rolltor Sie sich letztlich entscheiden: Die Park- und [&hellip;]<\/p>\n","protected":false},"author":1,"featured_media":0,"parent":0,"menu_order":0,"comment_status":"closed","ping_status":"closed","template":"","meta":{"footnotes":""},"class_list":["post-4533","page","type-page","status-publish","hentry"],"meta_box":{"popseo_subtitel":"Wir sind Ihr erfahrener Experte f\u00fcr Rolltore im Raum Ebstorf","popseo_subtitel2":"Rolltore - setzen Sie auf hochwertige L\u00f6sungen","popseo_lasttitel":"Rolltore: Sie haben Fragen? Dann melden Sie sich bei uns","popseo_region":"Ebstorf","popseo_sachwort":"Rolltore","popseo_noupdate":"","popseo_einleitungstext":"<p>Gerne informieren wir Sie n\u00e4her \u00fcber unsere Produkte und unser Aufgabenfeld. Wir zeigen Ihnen mit Vergn\u00fcgen auch einige Referenzen, die Ihnen einen Einblick in unsere T\u00e4tigkeit geben.<br \/>\nSetzen Sie auf die Expertise eines erfahrenen Fachbetriebes. Rufen Sie uns doch rasch einmal an oder schicken Sie uns eine schnelle E-Mail. Wir freuen uns auf Ihre Kontaktaufnahme.<\/p>","popseo_schlusstext":"<p>Sie haben Fragen zu unseren Leistungen? Auf Wunsch informieren wir Sie gerne n\u00e4her \u00fcber unser gesamtes Themengebiet. Mit Vergn\u00fcgen pr\u00e4sentieren wir Ihnen einige Referenzen, die Ihnen einen Einblick in unsere Unternehmenst\u00e4tigkeit geben. Rufen Sie uns doch einfach einmal an oder schicken Sie uns eine E-Mail. Unser freundliches Team arbeitet stets fachkundig und l\u00f6sungsorientiert. F\u00fcr eine schnelle Information rufen Sie uns bitte an: <\/p>\n<p>04131 \u2013 40 81 45<\/p>","popseo_stadttext":"<h3>Unser Einzugsbereich umfasst auch Ebstorf<\/h3>\n<p>Ebstorf befindet sich mittig in der L\u00fcneburger Heide und geh\u00f6rt juristisch zum Kreis Uelzen. Die Gemeinde hat \u00fcber 5.000 gemeldete B\u00fcrger und streckt sich \u00fcber eine Gesamtfl\u00e4che von knapp 27 Quadratkilometer. Ebstorf ist z\u00e4hlt zur Samtgemeinde Bevensen-Ebstorf, einem Zusammenschluss von 13 kleineren Orten. Die Samtgemeinde z\u00e4hlt insgesamt knapp 26.000 Einwohner und streckt sich \u00fcber ein Areal von zirka 479 Quadratkilometern.<\/p>\n<p>Durch unsere Gesch\u00e4ftst\u00e4tigkeit haben wir uns einen sehr guten \u00dcberblick \u00fcber die Architektur der St\u00e4dte und Gemeinden unseres Einzugsbereiches machen k\u00f6nnen. Selbstverst\u00e4ndlich geh\u00f6rt auch Ebstorf unserem unmittelbaren Gesch\u00e4ftsgebiet. Sie kommen aus der Region und sind hier im Internet auf unsere Website gesto\u00dfen? Das finden wir toll. Sehr gerne pr\u00e4sentieren wir Ihnen unser komplettes Leistungsspektrum und beantworten Ihre Fragen. Wir freuen uns darauf, mit Ihnen ins Gespr\u00e4ch zu treten. <\/p>\n<h3>Ein paar Fakten \u00fcber Ebstorf<\/h3>\n<p>\u00dcber die Landesstra\u00dfen L233 und L 250 ist Ebstorf schnell mit dem Wagen zu erreichen. Au\u00dferdem erreicht man die Gemeinde mit der Bahn auf der Streckenverbindung Langwedel-Uelzen. Ebstorf ist damit sehr gut an die lokalen Mittelzentren Uelzen und L\u00fcneburg angebunden. Viele Einwohner arbeiten in den nahegelegenen St\u00e4dten, sch\u00e4tzen aber Ebstorf als Wohnstatt und Lebensmittelpunkt. Ebstorf ist also eine durchaus typische Pendlergemeinde. \u00dcberregional bekannt ist der Ort dar\u00fcber hinaus als Sitz eines Klosters. Das Kloster Ebstorf ist eines von zusammen sechs Heidekl\u00f6stern im Umkreis von L\u00fcneburg. Ebstorf ist ganz ohne Frage ein guter Platz zum Leben. Die charmante Kleinstadt verf\u00fcgt \u00fcber eine ausgezeichnete Infrastruktur und bestens ausgebaute Wohngebiete.    <\/p>\n<h4>Hohe Qualit\u00e4t f\u00fcr Kunden aus Ebstorf<\/h4>\n<p>Sie wohnen in Ebstorf und interessieren sich f\u00fcr unser Leistungsangebot. Prima, dass Sie uns hier auf dieser Website entdeckt haben. F\u00fcr R\u00fcckfragen sind wir jederzeit f\u00fcr Sie da. Auf Ihre Anfragen freuen wir uns.<\/p>","popseo_zusatztext":"<h3>G\u00fcnstig und preiswert \u2013 Leistung vom Fachbetrieb<\/h3>\n<p>Bauelemente m\u00fcssen hohen Erwartungen standhalten. Gleichzeitig darf es g\u00fcnstig und preiswert sein. Das muss durchaus kein Widerspruch sein. <\/p>\n<p>Als Fachunternehmen f\u00fcr Sonnenschutz und Sicherheit verarbeiten wir ausnahmslos qualitativ hochwertige Erzeugnisse. Gleichwohl schauen wir stets auf ein passendes Preis-Leistungsverh\u00e4ltnis. Wir m\u00f6chten Ihnen Spitzenqualit\u00e4t bieten, die zugleich auch g\u00fcnstig und preiswert ist. Geben Sie Ihrem Zuhause g\u00fcnstig und preiswert das besondere Plus an Qualit\u00e4t. Rolll\u00e4den und Markisen oder andere Sonnenschutzl\u00f6sungen sehen nicht nur schmuck aus, sie leisten auch einen wichtigen Beitrag zur W\u00e4rmed\u00e4mmung.  <\/p>\n<h3>G\u00fcnstig und preiswert \u2013 es muss wirklich nicht immer teuer sein<\/h3>\n<p>D\u00fcrfen wir Sie informieren, wie Sie g\u00fcnstig und preiswert einen optimalen Sonnenschutz f\u00fcr Ihr Haus verwirklichen? Toll, dann warten Sie bitte nicht und nehmen am besten gleich heute noch Verbindung mit uns auf. Ein kurzer Telefonanruf oder auch eine kurze E-Mail gen\u00fcgen. Gerne beraten Sie unsere gut ausgebildeten Profis \u00fcber die verschiedenen Optionen, wie Sie Ihr Haus g\u00fcnstig und preiswert mit Rolll\u00e4den und Markisen oder anderen Sonnenschutzprodukten ausstatten. Wir freuen uns auf den Austausch mit Ihnen. <\/p>\n<h4>Hochwertige Arbeit g\u00fcnstig und preiswert<\/h4>\n<p>Vertrauen Sie beim Thema Sonnenschutz und Sicherheit auf den Fachmann. Nur ein Spezialbetrieb kennt die diversen Optionen, wie Sie g\u00fcnstig und preiswert, gleichzeitig qualitativ hochwertig einen optimalen Sonnenschutz verwirklichen. Qualit\u00e4tsbewusst, g\u00fcnstig und preiswert: Wir empfehlen uns als spezialisiertes Unternehmen im Norden. Unsere jahrelange Erfahrung zeichnet uns aus.<\/p>","popseo_links":"<a href=\"https:\/\/www.kaduk-bauelemente.de\/leistungen\/terrassenueberdachungen-aus-holz-tostedt-sittensen\/\">Terrassen\u00fcberdachungen aus Holz Tostedt Sittensen<\/a>, <a href=\"https:\/\/www.kaduk-bauelemente.de\/leistungen\/tueren-adendorf\/\">T\u00fcren Adendorf<\/a>, <a href=\"https:\/\/www.kaduk-bauelemente.de\/leistungen\/rolllaeden-amt-neuhaus\/\">Rolll\u00e4den Amt Neuhaus<\/a>, <a href=\"https:\/\/www.kaduk-bauelemente.de\/leistungen\/fenster-reppenstedt\/\">Fenster Reppenstedt<\/a>, <a href=\"https:\/\/www.kaduk-bauelemente.de\/leistungen\/holzfenster-amelinghausen\/\">Holzfenster Amelinghausen<\/a>, <a href=\"https:\/\/www.kaduk-bauelemente.de\/leistungen\/tueren-hanstedt\/\">T\u00fcren Hanstedt<\/a>, <a href=\"https:\/\/www.kaduk-bauelemente.de\/leistungen\/garagentore-bispingen\/\">Garagentore Bispingen<\/a>, <a href=\"https:\/\/www.kaduk-bauelemente.de\/leistungen\/tueren-harburg\/\">T\u00fcren Harburg<\/a>, <a href=\"https:\/\/www.kaduk-bauelemente.de\/leistungen\/holzfenster-buechen\/\">Holzfenster B\u00fcchen<\/a>, <a href=\"https:\/\/www.kaduk-bauelemente.de\/leistungen\/tueren-ebstorf\/\">T\u00fcren Ebstorf<\/a>, <a href=\"https:\/\/www.kaduk-bauelemente.de\/leistungen\/raffstores-reppenstedt\/\">Raffstores Reppenstedt<\/a>, <a href=\"https:\/\/www.kaduk-bauelemente.de\/leistungen\/terrassenueberdachungen-aus-holz-winsen-luhe\/\">Terrassen\u00fcberdachungen aus Holz Winsen Luhe<\/a>, <a href=\"https:\/\/www.kaduk-bauelemente.de\/leistungen\/rollladen-reinbek-glinde\/\">Rollladen Reinbek Glinde<\/a>, <a href=\"https:\/\/www.kaduk-bauelemente.de\/leistungen\/terrassenueberdachungen-aus-aluminium-winsen-luhe\/\">Terrassen\u00fcberdachungen aus Aluminium Winsen Luhe<\/a>, <a href=\"https:\/\/www.kaduk-bauelemente.de\/leistungen\/garagen-schwarzenbek\/\">Garagen Schwarzenbek<\/a>, <a href=\"https:\/\/www.kaduk-bauelemente.de\/leistungen\/markisen-winsen-luhe\/\">Markisen Winsen Luhe<\/a>, <a href=\"https:\/\/www.kaduk-bauelemente.de\/leistungen\/haustueren-bergedorf-wentorf\/\">Haust\u00fcren Bergedorf Wentorf<\/a>, <a href=\"https:\/\/www.kaduk-bauelemente.de\/leistungen\/kunststofffenster-adendorf\/\">Kunststofffenster Adendorf<\/a>, <a href=\"https:\/\/www.kaduk-bauelemente.de\/leistungen\/holzfenster-tostedt-sittensen\/\">Holzfenster Tostedt Sittensen<\/a>, <a href=\"https:\/\/www.kaduk-bauelemente.de\/leistungen\/fliegengitter-hanstedt\/\">Fliegengitter Hanstedt<\/a>, <a href=\"https:\/\/www.kaduk-bauelemente.de\/leistungen\/terrassenueberdachungen-aus-aluminium-salzhausen\/\">Terrassen\u00fcberdachungen aus Aluminium Salzhausen<\/a>, <a href=\"https:\/\/www.kaduk-bauelemente.de\/leistungen\/zaeune-maschen\/\">Z\u00e4une Maschen<\/a>, <a href=\"https:\/\/www.kaduk-bauelemente.de\/leistungen\/zaeune-harburg\/\">Z\u00e4une Harburg<\/a>, <a href=\"https:\/\/www.kaduk-bauelemente.de\/leistungen\/tueren-uelzen\/\">T\u00fcren Uelzen<\/a>, <a href=\"https:\/\/www.kaduk-bauelemente.de\/leistungen\/haustueren-hanstedt\/\">Haust\u00fcren Hanstedt<\/a>, <a href=\"https:\/\/www.kaduk-bauelemente.de\/leistungen\/terrassendaecher-aus-aluminium-bergedorf-wentorf\/\">Terrassend\u00e4cher aus Aluminium Bergedorf Wentorf<\/a>"},"_links":{"self":[{"href":"https:\/\/www.kaduk-bauelemente.de\/leistungen\/wp-json\/wp\/v2\/pages\/4533","targetHints":{"allow":["GET"]}}],"collection":[{"href":"https:\/\/www.kaduk-bauelemente.de\/leistungen\/wp-json\/wp\/v2\/pages"}],"about":[{"href":"https:\/\/www.kaduk-bauelemente.de\/leistungen\/wp-json\/wp\/v2\/types\/page"}],"author":[{"embeddable":true,"href":"https:\/\/www.kaduk-bauelemente.de\/leistungen\/wp-json\/wp\/v2\/users\/1"}],"replies":[{"embeddable":true,"href":"https:\/\/www.kaduk-bauelemente.de\/leistungen\/wp-json\/wp\/v2\/comments?post=4533"}],"version-history":[{"count":0,"href":"https:\/\/www.kaduk-bauelemente.de\/leistungen\/wp-json\/wp\/v2\/pages\/4533\/revisions"}],"wp:attachment":[{"href":"https:\/\/www.kaduk-bauelemente.de\/leistungen\/wp-json\/wp\/v2\/media?parent=4533"}],"curies":[{"name":"wp","href":"https:\/\/api.w.org\/{rel}","templated":true}]}}