{"id":4532,"date":"2021-08-25T12:19:25","date_gmt":"2021-08-25T10:19:25","guid":{"rendered":"https:\/\/www.kaduk-bauelemente.de\/leistungen\/rolltore-buechen\/"},"modified":"2021-08-25T12:19:25","modified_gmt":"2021-08-25T10:19:25","slug":"rolltore-buechen","status":"publish","type":"page","link":"https:\/\/www.kaduk-bauelemente.de\/leistungen\/rolltore-buechen\/","title":{"rendered":"Rolltore &#8211; B\u00fcchen"},"content":{"rendered":"<h3>Rolltore &#8211; wir beraten Sie gerne<\/h3>\n<p>Rolltore arbeiten nach einem sehr simplen Prinzip: Die jeweiligen Elemente sind bewegbar und k\u00f6nnen entweder manuell oder elektrisch hoch- und runtergefahren werden. Fachgerecht angebracht, bieten Rolltore einen perfekten und sicheren Verschluss f\u00fcr eine Garage oder sonstigen Nutzraum. F\u00fcr welches Rolltor Sie sich schlie\u00dflich auch entscheiden: Die Park- und Nutzfl\u00e4che in der Garage oder dem betreffenden Nutz- oder Abstellraum wird auf jeden Fall bestens ausgenutzt. Um Ihnen ein individuelles Angebot f\u00fcr geeignete Rolltore ausarbeiten zu k\u00f6nnen, besichtigen wir Ihre Garage auch direkt vor Ort. <\/p>\n<h3>Rolltore \u2013 sicher, haltbar und von hoher Qualit\u00e4t!<\/h3>\n<p>Die Profis unserer Unternehmung machen Ihnen sehr gerne verschiedene Alternativen. Ihre W\u00fcnsche und Vorstellungen stehen hierbei grunds\u00e4tzlich an erster Stelle. In unserer Ausstellung zeigen wir Ihnen von Montag bis Freitag zwischen 9.00 und 18.00 Uhr sowie am Samstag in der Zeit von 9:00 und 13:00 Uhr eine Menge L\u00f6sungsm\u00f6glichkeiten.<br \/>\nSelbstverst\u00e4ndlich sind wir auch in Sachen Reparatur, Instandsetzung und Wartung Ihr Ansprechpartner.<\/p>\n","protected":false},"excerpt":{"rendered":"<p>Rolltore &#8211; wir beraten Sie gerne Rolltore arbeiten nach einem sehr simplen Prinzip: Die jeweiligen Elemente sind bewegbar und k\u00f6nnen entweder manuell oder elektrisch hoch- und runtergefahren werden. Fachgerecht angebracht, bieten Rolltore einen perfekten und sicheren Verschluss f\u00fcr eine Garage oder sonstigen Nutzraum. F\u00fcr welches Rolltor Sie sich schlie\u00dflich auch entscheiden: Die Park- und Nutzfl\u00e4che [&hellip;]<\/p>\n","protected":false},"author":1,"featured_media":0,"parent":0,"menu_order":0,"comment_status":"closed","ping_status":"closed","template":"","meta":{"footnotes":""},"class_list":["post-4532","page","type-page","status-publish","hentry"],"meta_box":{"popseo_subtitel":"Wir sind Ihr Spezialist f\u00fcr Rolltore im Raum B\u00fcchen","popseo_subtitel2":"Rolltore - die Beratung \u00fcbernimmt der Fachbetrieb","popseo_lasttitel":"Rolltore: D\u00fcrfen wir Ihre Fragen beantworten?","popseo_region":"B\u00fcchen","popseo_sachwort":"Rolltore","popseo_noupdate":"","popseo_einleitungstext":"<p>Auf Wunsch informieren wir Sie n\u00e4her \u00fcber unser Produkt- und Leistungsprogramm. Wir nennen Ihnen mit Vergn\u00fcgen auch ein paar Referenzprojekte, die Ihnen einen Einblick in unsere T\u00e4tigkeit geben.<br \/>\nVertrauen Sie den Spezialisten der Firma Kaduk. Rufen Sie uns doch rasch einmal an oder schicken Sie uns eine kurze E-Mail. Wir freuen uns auf Ihre Kontaktaufnahme.<\/p>","popseo_schlusstext":"<p>Sie suchen einen Experten f\u00fcr moderne Sonnenschutz- und Sicherheitsl\u00f6sungen. Dann kontaktieren Sie uns bitte schnell. Wir freuen uns auf Ihren Anruf oder Ihre E-Mail. Wenn es um Bauelemente geht, sind wir Ihr qualifizierter Handels- und Handwerkspartner. Wir bieten Ihnen hochwertige Produkte und eine fachm\u00e4nnisch ausgef\u00fchrte Arbeit nach dem stets derzeitigen Stand der Technik.<\/p>","popseo_stadttext":"<h3>Wir sind Ihr Partner auch in B\u00fcchen<\/h3>\n<p>Durch unsere Vertriebst\u00e4tigkeit haben wir uns einen ausgezeichneten \u00dcberblick \u00fcber die Stadtarchitektur der St\u00e4dte und Gemeinden unseres Einzugsbereiches erarbeiten k\u00f6nnen. Nat\u00fcrlich geh\u00f6rt auch B\u00fcchen zu unserem unmittelbaren Wirkungskreis. Wir freuen uns darauf, mit Ihnen ins Gespr\u00e4ch zu treten. <\/p>\n<h3>Leben und Arbeiten in B\u00fcchen<\/h3>\n<p>B\u00fcchen liegt im M\u00fcndungsbereich des Elbe-L\u00fcbeck-Kanals im Kreis Herzogtum-Lauenburg im s\u00fcdlichen Schleswig-Holstein. Insgesamt 5.700 Einwohner wohnen in B\u00fcchen auf einer Fl\u00e4che von 16 Quadratkilometern. Die Entfernung zwischen B\u00fcchen und der Metropole Hamburg bel\u00e4uft sich auf knapp 40 Kilometer. Zahlreiche Pendler wohnen in der Gemeinde B\u00fcchen. Wer seinen Arbeitsplatz in Hamburg hat, das private Lebensumfeld jedoch lieber ein weniger beschaulicher hat, wei\u00df die Vorz\u00fcge der Stadt B\u00fcchen zu sch\u00e4tzen.<\/p>\n<p>B\u00fcchen ist Haltestelle auf den Eisenbahnstrecken L\u00fcbeck-L\u00fcneburg und Berlin-Hamburg. Wer die Zeit der beiden deutschen Staaten erlebt hat, erinnert sich wahrscheinlich noch an die verst\u00f6renden Passkontrollen im Bahnhof von B\u00fcchen. Bis 1990 lag B\u00fcchen im unmittelbaren Grenzgebiet zwischen der ehemaligen Bundesrepublik und der fr\u00fcheren DDR. Wer mit dem Auto f\u00e4hrt, erreicht die Gemeinde B\u00fcchen z.B. \u00fcber die Bundesautobahn A24. Die Abfahrt B\u00fcchen findet sich ca. acht Kilometer von der Innenstadt entfernt.<\/p>\n<h3>Reizvolles B\u00fcchen!<\/h3>\n<p>Die heutige Stadt B\u00fcchen ist ein Zusammenschluss mehrerer kleinerer Orte. Dem namensgebenden B\u00fcchen selbst gemeindete man in den 1930ern die Orte N\u00fcssau und P\u00f6trau ein. Das Amt B\u00fcchen z\u00e4hlt in Summe 15 Gemeinden. Durch die Nachbarschaft zur Gro\u00dfstadt Hamburg hat sich in B\u00fcchen ein durchaus bewegtes Wirtschaftsleben entwickelt. Der Wirtschaftsstandort ist ideal gelegen und bietet Firmen beste Bedingungen. <\/p>\n<p>Sehr gesch\u00e4tzt wird B\u00fcchen von Naturliebhabern wegen seines beachtlichen Erholungswertes. In B\u00fcchen startet man gerne zu ausgedehnten Exkursionen durch den Naturpark Lauenburgische Seen. Speziell f\u00fcr Familien ist B\u00fcchen gut geeignet. Die angenehme Lage und eine gute Infrastruktur zeichnen die Gemeinde aus. S\u00e4mtliche Schularten sind vorhanden und auch das \u00f6rtliche Jugendzentrum genie\u00dft regen Zuspruch. <\/p>\n<h4>Hohe Qualit\u00e4t f\u00fcr Kunden aus B\u00fcchen<\/h4>\n<p>Wir finden es super, dass Sie unsere Internetseite gefunden haben. Privat- und Gesch\u00e4ftskunden profitieren von einem sehr guten Preis-Leistungs-Verh\u00e4ltnis. Sie m\u00f6chten mehr \u00fcber uns erfahren? F\u00fcr R\u00fcckfragen stehen wir Ihnen jederzeit zur Verf\u00fcgung. Auf Ihre Anfragen freuen wir uns.<\/p>","popseo_zusatztext":"<h3>Kaduk Bauelemente ist Ihr Fachbetrieb f\u00fcr Sonnen- und Sichtschutz<\/h3>\n<p>Vertrauen Sie bei Sicherheit und Sonnenschutz unbedingt auf die fachspezifische Leistung vom Fachbetrieb. Nur ein Fachbetrieb kennt die Priorit\u00e4ten, wie man zu einem sachgerechten Ergebnis kommt. Um sich mit Fug und Recht Fachbetrieb nennen zu d\u00fcrfen, bedarf es einer qualifizierten Ausbildung der Mitarbeiter und einer jahrelangen Fachkenntnis.  <\/p>\n<p>Unser Fachbetrieb empfiehlt sich als Ihr kompetenter Fachbetrieb f\u00fcr Sonnenschutz und Sicherheit. Setzen Sie auf Qualit\u00e4t und schenken Sie unserem Fachbetrieb Ihr Vertrauen. Wir bieten Ihnen unter anderem schicke Markisen und Rolll\u00e4den und legen massiv Wert auf einen indivduellen Service. Schon seit vielen Jahren sind wir spezialisierter Fachbetrieb f\u00fcr Rolll\u00e4den, Markisen, Terrassend\u00e4cher und Au\u00dfenjalousien im Raum L\u00fcneburg. Es ist uns wichtig, dass Sie lange Jahre viel Freude an Ihrem Sicht und Sonnenschutz haben. Von einem Fachbetrieb d\u00fcrfen Sie zu Recht eine absolute Top-Leistung erwarten.<\/p>\n<h3>Dirk Kaduk Bauelemente \u2013 Ihr Fachbetrieb f\u00fcr Sicherheit und Sonnenschutz<\/h3>\n<p>Als Fachbetrieb darf sich ein Unternehmen bezeichnen, deren Angestellte \u00fcber nachweisbare Qualifikationen verf\u00fcgen. Dies ist beispielsweise eine entsprechende Berufsausbildung oder ein Meisterbrief. Auch zeichnet eine langj\u00e4hrige praktische Erfahrung einen Fachbetrieb aus. Bereits seit vielen Jahren konzentrieren wir uns als spezialisiertes Unternehmen auf Sonnenschutz und Sicherheit von H\u00e4usern. In diesen langen Jahren haben wir uns das Attribut Fachbetrieb ganz sicher erarbeitet. Wir verarbeiten nur hervorragende Materialien. Dabei achten wir stets auf ein sehr gutes Preis-Leistungsverh\u00e4ltnis. Unsere \u00dcberzeugung als Fachbetrieb: Wir bieten Ihnen hervorragende Qualit\u00e4t zu einem 1a- Preis.<\/p>","popseo_links":"<a href=\"https:\/\/www.kaduk-bauelemente.de\/leistungen\/aussenjalousien-stelle\/\">Au\u00dfenjalousien Stelle<\/a>, <a href=\"https:\/\/www.kaduk-bauelemente.de\/leistungen\/sektionaltore-bienenbuettel\/\">Sektionaltore Bienenb\u00fcttel<\/a>, <a href=\"https:\/\/www.kaduk-bauelemente.de\/leistungen\/rollladen-jesteburg\/\">Rollladen Jesteburg<\/a>, <a href=\"https:\/\/www.kaduk-bauelemente.de\/leistungen\/tueren-schwarzenbek\/\">T\u00fcren Schwarzenbek<\/a>, <a href=\"https:\/\/www.kaduk-bauelemente.de\/leistungen\/kunststofffenster-lueneburg\/\">Kunststofffenster L\u00fcneburg<\/a>, <a href=\"https:\/\/www.kaduk-bauelemente.de\/leistungen\/carports-lueneburg\/\">Carports L\u00fcneburg<\/a>, <a href=\"https:\/\/www.kaduk-bauelemente.de\/leistungen\/fliegengitter-salzhausen\/\">Fliegengitter Salzhausen<\/a>, <a href=\"https:\/\/www.kaduk-bauelemente.de\/leistungen\/garagen-geesthacht\/\">Garagen Geesthacht<\/a>, <a href=\"https:\/\/www.kaduk-bauelemente.de\/leistungen\/terrassendaecher-aus-holz-stelle\/\">Terrassend\u00e4cher aus Holz Stelle<\/a>, <a href=\"https:\/\/www.kaduk-bauelemente.de\/leistungen\/terrassendaecher-aus-aluminium-stelle\/\">Terrassend\u00e4cher aus Aluminium Stelle<\/a>, <a href=\"https:\/\/www.kaduk-bauelemente.de\/leistungen\/zaeune-geesthacht\/\">Z\u00e4une Geesthacht<\/a>, <a href=\"https:\/\/www.kaduk-bauelemente.de\/leistungen\/rollladen-seevetal-rosengarten\/\">Rollladen Seevetal Rosengarten<\/a>, <a href=\"https:\/\/www.kaduk-bauelemente.de\/leistungen\/kunststofffenster-jesteburg\/\">Kunststofffenster Jesteburg<\/a>, <a href=\"https:\/\/www.kaduk-bauelemente.de\/leistungen\/terrassenueberdachungen-aus-aluminium-stelle\/\">Terrassen\u00fcberdachungen aus Aluminium Stelle<\/a>, <a href=\"https:\/\/www.kaduk-bauelemente.de\/leistungen\/terrassenueberdachungen-aus-holz-geesthacht\/\">Terrassen\u00fcberdachungen aus Holz Geesthacht<\/a>, <a href=\"https:\/\/www.kaduk-bauelemente.de\/leistungen\/raffstores-buchholz\/\">Raffstores Buchholz<\/a>, <a href=\"https:\/\/www.kaduk-bauelemente.de\/leistungen\/markisen-jesteburg\/\">Markisen Jesteburg<\/a>, <a href=\"https:\/\/www.kaduk-bauelemente.de\/leistungen\/holzfenster-jesteburg\/\">Holzfenster Jesteburg<\/a>, <a href=\"https:\/\/www.kaduk-bauelemente.de\/leistungen\/markisen-lueneburg\/\">Markisen L\u00fcneburg<\/a>, <a href=\"https:\/\/www.kaduk-bauelemente.de\/leistungen\/fliegengitter-schwarzenbek\/\">Fliegengitter Schwarzenbek<\/a>, <a href=\"https:\/\/www.kaduk-bauelemente.de\/leistungen\/holzfenster-bispingen\/\">Holzfenster Bispingen<\/a>, <a href=\"https:\/\/www.kaduk-bauelemente.de\/leistungen\/terrassendaecher-aus-aluminium-bienenbuettel\/\">Terrassend\u00e4cher aus Aluminium Bienenb\u00fcttel<\/a>, <a href=\"https:\/\/www.kaduk-bauelemente.de\/leistungen\/fenster-bienenbuettel\/\">Fenster Bienenb\u00fcttel<\/a>, <a href=\"https:\/\/www.kaduk-bauelemente.de\/leistungen\/holzfenster-harburg\/\">Holzfenster Harburg<\/a>, <a href=\"https:\/\/www.kaduk-bauelemente.de\/leistungen\/terrassenueberdachungen-aus-holz-reppenstedt\/\">Terrassen\u00fcberdachungen aus Holz Reppenstedt<\/a>, <a href=\"https:\/\/www.kaduk-bauelemente.de\/leistungen\/fenster-herzogtum-lauenburg\/\">Fenster Herzogtum Lauenburg<\/a>"},"_links":{"self":[{"href":"https:\/\/www.kaduk-bauelemente.de\/leistungen\/wp-json\/wp\/v2\/pages\/4532","targetHints":{"allow":["GET"]}}],"collection":[{"href":"https:\/\/www.kaduk-bauelemente.de\/leistungen\/wp-json\/wp\/v2\/pages"}],"about":[{"href":"https:\/\/www.kaduk-bauelemente.de\/leistungen\/wp-json\/wp\/v2\/types\/page"}],"author":[{"embeddable":true,"href":"https:\/\/www.kaduk-bauelemente.de\/leistungen\/wp-json\/wp\/v2\/users\/1"}],"replies":[{"embeddable":true,"href":"https:\/\/www.kaduk-bauelemente.de\/leistungen\/wp-json\/wp\/v2\/comments?post=4532"}],"version-history":[{"count":0,"href":"https:\/\/www.kaduk-bauelemente.de\/leistungen\/wp-json\/wp\/v2\/pages\/4532\/revisions"}],"wp:attachment":[{"href":"https:\/\/www.kaduk-bauelemente.de\/leistungen\/wp-json\/wp\/v2\/media?parent=4532"}],"curies":[{"name":"wp","href":"https:\/\/api.w.org\/{rel}","templated":true}]}}