{"id":4530,"date":"2021-08-25T12:19:25","date_gmt":"2021-08-25T10:19:25","guid":{"rendered":"https:\/\/www.kaduk-bauelemente.de\/leistungen\/rolltore-boizenburg\/"},"modified":"2021-08-25T12:19:25","modified_gmt":"2021-08-25T10:19:25","slug":"rolltore-boizenburg","status":"publish","type":"page","link":"https:\/\/www.kaduk-bauelemente.de\/leistungen\/rolltore-boizenburg\/","title":{"rendered":"Rolltore &#8211; Boizenburg"},"content":{"rendered":"<h3>Unser Kundenservice informiert Sie \u00fcber Rolltore<\/h3>\n<p>Rolltore funktionieren nach einem einfachen Prinzip: Die einzelnen Einzelelemente sind bewegbar und k\u00f6nnen entweder per Hand oder automatisch runter- und hochgefahren werden. Durch den Fachmann angebracht, bieten Rolltore einen einwandfreien und einbruchshemmenden Verschluss f\u00fcr eine Garage oder einen Nutzrauml. F\u00fcr welche Art von Rolltor Sie sich schlu\u00dfendlich entscheiden: Die Park- und Nutzfl\u00e4che in der Garage oder dem betreffenden Nutz- oder Abstellraum wird garantiert bestens genutzt. Um Ihnen ein individuelles Angebot f\u00fcr geeignete Rolltore ausarbeiten zu k\u00f6nnen, begutachten wir Ihre Garage dazu auch direkt vor Ort. <\/p>\n<h3>Rolltore in gro\u00dfer Auswahl!<\/h3>\n<p>Die Spezialisten unserer Unternehmung unterbreiten Ihnen sehr gerne unterschiedliche Alternativen. Ihre Vorstellungen und W\u00fcnsche stehen dabei immer an erster Stelle. In unserem Ausstellungsraum pr\u00e4sentieren wir Ihnen von Montag bis Freitag in der Zeit von 9.00 und 18.00 Uhr sowie samstags zwischen 9:00 und 13:00 Uhr zahllose Umsetzungsm\u00f6glichkeiten.<br \/>\nNat\u00fcrlich sind wir auch in Sachen Reparatur, Instandsetzung und Wartung Ihr Ansprechpartner.<\/p>\n","protected":false},"excerpt":{"rendered":"<p>Unser Kundenservice informiert Sie \u00fcber Rolltore Rolltore funktionieren nach einem einfachen Prinzip: Die einzelnen Einzelelemente sind bewegbar und k\u00f6nnen entweder per Hand oder automatisch runter- und hochgefahren werden. Durch den Fachmann angebracht, bieten Rolltore einen einwandfreien und einbruchshemmenden Verschluss f\u00fcr eine Garage oder einen Nutzrauml. F\u00fcr welche Art von Rolltor Sie sich schlu\u00dfendlich entscheiden: Die [&hellip;]<\/p>\n","protected":false},"author":1,"featured_media":0,"parent":0,"menu_order":0,"comment_status":"closed","ping_status":"closed","template":"","meta":{"footnotes":""},"class_list":["post-4530","page","type-page","status-publish","hentry"],"meta_box":{"popseo_subtitel":"Wir sind Ihr Fachbetrieb f\u00fcr Rolltore in Boizenburg","popseo_subtitel2":"Rolltore - bei uns in gro\u00dfer Auswahl","popseo_lasttitel":"Rolltore: Unsere Mitarbeiter beantworten gerne Ihre Fragen","popseo_region":"Boizenburg","popseo_sachwort":"Rolltore","popseo_noupdate":"","popseo_einleitungstext":"<p>Sehr gerne informieren wir Sie n\u00e4her \u00fcber unsere Produkte und unser Aufgabenfeld. Wir nennen Ihnen mit Vergn\u00fcgen auch ein paar Projekte, die Ihnen einen Einblick in unsere T\u00e4tigkeit geben.<br \/>\nWir sind f\u00fcr Sie da. Rufen Sie uns doch rasch einmal an oder schreiben Sie uns eine kurze E-Mail. Wir freuen uns auf Sie.<\/p>","popseo_schlusstext":"<p>Wenn Sie mehr wissen m\u00f6chten, informieren wir Sie n\u00e4her \u00fcber unsere Produkte und unser Aufgabenfeld. Wir nennen Ihnen mit Vergn\u00fcgen auch ein paar Referenzprojekte, die Ihnen einen Einblick in unsere Firment\u00e4tigkeit geben.<br \/>\nWir sind f\u00fcr Sie da. Rufen Sie uns doch einfach einmal an oder schreiben Sie uns eine schnelle E-Mail. Wir freuen uns auf Sie.<\/p>","popseo_stadttext":"<h3>Unser Leistungsprogramm f\u00fcr Kunden aus Boizenburg<\/h3>\n<p>Unser Einzugsbereich umfasst auch Boizenburg. Durch unsere T\u00e4tigkeit haben wir uns einen sehr guten \u00dcberblick \u00fcber die Stadtarchitektur der St\u00e4dte und Gemeinden unseres Vertriebsgebietes erarbeiten k\u00f6nnen. Wir f\u00fchlen uns der Region verpflichtet und freuen uns dar\u00fcber, auch einen Anteil zur gesunden Infrastruktur der Stadt Boizenburg beisteuern zu d\u00fcrfen.  <\/p>\n<h3>Ein paar Hintergrundinformationen zu Boizenburg<\/h3>\n<p>Die Stadt Boizenburg liegt im Kreis Ludwigslust-Parchim in Mecklenburg-Vorpommern. In Boizenburg leben circa 10.000 Einwohner auf einer Fl\u00e4che von 47 Quadratkilometer. Die Bezeichnung Boizenburg leitet sich ab vom Fluss Boitze. Dieser flie\u00dft unmittelbar durch das Gemeindegebiet. Allgemein bekannter d\u00fcrfte jedoch sein, dass Boizenburg an der Elbe liegt. Boizenburg teilt sich auf in zusammen f\u00fcnf Ortsteile. Dies sind Bahlenburg, Bahlen, Gehrum, Heide und Gothmann. <\/p>\n<p>Boizenburg ist eine verh\u00e4ltnism\u00e4\u00dfig alte Stadt. Zum ersten Mal erw\u00e4hnt wurde die Stadt schon im Jahre 1171. W\u00e4hrend der der Zeit der deutschen Teilung war Boizenburg ziemlich abgeschieden. Die einstmalige Deutsch-Deutsche-Grenze lief direkt entlang des Stadtgebietes von Boizenburg. Zu dieser Zeit war Boizenburg Sperrzone. B\u00fcrger und G\u00e4ste der Stadt ben\u00f6tigten f\u00fcher einen extra Durchgangsschein. Eine Einschr\u00e4nkung der pers\u00f6nlichen Freiheit, die heute zum Gl\u00fcck gar nicht mehr nachvollziehbar ist. <\/p>\n<h3>Reizvolles Boizenburg!<\/h3>\n<p>Nach dem Zusammenschluss der beiden deutschen Staaten bl\u00fchte Boizenburg regelrecht auf. Der alte Stadtkern wurde grundsaniert. Auch der kleine Elbhafen wurde umfangreich neu gestaltet. Heute ist Boizenburg eine wunderbar gelegene Kleinstadt, die ihren B\u00fcrgern ein sehr gutes Lebensumfeld bietet. Die Innenstadt von Boizenburg wird von einer mittelalterlichen Wallanlage beherrscht. Viele Fachwerkh\u00e4user runden das Stadtbild ab. Besonders ins Auge fallend ist auch das Rathaus Boizenburg - das liebreizende Fachwerkhaus wurde im Jahre 1711 errichtet. Au\u00dferdem pr\u00e4gt insbesondere die St. Marien Kirche die Anmutung der mecklenburgischen Stadt.<\/p>\n<p>Das Wirtschaftsleben von Boizenburg ist gepr\u00e4gt von mittelst\u00e4ndischen Unternehmen. Reichlich 50 Hektar Gewerbefl\u00e4che steht in Boizenburg bereit. Eine Erweiterung ist geplant. F\u00fcr junge Familien ist Boizenburg als Wohnort von Interesse. Das Sport- und Kulturangebot \u00fcberrascht durch seine Vielf\u00e4ltigkeit. Schulische Einrichtungen aller Art und Kindertagesst\u00e4tten sind in ausreichender Anzahl vorhanden.  <\/p>\n<h4>Unsere Leistung f\u00fcr qualit\u00e4tsbewusste Kunden aus Boizenburg<\/h4>\n<p>Prima, dass Sie unsere Internetseite entdeckt haben. Wenn Sie eine erfahrene Fachfirma suchen, sind Sie bei uns an der richtigen Adresse. Sie m\u00f6chten mehr \u00fcber uns erfahren? F\u00fcr R\u00fcckfragen stehen wir Ihnen jederzeit zur Verf\u00fcgung. Auf den Kontakt zu Ihnen freuen wir uns.<\/p>","popseo_zusatztext":"<h3>Gute Qualit\u00e4t \u2013 g\u00fcnstig und preiswert<\/h3>\n<p>Bauelemente m\u00fcssen h\u00f6chsten Erwartungen gerecht werden. Nichtsdestrotrotz mu\u00df es g\u00fcnstig und preiswert sein. Das muss generell kein Widerspruch sein. <\/p>\n<p>Als Fachbetrieb f\u00fcr Sonnenschutz und Sicherheit verarbeiten wir ausschlie\u00dflich ausgezeichnete Erzeugnisse. Trotzdem schauen wir immer auf ein passendes Preis-Leistungsverh\u00e4ltnis. Wir m\u00f6chten Ihnen Qualit\u00e4t anbieten, die trotzdem auch g\u00fcnstig und preiswert ist. Geben Sie Ihrem Zuhause g\u00fcnstig und preiswert das besondere Plus an Qualit\u00e4t. Markisen und Rolll\u00e4den oder andere Sonnenschutzl\u00f6sungen sehen nicht nur hervorragend aus, sie leisten auch einen wichtigen Anteil zur W\u00e4rmed\u00e4mmung.  <\/p>\n<h3>G\u00fcnstig und preiswert \u2013 trotzdem individuell und schick<\/h3>\n<p>D\u00fcrfen wir Sie beraten, wie Sie g\u00fcnstig und preiswert einen perfekten Sonnenschutz f\u00fcr Ihr Zuhause verwirklichen? Klasse, dann warten Sie bitte nicht und nehmen am besten gleich heute noch Verbindung mit uns auf. Ein kurzer Anruf oder eine schnelle E-Mail gen\u00fcgen. Gern informieren Sie unsere gut geschulten Profis \u00fcber die unterschiedlichen M\u00f6glichkeiten, wie Sie Ihr Heim g\u00fcnstig und preiswert mit Markisen und Rolll\u00e4den oder anderen Sonnenschutzprodukten ausstatten. Wir freuen uns auf den Austausch mit Ihnen. <\/p>\n<h4>G\u00fcnstig und preiswert \u2013 manchmal macht auch der Preis den Unterschied<\/h4>\n<p>Z\u00e4hlen Sie beim Thema Sonnenschutz und Sicherheit auf den Fachmann. Nur ein Fachbetrieb kennt die unterschiedlichen M\u00f6glichkeiten, wie Sie g\u00fcnstig und preiswert, gleichzeitig qualitativ hochwertig einen tadellosen Sonnenschutz erreichen. Qualit\u00e4tsbewusst, g\u00fcnstig und preiswert: Wir empfehlen uns als spezialisiertes Fachunternehmen im norddeutschen Raum. Unsere langj\u00e4hrige Erfahrung zeichnet uns aus.<\/p>","popseo_links":"<a href=\"https:\/\/www.kaduk-bauelemente.de\/leistungen\/terrassenueberdachungen-aus-holz-stelle\/\">Terrassen\u00fcberdachungen aus Holz Stelle<\/a>, <a href=\"https:\/\/www.kaduk-bauelemente.de\/leistungen\/carports-bergedorf-wentorf\/\">Carports Bergedorf Wentorf<\/a>, <a href=\"https:\/\/www.kaduk-bauelemente.de\/leistungen\/garagentore-uelzen\/\">Garagentore Uelzen<\/a>, <a href=\"https:\/\/www.kaduk-bauelemente.de\/leistungen\/garagen-bad-bevensen\/\">Garagen Bad Bevensen<\/a>, <a href=\"https:\/\/www.kaduk-bauelemente.de\/leistungen\/fliegengitter-bardowick\/\">Fliegengitter Bardowick<\/a>, <a href=\"https:\/\/www.kaduk-bauelemente.de\/leistungen\/insektenschutz-harburg\/\">Insektenschutz Harburg<\/a>, <a href=\"https:\/\/www.kaduk-bauelemente.de\/leistungen\/terrassendaecher-aus-aluminium-adendorf\/\">Terrassend\u00e4cher aus Aluminium Adendorf<\/a>, <a href=\"https:\/\/www.kaduk-bauelemente.de\/leistungen\/kunststofffenster-buchholz\/\">Kunststofffenster Buchholz<\/a>, <a href=\"https:\/\/www.kaduk-bauelemente.de\/leistungen\/terrassendaecher-aus-aluminium-hanstedt\/\">Terrassend\u00e4cher aus Aluminium Hanstedt<\/a>, <a href=\"https:\/\/www.kaduk-bauelemente.de\/leistungen\/aussenjalousien-bardowick\/\">Au\u00dfenjalousien Bardowick<\/a>, <a href=\"https:\/\/www.kaduk-bauelemente.de\/leistungen\/aussenjalousien-bispingen\/\">Au\u00dfenjalousien Bispingen<\/a>, <a href=\"https:\/\/www.kaduk-bauelemente.de\/leistungen\/holzfenster-tostedt-sittensen\/\">Holzfenster Tostedt Sittensen<\/a>, <a href=\"https:\/\/www.kaduk-bauelemente.de\/leistungen\/carports-hanstedt\/\">Carports Hanstedt<\/a>, <a href=\"https:\/\/www.kaduk-bauelemente.de\/leistungen\/kunststofffenster-jesteburg\/\">Kunststofffenster Jesteburg<\/a>, <a href=\"https:\/\/www.kaduk-bauelemente.de\/leistungen\/haustueren-bad-bevensen\/\">Haust\u00fcren Bad Bevensen<\/a>, <a href=\"https:\/\/www.kaduk-bauelemente.de\/leistungen\/garagen-harburg\/\">Garagen Harburg<\/a>, <a href=\"https:\/\/www.kaduk-bauelemente.de\/leistungen\/rolllaeden-bad-bevensen\/\">Rolll\u00e4den Bad Bevensen<\/a>, <a href=\"https:\/\/www.kaduk-bauelemente.de\/leistungen\/holzfenster-winsen-luhe\/\">Holzfenster Winsen Luhe<\/a>, <a href=\"https:\/\/www.kaduk-bauelemente.de\/leistungen\/terrassendaecher-aus-holz-buechen\/\">Terrassend\u00e4cher aus Holz B\u00fcchen<\/a>, <a href=\"https:\/\/www.kaduk-bauelemente.de\/leistungen\/terrassendaecher-aus-holz-tostedt-sittensen\/\">Terrassend\u00e4cher aus Holz Tostedt Sittensen<\/a>, <a href=\"https:\/\/www.kaduk-bauelemente.de\/leistungen\/terrassenueberdachungen-aus-holz-bergedorf-wentorf\/\">Terrassen\u00fcberdachungen aus Holz Bergedorf Wentorf<\/a>, <a href=\"https:\/\/www.kaduk-bauelemente.de\/leistungen\/garagen-ebstorf\/\">Garagen Ebstorf<\/a>, <a href=\"https:\/\/www.kaduk-bauelemente.de\/leistungen\/fliegengitter-salzhausen\/\">Fliegengitter Salzhausen<\/a>, <a href=\"https:\/\/www.kaduk-bauelemente.de\/leistungen\/raffstores-tostedt-sittensen\/\">Raffstores Tostedt Sittensen<\/a>, <a href=\"https:\/\/www.kaduk-bauelemente.de\/leistungen\/rollladen-winsen-luhe\/\">Rollladen Winsen Luhe<\/a>, <a href=\"https:\/\/www.kaduk-bauelemente.de\/leistungen\/rolllaeden-schwarzenbek\/\">Rolll\u00e4den Schwarzenbek<\/a>"},"_links":{"self":[{"href":"https:\/\/www.kaduk-bauelemente.de\/leistungen\/wp-json\/wp\/v2\/pages\/4530","targetHints":{"allow":["GET"]}}],"collection":[{"href":"https:\/\/www.kaduk-bauelemente.de\/leistungen\/wp-json\/wp\/v2\/pages"}],"about":[{"href":"https:\/\/www.kaduk-bauelemente.de\/leistungen\/wp-json\/wp\/v2\/types\/page"}],"author":[{"embeddable":true,"href":"https:\/\/www.kaduk-bauelemente.de\/leistungen\/wp-json\/wp\/v2\/users\/1"}],"replies":[{"embeddable":true,"href":"https:\/\/www.kaduk-bauelemente.de\/leistungen\/wp-json\/wp\/v2\/comments?post=4530"}],"version-history":[{"count":0,"href":"https:\/\/www.kaduk-bauelemente.de\/leistungen\/wp-json\/wp\/v2\/pages\/4530\/revisions"}],"wp:attachment":[{"href":"https:\/\/www.kaduk-bauelemente.de\/leistungen\/wp-json\/wp\/v2\/media?parent=4530"}],"curies":[{"name":"wp","href":"https:\/\/api.w.org\/{rel}","templated":true}]}}