{"id":4529,"date":"2021-08-25T12:19:13","date_gmt":"2021-08-25T10:19:13","guid":{"rendered":"https:\/\/www.kaduk-bauelemente.de\/leistungen\/rolltore-bispingen\/"},"modified":"2021-08-25T12:19:13","modified_gmt":"2021-08-25T10:19:13","slug":"rolltore-bispingen","status":"publish","type":"page","link":"https:\/\/www.kaduk-bauelemente.de\/leistungen\/rolltore-bispingen\/","title":{"rendered":"Rolltore &#8211; Bispingen"},"content":{"rendered":"<h3>Wir informieren Sie \u00fcber Rolltore<\/h3>\n<p>Rolltore arbeiten nach einem sehr simplen Prinzip: Die jeweiligen Elemente sind beweglich und k\u00f6nnen entweder per Handbetrieb oder automatisch hoch- und runtergefahren werden. Fachm\u00e4nnisch montiert, bieten Rolltore einen einwandfreien und einbruchshemmenden Verschluss f\u00fcr eine Garage oder einen Abstellraum. F\u00fcr welche Art von Rolltor Sie sich schlu\u00dfendlich entscheiden: Die Nutz- und Parkfl\u00e4che in der Garage oder dem Abstellraum wird bestimmt optimal genutzt. Um Ihnen ein passendes Angebot f\u00fcr geeignete Rolltore machen zu k\u00f6nnen, besichtigen wir Ihre Garage auch direkt vor Ort. <\/p>\n<h3>Rolltore in gro\u00dfer Auswahl!<\/h3>\n<p>Die Experten unserer Firma unterbreiten Ihnen sehr gerne verschiedene Alternativen. Ihre Vorstellungen und W\u00fcnsche stehen hierbei stets an erster Stelle. In unserem Ausstellungsraum pr\u00e4sentieren wir Ihnen von Montag bis Freitag zwischen 9.00 und 18.00 Uhr sowie am Samstag in der Zeit von 9:00 und 13:00 Uhr viele Umsetzungsm\u00f6glichkeiten.<br \/>\nNat\u00fcrlich sind wir auch in Sachen Reparatur, Instandsetzung und Wartung Ihr Ansprechpartner.<\/p>\n","protected":false},"excerpt":{"rendered":"<p>Wir informieren Sie \u00fcber Rolltore Rolltore arbeiten nach einem sehr simplen Prinzip: Die jeweiligen Elemente sind beweglich und k\u00f6nnen entweder per Handbetrieb oder automatisch hoch- und runtergefahren werden. Fachm\u00e4nnisch montiert, bieten Rolltore einen einwandfreien und einbruchshemmenden Verschluss f\u00fcr eine Garage oder einen Abstellraum. F\u00fcr welche Art von Rolltor Sie sich schlu\u00dfendlich entscheiden: Die Nutz- und [&hellip;]<\/p>\n","protected":false},"author":1,"featured_media":0,"parent":0,"menu_order":0,"comment_status":"closed","ping_status":"closed","template":"","meta":{"footnotes":""},"class_list":["post-4529","page","type-page","status-publish","hentry"],"meta_box":{"popseo_subtitel":"Wir sind Ihr erfahrener Experte f\u00fcr Rolltore im Raum Bispingen","popseo_subtitel2":"Rolltore - unsere Fachkr\u00e4fte beraten Sie gerne","popseo_lasttitel":"Rolltore: D\u00fcrfen wir Ihre Fragen beantworten?","popseo_region":"Bispingen","popseo_sachwort":"Rolltore","popseo_noupdate":"","popseo_einleitungstext":"<p>Gerne informieren wir Sie n\u00e4her \u00fcber unser Produkt- und T\u00e4tigkeitsspektrum. Wir zeigen Ihnen mit Vergn\u00fcgen auch einige Projekte, die Ihnen einen Einblick in unsere Firment\u00e4tigkeit geben.<br \/>\nSchenken Sie uns Ihr Vertrauen. Rufen Sie uns doch einfach einmal an oder senden Sie uns eine kurze E-Mail. Wir freuen uns auf Sie.<\/p>","popseo_schlusstext":"<p>Sehr gerne informieren wir Sie n\u00e4her \u00fcber unsere Produkte und unser Aufgabenfeld. Wir zeigen Ihnen mit Vergn\u00fcgen auch ein paar Referenzen, die Ihnen einen Einblick in unsere Firment\u00e4tigkeit geben.<br \/>\nSchenken Sie uns Ihr Vertrauen. Rufen Sie uns doch einfach einmal an oder schicken Sie uns eine schnelle E-Mail. Wir freuen uns auf Sie.<\/p>","popseo_stadttext":"<h3>Leben und Wohnen in Bispingen<\/h3>\n<p>Bispingen ist eine Einheitsgemeinde im Zentrum der L\u00fcneburger Heide. Verwaltungstechnisch geh\u00f6rt die Gemeinde zum Kreis Heidekreis. Bispingen hat knapp 6.000 registrierte Einwohner und streckt sich \u00fcber eine Gesamtfl\u00e4che von etwa 128 qkm. Man erreicht man den Ort mit dem PKW \u00fcber die Bundesautobahn BAB 7. Direkt an der Abfahrt 43 sieht man bereits von Weitem dem Snowdome Bispingen, eine Skihalle, die sich seit 2006 gr\u00f6\u00dfter Popularit\u00e4t erfreut<\/p>\n<p>Durch unsere Vertriebst\u00e4tigkeit haben wir uns einen guten \u00dcberblick \u00fcber die Architektur der St\u00e4dte und Gemeinden unseres Einzugsbereiches machen k\u00f6nnen. Sie kommen aus Bispingen und sind hier im Internet auf unsere Website gesto\u00dfen? Das finden wir toll. Sehr gerne pr\u00e4sentieren wir Ihnen unser komplettes Leistungsspektrum und beantworten Ihre Fragen. Wir freuen uns darauf, mit Ihnen ins Gespr\u00e4ch zu kommen. <\/p>\n<h3>Leben und Arbeiten in Bispingen<\/h3>\n<p>Durch die die Gemeinde umgebende Heideregion und den Snowdome ist die attraktive Einheitsgemeinde touristisch besonders interessant. Neben einem gesunden Mix von verschiedenen Einzelhandelsgesch\u00e4ften, finden sich au\u00dferdem zahllose Pensionen, Hotels und Lokale im Gemeindegebiet.  Bispingen ist ansonsten ein sehr familienfreundlicher Ort und bietet den Einwohnern ein absolut attaktives Umfeld zum Leben und Arbeiten. Die Gemeinde Bispingen hat eine gute Infrastruktur und bestens ausgebaute Wohnquartiere. Die Einzelhausbebauung \u00fcberwiegt. Gr\u00f6\u00dfere Wohnblocks gibt es in Bispingen nicht.<\/p>\n<h4>Privat- und Gesch\u00e4ftskunden aus Bispingenl sch\u00e4tzen unsere Leistungen!<\/h4>\n<p>Sie wohnen in Bispingen oder Umgebung und interessieren sich f\u00fcr unser Angebot. Toll, das Sie unsere Internetseite entdeckt haben. F\u00fcr R\u00fcckfragen sind wir jederzeit f\u00fcr Sie da. Auf den Kontakt zu Ihnen freuen wir uns.<\/p>","popseo_zusatztext":"<h3>G\u00fcnstig und preiswert ohne Abstriche bei der Qualit\u00e4t<\/h3>\n<p>Bauelemente m\u00fcssen gehobenen Anforderungen standhalten. Nichtsdestrotrotz soll es g\u00fcnstig und preiswert sein. Das muss absolut kein Gegensatz sein. <\/p>\n<p>Als Fachbetrieb f\u00fcr Sonnenschutz und Sicherheit verarbeiten wir nur hochwertige Produkte. Nichtsdestotrotz achten wir grunds\u00e4tzlich auf ein angemessenes Preis-Leistungsverh\u00e4ltnis. Wir m\u00f6chten Ihnen Spitzenqualit\u00e4t anbieten, die zugleich auch g\u00fcnstig und preiswert ist. Geben Sie Ihrem Heim g\u00fcnstig und preiswert das gewisse Mehr an Qualit\u00e4t. Markisen und Rolll\u00e4den oder andere Sonnenschutzl\u00f6sungen sehen nicht nur hervorragend aus, sie leisten auch einen bedeutsamen Anteil zur W\u00e4rmed\u00e4mmung.  <\/p>\n<h3>G\u00fcnstig und preiswert \u2013 trotzdem individuell und schick<\/h3>\n<p>D\u00fcrfen wir Sie beraten, wie Sie g\u00fcnstig und preiswert einen optimalen Sonnenschutz f\u00fcr Ihr Zuhause umsetzen? Super, dann z\u00f6gern Sie bitte nicht und nehmen am besten sofort heute noch Kontakt mit uns auf. Ein kurzer Anruf oder eine kurze Mail gen\u00fcgen. Gerne informieren Sie unsere gut ausgebildeten Profis \u00fcber die unterschiedlichen M\u00f6glichkeiten, wie Sie Ihr Zuhause g\u00fcnstig und preiswert mit Rolll\u00e4den und Markisen oder anderen Sonnenschutzprodukten versehen. Wir freuen uns auf das Gespr\u00e4ch mit Ihnen. <\/p>\n<h4>Top-Qualit\u00e4t g\u00fcnstig und preiswert<\/h4>\n<p>Setzen Sie beim Thema Sonnenschutz und Sicherheit auf den Profi. Nur ein Fachbetrieb kennt die diversen M\u00f6glichkeiten, wie Sie g\u00fcnstig und preiswert, gleichzeitig qualitativ hochwertig einen perfekten Sonnenschutz erreichen. Qualit\u00e4tsbewusst, g\u00fcnstig und preiswert: Wir empfehlen uns als spezialisiertes Fachunternehmen im n\u00f6rdlichen Raum. Unsere gro\u00dfe Erfahrung spricht f\u00fcr uns.<\/p>","popseo_links":"<a href=\"https:\/\/www.kaduk-bauelemente.de\/leistungen\/rollladen-bienenbuettel\/\">Rollladen Bienenb\u00fcttel<\/a>, <a href=\"https:\/\/www.kaduk-bauelemente.de\/leistungen\/sektionaltore-bad-bevensen\/\">Sektionaltore Bad Bevensen<\/a>, <a href=\"https:\/\/www.kaduk-bauelemente.de\/leistungen\/aussenjalousien-winsen-luhe\/\">Au\u00dfenjalousien Winsen Luhe<\/a>, <a href=\"https:\/\/www.kaduk-bauelemente.de\/leistungen\/carports-bienenbuettel\/\">Carports Bienenb\u00fcttel<\/a>, <a href=\"https:\/\/www.kaduk-bauelemente.de\/leistungen\/raffstores-bispingen\/\">Raffstores Bispingen<\/a>, <a href=\"https:\/\/www.kaduk-bauelemente.de\/leistungen\/kunststofffenster-salzhausen\/\">Kunststofffenster Salzhausen<\/a>, <a href=\"https:\/\/www.kaduk-bauelemente.de\/leistungen\/sektionaltore-buechen\/\">Sektionaltore B\u00fcchen<\/a>, <a href=\"https:\/\/www.kaduk-bauelemente.de\/leistungen\/haustueren-ebstorf\/\">Haust\u00fcren Ebstorf<\/a>, <a href=\"https:\/\/www.kaduk-bauelemente.de\/leistungen\/insektenschutz-maschen\/\">Insektenschutz Maschen<\/a>, <a href=\"https:\/\/www.kaduk-bauelemente.de\/leistungen\/garagen-bardowick\/\">Garagen Bardowick<\/a>, <a href=\"https:\/\/www.kaduk-bauelemente.de\/leistungen\/tueren-seevetal-rosengarten\/\">T\u00fcren Seevetal Rosengarten<\/a>, <a href=\"https:\/\/www.kaduk-bauelemente.de\/leistungen\/rolllaeden-buchholz\/\">Rolll\u00e4den Buchholz<\/a>, <a href=\"https:\/\/www.kaduk-bauelemente.de\/leistungen\/raffstores-salzhausen\/\">Raffstores Salzhausen<\/a>, <a href=\"https:\/\/www.kaduk-bauelemente.de\/leistungen\/fenster-winsen-luhe\/\">Fenster Winsen Luhe<\/a>, <a href=\"https:\/\/www.kaduk-bauelemente.de\/leistungen\/zaeune-harburg\/\">Z\u00e4une Harburg<\/a>, <a href=\"https:\/\/www.kaduk-bauelemente.de\/leistungen\/carports-lueneburg\/\">Carports L\u00fcneburg<\/a>, <a href=\"https:\/\/www.kaduk-bauelemente.de\/leistungen\/kunststofffenster-hanstedt\/\">Kunststofffenster Hanstedt<\/a>, <a href=\"https:\/\/www.kaduk-bauelemente.de\/leistungen\/garagen-geesthacht\/\">Garagen Geesthacht<\/a>, <a href=\"https:\/\/www.kaduk-bauelemente.de\/leistungen\/insektenschutz-harburg\/\">Insektenschutz Harburg<\/a>, <a href=\"https:\/\/www.kaduk-bauelemente.de\/leistungen\/rollladen-herzogtum-lauenburg\/\">Rollladen Herzogtum Lauenburg<\/a>, <a href=\"https:\/\/www.kaduk-bauelemente.de\/leistungen\/terrassenueberdachungen-aus-holz-buechen\/\">Terrassen\u00fcberdachungen aus Holz B\u00fcchen<\/a>, <a href=\"https:\/\/www.kaduk-bauelemente.de\/leistungen\/terrassenueberdachungen-aus-aluminium-seevetal-rosengarten\/\">Terrassen\u00fcberdachungen aus Aluminium Seevetal Rosengarten<\/a>, <a href=\"https:\/\/www.kaduk-bauelemente.de\/leistungen\/sektionaltore-tostedt-sittensen\/\">Sektionaltore Tostedt Sittensen<\/a>, <a href=\"https:\/\/www.kaduk-bauelemente.de\/leistungen\/rollladen-jesteburg\/\">Rollladen Jesteburg<\/a>, <a href=\"https:\/\/www.kaduk-bauelemente.de\/leistungen\/holzfenster-reinbek-glinde\/\">Holzfenster Reinbek Glinde<\/a>, <a href=\"https:\/\/www.kaduk-bauelemente.de\/leistungen\/insektenschutz-reppenstedt\/\">Insektenschutz Reppenstedt<\/a>"},"_links":{"self":[{"href":"https:\/\/www.kaduk-bauelemente.de\/leistungen\/wp-json\/wp\/v2\/pages\/4529","targetHints":{"allow":["GET"]}}],"collection":[{"href":"https:\/\/www.kaduk-bauelemente.de\/leistungen\/wp-json\/wp\/v2\/pages"}],"about":[{"href":"https:\/\/www.kaduk-bauelemente.de\/leistungen\/wp-json\/wp\/v2\/types\/page"}],"author":[{"embeddable":true,"href":"https:\/\/www.kaduk-bauelemente.de\/leistungen\/wp-json\/wp\/v2\/users\/1"}],"replies":[{"embeddable":true,"href":"https:\/\/www.kaduk-bauelemente.de\/leistungen\/wp-json\/wp\/v2\/comments?post=4529"}],"version-history":[{"count":0,"href":"https:\/\/www.kaduk-bauelemente.de\/leistungen\/wp-json\/wp\/v2\/pages\/4529\/revisions"}],"wp:attachment":[{"href":"https:\/\/www.kaduk-bauelemente.de\/leistungen\/wp-json\/wp\/v2\/media?parent=4529"}],"curies":[{"name":"wp","href":"https:\/\/api.w.org\/{rel}","templated":true}]}}