{"id":4528,"date":"2021-08-25T12:19:13","date_gmt":"2021-08-25T10:19:13","guid":{"rendered":"https:\/\/www.kaduk-bauelemente.de\/leistungen\/rolltore-bienenbuettel\/"},"modified":"2021-08-25T12:19:13","modified_gmt":"2021-08-25T10:19:13","slug":"rolltore-bienenbuettel","status":"publish","type":"page","link":"https:\/\/www.kaduk-bauelemente.de\/leistungen\/rolltore-bienenbuettel\/","title":{"rendered":"Rolltore &#8211; Bienenb\u00fcttel"},"content":{"rendered":"<h3>Wir informieren Sie \u00fcber Rolltore<\/h3>\n<p>Rolltore funktionieren nach einem einfachen Prinzip: Die jeweiligen Elemente sind beweglich und k\u00f6nnen entweder mechanisch oder auf Knopfdruck hoch- und runtergefahren werden. Fachgerecht angebracht, bieten Rolltore einen perfekten und sicheren Verschluss f\u00fcr eine Garage oder einen Nutzrauml. F\u00fcr welches Modell vom Rolltor Sie sich schlu\u00dfendlich entscheiden: Die Nutz- und Parkfl\u00e4che in der Garage oder dem betreffenden Nutzraum wird auf jeden Fall optimal genutzt. Um Ihnen ein passendes Angebot f\u00fcr geeignete Rolltore ausarbeiten zu k\u00f6nnen, begutachten wir Ihre Garage dazu auch direkt vor Ort. <\/p>\n<h3>Rolltore vom Fachbetrieb<\/h3>\n<p>Die Fachleute unserer Handwerksfirma unterbreiten Ihnen sehr gerne verschiedene Empfehlungen. Ihre W\u00fcnsche und Vorstellungen stehen hierbei stets an erster Stelle. In unserer Ausstellung zeigen wir Ihnen montags bis freitags zwischen 9.00 und 18.00 Uhr sowie am Samstag in der Zeit von 9:00 und 13:00 Uhr zahlreiche L\u00f6sungsalternativen.<br \/>\nNat\u00fcrlich sind wir auch in Sachen Wartung, Instandsetzung und Reparatur Ihre Anlaufstation f\u00fcr L\u00fcneburg und Umgebung.<\/p>\n","protected":false},"excerpt":{"rendered":"<p>Wir informieren Sie \u00fcber Rolltore Rolltore funktionieren nach einem einfachen Prinzip: Die jeweiligen Elemente sind beweglich und k\u00f6nnen entweder mechanisch oder auf Knopfdruck hoch- und runtergefahren werden. Fachgerecht angebracht, bieten Rolltore einen perfekten und sicheren Verschluss f\u00fcr eine Garage oder einen Nutzrauml. F\u00fcr welches Modell vom Rolltor Sie sich schlu\u00dfendlich entscheiden: Die Nutz- und Parkfl\u00e4che [&hellip;]<\/p>\n","protected":false},"author":1,"featured_media":0,"parent":0,"menu_order":0,"comment_status":"closed","ping_status":"closed","template":"","meta":{"footnotes":""},"class_list":["post-4528","page","type-page","status-publish","hentry"],"meta_box":{"popseo_subtitel":"Wir sind Ihr Experte f\u00fcr Rolltore in Bienenb\u00fcttel","popseo_subtitel2":"Rolltore - wir f\u00fchren hochwertige Produkte","popseo_lasttitel":"Rolltore: Treten Sie in Kontakt mit uns!","popseo_region":"Bienenb\u00fcttel","popseo_sachwort":"Rolltore","popseo_noupdate":"","popseo_einleitungstext":"<p>Wenn es um Sonnenschutz und Sicherheit geht, sind Sie bei der Firma Kaduk genau an der richtigen Adresse. Seit Unternehmensgr\u00fcndung sind wir Ihr lokaler Fachbetrieb f\u00fcr qualitativ hochwertige Bauelemente. Zu unserem Produktangebot geh\u00f6ren unter anderem Markisen, Terrassend\u00e4cher, Rolltore, T\u00fcren, Fenster, Au\u00dfenjalousien, Rolll\u00e4den und Carports. Wir erledigen Reparatur- und Montagearbeiten und zeigen Ihnen Wege auf, wie Sie Ihre Wohn- oder Gesch\u00e4ftsgeb\u00e4ude mit zeitgem\u00e4\u00dfen Bauelementen ausr\u00fcsten k\u00f6nnen. Im Folgenden haben wir erste Informationen f\u00fcr Sie zusammengetragen.<\/p>","popseo_schlusstext":"<p>Wenn Sie mehr wissen m\u00f6chten, informieren wir Sie n\u00e4her \u00fcber unsere Produkte und unser Aufgabenfeld. Wir zeigen Ihnen mit Vergn\u00fcgen auch ein paar Projekte, die Ihnen einen Einblick in unsere Arbeit geben.<br \/>\nWir sind f\u00fcr Sie da. Rufen Sie uns doch einfach einmal an oder schicken Sie uns eine kurze E-Mail. Wir freuen uns auf den Kontakt zu Ihnen.<\/p>","popseo_stadttext":"<h3>Wir arbeiten gerne f\u00fcr Kunden aus Bienenb\u00fcttel<\/h3>\n<p>Bienenb\u00fcttel ist eine Einheitsgemeinde in der \u00f6stlichen L\u00fcneburger Heide. Formell z\u00e4hlt die Gemeinde zum Landkreis Uelzen. Bienenb\u00fcttel hat etwas weniger als 7.000 registrierte Einwohner und erstreckt sich \u00fcber ein Gesamtareal von knapp 99 qkm. Man erreicht man den Ort mit der Eisenbahn auf der Streckenverbindung Hannover-Hamburg und mit dem PKW \u00fcber die Bundesstra\u00dfe 4.<\/p>\n<p>Durch unsere Vertriebst\u00e4tigkeit haben wir uns einen ausgezeichneten \u00dcberblick \u00fcber die Stadtarchitektur der Gemeinden und St\u00e4dte unseres Einzugsbereiches erarbeiten k\u00f6nnen. Sie kommen aus Bienenb\u00fcttel und sind hier im World Wide Web auf unsere Website gesto\u00dfen? Das finden wir toll. Sehr gerne pr\u00e4sentieren wir Ihnen unser komplettes Leistungsspektrum und beantworten Ihre Fragen. Wir freuen uns darauf, mit Ihnen in Kontakt zu kommen. <\/p>\n<h3>Einige Informationen zur Stadt Bienenb\u00fcttel<\/h3>\n<p>Bienenb\u00fcttel kann auch als Pendlergemeinde bezeichnet werden. Viele Einwohner arbeiten in der Gro\u00dfstadt Hamburg, in Uelzen oder L\u00fcneburg, m\u00f6gen jedoch Bienenb\u00fcttel als Wohnstatt und Lebensmittelpunkt. Der ansehnliche nieders\u00e4chsische Ort ist eine moderne und vitale Gemeinde mit einer ansprechenden Baustruktur und attraktiven Wohnquartieren. Naturfreunde sch\u00e4tzen besonders die benachbarten Naherholungsgebiete der L\u00fcneburger Heide. Die zahlreichen Naturschutzgebiete laden zu ausgedehnten Wandertouren ein.<\/p>\n<h4>Wir f\u00fcr Sie in Bienenb\u00fcttel!<\/h4>\n<p>Sie leben in Bienenb\u00fcttel oder Umgebung und interessieren sich f\u00fcr unser Leistungsangebot. Klasse, dass Sie uns hier auf dieser Website entdeckt haben. F\u00fcr R\u00fcckfragen stehen wir Ihnen jederzeit zur Verf\u00fcgung. Auf den Kontakt zu Ihnen freuen wir uns.<\/p>","popseo_zusatztext":"<h3>Kaduk Bauelemente ist Ihr Fachbetrieb in Sachen Sicht- und Sonnenschutz<\/h3>\n<p>Vertrauen Sie in Sachen Sicherheit und Sonnenschutz unbedingt auf die fachspezifische Leistung vom Fachbetrieb. Nur ein Fachbetrieb kennt die Tricks und Tipps, wie man zu einem sehr guten Ergebnis kommt. Um sich mit Fug und Recht als Fachbetrieb zu titulieren, bedarf es einer qualifizierten Ausbildung der Mitarbeiter und einer jahrelangen Fachkenntnis.  <\/p>\n<p>Unsere Unternehmung empfiehlt sich als Ihr fachkundiger Fachbetrieb f\u00fcr Sicherheit und Sonnenschutz. Setzen Sie auf Qualit\u00e4t und schenken Sie unserem Fachbetrieb Ihr Vertrauen. Wir bieten Ihnen beispielsweise hochwertige Rolll\u00e4den und Markisen und legen allerh\u00f6chsten Wert auf einen perfekten Service. Schon seit vielen Jahren sind wir fachkundiger Fachbetrieb f\u00fcr Au\u00dfenjalousien, Rolll\u00e4den, Markisen und Terrassend\u00e4cher im Raum L\u00fcneburg. Es ist uns ein Anliegen, dass Sie dauerhaft viel Freude an Ihrem Sicht und Sonnenschutz haben. Von einem Fachbetrieb d\u00fcrfen Sie ohne Wenn und Aber eine absolute Top-Leistung erwarten.<\/p>\n<h3>Dirk Kaduk Bauelemente \u2013 Ihr Fachbetrieb f\u00fcr Sicherheit und Sonnenschutz<\/h3>\n<p>Als Fachbetrieb darf sich eine Firma bezeichnen, deren Mitarbeiter \u00fcber dokumentierte Qualifikationen verf\u00fcgen. Dies ist unter anderem eine entsprechende Ausbildung oder ein Meisterbrief. Au\u00dferdem zeichnet eine langj\u00e4hrige praktische Erfahrung einen Fachbetrieb aus. Bereits seit vielen Jahren konzentrieren wir uns als spezialisiertes Unternehmen auf Sonnenschutz und Sicherheit von Immobilien. In diesen langen Jahren haben wir uns die Bezeichnung Fachbetrieb sicherlich verdient. Wir nutzen ausnahmslos hervorragende Produkte. Hierbei achten wir immer auf ein ausgewogenes Preis-Leistungsverh\u00e4ltnis. Unsere \u00dcberzeugung als Fachbetrieb: Wir bieten Ihnen 1a-Leistung zu einem fairen Preis.<\/p>","popseo_links":"<a href=\"https:\/\/www.kaduk-bauelemente.de\/leistungen\/carports-buechen\/\">Carports B\u00fcchen<\/a>, <a href=\"https:\/\/www.kaduk-bauelemente.de\/leistungen\/insektenschutz-jesteburg\/\">Insektenschutz Jesteburg<\/a>, <a href=\"https:\/\/www.kaduk-bauelemente.de\/leistungen\/terrassendaecher-aus-aluminium-seevetal-rosengarten\/\">Terrassend\u00e4cher aus Aluminium Seevetal Rosengarten<\/a>, <a href=\"https:\/\/www.kaduk-bauelemente.de\/leistungen\/terrassenueberdachungen-aus-aluminium-winsen-luhe\/\">Terrassen\u00fcberdachungen aus Aluminium Winsen Luhe<\/a>, <a href=\"https:\/\/www.kaduk-bauelemente.de\/leistungen\/rollladen-maschen\/\">Rollladen Maschen<\/a>, <a href=\"https:\/\/www.kaduk-bauelemente.de\/leistungen\/carports-tostedt-sittensen\/\">Carports Tostedt Sittensen<\/a>, <a href=\"https:\/\/www.kaduk-bauelemente.de\/leistungen\/terrassendaecher-aus-aluminium-maschen\/\">Terrassend\u00e4cher aus Aluminium Maschen<\/a>, <a href=\"https:\/\/www.kaduk-bauelemente.de\/leistungen\/carports-bardowick\/\">Carports Bardowick<\/a>, <a href=\"https:\/\/www.kaduk-bauelemente.de\/leistungen\/fenster-ebstorf\/\">Fenster Ebstorf<\/a>, <a href=\"https:\/\/www.kaduk-bauelemente.de\/leistungen\/rollladen-seevetal-rosengarten\/\">Rollladen Seevetal Rosengarten<\/a>, <a href=\"https:\/\/www.kaduk-bauelemente.de\/leistungen\/insektenschutz-tostedt-sittensen\/\">Insektenschutz Tostedt Sittensen<\/a>, <a href=\"https:\/\/www.kaduk-bauelemente.de\/leistungen\/sektionaltore-bispingen\/\">Sektionaltore Bispingen<\/a>, <a href=\"https:\/\/www.kaduk-bauelemente.de\/leistungen\/terrassenueberdachungen-aus-aluminium-lueneburg\/\">Terrassen\u00fcberdachungen aus Aluminium L\u00fcneburg<\/a>, <a href=\"https:\/\/www.kaduk-bauelemente.de\/leistungen\/sektionaltore-maschen\/\">Sektionaltore Maschen<\/a>, <a href=\"https:\/\/www.kaduk-bauelemente.de\/leistungen\/insektenschutz-reppenstedt\/\">Insektenschutz Reppenstedt<\/a>, <a href=\"https:\/\/www.kaduk-bauelemente.de\/leistungen\/terrassendaecher-aus-holz-bergedorf-wentorf\/\">Terrassend\u00e4cher aus Holz Bergedorf Wentorf<\/a>, <a href=\"https:\/\/www.kaduk-bauelemente.de\/leistungen\/tueren-hanstedt\/\">T\u00fcren Hanstedt<\/a>, <a href=\"https:\/\/www.kaduk-bauelemente.de\/leistungen\/tueren-adendorf\/\">T\u00fcren Adendorf<\/a>, <a href=\"https:\/\/www.kaduk-bauelemente.de\/leistungen\/zaeune-herzogtum-lauenburg\/\">Z\u00e4une Herzogtum Lauenburg<\/a>, <a href=\"https:\/\/www.kaduk-bauelemente.de\/leistungen\/zaeune-buechen\/\">Z\u00e4une B\u00fcchen<\/a>, <a href=\"https:\/\/www.kaduk-bauelemente.de\/leistungen\/garagentore-geesthacht\/\">Garagentore Geesthacht<\/a>, <a href=\"https:\/\/www.kaduk-bauelemente.de\/leistungen\/terrassenueberdachungen-aus-holz-geesthacht\/\">Terrassen\u00fcberdachungen aus Holz Geesthacht<\/a>, <a href=\"https:\/\/www.kaduk-bauelemente.de\/leistungen\/aussenjalousien-jesteburg\/\">Au\u00dfenjalousien Jesteburg<\/a>, <a href=\"https:\/\/www.kaduk-bauelemente.de\/leistungen\/garagen-bergedorf-wentorf\/\">Garagen Bergedorf Wentorf<\/a>, <a href=\"https:\/\/www.kaduk-bauelemente.de\/leistungen\/haustueren-lueneburg\/\">Haust\u00fcren L\u00fcneburg<\/a>, <a href=\"https:\/\/www.kaduk-bauelemente.de\/leistungen\/terrassendaecher-aus-holz-adendorf\/\">Terrassend\u00e4cher aus Holz Adendorf<\/a>"},"_links":{"self":[{"href":"https:\/\/www.kaduk-bauelemente.de\/leistungen\/wp-json\/wp\/v2\/pages\/4528","targetHints":{"allow":["GET"]}}],"collection":[{"href":"https:\/\/www.kaduk-bauelemente.de\/leistungen\/wp-json\/wp\/v2\/pages"}],"about":[{"href":"https:\/\/www.kaduk-bauelemente.de\/leistungen\/wp-json\/wp\/v2\/types\/page"}],"author":[{"embeddable":true,"href":"https:\/\/www.kaduk-bauelemente.de\/leistungen\/wp-json\/wp\/v2\/users\/1"}],"replies":[{"embeddable":true,"href":"https:\/\/www.kaduk-bauelemente.de\/leistungen\/wp-json\/wp\/v2\/comments?post=4528"}],"version-history":[{"count":0,"href":"https:\/\/www.kaduk-bauelemente.de\/leistungen\/wp-json\/wp\/v2\/pages\/4528\/revisions"}],"wp:attachment":[{"href":"https:\/\/www.kaduk-bauelemente.de\/leistungen\/wp-json\/wp\/v2\/media?parent=4528"}],"curies":[{"name":"wp","href":"https:\/\/api.w.org\/{rel}","templated":true}]}}