{"id":4522,"date":"2021-08-25T12:19:13","date_gmt":"2021-08-25T10:19:13","guid":{"rendered":"https:\/\/www.kaduk-bauelemente.de\/leistungen\/rolltore-adendorf\/"},"modified":"2021-08-25T12:19:13","modified_gmt":"2021-08-25T10:19:13","slug":"rolltore-adendorf","status":"publish","type":"page","link":"https:\/\/www.kaduk-bauelemente.de\/leistungen\/rolltore-adendorf\/","title":{"rendered":"Rolltore &#8211; Adendorf"},"content":{"rendered":"<h3>Unser Kundenservice informiert Sie \u00fcber Rolltore<\/h3>\n<p>Die Arbeitsweise von Rolltoren ist relativ einfach: Die einzelnen Elemente sind beweglich und k\u00f6nnen entweder per Hand oder elektrisch runter- und hochgefahren werden. Fachm\u00e4nnisch angebracht, bieten Rolltore einen einwandfreien und sicheren Verschluss f\u00fcr eine Garage oder sonstigen Nutzraum. F\u00fcr welches Rolltor Sie sich letzten Endes entscheiden: Die Park- und Nutzfl\u00e4che in der Garage oder dem Abstellraum wird auf jeden Fall bestens genutzt. Um Ihnen ein individuelles Angebot f\u00fcr geeignete Rolltore unterbreiten zu k\u00f6nnen, besichtigen wir Ihre Garage dazu auch direkt vor Ort. <\/p>\n<h3>Rolltore \u2013 sicher, haltbar und von hoher Qualit\u00e4t!<\/h3>\n<p>Die Profis unserer Firma unterbreiten Ihnen gerne verschiedene Vorschl\u00e4ge. Ihre Vorstellungen und W\u00fcnsche stehen hierbei grunds\u00e4tzlich an erster Stelle. In unserer Ausstellung zeigen wir Ihnen montags bis freitags in der Zeit von 9.00 und 18.00 Uhr sowie am Samstag in der Zeit von 9:00 und 13:00 Uhr eine Reihe von L\u00f6sungsalternativen.<br \/>\nSelbstverst\u00e4ndlich sind wir auch in Sachen Wartung, Instandsetzung und Reparatur Ihr Ansprechpartner.<\/p>\n","protected":false},"excerpt":{"rendered":"<p>Unser Kundenservice informiert Sie \u00fcber Rolltore Die Arbeitsweise von Rolltoren ist relativ einfach: Die einzelnen Elemente sind beweglich und k\u00f6nnen entweder per Hand oder elektrisch runter- und hochgefahren werden. Fachm\u00e4nnisch angebracht, bieten Rolltore einen einwandfreien und sicheren Verschluss f\u00fcr eine Garage oder sonstigen Nutzraum. F\u00fcr welches Rolltor Sie sich letzten Endes entscheiden: Die Park- und [&hellip;]<\/p>\n","protected":false},"author":1,"featured_media":0,"parent":0,"menu_order":0,"comment_status":"closed","ping_status":"closed","template":"","meta":{"footnotes":""},"class_list":["post-4522","page","type-page","status-publish","hentry"],"meta_box":{"popseo_subtitel":"Wir sind Ihr Fachanbieter f\u00fcr Rolltore in Adendorf","popseo_subtitel2":"Rolltore - wir haben die richtige L\u00f6sung f\u00fcr Sie","popseo_lasttitel":"Rolltore: F\u00fcr weitere Informationen sprechen Sie uns bitte an","popseo_region":"Adendorf","popseo_sachwort":"Rolltore","popseo_noupdate":"","popseo_einleitungstext":"<p>Wenn es um Sicherheit und Sonnenschutz geht, sind Sie bei der Firma Kaduk genau an der richtigen Adresse. Seit Unternehmensgr\u00fcndung sind wir Ihre lokalen Experten f\u00fcr hochwertige Bauelemente. Zu unserem Produktsortiment z\u00e4hlen zum Beispiel Markisen, Rolltore, Terrassend\u00e4cher, T\u00fcren, Au\u00dfenjalousien, Fenster, Carports und Rolll\u00e4den. Unsere Fachleute erledigen Montage- und Reparaturarbeiten und zeigen Ihnen, wie Sie Ihre Wohn- oder Gesch\u00e4ftsgeb\u00e4ude mit zeitgem\u00e4\u00dfen Bauelementen ausstatten k\u00f6nnen. Im Folgenden haben wir einige erste Informationen f\u00fcr Sie zusammengetragen.<\/p>","popseo_schlusstext":"<p>Sie suchen einen Experten f\u00fcr moderne Sonnenschutz- und Sicherheitsl\u00f6sungen. Dann rufen Sie uns bitte rasch an. Wir freuen uns auf das Gespr\u00e4ch mit Ihnen. Wenn es um Bauelemente geht, sind wir Ihr kompetenter Handels- und Handwerkspartner. Wir garantieren hochwertige Produkte und eine sachkundig ausgef\u00fchrte Arbeit nach dem jeweils aktuellsten Stand der Technik.<\/p>","popseo_stadttext":"<h3>Unsere Leistung auch in Adendorf<\/h3>\n<p>Unser Einzugsbereich umfasst auch Adendorf. Durch unsere T\u00e4tigkeit haben wir uns einen guten \u00dcberblick \u00fcber die Stadtarchitektur der Gemeinden und St\u00e4dte unseres Vertriebsgebietes machen k\u00f6nnen. Wir f\u00fchlen uns der Region verpflichtet und freuen uns dar\u00fcber, auch unseren Teil zur ausgezeichneten Infrastruktur der Gemeinde beizusteuern zu d\u00fcrfen.  <\/p>\n<h3>Wissenswertes \u00fcber Adendorf<\/h3><br \/>\nAdendorf liegt knapp vier Kilometer von L\u00fcneburg entfernt zwischen Illmenau und dem Elbe-Seitenkanal. Nicht ganz 11.000 Menschen wohnen in Aldendorf auf einer Gesamtfl\u00e4che von cirka 16 km\u00b2. Die Wirtschaft der Gemeinde wird gepr\u00e4gt von kleinen und mittelst\u00e4ndischen Unternehmen aus den Gesch\u00e4ftsbereichen Handwerk und Dienstleistung. Erreichbar ist der Ort mit dem Auto \u00fcber die B209. Aldendorf verf\u00fcgt des Weiteren \u00fcber eine Anschlussstelle an die BAB 39. Der Personennahverkehr wird \u00fcber verschiedene Busverbindungen sichergestellt. Das Umfeld lockt zu Exkursionen ins Gr\u00fcne. Die Bebauungsstruktur in der Region ist \u00fcberwiegend gepr\u00e4gt von einer ansprechenden Einzelhausbebauung. Gerade junge Familien profitieren von dem ruhigen Leben in Adendorf.<br \/>\n<h4>Hohe Qualit\u00e4t f\u00fcr Kunden aus Adendorf<\/h4>\n<p>Sie wohnen in Adendorf und interessieren sich f\u00fcr unser Angebot. Klasse, dass Sie diese Website gefunden haben. F\u00fcr R\u00fcckfragen sind wir jederzeit f\u00fcr Sie da. Unser freundliches Team freut sich auf Sie.<\/p>","popseo_zusatztext":"<h3>Kaduk Bauelemente \u2013 Ihr Fachbetrieb f\u00fcr Sicht- und Sonnenschutz<\/h3>\n<p>Setzen Sie bei Sicherheit und Sonnenschutz unbedingt auf die sachliche Leistung vom Fachbetrieb. Nur ein Fachbetrieb kennt die Tricks und Tipps, wie man zu einem sachgerechten Ergebnis kommt. Um sich mit Fug und Recht Fachbetrieb nennen zu d\u00fcrfen, braucht es eine qualifizierte Ausbildung der Mitarbeiter und eine langj\u00e4hrige Berufserfahrung.  <\/p>\n<p>Unser Betrieb empfiehlt sich als Ihr fachkundiger Fachbetrieb f\u00fcr Sonnenschutz und Sicherheit. Erreichen Sie Ihr Ziel und schenken Sie unserem Fachbetrieb Ihr Vertrauen. Wir bieten Ihnen unter anderem hochqualitative Rolll\u00e4den und Markisen und legen allerh\u00f6chsten Wert auf einen sehr guten Service. Schon seit vielen Jahren sind wir qualifizierter Fachbetrieb f\u00fcr Rolll\u00e4den, Markisen, Terrassend\u00e4cher und Au\u00dfenjalousien im Raum L\u00fcneburg. Es ist uns ein Anliegen, dass Sie lange viel Freude an Ihrem Sicht und Sonnenschutz haben. Von einem Fachbetrieb d\u00fcrfen Sie selbstverst\u00e4ndlich eine fehlerfreie Top-Leistung erwarten.<\/p>\n<h3>Dirk Kaduk Bauelemente \u2013 Ihr Fachbetrieb f\u00fcr Sicherheit und Sonnenschutz<\/h3>\n<p>Als Fachbetrieb darf sich eine Firma bezeichnen, deren Angestellte \u00fcber dokumentierte Qualifikationen verf\u00fcgen. Dies ist zum Beispiel eine entsprechende Berufsausbildung oder ein Meisterbrief. Auch zeichnet eine langj\u00e4hrige praktische Erfahrung einen Fachbetrieb aus. Schon seit vielen Jahren konzentrieren wir uns als spezialisiertes Unternehmen auf Sonnenschutz und Sicherheit von H\u00e4usern. In diesen vielen Jahren haben wir uns das Attribut Fachbetrieb sicherlich verdient. Wir verarbeiten ausschlie\u00dflich qualitativ hochwertige Artikel. Dabei achten wir stets auf ein angemessenes Preis-Leistungsverh\u00e4ltnis. Unser Versprechen als Fachbetrieb: Wir bieten Ihnen 1a-Leistung zu einem sehr guten Preis.<\/p>","popseo_links":"<a href=\"https:\/\/www.kaduk-bauelemente.de\/leistungen\/rolllaeden-bienenbuettel\/\">Rolll\u00e4den Bienenb\u00fcttel<\/a>, <a href=\"https:\/\/www.kaduk-bauelemente.de\/leistungen\/haustueren-adendorf\/\">Haust\u00fcren Adendorf<\/a>, <a href=\"https:\/\/www.kaduk-bauelemente.de\/leistungen\/fliegengitter-amt-neuhaus\/\">Fliegengitter Amt Neuhaus<\/a>, <a href=\"https:\/\/www.kaduk-bauelemente.de\/leistungen\/terrassendaecher-aus-aluminium-hanstedt\/\">Terrassend\u00e4cher aus Aluminium Hanstedt<\/a>, <a href=\"https:\/\/www.kaduk-bauelemente.de\/leistungen\/terrassendaecher-aus-aluminium-salzhausen\/\">Terrassend\u00e4cher aus Aluminium Salzhausen<\/a>, <a href=\"https:\/\/www.kaduk-bauelemente.de\/leistungen\/carports-amelinghausen\/\">Carports Amelinghausen<\/a>, <a href=\"https:\/\/www.kaduk-bauelemente.de\/leistungen\/tueren-bispingen\/\">T\u00fcren Bispingen<\/a>, <a href=\"https:\/\/www.kaduk-bauelemente.de\/leistungen\/garagen-reppenstedt\/\">Garagen Reppenstedt<\/a>, <a href=\"https:\/\/www.kaduk-bauelemente.de\/leistungen\/insektenschutz-jesteburg\/\">Insektenschutz Jesteburg<\/a>, <a href=\"https:\/\/www.kaduk-bauelemente.de\/leistungen\/haustueren-bispingen\/\">Haust\u00fcren Bispingen<\/a>, <a href=\"https:\/\/www.kaduk-bauelemente.de\/leistungen\/rollladen-winsen-luhe\/\">Rollladen Winsen Luhe<\/a>, <a href=\"https:\/\/www.kaduk-bauelemente.de\/leistungen\/zaunbau-reinbek-glinde\/\">Zaunbau Reinbek Glinde<\/a>, <a href=\"https:\/\/www.kaduk-bauelemente.de\/leistungen\/rollladen-ebstorf\/\">Rollladen Ebstorf<\/a>, <a href=\"https:\/\/www.kaduk-bauelemente.de\/leistungen\/garagen-boizenburg\/\">Garagen Boizenburg<\/a>, <a href=\"https:\/\/www.kaduk-bauelemente.de\/leistungen\/sektionaltore-bispingen\/\">Sektionaltore Bispingen<\/a>, <a href=\"https:\/\/www.kaduk-bauelemente.de\/leistungen\/raffstores-schwarzenbek\/\">Raffstores Schwarzenbek<\/a>, <a href=\"https:\/\/www.kaduk-bauelemente.de\/leistungen\/garagentore-lueneburg\/\">Garagentore L\u00fcneburg<\/a>, <a href=\"https:\/\/www.kaduk-bauelemente.de\/leistungen\/insektenschutz-uelzen\/\">Insektenschutz Uelzen<\/a>, <a href=\"https:\/\/www.kaduk-bauelemente.de\/leistungen\/terrassenueberdachungen-aus-holz-geesthacht\/\">Terrassen\u00fcberdachungen aus Holz Geesthacht<\/a>, <a href=\"https:\/\/www.kaduk-bauelemente.de\/leistungen\/markisen-bergedorf-wentorf\/\">Markisen Bergedorf Wentorf<\/a>, <a href=\"https:\/\/www.kaduk-bauelemente.de\/leistungen\/raffstores-reppenstedt\/\">Raffstores Reppenstedt<\/a>, <a href=\"https:\/\/www.kaduk-bauelemente.de\/leistungen\/kunststofffenster-amt-neuhaus\/\">Kunststofffenster Amt Neuhaus<\/a>, <a href=\"https:\/\/www.kaduk-bauelemente.de\/leistungen\/sektionaltore-tostedt-sittensen\/\">Sektionaltore Tostedt Sittensen<\/a>, <a href=\"https:\/\/www.kaduk-bauelemente.de\/leistungen\/terrassendaecher-aus-holz-jesteburg\/\">Terrassend\u00e4cher aus Holz Jesteburg<\/a>, <a href=\"https:\/\/www.kaduk-bauelemente.de\/leistungen\/zaeune-hanstedt\/\">Z\u00e4une Hanstedt<\/a>, <a href=\"https:\/\/www.kaduk-bauelemente.de\/leistungen\/haustueren-bienenbuettel\/\">Haust\u00fcren Bienenb\u00fcttel<\/a>"},"_links":{"self":[{"href":"https:\/\/www.kaduk-bauelemente.de\/leistungen\/wp-json\/wp\/v2\/pages\/4522","targetHints":{"allow":["GET"]}}],"collection":[{"href":"https:\/\/www.kaduk-bauelemente.de\/leistungen\/wp-json\/wp\/v2\/pages"}],"about":[{"href":"https:\/\/www.kaduk-bauelemente.de\/leistungen\/wp-json\/wp\/v2\/types\/page"}],"author":[{"embeddable":true,"href":"https:\/\/www.kaduk-bauelemente.de\/leistungen\/wp-json\/wp\/v2\/users\/1"}],"replies":[{"embeddable":true,"href":"https:\/\/www.kaduk-bauelemente.de\/leistungen\/wp-json\/wp\/v2\/comments?post=4522"}],"version-history":[{"count":0,"href":"https:\/\/www.kaduk-bauelemente.de\/leistungen\/wp-json\/wp\/v2\/pages\/4522\/revisions"}],"wp:attachment":[{"href":"https:\/\/www.kaduk-bauelemente.de\/leistungen\/wp-json\/wp\/v2\/media?parent=4522"}],"curies":[{"name":"wp","href":"https:\/\/api.w.org\/{rel}","templated":true}]}}