{"id":4521,"date":"2021-08-25T12:19:13","date_gmt":"2021-08-25T10:19:13","guid":{"rendered":"https:\/\/www.kaduk-bauelemente.de\/leistungen\/rolllaeden-winsen-luhe\/"},"modified":"2021-08-25T12:19:13","modified_gmt":"2021-08-25T10:19:13","slug":"rolllaeden-winsen-luhe","status":"publish","type":"page","link":"https:\/\/www.kaduk-bauelemente.de\/leistungen\/rolllaeden-winsen-luhe\/","title":{"rendered":"Rolll\u00e4den &#8211; Winsen Luhe"},"content":{"rendered":"<h3>Rolll\u00e4den \u2013 besuchen Sie unsere Ausstellung!<\/h3>\n<p>Rolll\u00e4den werden von au\u00dfen an ein Fenster bzw. an eine T\u00fcr montiert. Sie dienen als zus\u00e4tzliche Befestigung. In der Regel finden Rolll\u00e4den als Sichtschutz und als Einbruchsschutz Verwendung. Manchmal dienen Rolll\u00e4den jedoch auch als Isolierung. Insbesondere in der Sommerzeit bewahren Rolll\u00e4den die Zimmer eines Geb\u00e4udes vor gro\u00dfer Hitze. Rolll\u00e4den unterst\u00fctzen auch dabei, kostbare Energie einzusparen. Sonnenschutzprodukte sind in unterschiedlichen Varianten erh\u00e4ltlich. Ein Gro\u00dfteil der Interessenten entscheiden sich f\u00fcr Rolll\u00e4den aus geh\u00e4rtetem Kunststoff oder auch aus Aluminium. Nicht so oft werden Holz oder Stahl als Werkstoffe verwendet. Wir raten unseren Interessenten meistens zu Rolll\u00e4den aus Aluminium. <\/p>\n<h3>Rolll\u00e4den \u2013 auch optisch ein Highlight!<\/h3>\n<p>Rolll\u00e4den erinnern in Machart und Bauart an Rolltore. Die jeweiligen Elemente sind bewegbar und k\u00f6nnen entweder per Handbetrieb oder elektrisch hoch- und runtergefahren werden. Fachm\u00e4nnisch angebracht, bieten Rolll\u00e4den einen einwandfreien und sicheren Verschluss f\u00fcr Fenster beziehungsweise oder T\u00fcren. Sie w\u00fcnschen, Ihr Haus mit Rolll\u00e4den auszustatten? Ausgezeichnet, dann sollten wir uns auf alle F\u00e4lle  kennenlernen. In unserer Ausstellung zeigen wir Ihnen montags bis freitags zwischen 9.00 und 18.00 Uhr sowie am Samstag in der Zeit von 9:00 und 13:00 Uhr zahlreiche Umsetzungsm\u00f6glichkeiten.<\/p>\n","protected":false},"excerpt":{"rendered":"<p>Rolll\u00e4den \u2013 besuchen Sie unsere Ausstellung! Rolll\u00e4den werden von au\u00dfen an ein Fenster bzw. an eine T\u00fcr montiert. Sie dienen als zus\u00e4tzliche Befestigung. In der Regel finden Rolll\u00e4den als Sichtschutz und als Einbruchsschutz Verwendung. Manchmal dienen Rolll\u00e4den jedoch auch als Isolierung. Insbesondere in der Sommerzeit bewahren Rolll\u00e4den die Zimmer eines Geb\u00e4udes vor gro\u00dfer Hitze. Rolll\u00e4den [&hellip;]<\/p>\n","protected":false},"author":1,"featured_media":0,"parent":0,"menu_order":0,"comment_status":"closed","ping_status":"closed","template":"","meta":{"footnotes":""},"class_list":["post-4521","page","type-page","status-publish","hentry"],"meta_box":{"popseo_subtitel":"Wir sind Ihr Fachbetrieb f\u00fcr Rolll\u00e4den im Raum Winsen Luhe","popseo_subtitel2":"Rolll\u00e4den - unsere Experten informieren Sie gerne","popseo_lasttitel":"Rolll\u00e4den: Wir beantworten Ihre Fragen!","popseo_region":"Winsen Luhe","popseo_sachwort":"Rolll\u00e4den","popseo_noupdate":"","popseo_einleitungstext":"<p>Sehr gerne informieren wir Sie n\u00e4her \u00fcber unsere Produkte und unser Aufgabengebiet. Wir nennen Ihnen mit Vergn\u00fcgen auch ein paar Referenzprojekte, die Ihnen einen Einblick in unsere Arbeit geben.<br \/>\nVertrauen Sie den Spezialisten der Firma Kaduk. Rufen Sie uns doch einfach einmal an oder senden Sie uns eine kurze E-Mail. Wir freuen uns auf Ihre Kontaktaufnahme.<\/p>","popseo_schlusstext":"<p>Wenn Sie mehr wissen m\u00f6chten, informieren wir Sie n\u00e4her \u00fcber unser Produkt- und T\u00e4tigkeitsspektrum. Wir pr\u00e4sentieren Ihnen mit Vergn\u00fcgen auch einige Projekte, die Ihnen einen Einblick in unsere Firment\u00e4tigkeit geben.<br \/>\nSchenken Sie uns Ihr Vertrauen. Rufen Sie uns doch einfach einmal an oder senden Sie uns eine kurze E-Mail. Wir freuen uns auf Ihre Kontaktaufnahme.<\/p>","popseo_stadttext":"<h3>Unser Vertriebsgebiet umfasst auch Winsen (Luhe)<\/h3>\n<p>Winsen (Luhe) ist eine Stadt aus der Metropolregion Hamburg. Die Kreisstadt des Landkreises Harburg hat 32.000 Anwohner und streckt sich \u00fcber ein Areal von 109 km\u00b2. Winsen (Luhe) ist zentral gelegen. In die norddeutsche Gro\u00dfstadt Hamburg sind es nur gut 30 Kilometer, L\u00fcneburg erreicht man schon nach ca. 20 Kilometern. Winsen (Luhe) besteht in der jetzigen Form seit dem Jahre 1972. Seinerzeit wurden 13 selbstst\u00e4ndige Ortschaften zur Gesamtgemeinde Winsen (Luhe) zusammengefasst.  <\/p>\n<p>Durch unsere Vertriebst\u00e4tigkeit haben wir uns einen ausgezeichneten \u00dcberblick \u00fcber die Architektur der Gemeinden und St\u00e4dte unseres Einzugsbereiches erarbeiten k\u00f6nnen. Nat\u00fcrlich geh\u00f6rt auch Winsen (Luhe) zu unserem unmittelbaren Wirkungskreis. Wir freuen uns darauf, mit Ihnen in Kontakt zu treten. <\/p>\n<h3>Lebensmittelpunkt Winsen (Luhe)<\/h3>\n<p>Obwohl Winsen (Luhe) zweifelsfrei als eine Pendlerstadt gelten darf, ist das mittelst\u00e4ndisch orientierte Wirtschaftsleben \u00fcberraschend. Zahllose Unternehmen u.a. aus den Branchen Maschinenbau, Pharma, Logistik und Bauwesen haben sich in Winsen (Luhe) niedergelassen. Wer von den Einwohnern aus Winsen (Luhe) nicht in einem Betrieb seiner Heimatgemeinde besch\u00e4ftigt ist, pendelt zumeist in die Freie und Hansestadt Hamburg. Mit dem Wagen reist man \u00fcber die Autobahn A39 nach Winsen (Luhe). Die Schnellstra\u00dfe ist mit der A1 und der A7 verbunden. Wer die Eisenbahn pr\u00e4feriert, erreicht Winsen (Luhe) \u00fcber die Schienenverbindung Hannover-Hamburg. Dar\u00fcber hinaus bietet der Metronom eine viel genutzte Regionallinie an. <\/p>\n<h3>Winsen (Luhe) \u2013 Stadt mit Herz<\/h3>\n<p>Menschen, die das etwas \u00fcbersichtlichere Leben in einer kleineren Ortschaft dem L\u00e4rm einer Gro\u00dfstadt vorziehen, finden in Winsen (Luhe) wunderbare Bedingungen vor. Die Infrastruktur in Winsen (Luhe) ist stimmig! Sehr gute Einkaufsm\u00f6glichkeiten, ein \u00fcppiges Sport- und Freizeitangebot und eine herrliche Umgebung sind Punkte, die Winsen (Luhe) auf der Habenseite eintragen kann. Auch Familien m\u00f6gen die Stadt: Alle Schularten und eine gen\u00fcgende Zahl an Kindertagesst\u00e4tten stehen in Winsen (Luhe) bereit. <\/p>\n<h4>Unsere Leistung f\u00fcr qualit\u00e4tsbewusste Kunden aus Winsen (Luhe)<\/h4>\n<p>Klasse, das Sie unsere Internetseite entdeckt haben. Wenn Sie ein Fachunternehmen ben\u00f6tigen, sind Sie bei uns richtig. Sie m\u00f6chten mehr \u00fcber uns wissen? F\u00fcr R\u00fcckfragen stehen wir Ihnen jederzeit zur Verf\u00fcgung. Auf den Kontakt zu Ihnen freuen wir uns.<\/p>","popseo_zusatztext":"<h3>Sonnenschutz vom Fachbetrieb<\/h3>\n<p>Setzen Sie bei Sonnenschutz und Sicherheit auf alle F\u00e4lle auf die fachliche Leistung vom Fachbetrieb. Nur ein Fachbetrieb wei\u00df von den M\u00f6glichkeiten, wie man zu einem sehr guten Ergebnis kommt. Um sich mit Fug und Recht Fachbetrieb nennen zu k\u00f6nnen, braucht es eine qualifizierte Ausbildung der Mitarbeiter und eine langj\u00e4hrige Erfahrung.  <\/p>\n<p>Unser Unternehmen empfiehlt sich als Ihr fachkundiger Fachbetrieb f\u00fcr Sicherheit und Sonnenschutz. Kommen Sie zum Ziel und schenken Sie unserem Fachbetrieb Ihr Vertrauen. Wir bieten Ihnen u.a. hochwertige Rolll\u00e4den und Markisen und legen h\u00f6chsten Wert auf einen sehr guten Service. Schon seit vielen Jahren sind wir erfahrener Fachbetrieb f\u00fcr Au\u00dfenjalousien, Rolll\u00e4den, Markisen und Terrassend\u00e4cher im Raum L\u00fcneburg. Es ist unser Bestreben, dass Sie \u00fcber lange Zeit viel Freude an Ihrem Sicht und Sonnenschutz haben. Von einem Fachbetrieb d\u00fcrfen Sie ohne Frage eine fehlerfreie Top-Leistung erwarten.<\/p>\n<h3>Dirk Kaduk Bauelemente \u2013 Ihr Fachbetrieb f\u00fcr Sicherheit und Sonnenschutz<\/h3>\n<p>Als Fachbetrieb darf sich eine Firma bezeichnen, deren Mitarbeiter \u00fcber dokumentierte Qualifikationen verf\u00fcgen. Dies ist beispielsweise eine entsprechende Ausbildung oder ein Meisterbrief. Auch zeichnet eine intensive praktische Erfahrung einen Fachbetrieb aus. Bereits seit vielen Jahren konzentrieren wir uns als spezialisiertes Unternehmen auf Sicherheit und Sonnenschutz von Immobilien. In diesen vielen Jahren haben wir uns das Attribut Fachbetrieb ganz sicher verdient. Wir verarbeiten uneingeschr\u00e4nkt qualitativ beste Produkte. Hierbei achten wir immer auf ein angemessenes Preis-Leistungsverh\u00e4ltnis. Unser Versprechen als Fachbetrieb: Wir bieten Ihnen beste Qualit\u00e4t zu einem konkurrenzlosem Preis.<\/p>","popseo_links":"<a href=\"https:\/\/www.kaduk-bauelemente.de\/leistungen\/terrassendaecher-aus-holz-bispingen\/\">Terrassend\u00e4cher aus Holz Bispingen<\/a>, <a href=\"https:\/\/www.kaduk-bauelemente.de\/leistungen\/holzfenster-jesteburg\/\">Holzfenster Jesteburg<\/a>, <a href=\"https:\/\/www.kaduk-bauelemente.de\/leistungen\/terrassenueberdachungen-aus-holz-herzogtum-lauenburg\/\">Terrassen\u00fcberdachungen aus Holz Herzogtum Lauenburg<\/a>, <a href=\"https:\/\/www.kaduk-bauelemente.de\/leistungen\/markisen-jesteburg\/\">Markisen Jesteburg<\/a>, <a href=\"https:\/\/www.kaduk-bauelemente.de\/leistungen\/terrassendaecher-aus-holz-lueneburg\/\">Terrassend\u00e4cher aus Holz L\u00fcneburg<\/a>, <a href=\"https:\/\/www.kaduk-bauelemente.de\/leistungen\/terrassendaecher-aus-aluminium-bispingen\/\">Terrassend\u00e4cher aus Aluminium Bispingen<\/a>, <a href=\"https:\/\/www.kaduk-bauelemente.de\/leistungen\/rollladen-boizenburg\/\">Rollladen Boizenburg<\/a>, <a href=\"https:\/\/www.kaduk-bauelemente.de\/leistungen\/kunststofffenster-boizenburg\/\">Kunststofffenster Boizenburg<\/a>, <a href=\"https:\/\/www.kaduk-bauelemente.de\/leistungen\/haustueren-geesthacht\/\">Haust\u00fcren Geesthacht<\/a>, <a href=\"https:\/\/www.kaduk-bauelemente.de\/leistungen\/sektionaltore-lueneburg\/\">Sektionaltore L\u00fcneburg<\/a>, <a href=\"https:\/\/www.kaduk-bauelemente.de\/leistungen\/rollladen-hanstedt\/\">Rollladen Hanstedt<\/a>, <a href=\"https:\/\/www.kaduk-bauelemente.de\/leistungen\/zaeune-buchholz\/\">Z\u00e4une Buchholz<\/a>, <a href=\"https:\/\/www.kaduk-bauelemente.de\/leistungen\/terrassenueberdachungen-aus-aluminium-maschen\/\">Terrassen\u00fcberdachungen aus Aluminium Maschen<\/a>, <a href=\"https:\/\/www.kaduk-bauelemente.de\/leistungen\/markisen-buechen\/\">Markisen B\u00fcchen<\/a>, <a href=\"https:\/\/www.kaduk-bauelemente.de\/leistungen\/aussenjalousien-amt-neuhaus\/\">Au\u00dfenjalousien Amt Neuhaus<\/a>, <a href=\"https:\/\/www.kaduk-bauelemente.de\/leistungen\/sektionaltore-buchholz\/\">Sektionaltore Buchholz<\/a>, <a href=\"https:\/\/www.kaduk-bauelemente.de\/leistungen\/raffstores-hanstedt\/\">Raffstores Hanstedt<\/a>, <a href=\"https:\/\/www.kaduk-bauelemente.de\/leistungen\/terrassenueberdachungen-aus-aluminium-bardowick\/\">Terrassen\u00fcberdachungen aus Aluminium Bardowick<\/a>, <a href=\"https:\/\/www.kaduk-bauelemente.de\/leistungen\/kunststofffenster-uelzen\/\">Kunststofffenster Uelzen<\/a>, <a href=\"https:\/\/www.kaduk-bauelemente.de\/leistungen\/tueren-herzogtum-lauenburg\/\">T\u00fcren Herzogtum Lauenburg<\/a>, <a href=\"https:\/\/www.kaduk-bauelemente.de\/leistungen\/rolltore-maschen\/\">Rolltore Maschen<\/a>, <a href=\"https:\/\/www.kaduk-bauelemente.de\/leistungen\/garagen-boizenburg\/\">Garagen Boizenburg<\/a>, <a href=\"https:\/\/www.kaduk-bauelemente.de\/leistungen\/haustueren-buchholz\/\">Haust\u00fcren Buchholz<\/a>, <a href=\"https:\/\/www.kaduk-bauelemente.de\/leistungen\/garagen-winsen-luhe\/\">Garagen Winsen Luhe<\/a>, <a href=\"https:\/\/www.kaduk-bauelemente.de\/leistungen\/garagentore-bardowick\/\">Garagentore Bardowick<\/a>, <a href=\"https:\/\/www.kaduk-bauelemente.de\/leistungen\/rollladen-harburg\/\">Rollladen Harburg<\/a>"},"_links":{"self":[{"href":"https:\/\/www.kaduk-bauelemente.de\/leistungen\/wp-json\/wp\/v2\/pages\/4521","targetHints":{"allow":["GET"]}}],"collection":[{"href":"https:\/\/www.kaduk-bauelemente.de\/leistungen\/wp-json\/wp\/v2\/pages"}],"about":[{"href":"https:\/\/www.kaduk-bauelemente.de\/leistungen\/wp-json\/wp\/v2\/types\/page"}],"author":[{"embeddable":true,"href":"https:\/\/www.kaduk-bauelemente.de\/leistungen\/wp-json\/wp\/v2\/users\/1"}],"replies":[{"embeddable":true,"href":"https:\/\/www.kaduk-bauelemente.de\/leistungen\/wp-json\/wp\/v2\/comments?post=4521"}],"version-history":[{"count":0,"href":"https:\/\/www.kaduk-bauelemente.de\/leistungen\/wp-json\/wp\/v2\/pages\/4521\/revisions"}],"wp:attachment":[{"href":"https:\/\/www.kaduk-bauelemente.de\/leistungen\/wp-json\/wp\/v2\/media?parent=4521"}],"curies":[{"name":"wp","href":"https:\/\/api.w.org\/{rel}","templated":true}]}}