{"id":4520,"date":"2021-08-25T12:19:13","date_gmt":"2021-08-25T10:19:13","guid":{"rendered":"https:\/\/www.kaduk-bauelemente.de\/leistungen\/rolllaeden-uelzen\/"},"modified":"2021-08-25T12:19:13","modified_gmt":"2021-08-25T10:19:13","slug":"rolllaeden-uelzen","status":"publish","type":"page","link":"https:\/\/www.kaduk-bauelemente.de\/leistungen\/rolllaeden-uelzen\/","title":{"rendered":"Rolll\u00e4den &#8211; Uelzen"},"content":{"rendered":"<h3>Wir informieren Sie \u00fcber Rolll\u00e4den!<\/h3>\n<p>Rolll\u00e4den werden von au\u00dfen an ein Fenster oder an eine T\u00fcr angebracht. Sie fungieren als weitere Befestigung. In der Regel finden Rolll\u00e4den als Sichtschutz oder als Einbruchsschutz Anwendung. Manchmal dienen Rolll\u00e4den jedoch auch als W\u00e4rmed\u00e4mmung. Speziell w\u00e4hrend des Sommers bewahren Rolll\u00e4den die R\u00e4ume eines Hauses vor gro\u00dfer W\u00e4rme. Rolll\u00e4den unterst\u00fctzen auch dabei, wertvolle Energie zu sparen. Sonnenschutzprodukte sind in diversen Varianten zu erhalten. Ein Gro\u00dfteil der Interessenten entschlie\u00dfen sich f\u00fcr Rolll\u00e4den aus geh\u00e4rtetem Kunststoff oder auch aus Aluminium. Weniger werden Stahl oder Holz als Werkstoffe genutzt. Wir raten unseren Kunden in der Regel zu Rolll\u00e4den aus Aluminium. <\/p>\n<h3>Wir beraten Sie \u00fcber Rolll\u00e4den!<\/h3>\n<p>Rolll\u00e4den erinnern in Form sowie Eigenart an Rolltore. Die jeweiligen Elemente sind beweglich und k\u00f6nnen entweder per Handbetrieb oder elektrisch hoch- und runtergefahren werden. Korrekt angebracht, bieten Rolll\u00e4den einen einwandfreien und einbruchshemmenden Verschluss f\u00fcr Fenster bzw. oder T\u00fcren. Sie \u00fcberlegen, Ihr Wohnhaus mit Rolll\u00e4den zu versehen? Toll, dann sollten wir uns gerne kennenlernen. In unserem Ausstellungsraum zeigen wir Ihnen von Montag bis Freitag zwischen 9.00 und 18.00 Uhr sowie samstags zwischen 9:00 und 13:00 Uhr eine Reihe von L\u00f6sungsalternativen.<\/p>\n","protected":false},"excerpt":{"rendered":"<p>Wir informieren Sie \u00fcber Rolll\u00e4den! Rolll\u00e4den werden von au\u00dfen an ein Fenster oder an eine T\u00fcr angebracht. Sie fungieren als weitere Befestigung. In der Regel finden Rolll\u00e4den als Sichtschutz oder als Einbruchsschutz Anwendung. Manchmal dienen Rolll\u00e4den jedoch auch als W\u00e4rmed\u00e4mmung. Speziell w\u00e4hrend des Sommers bewahren Rolll\u00e4den die R\u00e4ume eines Hauses vor gro\u00dfer W\u00e4rme. Rolll\u00e4den unterst\u00fctzen [&hellip;]<\/p>\n","protected":false},"author":1,"featured_media":0,"parent":0,"menu_order":0,"comment_status":"closed","ping_status":"closed","template":"","meta":{"footnotes":""},"class_list":["post-4520","page","type-page","status-publish","hentry"],"meta_box":{"popseo_subtitel":"Wir sind Ihr Fachanbieter f\u00fcr Rolll\u00e4den in Uelzen","popseo_subtitel2":"Rolll\u00e4den - wir helfen Ihnen gerne!","popseo_lasttitel":"Rolll\u00e4den: Unsere Experten beantworten Ihre Fragen","popseo_region":"Uelzen","popseo_sachwort":"Rolll\u00e4den","popseo_noupdate":"","popseo_einleitungstext":"<p>Wenn es um Sicherheit und Sonnenschutz geht, sind Sie bei der Firma Kaduk genau an der richtigen Adresse. Seit Firmengr\u00fcndung sind wir Ihre lokalen Spezialisten f\u00fcr qualitativ hochwertige Bauelemente. Zu unserem Produktsortiment z\u00e4hlen beispielsweise Rolltore, Markisen, Terrassend\u00e4cher, Au\u00dfenjalousien, T\u00fcren, Fenster, Carports und Rolll\u00e4den. Unsere Fachleute \u00fcbernehmen Montage- und Reparaturarbeiten und zeigen Ihnen Wege auf, wie Sie Ihre Immobilie mit modernen Bauelementen ausr\u00fcsten k\u00f6nnen. Auf diesen Seiten haben wir erste Informationen f\u00fcr Sie notiert.<\/p>","popseo_schlusstext":"<p>Gerne informieren wir Sie n\u00e4her \u00fcber unser Produkt- und T\u00e4tigkeitsspektrum. Wir pr\u00e4sentieren Ihnen mit Vergn\u00fcgen auch einige Referenzen, die Ihnen einen Einblick in unsere Firment\u00e4tigkeit geben.<br \/>\nSetzen Sie auf die Expertise eines erfahrenen Fachbetriebes. Rufen Sie uns doch einfach einmal an oder schicken Sie uns eine kurze E-Mail. Wir freuen uns auf den Kontakt zu Ihnen.<\/p>","popseo_stadttext":"<h3>Wir arbeiten gerne f\u00fcr Kunden aus Uelzen<\/h3>\n<p>Durch unsere Vertriebst\u00e4tigkeit haben wir uns einen ausgezeichneten \u00dcberblick \u00fcber die Architektur der Gemeinden und St\u00e4dte unseres Einzugsbereiches erarbeiten k\u00f6nnen. Nat\u00fcrlich z\u00e4hlt auch Uelzen zu unserem unmittelbaren Vertriebsgebiet. Wir freuen uns darauf, mit Ihnen in Kontakt zu kommen. <\/p>\n<h3>Einige interessante Informationen \u00fcber Uelzen<\/h3>\n<p>Uelzen ist die Kreisstadt des nieders\u00e4chsischen Kreises Uelzen. In Summe wohnen 33.000 Einwohner in der zur Metropolregion Hamburg geh\u00f6renden Stadt. Das Stadtgebiet umfasst eine Fl\u00e4che von ungef\u00e4hr 135 qkm. St\u00e4dte in der n\u00e4heren Umgebung sind z.B. Bad Beversen, Ebstorf und Rosche. Geographisch liegt Uelzen am am s\u00fcdlichen Zipfel der L\u00fcneburger Heide. Die Stadt ist zwischen ausladenden Naturparks herrlich gelegen. Neben der L\u00fcneburger Heide ist auch der Naturpark Elbufer-Drawehn und das Schutzgebiet Nieders\u00e4chsische Elbtalaue von Uelzen aus nach nur kurzer Fahrtzeit zu erreichen. Uelzen selbst liegt an der Ilmenau. Uelzen hat viele h\u00fcbsch gelegene Wohnquartiere. Die Stadt ist ein idealer Ort zum Wohnen und Arbeiten. Wer das eher entspannte Leben in einer kleineren Stadt bevorzugt, gleichzeitig aber nicht auf die Vorteile der Metropole verzichten m\u00f6chte, ist in Uelzen exakt richtig. <\/p>\n<h3>Uelzen hat Charme!<\/h3>\n<p>Die Stadt Uelzen unterteilt sich in insgesamt 18 Gemeindeteile. Die st\u00e4dtische Architektur von Uelzen wird dominiert von vielen Fachwerkh\u00e4usern, die dem Ort einen durchaus als m\u00e4rchenhaft zu bezeichnenden Charme verleihen. Auch historische Bauwerke im Baustil der Backsteingotik pr\u00e4gen die \u00e4u\u00dfere Erscheinung von Uelzen. Das Erkennungszeichen der Stadt ist das sogenannte \"Goldene Schiff\". Die Plastik findet sich an der St. Marien-Kirche zu Uelzen. Sch\u00e4tzungsweise stammt die Skulptur aus der Zeit der Hanse. F\u00fcr Kunstfreunde ist Uelzen so etwas \u00e4hnliches wie eine Pilgerst\u00e4tte. Der Ausnahmek\u00fcnstler Friedensreich Hundertwasser konzipierte kurz vor seinem Tod im Jahre 2000 den st\u00e4dtischen Bahnhof. Das aufsehenerregende Bauwerk tr\u00e4gt die Bezeichnung Hundertwasserbahnhof Uelzen.<\/p>\n<p>Das Wirtschaftsleben von Uelzen ist mittelstandsorientiert. Schwerpunkte sind der Lebensmittelsektor sowie Unternehmen aus dem Dienstleistungsgewerbe. Die Wirtschaftsf\u00f6rderung der Stadt Uelzen muss als vorbildhaft benannt werden. Um den Zuzug weiterer Betriebe bem\u00fchen sich sich die Stadtvertreter erkennbar. Die bedeutendsten Arbeitgeber in Uelzen sind die Nordzucker AG sowie die Uelzena AG. Der Konzern Nestl\u00e9 Schoeller f\u00fchrt in Uelzen ein Werk mit ca. 500 Mitarbeitern. <\/p>\n<h4>Hohe Qualit\u00e4t f\u00fcr Kunden aus Uelzen<\/h4>\n<p>Sie wohnen in Uelzen und interessieren sich f\u00fcr unser Angebot. Klasse, dass Sie uns hier auf dieser Website entdeckt haben. F\u00fcr R\u00fcckfragen sind wir jederzeit f\u00fcr Sie da. Auf Ihre Anfragen freuen wir uns.<\/p>","popseo_zusatztext":"<h3>G\u00fcnstig und preiswert \u2013 Leistung vom Fachbetrieb<\/h3>\n<p>Bauelemente m\u00fcssen gehobenen Erwartungen standhalten. Gleichwohl darf es g\u00fcnstig und preiswert sein. Das muss absolut kein Gegensatz sein. <\/p>\n<p>Als Fachbetrieb f\u00fcr Sonnenschutz und Sicherheit verarbeiten wir ausnahmslos qualitativ hochwertige Erzeugnisse. Nichtsdestotrotz achten wir stets auf ein gutes Preis-Leistungsverh\u00e4ltnis. Wir m\u00f6chten Ihnen Qualit\u00e4t anbieten, die gleichzeitig auch g\u00fcnstig und preiswert ist. Geben Sie Ihrem Heim g\u00fcnstig und preiswert das gewisse Mehr an Qualit\u00e4t. Rolll\u00e4den und Markisen oder andere Sonnenschutzl\u00f6sungen sehen nicht nur h\u00fcbsch aus, sie leisten auch einen bedeutsamen Anteil zur W\u00e4rmed\u00e4mmung.  <\/p>\n<h3>G\u00fcnstig und preiswert ohne Abstriche bei der Qualit\u00e4t<\/h3>\n<p>D\u00fcrfen wir Sie informieren, wie Sie g\u00fcnstig und preiswert einen perfekten Sonnenschutz f\u00fcr Ihr Haus umsetzen? Prima, dann warten Sie bitte nicht und nehmen am besten gleich heute noch Verbindung mit uns auf. Ein kurzer Telefonanruf oder eine schnelle E-Mail gen\u00fcgen. Gerne beraten Sie unsere perfekt geschulten Fachleute \u00fcber die unterschiedlichen Optionen, wie Sie Ihr Heim g\u00fcnstig und preiswert mit Markisen und Rolll\u00e4den oder anderen Sonnenschutzprodukten ausstatten. Wir freuen uns auf den Austausch mit Ihnen. <\/p>\n<h4>G\u00fcnstig und preiswert \u2013 manchmal macht auch der Preis den Unterschied<\/h4>\n<p>Z\u00e4hlen Sie beim Thema Sonnenschutz und Sicherheit auf den Spezialisten. Nur ein Spezialbetrieb kennt die verschiedenen Optionen, wie Sie g\u00fcnstig und preiswert, zugleich qualitativ spitze einen optimalen Sonnenschutz erreichen. Qualit\u00e4tsbewusst, g\u00fcnstig und preiswert: Wir empfehlen uns als spezialisiertes Unternehmen im Norden. Unsere gro\u00dfe Erfahrung zeichnet uns aus.<\/p>","popseo_links":"<a href=\"https:\/\/www.kaduk-bauelemente.de\/leistungen\/tueren-seevetal-rosengarten\/\">T\u00fcren Seevetal Rosengarten<\/a>, <a href=\"https:\/\/www.kaduk-bauelemente.de\/leistungen\/insektenschutz-jesteburg\/\">Insektenschutz Jesteburg<\/a>, <a href=\"https:\/\/www.kaduk-bauelemente.de\/leistungen\/zaeune-bad-bevensen\/\">Z\u00e4une Bad Bevensen<\/a>, <a href=\"https:\/\/www.kaduk-bauelemente.de\/leistungen\/fenster-schwarzenbek\/\">Fenster Schwarzenbek<\/a>, <a href=\"https:\/\/www.kaduk-bauelemente.de\/leistungen\/garagen-reppenstedt\/\">Garagen Reppenstedt<\/a>, <a href=\"https:\/\/www.kaduk-bauelemente.de\/leistungen\/fliegengitter-stelle\/\">Fliegengitter Stelle<\/a>, <a href=\"https:\/\/www.kaduk-bauelemente.de\/leistungen\/rollladen-bad-bevensen\/\">Rollladen Bad Bevensen<\/a>, <a href=\"https:\/\/www.kaduk-bauelemente.de\/leistungen\/garagentore-geesthacht\/\">Garagentore Geesthacht<\/a>, <a href=\"https:\/\/www.kaduk-bauelemente.de\/leistungen\/garagentore-bienenbuettel\/\">Garagentore Bienenb\u00fcttel<\/a>, <a href=\"https:\/\/www.kaduk-bauelemente.de\/leistungen\/zaunbau-herzogtum-lauenburg\/\">Zaunbau Herzogtum Lauenburg<\/a>, <a href=\"https:\/\/www.kaduk-bauelemente.de\/leistungen\/fliegengitter-bergedorf-wentorf\/\">Fliegengitter Bergedorf Wentorf<\/a>, <a href=\"https:\/\/www.kaduk-bauelemente.de\/leistungen\/kunststofffenster-amt-neuhaus\/\">Kunststofffenster Amt Neuhaus<\/a>, <a href=\"https:\/\/www.kaduk-bauelemente.de\/leistungen\/zaeune-boizenburg\/\">Z\u00e4une Boizenburg<\/a>, <a href=\"https:\/\/www.kaduk-bauelemente.de\/leistungen\/terrassenueberdachungen-aus-aluminium-buechen\/\">Terrassen\u00fcberdachungen aus Aluminium B\u00fcchen<\/a>, <a href=\"https:\/\/www.kaduk-bauelemente.de\/leistungen\/rollladen-herzogtum-lauenburg\/\">Rollladen Herzogtum Lauenburg<\/a>, <a href=\"https:\/\/www.kaduk-bauelemente.de\/leistungen\/holzfenster-hanstedt\/\">Holzfenster Hanstedt<\/a>, <a href=\"https:\/\/www.kaduk-bauelemente.de\/leistungen\/terrassenueberdachungen-aus-holz-herzogtum-lauenburg\/\">Terrassen\u00fcberdachungen aus Holz Herzogtum Lauenburg<\/a>, <a href=\"https:\/\/www.kaduk-bauelemente.de\/leistungen\/insektenschutz-adendorf\/\">Insektenschutz Adendorf<\/a>, <a href=\"https:\/\/www.kaduk-bauelemente.de\/leistungen\/fliegengitter-harburg\/\">Fliegengitter Harburg<\/a>, <a href=\"https:\/\/www.kaduk-bauelemente.de\/leistungen\/fenster-lueneburg\/\">Fenster L\u00fcneburg<\/a>, <a href=\"https:\/\/www.kaduk-bauelemente.de\/leistungen\/rolltore-hanstedt\/\">Rolltore Hanstedt<\/a>, <a href=\"https:\/\/www.kaduk-bauelemente.de\/leistungen\/aussenjalousien-amt-neuhaus\/\">Au\u00dfenjalousien Amt Neuhaus<\/a>, <a href=\"https:\/\/www.kaduk-bauelemente.de\/leistungen\/kunststofffenster-winsen-luhe\/\">Kunststofffenster Winsen Luhe<\/a>, <a href=\"https:\/\/www.kaduk-bauelemente.de\/leistungen\/garagen-bardowick\/\">Garagen Bardowick<\/a>, <a href=\"https:\/\/www.kaduk-bauelemente.de\/leistungen\/carports-seevetal-rosengarten\/\">Carports Seevetal Rosengarten<\/a>, <a href=\"https:\/\/www.kaduk-bauelemente.de\/leistungen\/carports-jesteburg\/\">Carports Jesteburg<\/a>"},"_links":{"self":[{"href":"https:\/\/www.kaduk-bauelemente.de\/leistungen\/wp-json\/wp\/v2\/pages\/4520","targetHints":{"allow":["GET"]}}],"collection":[{"href":"https:\/\/www.kaduk-bauelemente.de\/leistungen\/wp-json\/wp\/v2\/pages"}],"about":[{"href":"https:\/\/www.kaduk-bauelemente.de\/leistungen\/wp-json\/wp\/v2\/types\/page"}],"author":[{"embeddable":true,"href":"https:\/\/www.kaduk-bauelemente.de\/leistungen\/wp-json\/wp\/v2\/users\/1"}],"replies":[{"embeddable":true,"href":"https:\/\/www.kaduk-bauelemente.de\/leistungen\/wp-json\/wp\/v2\/comments?post=4520"}],"version-history":[{"count":0,"href":"https:\/\/www.kaduk-bauelemente.de\/leistungen\/wp-json\/wp\/v2\/pages\/4520\/revisions"}],"wp:attachment":[{"href":"https:\/\/www.kaduk-bauelemente.de\/leistungen\/wp-json\/wp\/v2\/media?parent=4520"}],"curies":[{"name":"wp","href":"https:\/\/api.w.org\/{rel}","templated":true}]}}