{"id":4517,"date":"2021-08-25T12:19:13","date_gmt":"2021-08-25T10:19:13","guid":{"rendered":"https:\/\/www.kaduk-bauelemente.de\/leistungen\/rolllaeden-seevetal-rosengarten\/"},"modified":"2021-08-25T12:19:13","modified_gmt":"2021-08-25T10:19:13","slug":"rolllaeden-seevetal-rosengarten","status":"publish","type":"page","link":"https:\/\/www.kaduk-bauelemente.de\/leistungen\/rolllaeden-seevetal-rosengarten\/","title":{"rendered":"Rolll\u00e4den &#8211; Seevetal Rosengarten"},"content":{"rendered":"<h3>Wir informieren Sie \u00fcber Rolll\u00e4den!<\/h3>\n<p>Rolll\u00e4den werden von au\u00dfen an ein Fenster beziehungsweise an eine T\u00fcr verschraubt. Sie fungieren als weitere Befestigung. In der Regel finden Rolll\u00e4den als Sichtschutz und als Einbruchssicherung Verwendung. Bisweilen fungieren Rolll\u00e4den jedoch auch als Isolierung. Speziell w\u00e4hrend des Sommers bewahren Rolll\u00e4den die R\u00e4ume eines Wohn- oder Gesch\u00e4ftsgeb\u00e4udes vor zu gro\u00dfer Hitze. Rolll\u00e4den helfen auch dabei, n\u00fctzliche Energie einzusparen. Sonnenschutzprodukte sind in diversen Ausf\u00fchrungen zu bekommen. Die meisten Kunden entschlie\u00dfen sich f\u00fcr Rolll\u00e4den aus geh\u00e4rtetem PVC oder auch aus Aluminium. Nicht ganz so h\u00e4ufig werden Stahl oder Holz als Werkstoffe genutzt. Wir raten unseren Interessenten zumeist zu Rolll\u00e4den aus Aluminium. <\/p>\n<h3>Rolll\u00e4den \u2013 auch optisch ein Highlight!<\/h3>\n<p>Rolll\u00e4den erinnern in Form sowie Bauart an Rolltore. Die jeweiligen Einzelelemente sind beweglich und k\u00f6nnen entweder per Handbetrieb oder auf Knopfdruck hoch- und runtergefahren werden. Fachm\u00e4nnisch angebracht, bieten Rolll\u00e4den einen einwandfreien und sicheren Verschluss f\u00fcr Fenster oder und T\u00fcren. Sie \u00fcberlegen, Ihr Heim mit Rolll\u00e4den auszustatten? Prima, dann m\u00fcssen wir uns auf alle F\u00e4lle  treffen. In unserem Ausstellungsraum zeigen wir Ihnen von Montag bis Freitag in der Zeit von 9.00 und 18.00 Uhr sowie samstags zwischen 9:00 und 13:00 Uhr zahlreiche L\u00f6sungsalternativen.<\/p>\n","protected":false},"excerpt":{"rendered":"<p>Wir informieren Sie \u00fcber Rolll\u00e4den! Rolll\u00e4den werden von au\u00dfen an ein Fenster beziehungsweise an eine T\u00fcr verschraubt. Sie fungieren als weitere Befestigung. In der Regel finden Rolll\u00e4den als Sichtschutz und als Einbruchssicherung Verwendung. Bisweilen fungieren Rolll\u00e4den jedoch auch als Isolierung. Speziell w\u00e4hrend des Sommers bewahren Rolll\u00e4den die R\u00e4ume eines Wohn- oder Gesch\u00e4ftsgeb\u00e4udes vor zu gro\u00dfer [&hellip;]<\/p>\n","protected":false},"author":1,"featured_media":0,"parent":0,"menu_order":0,"comment_status":"closed","ping_status":"closed","template":"","meta":{"footnotes":""},"class_list":["post-4517","page","type-page","status-publish","hentry"],"meta_box":{"popseo_subtitel":"Wir sind Ihr Spezialist f\u00fcr Rolll\u00e4den im Raum Seevetal Rosengarten","popseo_subtitel2":"Rolll\u00e4den - setzen Sie auf hochwertige L\u00f6sungen","popseo_lasttitel":"Rolll\u00e4den: D\u00fcrfen wir Ihre Fragen beantworten?","popseo_region":"Seevetal Rosengarten","popseo_sachwort":"Rolll\u00e4den","popseo_noupdate":"","popseo_einleitungstext":"<p>Sie wollen Ihre Gesch\u00e4fts- oder Wohnimmobilie mit modernen Bauelementen ausstatten lassen interessieren sich f\u00fcr unser Leistungs- und Produktangebot? Prima, dann sind Sie auf dieser Seite an der richtigen Adresse. Unser Produktportfolio umfasst zum Beispiel Terrassend\u00e4cher, Markisen, Rolltore, Fenster, T\u00fcren, Au\u00dfenjalousien, Carports und Rolll\u00e4den. Als auf Sonnenschutz und Sicherheit fokussiertes Unternehmen \u00fcbernehmen wir insbesondere auch Reparatur- und Montagearbeiten. Erfahren Sie nachfolgend mehr \u00fcber unser Unternehmen und dessen Angebot. Ihr Interesse freut uns sehr.<\/p>","popseo_schlusstext":"<p>Sehr gerne informieren wir Sie n\u00e4her \u00fcber unsere Produkte und unser Aufgabengebiet. Wir zeigen Ihnen mit Vergn\u00fcgen auch ein paar Projekte, die Ihnen einen Einblick in unsere Firment\u00e4tigkeit geben.<br \/>\nVertrauen Sie den Spezialisten der Firma Kaduk. Rufen Sie uns doch rasch einmal an oder schreiben Sie uns eine kurze E-Mail. Wir freuen uns auf Ihre Kontaktaufnahme.<\/p>","popseo_stadttext":"<h3>Unsere Leistung auch in Rosengarten und Seevetal<\/h2>\n<p>Unser Einzugsbereich umfasst auch Seevetal und Rosengarten. Durch unsere T\u00e4tigkeit haben wir uns einen ausgezeichneten \u00dcberblick \u00fcber die Stadtarchitektur der Gemeinden und St\u00e4dte unseres Vertriebsgebietes machen k\u00f6nnen. Wir f\u00fchlen uns der Region verpflichtet und freuen uns dar\u00fcber, einen Teil zur guten Infrastruktur der Gemeinden beizusteuern zu d\u00fcrfen.  <\/p>\n<h3>Seevetal und Rosengarten \u2013 einige interessante Informationen zu den beiden Gemeinden<\/h3>\n<p>Die Gemeinde Seevetal liegt s\u00fcdlich von Hamburg im nieders\u00e4chsischen Kreis Harburg. 1972 schlossen sich in Summe 19 zuvor selbst\u00e4ndige Orte zur Gesamtgemeinde Seevetal zusammen. Durch die Zusammenf\u00fchrung gilt Seevetal mit \u00fcber 42.000 B\u00fcrgern als die gr\u00f6\u00dfte Gemeinde der Bundesrepublik Deutschland. Trotz der noch jungen Geschichte, sehen einige der ehedem eigenst\u00e4ndigen Gemeindeteile auf eine erstaunlich lange Geschichte zur\u00fcck. Die Gemeindechronik von Seevetal informiert davon, dass der Ortsteil Ramelsloh bereits im Jahre 845 erstmalig urkundlich genannt wurde. Die gute Bev\u00f6lkerungsentwicklung der Gemeinde Seevetal erkl\u00e4rt sich auch durch die verkehrstechnisch gute Lage. Die N\u00e4he zur Gro\u00dfstadt Hamburg macht Seevetal f\u00fcr Pendler attraktiv. Das Arbeiten in der Gro\u00dfstadt und das Leben im eher l\u00e4ndlich wirkenden Bereich, gehen in Seevetal eine sehr gute Verbindung ein. <\/p>\n<h4>Seevetal und Rosengarten \u2013 attraktive Wohnorte am Rande der Metropole<\/h4>\n<p>Der Wirtschaftsstandort Seevetal ist f\u00fcr viele Betrieben von au\u00dferordentlicher Anziehungskraft. Seevetal liegt zwischen f\u00fcnf Autobahnen. Die verkehrstechnisch gute Lage gew\u00e4hrleistet sowohl eine hervorragende Erreichbarkeit als auch einen raschen G\u00fcterumschlag. Wirtschaftsf\u00f6rderung ist den Gemeindeverantwortlichen von Seevetal wichtig. Die Gemeinde f\u00f6rdert proaktiv und unkompliziert die Gewerbeansiedlung. Seevetal ist Teil vom Hamburger Verkehrsverbund (HVV). Mit der Eisenbahn erreicht man den Ortsteil Hittfeld mit dem Metronom \u00fcber die Verbindung HH-Harburg-Buchholz-Tostedt. Die zu Seevetal z\u00e4hlenden Gemeindeteile Meckelfeld und Maschen sind an das Streckennetz HH-Harburg-Winsen-L\u00fcneburg angebunden.  <\/p>\n<p>Die Gemeinde Seevetal zeichnet sich durch eine hohe Lebensqualit\u00e4t aus. Eine ausgezeichnete Infrastruktur macht das Leben in Seevetal speziell f\u00fcr junge Familien interessant. Durch die starke und best\u00e4ndig wachsende Wirtschaft in Seevetal wird von den Gemeindeoberen au\u00dferdem besondere Priorit\u00e4t auf die Attraktivit\u00e4t des Wohnortes Seevetal gelegt. In den 19 Einzelgemeinden von Seevetal findet sich ausreichend Baugrund f\u00fcr private Bauherren.<\/p>\n<p>\u00c4hnlich anziehend pr\u00e4sentiert sich Rosengarten. Die Gemeinde liegt knapp rund 15 Kilometer von Seevetal entfernt. In etwa 13.000 Menschen z\u00e4hlt man in dem idyllischen Ort, der sich \u00fcber eine Fl\u00e4che von ungef\u00e4hr 63 km\u00b2 erstreckt. Rosengarten grenzt an die Hamburger Stadtteile Hausbruch, Heimfeld und Marmstorf. Das in erster Linie idyllische Leben auf dem Lande verkn\u00fcpft sich in Rosengarten auf ideale Weise mit den Vorteilen der nahen Gro\u00dfstadt. Seevetal und Rosengarten verf\u00fcgen \u00fcber zahlreiche beruhigte Wohnviertel, die besonders von einer typischen Einzelhausbebauung gepr\u00e4gt sind. <\/p>\n<h4>Hohe Qualit\u00e4t f\u00fcr Kunden aus Seevetal und Rosengarten<\/h4>\n<p>Sie wohnen in Seevetal oder Rosengarten und interessieren sich f\u00fcr unser Leistungsangebot. Toll, dass Sie uns hier auf dieser Website entdeckt haben. F\u00fcr R\u00fcckfragen sind wir jederzeit f\u00fcr Sie da. Unser freundliches Team freut sich auf Sie.<\/p>","popseo_zusatztext":"<h3>Wir sind Fachbetrieb f\u00fcr Sicht- und Sonnenschutz<\/h3>\n<p>Setzen Sie bei Sicherheit und Sonnenschutz auf alle F\u00e4lle auf die sachspezifische Leistung vom Fachbetrieb. Nur ein Fachbetrieb wei\u00df von den M\u00f6glichkeiten, wie man zu einem \u00fcberzeugenden Ergebnis kommt. Um sich mit Fug und Recht Fachbetrieb nennen zu k\u00f6nnen, bedarf es einer qualifizierten Ausbildung der Mitarbeiter und einer jahrelangen Erfahrung.  <\/p>\n<p>Unser Fachbetrieb empfiehlt sich als Ihr sachkundiger Fachbetrieb f\u00fcr Sonnenschutz und Sicherheit. Kommen Sie zum Ziel und schenken Sie unserem Fachbetrieb Ihr Vertrauen. Wir bieten Ihnen unter anderem hochqualitative Rolll\u00e4den und Markisen und legen allerh\u00f6chsten Wert auf einen perfekten Service. Schon seit vielen Jahren sind wir spezialisierter Fachbetrieb f\u00fcr Markisen, Terrassend\u00e4cher, Rolll\u00e4den und Au\u00dfenjalousien im Raum L\u00fcneburg. Es ist uns ein Anliegen, dass Sie \u00fcber lange Zeit viel Freude an Ihrem Sicht und Sonnenschutz haben. Von einem Fachbetrieb d\u00fcrfen Sie selbstverst\u00e4ndlich eine fehlerfreie Top-Leistung erwarten.<\/p>\n<h3>Sicht- und Sonnenschutz\u2013 ein Thema f\u00fcr den Fachbetrieb<\/h3>\n<p>Als Fachbetrieb darf sich eine Firma bezeichnen, deren Angestellte \u00fcber dokumentierte Qualifikationen verf\u00fcgen. Dies ist unter anderem eine entsprechende Berufsausbildung oder ein Meisterbrief. Dar\u00fcber hinaus zeichnet eine intensive praktische Erfahrung einen Fachbetrieb aus. Bereits seit vielen Jahren konzentrieren wir uns als spezialisiertes Unternehmen auf Sonnenschutz und Sicherheit von Immobilien. In diesen vielen Jahren haben wir uns die Bezeichnung Fachbetrieb bestimmt erarbeitet. Wir nutzen ausnahmslos hochwertige Artikel. Hierbei achten wir immer auf ein sehr gutes Preis-Leistungsverh\u00e4ltnis. Unser Credo als Fachbetrieb: Wir bieten Ihnen hervorragende Qualit\u00e4t zu einem fairen Preis.<\/p>","popseo_links":"<a href=\"https:\/\/www.kaduk-bauelemente.de\/leistungen\/markisen-bispingen\/\">Markisen Bispingen<\/a>, <a href=\"https:\/\/www.kaduk-bauelemente.de\/leistungen\/rollladen-reppenstedt\/\">Rollladen Reppenstedt<\/a>, <a href=\"https:\/\/www.kaduk-bauelemente.de\/leistungen\/garagen-buchholz\/\">Garagen Buchholz<\/a>, <a href=\"https:\/\/www.kaduk-bauelemente.de\/leistungen\/tueren-ebstorf\/\">T\u00fcren Ebstorf<\/a>, <a href=\"https:\/\/www.kaduk-bauelemente.de\/leistungen\/zaunbau-bad-bevensen\/\">Zaunbau Bad Bevensen<\/a>, <a href=\"https:\/\/www.kaduk-bauelemente.de\/leistungen\/terrassendaecher-aus-holz-bienenbuettel\/\">Terrassend\u00e4cher aus Holz Bienenb\u00fcttel<\/a>, <a href=\"https:\/\/www.kaduk-bauelemente.de\/leistungen\/fliegengitter-hanstedt\/\">Fliegengitter Hanstedt<\/a>, <a href=\"https:\/\/www.kaduk-bauelemente.de\/leistungen\/garagentore-maschen\/\">Garagentore Maschen<\/a>, <a href=\"https:\/\/www.kaduk-bauelemente.de\/leistungen\/aussenjalousien-bienenbuettel\/\">Au\u00dfenjalousien Bienenb\u00fcttel<\/a>, <a href=\"https:\/\/www.kaduk-bauelemente.de\/leistungen\/aussenjalousien-herzogtum-lauenburg\/\">Au\u00dfenjalousien Herzogtum Lauenburg<\/a>, <a href=\"https:\/\/www.kaduk-bauelemente.de\/leistungen\/terrassenueberdachungen-aus-holz-seevetal-rosengarten\/\">Terrassen\u00fcberdachungen aus Holz Seevetal Rosengarten<\/a>, <a href=\"https:\/\/www.kaduk-bauelemente.de\/leistungen\/fliegengitter-tostedt-sittensen\/\">Fliegengitter Tostedt Sittensen<\/a>, <a href=\"https:\/\/www.kaduk-bauelemente.de\/leistungen\/haustueren-buechen\/\">Haust\u00fcren B\u00fcchen<\/a>, <a href=\"https:\/\/www.kaduk-bauelemente.de\/leistungen\/raffstores-reinbek-glinde\/\">Raffstores Reinbek Glinde<\/a>, <a href=\"https:\/\/www.kaduk-bauelemente.de\/leistungen\/sektionaltore-maschen\/\">Sektionaltore Maschen<\/a>, <a href=\"https:\/\/www.kaduk-bauelemente.de\/leistungen\/zaunbau-stelle\/\">Zaunbau Stelle<\/a>, <a href=\"https:\/\/www.kaduk-bauelemente.de\/leistungen\/rollladen-stelle\/\">Rollladen Stelle<\/a>, <a href=\"https:\/\/www.kaduk-bauelemente.de\/leistungen\/kunststofffenster-herzogtum-lauenburg\/\">Kunststofffenster Herzogtum Lauenburg<\/a>, <a href=\"https:\/\/www.kaduk-bauelemente.de\/leistungen\/terrassenueberdachungen-aus-holz-harburg\/\">Terrassen\u00fcberdachungen aus Holz Harburg<\/a>, <a href=\"https:\/\/www.kaduk-bauelemente.de\/leistungen\/rollladen-maschen\/\">Rollladen Maschen<\/a>, <a href=\"https:\/\/www.kaduk-bauelemente.de\/leistungen\/sektionaltore-winsen-luhe\/\">Sektionaltore Winsen Luhe<\/a>, <a href=\"https:\/\/www.kaduk-bauelemente.de\/leistungen\/fenster-bispingen\/\">Fenster Bispingen<\/a>, <a href=\"https:\/\/www.kaduk-bauelemente.de\/leistungen\/markisen-tostedt-sittensen\/\">Markisen Tostedt Sittensen<\/a>, <a href=\"https:\/\/www.kaduk-bauelemente.de\/leistungen\/holzfenster-geesthacht\/\">Holzfenster Geesthacht<\/a>, <a href=\"https:\/\/www.kaduk-bauelemente.de\/leistungen\/sektionaltore-salzhausen\/\">Sektionaltore Salzhausen<\/a>, <a href=\"https:\/\/www.kaduk-bauelemente.de\/leistungen\/holzfenster-salzhausen\/\">Holzfenster Salzhausen<\/a>"},"_links":{"self":[{"href":"https:\/\/www.kaduk-bauelemente.de\/leistungen\/wp-json\/wp\/v2\/pages\/4517","targetHints":{"allow":["GET"]}}],"collection":[{"href":"https:\/\/www.kaduk-bauelemente.de\/leistungen\/wp-json\/wp\/v2\/pages"}],"about":[{"href":"https:\/\/www.kaduk-bauelemente.de\/leistungen\/wp-json\/wp\/v2\/types\/page"}],"author":[{"embeddable":true,"href":"https:\/\/www.kaduk-bauelemente.de\/leistungen\/wp-json\/wp\/v2\/users\/1"}],"replies":[{"embeddable":true,"href":"https:\/\/www.kaduk-bauelemente.de\/leistungen\/wp-json\/wp\/v2\/comments?post=4517"}],"version-history":[{"count":0,"href":"https:\/\/www.kaduk-bauelemente.de\/leistungen\/wp-json\/wp\/v2\/pages\/4517\/revisions"}],"wp:attachment":[{"href":"https:\/\/www.kaduk-bauelemente.de\/leistungen\/wp-json\/wp\/v2\/media?parent=4517"}],"curies":[{"name":"wp","href":"https:\/\/api.w.org\/{rel}","templated":true}]}}