{"id":4513,"date":"2021-08-25T12:19:13","date_gmt":"2021-08-25T10:19:13","guid":{"rendered":"https:\/\/www.kaduk-bauelemente.de\/leistungen\/rolllaeden-reinbek-glinde\/"},"modified":"2021-08-25T12:19:13","modified_gmt":"2021-08-25T10:19:13","slug":"rolllaeden-reinbek-glinde","status":"publish","type":"page","link":"https:\/\/www.kaduk-bauelemente.de\/leistungen\/rolllaeden-reinbek-glinde\/","title":{"rendered":"Rolll\u00e4den &#8211; Reinbek Glinde"},"content":{"rendered":"<h3>Neue Rolll\u00e4den sind immer eine gute Idee!<\/h3>\n<p>Rolll\u00e4den werden von au\u00dfen an ein Fenster oder an eine T\u00fcr angebracht. Sie dienen als weitere Befestigung. Meistens finden Rolll\u00e4den als Sichtschutz und als Einbruchsschutz Anwendung. Manchmal fungieren Rolll\u00e4den aber auch als W\u00e4rmed\u00e4mmung. Besonders w\u00e4hrend des Sommers sch\u00fctzen Rolll\u00e4den die R\u00e4ume eines Geb\u00e4udes vor \u00fcberm\u00e4\u00dfiger Hitze. Rolll\u00e4den unterst\u00fctzen auch dabei, kostbare Energie zu sparen. Sonnenschutzprodukte sind in diversen Varianten zu bekommen. Die meisten Interessenten entschlie\u00dfen sich f\u00fcr Rolll\u00e4den aus geh\u00e4rtetem Kunststoff oder aus Aluminium. Weniger werden Stahl oder Holz als Ausgangsmaterialien genutzt. Wir raten unseren Interessenten meistens zu Rolll\u00e4den aus Aluminium. <\/p>\n<h3>Wir beraten Sie \u00fcber Rolll\u00e4den!<\/h3>\n<p>Rolll\u00e4den erinnern in Beschaffenheit sowie Bauweise an Rolltore. Die jeweiligen Einzelelemente sind bewegbar und k\u00f6nnen entweder h\u00e4ndisch oder auf Knopfdruck runter- und hochgefahren werden. Fachm\u00e4nnisch angebracht, bieten Rolll\u00e4den einen einwandfreien und einbruchshemmenden Verschluss f\u00fcr Fenster oder oder T\u00fcren. Sie w\u00fcnschen, Ihr Wohnhaus mit Rolll\u00e4den zu versehen? Prima, dann sollten wir uns dringend treffen. In unserer Ausstellung zeigen wir Ihnen von Montag bis Freitag zwischen 9.00 und 18.00 Uhr sowie samstags zwischen 9:00 und 13:00 Uhr eine stattliche Anzahl von Umsetzungsm\u00f6glichkeiten.<\/p>\n","protected":false},"excerpt":{"rendered":"<p>Neue Rolll\u00e4den sind immer eine gute Idee! Rolll\u00e4den werden von au\u00dfen an ein Fenster oder an eine T\u00fcr angebracht. Sie dienen als weitere Befestigung. Meistens finden Rolll\u00e4den als Sichtschutz und als Einbruchsschutz Anwendung. Manchmal fungieren Rolll\u00e4den aber auch als W\u00e4rmed\u00e4mmung. Besonders w\u00e4hrend des Sommers sch\u00fctzen Rolll\u00e4den die R\u00e4ume eines Geb\u00e4udes vor \u00fcberm\u00e4\u00dfiger Hitze. Rolll\u00e4den unterst\u00fctzen [&hellip;]<\/p>\n","protected":false},"author":1,"featured_media":0,"parent":0,"menu_order":0,"comment_status":"closed","ping_status":"closed","template":"","meta":{"footnotes":""},"class_list":["post-4513","page","type-page","status-publish","hentry"],"meta_box":{"popseo_subtitel":"Kaduk Bauelemente ist Ihr Experte f\u00fcr Rolll\u00e4den im Raum Reinbek Glinde","popseo_subtitel2":"Rolll\u00e4den - eine vorteilhafte Sache!","popseo_lasttitel":"Rolll\u00e4den: Treten Sie in Kontakt mit uns!","popseo_region":"Reinbek Glinde","popseo_sachwort":"Rolll\u00e4den","popseo_noupdate":"","popseo_einleitungstext":"<p>Auf Wunsch informieren wir Sie n\u00e4her \u00fcber unsere Produkte und unser Aufgabengebiet. Wir nennen Ihnen mit Vergn\u00fcgen auch einige Referenzprojekte, die Ihnen einen Einblick in unsere T\u00e4tigkeit geben.<br \/>\nSetzen Sie auf die Expertise eines erfahrenen Fachbetriebes. Rufen Sie uns doch einfach einmal an oder senden Sie uns eine schnelle E-Mail. Wir freuen uns auf Ihre Kontaktaufnahme.<\/p>","popseo_schlusstext":"<p>Sie suchen einen Fachpartner f\u00fcr moderne Sonnenschutz- und Sicherheitsl\u00f6sungen. Dann rufen Sie uns bitte rasch an. Wir freuen uns auf Ihren Anruf oder Ihre E-Mail. Wenn es um Bauelemente geht, sind wir Ihr qualifizierter Handels- und Handwerkspartner. Wir stehen f\u00fcr hochwertige Produkte und eine fachkundig durchgef\u00fchrte Arbeit nach dem stets derzeitigen Stand der Technik.<\/p>","popseo_stadttext":"<h3>Unser Produktsortiment f\u00fcr Kunden aus Reinbek und Glinde<\/h3>\n<p>Wir werden f\u00fcr Kunden aus Reinbek und Glinde aktiv. Durch unsere Vertriebst\u00e4tigkeit haben wir uns einen ausgezeichneten \u00dcberblick \u00fcber die Architektur der Gemeinden und St\u00e4dte unseres Einzugsbereiches erarbeiten k\u00f6nnen. Nat\u00fcrlich geh\u00f6rt auch Reinbek zu unserem unmittelbaren Vertriebsgebiet. Wir freuen uns darauf, mit Ihnen ins Gespr\u00e4ch zu treten. <\/p>\n<h3>Ein paar Fakten \u00fcber Reinbek und Glinde<\/h3>\n<p>Die kleine Schleswig-Holsteinische Stadt Reinbek geh\u00f6rt zum Landkreis Stormarn. Zurzeit z\u00e4hlt Reinbek gut 26.000 Anwohner. Die Stadt umfasst ein Grundfl\u00e4che von in etwa 31 Quadratkilometer. Reinbek geh\u00f6rt zur Metropolregion Hamburg und liegt in etwa 20 km \u00f6stlich der Freien und Hansestadt Hamburg. Reinbek ist an die Hamburger S-Bahn-Linie S21 angeschlossen. Die kurze Fahrzeit von nicht mehr als 25 Minuten macht Reinbek vor allem reizvoll f\u00fcr Arbeitnehmer, die nach Hamburg pendeln m\u00fcssen. Wer seinen Arbeitsplatz in der Metropole hat, genie\u00dft mit Reinbek das Beste aus zwei Welten: Die rege Betriebsamkeit der Hansestadt findet in der ruhigen Wohnumgebung von Reinbek seinen reizvollen Kontrast. <\/p>\n<p>Die Stadt Glinde liegt im S\u00fcden Schleswig-Holsteins, im Bereich der Metropolregion Hamburg, in etwa 20 Kilometer am \u00f6stlichen Rand von Hamburg. Aufgrund der au\u00dferordentlich guten Infrastruktur hat sich Glinde zu einem idealen Lebensmittelpunkt f\u00fcr Familien entwickelt, obwohl etwa die H\u00e4lfte des Stadtgebietes von Glinde landwirtschaftlich genutzt wird oder aus Park- oder Wasserfl\u00e4chen besteht. Rund 33% der Gesamtfl\u00e4che stehen in Glinde f\u00fcr Wohnzwecke bereit.  <\/p>\n<h3>Reinbek und Glinde haben Charme!<\/h3>\n<p>Die Architektur Reinbeks besteht \u00fcberwiegend aus vielen Einfamilen- und Doppelh\u00e4usern, welche ihren Bewohnern einen sehr hohen Lebenskomfort bieten. Reinbek zeichnet sich neben der guten Lebensqualit\u00e4t zus\u00e4tzlich durch eine hohe Wirtschaftskraft aus. Wer das Auto bevorzugt, findet in Reinbek ebenfalls gute Bedingungen: Die Autobahnen A1 und A24 sowie die Bundesstra\u00dfe B5 befinden sich nur unweit von Reinbek. Auf der Landstra\u00dfe gelangt man \u00fcber Neusch\u00f6nningstedt nach Reinbek. <\/p>\n<h4>Hohe Qualit\u00e4t f\u00fcr Kunden aus Reinbek und Glinde<\/h4>\n<p>Prima, dass Sie diese Website gefunden haben. Wenn Sie ein Fachunternehmen suchen, sind Sie bei uns richtig. Sie m\u00f6chten mehr \u00fcber uns erfahren? F\u00fcr R\u00fcckfragen stehen wir Ihnen jederzeit zur Verf\u00fcgung. Auf Ihre Anfragen freuen wir uns.<\/p>","popseo_zusatztext":"<h3>Gute Qualit\u00e4t \u2013 g\u00fcnstig und preiswert<\/h3>\n<p>Bauelemente m\u00fcssen h\u00f6chsten Erwartungen gerecht werden. Nichtsdestrotrotz mu\u00df es g\u00fcnstig und preiswert sein. Das muss generell kein Widerspruch sein. <\/p>\n<p>Als Fachbetrieb f\u00fcr Sonnenschutz und Sicherheit verarbeiten wir ausschlie\u00dflich ausgezeichnete Erzeugnisse. Trotzdem schauen wir immer auf ein passendes Preis-Leistungsverh\u00e4ltnis. Wir m\u00f6chten Ihnen Qualit\u00e4t anbieten, die trotzdem auch g\u00fcnstig und preiswert ist. Geben Sie Ihrem Zuhause g\u00fcnstig und preiswert das besondere Plus an Qualit\u00e4t. Markisen und Rolll\u00e4den oder andere Sonnenschutzl\u00f6sungen sehen nicht nur hervorragend aus, sie leisten auch einen wichtigen Anteil zur W\u00e4rmed\u00e4mmung.  <\/p>\n<h3>G\u00fcnstig und preiswert \u2013 trotzdem individuell und schick<\/h3>\n<p>D\u00fcrfen wir Sie beraten, wie Sie g\u00fcnstig und preiswert einen perfekten Sonnenschutz f\u00fcr Ihr Zuhause verwirklichen? Klasse, dann warten Sie bitte nicht und nehmen am besten gleich heute noch Verbindung mit uns auf. Ein kurzer Anruf oder eine schnelle E-Mail gen\u00fcgen. Gern informieren Sie unsere gut geschulten Profis \u00fcber die unterschiedlichen M\u00f6glichkeiten, wie Sie Ihr Heim g\u00fcnstig und preiswert mit Markisen und Rolll\u00e4den oder anderen Sonnenschutzprodukten ausstatten. Wir freuen uns auf den Austausch mit Ihnen. <\/p>\n<h4>G\u00fcnstig und preiswert \u2013 manchmal macht auch der Preis den Unterschied<\/h4>\n<p>Z\u00e4hlen Sie beim Thema Sonnenschutz und Sicherheit auf den Fachmann. Nur ein Fachbetrieb kennt die unterschiedlichen M\u00f6glichkeiten, wie Sie g\u00fcnstig und preiswert, gleichzeitig qualitativ hochwertig einen tadellosen Sonnenschutz erreichen. Qualit\u00e4tsbewusst, g\u00fcnstig und preiswert: Wir empfehlen uns als spezialisiertes Fachunternehmen im norddeutschen Raum. Unsere langj\u00e4hrige Erfahrung zeichnet uns aus.<\/p>","popseo_links":"<a href=\"https:\/\/www.kaduk-bauelemente.de\/leistungen\/aussenjalousien-seevetal-rosengarten\/\">Au\u00dfenjalousien Seevetal Rosengarten<\/a>, <a href=\"https:\/\/www.kaduk-bauelemente.de\/leistungen\/zaeune-salzhausen\/\">Z\u00e4une Salzhausen<\/a>, <a href=\"https:\/\/www.kaduk-bauelemente.de\/leistungen\/kunststofffenster-hanstedt\/\">Kunststofffenster Hanstedt<\/a>, <a href=\"https:\/\/www.kaduk-bauelemente.de\/leistungen\/tueren-adendorf\/\">T\u00fcren Adendorf<\/a>, <a href=\"https:\/\/www.kaduk-bauelemente.de\/leistungen\/terrassenueberdachungen-aus-holz-buchholz\/\">Terrassen\u00fcberdachungen aus Holz Buchholz<\/a>, <a href=\"https:\/\/www.kaduk-bauelemente.de\/leistungen\/garagen-bergedorf-wentorf\/\">Garagen Bergedorf Wentorf<\/a>, <a href=\"https:\/\/www.kaduk-bauelemente.de\/leistungen\/fliegengitter-adendorf\/\">Fliegengitter Adendorf<\/a>, <a href=\"https:\/\/www.kaduk-bauelemente.de\/leistungen\/holzfenster-bardowick\/\">Holzfenster Bardowick<\/a>, <a href=\"https:\/\/www.kaduk-bauelemente.de\/leistungen\/terrassendaecher-aus-holz-amelinghausen\/\">Terrassend\u00e4cher aus Holz Amelinghausen<\/a>, <a href=\"https:\/\/www.kaduk-bauelemente.de\/leistungen\/markisen-amt-neuhaus\/\">Markisen Amt Neuhaus<\/a>, <a href=\"https:\/\/www.kaduk-bauelemente.de\/leistungen\/fenster-boizenburg\/\">Fenster Boizenburg<\/a>, <a href=\"https:\/\/www.kaduk-bauelemente.de\/leistungen\/zaeune-buechen\/\">Z\u00e4une B\u00fcchen<\/a>, <a href=\"https:\/\/www.kaduk-bauelemente.de\/leistungen\/rolltore-lueneburg\/\">Rolltore L\u00fcneburg<\/a>, <a href=\"https:\/\/www.kaduk-bauelemente.de\/leistungen\/tueren-lueneburg\/\">T\u00fcren L\u00fcneburg<\/a>, <a href=\"https:\/\/www.kaduk-bauelemente.de\/leistungen\/fliegengitter-bergedorf-wentorf\/\">Fliegengitter Bergedorf Wentorf<\/a>, <a href=\"https:\/\/www.kaduk-bauelemente.de\/leistungen\/garagentore-stelle\/\">Garagentore Stelle<\/a>, <a href=\"https:\/\/www.kaduk-bauelemente.de\/leistungen\/holzfenster-bergedorf-wentorf\/\">Holzfenster Bergedorf Wentorf<\/a>, <a href=\"https:\/\/www.kaduk-bauelemente.de\/leistungen\/raffstores-bad-bevensen\/\">Raffstores Bad Bevensen<\/a>, <a href=\"https:\/\/www.kaduk-bauelemente.de\/leistungen\/terrassendaecher-aus-holz-reppenstedt\/\">Terrassend\u00e4cher aus Holz Reppenstedt<\/a>, <a href=\"https:\/\/www.kaduk-bauelemente.de\/leistungen\/holzfenster-lueneburg\/\">Holzfenster L\u00fcneburg<\/a>, <a href=\"https:\/\/www.kaduk-bauelemente.de\/leistungen\/zaunbau-reppenstedt\/\">Zaunbau Reppenstedt<\/a>, <a href=\"https:\/\/www.kaduk-bauelemente.de\/leistungen\/garagen-bispingen\/\">Garagen Bispingen<\/a>, <a href=\"https:\/\/www.kaduk-bauelemente.de\/leistungen\/kunststofffenster-herzogtum-lauenburg\/\">Kunststofffenster Herzogtum Lauenburg<\/a>, <a href=\"https:\/\/www.kaduk-bauelemente.de\/leistungen\/insektenschutz-herzogtum-lauenburg\/\">Insektenschutz Herzogtum Lauenburg<\/a>, <a href=\"https:\/\/www.kaduk-bauelemente.de\/leistungen\/haustueren-herzogtum-lauenburg\/\">Haust\u00fcren Herzogtum Lauenburg<\/a>, <a href=\"https:\/\/www.kaduk-bauelemente.de\/leistungen\/terrassenueberdachungen-aus-holz-salzhausen\/\">Terrassen\u00fcberdachungen aus Holz Salzhausen<\/a>"},"_links":{"self":[{"href":"https:\/\/www.kaduk-bauelemente.de\/leistungen\/wp-json\/wp\/v2\/pages\/4513","targetHints":{"allow":["GET"]}}],"collection":[{"href":"https:\/\/www.kaduk-bauelemente.de\/leistungen\/wp-json\/wp\/v2\/pages"}],"about":[{"href":"https:\/\/www.kaduk-bauelemente.de\/leistungen\/wp-json\/wp\/v2\/types\/page"}],"author":[{"embeddable":true,"href":"https:\/\/www.kaduk-bauelemente.de\/leistungen\/wp-json\/wp\/v2\/users\/1"}],"replies":[{"embeddable":true,"href":"https:\/\/www.kaduk-bauelemente.de\/leistungen\/wp-json\/wp\/v2\/comments?post=4513"}],"version-history":[{"count":0,"href":"https:\/\/www.kaduk-bauelemente.de\/leistungen\/wp-json\/wp\/v2\/pages\/4513\/revisions"}],"wp:attachment":[{"href":"https:\/\/www.kaduk-bauelemente.de\/leistungen\/wp-json\/wp\/v2\/media?parent=4513"}],"curies":[{"name":"wp","href":"https:\/\/api.w.org\/{rel}","templated":true}]}}