{"id":4512,"date":"2021-08-25T12:19:13","date_gmt":"2021-08-25T10:19:13","guid":{"rendered":"https:\/\/www.kaduk-bauelemente.de\/leistungen\/rolllaeden-maschen\/"},"modified":"2021-08-25T12:19:13","modified_gmt":"2021-08-25T10:19:13","slug":"rolllaeden-maschen","status":"publish","type":"page","link":"https:\/\/www.kaduk-bauelemente.de\/leistungen\/rolllaeden-maschen\/","title":{"rendered":"Rolll\u00e4den &#8211; Maschen"},"content":{"rendered":"<h3>Neue Rolll\u00e4den f\u00fcr Ihre Immobilie<\/h3>\n<p>Rolll\u00e4den werden von au\u00dfen an ein Fenster bzw. an eine T\u00fcr montiert. Sie dienen als erweiterte Befestigung. Meistens finden Rolll\u00e4den als Sichtschutz oder als Einbruchsschutz Verwendung. Von Zeit zu Zeit fungieren Rolll\u00e4den jedoch auch als W\u00e4rmed\u00e4mmung. Insbesondere im Sommer bewahren Rolll\u00e4den die R\u00e4ume eines Hauses vor zu gro\u00dfer W\u00e4rme. Rolll\u00e4den unterst\u00fctzen auch dabei, n\u00fctzliche Energie zu sparen. Sonnenschutzprodukte sind in unterschiedlichen Ausf\u00fchrungen zu erhalten. Die meisten Interessenten entschlie\u00dfen sich f\u00fcr Rolll\u00e4den aus geh\u00e4rtetem PVC oder aus Aluminium. Weniger werden Stahl oder Holz als Ausgangsmaterialien genutzt. Wir raten unseren Kunden regelm\u00e4\u00dfg zu Rolll\u00e4den aus Aluminium. <\/p>\n<h3>Ihre neuen Rolll\u00e4den &#8211; eine gute  Investition<\/h3>\n<p>Rolll\u00e4den erinnern in Form sowie Eigenart an Rolltore. Die jeweiligen Einzelelemente sind beweglich und k\u00f6nnen entweder h\u00e4ndisch oder auf Knopfdruck hoch- und runtergefahren werden. Fachgerecht installiert, bieten Rolll\u00e4den einen einwandfreien und einbruchshemmenden Verschluss f\u00fcr Fenster oder und T\u00fcren. Sie planen, Ihr Heim mit Rolll\u00e4den auszustatten? Wunderbar, dann sollten wir uns auf alle F\u00e4lle  treffen. In unserer Ausstellung zeigen wir Ihnen montags bis freitags zwischen 9.00 und 18.00 Uhr sowie am Samstag in der Zeit von 9:00 und 13:00 Uhr eine Menge L\u00f6sungsm\u00f6glichkeiten.<\/p>\n","protected":false},"excerpt":{"rendered":"<p>Neue Rolll\u00e4den f\u00fcr Ihre Immobilie Rolll\u00e4den werden von au\u00dfen an ein Fenster bzw. an eine T\u00fcr montiert. Sie dienen als erweiterte Befestigung. Meistens finden Rolll\u00e4den als Sichtschutz oder als Einbruchsschutz Verwendung. Von Zeit zu Zeit fungieren Rolll\u00e4den jedoch auch als W\u00e4rmed\u00e4mmung. Insbesondere im Sommer bewahren Rolll\u00e4den die R\u00e4ume eines Hauses vor zu gro\u00dfer W\u00e4rme. Rolll\u00e4den [&hellip;]<\/p>\n","protected":false},"author":1,"featured_media":0,"parent":0,"menu_order":0,"comment_status":"closed","ping_status":"closed","template":"","meta":{"footnotes":""},"class_list":["post-4512","page","type-page","status-publish","hentry"],"meta_box":{"popseo_subtitel":"Kaduk Bauelemente ist Ihr Spezialist f\u00fcr Rolll\u00e4den im Raum Maschen","popseo_subtitel2":"Rolll\u00e4den - unsere Spezialisten kennen sich aus!","popseo_lasttitel":"Rolll\u00e4den: Wir informieren Sie gerne auch pers\u00f6nlich!","popseo_region":"Maschen","popseo_sachwort":"Rolll\u00e4den","popseo_noupdate":"","popseo_einleitungstext":"<p>Sie wollen Ihre Immobilie mit modernen Bauelementen ausstatten lassen interessieren sich f\u00fcr unser Leistungs- und Produktangebot? Prima, dann sind Sie auf dieser Seite an der richtigen Adresse. Unser Produktportfolio umfasst beispielsweise Rolltore, Terrassend\u00e4cher, Markisen, T\u00fcren, Fenster, Au\u00dfenjalousien, Rolll\u00e4den und Carports. Als auf Sonnenschutz und Sicherheit spezialisiertes Unternehmen \u00fcbernehmen wir insbesondere auch Montage- und Reparaturarbeiten. Erfahren Sie auf dieser und den nachfolgenden Seiten mehr \u00fcber unser Unternehmen und dessen Angebot. \u00dcber Ihr Interesse freuen wir uns sehr.<\/p>","popseo_schlusstext":"<p>Wenn Sie einen qualifizierten Fachbetrieb f\u00fcr hochwertige Sonnenschutz- und Sicherheitsprodukte ben\u00f6tigen, sind Sie bei uns an der richtigen Adresse. Sie m\u00f6chten mehr \u00fcber uns wissen? Als auf Bauelemente spezialisierte Fachfirma sind wir f\u00fcr Ihr Vorhaben der richtige Partner und freuen uns \u00fcber Ihre Anfrage, ganz egal ob durch Anruf oder E-Mail. Worauf Sie neben unserem fachlichen Know-how setzen d\u00fcrfen: Unser Expertenteam ist immer mit Elan und viel Motivation bei der Sache. Wir freuen uns auf Sie!<\/p>","popseo_stadttext":"<h3>Anfragen erhalten wir auch aus Maschen<\/h2>\n<p>Unser Einzugsgebiet umfasst auch Maschen. Durch unsere Gesch\u00e4ftst\u00e4tigkeit haben wir uns einen sehr guten \u00dcberblick \u00fcber die Stadtarchitektur der St\u00e4dte und Gemeinden unseres Vertriebsgebietes erarbeiten k\u00f6nnen. Wir f\u00fchlen uns der Region verpflichtet und freuen uns dar\u00fcber, auch einen Anteil zur gesunden Infrastruktur der Gemeinde beizusteuern zu d\u00fcrfen.  <\/p>\n<h3>Einige interessante Informationen \u00fcber Maschen<\/h3>\n<p>In der zum Landkreis Harburg geh\u00f6renden Gemeinde Maschen wohnen in Summe rund 9.000 Bewohner. Unmittelbar an Hamburg grenzend, z\u00e4hlt Maschen zum sogenannten \u201eSpeckg\u00fcrtel\u201c der Freien und Hansestadt. Die Bev\u00f6lkerungszahl ist durchaus niedrig zu nennen, was den Ort zu einer begehrten Wohngegend macht. Maschen ist f\u00fcr Pendler sehr gut ideal. Wer seine Arbeit in der nahen Metropole hat, genie\u00dft das durchaus entspannte Leben in der Peripherie. Maschen verf\u00fcgt \u00fcber zahlreiche sch\u00f6ne Wohnviertel, die von einer ansprechenden Einzelhausbebauung gepr\u00e4gt sind. Viele sch\u00f6ne Siedlungen machen Maschen insbesondere f\u00fcr Familien attraktiv. Leben im Gr\u00fcnen, dabei die Metropole direkt vor der T\u00fcr \u2013 ein Wohnmodell, das f\u00fcr viele Menschen interessant ist. Eine ganze Reihe W\u00e4lder und Wiesen verleihen dem Ort einen streckenweise fast d\u00f6rflichen Charakter. <\/p>\n<h4>Privat- und Gesch\u00e4ftskunden aus Maschen sch\u00e4tzen unsere Leistungen!<\/h4>\n<p>Sehr gerne \u00fcbernehmen wir auch Arbeiten in Maschen und Umgebung. D\u00fcrfen wir Sie n\u00e4her informieren? Sie erreichen uns telefonisch oder schreiben Sie uns eine Email. Wir freuen uns auf das Gespr\u00e4ch mit Ihnen! Das qualifizierte Team unseres Unternehmens arbeitet \u201eHand in Hand\u201c, dabei stets zielorientiert und sorgsam.<\/p>","popseo_zusatztext":"<h3>G\u00fcnstig und preiswert \u2013 darauf d\u00fcrfen Sie setzen<\/h3>\n<p>Bauelemente m\u00fcssen h\u00f6chsten Anspr\u00fcchen standhalten. Gleichzeitig darf es g\u00fcnstig und preiswert sein. Das muss absolut kein Widerspruch sein. <\/p>\n<p>Als Fachbetrieb f\u00fcr Sonnenschutz und Sicherheit verwenden wir ausnahmslos hochwertige Produkte. Trotzdem schauen wir stets auf ein angemessenes Preis-Leistungsverh\u00e4ltnis. Wir m\u00f6chten Ihnen Qualit\u00e4t bieten, die trotzdem auch g\u00fcnstig und preiswert ist. Verleihen Sie Ihrem Heim g\u00fcnstig und preiswert das besondere Mehr an Qualit\u00e4t. Rolll\u00e4den und Markisen oder andere Sonnenschutzl\u00f6sungen sehen nicht nur hervorragend aus, sie leisten auch einen bedeutsamen Anteil zur W\u00e4rmed\u00e4mmung.  <\/p>\n<h3>G\u00fcnstig und preiswert \u2013 unsere Leistung \u00fcberzeugt<\/h3>\n<p>D\u00fcrfen wir Sie beraten, wie Sie g\u00fcnstig und preiswert einen optimalen Sonnenschutz f\u00fcr Ihr Haus verwirklichen? Toll, dann warten Sie bitte nicht und nehmen am besten gleich heute noch Verbindung mit uns auf. Ein kurzer Telefonanruf oder eine schnelle Email gen\u00fcgen. Gerne beraten Sie unsere perfekt ausgebildeten Spezialisten \u00fcber die unterschiedlichen M\u00f6glichkeiten, wie Sie Ihr Heim g\u00fcnstig und preiswert mit Rolll\u00e4den und Markisen oder anderen Sonnenschutzprodukten versehen. Wir freuen uns auf das Gespr\u00e4ch mit Ihnen. <\/p>\n<h4>Top-Qualit\u00e4t g\u00fcnstig und preiswert<\/h4>\n<p>Setzen Sie beim Thema Sonnenschutz und Sicherheit auf den Profi. Nur ein Spezialbetrieb kennt die diversen Optionen, wie Sie g\u00fcnstig und preiswert, gleichzeitig qualitativ h\u00f6herwertig einen perfekten Sonnenschutz erreichen. Qualit\u00e4tsbewusst, g\u00fcnstig und preiswert: Wir empfehlen uns als spezialisiertes Fachunternehmen im norddeutschen Gebiet. Unsere langj\u00e4hrige Erfahrung spricht f\u00fcr uns.<\/p>","popseo_links":"<a href=\"https:\/\/www.kaduk-bauelemente.de\/leistungen\/terrassenueberdachungen-aus-holz-winsen-luhe\/\">Terrassen\u00fcberdachungen aus Holz Winsen Luhe<\/a>, <a href=\"https:\/\/www.kaduk-bauelemente.de\/leistungen\/aussenjalousien-adendorf\/\">Au\u00dfenjalousien Adendorf<\/a>, <a href=\"https:\/\/www.kaduk-bauelemente.de\/leistungen\/tueren-winsen-luhe\/\">T\u00fcren Winsen Luhe<\/a>, <a href=\"https:\/\/www.kaduk-bauelemente.de\/leistungen\/holzfenster-maschen\/\">Holzfenster Maschen<\/a>, <a href=\"https:\/\/www.kaduk-bauelemente.de\/leistungen\/sektionaltore-bardowick\/\">Sektionaltore Bardowick<\/a>, <a href=\"https:\/\/www.kaduk-bauelemente.de\/leistungen\/zaunbau-stelle\/\">Zaunbau Stelle<\/a>, <a href=\"https:\/\/www.kaduk-bauelemente.de\/leistungen\/garagen-bardowick\/\">Garagen Bardowick<\/a>, <a href=\"https:\/\/www.kaduk-bauelemente.de\/leistungen\/garagentore-bergedorf-wentorf\/\">Garagentore Bergedorf Wentorf<\/a>, <a href=\"https:\/\/www.kaduk-bauelemente.de\/leistungen\/tueren-boizenburg\/\">T\u00fcren Boizenburg<\/a>, <a href=\"https:\/\/www.kaduk-bauelemente.de\/leistungen\/terrassenueberdachungen-aus-aluminium-herzogtum-lauenburg\/\">Terrassen\u00fcberdachungen aus Aluminium Herzogtum Lauenburg<\/a>, <a href=\"https:\/\/www.kaduk-bauelemente.de\/leistungen\/insektenschutz-bispingen\/\">Insektenschutz Bispingen<\/a>, <a href=\"https:\/\/www.kaduk-bauelemente.de\/leistungen\/kunststofffenster-bardowick\/\">Kunststofffenster Bardowick<\/a>, <a href=\"https:\/\/www.kaduk-bauelemente.de\/leistungen\/tueren-bienenbuettel\/\">T\u00fcren Bienenb\u00fcttel<\/a>, <a href=\"https:\/\/www.kaduk-bauelemente.de\/leistungen\/terrassenueberdachungen-aus-holz-bispingen\/\">Terrassen\u00fcberdachungen aus Holz Bispingen<\/a>, <a href=\"https:\/\/www.kaduk-bauelemente.de\/leistungen\/fenster-bad-bevensen\/\">Fenster Bad Bevensen<\/a>, <a href=\"https:\/\/www.kaduk-bauelemente.de\/leistungen\/rollladen-amelinghausen\/\">Rollladen Amelinghausen<\/a>, <a href=\"https:\/\/www.kaduk-bauelemente.de\/leistungen\/fliegengitter-hanstedt\/\">Fliegengitter Hanstedt<\/a>, <a href=\"https:\/\/www.kaduk-bauelemente.de\/leistungen\/rollladen-bergedorf-wentorf\/\">Rollladen Bergedorf Wentorf<\/a>, <a href=\"https:\/\/www.kaduk-bauelemente.de\/leistungen\/garagen-reppenstedt\/\">Garagen Reppenstedt<\/a>, <a href=\"https:\/\/www.kaduk-bauelemente.de\/leistungen\/terrassenueberdachungen-aus-holz-schwarzenbek\/\">Terrassen\u00fcberdachungen aus Holz Schwarzenbek<\/a>, <a href=\"https:\/\/www.kaduk-bauelemente.de\/leistungen\/haustueren-bergedorf-wentorf\/\">Haust\u00fcren Bergedorf Wentorf<\/a>, <a href=\"https:\/\/www.kaduk-bauelemente.de\/leistungen\/fliegengitter-seevetal-rosengarten\/\">Fliegengitter Seevetal Rosengarten<\/a>, <a href=\"https:\/\/www.kaduk-bauelemente.de\/leistungen\/haustueren-amelinghausen\/\">Haust\u00fcren Amelinghausen<\/a>, <a href=\"https:\/\/www.kaduk-bauelemente.de\/leistungen\/garagen-jesteburg\/\">Garagen Jesteburg<\/a>, <a href=\"https:\/\/www.kaduk-bauelemente.de\/leistungen\/tueren-bergedorf-wentorf\/\">T\u00fcren Bergedorf Wentorf<\/a>, <a href=\"https:\/\/www.kaduk-bauelemente.de\/leistungen\/haustueren-bad-bevensen\/\">Haust\u00fcren Bad Bevensen<\/a>"},"_links":{"self":[{"href":"https:\/\/www.kaduk-bauelemente.de\/leistungen\/wp-json\/wp\/v2\/pages\/4512","targetHints":{"allow":["GET"]}}],"collection":[{"href":"https:\/\/www.kaduk-bauelemente.de\/leistungen\/wp-json\/wp\/v2\/pages"}],"about":[{"href":"https:\/\/www.kaduk-bauelemente.de\/leistungen\/wp-json\/wp\/v2\/types\/page"}],"author":[{"embeddable":true,"href":"https:\/\/www.kaduk-bauelemente.de\/leistungen\/wp-json\/wp\/v2\/users\/1"}],"replies":[{"embeddable":true,"href":"https:\/\/www.kaduk-bauelemente.de\/leistungen\/wp-json\/wp\/v2\/comments?post=4512"}],"version-history":[{"count":0,"href":"https:\/\/www.kaduk-bauelemente.de\/leistungen\/wp-json\/wp\/v2\/pages\/4512\/revisions"}],"wp:attachment":[{"href":"https:\/\/www.kaduk-bauelemente.de\/leistungen\/wp-json\/wp\/v2\/media?parent=4512"}],"curies":[{"name":"wp","href":"https:\/\/api.w.org\/{rel}","templated":true}]}}