{"id":4510,"date":"2021-08-25T12:19:13","date_gmt":"2021-08-25T10:19:13","guid":{"rendered":"https:\/\/www.kaduk-bauelemente.de\/leistungen\/rolllaeden-jesteburg\/"},"modified":"2021-08-25T12:19:13","modified_gmt":"2021-08-25T10:19:13","slug":"rolllaeden-jesteburg","status":"publish","type":"page","link":"https:\/\/www.kaduk-bauelemente.de\/leistungen\/rolllaeden-jesteburg\/","title":{"rendered":"Rolll\u00e4den &#8211; Jesteburg"},"content":{"rendered":"<h3>Rolll\u00e4den \u2013 besuchen Sie unsere Ausstellung!<\/h3>\n<p>Rolll\u00e4den werden von au\u00dfen an ein Fenster bzw. an eine T\u00fcr angebracht. Sie dienen als erweiterte Befestigung. Normalerweise finden Rolll\u00e4den als Sichtschutz und als Einbruchssicherung Verwendung. Gelegentlich fungieren Rolll\u00e4den aber auch als W\u00e4rmed\u00e4mmung. Insbesondere w\u00e4hrend der Sommerzeit bewahren Rolll\u00e4den die Innenr\u00e4ume eines Wohn- oder Gesch\u00e4ftsgeb\u00e4udes vor zu gro\u00dfer W\u00e4rme. Rolll\u00e4den unterst\u00fctzen auch dabei, n\u00fctzliche Energie zu sparen. Sonnenschutzprodukte sind in diversen Ausf\u00fchrungen erh\u00e4ltlich. Die meisten Interessenten entschlie\u00dfen sich f\u00fcr Rolll\u00e4den aus geh\u00e4rtetem PVC oder auch aus Aluminium. Nicht ganz so h\u00e4ufig werden Holz oder Stahl als Ausgangsmaterialien genutzt. Wir raten unseren Kunden zumeist zu Rolll\u00e4den aus Aluminium. <\/p>\n<h3>Passende Rolll\u00e4den erh\u00f6ht den Wohnwert<\/h3>\n<p>Rolll\u00e4den erinnern in Form und Bauart an Rolltore. Die jeweiligen Einzelelemente sind beweglich und k\u00f6nnen entweder mechanisch oder automatisch runter- und hochgefahren werden. Fachgerecht installiert, bieten Rolll\u00e4den einen perfekten und sicheren Verschluss f\u00fcr Fenster oder oder T\u00fcren. Sie denken dar\u00fcber nach, Ihr Wohn- oder Gesch\u00e4ftshaus mit Rolll\u00e4den zu versehen? Klasse, dann sollten wir uns gerne treffen. In unserer Ausstellung zeigen wir Ihnen montags bis freitags zwischen 9.00 und 18.00 Uhr sowie am Samstag in der Zeit von 9:00 und 13:00 Uhr zahlreiche L\u00f6sungsm\u00f6glichkeiten.<\/p>\n","protected":false},"excerpt":{"rendered":"<p>Rolll\u00e4den \u2013 besuchen Sie unsere Ausstellung! Rolll\u00e4den werden von au\u00dfen an ein Fenster bzw. an eine T\u00fcr angebracht. Sie dienen als erweiterte Befestigung. Normalerweise finden Rolll\u00e4den als Sichtschutz und als Einbruchssicherung Verwendung. Gelegentlich fungieren Rolll\u00e4den aber auch als W\u00e4rmed\u00e4mmung. Insbesondere w\u00e4hrend der Sommerzeit bewahren Rolll\u00e4den die Innenr\u00e4ume eines Wohn- oder Gesch\u00e4ftsgeb\u00e4udes vor zu gro\u00dfer W\u00e4rme. [&hellip;]<\/p>\n","protected":false},"author":1,"featured_media":0,"parent":0,"menu_order":0,"comment_status":"closed","ping_status":"closed","template":"","meta":{"footnotes":""},"class_list":["post-4510","page","type-page","status-publish","hentry"],"meta_box":{"popseo_subtitel":"Kaduk Bauelemente ist Ihr Fachbetrieb f\u00fcr Rolll\u00e4den im Raum Jesteburg","popseo_subtitel2":"Rolll\u00e4den - setzen Sie auf unsere Erfahrung","popseo_lasttitel":"Rolll\u00e4den: D\u00fcrfen wir Ihre Fragen beantworten?","popseo_region":"Jesteburg","popseo_sachwort":"Rolll\u00e4den","popseo_noupdate":"","popseo_einleitungstext":"<p>Wenn es um Sonnenschutz und Sicherheit geht, sind Sie bei der Firma Dirk Kaduk Bauelemte genau an der richtigen Adresse. Seit Unternehmensgr\u00fcndung sind wir Ihr lokaler Fachbetrieb f\u00fcr hochwertige Bauelemente. Zu unserem Produktangebot z\u00e4hlen beispielsweise Markisen, Rolltore, Terrassend\u00e4cher, T\u00fcren, Fenster, Au\u00dfenjalousien, Carports und Rolll\u00e4den. Unsere Fachleute erledigen Reparatur- und Montagearbeiten und zeigen Ihnen, wie Sie Ihre Wohn- oder Gesch\u00e4ftsgeb\u00e4ude mit zeitgem\u00e4\u00dfen Bauelementen ausr\u00fcsten k\u00f6nnen. Nachfolgend haben wir erste Informationen f\u00fcr Sie zusammengestellt.<\/p>","popseo_schlusstext":"<p>Wenn Sie ein erfahrenes Unternehmen f\u00fcr moderne Sicherheits- und Sonnenschutzprodukte suchen, sind Sie bei uns an der richtigen Adresse. Sie m\u00f6chten mehr \u00fcber uns erfahren? Als auf Bauelemente spezialisierte Handwerksfirma sind wir f\u00fcr Ihr Vorhaben der richtige Partner und freuen uns \u00fcber Ihre Anfrage, unabh\u00e4ngig davon ob per Anruf oder E-Mail. Worauf Sie neben unserem fachlichen Know-how setzen d\u00fcrfen: Unser Team ist motiviert und immer mit Schwung und Elan f\u00fcr Sie im Einsatz. Wir freuen uns auf das Gespr\u00e4ch mit Ihnen!<\/p>","popseo_stadttext":"<h3>Zufriedene Kunden haben wir auch in Jesteburg<\/h3>\n<p>Durch unsere Vertriebst\u00e4tigkeit haben wir uns einen sehr guten \u00dcberblick \u00fcber die Stadtarchitektur der St\u00e4dte und Gemeinden unseres Einzugsbereiches machen k\u00f6nnen. Selbstverst\u00e4ndlich geh\u00f6rt auch Jesteburg zu unserem unmittelbaren Wirkungskreis. Wir freuen uns darauf, mit Ihnen ins Gespr\u00e4ch zu treten. <\/p>\n<h3>Interessante Fakten zu Jesteburg<\/h3>\n<p>Jesteburg liegt im Norden von Niedersachsen und ist ca. 30 Kilometer von von der Metropole Hamburg entfernt. Auf einer Fl\u00e4che von etwa 28 km\u00b2 wohnen etwa 8.000 Einwohner. <\/p>\n<p>Organisatorisch geh\u00f6rt Jesteburg zum Landkreis Harburg. Nur zehn Kilometer von Jesteburg entfernt liegt die L\u00fcneburger Heide, ein immer wieder faszinierender Naturpark. Jesteburg hat insgesamt vier Gemeindeteile: L\u00fcllau, Itzenb\u00fcttel, Reindorfer Osterberg und Wiedenhof. Berufspendler bewerten an Jesteburg insbesondere die hervorragende Lage positiv. Wer seinen Arbeitsplatz beispielsweise in Hamburg hat, genie\u00dft sowohl die N\u00e4he zur Metropole als auch das ruhige Leben im Au\u00dfenbezirk. Jesteburg ist fraglos ein ausgezeichneter Ort zum Leben. \u00dcber die Stadtgrenzen hinaus bekannt ist Jesteburg durch die Jahr f\u00fcr Jahr stattfindende Kunstwoche Jesteburg. Knapp 60 K\u00fcnstler stellen auf dem angesehenen Kunstevent ihre Arbeiten aus. In der Kunstst\u00e4tte Bossard werden des Weiteren Arbeiten aus den Bereichen Malerei, Architektur und Bildhauerei pr\u00e4sentiert. <\/p>\n<h4>Wir f\u00fcr Sie in Jesteburg!<\/h4>\n<p>Sie interessieren sich f\u00fcr unser Angebot und sind hier im World Wide Web auf unsere Website gesto\u00dfen? Das freut uns sehr. Gerne pr\u00e4sentieren wir Ihnen unser komplettes Leistungsspektrum und beantworten Ihre Fragen. Auf den Kontakt zu Ihnen freuen wir uns.<\/p>","popseo_zusatztext":"<h3>Kaduk Bauelemente ist Ihr Fachbetrieb in Sachen Sicht- und Sonnenschutz<\/h3>\n<p>Vertrauen Sie bei Sonnenschutz und Sicherheit unbedingt auf die sachspezifische Leistung vom Fachbetrieb. Nur ein Fachbetrieb kennt die Tipps und Tricks, wie man zu einem sehr guten Ergebnis kommt. Um sich mit Fug und Recht als Fachbetrieb bezeichnen zu d\u00fcrfen, bedarf es einer qualifizierten Ausbildung der Mitarbeiter und einer jahrelangen Fachkenntnis.  <\/p>\n<p>Unser Unternehmen empfiehlt sich als Ihr qualifizierter Fachbetrieb f\u00fcr Sonnenschutz und Sicherheit. Erreichen Sie Ihr Ziel und schenken Sie unserem Fachbetrieb Ihr Vertrauen. Wir bieten Ihnen z.B. hochqualitative Rolll\u00e4den und Markisen und legen besonders Wert auf einen ausgezeichneten Service. Schon seit vielen Jahren sind wir spezialisierter Fachbetrieb f\u00fcr Terrassend\u00e4cher, Au\u00dfenjalousien, Rolll\u00e4den im Raum L\u00fcneburg. Es ist uns ein Anliegen, dass Sie lange viel Freude an Ihrem Sicht und Sonnenschutz haben. Von einem Fachbetrieb d\u00fcrfen Sie selbstverst\u00e4ndlich eine absolute Top-Leistung erwarten.<\/p>\n<h3>Dirk Kaduk Bauelemente \u2013 Ihr Fachbetrieb f\u00fcr Sicherheit und Sonnenschutz<\/h3>\n<p>Als Fachbetrieb darf sich eine Firma bezeichnen, deren Mitarbeiter \u00fcber dokumentierte Qualifikationen verf\u00fcgen. Dies ist beispielsweise eine entsprechende Ausbildung oder ein Meisterbrief. Dar\u00fcber hinaus zeichnet eine langj\u00e4hrige praktische Erfahrung einen Fachbetrieb aus. Schon seit vielen Jahren konzentrieren wir uns als spezialisiertes Unternehmen auf Sicherheit und Sonnenschutz von Wohn- und Gesch\u00e4ftsgeb\u00e4uden. In diesen langen Jahren haben wir uns die Bezeichnung Fachbetrieb fraglos erarbeitet. Wir verwenden uneingeschr\u00e4nkt qualitativ hochwertige Artikel. Hierbei achten wir immer auf ein ausgewogenes Preis-Leistungsverh\u00e4ltnis. Unser Versprechen als Fachbetrieb: Wir bieten Ihnen beste Qualit\u00e4t zu einem konkurrenzlosem Preis.<\/p>","popseo_links":"<a href=\"https:\/\/www.kaduk-bauelemente.de\/leistungen\/zaunbau-winsen-luhe\/\">Zaunbau Winsen Luhe<\/a>, <a href=\"https:\/\/www.kaduk-bauelemente.de\/leistungen\/rolltore-bispingen\/\">Rolltore Bispingen<\/a>, <a href=\"https:\/\/www.kaduk-bauelemente.de\/leistungen\/terrassenueberdachungen-aus-aluminium-reppenstedt\/\">Terrassen\u00fcberdachungen aus Aluminium Reppenstedt<\/a>, <a href=\"https:\/\/www.kaduk-bauelemente.de\/leistungen\/carports-bienenbuettel\/\">Carports Bienenb\u00fcttel<\/a>, <a href=\"https:\/\/www.kaduk-bauelemente.de\/leistungen\/sektionaltore-tostedt-sittensen\/\">Sektionaltore Tostedt Sittensen<\/a>, <a href=\"https:\/\/www.kaduk-bauelemente.de\/leistungen\/terrassendaecher-aus-aluminium-bergedorf-wentorf\/\">Terrassend\u00e4cher aus Aluminium Bergedorf Wentorf<\/a>, <a href=\"https:\/\/www.kaduk-bauelemente.de\/leistungen\/aussenjalousien-bad-bevensen\/\">Au\u00dfenjalousien Bad Bevensen<\/a>, <a href=\"https:\/\/www.kaduk-bauelemente.de\/leistungen\/tueren-salzhausen\/\">T\u00fcren Salzhausen<\/a>, <a href=\"https:\/\/www.kaduk-bauelemente.de\/leistungen\/rolltore-lueneburg\/\">Rolltore L\u00fcneburg<\/a>, <a href=\"https:\/\/www.kaduk-bauelemente.de\/leistungen\/sektionaltore-boizenburg\/\">Sektionaltore Boizenburg<\/a>, <a href=\"https:\/\/www.kaduk-bauelemente.de\/leistungen\/fliegengitter-bienenbuettel\/\">Fliegengitter Bienenb\u00fcttel<\/a>, <a href=\"https:\/\/www.kaduk-bauelemente.de\/leistungen\/garagentore-stelle\/\">Garagentore Stelle<\/a>, <a href=\"https:\/\/www.kaduk-bauelemente.de\/leistungen\/terrassenueberdachungen-aus-aluminium-ebstorf\/\">Terrassen\u00fcberdachungen aus Aluminium Ebstorf<\/a>, <a href=\"https:\/\/www.kaduk-bauelemente.de\/leistungen\/terrassendaecher-aus-aluminium-maschen\/\">Terrassend\u00e4cher aus Aluminium Maschen<\/a>, <a href=\"https:\/\/www.kaduk-bauelemente.de\/leistungen\/fliegengitter-lueneburg\/\">Fliegengitter L\u00fcneburg<\/a>, <a href=\"https:\/\/www.kaduk-bauelemente.de\/leistungen\/tueren-bardowick\/\">T\u00fcren Bardowick<\/a>, <a href=\"https:\/\/www.kaduk-bauelemente.de\/leistungen\/fenster-uelzen\/\">Fenster Uelzen<\/a>, <a href=\"https:\/\/www.kaduk-bauelemente.de\/leistungen\/markisen-jesteburg\/\">Markisen Jesteburg<\/a>, <a href=\"https:\/\/www.kaduk-bauelemente.de\/leistungen\/markisen-bispingen\/\">Markisen Bispingen<\/a>, <a href=\"https:\/\/www.kaduk-bauelemente.de\/leistungen\/terrassendaecher-aus-aluminium-schwarzenbek\/\">Terrassend\u00e4cher aus Aluminium Schwarzenbek<\/a>, <a href=\"https:\/\/www.kaduk-bauelemente.de\/leistungen\/terrassendaecher-aus-aluminium-seevetal-rosengarten\/\">Terrassend\u00e4cher aus Aluminium Seevetal Rosengarten<\/a>, <a href=\"https:\/\/www.kaduk-bauelemente.de\/leistungen\/haustueren-harburg\/\">Haust\u00fcren Harburg<\/a>, <a href=\"https:\/\/www.kaduk-bauelemente.de\/leistungen\/terrassendaecher-aus-holz-uelzen\/\">Terrassend\u00e4cher aus Holz Uelzen<\/a>, <a href=\"https:\/\/www.kaduk-bauelemente.de\/leistungen\/garagentore-jesteburg\/\">Garagentore Jesteburg<\/a>, <a href=\"https:\/\/www.kaduk-bauelemente.de\/leistungen\/garagentore-boizenburg\/\">Garagentore Boizenburg<\/a>, <a href=\"https:\/\/www.kaduk-bauelemente.de\/leistungen\/rollladen-uelzen\/\">Rollladen Uelzen<\/a>"},"_links":{"self":[{"href":"https:\/\/www.kaduk-bauelemente.de\/leistungen\/wp-json\/wp\/v2\/pages\/4510","targetHints":{"allow":["GET"]}}],"collection":[{"href":"https:\/\/www.kaduk-bauelemente.de\/leistungen\/wp-json\/wp\/v2\/pages"}],"about":[{"href":"https:\/\/www.kaduk-bauelemente.de\/leistungen\/wp-json\/wp\/v2\/types\/page"}],"author":[{"embeddable":true,"href":"https:\/\/www.kaduk-bauelemente.de\/leistungen\/wp-json\/wp\/v2\/users\/1"}],"replies":[{"embeddable":true,"href":"https:\/\/www.kaduk-bauelemente.de\/leistungen\/wp-json\/wp\/v2\/comments?post=4510"}],"version-history":[{"count":0,"href":"https:\/\/www.kaduk-bauelemente.de\/leistungen\/wp-json\/wp\/v2\/pages\/4510\/revisions"}],"wp:attachment":[{"href":"https:\/\/www.kaduk-bauelemente.de\/leistungen\/wp-json\/wp\/v2\/media?parent=4510"}],"curies":[{"name":"wp","href":"https:\/\/api.w.org\/{rel}","templated":true}]}}