{"id":4497,"date":"2021-08-25T12:19:13","date_gmt":"2021-08-25T10:19:13","guid":{"rendered":"https:\/\/www.kaduk-bauelemente.de\/leistungen\/rolllaeden-bad-bevensen\/"},"modified":"2021-08-25T12:19:13","modified_gmt":"2021-08-25T10:19:13","slug":"rolllaeden-bad-bevensen","status":"publish","type":"page","link":"https:\/\/www.kaduk-bauelemente.de\/leistungen\/rolllaeden-bad-bevensen\/","title":{"rendered":"Rolll\u00e4den &#8211; Bad Bevensen"},"content":{"rendered":"<h3>Rolll\u00e4den \u2013 besuchen Sie unsere Ausstellung!<\/h3>\n<p>Rolll\u00e4den werden von au\u00dfen an ein Fenster bzw. an eine T\u00fcr verschraubt. Sie dienen als erweiterte Befestigung. Meistens finden Rolll\u00e4den als Sichtschutz oder als Einbruchssicherung Anwendung. Hin und wieder dienen Rolll\u00e4den jedoch auch als W\u00e4rmed\u00e4mmung. Insbesondere w\u00e4hrend des Sommers sch\u00fctzen Rolll\u00e4den die Zimmer eines Wohn- oder Gesch\u00e4ftsgeb\u00e4udes vor gro\u00dfer Hitze. Rolll\u00e4den helfen auch dabei, n\u00fctzliche Energie einzusparen. Sonnenschutzprodukte sind in verschiedenen Varianten lieferbar. Viele Interessenten entschlie\u00dfen sich f\u00fcr Rolll\u00e4den aus geh\u00e4rtetem Kunststoff oder auch aus Aluminium. Weniger werden Holz oder Stahl als Ausgangsmaterialien genutzt. Wir raten unseren Interessenten oft zu Rolll\u00e4den aus Aluminium. <\/p>\n<h3>Passende Rolll\u00e4den erh\u00f6ht den Wohnwert<\/h3>\n<p>Rolll\u00e4den erinnern in Machart und Bauweise an Rolltore. Die jeweiligen Elemente sind bewegbar und k\u00f6nnen entweder h\u00e4ndisch oder elektrisch hoch- und runtergefahren werden. Durch den Fachmann angebracht, bieten Rolll\u00e4den einen perfekten und sicheren Verschluss f\u00fcr Fenster beziehungsweise und T\u00fcren. Sie planen, Ihr Haus mit Rolll\u00e4den zu versehen? Prima, dann m\u00fcssen wir uns auf alle F\u00e4lle  treffen. In unserem Ausstellungsraum zeigen wir Ihnen montags bis freitags in der Zeit von 9.00 und 18.00 Uhr sowie am Samstag in der Zeit von 9:00 und 13:00 Uhr zahlreiche Umsetzungsm\u00f6glichkeiten.<\/p>\n","protected":false},"excerpt":{"rendered":"<p>Rolll\u00e4den \u2013 besuchen Sie unsere Ausstellung! Rolll\u00e4den werden von au\u00dfen an ein Fenster bzw. an eine T\u00fcr verschraubt. Sie dienen als erweiterte Befestigung. Meistens finden Rolll\u00e4den als Sichtschutz oder als Einbruchssicherung Anwendung. Hin und wieder dienen Rolll\u00e4den jedoch auch als W\u00e4rmed\u00e4mmung. Insbesondere w\u00e4hrend des Sommers sch\u00fctzen Rolll\u00e4den die Zimmer eines Wohn- oder Gesch\u00e4ftsgeb\u00e4udes vor gro\u00dfer [&hellip;]<\/p>\n","protected":false},"author":1,"featured_media":0,"parent":0,"menu_order":0,"comment_status":"closed","ping_status":"closed","template":"","meta":{"footnotes":""},"class_list":["post-4497","page","type-page","status-publish","hentry"],"meta_box":{"popseo_subtitel":"Wir sind Ihr erfahrener Fachbetrieb f\u00fcr Rolll\u00e4den in Bad Bevensen","popseo_subtitel2":"Rolll\u00e4den - wir beraten Sie gerne!","popseo_lasttitel":"Rolll\u00e4den: Treten Sie in Kontakt mit uns!","popseo_region":"Bad Bevensen","popseo_sachwort":"Rolll\u00e4den","popseo_noupdate":"","popseo_einleitungstext":"<p>Wenn es um Sonnenschutz und Sicherheit geht, sind Sie bei der Firma Kaduk genau an der richtigen Adresse. Seit Firmengr\u00fcndung sind wir Ihre lokalen Experten f\u00fcr hochwertige Bauelemente. Zu unserem Produktangebot geh\u00f6ren unter anderem Markisen, Rolltore, Terrassend\u00e4cher, Fenster, T\u00fcren, Au\u00dfenjalousien, Rolll\u00e4den und Carports. Wir erledigen Reparatur- und Montagearbeiten und zeigen Ihnen M\u00f6glichkeiten auf, wie Sie Ihre Immobilie mit zeitgem\u00e4\u00dfen Bauelementen ausr\u00fcsten k\u00f6nnen. Im Folgenden haben wir einige erste Informationen f\u00fcr Sie zusammengestellt.<\/p>","popseo_schlusstext":"<p>Sie haben Fragen zu unserem Produkt- und Leistungskatalog? Wenn Sie m\u00f6chten, informieren wir Sie gerne n\u00e4her \u00fcber unser gesamtes T\u00e4tigkeitsspektrum. Mit Vergn\u00fcgen nennen wir Ihnen einige Referenzprojekte, die Ihnen einen Einblick in unsere Arbeit geben. Rufen Sie uns doch einfach einmal an oder senden Sie uns eine E-Mail. Unser freundliches Team arbeitet stets fachkundig und l\u00f6sungsorientiert. D\u00fcrfen wir Sie informieren? Dann w\u00e4hlen Sie bitte: <\/p>\n<p>04131 \u2013 40 81 45<\/p>","popseo_stadttext":"<h3>Zufriedene Kunden haben wir auch in Bad Bevensen<\/h3>\n<p>Durch unsere Gesch\u00e4ftst\u00e4tigkeit haben wir uns einen ausgezeichneten \u00dcberblick \u00fcber die Stadtarchitektur der St\u00e4dte und Gemeinden unseres Einzugsbereiches erarbeiten k\u00f6nnen. Selbstverst\u00e4ndlich z\u00e4hlt auch Bad Bevensen zu unserem unmittelbaren Wirkungskreis. Sie kommen aus der Region und sind hier im World Wide Web auf unsere Website gesto\u00dfen? Das finden wir klasse. Gerne pr\u00e4sentieren wir Ihnen unser gesamtes Leistungsspektrum und beantworten Ihre Fragen. Wir freuen uns darauf, mit Ihnen in Kontakt zu kommen. <\/p>\n<h3>Wissenswertes \u00fcber Bad Bevensen<\/h3>\n<p>Bad Bevensen hat etwa 9.000 registrierte Einwohner und erstreckt sich \u00fcber eine Gesamtfl\u00e4che von rund 48 Quadratkilometer. Hinsichtlich der Verkehrssituation ist die Kleinstadt gut zu erreichen: In unmittelbarer N\u00e4he des Gemeindegebietes liegt eine Zufahrt zur Autobahn B4. Dar\u00fcber hinaus erreicht man Bad Bevensen \u00fcber die L252 und mit der Eisenbahn auf der Strecke Hamburg-Hannover.<\/p>\n<p>Bad Bevensee liegt in der L\u00fcneburger Heide und geh\u00f6rt formell zum Kreis Uelzen. Die Gemeinde ist Sitz der Samtgemeinde Bevensen-Ebstorf, einer Vereinigung von 13 kleineren Orten. Die Samtgemeinde z\u00e4hlt in Summe knapp 26.000 B\u00fcrger und erstreckt sich \u00fcber ein Areal von etwas mehr als 479 qkm.<\/p>\n<p>Bad Bevensen ist ganz ohne Frage ein guter Platz zum Leben. Die charmante Kleinstadt verf\u00fcgt \u00fcber eine funktionierende Infrastruktur und bestens ausgebaute Wohngebiete.    <\/p>\n<h4>Hohe Qualit\u00e4t f\u00fcr Kunden aus Bad Bevensen<\/h4>\n<p>Sie wohnen in Bad Bevensen oder einem anderen Ort der Samtgemeinde und interessieren sich f\u00fcr unser Angebot. Toll, dass Sie diese Website gefunden haben. F\u00fcr R\u00fcckfragen stehen wir Ihnen jederzeit zur Verf\u00fcgung. Unser engagiertes Team freut sich auf Sie.<\/p>","popseo_zusatztext":"<h3>Kaduk Bauelemente ist Ihr Fachbetrieb f\u00fcr Sonnen- und Sichtschutz<\/h3>\n<p>Setzen Sie in Sachen Sicherheit und Sonnenschutz auf alle F\u00e4lle auf die fachspezifische Leistung vom Fachbetrieb. Nur ein Fachbetrieb kennt die Tricks und Tipps, wie man zu einem \u00fcberzeugenden Ergebnis kommt. Um sich mit Fug und Recht Fachbetrieb nennen zu d\u00fcrfen, braucht es eine qualifizierte Ausbildung der Mitarbeiter und eine langj\u00e4hrige Berufserfahrung.  <\/p>\n<p>Unsere Unternehmung empfiehlt sich als Ihr qualifizierter Fachbetrieb f\u00fcr Sonnenschutz und Sicherheit. Setzen Sie auf Qualit\u00e4t und schenken Sie unserem Fachbetrieb Ihr Vertrauen. Wir bieten Ihnen z.B. qualitativ ausgezeichnete Markisen und Rolll\u00e4den und legen massiv Wert auf einen sehr guten Service. Schon seit vielen Jahren sind wir fachkundiger Fachbetrieb f\u00fcr Terrassend\u00e4cher, Au\u00dfenjalousien, Rolll\u00e4den im Raum L\u00fcneburg. Es ist uns ein Anliegen, dass Sie dauerhaft viel Freude an Ihrem Sicht und Sonnenschutz haben. Von einem Fachbetrieb d\u00fcrfen Sie ohne Frage eine absolute Top-Leistung erwarten.<\/p>\n<h3>Dirk Kaduk Bauelemente \u2013 Ihr Fachbetrieb f\u00fcr Sicherheit und Sonnenschutz<\/h3>\n<p>Als Fachbetrieb darf sich ein Unternehmen bezeichnen, deren Angestellte \u00fcber dokumentierte Qualifikationen verf\u00fcgen. Dies ist zum Beispiel eine entsprechende Berufsausbildung oder ein Meisterbrief. Dar\u00fcber hinaus zeichnet eine langj\u00e4hrige praktische Erfahrung einen Fachbetrieb aus. Schon seit vielen Jahren konzentrieren wir uns als spezialisiertes Unternehmen auf Sicherheit und Sonnenschutz von Wohn- und Gesch\u00e4ftsh\u00e4usern. In diesen vielen Jahren haben wir uns die Bezeichnung Fachbetrieb bestimmt verdient. Wir benutzen lediglich hochwertige Artikel. Hierbei achten wir stets auf ein angemessenes Preis-Leistungsverh\u00e4ltnis. Unser Motto als Fachbetrieb: Wir bieten Ihnen hervorragende Qualit\u00e4t zu einem 1a- Preis.<\/p>","popseo_links":"<a href=\"https:\/\/www.kaduk-bauelemente.de\/leistungen\/rolltore-jesteburg\/\">Rolltore Jesteburg<\/a>, <a href=\"https:\/\/www.kaduk-bauelemente.de\/leistungen\/markisen-schwarzenbek\/\">Markisen Schwarzenbek<\/a>, <a href=\"https:\/\/www.kaduk-bauelemente.de\/leistungen\/terrassendaecher-aus-aluminium-tostedt-sittensen\/\">Terrassend\u00e4cher aus Aluminium Tostedt Sittensen<\/a>, <a href=\"https:\/\/www.kaduk-bauelemente.de\/leistungen\/zaeune-reppenstedt\/\">Z\u00e4une Reppenstedt<\/a>, <a href=\"https:\/\/www.kaduk-bauelemente.de\/leistungen\/terrassenueberdachungen-aus-holz-bispingen\/\">Terrassen\u00fcberdachungen aus Holz Bispingen<\/a>, <a href=\"https:\/\/www.kaduk-bauelemente.de\/leistungen\/garagentore-tostedt-sittensen\/\">Garagentore Tostedt Sittensen<\/a>, <a href=\"https:\/\/www.kaduk-bauelemente.de\/leistungen\/kunststofffenster-jesteburg\/\">Kunststofffenster Jesteburg<\/a>, <a href=\"https:\/\/www.kaduk-bauelemente.de\/leistungen\/terrassenueberdachungen-aus-aluminium-hanstedt\/\">Terrassen\u00fcberdachungen aus Aluminium Hanstedt<\/a>, <a href=\"https:\/\/www.kaduk-bauelemente.de\/leistungen\/haustueren-salzhausen\/\">Haust\u00fcren Salzhausen<\/a>, <a href=\"https:\/\/www.kaduk-bauelemente.de\/leistungen\/fenster-buchholz\/\">Fenster Buchholz<\/a>, <a href=\"https:\/\/www.kaduk-bauelemente.de\/leistungen\/kunststofffenster-adendorf\/\">Kunststofffenster Adendorf<\/a>, <a href=\"https:\/\/www.kaduk-bauelemente.de\/leistungen\/rollladen-seevetal-rosengarten\/\">Rollladen Seevetal Rosengarten<\/a>, <a href=\"https:\/\/www.kaduk-bauelemente.de\/leistungen\/haustueren-hanstedt\/\">Haust\u00fcren Hanstedt<\/a>, <a href=\"https:\/\/www.kaduk-bauelemente.de\/leistungen\/aussenjalousien-seevetal-rosengarten\/\">Au\u00dfenjalousien Seevetal Rosengarten<\/a>, <a href=\"https:\/\/www.kaduk-bauelemente.de\/leistungen\/terrassenueberdachungen-aus-aluminium-boizenburg\/\">Terrassen\u00fcberdachungen aus Aluminium Boizenburg<\/a>, <a href=\"https:\/\/www.kaduk-bauelemente.de\/leistungen\/markisen-reppenstedt\/\">Markisen Reppenstedt<\/a>, <a href=\"https:\/\/www.kaduk-bauelemente.de\/leistungen\/garagen-buechen\/\">Garagen B\u00fcchen<\/a>, <a href=\"https:\/\/www.kaduk-bauelemente.de\/leistungen\/raffstores-bienenbuettel\/\">Raffstores Bienenb\u00fcttel<\/a>, <a href=\"https:\/\/www.kaduk-bauelemente.de\/leistungen\/tueren-herzogtum-lauenburg\/\">T\u00fcren Herzogtum Lauenburg<\/a>, <a href=\"https:\/\/www.kaduk-bauelemente.de\/leistungen\/terrassenueberdachungen-aus-holz-buechen\/\">Terrassen\u00fcberdachungen aus Holz B\u00fcchen<\/a>, <a href=\"https:\/\/www.kaduk-bauelemente.de\/leistungen\/aussenjalousien-reppenstedt\/\">Au\u00dfenjalousien Reppenstedt<\/a>, <a href=\"https:\/\/www.kaduk-bauelemente.de\/leistungen\/zaeune-geesthacht\/\">Z\u00e4une Geesthacht<\/a>, <a href=\"https:\/\/www.kaduk-bauelemente.de\/leistungen\/terrassenueberdachungen-aus-holz-hanstedt\/\">Terrassen\u00fcberdachungen aus Holz Hanstedt<\/a>, <a href=\"https:\/\/www.kaduk-bauelemente.de\/leistungen\/haustueren-amelinghausen\/\">Haust\u00fcren Amelinghausen<\/a>, <a href=\"https:\/\/www.kaduk-bauelemente.de\/leistungen\/garagentore-buchholz\/\">Garagentore Buchholz<\/a>, <a href=\"https:\/\/www.kaduk-bauelemente.de\/leistungen\/aussenjalousien-bad-bevensen\/\">Au\u00dfenjalousien Bad Bevensen<\/a>"},"_links":{"self":[{"href":"https:\/\/www.kaduk-bauelemente.de\/leistungen\/wp-json\/wp\/v2\/pages\/4497","targetHints":{"allow":["GET"]}}],"collection":[{"href":"https:\/\/www.kaduk-bauelemente.de\/leistungen\/wp-json\/wp\/v2\/pages"}],"about":[{"href":"https:\/\/www.kaduk-bauelemente.de\/leistungen\/wp-json\/wp\/v2\/types\/page"}],"author":[{"embeddable":true,"href":"https:\/\/www.kaduk-bauelemente.de\/leistungen\/wp-json\/wp\/v2\/users\/1"}],"replies":[{"embeddable":true,"href":"https:\/\/www.kaduk-bauelemente.de\/leistungen\/wp-json\/wp\/v2\/comments?post=4497"}],"version-history":[{"count":0,"href":"https:\/\/www.kaduk-bauelemente.de\/leistungen\/wp-json\/wp\/v2\/pages\/4497\/revisions"}],"wp:attachment":[{"href":"https:\/\/www.kaduk-bauelemente.de\/leistungen\/wp-json\/wp\/v2\/media?parent=4497"}],"curies":[{"name":"wp","href":"https:\/\/api.w.org\/{rel}","templated":true}]}}