{"id":4490,"date":"2021-08-25T12:19:13","date_gmt":"2021-08-25T10:19:13","guid":{"rendered":"https:\/\/www.kaduk-bauelemente.de\/leistungen\/rollladen-stelle\/"},"modified":"2021-08-25T12:19:13","modified_gmt":"2021-08-25T10:19:13","slug":"rollladen-stelle","status":"publish","type":"page","link":"https:\/\/www.kaduk-bauelemente.de\/leistungen\/rollladen-stelle\/","title":{"rendered":"Rollladen &#8211; Stelle"},"content":{"rendered":"<h3>Ihr neuer Rollladen &#8211; eine gute  Investition<\/h3>\n<p>Ein Rollladen wird von au\u00dfen an ein Fenster oder an die T\u00fcr angebaut. Er dient als zus\u00e4tzliche Befestigung. Normalerweise wird der Rollladen als Sichtschutz und als Einbruchssicherung verwendet. Hin und wieder dient ein Rollladen allerdings auch als zus\u00e4tzliche Isolierung. Gerade w\u00e4hrend des Sommers bewahrt der Rollladen die Innenr\u00e4ume eines Hauses vor zu viel Hitze. Auch unterst\u00fctzt ein Rollladen dabei, kostbare Energie einzusparen. Ein Rollladen erinnert in Beschaffenheit sowie Eigenart an ein Rolltor. Die einzelnen Einzelelemente sind dynamisch und k\u00f6nnen entweder h\u00e4ndisch oder automatisch hoch- und runtergefahren werden. Fachgerecht angebracht, bietet ein Rollladen einen ausgezeichneten und sicheren Verschluss f\u00fcr ein Fenster beziehungsweise eine T\u00fcr. <\/p>\n<p>Der Rollladen ist in diversen Ausf\u00fchrungen im Handel erh\u00e4ltlich. Die meisten Kunden entschlie\u00dfen sich f\u00fcr einen Rollladen aus geh\u00e4rtetem Kunststoff oder auch aus Aluminium. Seltener werden Holz oder Stahl als Werkstoffe genutzt. Wir raten unseren Interessenten meistens zu einem Rollladen aus Aluminium. <\/p>\n<h3>Rollladen \u2013 besuchen Sie unsere Ausstellung!<\/h3>\n<p>F\u00fcr den Fall das Ihr alter Rollladen nicht mehr funktionsf\u00e4hig ist, so steht Ihnen unser Team auch f\u00fcr Wartungsarbeiten und Instandssetzungen zur Verf\u00fcgung. Nicht immer ist eine vollst\u00e4ndige Neuinstallation angezeigt. Selbst wenn die urspr\u00fcngliche Ausf\u00fchrung nicht durch uns ausgef\u00fchrt wurde: Scheuen Sie sich nicht und rufen Sie uns an. Wir reparieren Ihren Rollladen sehr gerne.<\/p>\n","protected":false},"excerpt":{"rendered":"<p>Ihr neuer Rollladen &#8211; eine gute Investition Ein Rollladen wird von au\u00dfen an ein Fenster oder an die T\u00fcr angebaut. Er dient als zus\u00e4tzliche Befestigung. Normalerweise wird der Rollladen als Sichtschutz und als Einbruchssicherung verwendet. Hin und wieder dient ein Rollladen allerdings auch als zus\u00e4tzliche Isolierung. Gerade w\u00e4hrend des Sommers bewahrt der Rollladen die Innenr\u00e4ume [&hellip;]<\/p>\n","protected":false},"author":1,"featured_media":0,"parent":0,"menu_order":0,"comment_status":"closed","ping_status":"closed","template":"","meta":{"footnotes":""},"class_list":["post-4490","page","type-page","status-publish","hentry"],"meta_box":{"popseo_subtitel":"Kaduk Bauelemente ist Ihr Fachanbieter f\u00fcr Rollladen in Stelle","popseo_subtitel2":"Rollladen - setzen Sie auf unsere Erfahrung","popseo_lasttitel":"Rollladen: Wir beantworten Ihre Fragen!","popseo_region":"Stelle","popseo_sachwort":"Rollladen","popseo_noupdate":"","popseo_einleitungstext":"<p>Sie wollen Ihre Gesch\u00e4fts- oder Wohnimmobilie mit zeitgem\u00e4\u00dfen Bauelementen ausstatten lassen interessieren sich f\u00fcr unser Leistungs- und Produktangebot? Wunderbar, dann sind Sie auf dieser Seite goldrichtig. Unser Produktsortiment umfasst zum Beispiel Rolltore, Terrassend\u00e4cher, Markisen, Au\u00dfenjalousien, Fenster, T\u00fcren, Rolll\u00e4den und Carports. Als auf Sonnenschutz und Sicherheit spezialisiertes Fachunternehmen \u00fcbernehmen wir gerne auch Reparatur- und Montagearbeiten. Erfahren Sie nachfolgend mehr \u00fcber unser Unternehmen und dessen Angebot. \u00dcber Ihr Interesse freuen wir uns sehr.<\/p>","popseo_schlusstext":"<p>Sie suchen einen Experten f\u00fcr hochwertige Sicherheits- und Sonnenschutzl\u00f6sungen. Dann kontaktieren Sie uns bitte schnell. Wir freuen uns auf Ihren Anruf oder Ihre E-Mail. Wenn es um Bauelemente geht, sind wir Ihr qualifizierter Handwerks- und Handelspartner. Wir garantieren hochwertige Produkte und eine sachkundig durchgef\u00fchrte Arbeit nach dem immer derzeitigen Stand der Technik.<\/p>","popseo_stadttext":"<h3>Wir freuen uns \u00fcber zufriedene Kunden aus in|Dach- und Fassadensanierung in|Unsere Spezialisten kommen zu Ihnen nach} Stelle<\/h2>\n<p>Unser Einzugsbereich umfasst auch Stelle. Durch unsere Gesch\u00e4ftst\u00e4tigkeit haben wir uns einen sehr guten \u00dcberblick \u00fcber die Stadtarchitektur der Gemeinden und St\u00e4dte unseres Vertriebsgebietes machen k\u00f6nnen. Wir f\u00fchlen uns der Region verpflichtet und sind stolz darauf, auch unseren Teil zur gesunden Infrastruktur der Gemeinde beizusteuern zu k\u00f6nnen.  <\/p>\n<h3>Einige interessante Informationen \u00fcber Stelle<\/h3>\n<p>In der zum Landkreis Harburg geh\u00f6renden Gemeinde Stelle wohnen in Summe ca. 11.000 B\u00fcrger auf einer Gesamtfl\u00e4che von zirka 38 Quadratkilometer. Direkt an Hamburg angrenzend, z\u00e4hlt Stelle zum sogenannten \u201eSpeckg\u00fcrtel\u201c der Freien und Hansestadt. Die Bev\u00f6lkerungszahl mit 288 Bewohnern pro Quadratkilometer ist nicht sonderlich hoch, was den Ort zu einer favorisierten Wohngegend macht. Einige sch\u00f6ne Quartiere mit einer h\u00fcbschen Bebauung machen Stelle f\u00fcr viele Menschen besonders anziehend. Leben im Gr\u00fcnen, dabei die Hansestadt unmittelbar vor der T\u00fcr  \u2013 ein Wohnmodell, das f\u00fcr sehr viele Menschen attraktiv ist. Ungez\u00e4hlte W\u00e4lder und Wiesen verleihen dem Ort einen teilweise fast bukolischen Charakter. Die lokale Wirtschaft von Stelle ist gepr\u00e4gt von kleinen und mittelst\u00e4ndigen Betrieben. <\/p>\n<p>Stelle ist f\u00fcr Pendler sehr gut ideal. Wer seine Arbeitsstelle in der nahen Metropole hat, genie\u00dft das eher entspannte Leben in der Peripherie. Stelle verf\u00fcgt \u00fcber zahlreiche idyllische Wohnquartiere, die von einer angenehmen Einzelhausbebauung bestimmt sind. <\/p>\n<h4>Privat- und Gesch\u00e4ftskunden aus Stelle sch\u00e4tzen unsere Leistungen!<\/h4>\n<p>Sehr gerne \u00fcbernehmen wir auch Arbeiten in Stelle und Umgebung. D\u00fcrfen wir Sie n\u00e4her informieren? Kontaktieren sie uns per Telefon oder schreiben Sie uns eine Mail. Wir freuen uns auf das Gespr\u00e4ch mit Ihnen! Das Team unseres Fachbetriebes ist eingespielt und arbeitet perfekt \u201eHand in Hand\u201c.<\/p>","popseo_zusatztext":"<h3>Kaduk Bauelemente ist Ihr Fachbetrieb in Sachen Sicht- und Sonnenschutz<\/h3>\n<p>Setzen Sie in Sachen Sonnenschutz und Sicherheit auf jeden Fall auf die sachliche Leistung vom Fachbetrieb. Nur ein Fachbetrieb kennt die Tipps und Tricks, wie man zu einem \u00fcberzeugenden Ergebnis kommt. Um sich mit Fug und Recht als Fachbetrieb zu titulieren, braucht es eine anerkannte Ausbildung der Mitarbeiter und eine jahrelange Erfahrung.  <\/p>\n<p>Unser Fachbetrieb empfiehlt sich als Ihr kompetenter Fachbetrieb f\u00fcr Sicherheit und Sonnenschutz. Setzen Sie auf Qualit\u00e4t und schenken Sie unserem Fachbetrieb Ihr Vertrauen. Wir bieten Ihnen u.a. hochqualitative Markisen und Rolll\u00e4den und legen h\u00f6chsten Wert auf einen perfekten Service. Schon seit vielen Jahren sind wir erfahrener Fachbetrieb f\u00fcr Markisen, Terrassend\u00e4cher, Rolll\u00e4den und Au\u00dfenjalousien im Raum L\u00fcneburg. Es ist uns wichtig, dass Sie \u00fcber lange Zeit viel Freude an Ihrem Sicht und Sonnenschutz haben. Von einem Fachbetrieb d\u00fcrfen Sie nat\u00fcrlich eine absolute Top-Leistung erwarten.<\/p>\n<h3>Dirk Kaduk Bauelemente \u2013 Ihr Fachbetrieb f\u00fcr Sicherheit und Sonnenschutz<\/h3>\n<p>Als Fachbetrieb darf sich eine Unternehmung bezeichnen, deren Angestellte \u00fcber nachweisbare Qualifikationen verf\u00fcgen. Dies ist beispielsweise eine entsprechende Berufsausbildung oder ein Meisterbrief. Dar\u00fcber hinaus zeichnet eine langj\u00e4hrige praktische Erfahrung einen Fachbetrieb aus. Schon seit vielen Jahren konzentrieren wir uns als spezialisiertes Unternehmen auf Sicherheit und Sonnenschutz von H\u00e4usern. In diesen vielen Jahren haben wir uns das Attribut Fachbetrieb ganz sicher erarbeitet. Wir verarbeiten nur hervorragende Produkte. Hierbei achten wir stets auf ein angemessenes Preis-Leistungsverh\u00e4ltnis. Unsere \u00dcberzeugung als Fachbetrieb: Wir bieten Ihnen 1a-Leistung zu einem konkurrenzlosem Preis.<\/p>","popseo_links":"<a href=\"https:\/\/www.kaduk-bauelemente.de\/leistungen\/terrassendaecher-aus-holz-adendorf\/\">Terrassend\u00e4cher aus Holz Adendorf<\/a>, <a href=\"https:\/\/www.kaduk-bauelemente.de\/leistungen\/terrassendaecher-aus-holz-buchholz\/\">Terrassend\u00e4cher aus Holz Buchholz<\/a>, <a href=\"https:\/\/www.kaduk-bauelemente.de\/leistungen\/holzfenster-boizenburg\/\">Holzfenster Boizenburg<\/a>, <a href=\"https:\/\/www.kaduk-bauelemente.de\/leistungen\/zaeune-hanstedt\/\">Z\u00e4une Hanstedt<\/a>, <a href=\"https:\/\/www.kaduk-bauelemente.de\/leistungen\/insektenschutz-uelzen\/\">Insektenschutz Uelzen<\/a>, <a href=\"https:\/\/www.kaduk-bauelemente.de\/leistungen\/sektionaltore-bergedorf-wentorf\/\">Sektionaltore Bergedorf Wentorf<\/a>, <a href=\"https:\/\/www.kaduk-bauelemente.de\/leistungen\/zaunbau-salzhausen\/\">Zaunbau Salzhausen<\/a>, <a href=\"https:\/\/www.kaduk-bauelemente.de\/leistungen\/fenster-geesthacht\/\">Fenster Geesthacht<\/a>, <a href=\"https:\/\/www.kaduk-bauelemente.de\/leistungen\/fenster-adendorf\/\">Fenster Adendorf<\/a>, <a href=\"https:\/\/www.kaduk-bauelemente.de\/leistungen\/haustueren-boizenburg\/\">Haust\u00fcren Boizenburg<\/a>, <a href=\"https:\/\/www.kaduk-bauelemente.de\/leistungen\/terrassendaecher-aus-holz-bad-bevensen\/\">Terrassend\u00e4cher aus Holz Bad Bevensen<\/a>, <a href=\"https:\/\/www.kaduk-bauelemente.de\/leistungen\/aussenjalousien-schwarzenbek\/\">Au\u00dfenjalousien Schwarzenbek<\/a>, <a href=\"https:\/\/www.kaduk-bauelemente.de\/leistungen\/tueren-winsen-luhe\/\">T\u00fcren Winsen Luhe<\/a>, <a href=\"https:\/\/www.kaduk-bauelemente.de\/leistungen\/terrassenueberdachungen-aus-holz-winsen-luhe\/\">Terrassen\u00fcberdachungen aus Holz Winsen Luhe<\/a>, <a href=\"https:\/\/www.kaduk-bauelemente.de\/leistungen\/rolltore-uelzen\/\">Rolltore Uelzen<\/a>, <a href=\"https:\/\/www.kaduk-bauelemente.de\/leistungen\/tueren-jesteburg\/\">T\u00fcren Jesteburg<\/a>, <a href=\"https:\/\/www.kaduk-bauelemente.de\/leistungen\/terrassenueberdachungen-aus-aluminium-buechen\/\">Terrassen\u00fcberdachungen aus Aluminium B\u00fcchen<\/a>, <a href=\"https:\/\/www.kaduk-bauelemente.de\/leistungen\/tueren-buchholz\/\">T\u00fcren Buchholz<\/a>, <a href=\"https:\/\/www.kaduk-bauelemente.de\/leistungen\/terrassendaecher-aus-aluminium-amelinghausen\/\">Terrassend\u00e4cher aus Aluminium Amelinghausen<\/a>, <a href=\"https:\/\/www.kaduk-bauelemente.de\/leistungen\/kunststofffenster-boizenburg\/\">Kunststofffenster Boizenburg<\/a>, <a href=\"https:\/\/www.kaduk-bauelemente.de\/leistungen\/rolltore-winsen-luhe\/\">Rolltore Winsen Luhe<\/a>, <a href=\"https:\/\/www.kaduk-bauelemente.de\/leistungen\/haustueren-herzogtum-lauenburg\/\">Haust\u00fcren Herzogtum Lauenburg<\/a>, <a href=\"https:\/\/www.kaduk-bauelemente.de\/leistungen\/terrassenueberdachungen-aus-holz-hanstedt\/\">Terrassen\u00fcberdachungen aus Holz Hanstedt<\/a>, <a href=\"https:\/\/www.kaduk-bauelemente.de\/leistungen\/raffstores-amelinghausen\/\">Raffstores Amelinghausen<\/a>, <a href=\"https:\/\/www.kaduk-bauelemente.de\/leistungen\/terrassenueberdachungen-aus-aluminium-bad-bevensen\/\">Terrassen\u00fcberdachungen aus Aluminium Bad Bevensen<\/a>, <a href=\"https:\/\/www.kaduk-bauelemente.de\/leistungen\/terrassenueberdachungen-aus-aluminium-ebstorf\/\">Terrassen\u00fcberdachungen aus Aluminium Ebstorf<\/a>"},"_links":{"self":[{"href":"https:\/\/www.kaduk-bauelemente.de\/leistungen\/wp-json\/wp\/v2\/pages\/4490","targetHints":{"allow":["GET"]}}],"collection":[{"href":"https:\/\/www.kaduk-bauelemente.de\/leistungen\/wp-json\/wp\/v2\/pages"}],"about":[{"href":"https:\/\/www.kaduk-bauelemente.de\/leistungen\/wp-json\/wp\/v2\/types\/page"}],"author":[{"embeddable":true,"href":"https:\/\/www.kaduk-bauelemente.de\/leistungen\/wp-json\/wp\/v2\/users\/1"}],"replies":[{"embeddable":true,"href":"https:\/\/www.kaduk-bauelemente.de\/leistungen\/wp-json\/wp\/v2\/comments?post=4490"}],"version-history":[{"count":0,"href":"https:\/\/www.kaduk-bauelemente.de\/leistungen\/wp-json\/wp\/v2\/pages\/4490\/revisions"}],"wp:attachment":[{"href":"https:\/\/www.kaduk-bauelemente.de\/leistungen\/wp-json\/wp\/v2\/media?parent=4490"}],"curies":[{"name":"wp","href":"https:\/\/api.w.org\/{rel}","templated":true}]}}