{"id":4488,"date":"2021-08-25T12:19:13","date_gmt":"2021-08-25T10:19:13","guid":{"rendered":"https:\/\/www.kaduk-bauelemente.de\/leistungen\/rollladen-schwarzenbek\/"},"modified":"2021-08-25T12:19:13","modified_gmt":"2021-08-25T10:19:13","slug":"rollladen-schwarzenbek","status":"publish","type":"page","link":"https:\/\/www.kaduk-bauelemente.de\/leistungen\/rollladen-schwarzenbek\/","title":{"rendered":"Rollladen &#8211; Schwarzenbek"},"content":{"rendered":"<h3>Ihr neuer Rollladen \u2013 auch optisch ein Highlight!<\/h3>\n<p>Ein Rollladen wird von au\u00dfen an ein Fenster oder an eine T\u00fcr angebaut. Er wird verwendet als zus\u00e4tzliche Befestigung. Meistens wird der Rollladen als Sichtschutz und als Einbruchsschutz verwendet. Mitunter fungiert ein Rollladen allerdings auch als zus\u00e4tzliche Isolierung. Speziell im Sommer sch\u00fctzt der Rollladen die Zimmer eines Geb\u00e4udes vor \u00fcberm\u00e4\u00dfiger Hitze. Auch hilft ein Rollladen dabei, kostbare Energie einzusparen. Ein Rollladen erinnert in Aufbau sowie Eigenart an ein Rolltor. Die einzelnen Elemente sind dynamisch und k\u00f6nnen entweder per Handbetrieb oder auf Knopfdruck hoch- und runtergefahren werden. Durch den Fachmann montiert, bietet ein Rollladen einen einwandfreien und einbruchshemmenden Verschluss f\u00fcr ein Fenster beziehungsweise eine T\u00fcr. <\/p>\n<p>Der Rollladen ist in diversen Varianten zu bekommen. Die meisten Kunden entscheiden sich f\u00fcr einen Rollladen aus geh\u00e4rtetem PVC oder aus Aluminium. Selten werden Holz oder Stahl als Ausgangsmaterialien genutzt. Wir raten unseren Kunden zumeist zu einem Rollladen aus Aluminium. <\/p>\n<h3>Ein neuer Rollladen ist immer eine gute Idee!<\/h3>\n<p>F\u00fcr den Fall das Ihr gebrauchter Rollladen nicht mehr seinen Dienst tut, so steht Ihnen unser Mitarbeiterteam auch f\u00fcr Wartungsarbeiten und Instandssetzungen zur Verf\u00fcgung. Nicht immer ist eine vollumf\u00e4ngliche Neulieferung notwendig. Auch wenn die damalige Installation nicht durch uns ausgef\u00fchrt wurde: Scheuen Sie sich nicht und rufen Sie uns an. Wir reparieren Ihren Rollladen mit Vergn\u00fcgen.<\/p>\n","protected":false},"excerpt":{"rendered":"<p>Ihr neuer Rollladen \u2013 auch optisch ein Highlight! Ein Rollladen wird von au\u00dfen an ein Fenster oder an eine T\u00fcr angebaut. Er wird verwendet als zus\u00e4tzliche Befestigung. Meistens wird der Rollladen als Sichtschutz und als Einbruchsschutz verwendet. Mitunter fungiert ein Rollladen allerdings auch als zus\u00e4tzliche Isolierung. Speziell im Sommer sch\u00fctzt der Rollladen die Zimmer eines [&hellip;]<\/p>\n","protected":false},"author":1,"featured_media":0,"parent":0,"menu_order":0,"comment_status":"closed","ping_status":"closed","template":"","meta":{"footnotes":""},"class_list":["post-4488","page","type-page","status-publish","hentry"],"meta_box":{"popseo_subtitel":"Kaduk Bauelemente ist Ihr Fachanbieter f\u00fcr Rollladen im Raum Schwarzenbek","popseo_subtitel2":"Rollladen - bei uns in gro\u00dfer Auswahl","popseo_lasttitel":"Rollladen: F\u00fcr weitere Informationen sprechen Sie uns bitte an","popseo_region":"Schwarzenbek","popseo_sachwort":"Rollladen","popseo_noupdate":"","popseo_einleitungstext":"<p>Wenn es um Sonnenschutz und Sicherheit geht, sind Sie bei der Firma Dirk Kaduk Bauelemte genau an der richtigen Adresse. Seit unserer Gr\u00fcndung sind wir Ihre lokalen Experten f\u00fcr qualitativ hochwertige Bauelemente. Zu unserem Produktsortiment z\u00e4hlen beispielsweise Rolltore, Markisen, Terrassend\u00e4cher, T\u00fcren, Fenster, Au\u00dfenjalousien, Rolll\u00e4den und Carports. Unsere Fachleute erledigen Reparatur- und Montagearbeiten und zeigen Ihnen M\u00f6glichkeiten auf, wie Sie Ihr Gesch\u00e4fts- oder Wohnhaus mit modernen Bauelementen ausstatten k\u00f6nnen. Auf diesen Seiten haben wir einige erste Informationen f\u00fcr Sie notiert.<\/p>","popseo_schlusstext":"<p>Auf Wunsch informieren wir Sie n\u00e4her \u00fcber unser Produkt- und Leistungsprogramm. Wir zeigen Ihnen mit Vergn\u00fcgen auch ein paar Referenzen, die Ihnen einen Einblick in unsere Arbeit geben.<br \/>\nVertrauen Sie auf das Urteil eines erfahrenen Fachbetriebes. Rufen Sie uns doch rasch einmal an oder schicken Sie uns eine kurze E-Mail. Wir freuen uns auf den Kontakt zu Ihnen.<\/p>","popseo_stadttext":"<h3>Wir sind Ihr Partner auch in Schwarzenbek<\/h3>\n<p>Unser Einzugsbereich umfasst auch Schwarzenbek. Durch unsere Gesch\u00e4ftst\u00e4tigkeit haben wir uns einen ausgezeichneten \u00dcberblick \u00fcber die Architektur der St\u00e4dte und Gemeinden unseres Vertriebsgebietes machen k\u00f6nnen. Wir f\u00fchlen uns der Region verpflichtet und freuen uns dar\u00fcber, auch unseren Teil zur gesunden Infrastruktur der Stadt Schwarzenbek beizusteuern zu k\u00f6nnen.  <\/p>\n<h3>Wissenswertes \u00fcber Schwarzenbek<\/h3>\n<p>Die Gemeinde Schwarzenbek z\u00e4hlt organisatorisch zum schleswig-holsteinischen Landkreis Herzogtum Lauenburg. In Schwarzenbek wohnen ungef\u00e4hr 15.000 B\u00fcrger auf einer Gesamtfl\u00e4che von gut 11 Quadratkilometern. Schwarzenbek ist Sitz des Amtes Schwarzenbek-Land. Schwarzenbek begeistert Bauherren besonders durch seine attraktiven Wohnquartiere. Die Bebauung mit Ein- und Mehrfamilienh\u00e4usern \u00fcberwiegt in der lauenburgischen Kleinstadt ganz unzweifelhaft. Mehrgeschossige Wohnh\u00e4user sind in Schwarzenbek erkennbar in der Minderheit.<\/p>\n<p>Die geringe Entfernung zur Hansestadt Hamburg ist ein wichtiger Standortfaktor f\u00fcr den Ort. Lediglich ungef\u00e4hr 35 km ist die norddeutsche Metropole von Schwarzenbek entfernt. Viele Pendler genie\u00dfen die Vorteile von Schwarzenbek: Wer in Hamburg arbeitet, hat nur einen kurzen Weg bis zum Lebensmittelpunkt in Schwarzenbek. Das zumeist idyllische Leben auf dem Lande kombiniert sich auf ideale Weise mit den urbanen Vorz\u00fcgen der Gro\u00dfstadt.<br \/>\nEine gute Infrastruktur macht das Wohnen in Schwarzenbek insbesondere f\u00fcr junge Familien attraktiv. Die Stadt ist Mitglied im Hamburger Verkehrsverbund (HVV). Auf der Schiene erreicht man Schwarzenbek \u00fcber die Strecke Hamburg-Berlin. Zum Hauptbahnhof Hamburg braucht man rund 20 Minuten. <\/p>\n<h3>Schwarzenbek \u2013 ein attraktiver Wohnort<\/h3>\n<p>Die Gemeinde Schwarzenbek wurde vor einigen Jahren mit dem sogenannten Europapreis ausgezeichnet. Der Preis wird Gemeinden verliehen, die sich sich in besonderem Ma\u00dfe f\u00fcr die Ausbreitung des europ\u00e4ischen Gedankens eingesetzt haben. Schwarzenbek tr\u00e4gt den Titel \u201eEuropastadt\u201c mit Stolz.<br \/>\nWegen der besonderen Lage im Kreisgebiet Lauenburgs wird Schwarzenbek bisweilen auch \u201eStadt der Mitte\u201c genannt. Schwarzenbek war nebenbei eine der ersten St\u00e4dte in in Schleswig-Holstein, die auf der Ortsbeschilderung den Ortsnamen auch auf Plattdeutsch notiert haben. Eine tolle Idee, die zwischenzeitlich zahllose Nachahmer gefunden hat. <\/p>\n<h4>Wir f\u00fcr Sie in Schwarzenbek!<\/h4>\n<p>Sehr gerne \u00fcbernehmen wir auch Arbeiten in Schwarzenbek und Umgebung. D\u00fcrfen wir Sie n\u00e4her informieren? Kontaktieren sie uns per Telefon oder schicken Sie uns eine Email. Wir freuen uns auf das Gespr\u00e4ch mit Ihnen! Das Team unseres Fachbetriebes ist eingespielt und arbeitet perfekt \u201eHand in Hand\u201c.<\/p>","popseo_zusatztext":"<h3>In Sachen Sicht- und Sonnenschutz sind wir Ihr qualifizierter Fachbetrieb<\/h3>\n<p>Vertrauen Sie in Sachen Sicherheit und Sonnenschutz auf jeden Fall auf die fachspezifische Leistung vom Fachbetrieb. Nur ein Fachbetrieb kennt die Tipps und Tricks, wie man zu einem hervorragenden Ergebnis kommt. Um sich mit Fug und Recht Fachbetrieb nennen zu k\u00f6nnen, braucht man eine gute Ausbildung der Mitarbeiter und eine jahrelange Fachkenntnis.  <\/p>\n<p>Unser Unternehmen empfiehlt sich als Ihr erfahrener Fachbetrieb f\u00fcr Sicherheit und Sonnenschutz. Erreichen Sie Ihr Ziel und schenken Sie unserem Fachbetrieb Ihr Vertrauen. Wir bieten Ihnen u.a. hochqualitative Markisen und Rolll\u00e4den und legen besonders Wert auf einen perfekten Service. Schon seit vielen Jahren sind wir erfahrener Fachbetrieb f\u00fcr Terrassend\u00e4cher, Markisen, Rolll\u00e4den und Au\u00dfenjalousien im Raum L\u00fcneburg. Es ist uns wichtig, dass Sie viele Jahre viel Freude an Ihrem Sicht und Sonnenschutz haben. Von einem Fachbetrieb d\u00fcrfen Sie selbstverst\u00e4ndlich eine fehlerfreie Top-Leistung erwarten.<\/p>\n<h3>Auf einen Fachbetrieb ist Verlass<\/h3>\n<p>Als Fachbetrieb darf sich eine Unternehmung bezeichnen, deren Mitarbeiter \u00fcber nachweisbare Qualifikationen verf\u00fcgen. Dies ist z.B. eine entsprechende Ausbildung oder ein Meisterbrief. Des Weiteren zeichnet eine intensive praktische Erfahrung einen Fachbetrieb aus. Schon seit vielen Jahren konzentrieren wir uns als spezialisiertes Unternehmen auf Sonnenschutz und Sicherheit von Wohn- und Gesch\u00e4ftsgeb\u00e4uden. In diesen vielen Jahren haben wir uns das Attribut Fachbetrieb ganz bestimmt erarbeitet. Wir verarbeiten nur hochwertige Materialien. Dabei achten wir stets auf ein ausgewogenes Preis-Leistungsverh\u00e4ltnis. Unsere \u00dcberzeugung als Fachbetrieb: Wir bieten Ihnen Top-Leistung zu einem fairen Preis.<\/p>","popseo_links":"<a href=\"https:\/\/www.kaduk-bauelemente.de\/leistungen\/holzfenster-amt-neuhaus\/\">Holzfenster Amt Neuhaus<\/a>, <a href=\"https:\/\/www.kaduk-bauelemente.de\/leistungen\/raffstores-bardowick\/\">Raffstores Bardowick<\/a>, <a href=\"https:\/\/www.kaduk-bauelemente.de\/leistungen\/terrassendaecher-aus-holz-salzhausen\/\">Terrassend\u00e4cher aus Holz Salzhausen<\/a>, <a href=\"https:\/\/www.kaduk-bauelemente.de\/leistungen\/terrassenueberdachungen-aus-aluminium-reppenstedt\/\">Terrassen\u00fcberdachungen aus Aluminium Reppenstedt<\/a>, <a href=\"https:\/\/www.kaduk-bauelemente.de\/leistungen\/tueren-harburg\/\">T\u00fcren Harburg<\/a>, <a href=\"https:\/\/www.kaduk-bauelemente.de\/leistungen\/rolllaeden-jesteburg\/\">Rolll\u00e4den Jesteburg<\/a>, <a href=\"https:\/\/www.kaduk-bauelemente.de\/leistungen\/terrassenueberdachungen-aus-aluminium-buechen\/\">Terrassen\u00fcberdachungen aus Aluminium B\u00fcchen<\/a>, <a href=\"https:\/\/www.kaduk-bauelemente.de\/leistungen\/aussenjalousien-stelle\/\">Au\u00dfenjalousien Stelle<\/a>, <a href=\"https:\/\/www.kaduk-bauelemente.de\/leistungen\/sektionaltore-buechen\/\">Sektionaltore B\u00fcchen<\/a>, <a href=\"https:\/\/www.kaduk-bauelemente.de\/leistungen\/haustueren-reinbek-glinde\/\">Haust\u00fcren Reinbek Glinde<\/a>, <a href=\"https:\/\/www.kaduk-bauelemente.de\/leistungen\/carports-hanstedt\/\">Carports Hanstedt<\/a>, <a href=\"https:\/\/www.kaduk-bauelemente.de\/leistungen\/haustueren-herzogtum-lauenburg\/\">Haust\u00fcren Herzogtum Lauenburg<\/a>, <a href=\"https:\/\/www.kaduk-bauelemente.de\/leistungen\/tueren-bardowick\/\">T\u00fcren Bardowick<\/a>, <a href=\"https:\/\/www.kaduk-bauelemente.de\/leistungen\/aussenjalousien-winsen-luhe\/\">Au\u00dfenjalousien Winsen Luhe<\/a>, <a href=\"https:\/\/www.kaduk-bauelemente.de\/leistungen\/zaunbau-boizenburg\/\">Zaunbau Boizenburg<\/a>, <a href=\"https:\/\/www.kaduk-bauelemente.de\/leistungen\/rolltore-bispingen\/\">Rolltore Bispingen<\/a>, <a href=\"https:\/\/www.kaduk-bauelemente.de\/leistungen\/terrassendaecher-aus-holz-seevetal-rosengarten\/\">Terrassend\u00e4cher aus Holz Seevetal Rosengarten<\/a>, <a href=\"https:\/\/www.kaduk-bauelemente.de\/leistungen\/haustueren-hanstedt\/\">Haust\u00fcren Hanstedt<\/a>, <a href=\"https:\/\/www.kaduk-bauelemente.de\/leistungen\/zaunbau-ebstorf\/\">Zaunbau Ebstorf<\/a>, <a href=\"https:\/\/www.kaduk-bauelemente.de\/leistungen\/insektenschutz-amelinghausen\/\">Insektenschutz Amelinghausen<\/a>, <a href=\"https:\/\/www.kaduk-bauelemente.de\/leistungen\/markisen-winsen-luhe\/\">Markisen Winsen Luhe<\/a>, <a href=\"https:\/\/www.kaduk-bauelemente.de\/leistungen\/zaeune-stelle\/\">Z\u00e4une Stelle<\/a>, <a href=\"https:\/\/www.kaduk-bauelemente.de\/leistungen\/garagen-bienenbuettel\/\">Garagen Bienenb\u00fcttel<\/a>, <a href=\"https:\/\/www.kaduk-bauelemente.de\/leistungen\/aussenjalousien-schwarzenbek\/\">Au\u00dfenjalousien Schwarzenbek<\/a>, <a href=\"https:\/\/www.kaduk-bauelemente.de\/leistungen\/markisen-tostedt-sittensen\/\">Markisen Tostedt Sittensen<\/a>, <a href=\"https:\/\/www.kaduk-bauelemente.de\/leistungen\/aussenjalousien-bienenbuettel\/\">Au\u00dfenjalousien Bienenb\u00fcttel<\/a>"},"_links":{"self":[{"href":"https:\/\/www.kaduk-bauelemente.de\/leistungen\/wp-json\/wp\/v2\/pages\/4488","targetHints":{"allow":["GET"]}}],"collection":[{"href":"https:\/\/www.kaduk-bauelemente.de\/leistungen\/wp-json\/wp\/v2\/pages"}],"about":[{"href":"https:\/\/www.kaduk-bauelemente.de\/leistungen\/wp-json\/wp\/v2\/types\/page"}],"author":[{"embeddable":true,"href":"https:\/\/www.kaduk-bauelemente.de\/leistungen\/wp-json\/wp\/v2\/users\/1"}],"replies":[{"embeddable":true,"href":"https:\/\/www.kaduk-bauelemente.de\/leistungen\/wp-json\/wp\/v2\/comments?post=4488"}],"version-history":[{"count":0,"href":"https:\/\/www.kaduk-bauelemente.de\/leistungen\/wp-json\/wp\/v2\/pages\/4488\/revisions"}],"wp:attachment":[{"href":"https:\/\/www.kaduk-bauelemente.de\/leistungen\/wp-json\/wp\/v2\/media?parent=4488"}],"curies":[{"name":"wp","href":"https:\/\/api.w.org\/{rel}","templated":true}]}}