{"id":4487,"date":"2021-08-25T12:19:13","date_gmt":"2021-08-25T10:19:13","guid":{"rendered":"https:\/\/www.kaduk-bauelemente.de\/leistungen\/rollladen-salzhausen\/"},"modified":"2021-08-25T12:19:13","modified_gmt":"2021-08-25T10:19:13","slug":"rollladen-salzhausen","status":"publish","type":"page","link":"https:\/\/www.kaduk-bauelemente.de\/leistungen\/rollladen-salzhausen\/","title":{"rendered":"Rollladen &#8211; Salzhausen"},"content":{"rendered":"<h3>Ihr neuer Rollladen \u2013 auch optisch ein Highlight!<\/h3>\n<p>Ein Rollladen wird von au\u00dfen an ein Fenster bzw. an die T\u00fcr angebracht. Er findet Verwendung als erweiterte Befestigung. Meistens wird der Rollladen als Sichtschutz oder als Einbruchsschutz verwendet. Manchmal dient ein Rollladen allerdings auch als zus\u00e4tzliche Isolierung. Gerade im Sommer bewahrt der Rollladen die R\u00e4ume eines Hauses vor gro\u00dfer Hitze. Auch hilft ein Rollladen dabei, wertvolle Energie einzusparen. Ein Rollladen erinnert in Aufbau und Eigenart an ein Rolltor. Die einzelnen Elemente sind beweglich und k\u00f6nnen entweder per Hand oder elektrisch runter- und hochgefahren werden. Richtig angebracht, bietet ein Rollladen einen einwandfreien und sicheren Verschluss f\u00fcr ein Fenster beziehungsweise eine T\u00fcr. <\/p>\n<p>Der Rollladen ist in unterschiedlichen Varianten im Handel erh\u00e4ltlich. Die meisten Interessenten entscheiden sich f\u00fcr einen Rollladen aus geh\u00e4rtetem Kunststoff oder aus Aluminium. Selten werden Holz oder Stahl als Materialien genutzt. Wir raten unseren Kunden oft zu einem Rollladen aus Aluminium. <\/p>\n<h3>Wir informieren Sie \u00fcber Rollladen!<\/h3>\n<p>F\u00fcr den Fall das Ihr gebrauchter Rollladen nicht mehr funktionsf\u00e4hig ist, so steht Ihnen unser Mitarbeiterteam auch f\u00fcr Reparaturen und Wartungsarbeiten zur Verf\u00fcgung. Nicht immer ist eine vollst\u00e4ndige Erneuerung von N\u00f6ten. Auch wenn die vorherige Installation nicht durch uns erfolgte: Scheuen Sie sich nicht und rufen Sie uns an. Wir reparieren Ihren Rollladen mit Vergn\u00fcgen.<\/p>\n","protected":false},"excerpt":{"rendered":"<p>Ihr neuer Rollladen \u2013 auch optisch ein Highlight! Ein Rollladen wird von au\u00dfen an ein Fenster bzw. an die T\u00fcr angebracht. Er findet Verwendung als erweiterte Befestigung. Meistens wird der Rollladen als Sichtschutz oder als Einbruchsschutz verwendet. Manchmal dient ein Rollladen allerdings auch als zus\u00e4tzliche Isolierung. Gerade im Sommer bewahrt der Rollladen die R\u00e4ume eines [&hellip;]<\/p>\n","protected":false},"author":1,"featured_media":0,"parent":0,"menu_order":0,"comment_status":"closed","ping_status":"closed","template":"","meta":{"footnotes":""},"class_list":["post-4487","page","type-page","status-publish","hentry"],"meta_box":{"popseo_subtitel":"Kaduk Bauelemente ist Ihr Fachbetrieb f\u00fcr Rollladen im Raum Salzhausen","popseo_subtitel2":"Rollladen - eine vorteilhafte Sache!","popseo_lasttitel":"Rollladen: Wir informieren Sie gerne auch pers\u00f6nlich!","popseo_region":"Salzhausen","popseo_sachwort":"Rollladen","popseo_noupdate":"","popseo_einleitungstext":"<p>Sie wollen Ihre Immobilie mit zeitgem\u00e4\u00dfen Bauelementen ausstatten lassen interessieren sich f\u00fcr unser Leistungs- und Produktangebot? Klasse, dann sind Sie auf dieser Seite genau richtig. Unser Produktsortiment umfasst beispielsweise Terrassend\u00e4cher, Markisen, Rolltore, Fenster, T\u00fcren, Au\u00dfenjalousien, Rolll\u00e4den und Carports. Als auf Sonnenschutz und Sicherheit spezialisiertes Unternehmen \u00fcbernehmen wir gerne auch Montage- und Reparaturarbeiten. Erfahren Sie nachfolgend mehr \u00fcber unser Unternehmen und dessen Angebot. Ihr Interesse freut uns sehr.<\/p>","popseo_schlusstext":"<p>Sehr gerne informieren wir Sie n\u00e4her \u00fcber unsere Produkte und unser Aufgabengebiet. Wir pr\u00e4sentieren Ihnen mit Vergn\u00fcgen auch einige Referenzen, die Ihnen einen Einblick in unsere Arbeit geben.<br \/>\nVertrauen Sie auf das Urteil eines erfahrenen Fachbetriebes. Rufen Sie uns doch einfach einmal an oder senden Sie uns eine schnelle E-Mail. Wir freuen uns auf Ihre Kontaktaufnahme.<\/p>","popseo_stadttext":"<h3>Unser Einzugsbereich umfasst auch Salzhausen<\/h3>\n<p>Sie kommen aus Salzhausen und sind hier im Internet auf unsere Homepage gesto\u00dfen? Das finden wir klasse. Gerne pr\u00e4sentieren wir Ihnen unser komplettes Leistungsspektrum und beantworten Ihre Fragen. Durch unsere Vertriebst\u00e4tigkeit haben wir uns einen guten \u00dcberblick \u00fcber die Stadtarchitektur der St\u00e4dte und Gemeinden unseres Einzugsbereiches machen k\u00f6nnen. Selbstverst\u00e4ndlich z\u00e4hlt auch Salhausen zu unserem unmittelbaren Wirkungskreis. Wir freuen uns darauf, mit Ihnen ins Gespr\u00e4ch zu kommen. <\/p>\n<h3>Gute Gr\u00fcnde sprechen f\u00fcr den Wohnort Salzhausen<\/h3>\n<p>Zirka 5.000 Menschen leben in Salzhausen auf einem Gebiet von 34 qkm. Der speziell als Wohnstatt gefragte Ort gilt als typische Pendlerstadt. Von Salzhausen f\u00e4hrt man ins dicht gelegene Hamburg in zirka 35 Minuten. Das lokale Mittelzentrum L\u00fcneburg ist nur 20 Kilometer entfernt. Salzhausen ist Teil der Metropolregion Hamburg und z\u00e4hlt verwaltungstechnisch zum Landkreis Harburg.<\/p>\n<p>Der beschauliche kleine Ort ist Amtssitz der Samtgemeinde Salzhausen, einer Vereinigung von 13 kleineren Ortschaften und acht Mitgliedsgemeinden. Die Samtgemeinde Salzhausen z\u00e4hlt insgesamt rund 14.000 Einwohner und erstreckt sich \u00fcber eine Fl\u00e4che von etwas mehr als 148 Quadratkilometern. Einige der bekanntesten Ortschaften sind Garlsdorf, Eyendorf, G\u00f6denstorf, Garstedt, Toppenstedt und Luhm\u00fchlen. Salzhausen wie auch die \u00fcbrigen Orte der Samtgemeinde sind besonders familiengeeignete Wohnst\u00e4tten. Salzhausen gef\u00e4llt durch eine sehr bukolische Anmutung. Viele Naherholungsgebiete und landwirtschaftlich genutzte Fl\u00e4chen laden zur Erholung ein.<\/p>\n<h4>Hohe Qualit\u00e4t f\u00fcr Kunden aus Salzhausen<\/h4>\n<p>Das Leben in Salzhausen, Garlsdorf, Eyendorf, Garstedt, G\u00f6denstorf, Luhm\u00fchlen und Toppenstedt ist beschaulich. Alle Orte der Samtgemeinde Salzhausen verf\u00fcgen \u00fcber beruhigte Wohnquartiere, die vor allem von einer angenehmen Einzelhausbebauung gepr\u00e4gt sind. Sie interessieren sich f\u00fcr unser Leistungsangebot und haben deshalb unsere Website besucht? Das freut uns sehr. Unser freundliches Spezialistenteam nimmt gerne Ihren Anruf entgegen oder beantwortet Ihre E-Mail.<\/p>","popseo_zusatztext":"<h3>Kaduk Bauelemente \u2013 Ihr Fachbetrieb f\u00fcr Sicht- und Sonnenschutz<\/h3>\n<p>Setzen Sie in Sachen Sicherheit und Sonnenschutz unbedingt auf die fachspezifische Leistung vom Fachbetrieb. Nur ein Fachbetrieb kennt die Tipps und Tricks, wie man zu einem sachgerechten Ergebnis kommt. Um sich mit Fug und Recht als Fachbetrieb zu titulieren, bedarf es einer qualifizierten Ausbildung der Mitarbeiter und einer jahrelangen Berufserfahrung.  <\/p>\n<p>Unser Unternehmen empfiehlt sich als Ihr erfahrener Fachbetrieb f\u00fcr Sonnenschutz und Sicherheit. Erreichen Sie Ihr Ziel und schenken Sie unserem Fachbetrieb Ihr Vertrauen. Wir bieten Ihnen unter anderem hochwertige Markisen und Rolll\u00e4den und legen h\u00f6chsten Wert auf einen ausgezeichneten Service. Schon seit vielen Jahren sind wir sachkundiger Fachbetrieb f\u00fcr Markisen, Terrassend\u00e4cher, Rolll\u00e4den und Au\u00dfenjalousien im Raum L\u00fcneburg. Es ist uns wichtig, dass Sie dauerhaft viel Freude an Ihrem Sicht und Sonnenschutz haben. Von einem Fachbetrieb d\u00fcrfen Sie selbstverst\u00e4ndlich eine absolute Top-Leistung erwarten.<\/p>\n<h3>Dirk Kaduk Bauelemente \u2013 Ihr Fachbetrieb f\u00fcr Sicherheit und Sonnenschutz<\/h3>\n<p>Als Fachbetrieb darf sich eine Firma bezeichnen, deren Mitarbeiter \u00fcber nachweisbare Qualifikationen verf\u00fcgen. Dies ist zum Beispiel eine entsprechende Ausbildung oder ein Meisterbrief. Des Weiteren zeichnet eine intensive praktische Erfahrung einen Fachbetrieb aus. Bereits seit vielen Jahren konzentrieren wir uns als spezialisiertes Unternehmen auf Sicherheit und Sonnenschutz von H\u00e4usern. In diesen vielen Jahren haben wir uns das Attribut Fachbetrieb sicher verdient. Wir nutzen nur hochwertige Artikel. Hierbei achten wir immer auf ein sehr gutes Preis-Leistungsverh\u00e4ltnis. Unsere \u00dcberzeugung als Fachbetrieb: Wir bieten Ihnen 1a-Leistung zu einem 1a- Preis.<\/p>","popseo_links":"<a href=\"https:\/\/www.kaduk-bauelemente.de\/leistungen\/insektenschutz-adendorf\/\">Insektenschutz Adendorf<\/a>, <a href=\"https:\/\/www.kaduk-bauelemente.de\/leistungen\/terrassenueberdachungen-aus-aluminium-reinbek-glinde\/\">Terrassen\u00fcberdachungen aus Aluminium Reinbek Glinde<\/a>, <a href=\"https:\/\/www.kaduk-bauelemente.de\/leistungen\/garagen-bad-bevensen\/\">Garagen Bad Bevensen<\/a>, <a href=\"https:\/\/www.kaduk-bauelemente.de\/leistungen\/aussenjalousien-uelzen\/\">Au\u00dfenjalousien Uelzen<\/a>, <a href=\"https:\/\/www.kaduk-bauelemente.de\/leistungen\/terrassenueberdachungen-aus-holz-stelle\/\">Terrassen\u00fcberdachungen aus Holz Stelle<\/a>, <a href=\"https:\/\/www.kaduk-bauelemente.de\/leistungen\/fliegengitter-schwarzenbek\/\">Fliegengitter Schwarzenbek<\/a>, <a href=\"https:\/\/www.kaduk-bauelemente.de\/leistungen\/fliegengitter-bispingen\/\">Fliegengitter Bispingen<\/a>, <a href=\"https:\/\/www.kaduk-bauelemente.de\/leistungen\/garagentore-winsen-luhe\/\">Garagentore Winsen Luhe<\/a>, <a href=\"https:\/\/www.kaduk-bauelemente.de\/leistungen\/tueren-boizenburg\/\">T\u00fcren Boizenburg<\/a>, <a href=\"https:\/\/www.kaduk-bauelemente.de\/leistungen\/sektionaltore-hanstedt\/\">Sektionaltore Hanstedt<\/a>, <a href=\"https:\/\/www.kaduk-bauelemente.de\/leistungen\/raffstores-bienenbuettel\/\">Raffstores Bienenb\u00fcttel<\/a>, <a href=\"https:\/\/www.kaduk-bauelemente.de\/leistungen\/holzfenster-uelzen\/\">Holzfenster Uelzen<\/a>, <a href=\"https:\/\/www.kaduk-bauelemente.de\/leistungen\/holzfenster-jesteburg\/\">Holzfenster Jesteburg<\/a>, <a href=\"https:\/\/www.kaduk-bauelemente.de\/leistungen\/terrassenueberdachungen-aus-holz-geesthacht\/\">Terrassen\u00fcberdachungen aus Holz Geesthacht<\/a>, <a href=\"https:\/\/www.kaduk-bauelemente.de\/leistungen\/markisen-schwarzenbek\/\">Markisen Schwarzenbek<\/a>, <a href=\"https:\/\/www.kaduk-bauelemente.de\/leistungen\/fliegengitter-buechen\/\">Fliegengitter B\u00fcchen<\/a>, <a href=\"https:\/\/www.kaduk-bauelemente.de\/leistungen\/terrassenueberdachungen-aus-holz-amelinghausen\/\">Terrassen\u00fcberdachungen aus Holz Amelinghausen<\/a>, <a href=\"https:\/\/www.kaduk-bauelemente.de\/leistungen\/zaunbau-adendorf\/\">Zaunbau Adendorf<\/a>, <a href=\"https:\/\/www.kaduk-bauelemente.de\/leistungen\/rolllaeden-amelinghausen\/\">Rolll\u00e4den Amelinghausen<\/a>, <a href=\"https:\/\/www.kaduk-bauelemente.de\/leistungen\/sektionaltore-jesteburg\/\">Sektionaltore Jesteburg<\/a>, <a href=\"https:\/\/www.kaduk-bauelemente.de\/leistungen\/fenster-bardowick\/\">Fenster Bardowick<\/a>, <a href=\"https:\/\/www.kaduk-bauelemente.de\/leistungen\/fliegengitter-seevetal-rosengarten\/\">Fliegengitter Seevetal Rosengarten<\/a>, <a href=\"https:\/\/www.kaduk-bauelemente.de\/leistungen\/aussenjalousien-amelinghausen\/\">Au\u00dfenjalousien Amelinghausen<\/a>, <a href=\"https:\/\/www.kaduk-bauelemente.de\/leistungen\/kunststofffenster-bergedorf-wentorf\/\">Kunststofffenster Bergedorf Wentorf<\/a>, <a href=\"https:\/\/www.kaduk-bauelemente.de\/leistungen\/terrassenueberdachungen-aus-aluminium-bispingen\/\">Terrassen\u00fcberdachungen aus Aluminium Bispingen<\/a>, <a href=\"https:\/\/www.kaduk-bauelemente.de\/leistungen\/holzfenster-boizenburg\/\">Holzfenster Boizenburg<\/a>"},"_links":{"self":[{"href":"https:\/\/www.kaduk-bauelemente.de\/leistungen\/wp-json\/wp\/v2\/pages\/4487","targetHints":{"allow":["GET"]}}],"collection":[{"href":"https:\/\/www.kaduk-bauelemente.de\/leistungen\/wp-json\/wp\/v2\/pages"}],"about":[{"href":"https:\/\/www.kaduk-bauelemente.de\/leistungen\/wp-json\/wp\/v2\/types\/page"}],"author":[{"embeddable":true,"href":"https:\/\/www.kaduk-bauelemente.de\/leistungen\/wp-json\/wp\/v2\/users\/1"}],"replies":[{"embeddable":true,"href":"https:\/\/www.kaduk-bauelemente.de\/leistungen\/wp-json\/wp\/v2\/comments?post=4487"}],"version-history":[{"count":0,"href":"https:\/\/www.kaduk-bauelemente.de\/leistungen\/wp-json\/wp\/v2\/pages\/4487\/revisions"}],"wp:attachment":[{"href":"https:\/\/www.kaduk-bauelemente.de\/leistungen\/wp-json\/wp\/v2\/media?parent=4487"}],"curies":[{"name":"wp","href":"https:\/\/api.w.org\/{rel}","templated":true}]}}