{"id":4486,"date":"2021-08-25T12:19:13","date_gmt":"2021-08-25T10:19:13","guid":{"rendered":"https:\/\/www.kaduk-bauelemente.de\/leistungen\/rollladen-reppenstedt\/"},"modified":"2021-08-25T12:19:13","modified_gmt":"2021-08-25T10:19:13","slug":"rollladen-reppenstedt","status":"publish","type":"page","link":"https:\/\/www.kaduk-bauelemente.de\/leistungen\/rollladen-reppenstedt\/","title":{"rendered":"Rollladen &#8211; Reppenstedt"},"content":{"rendered":"<h3>Ihr neuer Rollladen &#8211; eine gute  Investition<\/h3>\n<p>Ein Rollladen wird von au\u00dfen an ein Fenster bzw. an eine T\u00fcr montiert. Er findet Verwendung als erweiterte Befestigung. In der Regel wird der Rollladen als Sichtschutz und als Einbruchsschutz verwendet. Gelegentlich dient ein Rollladen aber auch als zus\u00e4tzliche Isolierung. Besonders im Sommer bewahrt der Rollladen die Innenr\u00e4ume eines Hauses vor \u00fcberm\u00e4\u00dfiger Hitze. Auch unterst\u00fctzt ein Rollladen dabei, kostbare Energie einzusparen. Ein Rollladen erinnert in Beschaffenheit sowie Eigenart an ein Rolltor. Die einzelnen Elemente sind beweglich und k\u00f6nnen entweder h\u00e4ndisch oder elektrisch hoch- und runtergefahren werden. Richtig montiert, bietet ein Rollladen einen sehr guten und sicheren Verschluss f\u00fcr ein Fenster bzw. eine T\u00fcr. <\/p>\n<p>Der Rollladen ist in diversen Ausf\u00fchrungen erh\u00e4ltlich. Die meisten Kunden entschlie\u00dfen sich f\u00fcr einen Rollladen aus geh\u00e4rtetem PVC oder auch aus Aluminium. Seltener werden Holz oder Stahl als Materialien genutzt. Wir raten unseren Interessenten zumeist zu einem Rollladen aus Aluminium. <\/p>\n<h3>Wir informieren Sie \u00fcber Rollladen!<\/h3>\n<p>F\u00fcr den Fall das Ihr alter Rollladen nicht mehr funktionsf\u00e4hig ist, so steht Ihnen unser Team auch f\u00fcr Wartungsarbeiten und Instandssetzungen bereit. Nicht grunds\u00e4tzlich ist eine vollumf\u00e4ngliche Neuinstallation von N\u00f6ten. Selbst wenn die urspr\u00fcngliche Ausf\u00fchrung nicht durch uns ausgef\u00fchrt wurde: \u00dcberlegen Sie nicht und rufen Sie uns an. Wir reparieren Ihren Rollladen gerne.<\/p>\n","protected":false},"excerpt":{"rendered":"<p>Ihr neuer Rollladen &#8211; eine gute Investition Ein Rollladen wird von au\u00dfen an ein Fenster bzw. an eine T\u00fcr montiert. Er findet Verwendung als erweiterte Befestigung. In der Regel wird der Rollladen als Sichtschutz und als Einbruchsschutz verwendet. Gelegentlich dient ein Rollladen aber auch als zus\u00e4tzliche Isolierung. Besonders im Sommer bewahrt der Rollladen die Innenr\u00e4ume [&hellip;]<\/p>\n","protected":false},"author":1,"featured_media":0,"parent":0,"menu_order":0,"comment_status":"closed","ping_status":"closed","template":"","meta":{"footnotes":""},"class_list":["post-4486","page","type-page","status-publish","hentry"],"meta_box":{"popseo_subtitel":"Wir sind Ihr Experte f\u00fcr Rollladen im Raum Reppenstedt","popseo_subtitel2":"Rollladen - setzen Sie auf unsere Erfahrung","popseo_lasttitel":"Rollladen: Treten Sie in Kontakt mit uns!","popseo_region":"Reppenstedt","popseo_sachwort":"Rollladen","popseo_noupdate":"","popseo_einleitungstext":"<p>Sie wollen Ihre Immobilie mit zeitgem\u00e4\u00dfen Bauelementen ausstatten lassen interessieren sich f\u00fcr unser Leistungs- und Produktangebot? Wunderbar, dann sind Sie auf dieser Seite genau richtig. Unser Produktportfolio umfasst beispielsweise Markisen, Rolltore, Terrassend\u00e4cher, Fenster, T\u00fcren, Au\u00dfenjalousien, Rolll\u00e4den und Carports. Als auf Sicherheit und Sonnenschutz spezialisiertes Fachunternehmen \u00fcbernehmen wir insbesondere auch Reparatur- und Montagearbeiten. Erfahren Sie nachfolgend mehr \u00fcber unser Unternehmen und dessen Angebot. Ihr Interesse freut uns sehr.<\/p>","popseo_schlusstext":"<p>Gerne informieren wir Sie n\u00e4her \u00fcber unsere Produkte und unser Aufgabengebiet. Wir pr\u00e4sentieren Ihnen mit Vergn\u00fcgen auch ein paar Referenzprojekte, die Ihnen einen Einblick in unsere Arbeit geben.<br \/>\nVertrauen Sie auf das Urteil eines erfahrenen Fachbetriebes. Rufen Sie uns doch einfach einmal an oder schicken Sie uns eine schnelle E-Mail. Wir freuen uns auf Sie.<\/p>","popseo_stadttext":"<h3>Wohn- und Gewerbestandort Reppenstedt<\/h3>\n<p>Sie kommen aus Reppenstedt, S\u00fcdergellersen, Kirchgellersen oder Westergellersen und sind hier im World Wide Web auf unsere Website gesto\u00dfen? Das finden wir toll. Sehr gerne pr\u00e4sentieren wir Ihnen unser komplettes Leistungsspektrum und beantworten Ihre Fragen. Durch unsere Gesch\u00e4ftst\u00e4tigkeit haben wir uns einen sehr guten \u00dcberblick \u00fcber die Stadtarchitektur der St\u00e4dte und Gemeinden unseres Einzugsbereiches erarbeiten k\u00f6nnen. Nat\u00fcrlich z\u00e4hlen auch Reppenstedt und die anderen Orte der Samtgemeinde Gellersen zu unserem unmittelbaren Vertriebsgebiet. Wir freuen uns darauf, mit Ihnen ins Gespr\u00e4ch zu treten. <\/p>\n<h3>Interessante Fakten zu Reppenstedt<\/h3>\n<p>Zirka 7.600 Anwohner z\u00e4hlt Reppenstedt. Das Gemeindegebiet umfasst ein Gesamtareal von ann\u00e4hernd 14 qkm. Reppenstedt ist Verwaltungssitz der Samtgemeinde Gellersen, einem Zusammenschluss von kleineren Ortschaften, zu dem neben Reppenstedt selbst auch Kirchgellersen, S\u00fcdergellersen und Westergellersen geh\u00f6ren. Die Samtgemeinde z\u00e4hlt in Summe rund 14.000 B\u00fcrger und erstreckt sich \u00fcber eine Fl\u00e4che von zirka 73 Quadratkilometern.<\/p>\n<p>Reppenstedt schlie\u00dft unmittelbar westlich an L\u00fcneburg an. \u00dcber die Landesstra\u00dfe 216 und die Kreisstra\u00dfe 50 ist die Gemeinde bequem mit dem PKW zu erreichen. Auch gibt es eine Busanbindung nach L\u00fcneburg. Reppenstedt ist ein familiengerechter Ort. Die Gemeinde besitzt eine ausgezeichnete Infrastruktur \u2013 nicht zuletzt durch die Anbindung an die Stadt L\u00fcneburg. Reppenstedt ist ein Ort mit einer reizvollen naturnahen Umgebung. <\/p>\n<h4>Privat- und Gesch\u00e4ftskunden aus Reppenstedt sch\u00e4tzen unsere Leistungen!<\/h4>\n<p>Das Leben in Reppenstedt, Westergellersen, Kirchgellersen und S\u00fcdergellersen ist romantisch. Alle Orte der Samtgemeinde Gellersen verf\u00fcgen \u00fcber idyllische Wohnquartiere, die insbesondere von einer typischen Einzelhausbebauung gepr\u00e4gt sind. Sie interessieren sich f\u00fcr unser Leistungsprogramm und haben deshalb unsere Website besucht? Dar\u00fcber freuen wir uns sehr. Unser freundliches Team nimmt gerne Ihren Anruf entgegen oder beantwortet Ihre E-Mail.<\/p>","popseo_zusatztext":"<h3>G\u00fcnstig und preiswert \u2013 Leistung vom Fachbetrieb<\/h3>\n<p>Bauelemente m\u00fcssen h\u00f6chsten Erwartungen standhalten. Gleichwohl soll es g\u00fcnstig und preiswert sein. Das muss absolut kein Widerspruch sein. <\/p>\n<p>Als Fachbetrieb f\u00fcr Sonnenschutz und Sicherheit verwenden wir ausnahmslos ausgezeichnete Erzeugnisse. Nichtsdestotrotz achten wir immer auf ein angemessenes Preis-Leistungsverh\u00e4ltnis. Wir m\u00f6chten Ihnen Spitzenqualit\u00e4t anbieten, die gleichzeitig auch g\u00fcnstig und preiswert ist. Geben Sie Ihrem Zuhause g\u00fcnstig und preiswert das besondere Plus an Qualit\u00e4t. Rolll\u00e4den und Markisen oder andere Sonnenschutzl\u00f6sungen sehen nicht nur schmuck aus, sie leisten auch einen bedeutsamen Anteil zur W\u00e4rmed\u00e4mmung.  <\/p>\n<h3>G\u00fcnstig und preiswert \u2013 trotzdem individuell und schick<\/h3>\n<p>D\u00fcrfen wir Sie informieren, wie Sie g\u00fcnstig und preiswert einen optimalen Sonnenschutz f\u00fcr Ihr Haus verwirklichen? Klasse, dann z\u00f6gern Sie bitte nicht und nehmen am besten sofort heute noch Kontakt mit uns auf. Ein kurzer Telefonanruf oder auch eine schnelle E-Mail gen\u00fcgen. Gerne informieren Sie unsere perfekt ausgebildeten Mitarbeiter \u00fcber die verschiedenen M\u00f6glichkeiten, wie Sie Ihr Zuhause g\u00fcnstig und preiswert mit Markisen und Rolll\u00e4den oder anderen Sonnenschutzprodukten ausstatten. Wir freuen uns auf das Gespr\u00e4ch mit Ihnen. <\/p>\n<h4>Top-Qualit\u00e4t g\u00fcnstig und preiswert<\/h4>\n<p>Z\u00e4hlen Sie beim Thema Sonnenschutz und Sicherheit auf den Spezialisten. Nur ein Fachbetrieb kennt die unterschiedlichen M\u00f6glichkeiten, wie Sie g\u00fcnstig und preiswert, trotzdem qualitativ spitze einen perfekten Sonnenschutz erreichen. Qualit\u00e4tsbewusst, g\u00fcnstig und preiswert: Wir empfehlen uns als spezialisiertes Fachunternehmen im Norden. Unsere langj\u00e4hrige Erfahrung spricht f\u00fcr uns.<\/p>","popseo_links":"<a href=\"https:\/\/www.kaduk-bauelemente.de\/leistungen\/insektenschutz-bienenbuettel\/\">Insektenschutz Bienenb\u00fcttel<\/a>, <a href=\"https:\/\/www.kaduk-bauelemente.de\/leistungen\/haustueren-buchholz\/\">Haust\u00fcren Buchholz<\/a>, <a href=\"https:\/\/www.kaduk-bauelemente.de\/leistungen\/insektenschutz-harburg\/\">Insektenschutz Harburg<\/a>, <a href=\"https:\/\/www.kaduk-bauelemente.de\/leistungen\/carports-ebstorf\/\">Carports Ebstorf<\/a>, <a href=\"https:\/\/www.kaduk-bauelemente.de\/leistungen\/terrassenueberdachungen-aus-aluminium-geesthacht\/\">Terrassen\u00fcberdachungen aus Aluminium Geesthacht<\/a>, <a href=\"https:\/\/www.kaduk-bauelemente.de\/leistungen\/terrassendaecher-aus-holz-reppenstedt\/\">Terrassend\u00e4cher aus Holz Reppenstedt<\/a>, <a href=\"https:\/\/www.kaduk-bauelemente.de\/leistungen\/haustueren-stelle\/\">Haust\u00fcren Stelle<\/a>, <a href=\"https:\/\/www.kaduk-bauelemente.de\/leistungen\/insektenschutz-uelzen\/\">Insektenschutz Uelzen<\/a>, <a href=\"https:\/\/www.kaduk-bauelemente.de\/leistungen\/aussenjalousien-boizenburg\/\">Au\u00dfenjalousien Boizenburg<\/a>, <a href=\"https:\/\/www.kaduk-bauelemente.de\/leistungen\/terrassendaecher-aus-holz-harburg\/\">Terrassend\u00e4cher aus Holz Harburg<\/a>, <a href=\"https:\/\/www.kaduk-bauelemente.de\/leistungen\/garagen-amt-neuhaus\/\">Garagen Amt Neuhaus<\/a>, <a href=\"https:\/\/www.kaduk-bauelemente.de\/leistungen\/haustueren-harburg\/\">Haust\u00fcren Harburg<\/a>, <a href=\"https:\/\/www.kaduk-bauelemente.de\/leistungen\/haustueren-schwarzenbek\/\">Haust\u00fcren Schwarzenbek<\/a>, <a href=\"https:\/\/www.kaduk-bauelemente.de\/leistungen\/sektionaltore-harburg\/\">Sektionaltore Harburg<\/a>, <a href=\"https:\/\/www.kaduk-bauelemente.de\/leistungen\/zaeune-uelzen\/\">Z\u00e4une Uelzen<\/a>, <a href=\"https:\/\/www.kaduk-bauelemente.de\/leistungen\/fenster-maschen\/\">Fenster Maschen<\/a>, <a href=\"https:\/\/www.kaduk-bauelemente.de\/leistungen\/terrassendaecher-aus-aluminium-hanstedt\/\">Terrassend\u00e4cher aus Aluminium Hanstedt<\/a>, <a href=\"https:\/\/www.kaduk-bauelemente.de\/leistungen\/rolltore-stelle\/\">Rolltore Stelle<\/a>, <a href=\"https:\/\/www.kaduk-bauelemente.de\/leistungen\/sektionaltore-salzhausen\/\">Sektionaltore Salzhausen<\/a>, <a href=\"https:\/\/www.kaduk-bauelemente.de\/leistungen\/rolllaeden-adendorf\/\">Rolll\u00e4den Adendorf<\/a>, <a href=\"https:\/\/www.kaduk-bauelemente.de\/leistungen\/rolllaeden-harburg\/\">Rolll\u00e4den Harburg<\/a>, <a href=\"https:\/\/www.kaduk-bauelemente.de\/leistungen\/terrassenueberdachungen-aus-holz-salzhausen\/\">Terrassen\u00fcberdachungen aus Holz Salzhausen<\/a>, <a href=\"https:\/\/www.kaduk-bauelemente.de\/leistungen\/garagen-ebstorf\/\">Garagen Ebstorf<\/a>, <a href=\"https:\/\/www.kaduk-bauelemente.de\/leistungen\/markisen-winsen-luhe\/\">Markisen Winsen Luhe<\/a>, <a href=\"https:\/\/www.kaduk-bauelemente.de\/leistungen\/terrassenueberdachungen-aus-holz-schwarzenbek\/\">Terrassen\u00fcberdachungen aus Holz Schwarzenbek<\/a>, <a href=\"https:\/\/www.kaduk-bauelemente.de\/leistungen\/terrassendaecher-aus-aluminium-amt-neuhaus\/\">Terrassend\u00e4cher aus Aluminium Amt Neuhaus<\/a>"},"_links":{"self":[{"href":"https:\/\/www.kaduk-bauelemente.de\/leistungen\/wp-json\/wp\/v2\/pages\/4486","targetHints":{"allow":["GET"]}}],"collection":[{"href":"https:\/\/www.kaduk-bauelemente.de\/leistungen\/wp-json\/wp\/v2\/pages"}],"about":[{"href":"https:\/\/www.kaduk-bauelemente.de\/leistungen\/wp-json\/wp\/v2\/types\/page"}],"author":[{"embeddable":true,"href":"https:\/\/www.kaduk-bauelemente.de\/leistungen\/wp-json\/wp\/v2\/users\/1"}],"replies":[{"embeddable":true,"href":"https:\/\/www.kaduk-bauelemente.de\/leistungen\/wp-json\/wp\/v2\/comments?post=4486"}],"version-history":[{"count":0,"href":"https:\/\/www.kaduk-bauelemente.de\/leistungen\/wp-json\/wp\/v2\/pages\/4486\/revisions"}],"wp:attachment":[{"href":"https:\/\/www.kaduk-bauelemente.de\/leistungen\/wp-json\/wp\/v2\/media?parent=4486"}],"curies":[{"name":"wp","href":"https:\/\/api.w.org\/{rel}","templated":true}]}}