{"id":4485,"date":"2021-08-25T12:19:13","date_gmt":"2021-08-25T10:19:13","guid":{"rendered":"https:\/\/www.kaduk-bauelemente.de\/leistungen\/rollladen-reinbek-glinde\/"},"modified":"2021-08-25T12:19:13","modified_gmt":"2021-08-25T10:19:13","slug":"rollladen-reinbek-glinde","status":"publish","type":"page","link":"https:\/\/www.kaduk-bauelemente.de\/leistungen\/rollladen-reinbek-glinde\/","title":{"rendered":"Rollladen &#8211; Reinbek Glinde"},"content":{"rendered":"<h3>Rollladen \u2013 wir beraten Sie \u00fcber Ihre M\u00f6glichkeiten!<\/h3>\n<p>Ein Rollladen wird von au\u00dfen an ein Fenster oder an eine T\u00fcr montiert. Er n\u00fctzt als erweiterte Befestigung. Normalerweise wird der Rollladen als Sichtschutz und als Einbruchssicherung verwendet. Gelegentlich fungiert ein Rollladen aber auch als zus\u00e4tzliche W\u00e4rmed\u00e4mmung. Gerade im Sommer bewahrt der Rollladen die Innenr\u00e4ume eines Geb\u00e4udes vor enormer Hitze. Auch unterst\u00fctzt ein Rollladen dabei, kostbare Energie einzusparen. Ein Rollladen erinnert in Beschaffenheit und Eigenart an ein Rolltor. Die jeweiligen Elemente sind dynamisch und k\u00f6nnen entweder per Handbetrieb oder auf Knopfdruck hoch- und runtergefahren werden. Fachm\u00e4nnisch installiert, bietet ein Rollladen einen einwandfreien und einbruchshemmenden Verschluss f\u00fcr ein Fenster beziehungsweise eine T\u00fcr. <\/p>\n<p>Der Rollladen ist in verschiedenen Ausf\u00fchrungen erh\u00e4ltlich. Die meisten Interessenten entschlie\u00dfen sich f\u00fcr einen Rollladen aus geh\u00e4rtetem Kunststoff oder aus Aluminium. Seltener werden Holz oder Stahl als Materialien genutzt. Wir raten unseren Interessenten oft zu einem Rollladen aus Aluminium. <\/p>\n<h3>Ein neuer Rollladen ist immer eine gute Idee!<\/h3>\n<p>F\u00fcr den Fall das Ihr alter Rollladen nicht mehr seinen Dienst tut, so steht Ihnen unser Team auch f\u00fcr Wartungsarbeiten und Instandssetzungen bereit. Nicht immer ist eine vollumf\u00e4ngliche Neulieferung erforderlich. Auch wenn die urspr\u00fcngliche Installation nicht durch uns stattfand: Scheuen Sie sich nicht und rufen Sie uns an. Wir reparieren Ihren Rollladen mit Vergn\u00fcgen.<\/p>\n","protected":false},"excerpt":{"rendered":"<p>Rollladen \u2013 wir beraten Sie \u00fcber Ihre M\u00f6glichkeiten! Ein Rollladen wird von au\u00dfen an ein Fenster oder an eine T\u00fcr montiert. Er n\u00fctzt als erweiterte Befestigung. Normalerweise wird der Rollladen als Sichtschutz und als Einbruchssicherung verwendet. Gelegentlich fungiert ein Rollladen aber auch als zus\u00e4tzliche W\u00e4rmed\u00e4mmung. Gerade im Sommer bewahrt der Rollladen die Innenr\u00e4ume eines Geb\u00e4udes [&hellip;]<\/p>\n","protected":false},"author":1,"featured_media":0,"parent":0,"menu_order":0,"comment_status":"closed","ping_status":"closed","template":"","meta":{"footnotes":""},"class_list":["post-4485","page","type-page","status-publish","hentry"],"meta_box":{"popseo_subtitel":"Wir sind Ihr Spezialist f\u00fcr Rollladen in Reinbek Glinde","popseo_subtitel2":"Rollladen - wir beraten Sie zu diesem Thema!","popseo_lasttitel":"Rollladen: D\u00fcrfen wir Ihre Fragen beantworten?","popseo_region":"Reinbek Glinde","popseo_sachwort":"Rollladen","popseo_noupdate":"","popseo_einleitungstext":"<p>Auf Wunsch informieren wir Sie n\u00e4her \u00fcber unsere Produkte und unser Aufgabenfeld. Wir zeigen Ihnen mit Vergn\u00fcgen auch ein paar Referenzen, die Ihnen einen Einblick in unsere Firment\u00e4tigkeit geben.<br \/>\nVertrauen Sie auf das Urteil eines erfahrenen Fachbetriebes. Rufen Sie uns doch rasch einmal an oder schreiben Sie uns eine schnelle E-Mail. Wir freuen uns auf Sie.<\/p>","popseo_schlusstext":"<p>Wenn Sie ein erfahrenes Unternehmen f\u00fcr moderne Sicherheits- und Sonnenschutzprodukte suchen, sind Sie bei uns richtig. Sie m\u00f6chten mehr \u00fcber uns wissen? Als auf Bauelemente spezialisierte Fachfirma sind wir f\u00fcr Ihr Vorhaben der ideale Partner und freuen uns \u00fcber Ihre Anfrage, ganz egal ob per Griff zum Telefonh\u00f6rer oder E-Mail. Worauf Sie neben unserem fachlichen Know-how setzen d\u00fcrfen: Unser Team arbeitet absolut zuverl\u00e4ssig und wird mit Elan und Schwung f\u00fcr Sie t\u00e4tig. Wir freuen uns auf Sie!<\/p>","popseo_stadttext":"<h3>Wir freuen uns \u00fcber Anfragen aus Reinbek und Glinde<\/h3>\n<p>Wir betreuen Kunden aus dem Raum Reinbek und Glinde. Durch unsere Vertriebst\u00e4tigkeit haben wir uns einen sehr guten \u00dcberblick \u00fcber die Stadtarchitektur der St\u00e4dte und Gemeinden unseres Einzugsbereiches machen k\u00f6nnen. Selbstverst\u00e4ndlich z\u00e4hlt auch Reinbek zu unserem unmittelbaren Wirkungskreis. Wir freuen uns darauf, mit Ihnen in Kontakt zu kommen. <\/p>\n<h3>Einige Informationen zu den St\u00e4dten Reinbek und Glinde<\/h3>\n<p>Die Schleswig-Holsteinische Kleinstadt Reinbek geh\u00f6rt zum Landkreis Stormarn. Aktuell z\u00e4hlt Reinbek in etwa 26.000 Einwohner. Die Stadt hat ein Ausdehnungsgebiet von circa 31 Quadratkilometer. Reinbek geh\u00f6rt zur Metropolregion Hamburg und liegt gut 20 km \u00f6stlich der Hansestadt. Die Stadt Reinbek geh\u00f6rt \u00fcber die S21 zum Hamburger Verkehrsverbund. Der g\u00fcnstige Fahrweg von kaum mehr als 25 Minuten macht Reinbek besonders reizvoll f\u00fcr Pendler nach Hamburg. Wer seinen Arbeitgeber in Hamburg hat, genie\u00dft mit Reinbek eine optimale Kombination: Die rege Betriebsamkeit der Gro\u00dfstadt findet in der idyllischen Wohnstatt von Reinbek sein Gegenst\u00fcck. <\/p>\n<p>Glinde ist eine Stadt im S\u00fcden Schleswig-Holsteins, im Bereich der Metropolregion Hamburg, \u00fcber 20 Kilometer s\u00fcd\u00f6stlich vom Hamburger Stadtkern entfernt. Aufgrund der au\u00dferordentlich guten Infrastruktur hat sich Glinde zu einem idealen Lebensmittelpunkt f\u00fcr Familien entwickelt, obwohl mehr als die H\u00e4lfte der Stadtfl\u00e4che von Glinde landwirtschaftlich genutzt wird oder aus Park- oder Wasserfl\u00e4chen besteht. Rund 33 Prozent der Gesamtfl\u00e4che stehen in Glinde f\u00fcr Wohnzwecke bereit.  <\/p>\n<h3>Wir kennen uns aus in Reinbek und Glinde<\/h3>\n<p>Das Stadtbild Reinbeks besteht mehrheitlich aus vielen Einfamilienh\u00e4usern, die ihren Besitzern einen sehr hohen Lebenskomfort bieten. Reinbek zeichnet sich neben der hohen Wohnqualit\u00e4t auch durch seine gro\u00dfe wirtschaftliche Produktivit\u00e4t aus. Wer auf den Individualverkehr setzt, findet in Reinbek gute Bedingungen: Die Autobahnen A1 und A24 sowie die Bundesstra\u00dfe B5 liegen nur unweit von Reinbek. Auf der Landstra\u00dfe gelangt man \u00fcber Neusch\u00f6nningstedt nach Reinbek. <\/p>\n<h4>Unsere Leistung f\u00fcr qualit\u00e4tsbewusste Kunden aus Reinbek und Glinde<\/h4>\n<p>Prima, dass Sie diese Website gefunden haben. Wenn Sie eine erfahrene Fachfirma ben\u00f6tigen, sind Sie bei uns genau richtig. Sie m\u00f6chten mehr \u00fcber uns wissen? F\u00fcr R\u00fcckfragen stehen wir Ihnen jederzeit zur Verf\u00fcgung. Auf den Kontakt zu Ihnen freuen wir uns.<\/p>","popseo_zusatztext":"<h3>G\u00fcnstig und preiswert \u2013 Leistung vom Fachbetrieb<\/h3>\n<p>Bauelemente m\u00fcssen h\u00f6chsten Anspr\u00fcchen gerecht werden. Trotzdem soll es g\u00fcnstig und preiswert sein. Das muss durchaus kein Widerspruch sein. <\/p>\n<p>Als Fachbetrieb f\u00fcr Sonnenschutz- und Sicherheitsl\u00f6sungen verarbeiten wir ausschlie\u00dflich qualitativ hochwertige Erzeugnisse. Nichtsdestotrotz schauen wir stets auf ein passendes Preis-Leistungsverh\u00e4ltnis. Wir m\u00f6chten Ihnen Qualit\u00e4t anbieten, die zugleich auch g\u00fcnstig und preiswert ist. Geben Sie Ihrem Zuhause g\u00fcnstig und preiswert das gewisse Plus an Qualit\u00e4t. Markisen und Rolll\u00e4den oder andere Sonnenschutzl\u00f6sungen sehen nicht nur h\u00fcbsch aus, sie leisten auch einen bedeutsamen Anteil zur W\u00e4rmed\u00e4mmung.  <\/p>\n<h3>G\u00fcnstig und preiswert \u2013 es muss wirklich nicht immer teuer sein<\/h3>\n<p>D\u00fcrfen wir Sie beraten, wie Sie g\u00fcnstig und preiswert einen perfekten Sonnenschutz f\u00fcr Ihr Zuhause umsetzen? Klasse, dann warten Sie bitte nicht und nehmen am besten sofort heute noch Kontakt mit uns auf. Ein kurzer Telefonanruf oder eine schnelle Email gen\u00fcgen. Gern informieren Sie unsere gut ausgebildeten Fachleute \u00fcber die unterschiedlichen Optionen, wie Sie Ihr Haus g\u00fcnstig und preiswert mit Markisen und Rolll\u00e4den oder anderen Sonnenschutzprodukten ausstatten. Wir freuen uns auf den Austausch mit Ihnen. <\/p>\n<h4>G\u00fcnstig und preiswert \u2013 manchmal macht auch der Preis den Unterschied<\/h4>\n<p>Setzen Sie beim Thema Sonnenschutz und Sicherheit auf den Spezialisten. Nur ein Fachbetrieb kennt die diversen M\u00f6glichkeiten, wie Sie g\u00fcnstig und preiswert, gleichzeitig qualitativ spitze einen optimalen Sonnenschutz verwirklichen. Qualit\u00e4tsbewusst, g\u00fcnstig und preiswert: Wir empfehlen uns als spezialisiertes Unternehmen im Norden. Unsere gro\u00dfe Erfahrung zeichnet uns aus.<\/p>","popseo_links":"<a href=\"https:\/\/www.kaduk-bauelemente.de\/leistungen\/zaunbau-harburg\/\">Zaunbau Harburg<\/a>, <a href=\"https:\/\/www.kaduk-bauelemente.de\/leistungen\/aussenjalousien-salzhausen\/\">Au\u00dfenjalousien Salzhausen<\/a>, <a href=\"https:\/\/www.kaduk-bauelemente.de\/leistungen\/rolltore-buechen\/\">Rolltore B\u00fcchen<\/a>, <a href=\"https:\/\/www.kaduk-bauelemente.de\/leistungen\/rolllaeden-schwarzenbek\/\">Rolll\u00e4den Schwarzenbek<\/a>, <a href=\"https:\/\/www.kaduk-bauelemente.de\/leistungen\/insektenschutz-bienenbuettel\/\">Insektenschutz Bienenb\u00fcttel<\/a>, <a href=\"https:\/\/www.kaduk-bauelemente.de\/leistungen\/terrassenueberdachungen-aus-aluminium-lueneburg\/\">Terrassen\u00fcberdachungen aus Aluminium L\u00fcneburg<\/a>, <a href=\"https:\/\/www.kaduk-bauelemente.de\/leistungen\/terrassendaecher-aus-aluminium-tostedt-sittensen\/\">Terrassend\u00e4cher aus Aluminium Tostedt Sittensen<\/a>, <a href=\"https:\/\/www.kaduk-bauelemente.de\/leistungen\/tueren-herzogtum-lauenburg\/\">T\u00fcren Herzogtum Lauenburg<\/a>, <a href=\"https:\/\/www.kaduk-bauelemente.de\/leistungen\/fenster-reinbek-glinde\/\">Fenster Reinbek Glinde<\/a>, <a href=\"https:\/\/www.kaduk-bauelemente.de\/leistungen\/garagentore-stelle\/\">Garagentore Stelle<\/a>, <a href=\"https:\/\/www.kaduk-bauelemente.de\/leistungen\/fenster-reppenstedt\/\">Fenster Reppenstedt<\/a>, <a href=\"https:\/\/www.kaduk-bauelemente.de\/leistungen\/aussenjalousien-jesteburg\/\">Au\u00dfenjalousien Jesteburg<\/a>, <a href=\"https:\/\/www.kaduk-bauelemente.de\/leistungen\/garagen-bienenbuettel\/\">Garagen Bienenb\u00fcttel<\/a>, <a href=\"https:\/\/www.kaduk-bauelemente.de\/leistungen\/carports-herzogtum-lauenburg\/\">Carports Herzogtum Lauenburg<\/a>, <a href=\"https:\/\/www.kaduk-bauelemente.de\/leistungen\/aussenjalousien-schwarzenbek\/\">Au\u00dfenjalousien Schwarzenbek<\/a>, <a href=\"https:\/\/www.kaduk-bauelemente.de\/leistungen\/terrassenueberdachungen-aus-aluminium-ebstorf\/\">Terrassen\u00fcberdachungen aus Aluminium Ebstorf<\/a>, <a href=\"https:\/\/www.kaduk-bauelemente.de\/leistungen\/haustueren-herzogtum-lauenburg\/\">Haust\u00fcren Herzogtum Lauenburg<\/a>, <a href=\"https:\/\/www.kaduk-bauelemente.de\/leistungen\/carports-reppenstedt\/\">Carports Reppenstedt<\/a>, <a href=\"https:\/\/www.kaduk-bauelemente.de\/leistungen\/raffstores-salzhausen\/\">Raffstores Salzhausen<\/a>, <a href=\"https:\/\/www.kaduk-bauelemente.de\/leistungen\/raffstores-bienenbuettel\/\">Raffstores Bienenb\u00fcttel<\/a>, <a href=\"https:\/\/www.kaduk-bauelemente.de\/leistungen\/terrassenueberdachungen-aus-aluminium-geesthacht\/\">Terrassen\u00fcberdachungen aus Aluminium Geesthacht<\/a>, <a href=\"https:\/\/www.kaduk-bauelemente.de\/leistungen\/garagen-winsen-luhe\/\">Garagen Winsen Luhe<\/a>, <a href=\"https:\/\/www.kaduk-bauelemente.de\/leistungen\/raffstores-maschen\/\">Raffstores Maschen<\/a>, <a href=\"https:\/\/www.kaduk-bauelemente.de\/leistungen\/tueren-seevetal-rosengarten\/\">T\u00fcren Seevetal Rosengarten<\/a>, <a href=\"https:\/\/www.kaduk-bauelemente.de\/leistungen\/terrassendaecher-aus-holz-uelzen\/\">Terrassend\u00e4cher aus Holz Uelzen<\/a>, <a href=\"https:\/\/www.kaduk-bauelemente.de\/leistungen\/fenster-bienenbuettel\/\">Fenster Bienenb\u00fcttel<\/a>"},"_links":{"self":[{"href":"https:\/\/www.kaduk-bauelemente.de\/leistungen\/wp-json\/wp\/v2\/pages\/4485","targetHints":{"allow":["GET"]}}],"collection":[{"href":"https:\/\/www.kaduk-bauelemente.de\/leistungen\/wp-json\/wp\/v2\/pages"}],"about":[{"href":"https:\/\/www.kaduk-bauelemente.de\/leistungen\/wp-json\/wp\/v2\/types\/page"}],"author":[{"embeddable":true,"href":"https:\/\/www.kaduk-bauelemente.de\/leistungen\/wp-json\/wp\/v2\/users\/1"}],"replies":[{"embeddable":true,"href":"https:\/\/www.kaduk-bauelemente.de\/leistungen\/wp-json\/wp\/v2\/comments?post=4485"}],"version-history":[{"count":0,"href":"https:\/\/www.kaduk-bauelemente.de\/leistungen\/wp-json\/wp\/v2\/pages\/4485\/revisions"}],"wp:attachment":[{"href":"https:\/\/www.kaduk-bauelemente.de\/leistungen\/wp-json\/wp\/v2\/media?parent=4485"}],"curies":[{"name":"wp","href":"https:\/\/api.w.org\/{rel}","templated":true}]}}