{"id":4484,"date":"2021-08-25T12:19:13","date_gmt":"2021-08-25T10:19:13","guid":{"rendered":"https:\/\/www.kaduk-bauelemente.de\/leistungen\/rollladen-maschen\/"},"modified":"2021-08-25T12:19:13","modified_gmt":"2021-08-25T10:19:13","slug":"rollladen-maschen","status":"publish","type":"page","link":"https:\/\/www.kaduk-bauelemente.de\/leistungen\/rollladen-maschen\/","title":{"rendered":"Rollladen &#8211; Maschen"},"content":{"rendered":"<h3>Rollladen \u2013 wir beraten Sie \u00fcber Ihre M\u00f6glichkeiten!<\/h3>\n<p>Ein Rollladen wird von au\u00dfen an ein Fenster bzw. an eine T\u00fcr angebracht. Er n\u00fctzt als zus\u00e4tzliche Befestigung. Normalerweise wird der Rollladen als Sichtschutz und als Einbruchssicherung genutzt. Hin und wieder dient ein Rollladen aber auch als zus\u00e4tzliche Isolierung. Insbesondere w\u00e4hrend der Sommerzeit sch\u00fctzt der Rollladen die R\u00e4ume eines Geb\u00e4udes vor \u00fcberm\u00e4\u00dfiger Hitze. Auch unterst\u00fctzt ein Rollladen dabei, wertvolle Energie einzusparen. Ein Rollladen erinnert in Aufbau und Eigenart an ein Rolltor. Die einzelnen Einzelelemente sind dynamisch und k\u00f6nnen entweder per Handbetrieb oder auf Knopfdruck runter- und hochgefahren werden. Richtig installiert, bietet ein Rollladen einen einwandfreien und einbruchshemmenden Verschluss f\u00fcr ein Fenster beziehungsweise eine T\u00fcr. <\/p>\n<p>Der Rollladen ist in unterschiedlichen Ausf\u00fchrungen lieferbar. Die meisten Interessenten entschlie\u00dfen sich f\u00fcr einen Rollladen aus geh\u00e4rtetem PVC oder auch aus Aluminium. Selten werden Holz oder Stahl als Werkstoffe genutzt. Wir raten unseren Kunden meistens zu einem Rollladen aus Aluminium. <\/p>\n<h3>Wir informieren Sie \u00fcber Rollladen!<\/h3>\n<p>Falls Ihr gebrauchter Rollladen nicht mehr funktionsf\u00e4hig ist, so steht Ihnen unser Mitarbeiterteam auch f\u00fcr Wartungsarbeiten und Reparaturen bereit. Nicht immer ist eine vollumf\u00e4ngliche Neuinstallation von N\u00f6ten. Selbst wenn die vorherige Installation nicht durch uns erfolgte: \u00dcberlegen Sie nicht und rufen Sie uns an. Wir reparieren Ihren Rollladen mit Vergn\u00fcgen.<\/p>\n","protected":false},"excerpt":{"rendered":"<p>Rollladen \u2013 wir beraten Sie \u00fcber Ihre M\u00f6glichkeiten! Ein Rollladen wird von au\u00dfen an ein Fenster bzw. an eine T\u00fcr angebracht. Er n\u00fctzt als zus\u00e4tzliche Befestigung. Normalerweise wird der Rollladen als Sichtschutz und als Einbruchssicherung genutzt. Hin und wieder dient ein Rollladen aber auch als zus\u00e4tzliche Isolierung. Insbesondere w\u00e4hrend der Sommerzeit sch\u00fctzt der Rollladen die [&hellip;]<\/p>\n","protected":false},"author":1,"featured_media":0,"parent":0,"menu_order":0,"comment_status":"closed","ping_status":"closed","template":"","meta":{"footnotes":""},"class_list":["post-4484","page","type-page","status-publish","hentry"],"meta_box":{"popseo_subtitel":"Wir sind Ihr Fachunternehmen f\u00fcr Rollladen in Maschen","popseo_subtitel2":"Rollladen - wir helfen Ihnen gerne!","popseo_lasttitel":"Rollladen: Sie haben Fragen? Dann melden Sie sich bei uns","popseo_region":"Maschen","popseo_sachwort":"Rollladen","popseo_noupdate":"","popseo_einleitungstext":"<p>Wenn es um Sicherheit und Sonnenschutz geht, sind Sie bei der Firma Kaduk exakt an der richtigen Adresse. Seit Unternehmensgr\u00fcndung sind wir Ihre lokalen Spezialisten f\u00fcr qualitativ hochwertige Bauelemente. Zu unserem Produktangebot geh\u00f6ren beispielsweise Markisen, Rolltore, Terrassend\u00e4cher, Au\u00dfenjalousien, Fenster, T\u00fcren, Rolll\u00e4den und Carports. Unsere Fachleute \u00fcbernehmen Reparatur- und Montagearbeiten und zeigen Ihnen M\u00f6glichkeiten auf, wie Sie Ihr Gesch\u00e4fts- oder Wohnhaus mit zeitgem\u00e4\u00dfen Bauelementen ausstatten k\u00f6nnen. Im Folgenden haben wir einige erste Informationen f\u00fcr Sie zusammengetragen.<\/p>","popseo_schlusstext":"<p>Wenn Sie einen qualifizierten Fachbetrieb f\u00fcr hochwertige Sonnenschutz- und Sicherheitsprodukte ben\u00f6tigen, sind Sie bei uns richtig. Sie m\u00f6chten mehr \u00fcber uns erfahren? Als auf Bauelemente spezialisierte Handwerksfirma sind wir f\u00fcr die Realisierung Ihres Vorhabens der optimale Dienstleister und freuen uns \u00fcber Ihre Anfrage, gleichg\u00fcltig ob durch Griff zum Telefonh\u00f6rer oder E-Mail. Worauf Sie neben Fachwissen setzen d\u00fcrfen: Unser Team ist motiviert und immer mit Schwung und Elan f\u00fcr Sie im Einsatz. Wir freuen uns auf das Gespr\u00e4ch mit Ihnen!<\/p>","popseo_stadttext":"<h3>Unsere Leistung auch in Maschen<\/h2>\n<p>Unser Einzugsgebiet umfasst auch Maschen. Durch unsere Gesch\u00e4ftst\u00e4tigkeit haben wir uns einen guten \u00dcberblick \u00fcber die Stadtarchitektur der St\u00e4dte und Gemeinden unseres Vertriebsgebietes erarbeiten k\u00f6nnen. Wir f\u00fchlen uns der Region verpflichtet und sind stolz darauf, auch einen Anteil zur guten Infrastruktur der Gemeinde beizusteuern zu k\u00f6nnen.  <\/p>\n<h3>Einige interessante Informationen \u00fcber Maschen<\/h3>\n<p>In der zum Landkreis Harburg geh\u00f6renden Gemeinde Maschen leben insgesamt etwa 9.000 B\u00fcrger. Unmittelbar an Hamburg grenzend, z\u00e4hlt Maschen zum sogenannten \u201eSpeckg\u00fcrtel\u201c der Elbmetropole. Die Bev\u00f6lkerungsdichte ist eher niedrig, was die Stadt zu einer bevorzugten Wohngegend macht. Maschen ist f\u00fcr Berufspendler bestens geeignet. Wer seine Arbeit in Hamburg hat, genie\u00dft das eher ruhige Leben in der Peripherie. Maschen verf\u00fcgt \u00fcber zahlreiche beruhigte Wohngebiete, die von einer angenehmen Einzelhausbebauung gepr\u00e4gt sind. Viele sch\u00f6ne Siedlungen machen Maschen insbesondere f\u00fcr Familien attraktiv. Leben im Gr\u00fcnen, dabei die Metropole unmittelbar vor der T\u00fcr \u2013 ein Lebensentwurf, der f\u00fcr sehr viele Menschen interessant ist. Zahlreiche W\u00e4lder und Wiesen verleihen der Gemeinde einen zuweilen nahezu bukolischen Charakter. <\/p>\n<h4>Unsere Leistung f\u00fcr qualit\u00e4tsbewusste Kunden aus Maschen<\/h4>\n<p>Gerne werden wir auch f\u00fcr Sie im Raum Maschen t\u00e4tig. D\u00fcrfen wir Sie detailliert beraten? Kontaktieren sie uns per Telefon oder senden Sie uns eine E-Mail. Wir freuen uns, wenn wir ihnen helfen k\u00f6nnen! Hand in Hand arbeitet das perfekt eingespielte Team unseres Fachbetriebes \u2013 zielorientiert und immer fachlich versiert.<\/p>","popseo_zusatztext":"<h3>In Sachen Sicht- und Sonnenschutz sind wir Ihr qualifizierter Fachbetrieb<\/h3>\n<p>Setzen Sie in Sachen Sicherheit und Sonnenschutz auf alle F\u00e4lle auf die sachspezifische Leistung vom Fachbetrieb. Nur ein Fachbetrieb wei\u00df von den M\u00f6glichkeiten, wie man zu einem hervorragenden Ergebnis kommt. Um sich mit Fug und Recht als Fachbetrieb zu titulieren, bedarf es einer qualifizierten Ausbildung der Mitarbeiter und einer jahrelangen Berufserfahrung.  <\/p>\n<p>Unser Unternehmen empfiehlt sich als Ihr erfahrener Fachbetrieb f\u00fcr Sonnenschutz und Sicherheit. Erreichen Sie Ihr Ziel und schenken Sie unserem Fachbetrieb Ihr Vertrauen. Wir bieten Ihnen beispielsweise hochqualitative Markisen und Rolll\u00e4den und legen allergr\u00f6\u00dften Wert auf einen 1a- Service. Schon seit vielen Jahren sind wir erfahrener Fachbetrieb f\u00fcr Terrassend\u00e4cher, Au\u00dfenjalousien, Rolll\u00e4den im Raum L\u00fcneburg. Es ist unser Bestreben, dass Sie lange Jahre viel Freude an Ihrem Sicht und Sonnenschutz haben. Von einem Fachbetrieb d\u00fcrfen Sie zu Recht eine fehlerfreie Top-Leistung erwarten.<\/p>\n<h3>Dirk Kaduk Bauelemente \u2013 Ihr Fachbetrieb f\u00fcr Sicherheit und Sonnenschutz<\/h3>\n<p>Als Fachbetrieb darf sich ein Unternehmen bezeichnen, deren Angestellte \u00fcber nachweisbare Qualifikationen verf\u00fcgen. Dies ist beispielsweise eine entsprechende Berufsausbildung oder ein Meisterbrief. Auch zeichnet eine langj\u00e4hrige praktische Erfahrung einen Fachbetrieb aus. Bereits seit vielen Jahren konzentrieren wir uns als spezialisiertes Unternehmen auf Sicherheit und Sonnenschutz von Immobilien. In diesen vielen Jahren haben wir uns das Attribut Fachbetrieb bestimmt erarbeitet. Wir nutzen nur hervorragende Artikel. Dabei achten wir immer auf ein faires Preis-Leistungsverh\u00e4ltnis. Unser Credo als Fachbetrieb: Wir bieten Ihnen 1a-Leistung zu einem sehr guten Preis.<\/p>","popseo_links":"<a href=\"https:\/\/www.kaduk-bauelemente.de\/leistungen\/terrassendaecher-aus-aluminium-bad-bevensen\/\">Terrassend\u00e4cher aus Aluminium Bad Bevensen<\/a>, <a href=\"https:\/\/www.kaduk-bauelemente.de\/leistungen\/fenster-adendorf\/\">Fenster Adendorf<\/a>, <a href=\"https:\/\/www.kaduk-bauelemente.de\/leistungen\/rolltore-harburg\/\">Rolltore Harburg<\/a>, <a href=\"https:\/\/www.kaduk-bauelemente.de\/leistungen\/insektenschutz-bispingen\/\">Insektenschutz Bispingen<\/a>, <a href=\"https:\/\/www.kaduk-bauelemente.de\/leistungen\/terrassenueberdachungen-aus-holz-herzogtum-lauenburg\/\">Terrassen\u00fcberdachungen aus Holz Herzogtum Lauenburg<\/a>, <a href=\"https:\/\/www.kaduk-bauelemente.de\/leistungen\/terrassendaecher-aus-aluminium-boizenburg\/\">Terrassend\u00e4cher aus Aluminium Boizenburg<\/a>, <a href=\"https:\/\/www.kaduk-bauelemente.de\/leistungen\/rolltore-bergedorf-wentorf\/\">Rolltore Bergedorf Wentorf<\/a>, <a href=\"https:\/\/www.kaduk-bauelemente.de\/leistungen\/rolltore-amt-neuhaus\/\">Rolltore Amt Neuhaus<\/a>, <a href=\"https:\/\/www.kaduk-bauelemente.de\/leistungen\/zaeune-winsen-luhe\/\">Z\u00e4une Winsen Luhe<\/a>, <a href=\"https:\/\/www.kaduk-bauelemente.de\/leistungen\/markisen-adendorf\/\">Markisen Adendorf<\/a>, <a href=\"https:\/\/www.kaduk-bauelemente.de\/leistungen\/sektionaltore-uelzen\/\">Sektionaltore Uelzen<\/a>, <a href=\"https:\/\/www.kaduk-bauelemente.de\/leistungen\/zaeune-ebstorf\/\">Z\u00e4une Ebstorf<\/a>, <a href=\"https:\/\/www.kaduk-bauelemente.de\/leistungen\/raffstores-stelle\/\">Raffstores Stelle<\/a>, <a href=\"https:\/\/www.kaduk-bauelemente.de\/leistungen\/garagen-bienenbuettel\/\">Garagen Bienenb\u00fcttel<\/a>, <a href=\"https:\/\/www.kaduk-bauelemente.de\/leistungen\/insektenschutz-adendorf\/\">Insektenschutz Adendorf<\/a>, <a href=\"https:\/\/www.kaduk-bauelemente.de\/leistungen\/haustueren-bispingen\/\">Haust\u00fcren Bispingen<\/a>, <a href=\"https:\/\/www.kaduk-bauelemente.de\/leistungen\/fenster-bienenbuettel\/\">Fenster Bienenb\u00fcttel<\/a>, <a href=\"https:\/\/www.kaduk-bauelemente.de\/leistungen\/insektenschutz-schwarzenbek\/\">Insektenschutz Schwarzenbek<\/a>, <a href=\"https:\/\/www.kaduk-bauelemente.de\/leistungen\/aussenjalousien-buechen\/\">Au\u00dfenjalousien B\u00fcchen<\/a>, <a href=\"https:\/\/www.kaduk-bauelemente.de\/leistungen\/garagentore-bienenbuettel\/\">Garagentore Bienenb\u00fcttel<\/a>, <a href=\"https:\/\/www.kaduk-bauelemente.de\/leistungen\/terrassendaecher-aus-aluminium-ebstorf\/\">Terrassend\u00e4cher aus Aluminium Ebstorf<\/a>, <a href=\"https:\/\/www.kaduk-bauelemente.de\/leistungen\/raffstores-hanstedt\/\">Raffstores Hanstedt<\/a>, <a href=\"https:\/\/www.kaduk-bauelemente.de\/leistungen\/fenster-bad-bevensen\/\">Fenster Bad Bevensen<\/a>, <a href=\"https:\/\/www.kaduk-bauelemente.de\/leistungen\/markisen-buchholz\/\">Markisen Buchholz<\/a>, <a href=\"https:\/\/www.kaduk-bauelemente.de\/leistungen\/aussenjalousien-harburg\/\">Au\u00dfenjalousien Harburg<\/a>, <a href=\"https:\/\/www.kaduk-bauelemente.de\/leistungen\/terrassendaecher-aus-aluminium-jesteburg\/\">Terrassend\u00e4cher aus Aluminium Jesteburg<\/a>"},"_links":{"self":[{"href":"https:\/\/www.kaduk-bauelemente.de\/leistungen\/wp-json\/wp\/v2\/pages\/4484","targetHints":{"allow":["GET"]}}],"collection":[{"href":"https:\/\/www.kaduk-bauelemente.de\/leistungen\/wp-json\/wp\/v2\/pages"}],"about":[{"href":"https:\/\/www.kaduk-bauelemente.de\/leistungen\/wp-json\/wp\/v2\/types\/page"}],"author":[{"embeddable":true,"href":"https:\/\/www.kaduk-bauelemente.de\/leistungen\/wp-json\/wp\/v2\/users\/1"}],"replies":[{"embeddable":true,"href":"https:\/\/www.kaduk-bauelemente.de\/leistungen\/wp-json\/wp\/v2\/comments?post=4484"}],"version-history":[{"count":0,"href":"https:\/\/www.kaduk-bauelemente.de\/leistungen\/wp-json\/wp\/v2\/pages\/4484\/revisions"}],"wp:attachment":[{"href":"https:\/\/www.kaduk-bauelemente.de\/leistungen\/wp-json\/wp\/v2\/media?parent=4484"}],"curies":[{"name":"wp","href":"https:\/\/api.w.org\/{rel}","templated":true}]}}