{"id":4482,"date":"2021-08-25T12:19:13","date_gmt":"2021-08-25T10:19:13","guid":{"rendered":"https:\/\/www.kaduk-bauelemente.de\/leistungen\/rollladen-jesteburg\/"},"modified":"2021-08-25T12:19:13","modified_gmt":"2021-08-25T10:19:13","slug":"rollladen-jesteburg","status":"publish","type":"page","link":"https:\/\/www.kaduk-bauelemente.de\/leistungen\/rollladen-jesteburg\/","title":{"rendered":"Rollladen &#8211; Jesteburg"},"content":{"rendered":"<h3>D\u00fcrfen wir Ihre Fragen zum Rollladen beantworten?<\/h3>\n<p>Ein Rollladen wird von au\u00dfen an ein Fenster bzw. an eine T\u00fcr angebracht. Er findet Verwendung als erweiterte Befestigung. Meistens wird der Rollladen als Sichtschutz oder als Einbruchsschutz verwendet. Mitunter dient ein Rollladen aber auch als zus\u00e4tzliche W\u00e4rmeisolierung. Gerade in der Sommerzeit sch\u00fctzt der Rollladen die R\u00e4ume eines Hauses vor \u00fcberm\u00e4\u00dfiger Hitze. Auch hilft ein Rollladen dabei, kostbare Energie zu sparen. Ein Rollladen erinnert in Aufbau sowie Eigenart an ein Rolltor. Die einzelnen Elemente sind beweglich und k\u00f6nnen entweder per Hand oder auf Knopfdruck runter- und hochgefahren werden. Richtig angebracht, bietet ein Rollladen einen perfekten und einbruchshemmenden Verschluss f\u00fcr ein Fenster bzw. eine T\u00fcr. <\/p>\n<p>Der Rollladen ist in verschiedenen Ausf\u00fchrungen erh\u00e4ltlich. Die meisten Kunden entschlie\u00dfen sich f\u00fcr einen Rollladen aus geh\u00e4rtetem Kunststoff oder auch aus Aluminium. Weniger werden Holz oder Stahl als Werkstoffe verwendet. Wir raten unseren Interessenten zumeist zu einem Rollladen aus Aluminium. <\/p>\n<h3>Wir informieren Sie \u00fcber Rollladen!<\/h3>\n<p>F\u00fcr den Fall das Ihr alter Rollladen nicht mehr funktionsf\u00e4hig ist, so steht Ihnen unser Team auch f\u00fcr Instandsetzungen und Wartungsarbeiten zur Verf\u00fcgung. Nicht immer ist eine vollumf\u00e4ngliche Erneuerung von N\u00f6ten. Selbst wenn die vorherige Montage nicht durch uns stattfand: Z\u00f6gern Sie nicht und rufen Sie uns an. Wir reparieren Ihren Rollladen gerne.<\/p>\n","protected":false},"excerpt":{"rendered":"<p>D\u00fcrfen wir Ihre Fragen zum Rollladen beantworten? Ein Rollladen wird von au\u00dfen an ein Fenster bzw. an eine T\u00fcr angebracht. Er findet Verwendung als erweiterte Befestigung. Meistens wird der Rollladen als Sichtschutz oder als Einbruchsschutz verwendet. Mitunter dient ein Rollladen aber auch als zus\u00e4tzliche W\u00e4rmeisolierung. Gerade in der Sommerzeit sch\u00fctzt der Rollladen die R\u00e4ume eines [&hellip;]<\/p>\n","protected":false},"author":1,"featured_media":0,"parent":0,"menu_order":0,"comment_status":"closed","ping_status":"closed","template":"","meta":{"footnotes":""},"class_list":["post-4482","page","type-page","status-publish","hentry"],"meta_box":{"popseo_subtitel":"Kaduk Bauelemente ist Ihr Experte f\u00fcr Rollladen in Jesteburg","popseo_subtitel2":"Rollladen - eine vorteilhafte Sache!","popseo_lasttitel":"Rollladen: Treten Sie in Kontakt mit uns!","popseo_region":"Jesteburg","popseo_sachwort":"Rollladen","popseo_noupdate":"","popseo_einleitungstext":"<p>Wenn es um Sonnenschutz und Sicherheit geht, sind Sie bei der Firma Kaduk exakt an der richtigen Adresse. Seit unserer Gr\u00fcndung sind wir Ihre lokalen Experten f\u00fcr hochwertige Bauelemente. Zu unserem Produktsortiment geh\u00f6ren beispielsweise Markisen, Rolltore, Terrassend\u00e4cher, T\u00fcren, Au\u00dfenjalousien, Fenster, Carports und Rolll\u00e4den. Wir erledigen Montage- und Reparaturarbeiten und zeigen Ihnen, wie Sie Ihr Gesch\u00e4fts- oder Wohnhaus mit zeitgem\u00e4\u00dfen Bauelementen ausr\u00fcsten k\u00f6nnen. Auf diesen Seiten haben wir einige erste Informationen f\u00fcr Sie zusammengestellt.<\/p>","popseo_schlusstext":"<p>Sie suchen einen Fachpartner f\u00fcr hochwertige Sicherheits- und Sonnenschutzl\u00f6sungen. Dann melden Sie sich am besten noch heute bei uns. Wir freuen uns auf das Gespr\u00e4ch mit Ihnen. Wenn es um Bauelemente geht, sind wir Ihr erfahrener Handwerks- und Handelspartner. Wir garantieren hochwertige Produkte und eine fachgerecht ausgef\u00fchrte Arbeit nach dem stets derzeitigen Stand der Technik.<\/p>","popseo_stadttext":"<h3>Die Gemeinde Jesteburg<\/h3>\n<p>Durch unsere Vertriebst\u00e4tigkeit haben wir uns einen guten \u00dcberblick \u00fcber die Architektur der St\u00e4dte und Gemeinden unseres Einzugsbereiches machen k\u00f6nnen. Selbstverst\u00e4ndlich geh\u00f6rt auch Jesteburg zu unserem unmittelbaren Wirkungskreis. Wir freuen uns darauf, mit Ihnen ins Gespr\u00e4ch zu kommen. <\/p>\n<h3>Gute Gr\u00fcnde sprechen f\u00fcr den Wohnort Jesteburg<\/h3>\n<p>Jesteburg liegt im Norden von Niedersachsen und ist circa 30 Kilometer von der Hansestadt Hamburg entfernt. Auf einer Gesamtfl\u00e4che von gut 28 qkm wohnen ca. 8.000 B\u00fcrger. <\/p>\n<p>Formell z\u00e4hlt Jesteburg zum Landkreis Harburg. lediglich zehn Kilometer von Jesteburg entfernt liegt die L\u00fcneburger Heide, ein nach wie vor wunderbarer Naturpark. Jesteburg hat insgesamt vier Gemeindeteile: L\u00fcllau, Itzenb\u00fcttel, Reindorfer Osterberg und Wiedenhof. Pendler bewerten an Jesteburg ganz besonders die zentrale Lage positiv. Wer seinen Arbeitsplatz zum Beispiel in der Freien und Hansestadt Hamburg hat, genie\u00dft sowohl die N\u00e4he zur Metropole als auch das beschauliche Leben im \"Speckg\u00fcrtel\". Jesteburg ist fraglos ein sch\u00f6ner Ort zum Leben. \u00dcberregional bekannt ist Jesteburg durch die Jahr f\u00fcr Jahr stattfindende Kunstwoche Jesteburg. Mehr als 60 K\u00fcnstler stellen auf dem angesehenen Kunstevent ihre Werke aus. In der Kunstst\u00e4tte Bossard werden des Weiteren Kunstwerke aus den Genres Bildhauerei, Architektur und Malerei pr\u00e4sentiert. <\/p>\n<h4>Hohe Qualit\u00e4t f\u00fcr Kunden aus Jesteburg<\/h4>\n<p>Sie interessieren sich f\u00fcr unser Leistungsangebot und sind hier im Internet auf unsere Website gesto\u00dfen? Dar\u00fcber freuen wir uns sehr. Gerne pr\u00e4sentieren wir Ihnen unser gesamtes Leistungsspektrum und beantworten Ihre Fragen. Auf den Kontakt zu Ihnen freuen wir uns.<\/p>","popseo_zusatztext":"<h3>G\u00fcnstig und preiswert \u2013 darauf d\u00fcrfen Sie setzen<\/h3>\n<p>Bauelemente m\u00fcssen h\u00f6chsten Erwartungen gerecht werden. Nichtsdestrotrotz darf es g\u00fcnstig und preiswert sein. Das muss absolut kein Gegensatz sein. <\/p>\n<p>Als Fachbetrieb f\u00fcr Sonnenschutz und Sicherheit verwenden wir ausschlie\u00dflich hochwertige Erzeugnisse. Gleichwohl achten wir immer auf ein angemessenes Preis-Leistungsverh\u00e4ltnis. Wir m\u00f6chten Ihnen Spitzenqualit\u00e4t bieten, die trotzdem auch g\u00fcnstig und preiswert ist. Verleihen Sie Ihrem Heim g\u00fcnstig und preiswert das besondere Mehr an Qualit\u00e4t. Markisen und Rolll\u00e4den oder andere Sonnenschutzl\u00f6sungen sehen nicht nur schick aus, sie leisten auch einen bedeutenden Beitrag zur W\u00e4rmed\u00e4mmung.  <\/p>\n<h3>G\u00fcnstig und preiswert \u2013 trotzdem individuell und schick<\/h3>\n<p>D\u00fcrfen wir Sie beraten, wie Sie g\u00fcnstig und preiswert einen optimalen Sonnenschutz f\u00fcr Ihr Zuhause realisieren? Klasse, dann warten Sie bitte nicht und nehmen am besten gleich heute noch Verbindung mit uns auf. Ein kurzer Telefonanruf oder eine kurze Email gen\u00fcgen. Mit Vergn\u00fcgen beraten Sie unsere gut geschulten Fachleute \u00fcber die diversen M\u00f6glichkeiten, wie Sie Ihr Haus g\u00fcnstig und preiswert mit Markisen und Rolll\u00e4den oder anderen Sonnenschutzprodukten ausstatten. Wir freuen uns auf den Austausch mit Ihnen. <\/p>\n<h4>Top-Qualit\u00e4t g\u00fcnstig und preiswert<\/h4>\n<p>Vertrauen Sie beim Thema Sonnenschutz und Sicherheit auf den Experten. Nur ein Spezialbetrieb kennt die unterschiedlichen Optionen, wie Sie g\u00fcnstig und preiswert, trotzdem qualitativ h\u00f6herwertig einen tadellosen Sonnenschutz erreichen. Qualit\u00e4tsbewusst, g\u00fcnstig und preiswert: Wir empfehlen uns als spezialisiertes Fachunternehmen im norddeutschen Gebiet. Unsere gro\u00dfe Erfahrung zeichnet uns aus.<\/p>","popseo_links":"<a href=\"https:\/\/www.kaduk-bauelemente.de\/leistungen\/fliegengitter-tostedt-sittensen\/\">Fliegengitter Tostedt Sittensen<\/a>, <a href=\"https:\/\/www.kaduk-bauelemente.de\/leistungen\/carports-buechen\/\">Carports B\u00fcchen<\/a>, <a href=\"https:\/\/www.kaduk-bauelemente.de\/leistungen\/terrassendaecher-aus-aluminium-amelinghausen\/\">Terrassend\u00e4cher aus Aluminium Amelinghausen<\/a>, <a href=\"https:\/\/www.kaduk-bauelemente.de\/leistungen\/fenster-amt-neuhaus\/\">Fenster Amt Neuhaus<\/a>, <a href=\"https:\/\/www.kaduk-bauelemente.de\/leistungen\/fliegengitter-amt-neuhaus\/\">Fliegengitter Amt Neuhaus<\/a>, <a href=\"https:\/\/www.kaduk-bauelemente.de\/leistungen\/terrassenueberdachungen-aus-holz-reppenstedt\/\">Terrassen\u00fcberdachungen aus Holz Reppenstedt<\/a>, <a href=\"https:\/\/www.kaduk-bauelemente.de\/leistungen\/fenster-boizenburg\/\">Fenster Boizenburg<\/a>, <a href=\"https:\/\/www.kaduk-bauelemente.de\/leistungen\/garagen-buchholz\/\">Garagen Buchholz<\/a>, <a href=\"https:\/\/www.kaduk-bauelemente.de\/leistungen\/terrassendaecher-aus-holz-bienenbuettel\/\">Terrassend\u00e4cher aus Holz Bienenb\u00fcttel<\/a>, <a href=\"https:\/\/www.kaduk-bauelemente.de\/leistungen\/haustueren-lueneburg\/\">Haust\u00fcren L\u00fcneburg<\/a>, <a href=\"https:\/\/www.kaduk-bauelemente.de\/leistungen\/zaeune-harburg\/\">Z\u00e4une Harburg<\/a>, <a href=\"https:\/\/www.kaduk-bauelemente.de\/leistungen\/rolllaeden-buchholz\/\">Rolll\u00e4den Buchholz<\/a>, <a href=\"https:\/\/www.kaduk-bauelemente.de\/leistungen\/terrassenueberdachungen-aus-aluminium-reppenstedt\/\">Terrassen\u00fcberdachungen aus Aluminium Reppenstedt<\/a>, <a href=\"https:\/\/www.kaduk-bauelemente.de\/leistungen\/markisen-seevetal-rosengarten\/\">Markisen Seevetal Rosengarten<\/a>, <a href=\"https:\/\/www.kaduk-bauelemente.de\/leistungen\/garagentore-stelle\/\">Garagentore Stelle<\/a>, <a href=\"https:\/\/www.kaduk-bauelemente.de\/leistungen\/terrassenueberdachungen-aus-holz-harburg\/\">Terrassen\u00fcberdachungen aus Holz Harburg<\/a>, <a href=\"https:\/\/www.kaduk-bauelemente.de\/leistungen\/terrassenueberdachungen-aus-aluminium-jesteburg\/\">Terrassen\u00fcberdachungen aus Aluminium Jesteburg<\/a>, <a href=\"https:\/\/www.kaduk-bauelemente.de\/leistungen\/zaeune-lueneburg\/\">Z\u00e4une L\u00fcneburg<\/a>, <a href=\"https:\/\/www.kaduk-bauelemente.de\/leistungen\/rolllaeden-winsen-luhe\/\">Rolll\u00e4den Winsen Luhe<\/a>, <a href=\"https:\/\/www.kaduk-bauelemente.de\/leistungen\/insektenschutz-ebstorf\/\">Insektenschutz Ebstorf<\/a>, <a href=\"https:\/\/www.kaduk-bauelemente.de\/leistungen\/zaeune-bad-bevensen\/\">Z\u00e4une Bad Bevensen<\/a>, <a href=\"https:\/\/www.kaduk-bauelemente.de\/leistungen\/fliegengitter-bienenbuettel\/\">Fliegengitter Bienenb\u00fcttel<\/a>, <a href=\"https:\/\/www.kaduk-bauelemente.de\/leistungen\/garagentore-buchholz\/\">Garagentore Buchholz<\/a>, <a href=\"https:\/\/www.kaduk-bauelemente.de\/leistungen\/garagen-bispingen\/\">Garagen Bispingen<\/a>, <a href=\"https:\/\/www.kaduk-bauelemente.de\/leistungen\/terrassenueberdachungen-aus-aluminium-stelle\/\">Terrassen\u00fcberdachungen aus Aluminium Stelle<\/a>, <a href=\"https:\/\/www.kaduk-bauelemente.de\/leistungen\/holzfenster-seevetal-rosengarten\/\">Holzfenster Seevetal Rosengarten<\/a>"},"_links":{"self":[{"href":"https:\/\/www.kaduk-bauelemente.de\/leistungen\/wp-json\/wp\/v2\/pages\/4482","targetHints":{"allow":["GET"]}}],"collection":[{"href":"https:\/\/www.kaduk-bauelemente.de\/leistungen\/wp-json\/wp\/v2\/pages"}],"about":[{"href":"https:\/\/www.kaduk-bauelemente.de\/leistungen\/wp-json\/wp\/v2\/types\/page"}],"author":[{"embeddable":true,"href":"https:\/\/www.kaduk-bauelemente.de\/leistungen\/wp-json\/wp\/v2\/users\/1"}],"replies":[{"embeddable":true,"href":"https:\/\/www.kaduk-bauelemente.de\/leistungen\/wp-json\/wp\/v2\/comments?post=4482"}],"version-history":[{"count":0,"href":"https:\/\/www.kaduk-bauelemente.de\/leistungen\/wp-json\/wp\/v2\/pages\/4482\/revisions"}],"wp:attachment":[{"href":"https:\/\/www.kaduk-bauelemente.de\/leistungen\/wp-json\/wp\/v2\/media?parent=4482"}],"curies":[{"name":"wp","href":"https:\/\/api.w.org\/{rel}","templated":true}]}}