{"id":4479,"date":"2021-08-25T12:19:13","date_gmt":"2021-08-25T10:19:13","guid":{"rendered":"https:\/\/www.kaduk-bauelemente.de\/leistungen\/rollladen-hanstedt\/"},"modified":"2021-08-25T12:19:13","modified_gmt":"2021-08-25T10:19:13","slug":"rollladen-hanstedt","status":"publish","type":"page","link":"https:\/\/www.kaduk-bauelemente.de\/leistungen\/rollladen-hanstedt\/","title":{"rendered":"Rollladen &#8211; Hanstedt"},"content":{"rendered":"<h3>Rollladen \u2013 wir beraten Sie \u00fcber Ihre M\u00f6glichkeiten!<\/h3>\n<p>Ein Rollladen wird von au\u00dfen an ein Fenster beziehungsweise an eine T\u00fcr angebracht. Er n\u00fctzt als zus\u00e4tzliche Befestigung. Regelm\u00e4\u00dfig wird der Rollladen als Sichtschutz oder als Einbruchsschutz verwendet. Mitunter dient ein Rollladen allerdings auch als zus\u00e4tzliche Isolierung. Besonders w\u00e4hrend der Sommerzeit sch\u00fctzt der Rollladen die Zimmer eines Geb\u00e4udes vor enormer Hitze. Auch unterst\u00fctzt ein Rollladen dabei, wertvolle Energie zu sparen. Ein Rollladen erinnert in Aufbau sowie Eigenart an ein Rolltor. Die jeweiligen Elemente sind beweglich und k\u00f6nnen entweder h\u00e4ndisch oder elektrisch hoch- und runtergefahren werden. Durch den Fachmann angebracht, bietet ein Rollladen einen einwandfreien und sicheren Verschluss f\u00fcr ein Fenster bzw. eine T\u00fcr. <\/p>\n<p>Der Rollladen ist in verschiedenen Varianten zu bekommen. Die meisten Interessenten entscheiden sich f\u00fcr einen Rollladen aus geh\u00e4rtetem PVC oder aus Aluminium. Selten werden Holz oder Stahl als Materialien genutzt. Wir raten unseren Interessenten zumeist zu einem Rollladen aus Aluminium. <\/p>\n<h3>Ein neuer Rollladen f\u00fcr Ihre Immobilie<\/h3>\n<p>F\u00fcr den Fall das Ihr gebrauchter Rollladen nicht mehr seinen Dienst tut, so steht Ihnen unser Mitarbeiterteam auch f\u00fcr Reparaturen und Wartungsarbeiten bereit. Nicht immer ist eine vollst\u00e4ndige Erneuerung von N\u00f6ten. Auch wenn die vorherige Montage nicht durch uns erfolgte: \u00dcberlegen Sie nicht und rufen Sie uns an. Wir reparieren Ihren Rollladen sehr gerne.<\/p>\n","protected":false},"excerpt":{"rendered":"<p>Rollladen \u2013 wir beraten Sie \u00fcber Ihre M\u00f6glichkeiten! Ein Rollladen wird von au\u00dfen an ein Fenster beziehungsweise an eine T\u00fcr angebracht. Er n\u00fctzt als zus\u00e4tzliche Befestigung. Regelm\u00e4\u00dfig wird der Rollladen als Sichtschutz oder als Einbruchsschutz verwendet. Mitunter dient ein Rollladen allerdings auch als zus\u00e4tzliche Isolierung. Besonders w\u00e4hrend der Sommerzeit sch\u00fctzt der Rollladen die Zimmer eines [&hellip;]<\/p>\n","protected":false},"author":1,"featured_media":0,"parent":0,"menu_order":0,"comment_status":"closed","ping_status":"closed","template":"","meta":{"footnotes":""},"class_list":["post-4479","page","type-page","status-publish","hentry"],"meta_box":{"popseo_subtitel":"Wir sind Ihr Fachunternehmen f\u00fcr Rollladen in Hanstedt","popseo_subtitel2":"Rollladen - wir beraten Sie gerne!","popseo_lasttitel":"Rollladen: Sie haben Fragen? Dann melden Sie sich bei uns","popseo_region":"Hanstedt","popseo_sachwort":"Rollladen","popseo_noupdate":"","popseo_einleitungstext":"<p>Wenn es um Sonnenschutz und Sicherheit geht, sind Sie bei der Firma Dirk Kaduk Bauelemte genau an der richtigen Adresse. Seit Unternehmensgr\u00fcndung sind wir Ihr lokaler Fachbetrieb f\u00fcr hochwertige Bauelemente. Zu unserem Produktsortiment z\u00e4hlen unter anderem Markisen, Terrassend\u00e4cher, Rolltore, Fenster, T\u00fcren, Au\u00dfenjalousien, Rolll\u00e4den und Carports. Wir \u00fcbernehmen Montage- und Reparaturarbeiten und zeigen Ihnen Wege auf, wie Sie Ihr Gesch\u00e4fts- oder Wohnhaus mit modernen Bauelementen ausstatten k\u00f6nnen. Auf diesen Seiten haben wir einige erste Informationen f\u00fcr Sie zusammengestellt.<\/p>","popseo_schlusstext":"<p>Auf Wunsch informieren wir Sie n\u00e4her \u00fcber unsere Produkte und unser Aufgabengebiet. Wir pr\u00e4sentieren Ihnen mit Vergn\u00fcgen auch einige Projekte, die Ihnen einen Einblick in unsere Firment\u00e4tigkeit geben.<br \/>\nWir sind f\u00fcr Sie da. Rufen Sie uns doch rasch einmal an oder schicken Sie uns eine kurze E-Mail. Wir freuen uns auf Ihre Kontaktaufnahme.<\/p>","popseo_stadttext":"<h3>Wir sind Ihr Partner auch in Hanstedt (Harburg)<\/h3>\n<p>Sie kommen aus Hanstedt (Harburg) und sind hier im Internet auf unsere Homepage gesto\u00dfen? Das finden wir klasse. Gerne pr\u00e4sentieren wir Ihnen unser komplettes Leistungsspektrum und beantworten Ihre Fragen. Durch unsere Vertriebst\u00e4tigkeit haben wir uns einen sehr guten \u00dcberblick \u00fcber die Architektur der Gemeinden und St\u00e4dte unseres Einzugsbereiches machen k\u00f6nnen. Selbstverst\u00e4ndlich z\u00e4hlt auch Hanstedt (Harburg) unserem unmittelbaren Gesch\u00e4ftsgebiet. Wir freuen uns darauf, mit Ihnen ins Gespr\u00e4ch zu treten. <\/p>\n<h3>Gute Gr\u00fcnde sprechen f\u00fcr den Wohnort Hanstedt (Harburg)<\/h3>\n<p>Knapp 5.800 Einwohner z\u00e4hlt Hanstedt (Harburg). Das Gemeindegebiet umfasst ein Gesamtareal von ziemlich genau 59 qkm. Die \u00d6konomie von Hanstedt nutznie\u00dft von der verkehrstechnisch g\u00fcnstigen Lage in der L\u00fcneburger Heide. Besonders f\u00fcr die mittelst\u00e4ndischen Betriebe zeigt sich die Zentralit\u00e4t des Ortes als Motor. Wirtschaftlich betrachtet wird Hanstedt vor allem durch mittelst\u00e4ndische Betriebe aus den Bereichen Handwerk und Dienstleistung gepr\u00e4gt. Diese Branchen sind ausgesprochen prominent vertreten. Des Weiteren wurde der Fremdenverkehr zu einem wichtigen Standbein der \u00f6rtlichen Wirtschaft. Erholungssuchende finden in Hanstedt (Harburg) viele M\u00f6glichkeiten zum Wandern und f\u00fcr Radtouren. Besonders die ausdehnten Heidefl\u00e4chen des Naturparks L\u00fcneburger Heide sowie die Hanstedter Berge ziehen zahlreiche Tagesbesucher und Touristen in die Region. <\/p>\n<p>Hanstedt (Harburg) ist ein familiengeeigneter Ort. Die Gemeinde \u00fcberzeugt durch eine ausgezeichnete Infrastruktur. Verwaltungstechnisch geh\u00f6rt Hanstedt zum Kreis Harburg.<\/p>\n<h4>Hohe Qualit\u00e4t f\u00fcr Kunden aus Hanstedt (Harburg)<\/h4>\n<p>Das Leben in Hanstedt (Harburg) ist romantisch. Die Gemeinde verf\u00fcgt \u00fcber zahlreiche beruhigte Wohnviertel, die insbesondere von einer typischen Einzelhausbebauung gepr\u00e4gt sind. Sie interessieren sich f\u00fcr unser Leistungsangebot und haben deshalb unsere Website besucht? Dar\u00fcber freuen wir uns sehr. Unser freundliches Team nimmt gerne Ihren Anruf entgegen oder beantwortet Ihre E-Mail.<\/p>","popseo_zusatztext":"<h3>G\u00fcnstig und preiswert \u2013 Leistung vom Fachbetrieb<\/h3>\n<p>Bauelemente m\u00fcssen gehobenen Erwartungen standhalten. Gleichwohl darf es g\u00fcnstig und preiswert sein. Das muss absolut kein Gegensatz sein. <\/p>\n<p>Als Fachbetrieb f\u00fcr Sonnenschutz und Sicherheit verarbeiten wir ausnahmslos qualitativ hochwertige Erzeugnisse. Nichtsdestotrotz achten wir stets auf ein gutes Preis-Leistungsverh\u00e4ltnis. Wir m\u00f6chten Ihnen Qualit\u00e4t anbieten, die gleichzeitig auch g\u00fcnstig und preiswert ist. Geben Sie Ihrem Heim g\u00fcnstig und preiswert das gewisse Mehr an Qualit\u00e4t. Rolll\u00e4den und Markisen oder andere Sonnenschutzl\u00f6sungen sehen nicht nur h\u00fcbsch aus, sie leisten auch einen bedeutsamen Anteil zur W\u00e4rmed\u00e4mmung.  <\/p>\n<h3>G\u00fcnstig und preiswert ohne Abstriche bei der Qualit\u00e4t<\/h3>\n<p>D\u00fcrfen wir Sie informieren, wie Sie g\u00fcnstig und preiswert einen perfekten Sonnenschutz f\u00fcr Ihr Haus umsetzen? Prima, dann warten Sie bitte nicht und nehmen am besten gleich heute noch Verbindung mit uns auf. Ein kurzer Telefonanruf oder eine schnelle E-Mail gen\u00fcgen. Gerne beraten Sie unsere perfekt geschulten Fachleute \u00fcber die unterschiedlichen Optionen, wie Sie Ihr Heim g\u00fcnstig und preiswert mit Markisen und Rolll\u00e4den oder anderen Sonnenschutzprodukten ausstatten. Wir freuen uns auf den Austausch mit Ihnen. <\/p>\n<h4>G\u00fcnstig und preiswert \u2013 manchmal macht auch der Preis den Unterschied<\/h4>\n<p>Z\u00e4hlen Sie beim Thema Sonnenschutz und Sicherheit auf den Spezialisten. Nur ein Spezialbetrieb kennt die verschiedenen Optionen, wie Sie g\u00fcnstig und preiswert, zugleich qualitativ spitze einen optimalen Sonnenschutz erreichen. Qualit\u00e4tsbewusst, g\u00fcnstig und preiswert: Wir empfehlen uns als spezialisiertes Unternehmen im Norden. Unsere gro\u00dfe Erfahrung zeichnet uns aus.<\/p>","popseo_links":"<a href=\"https:\/\/www.kaduk-bauelemente.de\/leistungen\/kunststofffenster-reinbek-glinde\/\">Kunststofffenster Reinbek Glinde<\/a>, <a href=\"https:\/\/www.kaduk-bauelemente.de\/leistungen\/terrassendaecher-aus-holz-hanstedt\/\">Terrassend\u00e4cher aus Holz Hanstedt<\/a>, <a href=\"https:\/\/www.kaduk-bauelemente.de\/leistungen\/fliegengitter-hanstedt\/\">Fliegengitter Hanstedt<\/a>, <a href=\"https:\/\/www.kaduk-bauelemente.de\/leistungen\/zaunbau-jesteburg\/\">Zaunbau Jesteburg<\/a>, <a href=\"https:\/\/www.kaduk-bauelemente.de\/leistungen\/kunststofffenster-bad-bevensen\/\">Kunststofffenster Bad Bevensen<\/a>, <a href=\"https:\/\/www.kaduk-bauelemente.de\/leistungen\/rolllaeden-bad-bevensen\/\">Rolll\u00e4den Bad Bevensen<\/a>, <a href=\"https:\/\/www.kaduk-bauelemente.de\/leistungen\/garagen-uelzen\/\">Garagen Uelzen<\/a>, <a href=\"https:\/\/www.kaduk-bauelemente.de\/leistungen\/insektenschutz-herzogtum-lauenburg\/\">Insektenschutz Herzogtum Lauenburg<\/a>, <a href=\"https:\/\/www.kaduk-bauelemente.de\/leistungen\/rolllaeden-herzogtum-lauenburg\/\">Rolll\u00e4den Herzogtum Lauenburg<\/a>, <a href=\"https:\/\/www.kaduk-bauelemente.de\/leistungen\/zaeune-bardowick\/\">Z\u00e4une Bardowick<\/a>, <a href=\"https:\/\/www.kaduk-bauelemente.de\/leistungen\/raffstores-buchholz\/\">Raffstores Buchholz<\/a>, <a href=\"https:\/\/www.kaduk-bauelemente.de\/leistungen\/holzfenster-ebstorf\/\">Holzfenster Ebstorf<\/a>, <a href=\"https:\/\/www.kaduk-bauelemente.de\/leistungen\/terrassenueberdachungen-aus-holz-bispingen\/\">Terrassen\u00fcberdachungen aus Holz Bispingen<\/a>, <a href=\"https:\/\/www.kaduk-bauelemente.de\/leistungen\/tueren-tostedt-sittensen\/\">T\u00fcren Tostedt Sittensen<\/a>, <a href=\"https:\/\/www.kaduk-bauelemente.de\/leistungen\/sektionaltore-stelle\/\">Sektionaltore Stelle<\/a>, <a href=\"https:\/\/www.kaduk-bauelemente.de\/leistungen\/holzfenster-adendorf\/\">Holzfenster Adendorf<\/a>, <a href=\"https:\/\/www.kaduk-bauelemente.de\/leistungen\/sektionaltore-bergedorf-wentorf\/\">Sektionaltore Bergedorf Wentorf<\/a>, <a href=\"https:\/\/www.kaduk-bauelemente.de\/leistungen\/insektenschutz-lueneburg\/\">Insektenschutz L\u00fcneburg<\/a>, <a href=\"https:\/\/www.kaduk-bauelemente.de\/leistungen\/rolllaeden-amt-neuhaus\/\">Rolll\u00e4den Amt Neuhaus<\/a>, <a href=\"https:\/\/www.kaduk-bauelemente.de\/leistungen\/zaunbau-bispingen\/\">Zaunbau Bispingen<\/a>, <a href=\"https:\/\/www.kaduk-bauelemente.de\/leistungen\/markisen-harburg\/\">Markisen Harburg<\/a>, <a href=\"https:\/\/www.kaduk-bauelemente.de\/leistungen\/fenster-schwarzenbek\/\">Fenster Schwarzenbek<\/a>, <a href=\"https:\/\/www.kaduk-bauelemente.de\/leistungen\/terrassenueberdachungen-aus-aluminium-amt-neuhaus\/\">Terrassen\u00fcberdachungen aus Aluminium Amt Neuhaus<\/a>, <a href=\"https:\/\/www.kaduk-bauelemente.de\/leistungen\/kunststofffenster-seevetal-rosengarten\/\">Kunststofffenster Seevetal Rosengarten<\/a>, <a href=\"https:\/\/www.kaduk-bauelemente.de\/leistungen\/raffstores-bispingen\/\">Raffstores Bispingen<\/a>, <a href=\"https:\/\/www.kaduk-bauelemente.de\/leistungen\/markisen-bergedorf-wentorf\/\">Markisen Bergedorf Wentorf<\/a>"},"_links":{"self":[{"href":"https:\/\/www.kaduk-bauelemente.de\/leistungen\/wp-json\/wp\/v2\/pages\/4479","targetHints":{"allow":["GET"]}}],"collection":[{"href":"https:\/\/www.kaduk-bauelemente.de\/leistungen\/wp-json\/wp\/v2\/pages"}],"about":[{"href":"https:\/\/www.kaduk-bauelemente.de\/leistungen\/wp-json\/wp\/v2\/types\/page"}],"author":[{"embeddable":true,"href":"https:\/\/www.kaduk-bauelemente.de\/leistungen\/wp-json\/wp\/v2\/users\/1"}],"replies":[{"embeddable":true,"href":"https:\/\/www.kaduk-bauelemente.de\/leistungen\/wp-json\/wp\/v2\/comments?post=4479"}],"version-history":[{"count":0,"href":"https:\/\/www.kaduk-bauelemente.de\/leistungen\/wp-json\/wp\/v2\/pages\/4479\/revisions"}],"wp:attachment":[{"href":"https:\/\/www.kaduk-bauelemente.de\/leistungen\/wp-json\/wp\/v2\/media?parent=4479"}],"curies":[{"name":"wp","href":"https:\/\/api.w.org\/{rel}","templated":true}]}}