{"id":4476,"date":"2021-08-25T12:19:13","date_gmt":"2021-08-25T10:19:13","guid":{"rendered":"https:\/\/www.kaduk-bauelemente.de\/leistungen\/rollladen-buechen\/"},"modified":"2021-08-25T12:19:13","modified_gmt":"2021-08-25T10:19:13","slug":"rollladen-buechen","status":"publish","type":"page","link":"https:\/\/www.kaduk-bauelemente.de\/leistungen\/rollladen-buechen\/","title":{"rendered":"Rollladen &#8211; B\u00fcchen"},"content":{"rendered":"<h3>Rollladen \u2013 wir beraten Sie \u00fcber Ihre M\u00f6glichkeiten!<\/h3>\n<p>Ein Rollladen wird von au\u00dfen an ein Fenster bzw. an eine T\u00fcr angebracht. Er findet Verwendung als erweiterte Befestigung. Normalerweise wird der Rollladen als Sichtschutz und als Einbruchsschutz verwendet. Hin und wieder fungiert ein Rollladen allerdings auch als zus\u00e4tzliche W\u00e4rmeisolierung. Speziell in der Sommerzeit sch\u00fctzt der Rollladen die Innenr\u00e4ume eines Geb\u00e4udes vor zu viel Hitze. Auch unterst\u00fctzt ein Rollladen dabei, wertvolle Energie zu sparen. Ein Rollladen erinnert in Aufbau und Eigenart an ein Rolltor. Die jeweiligen Einzelelemente sind beweglich und k\u00f6nnen entweder per Handbetrieb oder elektrisch runter- und hochgefahren werden. Richtig installiert, bietet ein Rollladen einen perfekten und einbruchshemmenden Verschluss f\u00fcr ein Fenster oder eine T\u00fcr. <\/p>\n<p>Der Rollladen ist in verschiedenen Varianten erh\u00e4ltlich. Die meisten Interessenten entscheiden sich f\u00fcr einen Rollladen aus geh\u00e4rtetem Kunststoff oder aus Aluminium. Selten werden Holz oder Stahl als Ausgangsmaterialien verwendet. Wir raten unseren Interessenten meistens zu einem Rollladen aus Aluminium. <\/p>\n<h3>Ein neuer Rollladen f\u00fcr Ihre Immobilie<\/h3>\n<p>Falls Ihr gebrauchter Rollladen nicht mehr funktioniert, so steht Ihnen unser Mitarbeiterteam auch f\u00fcr Instandsetzungen und Wartungsarbeiten zur Verf\u00fcgung. Nicht grunds\u00e4tzlich ist eine vollumf\u00e4ngliche Erneuerung von N\u00f6ten. Auch wenn die urspr\u00fcngliche Ausf\u00fchrung nicht durch uns ausgef\u00fchrt wurde: Z\u00f6gern Sie nicht und rufen Sie uns an. Wir reparieren Ihren Rollladen gerne.<\/p>\n","protected":false},"excerpt":{"rendered":"<p>Rollladen \u2013 wir beraten Sie \u00fcber Ihre M\u00f6glichkeiten! Ein Rollladen wird von au\u00dfen an ein Fenster bzw. an eine T\u00fcr angebracht. Er findet Verwendung als erweiterte Befestigung. Normalerweise wird der Rollladen als Sichtschutz und als Einbruchsschutz verwendet. Hin und wieder fungiert ein Rollladen allerdings auch als zus\u00e4tzliche W\u00e4rmeisolierung. Speziell in der Sommerzeit sch\u00fctzt der Rollladen [&hellip;]<\/p>\n","protected":false},"author":1,"featured_media":0,"parent":0,"menu_order":0,"comment_status":"closed","ping_status":"closed","template":"","meta":{"footnotes":""},"class_list":["post-4476","page","type-page","status-publish","hentry"],"meta_box":{"popseo_subtitel":"Kaduk Bauelemente ist Ihr Experte f\u00fcr Rollladen im Raum B\u00fcchen","popseo_subtitel2":"Rollladen - unsere Spezialisten kennen sich aus!","popseo_lasttitel":"Rollladen: Treten Sie in Kontakt mit uns!","popseo_region":"B\u00fcchen","popseo_sachwort":"Rollladen","popseo_noupdate":"","popseo_einleitungstext":"<p>Sie wollen Ihre Immobilie mit zeitgem\u00e4\u00dfen Bauelementen ausstatten lassen interessieren sich f\u00fcr unser Leistungs- und Produktangebot? Prima, dann sind Sie auf dieser Seite goldrichtig. Unser Produktsortiment umfasst zum Beispiel Terrassend\u00e4cher, Markisen, Rolltore, Fenster, T\u00fcren, Au\u00dfenjalousien, Rolll\u00e4den und Carports. Als auf Sonnenschutz und Sicherheit fokussiertes Unternehmen \u00fcbernehmen wir vor allem auch Reparatur- und Montagearbeiten. Erfahren Sie nachfolgend mehr \u00fcber unser Unternehmen und dessen Angebot. \u00dcber Ihr Interesse freuen wir uns sehr.<\/p>","popseo_schlusstext":"<p>Sie ben\u00f6tigen einen Experten f\u00fcr hochwertige Sicherheits- und Sonnenschutzl\u00f6sungen. Dann kontaktieren Sie uns bitte schnell. Wir freuen uns auf Ihren Anruf oder Ihre E-Mail. Wenn es um Bauelemente geht, sind wir Ihr kompetenter Handels- und Handwerkspartner. Wir bieten Ihnen hochwertige Produkte und eine einwandfrei durchgef\u00fchrte Arbeit nach dem jeweils derzeitigen Stand der Technik.<\/p>","popseo_stadttext":"<h3>Unser Vertriebsgebiet umfasst auch B\u00fcchen<\/h3>\n<p>Durch unsere Gesch\u00e4ftst\u00e4tigkeit haben wir uns einen sehr guten \u00dcberblick \u00fcber die Stadtarchitektur der Gemeinden und St\u00e4dte unseres Einzugsbereiches erarbeiten k\u00f6nnen. Nat\u00fcrlich geh\u00f6rt auch B\u00fcchen zu unserem unmittelbaren Vertriebsgebiet. Wir freuen uns darauf, mit Ihnen in Kontakt zu kommen. <\/p>\n<h3>Interessante Fakten zu B\u00fcchen<\/h3>\n<p>B\u00fcchen befindet sich an der M\u00fcndung des Elbe-L\u00fcbeck-Kanals im Landkreis Herzogtum-Lauenburg im s\u00fcdlichen Schleswig-Holstein. Insgesamt 5.700 B\u00fcrger wohnen in B\u00fcchen auf einer Fl\u00e4che von 16 Quadratkilometern. Die Entfernung zwischen B\u00fcchen und der Hansestadt Hamburg bel\u00e4uft sich auf rund 40 Kilometer. Zahlreiche Pendler leben in der Stadt B\u00fcchen. Wer seinen Arbeitsplatz in Hamburg hat, das private Lebensumfeld allerdings lieber ein weniger ruhiger hat, wei\u00df die Vorz\u00fcge der Gemeinde B\u00fcchen zu sch\u00e4tzen.<\/p>\n<p>B\u00fcchen ist ein Halt auf den Bahnlinien L\u00fcneburg-L\u00fcbeck und Hamburg-Berlin. Wer die Zeit der DDR erlebt hat, erinnert sich vermutlich noch an die verst\u00f6renden Passkontrollen im Bahnhof von B\u00fcchen. Bis 1990 lag B\u00fcchen im direkten Grenzgebiet zwischen der ehemaligen Bundesrepublik und der fr\u00fcheren DDR. Wer mit dem PKW f\u00e4hrt, erreicht die Gemeinde B\u00fcchen beispielsweise \u00fcber die Autobahn A24. Die Abfahrt B\u00fcchen findet sich etwa acht Kilometer von der City entfernt.<\/p>\n<h3>Reizvolles B\u00fcchen!<\/h3>\n<p>Die heutige Gemeinde B\u00fcchen ist ein Zusammenschluss verschiedener kleinerer Ortschaften. Dem namensgebenden B\u00fcchen selbst gemeindete man in den 30ern die Orte N\u00fcssau und P\u00f6trau ein. Das Amt B\u00fcchen z\u00e4hlt in Summe 15 Gemeinden. Durch die Nachbarschaft zur Metropole Hamburg hat sich in B\u00fcchen ein durchaus ansehnliches Wirtschaftsleben entwickelt. Der Wirtschaftsstandort ist ideal gelegen und bietet Unternehmen gute Konditionen. <\/p>\n<p>Sehr gesch\u00e4tzt wird B\u00fcchen von Naturliebhabern wegen seines guten Erholungswertes. In B\u00fcchen startet man sehr gerne zu weiten Exkursionen durch den Naturpark Lauenburgische Seen. Insbesondere f\u00fcr Familien ist B\u00fcchen gut geeignet. Die angenehme Lage und eine ausgezeichnete Infrastruktur zeichnen die Gemeinde aus. Alle Schulformen sind vorhanden und auch das \u00f6rtliche Jugendzentrum erfreut sich regem Zuspruch. <\/p>\n<h4>Hohe Qualit\u00e4t f\u00fcr Kunden aus B\u00fcchen<\/h4>\n<p>Wir finden es prima, dass Sie unsere Internetseite entdeckt haben. Privat- und Gesch\u00e4ftskunden profitieren von einem sehr guten Preis-Leistungs-Verh\u00e4ltnis. Sie m\u00f6chten mehr \u00fcber uns wissen? F\u00fcr R\u00fcckfragen stehen wir Ihnen jederzeit zur Verf\u00fcgung. Auf Ihre Anfragen freuen wir uns.<\/p>","popseo_zusatztext":"<h3>G\u00fcnstig und preiswert \u2013 f\u00fcr uns selbstverst\u00e4ndlich<\/h3>\n<p>Bauelemente m\u00fcssen hohen Anspr\u00fcchen gerecht werden. Gleichzeitig soll es g\u00fcnstig und preiswert sein. Das muss generell kein Gegensatz sein. <\/p>\n<p>Als Fachunternehmen f\u00fcr Sonnenschutz- und Sicherheitssysteme verwenden wir ausnahmslos hochwertige Erzeugnisse. Gleichwohl schauen wir immer auf ein angemessenes Preis-Leistungsverh\u00e4ltnis. Wir m\u00f6chten Ihnen Spitzenqualit\u00e4t bieten, die trotzdem auch g\u00fcnstig und preiswert ist. Geben Sie Ihrem Heim g\u00fcnstig und preiswert das gewisse Plus an Qualit\u00e4t. Markisen und Rolll\u00e4den oder andere Sonnenschutzl\u00f6sungen sehen nicht nur schick aus, sie leisten auch einen bedeutenden Anteil zur W\u00e4rmed\u00e4mmung.  <\/p>\n<h3>G\u00fcnstig und preiswert ohne Abstriche bei der Qualit\u00e4t<\/h3>\n<p>D\u00fcrfen wir Sie beraten, wie Sie g\u00fcnstig und preiswert einen optimalen Sonnenschutz f\u00fcr Ihr Zuhause verwirklichen? Toll, dann z\u00f6gern Sie bitte nicht und nehmen am besten gleich heute noch Verbindung mit uns auf. Ein kurzer Telefonanruf oder eine schnelle Mail gen\u00fcgen. Sehr gerne beraten Sie unsere perfekt geschulten Mitarbeiter \u00fcber die unterschiedlichen M\u00f6glichkeiten, wie Sie Ihr Haus g\u00fcnstig und preiswert mit Markisen und Rolll\u00e4den oder anderen Sonnenschutzprodukten versehen. Wir freuen uns auf das Gespr\u00e4ch mit Ihnen. <\/p>\n<h4>Top-Qualit\u00e4t g\u00fcnstig und preiswert<\/h4>\n<p>Vertrauen Sie beim Thema Sonnenschutz und Sicherheit auf den Experten. Nur ein Fachbetrieb kennt die verschiedenen M\u00f6glichkeiten, wie Sie g\u00fcnstig und preiswert, zugleich qualitativ h\u00f6herwertig einen perfekten Sonnenschutz verwirklichen. Qualit\u00e4tsbewusst, g\u00fcnstig und preiswert: Wir empfehlen uns als spezialisiertes Fachunternehmen im Norden. Unsere langj\u00e4hrige Erfahrung zeichnet uns aus.<\/p>","popseo_links":"<a href=\"https:\/\/www.kaduk-bauelemente.de\/leistungen\/garagen-reinbek-glinde\/\">Garagen Reinbek Glinde<\/a>, <a href=\"https:\/\/www.kaduk-bauelemente.de\/leistungen\/carports-bispingen\/\">Carports Bispingen<\/a>, <a href=\"https:\/\/www.kaduk-bauelemente.de\/leistungen\/tueren-buchholz\/\">T\u00fcren Buchholz<\/a>, <a href=\"https:\/\/www.kaduk-bauelemente.de\/leistungen\/terrassendaecher-aus-aluminium-bergedorf-wentorf\/\">Terrassend\u00e4cher aus Aluminium Bergedorf Wentorf<\/a>, <a href=\"https:\/\/www.kaduk-bauelemente.de\/leistungen\/insektenschutz-tostedt-sittensen\/\">Insektenschutz Tostedt Sittensen<\/a>, <a href=\"https:\/\/www.kaduk-bauelemente.de\/leistungen\/terrassenueberdachungen-aus-aluminium-bad-bevensen\/\">Terrassen\u00fcberdachungen aus Aluminium Bad Bevensen<\/a>, <a href=\"https:\/\/www.kaduk-bauelemente.de\/leistungen\/tueren-reppenstedt\/\">T\u00fcren Reppenstedt<\/a>, <a href=\"https:\/\/www.kaduk-bauelemente.de\/leistungen\/carports-amelinghausen\/\">Carports Amelinghausen<\/a>, <a href=\"https:\/\/www.kaduk-bauelemente.de\/leistungen\/insektenschutz-jesteburg\/\">Insektenschutz Jesteburg<\/a>, <a href=\"https:\/\/www.kaduk-bauelemente.de\/leistungen\/holzfenster-harburg\/\">Holzfenster Harburg<\/a>, <a href=\"https:\/\/www.kaduk-bauelemente.de\/leistungen\/garagen-adendorf\/\">Garagen Adendorf<\/a>, <a href=\"https:\/\/www.kaduk-bauelemente.de\/leistungen\/rolltore-geesthacht\/\">Rolltore Geesthacht<\/a>, <a href=\"https:\/\/www.kaduk-bauelemente.de\/leistungen\/zaeune-winsen-luhe\/\">Z\u00e4une Winsen Luhe<\/a>, <a href=\"https:\/\/www.kaduk-bauelemente.de\/leistungen\/garagentore-amt-neuhaus\/\">Garagentore Amt Neuhaus<\/a>, <a href=\"https:\/\/www.kaduk-bauelemente.de\/leistungen\/rolllaeden-amelinghausen\/\">Rolll\u00e4den Amelinghausen<\/a>, <a href=\"https:\/\/www.kaduk-bauelemente.de\/leistungen\/terrassenueberdachungen-aus-aluminium-adendorf\/\">Terrassen\u00fcberdachungen aus Aluminium Adendorf<\/a>, <a href=\"https:\/\/www.kaduk-bauelemente.de\/leistungen\/haustueren-bienenbuettel\/\">Haust\u00fcren Bienenb\u00fcttel<\/a>, <a href=\"https:\/\/www.kaduk-bauelemente.de\/leistungen\/carports-bergedorf-wentorf\/\">Carports Bergedorf Wentorf<\/a>, <a href=\"https:\/\/www.kaduk-bauelemente.de\/leistungen\/zaunbau-winsen-luhe\/\">Zaunbau Winsen Luhe<\/a>, <a href=\"https:\/\/www.kaduk-bauelemente.de\/leistungen\/markisen-seevetal-rosengarten\/\">Markisen Seevetal Rosengarten<\/a>, <a href=\"https:\/\/www.kaduk-bauelemente.de\/leistungen\/sektionaltore-seevetal-rosengarten\/\">Sektionaltore Seevetal Rosengarten<\/a>, <a href=\"https:\/\/www.kaduk-bauelemente.de\/leistungen\/terrassenueberdachungen-aus-aluminium-bergedorf-wentorf\/\">Terrassen\u00fcberdachungen aus Aluminium Bergedorf Wentorf<\/a>, <a href=\"https:\/\/www.kaduk-bauelemente.de\/leistungen\/fliegengitter-uelzen\/\">Fliegengitter Uelzen<\/a>, <a href=\"https:\/\/www.kaduk-bauelemente.de\/leistungen\/garagentore-tostedt-sittensen\/\">Garagentore Tostedt Sittensen<\/a>, <a href=\"https:\/\/www.kaduk-bauelemente.de\/leistungen\/carports-buechen\/\">Carports B\u00fcchen<\/a>, <a href=\"https:\/\/www.kaduk-bauelemente.de\/leistungen\/fliegengitter-reppenstedt\/\">Fliegengitter Reppenstedt<\/a>"},"_links":{"self":[{"href":"https:\/\/www.kaduk-bauelemente.de\/leistungen\/wp-json\/wp\/v2\/pages\/4476","targetHints":{"allow":["GET"]}}],"collection":[{"href":"https:\/\/www.kaduk-bauelemente.de\/leistungen\/wp-json\/wp\/v2\/pages"}],"about":[{"href":"https:\/\/www.kaduk-bauelemente.de\/leistungen\/wp-json\/wp\/v2\/types\/page"}],"author":[{"embeddable":true,"href":"https:\/\/www.kaduk-bauelemente.de\/leistungen\/wp-json\/wp\/v2\/users\/1"}],"replies":[{"embeddable":true,"href":"https:\/\/www.kaduk-bauelemente.de\/leistungen\/wp-json\/wp\/v2\/comments?post=4476"}],"version-history":[{"count":0,"href":"https:\/\/www.kaduk-bauelemente.de\/leistungen\/wp-json\/wp\/v2\/pages\/4476\/revisions"}],"wp:attachment":[{"href":"https:\/\/www.kaduk-bauelemente.de\/leistungen\/wp-json\/wp\/v2\/media?parent=4476"}],"curies":[{"name":"wp","href":"https:\/\/api.w.org\/{rel}","templated":true}]}}