{"id":4475,"date":"2021-08-25T12:19:13","date_gmt":"2021-08-25T10:19:13","guid":{"rendered":"https:\/\/www.kaduk-bauelemente.de\/leistungen\/rollladen-buchholz\/"},"modified":"2021-08-25T12:19:13","modified_gmt":"2021-08-25T10:19:13","slug":"rollladen-buchholz","status":"publish","type":"page","link":"https:\/\/www.kaduk-bauelemente.de\/leistungen\/rollladen-buchholz\/","title":{"rendered":"Rollladen &#8211; Buchholz"},"content":{"rendered":"<h3>Der Rollladen \u2013 nutzbringend und attraktiv!<\/h3>\n<p>Ein Rollladen wird von au\u00dfen an ein Fenster beziehungsweise an eine T\u00fcr montiert. Er findet Verwendung als zus\u00e4tzliche Befestigung. In der Regel wird der Rollladen als Sichtschutz und als Einbruchssicherung genutzt. Mitunter dient ein Rollladen allerdings auch als zus\u00e4tzliche W\u00e4rmeisolierung. Insbesondere in der Sommerzeit bewahrt der Rollladen die Innenr\u00e4ume eines Hauses vor enormer W\u00e4rme. Auch hilft ein Rollladen dabei, wertvolle Energie zu sparen. Ein Rollladen erinnert in Aufbau und Bauart an ein Rolltor. Die einzelnen Elemente sind dynamisch und k\u00f6nnen entweder per Handbetrieb oder automatisch hoch- und runtergefahren werden. Fachm\u00e4nnisch angebracht, bietet ein Rollladen einen ausgezeichneten und sicheren Verschluss f\u00fcr ein Fenster oder eine T\u00fcr. <\/p>\n<p>Der Rollladen ist in verschiedenen Varianten lieferbar. Die meisten Kunden entscheiden sich f\u00fcr einen Rollladen aus geh\u00e4rtetem Kunststoff oder aus Aluminium. Weniger werden Holz oder Stahl als Materialien verwendet. Wir raten unseren Interessenten oft zu einem Rollladen aus Aluminium. <\/p>\n<h3>Rollladen \u2013 besuchen Sie unsere Ausstellung!<\/h3>\n<p>Falls Ihr alter Rollladen nicht mehr funktioniert, so steht Ihnen unser Team auch f\u00fcr Instandsetzungen und Wartungsarbeiten zur Verf\u00fcgung. Nicht grunds\u00e4tzlich ist eine vollst\u00e4ndige Erneuerung notwendig. Auch wenn die damalige Installation nicht durch uns stattfand: Z\u00f6gern Sie nicht und rufen Sie uns an. Wir reparieren Ihren Rollladen gerne.<\/p>\n","protected":false},"excerpt":{"rendered":"<p>Der Rollladen \u2013 nutzbringend und attraktiv! Ein Rollladen wird von au\u00dfen an ein Fenster beziehungsweise an eine T\u00fcr montiert. Er findet Verwendung als zus\u00e4tzliche Befestigung. In der Regel wird der Rollladen als Sichtschutz und als Einbruchssicherung genutzt. Mitunter dient ein Rollladen allerdings auch als zus\u00e4tzliche W\u00e4rmeisolierung. Insbesondere in der Sommerzeit bewahrt der Rollladen die Innenr\u00e4ume [&hellip;]<\/p>\n","protected":false},"author":1,"featured_media":0,"parent":0,"menu_order":0,"comment_status":"closed","ping_status":"closed","template":"","meta":{"footnotes":""},"class_list":["post-4475","page","type-page","status-publish","hentry"],"meta_box":{"popseo_subtitel":"Kaduk Bauelemente ist Ihr Experte f\u00fcr Rollladen im Raum Buchholz","popseo_subtitel2":"Rollladen - unsere Spezialisten kennen sich aus!","popseo_lasttitel":"Rollladen: Treten Sie in Kontakt mit uns!","popseo_region":"Buchholz","popseo_sachwort":"Rollladen","popseo_noupdate":"","popseo_einleitungstext":"<p>Die Firma Dirk Kaduk Bauelemente ist Ihr qualifizierter und erfahrener Fachbetrieb f\u00fcr Sicherheit und Sonnenschutz im Norden. Mit unserem Firmenstandort in Adendorf bei L\u00fcneburg decken wir ein geografisch gro\u00dfes Gebiet ab. Bei uns bekommen Sie hochwertige Bauelemente in gro\u00dfer Auswahl. Zu unserem Produktsortiment z\u00e4hlen unter anderem Fenster, Au\u00dfenjalousien, T\u00fcren, Terrassend\u00e4cher, Markisen, Rolltore, Carports und Rolll\u00e4den. Nat\u00fcrlich erledigen wir auch Reparatur- und Montagearbeiten f\u00fcr Sie. Auf unserer Website finden Sie unser gesamtes Produkt- und Dienstleistungsangebot detailliert beschrieben. Kompetent und sachgerecht beraten wir Sie \u00fcber Ihre M\u00f6glichkeiten und f\u00fchren alle anfallenden Arbeiten gewissenhaft und mit Sachverstand aus - so wie Sie es von einem spezialisierten Fachbetrieb erwarten k\u00f6nnen.<\/p>","popseo_schlusstext":"<p>Wenn Sie mehr wissen m\u00f6chten, informieren wir Sie n\u00e4her \u00fcber unsere Produkte und unser Aufgabengebiet. Wir pr\u00e4sentieren Ihnen mit Vergn\u00fcgen auch einige Referenzprojekte, die Ihnen einen Einblick in unsere Firment\u00e4tigkeit geben.<br \/>\nVertrauen Sie auf das Urteil eines erfahrenen Fachbetriebes. Rufen Sie uns doch einfach einmal an oder schicken Sie uns eine schnelle E-Mail. Wir freuen uns auf Sie.<\/p>","popseo_stadttext":"<h3>Unser Einzugsbereich umfasst auch Buchholz i.d. Nordheide<\/h3>\n<p>Buchholz z\u00e4hlt zum nieders\u00e4chsischen Landkreis Harburg und liegt in der Nordheide. Um Verwechslungen mit anderen Orten zu vermeiden, tr\u00e4gt die Stadt Buchholz von Amts wegen den Namenszusatz \"Buchholz in der Nordheide\". Durch unsere Gesch\u00e4ftst\u00e4tigkeit haben wir uns einen ausgezeichneten \u00dcberblick \u00fcber die Stadtarchitektur der St\u00e4dte und Gemeinden unseres Einzugsbereiches machen k\u00f6nnen. Nat\u00fcrlich geh\u00f6rt auch Buchholz i.d. Nordheide zu unserem unmittelbaren Wirkungskreis. Wir freuen uns darauf, mit Ihnen in Kontakt zu kommen. <\/p>\n<h3>Ein paar Fakten \u00fcber Buchholz i.d. Nordheide<\/h3>\n<p>Buchholz ist eine g\u00fcnstig gelegene Stadt. Bis in die Metropole Hamburg sind es nur 20 Kilometer. Entsprechend viele Pendler wohnen in Buchholz. Wer seine Arbeitsst\u00e4tte in Hamburg hat, jedoch  eine eher weniger hektische Wohnlage pr\u00e4feriert, hat es in Buchholz hervorragend getroffen. Der \u00fcbersichtliche und \u00fcberschaubare Ort bietet ein wirklich attraktives Lebensumfeld. <\/p>\n<p>Summiert wohnen etwa 37.000 B\u00fcrger in Buchholz. Stadt und Umkreis erstrecken sich \u00fcber eine Gesamtfl\u00e4che von in etwa 75 km\u00b2. Buchholz gliedert sich in insgesamt sechs Ortsteile. Eine kleine Eigenheit von Buchholz: Jeder Ortsteil hat einen eigenen B\u00fcrgermeister.<\/p>\n<h3>Buchholz \u2013 St\u00e4dtchen mit Herz<\/h3>\n<p>Trotz der r\u00e4umlichen N\u00e4he zur Gro\u00dfstadt Hamburg, verf\u00fcgt Buchholz \u00fcber ein umtriebiges Wirtschaftsleben, das sich \u00fcber drei Gewerbegebiete verteilt. Gro\u00dfe Einzelhandelsbetriebe wie zum Beispiel M\u00f6bel Kraft oder Media Markt unterhalten in Buchholz Filialen. Beherrscht wird das Wirtschaftsleben von Buchholz sonst von mittelst\u00e4ndischen Unternehmen aus den Gesch\u00e4ftsfeldern Dienstleistung und Gro\u00dfhandel. Des Weiteren finden sich in Buchholz zahlreiche Autoh\u00e4ndler. \u00dcber die Autobahnzufahrt Dibbersen ist Buchholz an die Autobahn A1 angeschlossen. Das Buchholzer Dreieck stellt dar\u00fcber hinaus eine Verbindung mit der A7 her. Au\u00dferdem erreicht man Buchholz mit dem Wagen auch einfach \u00fcber die Bundesstra\u00dfe 75. Wer mit dem Zug nach Buchholz f\u00e4hrt, nutzt die Strecke Bremen-Hamburg. Der Verkehrsbetrieb Metronom f\u00e4hrt Buchholz mit der Expresslinie Hamburg-Bremen sowie \u00fcber eine Nahverkehrsverbindung an.  <\/p>\n<h4>Hohe Qualit\u00e4t f\u00fcr Kunden aus Buchholz i.d. Nordheide<\/h4>\n<p>Wir finden es super, dass Sie unsere Website entdeckt haben. Privat- und Gesch\u00e4ftskunden profitieren von einem sehr guten Preis-Leistungs-Verh\u00e4ltnis. Sie m\u00f6chten mehr \u00fcber uns erfahren? F\u00fcr R\u00fcckfragen stehen wir Ihnen jederzeit zur Verf\u00fcgung. Unser engagiertes Team freut sich auf Sie.<\/p>","popseo_zusatztext":"<h3>Sonnenschutz vom Fachbetrieb<\/h3>\n<p>Setzen Sie in Sachen Sicherheit und Sonnenschutz auf alle F\u00e4lle auf die sachspezifische Leistung vom Fachbetrieb. Nur ein Fachbetrieb kennt die Alternativen, wie man zu einem fachgerechten Ergebnis kommt. Um sich mit Fug und Recht Fachbetrieb nennen zu k\u00f6nnen, braucht man eine gute Ausbildung der Mitarbeiter und eine jahrelange Fachkenntnis.  <\/p>\n<p>Unsere Unternehmung empfiehlt sich als Ihr sachkundiger Fachbetrieb f\u00fcr Sicherheit und Sonnenschutz. Setzen Sie auf Qualit\u00e4t und schenken Sie unserem Fachbetrieb Ihr Vertrauen. Wir bieten Ihnen beispielsweise qualitativ ausgezeichnete Rolll\u00e4den und Markisen und legen allerh\u00f6chsten Wert auf einen ausgezeichneten Service. Schon seit vielen Jahren sind wir fachkundiger Fachbetrieb f\u00fcr Terrassend\u00e4cher, Au\u00dfenjalousien, Rolll\u00e4den im Raum L\u00fcneburg. Es ist uns ein Anliegen, dass Sie \u00fcber lange Zeit viel Freude an Ihrem Sicht und Sonnenschutz haben. Von einem Fachbetrieb d\u00fcrfen Sie ohne Frage eine absolute Top-Leistung erwarten.<\/p>\n<h3>Dirk Kaduk Bauelemente \u2013 Ihr Fachbetrieb f\u00fcr Sicherheit und Sonnenschutz<\/h3>\n<p>Als Fachbetrieb darf sich ein Unternehmen bezeichnen, deren Angestellte \u00fcber dokumentierte Qualifikationen verf\u00fcgen. Dies ist beispielsweise eine entsprechende Ausbildung oder ein Meisterbrief. Auch zeichnet eine intensive praktische Erfahrung einen Fachbetrieb aus. Schon seit vielen Jahren konzentrieren wir uns als spezialisiertes Unternehmen auf Sonnenschutz und Sicherheit von Wohn- und Gesch\u00e4ftsgeb\u00e4uden. In diesen langen Jahren haben wir uns die Bezeichnung Fachbetrieb redlich verdient. Wir verarbeiten ausschlie\u00dflich hochwertige Produkte. Dabei achten wir immer auf ein faires Preis-Leistungsverh\u00e4ltnis. Unser Versprechen als Fachbetrieb: Wir bieten Ihnen Top-Leistung zu einem konkurrenzlosem Preis.<\/p>","popseo_links":"<a href=\"https:\/\/www.kaduk-bauelemente.de\/leistungen\/terrassendaecher-aus-aluminium-jesteburg\/\">Terrassend\u00e4cher aus Aluminium Jesteburg<\/a>, <a href=\"https:\/\/www.kaduk-bauelemente.de\/leistungen\/terrassendaecher-aus-aluminium-bispingen\/\">Terrassend\u00e4cher aus Aluminium Bispingen<\/a>, <a href=\"https:\/\/www.kaduk-bauelemente.de\/leistungen\/sektionaltore-buechen\/\">Sektionaltore B\u00fcchen<\/a>, <a href=\"https:\/\/www.kaduk-bauelemente.de\/leistungen\/rolllaeden-ebstorf\/\">Rolll\u00e4den Ebstorf<\/a>, <a href=\"https:\/\/www.kaduk-bauelemente.de\/leistungen\/rolllaeden-geesthacht\/\">Rolll\u00e4den Geesthacht<\/a>, <a href=\"https:\/\/www.kaduk-bauelemente.de\/leistungen\/terrassenueberdachungen-aus-holz-amelinghausen\/\">Terrassen\u00fcberdachungen aus Holz Amelinghausen<\/a>, <a href=\"https:\/\/www.kaduk-bauelemente.de\/leistungen\/garagentore-jesteburg\/\">Garagentore Jesteburg<\/a>, <a href=\"https:\/\/www.kaduk-bauelemente.de\/leistungen\/haustueren-stelle\/\">Haust\u00fcren Stelle<\/a>, <a href=\"https:\/\/www.kaduk-bauelemente.de\/leistungen\/tueren-harburg\/\">T\u00fcren Harburg<\/a>, <a href=\"https:\/\/www.kaduk-bauelemente.de\/leistungen\/sektionaltore-reinbek-glinde\/\">Sektionaltore Reinbek Glinde<\/a>, <a href=\"https:\/\/www.kaduk-bauelemente.de\/leistungen\/tueren-schwarzenbek\/\">T\u00fcren Schwarzenbek<\/a>, <a href=\"https:\/\/www.kaduk-bauelemente.de\/leistungen\/terrassenueberdachungen-aus-holz-reppenstedt\/\">Terrassen\u00fcberdachungen aus Holz Reppenstedt<\/a>, <a href=\"https:\/\/www.kaduk-bauelemente.de\/leistungen\/raffstores-bienenbuettel\/\">Raffstores Bienenb\u00fcttel<\/a>, <a href=\"https:\/\/www.kaduk-bauelemente.de\/leistungen\/raffstores-reppenstedt\/\">Raffstores Reppenstedt<\/a>, <a href=\"https:\/\/www.kaduk-bauelemente.de\/leistungen\/holzfenster-uelzen\/\">Holzfenster Uelzen<\/a>, <a href=\"https:\/\/www.kaduk-bauelemente.de\/leistungen\/carports-buchholz\/\">Carports Buchholz<\/a>, <a href=\"https:\/\/www.kaduk-bauelemente.de\/leistungen\/terrassenueberdachungen-aus-aluminium-stelle\/\">Terrassen\u00fcberdachungen aus Aluminium Stelle<\/a>, <a href=\"https:\/\/www.kaduk-bauelemente.de\/leistungen\/sektionaltore-bergedorf-wentorf\/\">Sektionaltore Bergedorf Wentorf<\/a>, <a href=\"https:\/\/www.kaduk-bauelemente.de\/leistungen\/haustueren-maschen\/\">Haust\u00fcren Maschen<\/a>, <a href=\"https:\/\/www.kaduk-bauelemente.de\/leistungen\/rolltore-bispingen\/\">Rolltore Bispingen<\/a>, <a href=\"https:\/\/www.kaduk-bauelemente.de\/leistungen\/fliegengitter-buchholz\/\">Fliegengitter Buchholz<\/a>, <a href=\"https:\/\/www.kaduk-bauelemente.de\/leistungen\/sektionaltore-bad-bevensen\/\">Sektionaltore Bad Bevensen<\/a>, <a href=\"https:\/\/www.kaduk-bauelemente.de\/leistungen\/fliegengitter-reinbek-glinde\/\">Fliegengitter Reinbek Glinde<\/a>, <a href=\"https:\/\/www.kaduk-bauelemente.de\/leistungen\/fliegengitter-herzogtum-lauenburg\/\">Fliegengitter Herzogtum Lauenburg<\/a>, <a href=\"https:\/\/www.kaduk-bauelemente.de\/leistungen\/garagentore-bergedorf-wentorf\/\">Garagentore Bergedorf Wentorf<\/a>, <a href=\"https:\/\/www.kaduk-bauelemente.de\/leistungen\/zaeune-stelle\/\">Z\u00e4une Stelle<\/a>"},"_links":{"self":[{"href":"https:\/\/www.kaduk-bauelemente.de\/leistungen\/wp-json\/wp\/v2\/pages\/4475","targetHints":{"allow":["GET"]}}],"collection":[{"href":"https:\/\/www.kaduk-bauelemente.de\/leistungen\/wp-json\/wp\/v2\/pages"}],"about":[{"href":"https:\/\/www.kaduk-bauelemente.de\/leistungen\/wp-json\/wp\/v2\/types\/page"}],"author":[{"embeddable":true,"href":"https:\/\/www.kaduk-bauelemente.de\/leistungen\/wp-json\/wp\/v2\/users\/1"}],"replies":[{"embeddable":true,"href":"https:\/\/www.kaduk-bauelemente.de\/leistungen\/wp-json\/wp\/v2\/comments?post=4475"}],"version-history":[{"count":0,"href":"https:\/\/www.kaduk-bauelemente.de\/leistungen\/wp-json\/wp\/v2\/pages\/4475\/revisions"}],"wp:attachment":[{"href":"https:\/\/www.kaduk-bauelemente.de\/leistungen\/wp-json\/wp\/v2\/media?parent=4475"}],"curies":[{"name":"wp","href":"https:\/\/api.w.org\/{rel}","templated":true}]}}