{"id":4474,"date":"2021-08-25T12:19:13","date_gmt":"2021-08-25T10:19:13","guid":{"rendered":"https:\/\/www.kaduk-bauelemente.de\/leistungen\/rollladen-boizenburg\/"},"modified":"2021-08-25T12:19:13","modified_gmt":"2021-08-25T10:19:13","slug":"rollladen-boizenburg","status":"publish","type":"page","link":"https:\/\/www.kaduk-bauelemente.de\/leistungen\/rollladen-boizenburg\/","title":{"rendered":"Rollladen &#8211; Boizenburg"},"content":{"rendered":"<h3>Rollladen \u2013 wir beraten Sie \u00fcber Ihre M\u00f6glichkeiten!<\/h3>\n<p>Ein Rollladen wird von au\u00dfen an ein Fenster bzw. an eine T\u00fcr angebracht. Er n\u00fctzt als erweiterte Befestigung. Meistens wird der Rollladen als Sichtschutz und als Einbruchsschutz verwendet. Gelegentlich dient ein Rollladen allerdings auch als zus\u00e4tzliche Isolierung. Speziell im Sommer sch\u00fctzt der Rollladen die Innenr\u00e4ume eines Hauses vor gro\u00dfer Hitze. Auch unterst\u00fctzt ein Rollladen dabei, kostbare Energie zu sparen. Ein Rollladen erinnert in Aufbau sowie Eigenart an ein Rolltor. Die einzelnen Einzelelemente sind dynamisch und k\u00f6nnen entweder per Hand oder automatisch hoch- und runtergefahren werden. Richtig angebracht, bietet ein Rollladen einen einwandfreien und einbruchshemmenden Verschluss f\u00fcr ein Fenster beziehungsweise eine T\u00fcr. <\/p>\n<p>Der Rollladen ist in unterschiedlichen Ausf\u00fchrungen lieferbar. Die meisten Interessenten entschlie\u00dfen sich f\u00fcr einen Rollladen aus geh\u00e4rtetem PVC oder auch aus Aluminium. Selten werden Holz oder Stahl als Materialien genutzt. Wir raten unseren Kunden oft zu einem Rollladen aus Aluminium. <\/p>\n<h3>Wir informieren Sie \u00fcber Rollladen!<\/h3>\n<p>F\u00fcr den Fall das Ihr gebrauchter Rollladen nicht mehr funktionsf\u00e4hig ist, so steht Ihnen unser Team auch f\u00fcr Reparaturen und Wartungsarbeiten zur Verf\u00fcgung. Nicht grunds\u00e4tzlich ist eine vollumf\u00e4ngliche Erneuerung angezeigt. Auch wenn die urspr\u00fcngliche Ausf\u00fchrung nicht durch uns ausgef\u00fchrt wurde: Z\u00f6gern Sie nicht und rufen Sie uns an. Wir reparieren Ihren Rollladen sehr gerne.<\/p>\n","protected":false},"excerpt":{"rendered":"<p>Rollladen \u2013 wir beraten Sie \u00fcber Ihre M\u00f6glichkeiten! Ein Rollladen wird von au\u00dfen an ein Fenster bzw. an eine T\u00fcr angebracht. Er n\u00fctzt als erweiterte Befestigung. Meistens wird der Rollladen als Sichtschutz und als Einbruchsschutz verwendet. Gelegentlich dient ein Rollladen allerdings auch als zus\u00e4tzliche Isolierung. Speziell im Sommer sch\u00fctzt der Rollladen die Innenr\u00e4ume eines Hauses [&hellip;]<\/p>\n","protected":false},"author":1,"featured_media":0,"parent":0,"menu_order":0,"comment_status":"closed","ping_status":"closed","template":"","meta":{"footnotes":""},"class_list":["post-4474","page","type-page","status-publish","hentry"],"meta_box":{"popseo_subtitel":"Wir sind Ihr erfahrener Fachbetrieb f\u00fcr Rollladen im Raum Boizenburg","popseo_subtitel2":"Rollladen - wir haben die richtige L\u00f6sung f\u00fcr Sie","popseo_lasttitel":"Rollladen: Wir beantworten Ihre Fragen!","popseo_region":"Boizenburg","popseo_sachwort":"Rollladen","popseo_noupdate":"","popseo_einleitungstext":"<p>Wenn es um Sicherheit und Sonnenschutz geht, sind Sie bei der Firma Kaduk exakt an der richtigen Adresse. Seit Unternehmensgr\u00fcndung sind wir Ihre lokalen Spezialisten f\u00fcr hochwertige Bauelemente. Zu unserem Produktangebot z\u00e4hlen zum Beispiel Rolltore, Terrassend\u00e4cher, Markisen, T\u00fcren, Au\u00dfenjalousien, Fenster, Rolll\u00e4den und Carports. Unsere Fachleute \u00fcbernehmen Montage- und Reparaturarbeiten und zeigen Ihnen Wege auf, wie Sie Ihre Immobilie mit modernen Bauelementen ausr\u00fcsten k\u00f6nnen. Nachfolgend haben wir erste Informationen f\u00fcr Sie zusammengetragen.<\/p>","popseo_schlusstext":"<p>Sie haben eine Frage zu unserem Produkt- und Leistungskatalog? Wenn Sie m\u00f6chten, informieren wir Sie gerne n\u00e4her \u00fcber unser gesamtes Themengebiet. Mit Vergn\u00fcgen zeigen wir Ihnen ein paar Referenzprojekte, die Ihnen einen Einblick in unsere Firment\u00e4tigkeit geben. Rufen Sie uns doch einfach einmal an oder schicken Sie uns eine E-Mail. Unser freundliches Team arbeitet stets fachkundig und l\u00f6sungsorientiert. Telefonisch erreichen Sie uns unter: <\/p>\n<p>04131 \u2013 40 81 45<\/p>","popseo_stadttext":"<h3>Unser Leistungsprogramm f\u00fcr Kunden aus Boizenburg<\/h3>\n<p>Unser Einzugsgebiet umfasst auch Boizenburg. Durch unsere Gesch\u00e4ftst\u00e4tigkeit haben wir uns einen guten \u00dcberblick \u00fcber die Architektur der Gemeinden und St\u00e4dte unseres Vertriebsgebietes machen k\u00f6nnen. Wir f\u00fchlen uns der Region verpflichtet und freuen uns dar\u00fcber, auch unseren Teil zur gesunden Infrastruktur der Gemeinde Boizenburg beisteuern zu d\u00fcrfen.  <\/p>\n<h3>Einige Details zu Boizenburg<\/h3>\n<p>Die Stadt Boizenburg befindet sich im Landkreis Ludwigslust-Parchim im Bundesland Mecklenburg-Vorpommern. In Boizenburg leben knapp 10.000 B\u00fcrger auf einer Fl\u00e4che von 47 Quadratkilometer. Der Name Boizenburg leitet sich ab vom Fluss Boitze. Dieser flie\u00dft unmittelbar durch das Stadtgebiet. Allgemein bekannter d\u00fcrfte jedoch sein, dass Boizenburg an der Elbe liegt. Boizenburg teilt sich auf in insgesamt f\u00fcnf Stadtteile. Dies sind Bahlenburg, Gehrum, Bahlen, Heide und Gothmann. <\/p>\n<p>Boizenburg ist eine recht alte Stadt. Erstmalig erw\u00e4hnt wurde die Region schon anno 1171. W\u00e4hrend der DDR-Zeit war Boizenburg weitgehend abgeschieden. Die einstmalige Deutsch-Deutsche-Grenze lief unmittelbar entlang des Ortsgebietes von Boizenburg. Zu dieser Zeit war Boizenburg Sperrgebiet. Einwohner und G\u00e4ste der Stadt brauchten zu dieser Zeit einen speziellen Durchgangsschein. Eine Minderung der individuellen Freiheit, die heutzutage zum Gl\u00fcck kaum noch vorstellbar ist. <\/p>\n<h3>Reizvolles Boizenburg!<\/h3>\n<p>Nach der Vereinigung der beiden deutschen Staaten bl\u00fchte Boizenburg massiv auf. Der historische Stadtkern wurde grundsaniert. Auch der kleine Elbhafen wurde vollst\u00e4ndig erneuert. Heute ist Boizenburg eine reizvoll gelegene Kleinstadt, die ihren Einwohnern ein sehr gutes Lebensumfeld bietet. Das innerst\u00e4dtische Areal von Boizenburg wird von einer mittelalterlichen Wallanlage dominiert. Zahllose Fachwerkbauten runden das Stadtbild ab. Besonders auff\u00e4llig ist auch das Rathaus Boizenburg - das sch\u00f6ne Fachwerkhaus wurde im Jahre 1711 erbaut. Dar\u00fcber hinaus pr\u00e4gt speziell die Sankt Marien Kirche das Erscheinungsbild der mecklenburgischen Mittelstadt.<\/p>\n<p>Die \u00d6konomie von Boizenburg ist gepr\u00e4gt von mittelst\u00e4ndischen Unternehmen. Reichlich 50 Hektar Gewerbefl\u00e4che steht in Boizenburg bereit. Eine weitere Ausdehnung ist geplant. F\u00fcr junge Familien ist Boizenburg als Lebensmittelpunkt von Interesse. Das Sport- und Kulturangebot \u00fcberzeugt durch seine Vielfalt. Schulische Einrichtungen jeder Art und Kinderhorts sind in gen\u00fcgender Zahl vorhanden.  <\/p>\n<h4>Wir f\u00fcr Sie in Boizenburg!<\/h4>\n<p>Prima, dass Sie diese Seite gefunden haben. Wenn Sie ein Fachunternehmen ben\u00f6tigen, sind Sie bei uns genau richtig. Sie m\u00f6chten mehr \u00fcber uns wissen? F\u00fcr R\u00fcckfragen stehen wir Ihnen jederzeit zur Verf\u00fcgung. Auf Ihre Anfragen freuen wir uns.<\/p>","popseo_zusatztext":"<h3>Kaduk Bauelemente ist Ihr Fachbetrieb f\u00fcr Sonnen- und Sichtschutz<\/h3>\n<p>Vertrauen Sie bei Sicherheit und Sonnenschutz unbedingt auf die fachspezifische Leistung vom Fachbetrieb. Nur ein Fachbetrieb kennt die Priorit\u00e4ten, wie man zu einem sachgerechten Ergebnis kommt. Um sich mit Fug und Recht Fachbetrieb nennen zu d\u00fcrfen, bedarf es einer qualifizierten Ausbildung der Mitarbeiter und einer jahrelangen Fachkenntnis.  <\/p>\n<p>Unser Fachbetrieb empfiehlt sich als Ihr kompetenter Fachbetrieb f\u00fcr Sonnenschutz und Sicherheit. Setzen Sie auf Qualit\u00e4t und schenken Sie unserem Fachbetrieb Ihr Vertrauen. Wir bieten Ihnen unter anderem schicke Markisen und Rolll\u00e4den und legen massiv Wert auf einen indivduellen Service. Schon seit vielen Jahren sind wir spezialisierter Fachbetrieb f\u00fcr Rolll\u00e4den, Markisen, Terrassend\u00e4cher und Au\u00dfenjalousien im Raum L\u00fcneburg. Es ist uns wichtig, dass Sie lange Jahre viel Freude an Ihrem Sicht und Sonnenschutz haben. Von einem Fachbetrieb d\u00fcrfen Sie zu Recht eine absolute Top-Leistung erwarten.<\/p>\n<h3>Dirk Kaduk Bauelemente \u2013 Ihr Fachbetrieb f\u00fcr Sicherheit und Sonnenschutz<\/h3>\n<p>Als Fachbetrieb darf sich ein Unternehmen bezeichnen, deren Angestellte \u00fcber nachweisbare Qualifikationen verf\u00fcgen. Dies ist beispielsweise eine entsprechende Berufsausbildung oder ein Meisterbrief. Auch zeichnet eine langj\u00e4hrige praktische Erfahrung einen Fachbetrieb aus. Bereits seit vielen Jahren konzentrieren wir uns als spezialisiertes Unternehmen auf Sonnenschutz und Sicherheit von H\u00e4usern. In diesen langen Jahren haben wir uns das Attribut Fachbetrieb ganz sicher erarbeitet. Wir verarbeiten nur hervorragende Materialien. Dabei achten wir stets auf ein sehr gutes Preis-Leistungsverh\u00e4ltnis. Unsere \u00dcberzeugung als Fachbetrieb: Wir bieten Ihnen hervorragende Qualit\u00e4t zu einem 1a- Preis.<\/p>","popseo_links":"<a href=\"https:\/\/www.kaduk-bauelemente.de\/leistungen\/terrassendaecher-aus-aluminium-schwarzenbek\/\">Terrassend\u00e4cher aus Aluminium Schwarzenbek<\/a>, <a href=\"https:\/\/www.kaduk-bauelemente.de\/leistungen\/markisen-schwarzenbek\/\">Markisen Schwarzenbek<\/a>, <a href=\"https:\/\/www.kaduk-bauelemente.de\/leistungen\/zaunbau-lueneburg\/\">Zaunbau L\u00fcneburg<\/a>, <a href=\"https:\/\/www.kaduk-bauelemente.de\/leistungen\/markisen-harburg\/\">Markisen Harburg<\/a>, <a href=\"https:\/\/www.kaduk-bauelemente.de\/leistungen\/markisen-buechen\/\">Markisen B\u00fcchen<\/a>, <a href=\"https:\/\/www.kaduk-bauelemente.de\/leistungen\/haustueren-bardowick\/\">Haust\u00fcren Bardowick<\/a>, <a href=\"https:\/\/www.kaduk-bauelemente.de\/leistungen\/markisen-bienenbuettel\/\">Markisen Bienenb\u00fcttel<\/a>, <a href=\"https:\/\/www.kaduk-bauelemente.de\/leistungen\/aussenjalousien-winsen-luhe\/\">Au\u00dfenjalousien Winsen Luhe<\/a>, <a href=\"https:\/\/www.kaduk-bauelemente.de\/leistungen\/rolltore-harburg\/\">Rolltore Harburg<\/a>, <a href=\"https:\/\/www.kaduk-bauelemente.de\/leistungen\/carports-bergedorf-wentorf\/\">Carports Bergedorf Wentorf<\/a>, <a href=\"https:\/\/www.kaduk-bauelemente.de\/leistungen\/insektenschutz-herzogtum-lauenburg\/\">Insektenschutz Herzogtum Lauenburg<\/a>, <a href=\"https:\/\/www.kaduk-bauelemente.de\/leistungen\/terrassenueberdachungen-aus-aluminium-ebstorf\/\">Terrassen\u00fcberdachungen aus Aluminium Ebstorf<\/a>, <a href=\"https:\/\/www.kaduk-bauelemente.de\/leistungen\/fliegengitter-bardowick\/\">Fliegengitter Bardowick<\/a>, <a href=\"https:\/\/www.kaduk-bauelemente.de\/leistungen\/rolllaeden-schwarzenbek\/\">Rolll\u00e4den Schwarzenbek<\/a>, <a href=\"https:\/\/www.kaduk-bauelemente.de\/leistungen\/tueren-bergedorf-wentorf\/\">T\u00fcren Bergedorf Wentorf<\/a>, <a href=\"https:\/\/www.kaduk-bauelemente.de\/leistungen\/rolltore-boizenburg\/\">Rolltore Boizenburg<\/a>, <a href=\"https:\/\/www.kaduk-bauelemente.de\/leistungen\/zaunbau-maschen\/\">Zaunbau Maschen<\/a>, <a href=\"https:\/\/www.kaduk-bauelemente.de\/leistungen\/kunststofffenster-buechen\/\">Kunststofffenster B\u00fcchen<\/a>, <a href=\"https:\/\/www.kaduk-bauelemente.de\/leistungen\/markisen-boizenburg\/\">Markisen Boizenburg<\/a>, <a href=\"https:\/\/www.kaduk-bauelemente.de\/leistungen\/tueren-geesthacht\/\">T\u00fcren Geesthacht<\/a>, <a href=\"https:\/\/www.kaduk-bauelemente.de\/leistungen\/rolllaeden-stelle\/\">Rolll\u00e4den Stelle<\/a>, <a href=\"https:\/\/www.kaduk-bauelemente.de\/leistungen\/rolllaeden-jesteburg\/\">Rolll\u00e4den Jesteburg<\/a>, <a href=\"https:\/\/www.kaduk-bauelemente.de\/leistungen\/insektenschutz-stelle\/\">Insektenschutz Stelle<\/a>, <a href=\"https:\/\/www.kaduk-bauelemente.de\/leistungen\/zaunbau-adendorf\/\">Zaunbau Adendorf<\/a>, <a href=\"https:\/\/www.kaduk-bauelemente.de\/leistungen\/sektionaltore-ebstorf\/\">Sektionaltore Ebstorf<\/a>, <a href=\"https:\/\/www.kaduk-bauelemente.de\/leistungen\/holzfenster-tostedt-sittensen\/\">Holzfenster Tostedt Sittensen<\/a>"},"_links":{"self":[{"href":"https:\/\/www.kaduk-bauelemente.de\/leistungen\/wp-json\/wp\/v2\/pages\/4474","targetHints":{"allow":["GET"]}}],"collection":[{"href":"https:\/\/www.kaduk-bauelemente.de\/leistungen\/wp-json\/wp\/v2\/pages"}],"about":[{"href":"https:\/\/www.kaduk-bauelemente.de\/leistungen\/wp-json\/wp\/v2\/types\/page"}],"author":[{"embeddable":true,"href":"https:\/\/www.kaduk-bauelemente.de\/leistungen\/wp-json\/wp\/v2\/users\/1"}],"replies":[{"embeddable":true,"href":"https:\/\/www.kaduk-bauelemente.de\/leistungen\/wp-json\/wp\/v2\/comments?post=4474"}],"version-history":[{"count":0,"href":"https:\/\/www.kaduk-bauelemente.de\/leistungen\/wp-json\/wp\/v2\/pages\/4474\/revisions"}],"wp:attachment":[{"href":"https:\/\/www.kaduk-bauelemente.de\/leistungen\/wp-json\/wp\/v2\/media?parent=4474"}],"curies":[{"name":"wp","href":"https:\/\/api.w.org\/{rel}","templated":true}]}}