{"id":4471,"date":"2021-08-25T12:19:13","date_gmt":"2021-08-25T10:19:13","guid":{"rendered":"https:\/\/www.kaduk-bauelemente.de\/leistungen\/rollladen-bergedorf-wentorf\/"},"modified":"2021-08-25T12:19:13","modified_gmt":"2021-08-25T10:19:13","slug":"rollladen-bergedorf-wentorf","status":"publish","type":"page","link":"https:\/\/www.kaduk-bauelemente.de\/leistungen\/rollladen-bergedorf-wentorf\/","title":{"rendered":"Rollladen &#8211; Bergedorf Wentorf"},"content":{"rendered":"<h3>Der passende Rollladen erh\u00f6ht den Wohnwert<\/h3>\n<p>Ein Rollladen wird von au\u00dfen an ein Fenster beziehungsweise an die T\u00fcr angebracht. Er findet Verwendung als zus\u00e4tzliche Befestigung. Meistens wird der Rollladen als Sichtschutz und als Einbruchssicherung genutzt. Bisweilen dient ein Rollladen allerdings auch als zus\u00e4tzliche W\u00e4rmed\u00e4mmung. Insbesondere in den Sommermonaten sch\u00fctzt der Rollladen die Innenr\u00e4ume eines Geb\u00e4udes vor enormer Hitze. Auch unterst\u00fctzt ein Rollladen dabei, wertvolle Energie zu sparen. Ein Rollladen erinnert in Aufbau sowie Eigenart an ein Rolltor. Die einzelnen Einzelelemente sind beweglich und k\u00f6nnen entweder mechanisch oder elektrisch hoch- und runtergefahren werden. Korrekt angebracht, bietet ein Rollladen einen perfekten und einbruchshemmenden Verschluss f\u00fcr ein Fenster beziehungsweise eine T\u00fcr. <\/p>\n<p>Der Rollladen ist in verschiedenen Ausf\u00fchrungen erh\u00e4ltlich. Die meisten Kunden entscheiden sich f\u00fcr einen Rollladen aus geh\u00e4rtetem Kunststoff oder auch aus Aluminium. Selten werden Holz oder Stahl als Materialien genutzt. Wir raten unseren Interessenten oft zu einem Rollladen aus Aluminium. <\/p>\n<h3>Wir informieren Sie \u00fcber Rollladen!<\/h3>\n<p>F\u00fcr den Fall das Ihr alter Rollladen nicht mehr funktionsf\u00e4hig ist, so steht Ihnen unser Expertenteam auch f\u00fcr Wartungsarbeiten und Reparaturen zur Verf\u00fcgung. Nicht immer ist eine vollumf\u00e4ngliche Neulieferung erforderlich. Auch wenn die vorherige Ausf\u00fchrung nicht durch uns ausgef\u00fchrt wurde: Scheuen Sie sich nicht und rufen Sie uns an. Wir reparieren Ihren Rollladen sehr gerne.<\/p>\n","protected":false},"excerpt":{"rendered":"<p>Der passende Rollladen erh\u00f6ht den Wohnwert Ein Rollladen wird von au\u00dfen an ein Fenster beziehungsweise an die T\u00fcr angebracht. Er findet Verwendung als zus\u00e4tzliche Befestigung. Meistens wird der Rollladen als Sichtschutz und als Einbruchssicherung genutzt. Bisweilen dient ein Rollladen allerdings auch als zus\u00e4tzliche W\u00e4rmed\u00e4mmung. Insbesondere in den Sommermonaten sch\u00fctzt der Rollladen die Innenr\u00e4ume eines Geb\u00e4udes [&hellip;]<\/p>\n","protected":false},"author":1,"featured_media":0,"parent":0,"menu_order":0,"comment_status":"closed","ping_status":"closed","template":"","meta":{"footnotes":""},"class_list":["post-4471","page","type-page","status-publish","hentry"],"meta_box":{"popseo_subtitel":"Kaduk Bauelemente ist Ihr erfahrener Experte f\u00fcr Rollladen im Raum Bergedorf Wentorf","popseo_subtitel2":"Rollladen - setzen Sie auf hochwertige L\u00f6sungen","popseo_lasttitel":"Rollladen: Wir informieren Sie gerne auch pers\u00f6nlich!","popseo_region":"Bergedorf Wentorf","popseo_sachwort":"Rollladen","popseo_noupdate":"","popseo_einleitungstext":"<p>Wenn es um Sicherheit und Sonnenschutz geht, sind Sie bei der Firma Dirk Kaduk Bauelemte exakt an der richtigen Adresse. Seit Unternehmensgr\u00fcndung sind wir Ihr lokaler Fachbetrieb f\u00fcr qualitativ hochwertige Bauelemente. Zu unserem Produktsortiment geh\u00f6ren zum Beispiel Markisen, Terrassend\u00e4cher, Rolltore, Fenster, Au\u00dfenjalousien, T\u00fcren, Carports und Rolll\u00e4den. Unsere Fachleute erledigen Montage- und Reparaturarbeiten und zeigen Ihnen, wie Sie Ihre Immobilie mit zeitgem\u00e4\u00dfen Bauelementen ausstatten k\u00f6nnen. Auf diesen Seiten haben wir erste Informationen f\u00fcr Sie zusammengestellt.<\/p>","popseo_schlusstext":"<p>Auf Wunsch informieren wir Sie n\u00e4her \u00fcber unsere Produkte und unser Aufgabenfeld. Wir pr\u00e4sentieren Ihnen mit Vergn\u00fcgen auch einige Referenzprojekte, die Ihnen einen Einblick in unsere Firment\u00e4tigkeit geben.<br \/>\nVertrauen Sie auf das Urteil eines erfahrenen Fachbetriebes. Rufen Sie uns doch rasch einmal an oder schicken Sie uns eine schnelle E-Mail. Wir freuen uns auf Ihre Kontaktaufnahme.<\/p>","popseo_stadttext":"<h3>Unsere Produkte und Dienstleistungen auch f\u00fcr Kunden aus Bergedorf und Wentorf<\/h3>\n<p>Durch unsere Gesch\u00e4ftst\u00e4tigkeit haben wir uns einen ausgezeichneten \u00dcberblick \u00fcber die Architektur der Gemeinden und St\u00e4dte unseres Einzugsbereiches machen k\u00f6nnen. Selbstverst\u00e4ndlich z\u00e4hlen auch Bergedorf und Wentorf zu unserem unmittelbaren Gesch\u00e4ftsgebiet. Wir freuen uns darauf, mit Ihnen ins Gespr\u00e4ch zu treten. <\/p>\n<h3>Einige interessante Informationen \u00fcber Bergedorf und Wentorf:<h3>\n<p>Ehemals eigenst\u00e4ndig z\u00e4hlt Bergedorf jetzt zur Freien und Hansestadt Hamburg. Der Stadtteil liegt am s\u00fcd\u00f6stlichen Stadtrand und grenzt an die schleswig-holsteinischen Ortschaften Reinbek und Wentorf. In Bergedorf leben ungef\u00e4hr 42.000 Einwohner auf einer Fl\u00e4che von 11 Quadratkilometern. Auch wenn Bergedorf schon seit dem 01. 01. 1938 keine Autonomie mehr besitzt, hat sich der Stadtteil doch eine gewisse Individualit\u00e4t bewahrt. Beinahe k\u00f6nnte man sagen, Bergedorf w\u00e4re eine Art Stadt in der Stadt. Zum Verwaltungsbezirk Bergedorf z\u00e4hlen addiert 14 Ortsteile. Die gr\u00f6\u00dften Ortsteile sind: Billwerder, Moorfleet, Allerm\u00f6he, Lohbr\u00fcgge, Altengamme, Curslack, Neuallerm\u00f6he, Kirchwerder, Ochsenwerder und Neuengamme. Oft hinzu gerechnet wird auch Wentorf. Dies ist jedoch nicht v\u00f6llig korrekt, da Wentorf zum schleswig-holsteinischen Kreis Herzogtum Lauenburg z\u00e4hlt.  <\/p>\n<p>In Bergedorf zu wohnen hei\u00dft, die Vorz\u00fcge der Metropole zu genie\u00dfen ohne im gleichen Atemzug auf kleinst\u00e4dtischen Charme zu verzichten. Die Wohnquartiere von Bergedorf sind gepr\u00e4gt von Einzel- oder Mehrfamilienhausbebauung. Gr\u00f6\u00dfere Wohneinheiten entdeckt man in Bergedorf insbesondere in der N\u00e4he des Stadtzentrums. Die Infrastruktur stimmt: Im innerst\u00e4dtischen Bereich von Bergedorf finden sich wunderbare Einkaufsm\u00f6glichkeiten. <\/p>\n<h3>Attraktiv und stadtnah: Bergedorf und Wentorf!<\/h3>\n<p>Ob in den Passagen oder in der Fu\u00dfg\u00e4ngerzone: In Bergedorf l\u00e4sst es sich wirklich entspannt bummeln. Und wer sp\u00e4ter Lust auf ein wenig Entspannung hat, macht Pause in einem der zahllosen lauschigen Restaurants und Caf\u00e9s. Bergedorf ist an den Hamburger Verkehrsverbund angeschlossen. Mit der S-Bahnlinie S2 erreicht man den Hauptbahnhof in ungef\u00e4hr 25 Minuten. Auch mit dem Wagen kommt man sehr gut nach Bergedorf: \u00dcber die B 207 und 5 kommt man auf direktem Wege in den Stadtteil. Die Menschen aus Bergedorf genie\u00dft besonders den prima Mix ihres Stadtteils. Eine gesunde Wirtschaft, die nahegelegenen Naturgebiete sowie die \u00fcberzeugenden Freizeit- und Kulturangebote machen Bergedorf zu einem Quartier mit extrem  hoher Lebensqualit\u00e4t.<\/p>\n<p>Auch Wentorf grenzt direkt an Bergedorf, die \u00dcberg\u00e4nge sind nahezu flie\u00dfend. Als attraktives Wohngebiet ist Wentorf insbesondere bei Pendlern beliebt. Eine hervorragende Infrastruktur, die N\u00e4he zur Gro\u00dfstadt sowie eine sehr gute Verkehrsanbindung sprechen f\u00fcr Wentorf. <\/p>\n<h4>Unsere Leistung f\u00fcr qualit\u00e4tsbewusste Kunden aus Bergedorf und Wentorf<\/h4>\n<p>Wir finden es klasse, dass Sie unsere Internetseite entdeckt haben. Ob Bergedorf oder Wentorf: Unsere Erfahrung und die Qualit\u00e4t von Material und Ausf\u00fchrung garantiert Ihnen ein sehr gutes Preis-Leistungsverh\u00e4ltnis. Sie m\u00f6chten mehr \u00fcber uns wissen? F\u00fcr R\u00fcckfragen stehen wir Ihnen jederzeit zur Verf\u00fcgung. Auf den Kontakt zu Ihnen freuen wir uns.<\/p>","popseo_zusatztext":"<h3>Sonnenschutz vom Fachbetrieb<\/h3>\n<p>Setzen Sie bei Sonnenschutz und Sicherheit auf alle F\u00e4lle auf die fachliche Leistung vom Fachbetrieb. Nur ein Fachbetrieb wei\u00df von den M\u00f6glichkeiten, wie man zu einem sehr guten Ergebnis kommt. Um sich mit Fug und Recht Fachbetrieb nennen zu k\u00f6nnen, braucht es eine qualifizierte Ausbildung der Mitarbeiter und eine langj\u00e4hrige Erfahrung.  <\/p>\n<p>Unser Unternehmen empfiehlt sich als Ihr fachkundiger Fachbetrieb f\u00fcr Sicherheit und Sonnenschutz. Kommen Sie zum Ziel und schenken Sie unserem Fachbetrieb Ihr Vertrauen. Wir bieten Ihnen u.a. hochwertige Rolll\u00e4den und Markisen und legen h\u00f6chsten Wert auf einen sehr guten Service. Schon seit vielen Jahren sind wir erfahrener Fachbetrieb f\u00fcr Au\u00dfenjalousien, Rolll\u00e4den, Markisen und Terrassend\u00e4cher im Raum L\u00fcneburg. Es ist unser Bestreben, dass Sie \u00fcber lange Zeit viel Freude an Ihrem Sicht und Sonnenschutz haben. Von einem Fachbetrieb d\u00fcrfen Sie ohne Frage eine fehlerfreie Top-Leistung erwarten.<\/p>\n<h3>Dirk Kaduk Bauelemente \u2013 Ihr Fachbetrieb f\u00fcr Sicherheit und Sonnenschutz<\/h3>\n<p>Als Fachbetrieb darf sich eine Firma bezeichnen, deren Mitarbeiter \u00fcber dokumentierte Qualifikationen verf\u00fcgen. Dies ist beispielsweise eine entsprechende Ausbildung oder ein Meisterbrief. Auch zeichnet eine intensive praktische Erfahrung einen Fachbetrieb aus. Bereits seit vielen Jahren konzentrieren wir uns als spezialisiertes Unternehmen auf Sicherheit und Sonnenschutz von Immobilien. In diesen vielen Jahren haben wir uns das Attribut Fachbetrieb ganz sicher verdient. Wir verarbeiten uneingeschr\u00e4nkt qualitativ beste Produkte. Hierbei achten wir immer auf ein angemessenes Preis-Leistungsverh\u00e4ltnis. Unser Versprechen als Fachbetrieb: Wir bieten Ihnen beste Qualit\u00e4t zu einem konkurrenzlosem Preis.<\/p>","popseo_links":"<a href=\"https:\/\/www.kaduk-bauelemente.de\/leistungen\/aussenjalousien-ebstorf\/\">Au\u00dfenjalousien Ebstorf<\/a>, <a href=\"https:\/\/www.kaduk-bauelemente.de\/leistungen\/zaunbau-amelinghausen\/\">Zaunbau Amelinghausen<\/a>, <a href=\"https:\/\/www.kaduk-bauelemente.de\/leistungen\/fliegengitter-adendorf\/\">Fliegengitter Adendorf<\/a>, <a href=\"https:\/\/www.kaduk-bauelemente.de\/leistungen\/zaeune-reinbek-glinde\/\">Z\u00e4une Reinbek Glinde<\/a>, <a href=\"https:\/\/www.kaduk-bauelemente.de\/leistungen\/rolllaeden-amelinghausen\/\">Rolll\u00e4den Amelinghausen<\/a>, <a href=\"https:\/\/www.kaduk-bauelemente.de\/leistungen\/garagen-buechen\/\">Garagen B\u00fcchen<\/a>, <a href=\"https:\/\/www.kaduk-bauelemente.de\/leistungen\/sektionaltore-bad-bevensen\/\">Sektionaltore Bad Bevensen<\/a>, <a href=\"https:\/\/www.kaduk-bauelemente.de\/leistungen\/tueren-boizenburg\/\">T\u00fcren Boizenburg<\/a>, <a href=\"https:\/\/www.kaduk-bauelemente.de\/leistungen\/haustueren-buechen\/\">Haust\u00fcren B\u00fcchen<\/a>, <a href=\"https:\/\/www.kaduk-bauelemente.de\/leistungen\/rolllaeden-jesteburg\/\">Rolll\u00e4den Jesteburg<\/a>, <a href=\"https:\/\/www.kaduk-bauelemente.de\/leistungen\/aussenjalousien-stelle\/\">Au\u00dfenjalousien Stelle<\/a>, <a href=\"https:\/\/www.kaduk-bauelemente.de\/leistungen\/terrassendaecher-aus-aluminium-herzogtum-lauenburg\/\">Terrassend\u00e4cher aus Aluminium Herzogtum Lauenburg<\/a>, <a href=\"https:\/\/www.kaduk-bauelemente.de\/leistungen\/haustueren-bispingen\/\">Haust\u00fcren Bispingen<\/a>, <a href=\"https:\/\/www.kaduk-bauelemente.de\/leistungen\/fliegengitter-tostedt-sittensen\/\">Fliegengitter Tostedt Sittensen<\/a>, <a href=\"https:\/\/www.kaduk-bauelemente.de\/leistungen\/terrassenueberdachungen-aus-aluminium-bad-bevensen\/\">Terrassen\u00fcberdachungen aus Aluminium Bad Bevensen<\/a>, <a href=\"https:\/\/www.kaduk-bauelemente.de\/leistungen\/fenster-salzhausen\/\">Fenster Salzhausen<\/a>, <a href=\"https:\/\/www.kaduk-bauelemente.de\/leistungen\/terrassenueberdachungen-aus-aluminium-ebstorf\/\">Terrassen\u00fcberdachungen aus Aluminium Ebstorf<\/a>, <a href=\"https:\/\/www.kaduk-bauelemente.de\/leistungen\/carports-bispingen\/\">Carports Bispingen<\/a>, <a href=\"https:\/\/www.kaduk-bauelemente.de\/leistungen\/fenster-boizenburg\/\">Fenster Boizenburg<\/a>, <a href=\"https:\/\/www.kaduk-bauelemente.de\/leistungen\/terrassendaecher-aus-holz-uelzen\/\">Terrassend\u00e4cher aus Holz Uelzen<\/a>, <a href=\"https:\/\/www.kaduk-bauelemente.de\/leistungen\/raffstores-uelzen\/\">Raffstores Uelzen<\/a>, <a href=\"https:\/\/www.kaduk-bauelemente.de\/leistungen\/garagentore-adendorf\/\">Garagentore Adendorf<\/a>, <a href=\"https:\/\/www.kaduk-bauelemente.de\/leistungen\/terrassenueberdachungen-aus-aluminium-maschen\/\">Terrassen\u00fcberdachungen aus Aluminium Maschen<\/a>, <a href=\"https:\/\/www.kaduk-bauelemente.de\/leistungen\/haustueren-buchholz\/\">Haust\u00fcren Buchholz<\/a>, <a href=\"https:\/\/www.kaduk-bauelemente.de\/leistungen\/garagentore-amelinghausen\/\">Garagentore Amelinghausen<\/a>, <a href=\"https:\/\/www.kaduk-bauelemente.de\/leistungen\/sektionaltore-reppenstedt\/\">Sektionaltore Reppenstedt<\/a>"},"_links":{"self":[{"href":"https:\/\/www.kaduk-bauelemente.de\/leistungen\/wp-json\/wp\/v2\/pages\/4471","targetHints":{"allow":["GET"]}}],"collection":[{"href":"https:\/\/www.kaduk-bauelemente.de\/leistungen\/wp-json\/wp\/v2\/pages"}],"about":[{"href":"https:\/\/www.kaduk-bauelemente.de\/leistungen\/wp-json\/wp\/v2\/types\/page"}],"author":[{"embeddable":true,"href":"https:\/\/www.kaduk-bauelemente.de\/leistungen\/wp-json\/wp\/v2\/users\/1"}],"replies":[{"embeddable":true,"href":"https:\/\/www.kaduk-bauelemente.de\/leistungen\/wp-json\/wp\/v2\/comments?post=4471"}],"version-history":[{"count":0,"href":"https:\/\/www.kaduk-bauelemente.de\/leistungen\/wp-json\/wp\/v2\/pages\/4471\/revisions"}],"wp:attachment":[{"href":"https:\/\/www.kaduk-bauelemente.de\/leistungen\/wp-json\/wp\/v2\/media?parent=4471"}],"curies":[{"name":"wp","href":"https:\/\/api.w.org\/{rel}","templated":true}]}}